{"id":10720,"date":"2020-03-24T19:14:22","date_gmt":"2020-03-24T23:14:22","guid":{"rendered":"https:\/\/www.perce-verre.com\/privacy-policy\/"},"modified":"2024-03-15T16:24:42","modified_gmt":"2024-03-15T20:24:42","slug":"privacy-policy","status":"publish","type":"page","link":"https:\/\/www.perce-verre.com\/en\/privacy-policy\/","title":{"rendered":"Privacy policy"},"content":{"rendered":"<div class=\"fusion-fullwidth fullwidth-box fusion-builder-row-1 nonhundred-percent-fullwidth non-hundred-percent-height-scrolling\" style=\"--awb-border-radius-top-left:0px;--awb-border-radius-top-right:0px;--awb-border-radius-bottom-right:0px;--awb-border-radius-bottom-left:0px;--awb-flex-wrap:wrap;\" ><div class=\"fusion-builder-row fusion-row\"><div class=\"fusion-layout-column fusion_builder_column fusion-builder-column-0 fusion_builder_column_1_1 1_1 fusion-one-full fusion-column-first fusion-column-last\" style=\"--awb-bg-size:cover;--awb-margin-top:0px;--awb-margin-bottom:0px;\"><div class=\"fusion-column-wrapper fusion-flex-column-wrapper-legacy\"><div class=\"fusion-text fusion-text-1\"><h1>Privacy policy<\/h1>\n<h2>Introduction<\/h2>\n<p>With the development of new communication tools, we need to pay particular attention to the protection of privacy. This is why we are committed to respecting the confidentiality of the personal information we collect.<\/p>\n<h2>Collection of personal information<\/h2>\n<p>We collect the following information:<\/p>\n<ul>\n<li>Name<\/li>\n<li>First name<\/li>\n<li>Postal address<\/li>\n<li>Postal code<\/li>\n<li>E-mail address<\/li>\n<li>Telephone\/fax number<\/li>\n<li>Credit card number<\/li>\n<li>Gender<\/li>\n<\/ul>\n<p>The personal information we collect is gathered through forms and through the interactivity established between you and our website. As indicated in the following section, we also use cookies or log files to gather information about you.<\/p>\n<h2>Forms and interactivity<\/h2>\n<p>Your personal information is collected via the order and contact forms. We use the information collected to track your order and contact you if necessary.<\/p>\n<h2>Contact<\/h2>\n<p>We use the information collected through the contact form for the following purposes:<\/p>\n<ul>\n<li>Correspondence<\/li>\n<li>Log files and cookies<\/li>\n<\/ul>\n<p>We collect certain information through log files and cookies. This mainly concerns the following information:<\/p>\n<ul>\n<li>Visited pages and queries<\/li>\n<li>Time and day of connection<\/li>\n<\/ul>\n<p>Such files enable us to track your order.<\/p>\n<h2>Right of opposition, withdrawal and access<\/h2>\n<p>We are committed to offering you the right to object to and withdraw your personal information.<\/p>\n<p>The right of opposition is understood to be the possibility offered to Internet users to refuse that their personal information be used for certain purposes mentioned at the time of collection.<\/p>\n<p>The right of withdrawal is understood to be the possibility offered to Internet users to request that their personal information no longer appear, for example, on a mailing list.<\/p>\n<p>We are also committed to recognizing the right of access and rectification of data concerning individuals who wish to consult, modify or delete their personal information.<\/p>\n<p>To exercise these rights, please contact us :<\/p>\n<p><strong>Address<\/strong><br \/>\n1041, rue Suzor-C\u00f4t\u00e9, Saint-J\u00e9r\u00f4me (Qu\u00e9bec) J5L 2R4<\/p>\n<p><strong>E-mail<\/strong><br \/>\n<a href=\"mailto:info@perce-verre.com\">info@perce-verre.com<\/a><\/p>\n<p><strong>Phone<\/strong><br \/>\n<a href=\"tel:5149941847\">514 994-1847<\/a><\/p>\n<p><a href=\"https:\/\/www.perce-verre.com\/en\/contact-us\/\">Contact us<\/a> page<\/p>\n<h2>Security<\/h2>\n<p>The personal information we collect is kept in a secure environment. The people working for us are required to respect the confidentiality of your information.<\/p>\n<p>To ensure the security of your personal information, we use the following measures:<\/p>\n<ul>\n<li>Access management &#8211; authorized person<\/li>\n<li>Username\/password<\/li>\n<\/ul>\n<p>We are committed to maintaining a high level of security by integrating the latest technological innovations to ensure the confidentiality of your transactions. However, since no mechanism offers foolproof security, there is always a degree of risk involved in using the Internet to transmit personal information.<\/p>\n<\/div><div class=\"fusion-clearfix\"><\/div><\/div><\/div><\/div><\/div>\n","protected":false},"excerpt":{"rendered":"","protected":false},"author":1,"featured_media":0,"parent":0,"menu_order":0,"comment_status":"closed","ping_status":"open","template":"","meta":{"footnotes":""},"class_list":["post-10720","page","type-page","status-publish","hentry"],"yoast_head":"<!-- This site is optimized with the Yoast SEO plugin v27.4 - https:\/\/yoast.com\/product\/yoast-seo-wordpress\/ -->\n<title>Privacy policy - Perc\u00e9-Verre<\/title>\n<meta name=\"robots\" content=\"index, follow, max-snippet:-1, max-image-preview:large, max-video-preview:-1\" \/>\n<link rel=\"canonical\" href=\"https:\/\/www.perce-verre.com\/en\/privacy-policy\/\" \/>\n<meta property=\"og:locale\" content=\"en_US\" \/>\n<meta property=\"og:type\" content=\"article\" \/>\n<meta property=\"og:title\" content=\"Privacy policy - Perc\u00e9-Verre\" \/>\n<meta property=\"og:url\" content=\"https:\/\/www.perce-verre.com\/en\/privacy-policy\/\" \/>\n<meta property=\"og:site_name\" content=\"Perc\u00e9-Verre\" \/>\n<meta property=\"article:modified_time\" content=\"2024-03-15T20:24:42+00:00\" \/>\n<meta property=\"og:image\" content=\"https:\/\/www.perce-verre.com\/wp-content\/uploads\/2023\/11\/www.perce-verre.com-perce-verre-og-image.png\" \/>\n\t<meta property=\"og:image:width\" content=\"1200\" \/>\n\t<meta property=\"og:image:height\" content=\"630\" \/>\n\t<meta property=\"og:image:type\" content=\"image\/png\" \/>\n<meta name=\"twitter:card\" content=\"summary_large_image\" \/>\n<meta name=\"twitter:label1\" content=\"Est. reading time\" \/>\n\t<meta name=\"twitter:data1\" content=\"3 minutes\" \/>\n<script type=\"application\/ld+json\" class=\"yoast-schema-graph\">{\"@context\":\"https:\\\/\\\/schema.org\",\"@graph\":[{\"@type\":\"WebPage\",\"@id\":\"https:\\\/\\\/www.perce-verre.com\\\/en\\\/privacy-policy\\\/\",\"url\":\"https:\\\/\\\/www.perce-verre.com\\\/en\\\/privacy-policy\\\/\",\"name\":\"Privacy policy - Perc\u00e9-Verre\",\"isPartOf\":{\"@id\":\"https:\\\/\\\/www.perce-verre.com\\\/en\\\/#website\"},\"datePublished\":\"2020-03-24T23:14:22+00:00\",\"dateModified\":\"2024-03-15T20:24:42+00:00\",\"breadcrumb\":{\"@id\":\"https:\\\/\\\/www.perce-verre.com\\\/en\\\/privacy-policy\\\/#breadcrumb\"},\"inLanguage\":\"en-US\",\"potentialAction\":[{\"@type\":\"ReadAction\",\"target\":[\"https:\\\/\\\/www.perce-verre.com\\\/en\\\/privacy-policy\\\/\"]}]},{\"@type\":\"BreadcrumbList\",\"@id\":\"https:\\\/\\\/www.perce-verre.com\\\/en\\\/privacy-policy\\\/#breadcrumb\",\"itemListElement\":[{\"@type\":\"ListItem\",\"position\":1,\"name\":\"Accueil\",\"item\":\"https:\\\/\\\/www.perce-verre.com\\\/en\\\/\"},{\"@type\":\"ListItem\",\"position\":2,\"name\":\"Privacy policy\"}]},{\"@type\":\"WebSite\",\"@id\":\"https:\\\/\\\/www.perce-verre.com\\\/en\\\/#website\",\"url\":\"https:\\\/\\\/www.perce-verre.com\\\/en\\\/\",\"name\":\"Perc\u00e9-Verre\",\"description\":\"Cadeaux uniques et des cr\u00e9ations qu\u00e9b\u00e9coises\",\"potentialAction\":[{\"@type\":\"SearchAction\",\"target\":{\"@type\":\"EntryPoint\",\"urlTemplate\":\"https:\\\/\\\/www.perce-verre.com\\\/en\\\/?s={search_term_string}\"},\"query-input\":{\"@type\":\"PropertyValueSpecification\",\"valueRequired\":true,\"valueName\":\"search_term_string\"}}],\"inLanguage\":\"en-US\"}]}<\/script>\n<!-- \/ Yoast SEO plugin. -->","yoast_head_json":{"title":"Privacy policy - Perc\u00e9-Verre","robots":{"index":"index","follow":"follow","max-snippet":"max-snippet:-1","max-image-preview":"max-image-preview:large","max-video-preview":"max-video-preview:-1"},"canonical":"https:\/\/www.perce-verre.com\/en\/privacy-policy\/","og_locale":"en_US","og_type":"article","og_title":"Privacy policy - Perc\u00e9-Verre","og_url":"https:\/\/www.perce-verre.com\/en\/privacy-policy\/","og_site_name":"Perc\u00e9-Verre","article_modified_time":"2024-03-15T20:24:42+00:00","og_image":[{"width":1200,"height":630,"url":"https:\/\/www.perce-verre.com\/wp-content\/uploads\/2023\/11\/www.perce-verre.com-perce-verre-og-image.png","type":"image\/png"}],"twitter_card":"summary_large_image","twitter_misc":{"Est. reading time":"3 minutes"},"schema":{"@context":"https:\/\/schema.org","@graph":[{"@type":"WebPage","@id":"https:\/\/www.perce-verre.com\/en\/privacy-policy\/","url":"https:\/\/www.perce-verre.com\/en\/privacy-policy\/","name":"Privacy policy - Perc\u00e9-Verre","isPartOf":{"@id":"https:\/\/www.perce-verre.com\/en\/#website"},"datePublished":"2020-03-24T23:14:22+00:00","dateModified":"2024-03-15T20:24:42+00:00","breadcrumb":{"@id":"https:\/\/www.perce-verre.com\/en\/privacy-policy\/#breadcrumb"},"inLanguage":"en-US","potentialAction":[{"@type":"ReadAction","target":["https:\/\/www.perce-verre.com\/en\/privacy-policy\/"]}]},{"@type":"BreadcrumbList","@id":"https:\/\/www.perce-verre.com\/en\/privacy-policy\/#breadcrumb","itemListElement":[{"@type":"ListItem","position":1,"name":"Accueil","item":"https:\/\/www.perce-verre.com\/en\/"},{"@type":"ListItem","position":2,"name":"Privacy policy"}]},{"@type":"WebSite","@id":"https:\/\/www.perce-verre.com\/en\/#website","url":"https:\/\/www.perce-verre.com\/en\/","name":"Perc\u00e9-Verre","description":"Cadeaux uniques et des cr\u00e9ations qu\u00e9b\u00e9coises","potentialAction":[{"@type":"SearchAction","target":{"@type":"EntryPoint","urlTemplate":"https:\/\/www.perce-verre.com\/en\/?s={search_term_string}"},"query-input":{"@type":"PropertyValueSpecification","valueRequired":true,"valueName":"search_term_string"}}],"inLanguage":"en-US"}]}},"_links":{"self":[{"href":"https:\/\/www.perce-verre.com\/en\/wp-json\/wp\/v2\/pages\/10720","targetHints":{"allow":["GET"]}}],"collection":[{"href":"https:\/\/www.perce-verre.com\/en\/wp-json\/wp\/v2\/pages"}],"about":[{"href":"https:\/\/www.perce-verre.com\/en\/wp-json\/wp\/v2\/types\/page"}],"author":[{"embeddable":true,"href":"https:\/\/www.perce-verre.com\/en\/wp-json\/wp\/v2\/users\/1"}],"replies":[{"embeddable":true,"href":"https:\/\/www.perce-verre.com\/en\/wp-json\/wp\/v2\/comments?post=10720"}],"version-history":[{"count":0,"href":"https:\/\/www.perce-verre.com\/en\/wp-json\/wp\/v2\/pages\/10720\/revisions"}],"wp:attachment":[{"href":"https:\/\/www.perce-verre.com\/en\/wp-json\/wp\/v2\/media?parent=10720"}],"curies":[{"name":"wp","href":"https:\/\/api.w.org\/{rel}","templated":true}]}}