{"id":10721,"date":"2019-11-08T00:31:40","date_gmt":"2019-11-08T05:31:40","guid":{"rendered":"https:\/\/www.perce-verre.com\/about-us\/"},"modified":"2025-10-14T13:01:19","modified_gmt":"2025-10-14T17:01:19","slug":"about-us","status":"publish","type":"page","link":"https:\/\/www.perce-verre.com\/en\/about-us\/","title":{"rendered":"About us"},"content":{"rendered":"<p><div class=\"fusion-fullwidth fullwidth-box fusion-builder-row-1 nonhundred-percent-fullwidth non-hundred-percent-height-scrolling fusion-equal-height-columns\" style=\"--awb-border-radius-top-left:0px;--awb-border-radius-top-right:0px;--awb-border-radius-bottom-right:0px;--awb-border-radius-bottom-left:0px;--awb-padding-top:8%;--awb-padding-bottom:5%;--awb-background-color:#faf0f5;--awb-flex-wrap:wrap;\" ><div class=\"fusion-builder-row fusion-row\"><div class=\"fusion-layout-column fusion_builder_column fusion-builder-column-0 fusion_builder_column_1_3 1_3 fusion-one-third fusion-column-first fusion-animated\" style=\"--awb-padding-top:10%;--awb-padding-bottom:16%;--awb-bg-size:cover;--awb-margin-top:0px;--awb-margin-bottom:0px;width:33.333333333333%;width:calc(33.333333333333% - ( ( 6% ) * 0.33333333333333 ) );margin-right: 6%;\" data-animationType=\"slideInLeft\" data-animationDuration=\"0.3\" data-animationOffset=\"top-into-view\"><div class=\"fusion-column-wrapper fusion-column-has-shadow fusion-flex-column-wrapper-legacy\"><div class=\"fusion-column-content-centered\"><div class=\"fusion-column-content\"><div class=\"fusion-sep-clear\"><\/div><div class=\"fusion-separator fusion-full-width-sep\" style=\"margin-left: auto;margin-right: auto;margin-top:5px;margin-bottom:5px;width:100%;\"><\/div><div class=\"fusion-sep-clear\"><\/div><div class=\"fusion-text fusion-text-1\"><h2 data-start=\"284\" data-end=\"306\">About Perc\u00e9-Verre<\/h2>\n<p data-start=\"308\" data-end=\"642\"><strong data-start=\"308\" data-end=\"323\">Perc\u00e9-Verre<\/strong> is a Qu\u00e9bec glass art studio founded by <strong data-start=\"364\" data-end=\"384\">St\u00e9phanie B\u00e9land<\/strong>, a Qu\u00e9bec glass artist guided by color, joy, and perseverance.<br data-start=\"447\" data-end=\"450\">Specializing in <strong data-start=\"466\" data-end=\"485\">fused glass art<\/strong>, she creates handcrafted <strong data-start=\"511\" data-end=\"522\">jewelry<\/strong>, <strong data-start=\"524\" data-end=\"537\">tableware<\/strong>, and <strong data-start=\"543\" data-end=\"570\">decorative glass pieces<\/strong> \u2014 each one a small burst of life and light, made with care in Qu\u00e9bec.<\/p>\n<p data-start=\"644\" data-end=\"846\">In her studio, the glass is cold worked, then gently fused \u2014 a meticulous process where matter transforms into emotion.<br data-start=\"763\" data-end=\"766\">As St\u00e9phanie likes to say: <em data-start=\"793\" data-end=\"844\">\u201cWhen there\u2019s passion, patience comes naturally.\u201d<\/em><\/p>\n<p data-start=\"848\" data-end=\"1004\">Every Perc\u00e9-Verre creation is a heartfelt work of art \u2014 crafted by hand, meant to bring a smile, a touch of color, and a spark of beauty to everyday life.<\/p>\n<p data-start=\"1006\" data-end=\"1126\"><em data-start=\"1006\" data-end=\"1080\">I work with glass as one pursues a dream \u2014 with color, passion, and joy.<\/em><br data-start=\"1080\" data-end=\"1083\"><strong data-start=\"1083\" data-end=\"1126\">A burst of heart, signed Perc\u00e9-Verre. \u2728<\/strong><\/p>\n<\/div><div class=\"fusion-sep-clear\"><\/div><div class=\"fusion-separator fusion-full-width-sep\" style=\"margin-left: auto;margin-right: auto;margin-top:8px;margin-bottom:8px;width:100%;\"><\/div><div class=\"fusion-sep-clear\"><\/div><div class=\"fusion-button-wrapper\"><a class=\"fusion-button button-flat fusion-button-default-size button-default fusion-button-default button-1 fusion-button-default-span fusion-button-default-type\" target=\"_self\" href=\"\/?p=341\"><i class=\"fa-heart fas awb-button__icon awb-button__icon--default button-icon-left\" aria-hidden=\"true\"><\/i><span class=\"fusion-button-text awb-button__text awb-button__text--default\">SHOP<\/span><\/a><\/div><\/div><\/div><div class=\"fusion-clearfix\"><\/div><\/div><\/div><div class=\"fusion-layout-column fusion_builder_column fusion-builder-column-1 fusion_builder_column_2_3 2_3 fusion-two-third fusion-column-last fusion-animated\" style=\"--awb-overflow:hidden;--awb-bg-image:url(&#039;https:\/\/www.perce-verre.com\/wp-content\/uploads\/2020\/05\/Kiosque-Plein-Art-2019-scaled.jpg&#039;);--awb-bg-position:center bottom;--awb-bg-size:cover;--awb-box-shadow:10px 40px 72px -6px rgba(42,26,68,0.24);;--awb-border-radius:3px 3px 3px 3px;--awb-filter:saturate(112%) contrast(112%);--awb-filter-transition:filter 0.3s ease;--awb-filter-hover:saturate(112%) contrast(112%);--awb-margin-top:0px;--awb-margin-bottom:80px;width:66.666666666667%;width:calc(66.666666666667% - ( ( 6% ) * 0.66666666666667 ) );\" data-animationType=\"slideInRight\" data-animationDuration=\"0.3\" data-animationOffset=\"top-into-view\"><div class=\"fusion-column-wrapper fusion-column-has-shadow fusion-flex-column-wrapper-legacy fusion-empty-column-bg-image fusion-column-has-bg-image\" data-bg-url=\"https:\/\/www.perce-verre.com\/wp-content\/uploads\/2020\/05\/Kiosque-Plein-Art-2019-scaled.jpg\"><div class=\"fusion-column-content-centered\"><div class=\"fusion-column-content\"><img decoding=\"async\" class=\"fusion-empty-dims-img-placeholder fusion-no-large-visibility\" aria-label=\"Kiosque-Plein-Art-2019\" src=\"data:image\/svg+xml,%3Csvg%20xmlns%3D%27http%3A%2F%2Fwww.w3.org%2F2000%2Fsvg%27%20width%3D%272560%27%20height%3D%271792%27%20viewBox%3D%270%200%202560%201792%27%3E%3Crect%20width%3D%272560%27%20height%3D%271792%27%20fill-opacity%3D%220%22%2F%3E%3C%2Fsvg%3E\"><\/div><\/div><div class=\"fusion-clearfix\"><\/div><\/div><\/div><\/div><\/div><div class=\"fusion-fullwidth fullwidth-box fusion-builder-row-2 hundred-percent-fullwidth non-hundred-percent-height-scrolling fusion-equal-height-columns\" style=\"--awb-border-radius-top-left:0px;--awb-border-radius-top-right:0px;--awb-border-radius-bottom-right:0px;--awb-border-radius-bottom-left:0px;--awb-padding-top:0px;--awb-padding-right:0px;--awb-padding-bottom:0px;--awb-padding-left:0px;--awb-flex-wrap:wrap;\" ><div class=\"fusion-builder-row fusion-row\"><div class=\"fusion-layout-column fusion_builder_column fusion-builder-column-2 fusion_builder_column_1_2 1_2 fusion-one-half fusion-column-first\" style=\"--awb-bg-image:url(&#039;https:\/\/www.perce-verre.com\/wp-content\/uploads\/2020\/03\/a-propos-02.jpg&#039;);--awb-bg-size:cover;--awb-margin-top:0px;--awb-margin-bottom:0px;width:50%;width:calc(50% - ( ( 0 ) * 0.5 ) );margin-right: 0px;\"><div class=\"fusion-column-wrapper fusion-column-has-shadow fusion-flex-column-wrapper-legacy fusion-empty-column-bg-image fusion-column-has-bg-image\" data-bg-url=\"https:\/\/www.perce-verre.com\/wp-content\/uploads\/2020\/03\/a-propos-02.jpg\"><img decoding=\"async\" class=\"fusion-empty-dims-img-placeholder fusion-no-large-visibility\" aria-label=\"a-propos-02\" src=\"data:image\/svg+xml,%3Csvg%20xmlns%3D%27http%3A%2F%2Fwww.w3.org%2F2000%2Fsvg%27%20width%3D%271000%27%20height%3D%271000%27%20viewBox%3D%270%200%201000%201000%27%3E%3Crect%20width%3D%271000%27%20height%3D%271000%27%20fill-opacity%3D%220%22%2F%3E%3C%2Fsvg%3E\"><div class=\"fusion-clearfix\"><\/div><\/div><\/div><div class=\"fusion-layout-column fusion_builder_column fusion-builder-column-3 fusion_builder_column_1_2 1_2 fusion-one-half fusion-column-last fusion-animated\" style=\"--awb-padding-top:10%;--awb-padding-right:6%;--awb-padding-bottom:10%;--awb-padding-left:6%;--awb-bg-size:cover;--awb-margin-top:0px;--awb-margin-bottom:0px;width:50%;width:calc(50% - ( ( 0 ) * 0.5 ) );\" data-animationType=\"slideInRight\" data-animationDuration=\"0.3\" data-animationOffset=\"top-into-view\"><div class=\"fusion-column-wrapper fusion-column-has-shadow fusion-flex-column-wrapper-legacy\"><div class=\"fusion-column-content-centered\"><div class=\"fusion-column-content\"><div class=\"fusion-sep-clear\"><\/div><div class=\"fusion-separator fusion-no-small-visibility fusion-no-medium-visibility fusion-full-width-sep\" style=\"margin-left: auto;margin-right: auto;margin-top:10%;margin-bottom:10%;width:100%;\"><\/div><div class=\"fusion-sep-clear\"><\/div><div class=\"fusion-text fusion-text-2\"><h2>&nbsp;<\/h2>\n<h2 data-start=\"256\" data-end=\"295\">My Story \u2014 A Journey of Resilience<\/h2>\n<p data-start=\"297\" data-end=\"572\">Before working with glass, I spent thirty years making people laugh as a professional clown.<br data-start=\"389\" data-end=\"392\">My world was already filled with colour, light, and the joy of touching people\u2019s hearts. Storytelling, laughter, emotion \u2014 that\u2019s how I brought a little magic into everyday life.<\/p>\n<p data-start=\"574\" data-end=\"921\">Then, in the middle of cancer treatments, life offered me a new language.<br data-start=\"647\" data-end=\"650\">One evening, a friend showed me a bracelet she had made out of fused glass. It was love at first sight. The transparency, the brilliance, the softness of the material\u2026 it all fascinated me. I knew this was how I could keep sharing light and emotion, in a different way.<\/p>\n<p data-start=\"923\" data-end=\"1114\">Between treatments, I set up a small kiln and began exploring glass \u2014 like learning a new stage, a new rhythm. I found creativity again, and joy, and the thrill of seeing colour come alive.<\/p>\n<p data-start=\"1116\" data-end=\"1344\">That\u2019s how <strong data-start=\"1127\" data-end=\"1142\">Perc\u00e9-Verre<\/strong> was born, in 2016.<br data-start=\"1161\" data-end=\"1164\">\u201cPerc\u00e9\u201d stands for perseverance and the light that shines through challenges. \u201cVerre\u201d \u2014 glass \u2014 for its delicacy, its strength, and its quiet transparency, much like life itself.<\/p>\n<p data-start=\"1346\" data-end=\"1470\">I work with glass the way one follows a dream \u2014 with colour, passion, and joy.<br data-start=\"1424\" data-end=\"1427\"><strong data-start=\"1427\" data-end=\"1470\">A spark of heart, signed Perc\u00e9-Verre. \u2728<\/strong><\/p>\n<p style=\"text-align: right;\">&#8211; St\u00e9phanie B\u00e9land, Founder<\/p>\n<\/div><\/div><\/div><div class=\"fusion-clearfix\"><\/div><\/div><\/div><\/div><\/div><div class=\"fusion-fullwidth fullwidth-box fusion-builder-row-3 hundred-percent-fullwidth non-hundred-percent-height-scrolling fusion-equal-height-columns fusion-no-small-visibility fusion-no-medium-visibility\" style=\"--awb-border-radius-top-left:0px;--awb-border-radius-top-right:0px;--awb-border-radius-bottom-right:0px;--awb-border-radius-bottom-left:0px;--awb-padding-top:0px;--awb-padding-right:0px;--awb-padding-bottom:0px;--awb-padding-left:0px;--awb-flex-wrap:wrap;\" ><div class=\"fusion-builder-row fusion-row\"><div class=\"fusion-layout-column fusion_builder_column fusion-builder-column-4 fusion_builder_column_1_2 1_2 fusion-one-half fusion-column-first fusion-animated\" style=\"--awb-padding-top:10%;--awb-padding-right:6%;--awb-padding-bottom:10%;--awb-padding-left:6%;--awb-bg-size:cover;--awb-margin-top:0px;--awb-margin-bottom:0px;width:50%;width:calc(50% - ( ( 0 ) * 0.5 ) );margin-right: 0px;\" data-animationType=\"slideInLeft\" data-animationDuration=\"0.3\" data-animationOffset=\"top-into-view\"><div class=\"fusion-column-wrapper fusion-column-has-shadow fusion-flex-column-wrapper-legacy\"><div class=\"fusion-column-content-centered\"><div class=\"fusion-column-content\"><div class=\"fusion-sep-clear\"><\/div><div class=\"fusion-separator fusion-no-small-visibility fusion-no-medium-visibility fusion-full-width-sep\" style=\"margin-left: auto;margin-right: auto;margin-top:5%;margin-bottom:5%;width:100%;\"><\/div><div class=\"fusion-sep-clear\"><\/div><div class=\"fusion-text fusion-text-3\"><h2>&nbsp;<\/h2>\n<h2 data-start=\"185\" data-end=\"215\">The Fused Glass Technique<\/h2>\n<p data-start=\"217\" data-end=\"473\">Working with glass holds a certain mystery.<br data-start=\"260\" data-end=\"263\">Each piece is born from layers of color and light that slowly come together. During the process of assembling and firing, the shapes and hues reveal themselves \u2014 like a secret that takes its time to be known.<\/p>\n<p data-start=\"475\" data-end=\"644\">Fused glass allows me to create jewelry and art pieces entirely from glass \u2014 no soldering, just pure union \u2014 for a clean, refined finish. Here\u2019s how the magic unfolds.<\/p>\n<h3 data-start=\"646\" data-end=\"663\">Preparation<\/h3>\n<p data-start=\"664\" data-end=\"1042\">It all begins with the glass itself \u2014 sheets, fragments, or granules \u2014 carefully chosen for their colors and textures. I layer and compose them as one might paint with transparency.<br data-start=\"845\" data-end=\"848\">With a workshop equipped with state-of-the-art tools, including a water-jet cutter, I can shape the glass with remarkable precision before firing. This opens up endless creative possibilities.<\/p>\n<h3 data-start=\"1044\" data-end=\"1068\">Firing and Cooling<\/h3>\n<p data-start=\"1069\" data-end=\"1531\">Then comes the fusion: the glass is placed in the kiln to melt and unite. Each firing lasts between 18 and 24 hours, sometimes more, and some pieces require up to five cycles to reach their perfect depth and texture.<br data-start=\"1285\" data-end=\"1288\">The drilling, done with the water-jet before firing, ensures a flawless finish \u2014 no polishing needed, as the heat itself performs the transformation. The glass is then allowed to rest and cool slowly for many hours before revealing its glow.<\/p>\n<h3 data-start=\"1533\" data-end=\"1548\">Finishing<\/h3>\n<p data-start=\"1549\" data-end=\"1637\">Once solidified, each piece is assembled gently, true to its own character and rhythm.<\/p>\n<p data-start=\"1639\" data-end=\"1857\">Creating fused glass is a dialogue between matter and light \u2014 a balance between the precision of the hand and the patience of the heart.<br data-start=\"1775\" data-end=\"1778\">Each piece carries a touch of my vision, and a whole lot of light to share. \u2728<\/p>\n<\/div><\/div><\/div><div class=\"fusion-clearfix\"><\/div><\/div><\/div><div class=\"fusion-layout-column fusion_builder_column fusion-builder-column-5 fusion_builder_column_1_2 1_2 fusion-one-half fusion-column-last\" style=\"--awb-bg-image:url(&#039;https:\/\/www.perce-verre.com\/wp-content\/uploads\/2020\/03\/a-propos-03.jpg&#039;);--awb-bg-position:center center;--awb-bg-size:cover;--awb-margin-top:0px;--awb-margin-bottom:0px;width:50%;width:calc(50% - ( ( 0 ) * 0.5 ) );\"><div class=\"fusion-column-wrapper fusion-column-has-shadow fusion-flex-column-wrapper-legacy fusion-empty-column-bg-image fusion-column-has-bg-image\" data-bg-url=\"https:\/\/www.perce-verre.com\/wp-content\/uploads\/2020\/03\/a-propos-03.jpg\"><img decoding=\"async\" class=\"fusion-empty-dims-img-placeholder fusion-no-large-visibility\" aria-label=\"a-propos-03\" src=\"data:image\/svg+xml,%3Csvg%20xmlns%3D%27http%3A%2F%2Fwww.w3.org%2F2000%2Fsvg%27%20width%3D%271500%27%20height%3D%271000%27%20viewBox%3D%270%200%201500%201000%27%3E%3Crect%20width%3D%271500%27%20height%3D%271000%27%20fill-opacity%3D%220%22%2F%3E%3C%2Fsvg%3E\"><div class=\"fusion-clearfix\"><\/div><\/div><\/div><\/div><\/div><div class=\"fusion-fullwidth fullwidth-box fusion-builder-row-4 hundred-percent-fullwidth non-hundred-percent-height-scrolling fusion-equal-height-columns fusion-no-large-visibility\" style=\"--awb-border-radius-top-left:0px;--awb-border-radius-top-right:0px;--awb-border-radius-bottom-right:0px;--awb-border-radius-bottom-left:0px;--awb-padding-top:0px;--awb-padding-right:0px;--awb-padding-bottom:0px;--awb-padding-left:0px;--awb-flex-wrap:wrap;\" ><div class=\"fusion-builder-row fusion-row\"><div class=\"fusion-layout-column fusion_builder_column fusion-builder-column-6 fusion_builder_column_1_2 1_2 fusion-one-half fusion-column-first\" style=\"--awb-bg-image:url(&#039;https:\/\/www.perce-verre.com\/wp-content\/uploads\/2020\/03\/a-propos-03.jpg&#039;);--awb-bg-position:center center;--awb-bg-size:cover;--awb-margin-top:0px;--awb-margin-bottom:0px;width:50%;width:calc(50% - ( ( 0% ) * 0.5 ) );margin-right: 0%;\"><div class=\"fusion-column-wrapper fusion-column-has-shadow fusion-flex-column-wrapper-legacy fusion-empty-column-bg-image fusion-column-has-bg-image\" data-bg-url=\"https:\/\/www.perce-verre.com\/wp-content\/uploads\/2020\/03\/a-propos-03.jpg\"><img decoding=\"async\" class=\"fusion-empty-dims-img-placeholder fusion-no-large-visibility\" aria-label=\"a-propos-03\" src=\"data:image\/svg+xml,%3Csvg%20xmlns%3D%27http%3A%2F%2Fwww.w3.org%2F2000%2Fsvg%27%20width%3D%271500%27%20height%3D%271000%27%20viewBox%3D%270%200%201500%201000%27%3E%3Crect%20width%3D%271500%27%20height%3D%271000%27%20fill-opacity%3D%220%22%2F%3E%3C%2Fsvg%3E\"><div class=\"fusion-clearfix\"><\/div><\/div><\/div><div class=\"fusion-layout-column fusion_builder_column fusion-builder-column-7 fusion_builder_column_1_2 1_2 fusion-one-half fusion-column-last fusion-animated\" style=\"--awb-padding-top:10%;--awb-padding-right:6%;--awb-padding-bottom:10%;--awb-padding-left:6%;--awb-bg-size:cover;--awb-margin-top:0px;--awb-margin-bottom:0px;width:50%;width:calc(50% - ( ( 0% ) * 0.5 ) );\" data-animationType=\"slideInLeft\" data-animationDuration=\"0.3\" data-animationOffset=\"top-into-view\"><div class=\"fusion-column-wrapper fusion-column-has-shadow fusion-flex-column-wrapper-legacy\"><div class=\"fusion-column-content-centered\"><div class=\"fusion-column-content\"><div class=\"fusion-sep-clear\"><\/div><div class=\"fusion-separator fusion-no-small-visibility fusion-no-medium-visibility fusion-full-width-sep\" style=\"margin-left: auto;margin-right: auto;margin-top:5%;margin-bottom:5%;width:100%;\"><\/div><div class=\"fusion-sep-clear\"><\/div><div class=\"fusion-text fusion-text-4\"><h2>The fused glass technique<\/h2>\n<p>Glassmaking has its share of mystery. It&#8217;s during the assembly of the different layers that the shapes and colors reveal themselves! Fusion creates a jewel or object from scratch, without soldering, for a refined finish. Here are the main stages in the production process.<\/p>\n<p><strong>Preparation<\/strong><br \/>Select glass according to the desired colors (sheets, crushed blocks or granules), then assemble the pieces in overlapping layers to create special patterns.<\/p>\n<p><strong>Firing and cooling<\/strong><br \/>Furnace glass until melting point is reached. Each firing takes from 18 to 24 hours, and sometimes up to 5 firings are required to create a piece. Leave to cool for 10 to 12 hours.<\/p>\n<p><strong>Finishing<\/strong><br \/>Drill the part as required (for jewelry) and assemble the final product.<\/p>\n<p>Working with fused glass requires a great deal of skill, patience and time. But it&#8217;s all worth it when the magic of the glass is revealed at the very end!<\/p>\n<\/div><\/div><\/div><div class=\"fusion-clearfix\"><\/div><\/div><\/div><\/div><\/div><\/p>\n","protected":false},"excerpt":{"rendered":"","protected":false},"author":1,"featured_media":0,"parent":0,"menu_order":0,"comment_status":"closed","ping_status":"closed","template":"100-width.php","meta":{"footnotes":""},"class_list":["post-10721","page","type-page","status-publish","hentry"],"yoast_head":"<!-- This site is optimized with the Yoast SEO plugin v27.4 - https:\/\/yoast.com\/product\/yoast-seo-wordpress\/ -->\n<title>About us - Perc\u00e9-Verre<\/title>\n<meta name=\"description\" content=\"Atelier d&#039;art verrier qu\u00e9b\u00e9cois: jewelry, home decor and handmade fused glass creations to brighten everyday life.\" \/>\n<meta name=\"robots\" content=\"index, follow, max-snippet:-1, max-image-preview:large, max-video-preview:-1\" \/>\n<link rel=\"canonical\" href=\"https:\/\/www.perce-verre.com\/en\/about-us\/\" \/>\n<meta property=\"og:locale\" content=\"en_US\" \/>\n<meta property=\"og:type\" content=\"article\" \/>\n<meta property=\"og:title\" content=\"About us - Perc\u00e9-Verre\" \/>\n<meta property=\"og:description\" content=\"Atelier d&#039;art verrier qu\u00e9b\u00e9cois: jewelry, home decor and handmade fused glass creations to brighten everyday life.\" \/>\n<meta property=\"og:url\" content=\"https:\/\/www.perce-verre.com\/en\/about-us\/\" \/>\n<meta property=\"og:site_name\" content=\"Perc\u00e9-Verre\" \/>\n<meta property=\"article:modified_time\" content=\"2025-10-14T17:01:19+00:00\" \/>\n<meta property=\"og:image\" content=\"https:\/\/www.perce-verre.com\/wp-content\/uploads\/2023\/11\/www.perce-verre.com-perce-verre-og-image.png\" \/>\n\t<meta property=\"og:image:width\" content=\"1200\" \/>\n\t<meta property=\"og:image:height\" content=\"630\" \/>\n\t<meta property=\"og:image:type\" content=\"image\/png\" \/>\n<meta name=\"twitter:card\" content=\"summary_large_image\" \/>\n<meta name=\"twitter:label1\" content=\"Est. reading time\" \/>\n\t<meta name=\"twitter:data1\" content=\"14 minutes\" \/>\n<script type=\"application\/ld+json\" class=\"yoast-schema-graph\">{\"@context\":\"https:\\\/\\\/schema.org\",\"@graph\":[{\"@type\":\"WebPage\",\"@id\":\"https:\\\/\\\/www.perce-verre.com\\\/en\\\/about-us\\\/\",\"url\":\"https:\\\/\\\/www.perce-verre.com\\\/en\\\/about-us\\\/\",\"name\":\"About us - Perc\u00e9-Verre\",\"isPartOf\":{\"@id\":\"https:\\\/\\\/www.perce-verre.com\\\/en\\\/#website\"},\"datePublished\":\"2019-11-08T05:31:40+00:00\",\"dateModified\":\"2025-10-14T17:01:19+00:00\",\"description\":\"Atelier d'art verrier qu\u00e9b\u00e9cois: jewelry, home decor and handmade fused glass creations to brighten everyday life.\",\"breadcrumb\":{\"@id\":\"https:\\\/\\\/www.perce-verre.com\\\/en\\\/about-us\\\/#breadcrumb\"},\"inLanguage\":\"en-US\",\"potentialAction\":[{\"@type\":\"ReadAction\",\"target\":[\"https:\\\/\\\/www.perce-verre.com\\\/en\\\/about-us\\\/\"]}]},{\"@type\":\"BreadcrumbList\",\"@id\":\"https:\\\/\\\/www.perce-verre.com\\\/en\\\/about-us\\\/#breadcrumb\",\"itemListElement\":[{\"@type\":\"ListItem\",\"position\":1,\"name\":\"Accueil\",\"item\":\"https:\\\/\\\/www.perce-verre.com\\\/en\\\/\"},{\"@type\":\"ListItem\",\"position\":2,\"name\":\"About us\"}]},{\"@type\":\"WebSite\",\"@id\":\"https:\\\/\\\/www.perce-verre.com\\\/en\\\/#website\",\"url\":\"https:\\\/\\\/www.perce-verre.com\\\/en\\\/\",\"name\":\"Perc\u00e9-Verre\",\"description\":\"Cadeaux uniques et des cr\u00e9ations qu\u00e9b\u00e9coises\",\"potentialAction\":[{\"@type\":\"SearchAction\",\"target\":{\"@type\":\"EntryPoint\",\"urlTemplate\":\"https:\\\/\\\/www.perce-verre.com\\\/en\\\/?s={search_term_string}\"},\"query-input\":{\"@type\":\"PropertyValueSpecification\",\"valueRequired\":true,\"valueName\":\"search_term_string\"}}],\"inLanguage\":\"en-US\"}]}<\/script>\n<!-- \/ Yoast SEO plugin. -->","yoast_head_json":{"title":"About us - Perc\u00e9-Verre","description":"Atelier d'art verrier qu\u00e9b\u00e9cois: jewelry, home decor and handmade fused glass creations to brighten everyday life.","robots":{"index":"index","follow":"follow","max-snippet":"max-snippet:-1","max-image-preview":"max-image-preview:large","max-video-preview":"max-video-preview:-1"},"canonical":"https:\/\/www.perce-verre.com\/en\/about-us\/","og_locale":"en_US","og_type":"article","og_title":"About us - Perc\u00e9-Verre","og_description":"Atelier d'art verrier qu\u00e9b\u00e9cois: jewelry, home decor and handmade fused glass creations to brighten everyday life.","og_url":"https:\/\/www.perce-verre.com\/en\/about-us\/","og_site_name":"Perc\u00e9-Verre","article_modified_time":"2025-10-14T17:01:19+00:00","og_image":[{"width":1200,"height":630,"url":"https:\/\/www.perce-verre.com\/wp-content\/uploads\/2023\/11\/www.perce-verre.com-perce-verre-og-image.png","type":"image\/png"}],"twitter_card":"summary_large_image","twitter_misc":{"Est. reading time":"14 minutes"},"schema":{"@context":"https:\/\/schema.org","@graph":[{"@type":"WebPage","@id":"https:\/\/www.perce-verre.com\/en\/about-us\/","url":"https:\/\/www.perce-verre.com\/en\/about-us\/","name":"About us - Perc\u00e9-Verre","isPartOf":{"@id":"https:\/\/www.perce-verre.com\/en\/#website"},"datePublished":"2019-11-08T05:31:40+00:00","dateModified":"2025-10-14T17:01:19+00:00","description":"Atelier d'art verrier qu\u00e9b\u00e9cois: jewelry, home decor and handmade fused glass creations to brighten everyday life.","breadcrumb":{"@id":"https:\/\/www.perce-verre.com\/en\/about-us\/#breadcrumb"},"inLanguage":"en-US","potentialAction":[{"@type":"ReadAction","target":["https:\/\/www.perce-verre.com\/en\/about-us\/"]}]},{"@type":"BreadcrumbList","@id":"https:\/\/www.perce-verre.com\/en\/about-us\/#breadcrumb","itemListElement":[{"@type":"ListItem","position":1,"name":"Accueil","item":"https:\/\/www.perce-verre.com\/en\/"},{"@type":"ListItem","position":2,"name":"About us"}]},{"@type":"WebSite","@id":"https:\/\/www.perce-verre.com\/en\/#website","url":"https:\/\/www.perce-verre.com\/en\/","name":"Perc\u00e9-Verre","description":"Cadeaux uniques et des cr\u00e9ations qu\u00e9b\u00e9coises","potentialAction":[{"@type":"SearchAction","target":{"@type":"EntryPoint","urlTemplate":"https:\/\/www.perce-verre.com\/en\/?s={search_term_string}"},"query-input":{"@type":"PropertyValueSpecification","valueRequired":true,"valueName":"search_term_string"}}],"inLanguage":"en-US"}]}},"_links":{"self":[{"href":"https:\/\/www.perce-verre.com\/en\/wp-json\/wp\/v2\/pages\/10721","targetHints":{"allow":["GET"]}}],"collection":[{"href":"https:\/\/www.perce-verre.com\/en\/wp-json\/wp\/v2\/pages"}],"about":[{"href":"https:\/\/www.perce-verre.com\/en\/wp-json\/wp\/v2\/types\/page"}],"author":[{"embeddable":true,"href":"https:\/\/www.perce-verre.com\/en\/wp-json\/wp\/v2\/users\/1"}],"replies":[{"embeddable":true,"href":"https:\/\/www.perce-verre.com\/en\/wp-json\/wp\/v2\/comments?post=10721"}],"version-history":[{"count":3,"href":"https:\/\/www.perce-verre.com\/en\/wp-json\/wp\/v2\/pages\/10721\/revisions"}],"predecessor-version":[{"id":15925,"href":"https:\/\/www.perce-verre.com\/en\/wp-json\/wp\/v2\/pages\/10721\/revisions\/15925"}],"wp:attachment":[{"href":"https:\/\/www.perce-verre.com\/en\/wp-json\/wp\/v2\/media?parent=10721"}],"curies":[{"name":"wp","href":"https:\/\/api.w.org\/{rel}","templated":true}]}}