{"id":13406,"date":"2024-06-06T15:48:21","date_gmt":"2024-06-06T19:48:21","guid":{"rendered":"https:\/\/www.perce-verre.com\/where-to-buy\/"},"modified":"2025-01-31T11:29:43","modified_gmt":"2025-01-31T16:29:43","slug":"where-to-buy","status":"publish","type":"page","link":"https:\/\/www.perce-verre.com\/en\/where-to-buy\/","title":{"rendered":"Where to buy"},"content":{"rendered":"<p><div class=\"fusion-fullwidth fullwidth-box fusion-builder-row-1 nonhundred-percent-fullwidth non-hundred-percent-height-scrolling fusion-equal-height-columns\" style=\"--awb-border-radius-top-left:0px;--awb-border-radius-top-right:0px;--awb-border-radius-bottom-right:0px;--awb-border-radius-bottom-left:0px;--awb-padding-top:4%;--awb-padding-bottom:4%;--awb-background-color:#faf0f5;--awb-background-image:linear-gradient(180deg, #f0edf5 50%,rgba(255,255,255,0) 83%);--awb-flex-wrap:wrap;\" ><div class=\"fusion-builder-row fusion-row\"><div class=\"fusion-layout-column fusion_builder_column fusion-builder-column-0 fusion_builder_column_1_5 1_5 fusion-one-fifth fusion-column-first fusion-no-small-visibility\" style=\"--awb-bg-size:cover;--awb-margin-top:10px;--awb-margin-bottom:10px;width:20%;width:calc(20% - ( ( 3% + 3% ) * 0.2 ) );margin-right: 3%;\"><div class=\"fusion-column-wrapper fusion-column-has-shadow fusion-flex-column-wrapper-legacy\"><div class=\"fusion-clearfix\"><\/div><\/div><\/div><div class=\"fusion-layout-column fusion_builder_column fusion-builder-column-1 fusion_builder_column_3_5 3_5 fusion-three-fifth\" style=\"--awb-bg-size:cover;--awb-margin-top:10px;--awb-margin-bottom:10px;width:60%;width:calc(60% - ( ( 3% + 3% ) * 0.6 ) );margin-right: 3%;\"><div class=\"fusion-column-wrapper fusion-column-has-shadow fusion-flex-column-wrapper-legacy\"><div class=\"fusion-column-content-centered\"><div class=\"fusion-column-content\"><div class=\"fusion-sep-clear\"><\/div><div class=\"fusion-separator fusion-full-width-sep\" style=\"margin-left: auto;margin-right: auto;margin-top:5px;margin-bottom:5px;width:100%;\"><\/div><div class=\"fusion-sep-clear\"><\/div><div class=\"fusion-text fusion-text-1\"><h1 style=\"text-align: center;\">Where to buy<\/h1>\n<p style=\"text-align: center;\">Discover the treasures of handcrafted glass at Perc\u00e9-Verre! Dive into our creative world through our points of sale, <strong>but keep in mind that each location can offer a unique selection of our products<\/strong>. Find inspiration and the charm of handmade glass near you!<\/p>\n<p style=\"text-align: center;\">We also invite you to visit <a href=\"https:\/\/www.facebook.com\/perceverre\/\" target=\"_blank\" rel=\"noopener noreferrer\">our Facebook page<\/a> to see exclusive promotions and find out where to find us at various exhibitor shows.<\/p>\n<\/div><\/div><\/div><div class=\"fusion-clearfix\"><\/div><\/div><\/div><div class=\"fusion-layout-column fusion_builder_column fusion-builder-column-2 fusion_builder_column_1_5 1_5 fusion-one-fifth fusion-column-last fusion-no-small-visibility\" style=\"--awb-bg-size:cover;--awb-margin-top:10px;--awb-margin-bottom:10px;width:20%;width:calc(20% - ( ( 3% + 3% ) * 0.2 ) );\"><div class=\"fusion-column-wrapper fusion-column-has-shadow fusion-flex-column-wrapper-legacy\"><div class=\"fusion-clearfix\"><\/div><\/div><\/div><\/div><\/div><div class=\"fusion-fullwidth fullwidth-box fusion-builder-row-2 nonhundred-percent-fullwidth non-hundred-percent-height-scrolling\" style=\"--awb-border-radius-top-left:0px;--awb-border-radius-top-right:0px;--awb-border-radius-bottom-right:0px;--awb-border-radius-bottom-left:0px;--awb-background-color:#faf0f5;--awb-flex-wrap:wrap;\" ><div class=\"fusion-builder-row fusion-row\"><div class=\"fusion-layout-column fusion_builder_column fusion-builder-column-3 fusion_builder_column_1_1 1_1 fusion-one-full fusion-column-first fusion-column-last\" style=\"--awb-padding-top:20px;--awb-bg-size:cover;\"><div class=\"fusion-column-wrapper fusion-column-has-shadow fusion-flex-column-wrapper-legacy\"><div class=\"fusion-text fusion-text-2\"><h2 style=\"text-align: center;\">Where to <strong>buy<\/strong><\/h2>\n<\/div><div class=\"fusion-clearfix\"><\/div><\/div><\/div><div class=\"fusion-layout-column fusion_builder_column fusion-builder-column-4 fusion_builder_column_1_3 1_3 fusion-one-third fusion-column-first fusion-animated\" style=\"--awb-bg-size:cover;width:33.333333333333%;width:calc(33.333333333333% - ( ( 4% + 4% ) * 0.33333333333333 ) );margin-right: 4%;\" data-animationType=\"slideInRight\" data-animationDuration=\"0.3\" data-animationOffset=\"top-into-view\"><div class=\"fusion-column-wrapper fusion-column-has-shadow fusion-flex-column-wrapper-legacy\"><div class=\"fusion-text fusion-text-3\"><p style=\"text-align: center;\"><strong>D\u00e9corum<\/strong><br \/>220 &#8211; D. Chemin du Lac-Millette,<br \/>Saint-Sauveur (Qu\u00e9bec)<br \/>J0R 1R3<br \/>450 227-0006<\/p>\n<p style=\"text-align: center;\">(Jewellery, Bookmarks, Cards)<\/p>\n<\/div><div class=\"fusion-text fusion-text-4\"><p style=\"text-align: center;\"><strong>Happy &amp; Joy, pet store<\/strong><\/p>\n<p style=\"text-align: center;\">318 Rue Saint-Laurent, Local B<br \/>Saint-Sim\u00e9on, Qc<br \/>G0T 1X0<br \/>Tel.: 514-839-8505<\/p>\n<p style=\"text-align: center;\">(Cards and key rings)<\/p>\n<\/div><div class=\"fusion-text fusion-text-5\"><p style=\"text-align: center;\"><strong>Lakeshore Living Life<\/strong><br \/>1100 South Service Road, Unit 113<br \/>Stoney Creek, (Ontario)&nbsp; L8E 0C5<br \/>(905) 643-6888<\/p>\n<p style=\"text-align: center;\">(Wine glass Id&#8217;s)<\/p>\n<\/div><div class=\"fusion-text fusion-text-6\"><p style=\"text-align: center;\"><strong>Le Mouton Blanc<\/strong><br \/>Quartier Petit Champlain<br \/>51 Sous le Fort<br \/>Qu\u00e9bec, (Qu\u00e9bec), G1K 4G9<br \/>418 692-2880<\/p>\n<p style=\"text-align: center;\">(Jewelry for women)<\/p>\n<\/div><div class=\"fusion-clearfix\"><\/div><\/div><\/div><div class=\"fusion-layout-column fusion_builder_column fusion-builder-column-5 fusion_builder_column_1_3 1_3 fusion-one-third\" style=\"--awb-bg-size:cover;width:33.333333333333%;width:calc(33.333333333333% - ( ( 4% + 4% ) * 0.33333333333333 ) );margin-right: 4%;\"><div class=\"fusion-column-wrapper fusion-column-has-shadow fusion-flex-column-wrapper-legacy\"><div class=\"fusion-text fusion-text-7\" style=\"--awb-content-alignment:center;\"><p style=\"text-align: center;\"><strong>Mon Papillon Bleu<\/strong><br \/> 787-E, rue Notre-Dame<br \/> Saint-R\u00e9mi (Qu\u00e9bec)<br \/> J0L 2L0<br \/> 450&nbsp;454-7630<\/p>\n<p style=\"text-align: center;\">(Jewelry for women)<\/p>\n<\/div><div class=\"fusion-text fusion-text-8\" style=\"--awb-content-alignment:center;\"><p style=\"text-align: center;\"><strong>North of Ordinary Merchandise<\/strong><br \/>205-A Main Street<br \/>Whitehorse, Yukon<br \/>Y1A 2B2<br \/>867 322-0359<\/p>\n<p style=\"text-align: center;\">(Glass markers)<\/p>\n<\/div><div class=\"fusion-text fusion-text-9\"><p style=\"text-align: center;\"><strong>Poussi\u00e8re D&#8217;\u00c9toile Perc\u00e9 Soapery<\/strong><\/p>\n<p style=\"text-align: center;\">172 QC-132 West<\/p>\n<p style=\"text-align: center;\">Perc\u00e9, QC<\/p>\n<p style=\"text-align: center;\">G0C 2L0<\/p>\n<p style=\"text-align: center;\">(Greeting cards and key rings)<\/p>\n<\/div><div class=\"fusion-text fusion-text-10\"><p style=\"text-align: center;\"><strong>Poussi\u00e8re D&#8217;\u00c9toile soap factory St-Sauveur<\/strong><\/p>\n<p style=\"text-align: center;\">314 Rue Principale<\/p>\n<p style=\"text-align: center;\">&nbsp;Saint-Sauveur, QC<\/p>\n<p style=\"text-align: center;\">J0R 1R0<\/p>\n<p style=\"text-align: center;\">(Greeting cards and key rings)<\/p>\n<\/div><div class=\"fusion-text fusion-text-11\"><div class=\"wpb_text_column wpb_content_element \">\n<div class=\"wpb_wrapper\">\n<p style=\"text-align: center;\"><strong>Sentier des cimes Laurentides<\/strong><br style=\"font-family: sofia-pro, sans-serif;\"> 737<span style=\"color: #000000;\">, rue de la Pisciculture<\/span><br style=\"font-family: sofia-pro, sans-serif;\"><span style=\"color: #000000;\">Mont-Blanc, Qu\u00e9bec<\/span><br style=\"font-family: sofia-pro, sans-serif;\"><span style=\"color: #000000;\">&nbsp;<\/span><span style=\"color: #000000;\">J0T 2G0<\/span><br \/>T.:&nbsp;+1-873-229-0363<\/p>\n<p style=\"text-align: center;\">(Key ring)<\/p>\n<\/div>\n<\/div>\n<\/div><div class=\"fusion-clearfix\"><\/div><\/div><\/div><div class=\"fusion-layout-column fusion_builder_column fusion-builder-column-6 fusion_builder_column_1_3 1_3 fusion-one-third fusion-column-last fusion-animated\" style=\"--awb-bg-size:cover;width:33.333333333333%;width:calc(33.333333333333% - ( ( 4% + 4% ) * 0.33333333333333 ) );\" data-animationType=\"slideInRight\" data-animationDuration=\"0.3\" data-animationOffset=\"top-into-view\"><div class=\"fusion-column-wrapper fusion-column-has-shadow fusion-flex-column-wrapper-legacy\"><div class=\"fusion-text fusion-text-12\"><p style=\"text-align: center;\"><strong>Giant Tiger Beloeil<\/strong><br \/>360 Boulevard Yvon-L&#8217;Heureux N<br \/>Beloeil, Qc<br \/>Tel: 450-464-9707<\/p>\n<p style=\"text-align: center;\">(greeting cards)<\/p>\n<\/div><div class=\"fusion-text fusion-text-13\"><p style=\"text-align: center;\"><strong>Giant Tiger Gatineau<\/strong><br \/>58 Boul. Greber<br \/>Gatineau, Qc<br \/>Tel: 819-561-3563 <\/p>\n<p style=\"text-align: center;\">(greeting cards)<\/p>\n<\/div><div class=\"fusion-text fusion-text-14\"><p style=\"text-align: center;\"><strong>Giant Tiger Lachute<\/strong><br \/>359 Rue Principale<br \/>Lachute, Qc<br \/>Tel.: 450-562-8218<\/p>\n<p style=\"text-align: center;\">(greeting cards)<\/p>\n<\/div><div class=\"fusion-text fusion-text-15\"><p style=\"text-align: center;\"><strong>Rouyn-Noranda Giant Tiger<\/strong><\/p>\n<p style=\"text-align: center;\"><span class=\"w8qArf FoJoyf\">&nbsp;<\/span><span class=\"LrzXr\">1074 Av. Larivi\u00e8re <\/span><\/p>\n<p style=\"text-align: center;\"><span class=\"LrzXr\">Rouyn-Noranda, QC  <\/span><\/p>\n<p style=\"text-align: center;\"><span class=\"LrzXr\">J9X 4K8<\/span><\/p>\n<p style=\"text-align: center;\">(Greeting cards)<\/p>\n<\/div><div class=\"fusion-text fusion-text-16\"><p style=\"text-align: center;\"><strong>Giant Tiger Ste-Anne-des-Plaines<\/strong><\/p>\n<p style=\"text-align: center;\">197 Rue de la Visitation<\/p>\n<p style=\"text-align: center;\">86 Boulevard Ste Anne<\/p>\n<p style=\"text-align: center;\">Sainte-Anne-des-Plaines, QC<\/p>\n<p style=\"text-align: center;\">J0N 1H0<\/p>\n<p style=\"text-align: center;\">(Greeting cards)<\/p>\n<\/div><div class=\"fusion-text fusion-text-17\"><p style=\"text-align: center;\"><strong>Giant Tiger St-Charles-Borrom\u00e9e<\/strong><\/p>\n<p style=\"text-align: center;\">197 Rue de la Visitation<\/p>\n<p style=\"text-align: center;\">Saint-Charles-Borrom\u00e9e, QC<\/p>\n<p style=\"text-align: center;\">J6E 4N6<\/p>\n<p style=\"text-align: center;\">(Greeting cards)<\/p>\n<\/div><div class=\"fusion-text fusion-text-18\"><p style=\"text-align: center;\"><strong>Giant Tiger St-F\u00e9lix de Valois<\/strong><\/p>\n<p style=\"text-align: center;\">3110 Rue Henri-L.-Chevrette<\/p>\n<p style=\"text-align: center;\">Saint-F\u00e9lix-de-Valois, QC<\/p>\n<p style=\"text-align: center;\">J0K 2M0<\/p>\n<p style=\"text-align: center;\">(Greeting cards)<\/p>\n<\/div><div class=\"fusion-clearfix\"><\/div><\/div><\/div><\/div><\/div><\/p>\n","protected":false},"excerpt":{"rendered":"","protected":false},"author":1,"featured_media":0,"parent":0,"menu_order":0,"comment_status":"closed","ping_status":"closed","template":"100-width.php","meta":{"footnotes":""},"class_list":["post-13406","page","type-page","status-publish","hentry"],"yoast_head":"<!-- This site is optimized with the Yoast SEO plugin v27.4 - https:\/\/yoast.com\/product\/yoast-seo-wordpress\/ -->\n<title>Where to buy - Perc\u00e9-Verre<\/title>\n<meta name=\"description\" content=\"Discover our handcrafted glass creations at Perc\u00e9-Verre! Each location offers a unique selection of our products.\" \/>\n<meta name=\"robots\" content=\"index, follow, max-snippet:-1, max-image-preview:large, max-video-preview:-1\" \/>\n<link rel=\"canonical\" href=\"https:\/\/www.perce-verre.com\/en\/where-to-buy\/\" \/>\n<meta property=\"og:locale\" content=\"en_US\" \/>\n<meta property=\"og:type\" content=\"article\" \/>\n<meta property=\"og:title\" content=\"Where to buy - Perc\u00e9-Verre\" \/>\n<meta property=\"og:description\" content=\"Discover our handcrafted glass creations at Perc\u00e9-Verre! Each location offers a unique selection of our products.\" \/>\n<meta property=\"og:url\" content=\"https:\/\/www.perce-verre.com\/en\/where-to-buy\/\" \/>\n<meta property=\"og:site_name\" content=\"Perc\u00e9-Verre\" \/>\n<meta property=\"article:modified_time\" content=\"2025-01-31T16:29:43+00:00\" \/>\n<meta property=\"og:image\" content=\"https:\/\/www.perce-verre.com\/wp-content\/uploads\/2023\/11\/www.perce-verre.com-perce-verre-og-image.png\" \/>\n\t<meta property=\"og:image:width\" content=\"1200\" \/>\n\t<meta property=\"og:image:height\" content=\"630\" \/>\n\t<meta property=\"og:image:type\" content=\"image\/png\" \/>\n<meta name=\"twitter:card\" content=\"summary_large_image\" \/>\n<meta name=\"twitter:label1\" content=\"Est. reading time\" \/>\n\t<meta name=\"twitter:data1\" content=\"10 minutes\" \/>\n<script type=\"application\/ld+json\" class=\"yoast-schema-graph\">{\"@context\":\"https:\\\/\\\/schema.org\",\"@graph\":[{\"@type\":\"WebPage\",\"@id\":\"https:\\\/\\\/www.perce-verre.com\\\/en\\\/where-to-buy\\\/\",\"url\":\"https:\\\/\\\/www.perce-verre.com\\\/en\\\/where-to-buy\\\/\",\"name\":\"Where to buy - Perc\u00e9-Verre\",\"isPartOf\":{\"@id\":\"https:\\\/\\\/www.perce-verre.com\\\/en\\\/#website\"},\"datePublished\":\"2024-06-06T19:48:21+00:00\",\"dateModified\":\"2025-01-31T16:29:43+00:00\",\"description\":\"Discover our handcrafted glass creations at Perc\u00e9-Verre! Each location offers a unique selection of our products.\",\"breadcrumb\":{\"@id\":\"https:\\\/\\\/www.perce-verre.com\\\/en\\\/where-to-buy\\\/#breadcrumb\"},\"inLanguage\":\"en-US\",\"potentialAction\":[{\"@type\":\"ReadAction\",\"target\":[\"https:\\\/\\\/www.perce-verre.com\\\/en\\\/where-to-buy\\\/\"]}]},{\"@type\":\"BreadcrumbList\",\"@id\":\"https:\\\/\\\/www.perce-verre.com\\\/en\\\/where-to-buy\\\/#breadcrumb\",\"itemListElement\":[{\"@type\":\"ListItem\",\"position\":1,\"name\":\"Accueil\",\"item\":\"https:\\\/\\\/www.perce-verre.com\\\/en\\\/\"},{\"@type\":\"ListItem\",\"position\":2,\"name\":\"Where to buy\"}]},{\"@type\":\"WebSite\",\"@id\":\"https:\\\/\\\/www.perce-verre.com\\\/en\\\/#website\",\"url\":\"https:\\\/\\\/www.perce-verre.com\\\/en\\\/\",\"name\":\"Perc\u00e9-Verre\",\"description\":\"Cadeaux uniques et des cr\u00e9ations qu\u00e9b\u00e9coises\",\"potentialAction\":[{\"@type\":\"SearchAction\",\"target\":{\"@type\":\"EntryPoint\",\"urlTemplate\":\"https:\\\/\\\/www.perce-verre.com\\\/en\\\/?s={search_term_string}\"},\"query-input\":{\"@type\":\"PropertyValueSpecification\",\"valueRequired\":true,\"valueName\":\"search_term_string\"}}],\"inLanguage\":\"en-US\"}]}<\/script>\n<!-- \/ Yoast SEO plugin. -->","yoast_head_json":{"title":"Where to buy - Perc\u00e9-Verre","description":"Discover our handcrafted glass creations at Perc\u00e9-Verre! Each location offers a unique selection of our products.","robots":{"index":"index","follow":"follow","max-snippet":"max-snippet:-1","max-image-preview":"max-image-preview:large","max-video-preview":"max-video-preview:-1"},"canonical":"https:\/\/www.perce-verre.com\/en\/where-to-buy\/","og_locale":"en_US","og_type":"article","og_title":"Where to buy - Perc\u00e9-Verre","og_description":"Discover our handcrafted glass creations at Perc\u00e9-Verre! Each location offers a unique selection of our products.","og_url":"https:\/\/www.perce-verre.com\/en\/where-to-buy\/","og_site_name":"Perc\u00e9-Verre","article_modified_time":"2025-01-31T16:29:43+00:00","og_image":[{"width":1200,"height":630,"url":"https:\/\/www.perce-verre.com\/wp-content\/uploads\/2023\/11\/www.perce-verre.com-perce-verre-og-image.png","type":"image\/png"}],"twitter_card":"summary_large_image","twitter_misc":{"Est. reading time":"10 minutes"},"schema":{"@context":"https:\/\/schema.org","@graph":[{"@type":"WebPage","@id":"https:\/\/www.perce-verre.com\/en\/where-to-buy\/","url":"https:\/\/www.perce-verre.com\/en\/where-to-buy\/","name":"Where to buy - Perc\u00e9-Verre","isPartOf":{"@id":"https:\/\/www.perce-verre.com\/en\/#website"},"datePublished":"2024-06-06T19:48:21+00:00","dateModified":"2025-01-31T16:29:43+00:00","description":"Discover our handcrafted glass creations at Perc\u00e9-Verre! Each location offers a unique selection of our products.","breadcrumb":{"@id":"https:\/\/www.perce-verre.com\/en\/where-to-buy\/#breadcrumb"},"inLanguage":"en-US","potentialAction":[{"@type":"ReadAction","target":["https:\/\/www.perce-verre.com\/en\/where-to-buy\/"]}]},{"@type":"BreadcrumbList","@id":"https:\/\/www.perce-verre.com\/en\/where-to-buy\/#breadcrumb","itemListElement":[{"@type":"ListItem","position":1,"name":"Accueil","item":"https:\/\/www.perce-verre.com\/en\/"},{"@type":"ListItem","position":2,"name":"Where to buy"}]},{"@type":"WebSite","@id":"https:\/\/www.perce-verre.com\/en\/#website","url":"https:\/\/www.perce-verre.com\/en\/","name":"Perc\u00e9-Verre","description":"Cadeaux uniques et des cr\u00e9ations qu\u00e9b\u00e9coises","potentialAction":[{"@type":"SearchAction","target":{"@type":"EntryPoint","urlTemplate":"https:\/\/www.perce-verre.com\/en\/?s={search_term_string}"},"query-input":{"@type":"PropertyValueSpecification","valueRequired":true,"valueName":"search_term_string"}}],"inLanguage":"en-US"}]}},"_links":{"self":[{"href":"https:\/\/www.perce-verre.com\/en\/wp-json\/wp\/v2\/pages\/13406","targetHints":{"allow":["GET"]}}],"collection":[{"href":"https:\/\/www.perce-verre.com\/en\/wp-json\/wp\/v2\/pages"}],"about":[{"href":"https:\/\/www.perce-verre.com\/en\/wp-json\/wp\/v2\/types\/page"}],"author":[{"embeddable":true,"href":"https:\/\/www.perce-verre.com\/en\/wp-json\/wp\/v2\/users\/1"}],"replies":[{"embeddable":true,"href":"https:\/\/www.perce-verre.com\/en\/wp-json\/wp\/v2\/comments?post=13406"}],"version-history":[{"count":4,"href":"https:\/\/www.perce-verre.com\/en\/wp-json\/wp\/v2\/pages\/13406\/revisions"}],"predecessor-version":[{"id":14191,"href":"https:\/\/www.perce-verre.com\/en\/wp-json\/wp\/v2\/pages\/13406\/revisions\/14191"}],"wp:attachment":[{"href":"https:\/\/www.perce-verre.com\/en\/wp-json\/wp\/v2\/media?parent=13406"}],"curies":[{"name":"wp","href":"https:\/\/api.w.org\/{rel}","templated":true}]}}