{"id":10665,"date":"2024-01-14T17:28:00","date_gmt":"2024-01-14T22:28:00","guid":{"rendered":"https:\/\/www.perce-verre.com\/produit\/black-interlaced-heart-jewelry-set\/"},"modified":"2024-08-14T10:29:48","modified_gmt":"2024-08-14T14:29:48","slug":"black-interlaced-heart-jewelry-set","status":"publish","type":"product","link":"https:\/\/www.perce-verre.com\/en\/product\/black-interlaced-heart-jewelry-set\/","title":{"rendered":"&#8220;Black interlaced heart&#8221; jewelry set"},"content":{"rendered":"<p>Irradiate style with this captivating &#8220;Black Intertwined Heart&#8221; jewelry set, featuring a fused glass pendant delicately perforated with a heart, and matching heart-shaped earrings. A perfect gift proposal to celebrate love in the run-up to Valentine&#8217;s Day and all year round! This versatile set is just as elegant with a chic outfit as it is with a casual look and jeans.<\/p>\n<p>Each jewel is a unique creation, fashioned from vibrantly hued glass. The heart-shaped pendant, subtly pierced with a second heart, adds a romantic dimension to your style, suspended from a delicate chain. The earrings harmoniously complete the set, creating a stainless steel adornment for lasting brilliance.<\/p>\n<p>&nbsp;<\/p>\n<p><strong>The &#8220;C\u0153ur entrelac\u00e9 noir&#8221; jewelry set is a must-have choice for several reasons:<\/strong><br \/>\n1. Unique pieces in vibrant hues for a dazzling look.<br \/>\n2. Heart-shaped earrings harmonize perfectly with the pendant.<br \/>\n3. Stainless steel chain and attachments for durability and comfort.<br \/>\n4. Delivered in a gift box, ready to offer an exceptional jewelry experience.<br \/>\n5. Made with noble, durable materials, for elegance that transcends time.<\/p>\n<p>&nbsp;<\/p>\n<p>&nbsp;<\/p>\n<p><img decoding=\"async\" class=\"\" src=\"https:\/\/www.perce-verre.com\/wp-content\/uploads\/2020\/05\/longueur-des-chaines.jpg\" width=\"489\" height=\"342\" \/><\/p>\n<p>&nbsp;<\/p>\n","protected":false},"excerpt":{"rendered":"<p>Irradiate style with this captivating &#8220;Black Intertwined Heart&#8221; jewelry set, featuring a fused glass pendant delicately perforated with a heart, and matching heart-shaped earrings. A perfect gift proposal to celebrate love in the run-up to Valentine&#8217;s Day and all year round! This versatile set is just as elegant with a chic outfit as it is with a casual look and jeans.<\/p>\n<p>Each jewel is a unique creation, fashioned from vibrantly hued glass. The heart-shaped pendant, subtly pierced with a second heart, adds a romantic dimension to your style, suspended from a delicate chain. The earrings harmoniously complete the set, creating a stainless steel adornment for lasting brilliance.<\/p>\n<p>&nbsp;<\/p>\n","protected":false},"featured_media":10610,"comment_status":"open","ping_status":"closed","template":"","meta":[],"product_brand":[],"product_cat":[542,541],"product_tag":[548,546,550,551,553,544],"giftcard-category":[],"class_list":{"0":"post-10665","1":"product","2":"type-product","3":"status-publish","4":"has-post-thumbnail","6":"product_cat-love-collection","7":"product_cat-jewelry-set","8":"product_tag-earrings","9":"product_tag-jewelry","10":"product_tag-jewelry-set","11":"product_tag-pendant","12":"product_tag-red","13":"product_tag-stainless-steel-en","14":"wcpa_has_options","16":"first","17":"instock","18":"taxable","19":"shipping-taxable","20":"purchasable","21":"product-type-variable","22":"has-default-attributes"},"yoast_head":"<!-- This site is optimized with the Yoast SEO plugin v27.4 - https:\/\/yoast.com\/product\/yoast-seo-wordpress\/ -->\n<title>&quot;Black interlaced heart&quot; jewelry set - Perc\u00e9-Verre<\/title>\n<meta name=\"description\" content=\"Radiate originality with the &quot;Black Intertwined Heart&quot; set! Give it with all your love, whether to yourself or to a loved one! Fast delivery!\" \/>\n<meta name=\"robots\" content=\"index, follow, max-snippet:-1, max-image-preview:large, max-video-preview:-1\" \/>\n<link rel=\"canonical\" href=\"https:\/\/www.perce-verre.com\/en\/product\/black-interlaced-heart-jewelry-set\/\" \/>\n<meta property=\"og:locale\" content=\"en_US\" \/>\n<meta property=\"og:type\" content=\"article\" \/>\n<meta property=\"og:title\" content=\"&quot;Black interlaced heart&quot; jewelry set - Perc\u00e9-Verre\" \/>\n<meta property=\"og:description\" content=\"Radiate originality with the &quot;Black Intertwined Heart&quot; set! Give it with all your love, whether to yourself or to a loved one! Fast delivery!\" \/>\n<meta property=\"og:url\" content=\"https:\/\/www.perce-verre.com\/en\/product\/black-interlaced-heart-jewelry-set\/\" \/>\n<meta property=\"og:site_name\" content=\"Perc\u00e9-Verre\" \/>\n<meta property=\"article:modified_time\" content=\"2024-08-14T14:29:48+00:00\" \/>\n<meta property=\"og:image\" content=\"https:\/\/www.perce-verre.com\/wp-content\/uploads\/2023\/01\/www.perce-verre.com-porte-cles-coeur-rose-en-verre-fusionne-ensemble-bijoux-st-valentin-bijouterie-verre-idee-cadeau-amour-coeur-perce-verre-2.jpg\" \/>\n\t<meta property=\"og:image:width\" content=\"900\" \/>\n\t<meta property=\"og:image:height\" content=\"630\" \/>\n\t<meta property=\"og:image:type\" content=\"image\/jpeg\" \/>\n<meta name=\"twitter:card\" content=\"summary_large_image\" \/>\n<meta name=\"twitter:label1\" content=\"Est. reading time\" \/>\n\t<meta name=\"twitter:data1\" content=\"2 minutes\" \/>\n<script type=\"application\/ld+json\" class=\"yoast-schema-graph\">{\"@context\":\"https:\\\/\\\/schema.org\",\"@graph\":[{\"@type\":\"WebPage\",\"@id\":\"https:\\\/\\\/www.perce-verre.com\\\/en\\\/product\\\/black-interlaced-heart-jewelry-set\\\/\",\"url\":\"https:\\\/\\\/www.perce-verre.com\\\/en\\\/product\\\/black-interlaced-heart-jewelry-set\\\/\",\"name\":\"\\\"Black interlaced heart\\\" jewelry set - Perc\u00e9-Verre\",\"isPartOf\":{\"@id\":\"https:\\\/\\\/www.perce-verre.com\\\/en\\\/#website\"},\"primaryImageOfPage\":{\"@id\":\"https:\\\/\\\/www.perce-verre.com\\\/en\\\/product\\\/black-interlaced-heart-jewelry-set\\\/#primaryimage\"},\"image\":{\"@id\":\"https:\\\/\\\/www.perce-verre.com\\\/en\\\/product\\\/black-interlaced-heart-jewelry-set\\\/#primaryimage\"},\"thumbnailUrl\":\"https:\\\/\\\/www.perce-verre.com\\\/wp-content\\\/uploads\\\/2023\\\/01\\\/www.perce-verre.com-porte-cles-coeur-rose-en-verre-fusionne-ensemble-bijoux-st-valentin-bijouterie-verre-idee-cadeau-amour-coeur-perce-verre-2.jpg\",\"datePublished\":\"2024-01-14T22:28:00+00:00\",\"dateModified\":\"2024-08-14T14:29:48+00:00\",\"description\":\"Radiate originality with the \\\"Black Intertwined Heart\\\" set! Give it with all your love, whether to yourself or to a loved one! Fast delivery!\",\"breadcrumb\":{\"@id\":\"https:\\\/\\\/www.perce-verre.com\\\/en\\\/product\\\/black-interlaced-heart-jewelry-set\\\/#breadcrumb\"},\"inLanguage\":\"en-US\",\"potentialAction\":[{\"@type\":\"ReadAction\",\"target\":[\"https:\\\/\\\/www.perce-verre.com\\\/en\\\/product\\\/black-interlaced-heart-jewelry-set\\\/\"]}]},{\"@type\":\"ImageObject\",\"inLanguage\":\"en-US\",\"@id\":\"https:\\\/\\\/www.perce-verre.com\\\/en\\\/product\\\/black-interlaced-heart-jewelry-set\\\/#primaryimage\",\"url\":\"https:\\\/\\\/www.perce-verre.com\\\/wp-content\\\/uploads\\\/2023\\\/01\\\/www.perce-verre.com-porte-cles-coeur-rose-en-verre-fusionne-ensemble-bijoux-st-valentin-bijouterie-verre-idee-cadeau-amour-coeur-perce-verre-2.jpg\",\"contentUrl\":\"https:\\\/\\\/www.perce-verre.com\\\/wp-content\\\/uploads\\\/2023\\\/01\\\/www.perce-verre.com-porte-cles-coeur-rose-en-verre-fusionne-ensemble-bijoux-st-valentin-bijouterie-verre-idee-cadeau-amour-coeur-perce-verre-2.jpg\",\"width\":900,\"height\":630,\"caption\":\"\\\"Black interlaced heart\"},{\"@type\":\"BreadcrumbList\",\"@id\":\"https:\\\/\\\/www.perce-verre.com\\\/en\\\/product\\\/black-interlaced-heart-jewelry-set\\\/#breadcrumb\",\"itemListElement\":[{\"@type\":\"ListItem\",\"position\":1,\"name\":\"Accueil\",\"item\":\"https:\\\/\\\/www.perce-verre.com\\\/en\\\/\"},{\"@type\":\"ListItem\",\"position\":2,\"name\":\"Store\",\"item\":\"https:\\\/\\\/www.perce-verre.com\\\/en\\\/shop\\\/\"},{\"@type\":\"ListItem\",\"position\":3,\"name\":\"&#8220;Black interlaced heart&#8221; jewelry set\"}]},{\"@type\":\"WebSite\",\"@id\":\"https:\\\/\\\/www.perce-verre.com\\\/en\\\/#website\",\"url\":\"https:\\\/\\\/www.perce-verre.com\\\/en\\\/\",\"name\":\"Perc\u00e9-Verre\",\"description\":\"Cadeaux uniques et des cr\u00e9ations qu\u00e9b\u00e9coises\",\"potentialAction\":[{\"@type\":\"SearchAction\",\"target\":{\"@type\":\"EntryPoint\",\"urlTemplate\":\"https:\\\/\\\/www.perce-verre.com\\\/en\\\/?s={search_term_string}\"},\"query-input\":{\"@type\":\"PropertyValueSpecification\",\"valueRequired\":true,\"valueName\":\"search_term_string\"}}],\"inLanguage\":\"en-US\"}]}<\/script>\n<!-- \/ Yoast SEO plugin. -->","yoast_head_json":{"title":"\"Black interlaced heart\" jewelry set - Perc\u00e9-Verre","description":"Radiate originality with the \"Black Intertwined Heart\" set! Give it with all your love, whether to yourself or to a loved one! Fast delivery!","robots":{"index":"index","follow":"follow","max-snippet":"max-snippet:-1","max-image-preview":"max-image-preview:large","max-video-preview":"max-video-preview:-1"},"canonical":"https:\/\/www.perce-verre.com\/en\/product\/black-interlaced-heart-jewelry-set\/","og_locale":"en_US","og_type":"article","og_title":"\"Black interlaced heart\" jewelry set - Perc\u00e9-Verre","og_description":"Radiate originality with the \"Black Intertwined Heart\" set! Give it with all your love, whether to yourself or to a loved one! Fast delivery!","og_url":"https:\/\/www.perce-verre.com\/en\/product\/black-interlaced-heart-jewelry-set\/","og_site_name":"Perc\u00e9-Verre","article_modified_time":"2024-08-14T14:29:48+00:00","og_image":[{"width":900,"height":630,"url":"https:\/\/www.perce-verre.com\/wp-content\/uploads\/2023\/01\/www.perce-verre.com-porte-cles-coeur-rose-en-verre-fusionne-ensemble-bijoux-st-valentin-bijouterie-verre-idee-cadeau-amour-coeur-perce-verre-2.jpg","type":"image\/jpeg"}],"twitter_card":"summary_large_image","twitter_misc":{"Est. reading time":"2 minutes"},"schema":{"@context":"https:\/\/schema.org","@graph":[{"@type":"WebPage","@id":"https:\/\/www.perce-verre.com\/en\/product\/black-interlaced-heart-jewelry-set\/","url":"https:\/\/www.perce-verre.com\/en\/product\/black-interlaced-heart-jewelry-set\/","name":"\"Black interlaced heart\" jewelry set - Perc\u00e9-Verre","isPartOf":{"@id":"https:\/\/www.perce-verre.com\/en\/#website"},"primaryImageOfPage":{"@id":"https:\/\/www.perce-verre.com\/en\/product\/black-interlaced-heart-jewelry-set\/#primaryimage"},"image":{"@id":"https:\/\/www.perce-verre.com\/en\/product\/black-interlaced-heart-jewelry-set\/#primaryimage"},"thumbnailUrl":"https:\/\/www.perce-verre.com\/wp-content\/uploads\/2023\/01\/www.perce-verre.com-porte-cles-coeur-rose-en-verre-fusionne-ensemble-bijoux-st-valentin-bijouterie-verre-idee-cadeau-amour-coeur-perce-verre-2.jpg","datePublished":"2024-01-14T22:28:00+00:00","dateModified":"2024-08-14T14:29:48+00:00","description":"Radiate originality with the \"Black Intertwined Heart\" set! Give it with all your love, whether to yourself or to a loved one! Fast delivery!","breadcrumb":{"@id":"https:\/\/www.perce-verre.com\/en\/product\/black-interlaced-heart-jewelry-set\/#breadcrumb"},"inLanguage":"en-US","potentialAction":[{"@type":"ReadAction","target":["https:\/\/www.perce-verre.com\/en\/product\/black-interlaced-heart-jewelry-set\/"]}]},{"@type":"ImageObject","inLanguage":"en-US","@id":"https:\/\/www.perce-verre.com\/en\/product\/black-interlaced-heart-jewelry-set\/#primaryimage","url":"https:\/\/www.perce-verre.com\/wp-content\/uploads\/2023\/01\/www.perce-verre.com-porte-cles-coeur-rose-en-verre-fusionne-ensemble-bijoux-st-valentin-bijouterie-verre-idee-cadeau-amour-coeur-perce-verre-2.jpg","contentUrl":"https:\/\/www.perce-verre.com\/wp-content\/uploads\/2023\/01\/www.perce-verre.com-porte-cles-coeur-rose-en-verre-fusionne-ensemble-bijoux-st-valentin-bijouterie-verre-idee-cadeau-amour-coeur-perce-verre-2.jpg","width":900,"height":630,"caption":"\"Black interlaced heart"},{"@type":"BreadcrumbList","@id":"https:\/\/www.perce-verre.com\/en\/product\/black-interlaced-heart-jewelry-set\/#breadcrumb","itemListElement":[{"@type":"ListItem","position":1,"name":"Accueil","item":"https:\/\/www.perce-verre.com\/en\/"},{"@type":"ListItem","position":2,"name":"Store","item":"https:\/\/www.perce-verre.com\/en\/shop\/"},{"@type":"ListItem","position":3,"name":"&#8220;Black interlaced heart&#8221; jewelry set"}]},{"@type":"WebSite","@id":"https:\/\/www.perce-verre.com\/en\/#website","url":"https:\/\/www.perce-verre.com\/en\/","name":"Perc\u00e9-Verre","description":"Cadeaux uniques et des cr\u00e9ations qu\u00e9b\u00e9coises","potentialAction":[{"@type":"SearchAction","target":{"@type":"EntryPoint","urlTemplate":"https:\/\/www.perce-verre.com\/en\/?s={search_term_string}"},"query-input":{"@type":"PropertyValueSpecification","valueRequired":true,"valueName":"search_term_string"}}],"inLanguage":"en-US"}]}},"wcpa_form_fields":null,"_links":{"self":[{"href":"https:\/\/www.perce-verre.com\/en\/wp-json\/wp\/v2\/product\/10665","targetHints":{"allow":["GET"]}}],"collection":[{"href":"https:\/\/www.perce-verre.com\/en\/wp-json\/wp\/v2\/product"}],"about":[{"href":"https:\/\/www.perce-verre.com\/en\/wp-json\/wp\/v2\/types\/product"}],"replies":[{"embeddable":true,"href":"https:\/\/www.perce-verre.com\/en\/wp-json\/wp\/v2\/comments?post=10665"}],"wp:featuredmedia":[{"embeddable":true,"href":"https:\/\/www.perce-verre.com\/en\/wp-json\/wp\/v2\/media\/10610"}],"wp:attachment":[{"href":"https:\/\/www.perce-verre.com\/en\/wp-json\/wp\/v2\/media?parent=10665"}],"wp:term":[{"taxonomy":"product_brand","embeddable":true,"href":"https:\/\/www.perce-verre.com\/en\/wp-json\/wp\/v2\/product_brand?post=10665"},{"taxonomy":"product_cat","embeddable":true,"href":"https:\/\/www.perce-verre.com\/en\/wp-json\/wp\/v2\/product_cat?post=10665"},{"taxonomy":"product_tag","embeddable":true,"href":"https:\/\/www.perce-verre.com\/en\/wp-json\/wp\/v2\/product_tag?post=10665"},{"taxonomy":"giftcard-category","embeddable":true,"href":"https:\/\/www.perce-verre.com\/en\/wp-json\/wp\/v2\/giftcard-category?post=10665"}],"curies":[{"name":"wp","href":"https:\/\/api.w.org\/{rel}","templated":true}]}}