{"id":10679,"date":"2024-02-23T15:54:42","date_gmt":"2024-02-23T20:54:42","guid":{"rendered":"https:\/\/www.perce-verre.com\/produit\/oscar\/"},"modified":"2025-09-12T13:17:22","modified_gmt":"2025-09-12T17:17:22","slug":"oscar","status":"publish","type":"product","link":"https:\/\/www.perce-verre.com\/en\/product\/oscar\/","title":{"rendered":"Oscar (Adopted)"},"content":{"rendered":"<h3 data-start=\"232\" data-end=\"300\">\ud83c\udfa8 <strong data-start=\"239\" data-end=\"300\">Oscar &#8211; Original work in fused glass by Perc\u00e9-Verre<\/strong><\/h3>\n<p data-start=\"302\" data-end=\"612\"><strong data-start=\"302\" data-end=\"311\">Oscar<\/strong> is the feline embodiment of the power of persuasion. With his big, bright eyes, pleading expression and slightly tilted head, he doesn <strong data-start=\"457\" data-end=\"516\">&#8216;t need to meow loudly to make himself understood<\/strong>. One look, and it&#8217;s all over: cuddles, treats, kisses&#8230; you name it! And the worst part? We love it.    <\/p>\n<hr data-start=\"614\" data-end=\"617\">\n<h3 data-start=\"619\" data-end=\"672\">\ud83d\ude3b A charmer who always gets what he wants<\/h3>\n<p data-start=\"674\" data-end=\"1011\">Created in a <strong data-start=\"693\" data-end=\"713\">vibrant Art Deco<\/strong> style, Oscar seduces with the quiet strength of its look. Its vibrant colors, blending <strong data-start=\"799\" data-end=\"853\">opaque glass, vivid accents and luminous textures<\/strong>, immediately catch the eye. But it&#8217;s in his expression that all the magic happens: a blend of confidence, innocence&#8230; and well-assumed feline cunning.  <\/p>\n<p data-start=\"1013\" data-end=\"1311\">Oscar isn&#8217;t the type to ask twice. He <strong data-start=\"1062\" data-end=\"1089\">&#8216;ll get what he wants<\/strong>, because to resist would be too cruel (and frankly, unnecessary). He reminds us of those cats who know exactly <strong data-start=\"1204\" data-end=\"1252\">how to press the right emotional button<\/strong>, with a well-placed little &#8220;mew&#8221; or a paw on the knee.  <\/p>\n<hr data-start=\"1313\" data-end=\"1316\">\n<h3 data-start=\"1318\" data-end=\"1364\">\u2728 A bright, expressive wall piece<\/h3>\n<p data-start=\"1366\" data-end=\"1710\">Every detail of this work was hand-crafted in <strong data-start=\"1422\" data-end=\"1440\">fused glass<\/strong> at the Perc\u00e9-Verre workshop in Quebec. The artist, <strong data-start=\"1494\" data-end=\"1514\">St\u00e9phanie B\u00e9land<\/strong>, has played with textures, transparency and contrasts to <strong data-start=\"1581\" data-end=\"1607\">create a lively<\/strong>, almost interactive <strong data-start=\"1581\" data-end=\"1607\">look<\/strong>. Oscar seems to be talking to us. He seems to be asking us&#8230; for a little something more.   <\/p>\n<hr data-start=\"1712\" data-end=\"1715\">\n<h3 data-start=\"1717\" data-end=\"1764\">\ud83d\udca1 An irresistible addition to your collection<\/h3>\n<p data-start=\"1766\" data-end=\"2049\">This original work by Oscar is perfect for those who love <strong data-start=\"1840\" data-end=\"1859\">art that speaks<\/strong>, touches and makes you smile. It&#8217;ll bring a touch of<strong data-start=\"1936\" data-end=\"1960\">refined mischief<\/strong>, heartfelt emotion and, perhaps, a desire to give your own cat a treat! <\/p>\n<h3>Specifications<\/h3>\n<ul>\n<li><strong>Dimensions:<\/strong> 10 inches x 26 inches<\/li>\n<li><strong>Materials:<\/strong>\n<ul>\n<li>Work in fused glass<\/li>\n<li>Quality frame with black Italian wood mouldings<\/li>\n<li>Vinyl base resistant to humidity and temperature changes<\/li>\n<\/ul>\n<\/li>\n<\/ul>\n<p>&nbsp;<\/p>\n<p>To find out more about designer St\u00e9phanie B\u00e9land, <a href=\"https:\/\/www.perce-verre.com\/en\/about-us\/\">click here.<\/a> Follow us on our social networks for news, videos and behind-the-scenes looks at our creations.<a href=\"https:\/\/www.facebook.com\/perceverre\/\">(Facebook<\/a>, <a href=\"https:\/\/www.instagram.com\/perceverre\/\">Instagram<\/a>)<\/p>\n","protected":false},"excerpt":{"rendered":"<p><strong data-start=\"302\" data-end=\"311\">Oscar<\/strong> is the feline embodiment of the power of persuasion. With his big, bright eyes, pleading expression and slightly tilted head, he doesn <strong data-start=\"457\" data-end=\"516\">&#8216;t need to meow loudly to make himself understood<\/strong>. One look, and it&#8217;s all over: cuddles, treats, kisses&#8230; you name it! And the worst part? We love it.    <\/p>\n<p>&nbsp;<\/p>\n<ul>\n<li>\n<h3>Specifications<\/h3>\n<ul>\n<li><strong>Dimensions:<\/strong> 10 inches x 26 inches<\/li>\n<li><strong>Materials:<\/strong>\n<ul>\n<li>Work in fused glass<\/li>\n<li>Quality frame with black Italian wood mouldings<\/li>\n<li>Vinyl base resistant to humidity and temperature changes<\/li>\n<\/ul>\n<\/li>\n<\/ul>\n<\/li>\n<\/ul>\n","protected":false},"featured_media":12778,"comment_status":"open","ping_status":"closed","template":"","meta":[],"product_brand":[],"product_cat":[1429,891,545],"product_tag":[552,554,558,560],"giftcard-category":[],"class_list":{"0":"post-10679","1":"product","2":"type-product","3":"status-publish","4":"has-post-thumbnail","6":"product_cat-animal-collection","7":"product_cat-cat-collection","8":"product_cat-decoration-en","9":"product_tag-art-deco-en","10":"product_tag-cat","11":"product_tag-decoration-en","12":"product_tag-work-of-art","14":"first","15":"outofstock","16":"sold-individually","17":"taxable","18":"shipping-taxable","19":"product-type-simple"},"yoast_head":"<!-- This site is optimized with the Yoast SEO plugin v27.4 - https:\/\/yoast.com\/product\/yoast-seo-wordpress\/ -->\n<title>Oscar (Adopted) - Wall work - Perc\u00e9-Verre<\/title>\n<meta name=\"description\" content=\"Discover &quot;Oscar&quot; from our Art Deco collection. Immerse yourself in a world of originality and excellence, where each piece is an invitation to marvel.\" \/>\n<meta name=\"robots\" content=\"index, follow, max-snippet:-1, max-image-preview:large, max-video-preview:-1\" \/>\n<link rel=\"canonical\" href=\"https:\/\/www.perce-verre.com\/en\/product\/oscar\/\" \/>\n<meta property=\"og:locale\" content=\"en_US\" \/>\n<meta property=\"og:type\" content=\"article\" \/>\n<meta property=\"og:title\" content=\"Oscar (Adopted) - Wall work - Perc\u00e9-Verre\" \/>\n<meta property=\"og:description\" content=\"Discover &quot;Oscar&quot; from our Art Deco collection. Immerse yourself in a world of originality and excellence, where each piece is an invitation to marvel.\" \/>\n<meta property=\"og:url\" content=\"https:\/\/www.perce-verre.com\/en\/product\/oscar\/\" \/>\n<meta property=\"og:site_name\" content=\"Perc\u00e9-Verre\" \/>\n<meta property=\"article:modified_time\" content=\"2025-09-12T17:17:22+00:00\" \/>\n<meta property=\"og:image\" content=\"https:\/\/www.perce-verre.com\/wp-content\/uploads\/2024\/02\/Chat-en-verre-fusionne_Perce-Verre_Art-deco_artwork_catslovers_OSCAR-2.jpg\" \/>\n\t<meta property=\"og:image:width\" content=\"1097\" \/>\n\t<meta property=\"og:image:height\" content=\"768\" \/>\n\t<meta property=\"og:image:type\" content=\"image\/jpeg\" \/>\n<meta name=\"twitter:card\" content=\"summary_large_image\" \/>\n<meta name=\"twitter:label1\" content=\"Est. reading time\" \/>\n\t<meta name=\"twitter:data1\" content=\"2 minutes\" \/>\n<script type=\"application\/ld+json\" class=\"yoast-schema-graph\">{\"@context\":\"https:\\\/\\\/schema.org\",\"@graph\":[{\"@type\":\"WebPage\",\"@id\":\"https:\\\/\\\/www.perce-verre.com\\\/en\\\/product\\\/oscar\\\/\",\"url\":\"https:\\\/\\\/www.perce-verre.com\\\/en\\\/product\\\/oscar\\\/\",\"name\":\"Oscar (Adopted) - Wall work - Perc\u00e9-Verre\",\"isPartOf\":{\"@id\":\"https:\\\/\\\/www.perce-verre.com\\\/en\\\/#website\"},\"primaryImageOfPage\":{\"@id\":\"https:\\\/\\\/www.perce-verre.com\\\/en\\\/product\\\/oscar\\\/#primaryimage\"},\"image\":{\"@id\":\"https:\\\/\\\/www.perce-verre.com\\\/en\\\/product\\\/oscar\\\/#primaryimage\"},\"thumbnailUrl\":\"https:\\\/\\\/www.perce-verre.com\\\/wp-content\\\/uploads\\\/2024\\\/02\\\/Chat-en-verre-fusionne_Perce-Verre_Art-deco_artwork_catslovers_OSCAR-2.jpg\",\"datePublished\":\"2024-02-23T20:54:42+00:00\",\"dateModified\":\"2025-09-12T17:17:22+00:00\",\"description\":\"Discover \\\"Oscar\\\" from our Art Deco collection. Immerse yourself in a world of originality and excellence, where each piece is an invitation to marvel.\",\"breadcrumb\":{\"@id\":\"https:\\\/\\\/www.perce-verre.com\\\/en\\\/product\\\/oscar\\\/#breadcrumb\"},\"inLanguage\":\"en-US\",\"potentialAction\":[{\"@type\":\"ReadAction\",\"target\":[\"https:\\\/\\\/www.perce-verre.com\\\/en\\\/product\\\/oscar\\\/\"]}]},{\"@type\":\"ImageObject\",\"inLanguage\":\"en-US\",\"@id\":\"https:\\\/\\\/www.perce-verre.com\\\/en\\\/product\\\/oscar\\\/#primaryimage\",\"url\":\"https:\\\/\\\/www.perce-verre.com\\\/wp-content\\\/uploads\\\/2024\\\/02\\\/Chat-en-verre-fusionne_Perce-Verre_Art-deco_artwork_catslovers_OSCAR-2.jpg\",\"contentUrl\":\"https:\\\/\\\/www.perce-verre.com\\\/wp-content\\\/uploads\\\/2024\\\/02\\\/Chat-en-verre-fusionne_Perce-Verre_Art-deco_artwork_catslovers_OSCAR-2.jpg\",\"width\":1097,\"height\":768,\"caption\":\"Fused glass cat_Perc\u00e9-Glass_Art deco_artwork_catslovers_OSCAR\"},{\"@type\":\"BreadcrumbList\",\"@id\":\"https:\\\/\\\/www.perce-verre.com\\\/en\\\/product\\\/oscar\\\/#breadcrumb\",\"itemListElement\":[{\"@type\":\"ListItem\",\"position\":1,\"name\":\"Accueil\",\"item\":\"https:\\\/\\\/www.perce-verre.com\\\/en\\\/\"},{\"@type\":\"ListItem\",\"position\":2,\"name\":\"Store\",\"item\":\"https:\\\/\\\/www.perce-verre.com\\\/en\\\/shop\\\/\"},{\"@type\":\"ListItem\",\"position\":3,\"name\":\"Oscar (Adopted)\"}]},{\"@type\":\"WebSite\",\"@id\":\"https:\\\/\\\/www.perce-verre.com\\\/en\\\/#website\",\"url\":\"https:\\\/\\\/www.perce-verre.com\\\/en\\\/\",\"name\":\"Perc\u00e9-Verre\",\"description\":\"Cadeaux uniques et des cr\u00e9ations qu\u00e9b\u00e9coises\",\"potentialAction\":[{\"@type\":\"SearchAction\",\"target\":{\"@type\":\"EntryPoint\",\"urlTemplate\":\"https:\\\/\\\/www.perce-verre.com\\\/en\\\/?s={search_term_string}\"},\"query-input\":{\"@type\":\"PropertyValueSpecification\",\"valueRequired\":true,\"valueName\":\"search_term_string\"}}],\"inLanguage\":\"en-US\"}]}<\/script>\n<!-- \/ Yoast SEO plugin. -->","yoast_head_json":{"title":"Oscar (Adopted) - Wall work - Perc\u00e9-Verre","description":"Discover \"Oscar\" from our Art Deco collection. Immerse yourself in a world of originality and excellence, where each piece is an invitation to marvel.","robots":{"index":"index","follow":"follow","max-snippet":"max-snippet:-1","max-image-preview":"max-image-preview:large","max-video-preview":"max-video-preview:-1"},"canonical":"https:\/\/www.perce-verre.com\/en\/product\/oscar\/","og_locale":"en_US","og_type":"article","og_title":"Oscar (Adopted) - Wall work - Perc\u00e9-Verre","og_description":"Discover \"Oscar\" from our Art Deco collection. Immerse yourself in a world of originality and excellence, where each piece is an invitation to marvel.","og_url":"https:\/\/www.perce-verre.com\/en\/product\/oscar\/","og_site_name":"Perc\u00e9-Verre","article_modified_time":"2025-09-12T17:17:22+00:00","og_image":[{"width":1097,"height":768,"url":"https:\/\/www.perce-verre.com\/wp-content\/uploads\/2024\/02\/Chat-en-verre-fusionne_Perce-Verre_Art-deco_artwork_catslovers_OSCAR-2.jpg","type":"image\/jpeg"}],"twitter_card":"summary_large_image","twitter_misc":{"Est. reading time":"2 minutes"},"schema":{"@context":"https:\/\/schema.org","@graph":[{"@type":"WebPage","@id":"https:\/\/www.perce-verre.com\/en\/product\/oscar\/","url":"https:\/\/www.perce-verre.com\/en\/product\/oscar\/","name":"Oscar (Adopted) - Wall work - Perc\u00e9-Verre","isPartOf":{"@id":"https:\/\/www.perce-verre.com\/en\/#website"},"primaryImageOfPage":{"@id":"https:\/\/www.perce-verre.com\/en\/product\/oscar\/#primaryimage"},"image":{"@id":"https:\/\/www.perce-verre.com\/en\/product\/oscar\/#primaryimage"},"thumbnailUrl":"https:\/\/www.perce-verre.com\/wp-content\/uploads\/2024\/02\/Chat-en-verre-fusionne_Perce-Verre_Art-deco_artwork_catslovers_OSCAR-2.jpg","datePublished":"2024-02-23T20:54:42+00:00","dateModified":"2025-09-12T17:17:22+00:00","description":"Discover \"Oscar\" from our Art Deco collection. Immerse yourself in a world of originality and excellence, where each piece is an invitation to marvel.","breadcrumb":{"@id":"https:\/\/www.perce-verre.com\/en\/product\/oscar\/#breadcrumb"},"inLanguage":"en-US","potentialAction":[{"@type":"ReadAction","target":["https:\/\/www.perce-verre.com\/en\/product\/oscar\/"]}]},{"@type":"ImageObject","inLanguage":"en-US","@id":"https:\/\/www.perce-verre.com\/en\/product\/oscar\/#primaryimage","url":"https:\/\/www.perce-verre.com\/wp-content\/uploads\/2024\/02\/Chat-en-verre-fusionne_Perce-Verre_Art-deco_artwork_catslovers_OSCAR-2.jpg","contentUrl":"https:\/\/www.perce-verre.com\/wp-content\/uploads\/2024\/02\/Chat-en-verre-fusionne_Perce-Verre_Art-deco_artwork_catslovers_OSCAR-2.jpg","width":1097,"height":768,"caption":"Fused glass cat_Perc\u00e9-Glass_Art deco_artwork_catslovers_OSCAR"},{"@type":"BreadcrumbList","@id":"https:\/\/www.perce-verre.com\/en\/product\/oscar\/#breadcrumb","itemListElement":[{"@type":"ListItem","position":1,"name":"Accueil","item":"https:\/\/www.perce-verre.com\/en\/"},{"@type":"ListItem","position":2,"name":"Store","item":"https:\/\/www.perce-verre.com\/en\/shop\/"},{"@type":"ListItem","position":3,"name":"Oscar (Adopted)"}]},{"@type":"WebSite","@id":"https:\/\/www.perce-verre.com\/en\/#website","url":"https:\/\/www.perce-verre.com\/en\/","name":"Perc\u00e9-Verre","description":"Cadeaux uniques et des cr\u00e9ations qu\u00e9b\u00e9coises","potentialAction":[{"@type":"SearchAction","target":{"@type":"EntryPoint","urlTemplate":"https:\/\/www.perce-verre.com\/en\/?s={search_term_string}"},"query-input":{"@type":"PropertyValueSpecification","valueRequired":true,"valueName":"search_term_string"}}],"inLanguage":"en-US"}]}},"wcpa_form_fields":null,"_links":{"self":[{"href":"https:\/\/www.perce-verre.com\/en\/wp-json\/wp\/v2\/product\/10679","targetHints":{"allow":["GET"]}}],"collection":[{"href":"https:\/\/www.perce-verre.com\/en\/wp-json\/wp\/v2\/product"}],"about":[{"href":"https:\/\/www.perce-verre.com\/en\/wp-json\/wp\/v2\/types\/product"}],"replies":[{"embeddable":true,"href":"https:\/\/www.perce-verre.com\/en\/wp-json\/wp\/v2\/comments?post=10679"}],"wp:featuredmedia":[{"embeddable":true,"href":"https:\/\/www.perce-verre.com\/en\/wp-json\/wp\/v2\/media\/12778"}],"wp:attachment":[{"href":"https:\/\/www.perce-verre.com\/en\/wp-json\/wp\/v2\/media?parent=10679"}],"wp:term":[{"taxonomy":"product_brand","embeddable":true,"href":"https:\/\/www.perce-verre.com\/en\/wp-json\/wp\/v2\/product_brand?post=10679"},{"taxonomy":"product_cat","embeddable":true,"href":"https:\/\/www.perce-verre.com\/en\/wp-json\/wp\/v2\/product_cat?post=10679"},{"taxonomy":"product_tag","embeddable":true,"href":"https:\/\/www.perce-verre.com\/en\/wp-json\/wp\/v2\/product_tag?post=10679"},{"taxonomy":"giftcard-category","embeddable":true,"href":"https:\/\/www.perce-verre.com\/en\/wp-json\/wp\/v2\/giftcard-category?post=10679"}],"curies":[{"name":"wp","href":"https:\/\/api.w.org\/{rel}","templated":true}]}}