{"id":10681,"date":"2024-01-14T16:34:59","date_gmt":"2024-01-14T21:34:59","guid":{"rendered":"https:\/\/www.perce-verre.com\/produit\/turquoise-heart-key-ring\/"},"modified":"2024-08-14T09:50:07","modified_gmt":"2024-08-14T13:50:07","slug":"turquoise-heart-key-ring","status":"publish","type":"product","link":"https:\/\/www.perce-verre.com\/en\/product\/turquoise-heart-key-ring\/","title":{"rendered":"&#8220;Turquoise heart&#8221; key ring"},"content":{"rendered":"<p>Radiate originality with the &#8220;TURQUOISE HEART&#8221; key ring<br \/>\nEach piece of jewelry is created with carefully selected pieces of vividly colored glass, cut, arranged and fired in a fusion furnace for lasting brilliance. The key rings are then suspended from a metal ring and presented in a pretty velvet pouch.<\/p>\n<p><strong>Turquoise Heart&#8221; key rings are a great value for many reasons:<\/strong><\/p>\n<p>Unique pieces in vibrant colors<br \/>\nComes in a pretty velvet pouch<br \/>\nMade of noble, durable materials<br \/>\nThey&#8217;re perfect as thank-you gifts, for teachers, employees, etc.<\/p>\n<p>*Key ring dimensions:<\/p>\n<p>LARGE: 31mm x 33mm approx.<\/p>\n<p>SMALL: 23mm x 25mm approx.<\/p>\n","protected":false},"excerpt":{"rendered":"<p>Radiate originality with the &#8220;COEUR turquoise&#8221; key ring.<\/p>\n<p>Each piece of jewelry is created with carefully selected pieces of vividly colored glass, cut, arranged and fired in a fusion furnace for lasting brilliance. The key rings are then suspended from a metal ring and presented in a pretty velvet pouch.<\/p>\n<p><strong>Turquoise Heart&#8221; key rings are a great value for many reasons:<\/strong><br \/>\nUnique pieces in vibrant colors<br \/>\nComes in a pretty velvet pouch<br \/>\nMade of noble, durable materials<br \/>\nThey&#8217;re perfect as thank-you gifts, for teachers, employees, etc.<\/p>\n<p>*Key ring dimensions:<\/p>\n<p>LARGE: 31mm x 33mm approx.<\/p>\n<p>SMALL: 23mm x 25mm approx.<\/p>\n","protected":false},"featured_media":10614,"comment_status":"open","ping_status":"closed","template":"","meta":[],"product_brand":[],"product_cat":[531,537],"product_tag":[536,538,539,540],"giftcard-category":[],"class_list":{"0":"post-10681","1":"product","2":"type-product","3":"status-publish","4":"has-post-thumbnail","6":"product_cat-accessories","7":"product_cat-handmade-glass-keychains","8":"product_tag-gift-idea","9":"product_tag-heart","10":"product_tag-key-ring","11":"product_tag-turquoise-en","13":"first","14":"instock","15":"taxable","16":"shipping-taxable","17":"purchasable","18":"product-type-variable"},"yoast_head":"<!-- This site is optimized with the Yoast SEO plugin v27.4 - https:\/\/yoast.com\/product\/yoast-seo-wordpress\/ -->\n<title>&quot;Turquoise heart&quot; key ring - Perc\u00e9-Verre<\/title>\n<meta name=\"description\" content=\"Be original with a &quot;Turquoise Heart&quot; key ring. Love is highlighted with this fused glass piece! Fast delivery!\" \/>\n<meta name=\"robots\" content=\"index, follow, max-snippet:-1, max-image-preview:large, max-video-preview:-1\" \/>\n<link rel=\"canonical\" href=\"https:\/\/www.perce-verre.com\/en\/product\/turquoise-heart-key-ring\/\" \/>\n<meta property=\"og:locale\" content=\"en_US\" \/>\n<meta property=\"og:type\" content=\"article\" \/>\n<meta property=\"og:title\" content=\"&quot;Turquoise heart&quot; key ring - Perc\u00e9-Verre\" \/>\n<meta property=\"og:description\" content=\"Be original with a &quot;Turquoise Heart&quot; key ring. Love is highlighted with this fused glass piece! Fast delivery!\" \/>\n<meta property=\"og:url\" content=\"https:\/\/www.perce-verre.com\/en\/product\/turquoise-heart-key-ring\/\" \/>\n<meta property=\"og:site_name\" content=\"Perc\u00e9-Verre\" \/>\n<meta property=\"article:modified_time\" content=\"2024-08-14T13:50:07+00:00\" \/>\n<meta property=\"og:image\" content=\"https:\/\/www.perce-verre.com\/wp-content\/uploads\/2023\/01\/www.perce-verre.com-porte-cles-coeur-rose-en-verre-fusionne-porte-cles-bleu-coeur-st-valentin-bijouterie-verre-idee-cadeau-amour-perce-verre-3.jpg\" \/>\n\t<meta property=\"og:image:width\" content=\"900\" \/>\n\t<meta property=\"og:image:height\" content=\"630\" \/>\n\t<meta property=\"og:image:type\" content=\"image\/jpeg\" \/>\n<meta name=\"twitter:card\" content=\"summary_large_image\" \/>\n<meta name=\"twitter:label1\" content=\"Est. reading time\" \/>\n\t<meta name=\"twitter:data1\" content=\"1 minute\" \/>\n<script type=\"application\/ld+json\" class=\"yoast-schema-graph\">{\"@context\":\"https:\\\/\\\/schema.org\",\"@graph\":[{\"@type\":\"WebPage\",\"@id\":\"https:\\\/\\\/www.perce-verre.com\\\/en\\\/product\\\/turquoise-heart-key-ring\\\/\",\"url\":\"https:\\\/\\\/www.perce-verre.com\\\/en\\\/product\\\/turquoise-heart-key-ring\\\/\",\"name\":\"\\\"Turquoise heart\\\" key ring - Perc\u00e9-Verre\",\"isPartOf\":{\"@id\":\"https:\\\/\\\/www.perce-verre.com\\\/en\\\/#website\"},\"primaryImageOfPage\":{\"@id\":\"https:\\\/\\\/www.perce-verre.com\\\/en\\\/product\\\/turquoise-heart-key-ring\\\/#primaryimage\"},\"image\":{\"@id\":\"https:\\\/\\\/www.perce-verre.com\\\/en\\\/product\\\/turquoise-heart-key-ring\\\/#primaryimage\"},\"thumbnailUrl\":\"https:\\\/\\\/www.perce-verre.com\\\/wp-content\\\/uploads\\\/2023\\\/01\\\/www.perce-verre.com-porte-cles-coeur-rose-en-verre-fusionne-porte-cles-bleu-coeur-st-valentin-bijouterie-verre-idee-cadeau-amour-perce-verre-3.jpg\",\"datePublished\":\"2024-01-14T21:34:59+00:00\",\"dateModified\":\"2024-08-14T13:50:07+00:00\",\"description\":\"Be original with a \\\"Turquoise Heart\\\" key ring. Love is highlighted with this fused glass piece! Fast delivery!\",\"breadcrumb\":{\"@id\":\"https:\\\/\\\/www.perce-verre.com\\\/en\\\/product\\\/turquoise-heart-key-ring\\\/#breadcrumb\"},\"inLanguage\":\"en-US\",\"potentialAction\":[{\"@type\":\"ReadAction\",\"target\":[\"https:\\\/\\\/www.perce-verre.com\\\/en\\\/product\\\/turquoise-heart-key-ring\\\/\"]}]},{\"@type\":\"ImageObject\",\"inLanguage\":\"en-US\",\"@id\":\"https:\\\/\\\/www.perce-verre.com\\\/en\\\/product\\\/turquoise-heart-key-ring\\\/#primaryimage\",\"url\":\"https:\\\/\\\/www.perce-verre.com\\\/wp-content\\\/uploads\\\/2023\\\/01\\\/www.perce-verre.com-porte-cles-coeur-rose-en-verre-fusionne-porte-cles-bleu-coeur-st-valentin-bijouterie-verre-idee-cadeau-amour-perce-verre-3.jpg\",\"contentUrl\":\"https:\\\/\\\/www.perce-verre.com\\\/wp-content\\\/uploads\\\/2023\\\/01\\\/www.perce-verre.com-porte-cles-coeur-rose-en-verre-fusionne-porte-cles-bleu-coeur-st-valentin-bijouterie-verre-idee-cadeau-amour-perce-verre-3.jpg\",\"width\":900,\"height\":630,\"caption\":\"Turquoise heart key ring\"},{\"@type\":\"BreadcrumbList\",\"@id\":\"https:\\\/\\\/www.perce-verre.com\\\/en\\\/product\\\/turquoise-heart-key-ring\\\/#breadcrumb\",\"itemListElement\":[{\"@type\":\"ListItem\",\"position\":1,\"name\":\"Accueil\",\"item\":\"https:\\\/\\\/www.perce-verre.com\\\/en\\\/\"},{\"@type\":\"ListItem\",\"position\":2,\"name\":\"Store\",\"item\":\"https:\\\/\\\/www.perce-verre.com\\\/en\\\/shop\\\/\"},{\"@type\":\"ListItem\",\"position\":3,\"name\":\"&#8220;Turquoise heart&#8221; key ring\"}]},{\"@type\":\"WebSite\",\"@id\":\"https:\\\/\\\/www.perce-verre.com\\\/en\\\/#website\",\"url\":\"https:\\\/\\\/www.perce-verre.com\\\/en\\\/\",\"name\":\"Perc\u00e9-Verre\",\"description\":\"Cadeaux uniques et des cr\u00e9ations qu\u00e9b\u00e9coises\",\"potentialAction\":[{\"@type\":\"SearchAction\",\"target\":{\"@type\":\"EntryPoint\",\"urlTemplate\":\"https:\\\/\\\/www.perce-verre.com\\\/en\\\/?s={search_term_string}\"},\"query-input\":{\"@type\":\"PropertyValueSpecification\",\"valueRequired\":true,\"valueName\":\"search_term_string\"}}],\"inLanguage\":\"en-US\"}]}<\/script>\n<!-- \/ Yoast SEO plugin. -->","yoast_head_json":{"title":"\"Turquoise heart\" key ring - Perc\u00e9-Verre","description":"Be original with a \"Turquoise Heart\" key ring. Love is highlighted with this fused glass piece! Fast delivery!","robots":{"index":"index","follow":"follow","max-snippet":"max-snippet:-1","max-image-preview":"max-image-preview:large","max-video-preview":"max-video-preview:-1"},"canonical":"https:\/\/www.perce-verre.com\/en\/product\/turquoise-heart-key-ring\/","og_locale":"en_US","og_type":"article","og_title":"\"Turquoise heart\" key ring - Perc\u00e9-Verre","og_description":"Be original with a \"Turquoise Heart\" key ring. Love is highlighted with this fused glass piece! Fast delivery!","og_url":"https:\/\/www.perce-verre.com\/en\/product\/turquoise-heart-key-ring\/","og_site_name":"Perc\u00e9-Verre","article_modified_time":"2024-08-14T13:50:07+00:00","og_image":[{"width":900,"height":630,"url":"https:\/\/www.perce-verre.com\/wp-content\/uploads\/2023\/01\/www.perce-verre.com-porte-cles-coeur-rose-en-verre-fusionne-porte-cles-bleu-coeur-st-valentin-bijouterie-verre-idee-cadeau-amour-perce-verre-3.jpg","type":"image\/jpeg"}],"twitter_card":"summary_large_image","twitter_misc":{"Est. reading time":"1 minute"},"schema":{"@context":"https:\/\/schema.org","@graph":[{"@type":"WebPage","@id":"https:\/\/www.perce-verre.com\/en\/product\/turquoise-heart-key-ring\/","url":"https:\/\/www.perce-verre.com\/en\/product\/turquoise-heart-key-ring\/","name":"\"Turquoise heart\" key ring - Perc\u00e9-Verre","isPartOf":{"@id":"https:\/\/www.perce-verre.com\/en\/#website"},"primaryImageOfPage":{"@id":"https:\/\/www.perce-verre.com\/en\/product\/turquoise-heart-key-ring\/#primaryimage"},"image":{"@id":"https:\/\/www.perce-verre.com\/en\/product\/turquoise-heart-key-ring\/#primaryimage"},"thumbnailUrl":"https:\/\/www.perce-verre.com\/wp-content\/uploads\/2023\/01\/www.perce-verre.com-porte-cles-coeur-rose-en-verre-fusionne-porte-cles-bleu-coeur-st-valentin-bijouterie-verre-idee-cadeau-amour-perce-verre-3.jpg","datePublished":"2024-01-14T21:34:59+00:00","dateModified":"2024-08-14T13:50:07+00:00","description":"Be original with a \"Turquoise Heart\" key ring. Love is highlighted with this fused glass piece! Fast delivery!","breadcrumb":{"@id":"https:\/\/www.perce-verre.com\/en\/product\/turquoise-heart-key-ring\/#breadcrumb"},"inLanguage":"en-US","potentialAction":[{"@type":"ReadAction","target":["https:\/\/www.perce-verre.com\/en\/product\/turquoise-heart-key-ring\/"]}]},{"@type":"ImageObject","inLanguage":"en-US","@id":"https:\/\/www.perce-verre.com\/en\/product\/turquoise-heart-key-ring\/#primaryimage","url":"https:\/\/www.perce-verre.com\/wp-content\/uploads\/2023\/01\/www.perce-verre.com-porte-cles-coeur-rose-en-verre-fusionne-porte-cles-bleu-coeur-st-valentin-bijouterie-verre-idee-cadeau-amour-perce-verre-3.jpg","contentUrl":"https:\/\/www.perce-verre.com\/wp-content\/uploads\/2023\/01\/www.perce-verre.com-porte-cles-coeur-rose-en-verre-fusionne-porte-cles-bleu-coeur-st-valentin-bijouterie-verre-idee-cadeau-amour-perce-verre-3.jpg","width":900,"height":630,"caption":"Turquoise heart key ring"},{"@type":"BreadcrumbList","@id":"https:\/\/www.perce-verre.com\/en\/product\/turquoise-heart-key-ring\/#breadcrumb","itemListElement":[{"@type":"ListItem","position":1,"name":"Accueil","item":"https:\/\/www.perce-verre.com\/en\/"},{"@type":"ListItem","position":2,"name":"Store","item":"https:\/\/www.perce-verre.com\/en\/shop\/"},{"@type":"ListItem","position":3,"name":"&#8220;Turquoise heart&#8221; key ring"}]},{"@type":"WebSite","@id":"https:\/\/www.perce-verre.com\/en\/#website","url":"https:\/\/www.perce-verre.com\/en\/","name":"Perc\u00e9-Verre","description":"Cadeaux uniques et des cr\u00e9ations qu\u00e9b\u00e9coises","potentialAction":[{"@type":"SearchAction","target":{"@type":"EntryPoint","urlTemplate":"https:\/\/www.perce-verre.com\/en\/?s={search_term_string}"},"query-input":{"@type":"PropertyValueSpecification","valueRequired":true,"valueName":"search_term_string"}}],"inLanguage":"en-US"}]}},"wcpa_form_fields":null,"_links":{"self":[{"href":"https:\/\/www.perce-verre.com\/en\/wp-json\/wp\/v2\/product\/10681","targetHints":{"allow":["GET"]}}],"collection":[{"href":"https:\/\/www.perce-verre.com\/en\/wp-json\/wp\/v2\/product"}],"about":[{"href":"https:\/\/www.perce-verre.com\/en\/wp-json\/wp\/v2\/types\/product"}],"replies":[{"embeddable":true,"href":"https:\/\/www.perce-verre.com\/en\/wp-json\/wp\/v2\/comments?post=10681"}],"wp:featuredmedia":[{"embeddable":true,"href":"https:\/\/www.perce-verre.com\/en\/wp-json\/wp\/v2\/media\/10614"}],"wp:attachment":[{"href":"https:\/\/www.perce-verre.com\/en\/wp-json\/wp\/v2\/media?parent=10681"}],"wp:term":[{"taxonomy":"product_brand","embeddable":true,"href":"https:\/\/www.perce-verre.com\/en\/wp-json\/wp\/v2\/product_brand?post=10681"},{"taxonomy":"product_cat","embeddable":true,"href":"https:\/\/www.perce-verre.com\/en\/wp-json\/wp\/v2\/product_cat?post=10681"},{"taxonomy":"product_tag","embeddable":true,"href":"https:\/\/www.perce-verre.com\/en\/wp-json\/wp\/v2\/product_tag?post=10681"},{"taxonomy":"giftcard-category","embeddable":true,"href":"https:\/\/www.perce-verre.com\/en\/wp-json\/wp\/v2\/giftcard-category?post=10681"}],"curies":[{"name":"wp","href":"https:\/\/api.w.org\/{rel}","templated":true}]}}