{"id":10903,"date":"2023-01-18T17:18:38","date_gmt":"2023-01-18T22:18:38","guid":{"rendered":"https:\/\/www.perce-verre.com\/?post_type=product&#038;p=10903"},"modified":"2024-08-14T10:33:51","modified_gmt":"2024-08-14T14:33:51","slug":"purple-heart-key-ring-in-fused-glass","status":"publish","type":"product","link":"https:\/\/www.perce-verre.com\/en\/product\/purple-heart-key-ring-in-fused-glass\/","title":{"rendered":"&#8220;Purple heart&#8221; key ring in fused glass"},"content":{"rendered":"<p>Shine with originality with the &#8220;purple Heart&#8221; key ring.<\/p>\n<p>Each piece of jewelry is created with carefully selected pieces of vividly colored glass, cut, arranged and cooked in a fusion oven for lasting brilliance. The key rings are then suspended from a metal ring and presented in a pretty velvet pouch.<br \/>\n&#8220;Purple Heart&#8221; key rings are a great value for many reasons:<br \/>\nUnique pieces in vibrant colors<br \/>\nComes in a pretty velvet pouch<br \/>\nMade of noble, durable materials<br \/>\nThey&#8217;re perfect as thank-you gifts, for teachers, employees, etc.<\/p>\n<p>*Dimensions of key ring #2: 35mm x 35mm approx.<\/p>\n","protected":false},"excerpt":{"rendered":"<p>Shine with originality with the &#8220;COEUR mauve&#8221; key ring.<\/p>\n<p>Each piece of jewelry is created with carefully selected pieces of vividly colored glass, cut, arranged and fired in a fusion oven for lasting brilliance. The key rings are then suspended from a metal ring and presented in a pretty velvet pouch.<br \/>\n&#8220;Purple Heartt&#8221; key rings are a great value for many reasons:<br \/>\nUnique pieces in vibrant colors<br \/>\nComes in a pretty velvet pouch<br \/>\nMade of noble, durable materials<br \/>\nThey&#8217;re perfect as thank-you gifts, for teachers, employees, etc.<\/p>\n<p>*Dimensions of key ring #2: 30mm x 30mm approx.<\/p>\n","protected":false},"featured_media":10445,"comment_status":"open","ping_status":"closed","template":"","meta":[],"product_brand":[],"product_cat":[542,607,541],"product_tag":[536,538,539,553,608],"giftcard-category":[],"class_list":{"0":"post-10903","1":"product","2":"type-product","3":"status-publish","4":"has-post-thumbnail","6":"product_cat-love-collection","7":"product_cat-love-collection-en-bracelets-en","8":"product_cat-jewelry-set","9":"product_tag-gift-idea","10":"product_tag-heart","11":"product_tag-key-ring","12":"product_tag-red","13":"product_tag-white","14":"pa_choix-des-bijoux-1-en","15":"pa_choix-des-bijoux-2-en","16":"pa_choix-des-bijoux-3-en","17":"pa_choix-des-bijoux-4-en","18":"pa_choix-des-bijoux-5-en","19":"pa_choix-des-bijoux-6-en","20":"wcpa_has_options","22":"first","23":"onbackorder","24":"taxable","25":"shipping-taxable","26":"purchasable","27":"product-type-variable"},"yoast_head":"<!-- This site is optimized with the Yoast SEO plugin v27.4 - https:\/\/yoast.com\/product\/yoast-seo-wordpress\/ -->\n<title>&quot;Purple heart&quot; key ring in fused glass - Perc\u00e9-Verre<\/title>\n<meta name=\"description\" content=\"Be original with a &quot;Purple Heart&quot; key ring. Love is highlighted with this fused glass piece! Fast delivery!\" \/>\n<meta name=\"robots\" content=\"index, follow, max-snippet:-1, max-image-preview:large, max-video-preview:-1\" \/>\n<link rel=\"canonical\" href=\"https:\/\/www.perce-verre.com\/en\/product\/purple-heart-key-ring-in-fused-glass\/\" \/>\n<meta property=\"og:locale\" content=\"en_US\" \/>\n<meta property=\"og:type\" content=\"article\" \/>\n<meta property=\"og:title\" content=\"&quot;Purple heart&quot; key ring in fused glass - Perc\u00e9-Verre\" \/>\n<meta property=\"og:description\" content=\"Be original with a &quot;Purple Heart&quot; key ring. Love is highlighted with this fused glass piece! Fast delivery!\" \/>\n<meta property=\"og:url\" content=\"https:\/\/www.perce-verre.com\/en\/product\/purple-heart-key-ring-in-fused-glass\/\" \/>\n<meta property=\"og:site_name\" content=\"Perc\u00e9-Verre\" \/>\n<meta property=\"article:modified_time\" content=\"2024-08-14T14:33:51+00:00\" \/>\n<meta property=\"og:image\" content=\"https:\/\/www.perce-verre.com\/wp-content\/uploads\/2022\/01\/www.perce-verre.com-ensemble-bijoux-coeur-rouge-blanc-6-porte-cles-coeur-st-valentin-perce-verre-mauve-7.jpg\" \/>\n\t<meta property=\"og:image:width\" content=\"900\" \/>\n\t<meta property=\"og:image:height\" content=\"630\" \/>\n\t<meta property=\"og:image:type\" content=\"image\/jpeg\" \/>\n<meta name=\"twitter:card\" content=\"summary_large_image\" \/>\n<meta name=\"twitter:label1\" content=\"Est. reading time\" \/>\n\t<meta name=\"twitter:data1\" content=\"1 minute\" \/>\n<script type=\"application\/ld+json\" class=\"yoast-schema-graph\">{\"@context\":\"https:\\\/\\\/schema.org\",\"@graph\":[{\"@type\":\"WebPage\",\"@id\":\"https:\\\/\\\/www.perce-verre.com\\\/en\\\/product\\\/purple-heart-key-ring-in-fused-glass\\\/\",\"url\":\"https:\\\/\\\/www.perce-verre.com\\\/en\\\/product\\\/purple-heart-key-ring-in-fused-glass\\\/\",\"name\":\"\\\"Purple heart\\\" key ring in fused glass - Perc\u00e9-Verre\",\"isPartOf\":{\"@id\":\"https:\\\/\\\/www.perce-verre.com\\\/en\\\/#website\"},\"primaryImageOfPage\":{\"@id\":\"https:\\\/\\\/www.perce-verre.com\\\/en\\\/product\\\/purple-heart-key-ring-in-fused-glass\\\/#primaryimage\"},\"image\":{\"@id\":\"https:\\\/\\\/www.perce-verre.com\\\/en\\\/product\\\/purple-heart-key-ring-in-fused-glass\\\/#primaryimage\"},\"thumbnailUrl\":\"https:\\\/\\\/www.perce-verre.com\\\/wp-content\\\/uploads\\\/2022\\\/01\\\/www.perce-verre.com-ensemble-bijoux-coeur-rouge-blanc-6-porte-cles-coeur-st-valentin-perce-verre-mauve-7.jpg\",\"datePublished\":\"2023-01-18T22:18:38+00:00\",\"dateModified\":\"2024-08-14T14:33:51+00:00\",\"description\":\"Be original with a \\\"Purple Heart\\\" key ring. Love is highlighted with this fused glass piece! Fast delivery!\",\"breadcrumb\":{\"@id\":\"https:\\\/\\\/www.perce-verre.com\\\/en\\\/product\\\/purple-heart-key-ring-in-fused-glass\\\/#breadcrumb\"},\"inLanguage\":\"en-US\",\"potentialAction\":[{\"@type\":\"ReadAction\",\"target\":[\"https:\\\/\\\/www.perce-verre.com\\\/en\\\/product\\\/purple-heart-key-ring-in-fused-glass\\\/\"]}]},{\"@type\":\"ImageObject\",\"inLanguage\":\"en-US\",\"@id\":\"https:\\\/\\\/www.perce-verre.com\\\/en\\\/product\\\/purple-heart-key-ring-in-fused-glass\\\/#primaryimage\",\"url\":\"https:\\\/\\\/www.perce-verre.com\\\/wp-content\\\/uploads\\\/2022\\\/01\\\/www.perce-verre.com-ensemble-bijoux-coeur-rouge-blanc-6-porte-cles-coeur-st-valentin-perce-verre-mauve-7.jpg\",\"contentUrl\":\"https:\\\/\\\/www.perce-verre.com\\\/wp-content\\\/uploads\\\/2022\\\/01\\\/www.perce-verre.com-ensemble-bijoux-coeur-rouge-blanc-6-porte-cles-coeur-st-valentin-perce-verre-mauve-7.jpg\",\"width\":900,\"height\":630,\"caption\":\"Purple heart\\\" key ring in fused glass\"},{\"@type\":\"BreadcrumbList\",\"@id\":\"https:\\\/\\\/www.perce-verre.com\\\/en\\\/product\\\/purple-heart-key-ring-in-fused-glass\\\/#breadcrumb\",\"itemListElement\":[{\"@type\":\"ListItem\",\"position\":1,\"name\":\"Accueil\",\"item\":\"https:\\\/\\\/www.perce-verre.com\\\/en\\\/\"},{\"@type\":\"ListItem\",\"position\":2,\"name\":\"Store\",\"item\":\"https:\\\/\\\/www.perce-verre.com\\\/en\\\/shop\\\/\"},{\"@type\":\"ListItem\",\"position\":3,\"name\":\"&#8220;Purple heart&#8221; key ring in fused glass\"}]},{\"@type\":\"WebSite\",\"@id\":\"https:\\\/\\\/www.perce-verre.com\\\/en\\\/#website\",\"url\":\"https:\\\/\\\/www.perce-verre.com\\\/en\\\/\",\"name\":\"Perc\u00e9-Verre\",\"description\":\"Cadeaux uniques et des cr\u00e9ations qu\u00e9b\u00e9coises\",\"potentialAction\":[{\"@type\":\"SearchAction\",\"target\":{\"@type\":\"EntryPoint\",\"urlTemplate\":\"https:\\\/\\\/www.perce-verre.com\\\/en\\\/?s={search_term_string}\"},\"query-input\":{\"@type\":\"PropertyValueSpecification\",\"valueRequired\":true,\"valueName\":\"search_term_string\"}}],\"inLanguage\":\"en-US\"}]}<\/script>\n<!-- \/ Yoast SEO plugin. -->","yoast_head_json":{"title":"\"Purple heart\" key ring in fused glass - Perc\u00e9-Verre","description":"Be original with a \"Purple Heart\" key ring. Love is highlighted with this fused glass piece! Fast delivery!","robots":{"index":"index","follow":"follow","max-snippet":"max-snippet:-1","max-image-preview":"max-image-preview:large","max-video-preview":"max-video-preview:-1"},"canonical":"https:\/\/www.perce-verre.com\/en\/product\/purple-heart-key-ring-in-fused-glass\/","og_locale":"en_US","og_type":"article","og_title":"\"Purple heart\" key ring in fused glass - Perc\u00e9-Verre","og_description":"Be original with a \"Purple Heart\" key ring. Love is highlighted with this fused glass piece! Fast delivery!","og_url":"https:\/\/www.perce-verre.com\/en\/product\/purple-heart-key-ring-in-fused-glass\/","og_site_name":"Perc\u00e9-Verre","article_modified_time":"2024-08-14T14:33:51+00:00","og_image":[{"width":900,"height":630,"url":"https:\/\/www.perce-verre.com\/wp-content\/uploads\/2022\/01\/www.perce-verre.com-ensemble-bijoux-coeur-rouge-blanc-6-porte-cles-coeur-st-valentin-perce-verre-mauve-7.jpg","type":"image\/jpeg"}],"twitter_card":"summary_large_image","twitter_misc":{"Est. reading time":"1 minute"},"schema":{"@context":"https:\/\/schema.org","@graph":[{"@type":"WebPage","@id":"https:\/\/www.perce-verre.com\/en\/product\/purple-heart-key-ring-in-fused-glass\/","url":"https:\/\/www.perce-verre.com\/en\/product\/purple-heart-key-ring-in-fused-glass\/","name":"\"Purple heart\" key ring in fused glass - Perc\u00e9-Verre","isPartOf":{"@id":"https:\/\/www.perce-verre.com\/en\/#website"},"primaryImageOfPage":{"@id":"https:\/\/www.perce-verre.com\/en\/product\/purple-heart-key-ring-in-fused-glass\/#primaryimage"},"image":{"@id":"https:\/\/www.perce-verre.com\/en\/product\/purple-heart-key-ring-in-fused-glass\/#primaryimage"},"thumbnailUrl":"https:\/\/www.perce-verre.com\/wp-content\/uploads\/2022\/01\/www.perce-verre.com-ensemble-bijoux-coeur-rouge-blanc-6-porte-cles-coeur-st-valentin-perce-verre-mauve-7.jpg","datePublished":"2023-01-18T22:18:38+00:00","dateModified":"2024-08-14T14:33:51+00:00","description":"Be original with a \"Purple Heart\" key ring. Love is highlighted with this fused glass piece! Fast delivery!","breadcrumb":{"@id":"https:\/\/www.perce-verre.com\/en\/product\/purple-heart-key-ring-in-fused-glass\/#breadcrumb"},"inLanguage":"en-US","potentialAction":[{"@type":"ReadAction","target":["https:\/\/www.perce-verre.com\/en\/product\/purple-heart-key-ring-in-fused-glass\/"]}]},{"@type":"ImageObject","inLanguage":"en-US","@id":"https:\/\/www.perce-verre.com\/en\/product\/purple-heart-key-ring-in-fused-glass\/#primaryimage","url":"https:\/\/www.perce-verre.com\/wp-content\/uploads\/2022\/01\/www.perce-verre.com-ensemble-bijoux-coeur-rouge-blanc-6-porte-cles-coeur-st-valentin-perce-verre-mauve-7.jpg","contentUrl":"https:\/\/www.perce-verre.com\/wp-content\/uploads\/2022\/01\/www.perce-verre.com-ensemble-bijoux-coeur-rouge-blanc-6-porte-cles-coeur-st-valentin-perce-verre-mauve-7.jpg","width":900,"height":630,"caption":"Purple heart\" key ring in fused glass"},{"@type":"BreadcrumbList","@id":"https:\/\/www.perce-verre.com\/en\/product\/purple-heart-key-ring-in-fused-glass\/#breadcrumb","itemListElement":[{"@type":"ListItem","position":1,"name":"Accueil","item":"https:\/\/www.perce-verre.com\/en\/"},{"@type":"ListItem","position":2,"name":"Store","item":"https:\/\/www.perce-verre.com\/en\/shop\/"},{"@type":"ListItem","position":3,"name":"&#8220;Purple heart&#8221; key ring in fused glass"}]},{"@type":"WebSite","@id":"https:\/\/www.perce-verre.com\/en\/#website","url":"https:\/\/www.perce-verre.com\/en\/","name":"Perc\u00e9-Verre","description":"Cadeaux uniques et des cr\u00e9ations qu\u00e9b\u00e9coises","potentialAction":[{"@type":"SearchAction","target":{"@type":"EntryPoint","urlTemplate":"https:\/\/www.perce-verre.com\/en\/?s={search_term_string}"},"query-input":{"@type":"PropertyValueSpecification","valueRequired":true,"valueName":"search_term_string"}}],"inLanguage":"en-US"}]}},"wcpa_form_fields":null,"_links":{"self":[{"href":"https:\/\/www.perce-verre.com\/en\/wp-json\/wp\/v2\/product\/10903","targetHints":{"allow":["GET"]}}],"collection":[{"href":"https:\/\/www.perce-verre.com\/en\/wp-json\/wp\/v2\/product"}],"about":[{"href":"https:\/\/www.perce-verre.com\/en\/wp-json\/wp\/v2\/types\/product"}],"replies":[{"embeddable":true,"href":"https:\/\/www.perce-verre.com\/en\/wp-json\/wp\/v2\/comments?post=10903"}],"wp:featuredmedia":[{"embeddable":true,"href":"https:\/\/www.perce-verre.com\/en\/wp-json\/wp\/v2\/media\/10445"}],"wp:attachment":[{"href":"https:\/\/www.perce-verre.com\/en\/wp-json\/wp\/v2\/media?parent=10903"}],"wp:term":[{"taxonomy":"product_brand","embeddable":true,"href":"https:\/\/www.perce-verre.com\/en\/wp-json\/wp\/v2\/product_brand?post=10903"},{"taxonomy":"product_cat","embeddable":true,"href":"https:\/\/www.perce-verre.com\/en\/wp-json\/wp\/v2\/product_cat?post=10903"},{"taxonomy":"product_tag","embeddable":true,"href":"https:\/\/www.perce-verre.com\/en\/wp-json\/wp\/v2\/product_tag?post=10903"},{"taxonomy":"giftcard-category","embeddable":true,"href":"https:\/\/www.perce-verre.com\/en\/wp-json\/wp\/v2\/giftcard-category?post=10903"}],"curies":[{"name":"wp","href":"https:\/\/api.w.org\/{rel}","templated":true}]}}