{"id":10908,"date":"2023-01-18T16:48:16","date_gmt":"2023-01-18T21:48:16","guid":{"rendered":"https:\/\/www.perce-verre.com\/produit\/glittering-black-heart-jewelry-set-1\/"},"modified":"2024-03-15T17:18:18","modified_gmt":"2024-03-15T21:18:18","slug":"glittering-black-heart-jewelry-set-1","status":"publish","type":"product","link":"https:\/\/www.perce-verre.com\/en\/product\/glittering-black-heart-jewelry-set-1\/","title":{"rendered":"Glittering black &#8220;Heart&#8221; jewelry set #1"},"content":{"rendered":"<p>Radiate originality with this glittering black heart-shaped fused glass pendant, accompanied by heart-shaped zirconia earrings. This jewelry set is a great gift idea for Valentine&#8217;s Day*! We love the versatility of this jewelry set, which can be worn with both dresses and jeans.<\/p>\n<p>Each piece of jewelry is created with vibrantly colored glass. The pendant hangs from a delicate chain and the earrings are attached to fasteners &#8211; all in stainless steel for lasting brilliance.<\/p>\n<p>*Available only until February 14 or while stocks last!<\/p>\n<h3>The &#8220;heart&#8221; jewelry set is a sure bet for several reasons:<\/h3>\n<ul>\n<li>Unique pieces in vibrant colors<\/li>\n<li>Original accessories for every occasion<\/li>\n<li>Chain and fasteners in stainless steel, a hypoallergenic material<\/li>\n<li>Comes in a gift box<\/li>\n<li>Made of noble, durable materials<\/li>\n<\/ul>\n<p>&nbsp;<\/p>\n<p>&nbsp;<\/p>\n<p><img decoding=\"async\" class=\"\" src=\"https:\/\/www.perce-verre.com\/wp-content\/uploads\/2020\/05\/longueur-des-chaines.jpg\" width=\"489\" height=\"342\"><\/p>\n<p><strong>About Perc\u00e9-Verre<\/strong><\/p>\n<p>Perc\u00e9-Verre is a Quebec-based company dedicated to creating fused glass jewelry, tableware and decorative paintings for individuals and businesses. Its mission is to inspire wonder through customizable objets d&#8217;art that will stand the test of time.<\/p>\n<p><strong>The fused glass technique<\/strong><\/p>\n<p>Glassmaking has its share of mystery. It&#8217;s during the assembly of the different layers that the shapes and colors reveal themselves! Fusion creates a jewel or object from scratch, without soldering, for a refined finish.<\/p>\n<p>Working with fused glass requires a great deal of skill, patience and time. But it&#8217;s all worth it when the magic of the glass is revealed at the very end!<\/p>\n","protected":false},"excerpt":{"rendered":"<p>Radiate originality with this glittering black heart-shaped fused glass pendant, accompanied by heart-shaped zirconia earrings. This jewelry set is a great gift idea for Valentine&#8217;s Day*! We love the versatility of this jewelry set, which can be worn with both dresses and jeans.<\/p>\n<p>Each piece of jewelry is created with vibrantly colored glass. The pendant hangs from a delicate chain and the earrings are attached to fasteners &#8211; all in stainless steel for lasting brilliance.<\/p>\n<p>*Jewel size: height 2 cm X width 1.5 cm<\/p>\n","protected":false},"featured_media":10424,"comment_status":"open","ping_status":"closed","template":"","meta":[],"product_brand":[],"product_cat":[542,541],"product_tag":[548,546,550,615,551,544,616],"giftcard-category":[],"class_list":{"0":"post-10908","1":"product","2":"type-product","3":"status-publish","4":"has-post-thumbnail","6":"product_cat-love-collection","7":"product_cat-jewelry-set","8":"product_tag-earrings","9":"product_tag-jewelry","10":"product_tag-jewelry-set","11":"product_tag-orange-en","12":"product_tag-pendant","13":"product_tag-stainless-steel-en","14":"product_tag-zircons-en","15":"wcpa_has_options","17":"first","18":"instock","19":"taxable","20":"shipping-taxable","21":"purchasable","22":"product-type-variable","23":"has-default-attributes"},"yoast_head":"<!-- This site is optimized with the Yoast SEO plugin v27.4 - https:\/\/yoast.com\/product\/yoast-seo-wordpress\/ -->\n<title>Glittering black &quot;Heart&quot; jewelry set #1 - Perc\u00e9-Verre<\/title>\n<meta name=\"description\" content=\"Radiate originality with this glittering black &quot;Heart&quot; pendant! Love is highlighted with this fused glass piece! Fast delivery!\" \/>\n<meta name=\"robots\" content=\"index, follow, max-snippet:-1, max-image-preview:large, max-video-preview:-1\" \/>\n<link rel=\"canonical\" href=\"https:\/\/www.perce-verre.com\/en\/product\/glittering-black-heart-jewelry-set-1\/\" \/>\n<meta property=\"og:locale\" content=\"en_US\" \/>\n<meta property=\"og:type\" content=\"article\" \/>\n<meta property=\"og:title\" content=\"Glittering black &quot;Heart&quot; jewelry set #1 - Perc\u00e9-Verre\" \/>\n<meta property=\"og:description\" content=\"Radiate originality with this glittering black &quot;Heart&quot; pendant! Love is highlighted with this fused glass piece! Fast delivery!\" \/>\n<meta property=\"og:url\" content=\"https:\/\/www.perce-verre.com\/en\/product\/glittering-black-heart-jewelry-set-1\/\" \/>\n<meta property=\"og:site_name\" content=\"Perc\u00e9-Verre\" \/>\n<meta property=\"article:modified_time\" content=\"2024-03-15T21:18:18+00:00\" \/>\n<meta property=\"og:image\" content=\"https:\/\/www.perce-verre.com\/wp-content\/uploads\/2022\/01\/www.perce-verre.com-ensemble-bijoux-coeur-rouge-blanc-6-ensemble-bijoux-noir-scintillant-perce-verre-st-valentin-cadeau-femme-1.jpg\" \/>\n\t<meta property=\"og:image:width\" content=\"900\" \/>\n\t<meta property=\"og:image:height\" content=\"630\" \/>\n\t<meta property=\"og:image:type\" content=\"image\/jpeg\" \/>\n<meta name=\"twitter:card\" content=\"summary_large_image\" \/>\n<meta name=\"twitter:label1\" content=\"Est. reading time\" \/>\n\t<meta name=\"twitter:data1\" content=\"1 minute\" \/>\n<script type=\"application\/ld+json\" class=\"yoast-schema-graph\">{\"@context\":\"https:\\\/\\\/schema.org\",\"@graph\":[{\"@type\":\"WebPage\",\"@id\":\"https:\\\/\\\/www.perce-verre.com\\\/en\\\/product\\\/glittering-black-heart-jewelry-set-1\\\/\",\"url\":\"https:\\\/\\\/www.perce-verre.com\\\/en\\\/product\\\/glittering-black-heart-jewelry-set-1\\\/\",\"name\":\"Glittering black \\\"Heart\\\" jewelry set #1 - Perc\u00e9-Verre\",\"isPartOf\":{\"@id\":\"https:\\\/\\\/www.perce-verre.com\\\/en\\\/#website\"},\"primaryImageOfPage\":{\"@id\":\"https:\\\/\\\/www.perce-verre.com\\\/en\\\/product\\\/glittering-black-heart-jewelry-set-1\\\/#primaryimage\"},\"image\":{\"@id\":\"https:\\\/\\\/www.perce-verre.com\\\/en\\\/product\\\/glittering-black-heart-jewelry-set-1\\\/#primaryimage\"},\"thumbnailUrl\":\"https:\\\/\\\/www.perce-verre.com\\\/wp-content\\\/uploads\\\/2022\\\/01\\\/www.perce-verre.com-ensemble-bijoux-coeur-rouge-blanc-6-ensemble-bijoux-noir-scintillant-perce-verre-st-valentin-cadeau-femme-1.jpg\",\"datePublished\":\"2023-01-18T21:48:16+00:00\",\"dateModified\":\"2024-03-15T21:18:18+00:00\",\"description\":\"Radiate originality with this glittering black \\\"Heart\\\" pendant! Love is highlighted with this fused glass piece! Fast delivery!\",\"breadcrumb\":{\"@id\":\"https:\\\/\\\/www.perce-verre.com\\\/en\\\/product\\\/glittering-black-heart-jewelry-set-1\\\/#breadcrumb\"},\"inLanguage\":\"en-US\",\"potentialAction\":[{\"@type\":\"ReadAction\",\"target\":[\"https:\\\/\\\/www.perce-verre.com\\\/en\\\/product\\\/glittering-black-heart-jewelry-set-1\\\/\"]}]},{\"@type\":\"ImageObject\",\"inLanguage\":\"en-US\",\"@id\":\"https:\\\/\\\/www.perce-verre.com\\\/en\\\/product\\\/glittering-black-heart-jewelry-set-1\\\/#primaryimage\",\"url\":\"https:\\\/\\\/www.perce-verre.com\\\/wp-content\\\/uploads\\\/2022\\\/01\\\/www.perce-verre.com-ensemble-bijoux-coeur-rouge-blanc-6-ensemble-bijoux-noir-scintillant-perce-verre-st-valentin-cadeau-femme-1.jpg\",\"contentUrl\":\"https:\\\/\\\/www.perce-verre.com\\\/wp-content\\\/uploads\\\/2022\\\/01\\\/www.perce-verre.com-ensemble-bijoux-coeur-rouge-blanc-6-ensemble-bijoux-noir-scintillant-perce-verre-st-valentin-cadeau-femme-1.jpg\",\"width\":900,\"height\":630,\"caption\":\"Glittering black \\\"Heart\\\" jewelry set #1\"},{\"@type\":\"BreadcrumbList\",\"@id\":\"https:\\\/\\\/www.perce-verre.com\\\/en\\\/product\\\/glittering-black-heart-jewelry-set-1\\\/#breadcrumb\",\"itemListElement\":[{\"@type\":\"ListItem\",\"position\":1,\"name\":\"Accueil\",\"item\":\"https:\\\/\\\/www.perce-verre.com\\\/en\\\/\"},{\"@type\":\"ListItem\",\"position\":2,\"name\":\"Store\",\"item\":\"https:\\\/\\\/www.perce-verre.com\\\/en\\\/shop\\\/\"},{\"@type\":\"ListItem\",\"position\":3,\"name\":\"Glittering black &#8220;Heart&#8221; jewelry set #1\"}]},{\"@type\":\"WebSite\",\"@id\":\"https:\\\/\\\/www.perce-verre.com\\\/en\\\/#website\",\"url\":\"https:\\\/\\\/www.perce-verre.com\\\/en\\\/\",\"name\":\"Perc\u00e9-Verre\",\"description\":\"Cadeaux uniques et des cr\u00e9ations qu\u00e9b\u00e9coises\",\"potentialAction\":[{\"@type\":\"SearchAction\",\"target\":{\"@type\":\"EntryPoint\",\"urlTemplate\":\"https:\\\/\\\/www.perce-verre.com\\\/en\\\/?s={search_term_string}\"},\"query-input\":{\"@type\":\"PropertyValueSpecification\",\"valueRequired\":true,\"valueName\":\"search_term_string\"}}],\"inLanguage\":\"en-US\"}]}<\/script>\n<!-- \/ Yoast SEO plugin. -->","yoast_head_json":{"title":"Glittering black \"Heart\" jewelry set #1 - Perc\u00e9-Verre","description":"Radiate originality with this glittering black \"Heart\" pendant! Love is highlighted with this fused glass piece! Fast delivery!","robots":{"index":"index","follow":"follow","max-snippet":"max-snippet:-1","max-image-preview":"max-image-preview:large","max-video-preview":"max-video-preview:-1"},"canonical":"https:\/\/www.perce-verre.com\/en\/product\/glittering-black-heart-jewelry-set-1\/","og_locale":"en_US","og_type":"article","og_title":"Glittering black \"Heart\" jewelry set #1 - Perc\u00e9-Verre","og_description":"Radiate originality with this glittering black \"Heart\" pendant! Love is highlighted with this fused glass piece! Fast delivery!","og_url":"https:\/\/www.perce-verre.com\/en\/product\/glittering-black-heart-jewelry-set-1\/","og_site_name":"Perc\u00e9-Verre","article_modified_time":"2024-03-15T21:18:18+00:00","og_image":[{"width":900,"height":630,"url":"https:\/\/www.perce-verre.com\/wp-content\/uploads\/2022\/01\/www.perce-verre.com-ensemble-bijoux-coeur-rouge-blanc-6-ensemble-bijoux-noir-scintillant-perce-verre-st-valentin-cadeau-femme-1.jpg","type":"image\/jpeg"}],"twitter_card":"summary_large_image","twitter_misc":{"Est. reading time":"1 minute"},"schema":{"@context":"https:\/\/schema.org","@graph":[{"@type":"WebPage","@id":"https:\/\/www.perce-verre.com\/en\/product\/glittering-black-heart-jewelry-set-1\/","url":"https:\/\/www.perce-verre.com\/en\/product\/glittering-black-heart-jewelry-set-1\/","name":"Glittering black \"Heart\" jewelry set #1 - Perc\u00e9-Verre","isPartOf":{"@id":"https:\/\/www.perce-verre.com\/en\/#website"},"primaryImageOfPage":{"@id":"https:\/\/www.perce-verre.com\/en\/product\/glittering-black-heart-jewelry-set-1\/#primaryimage"},"image":{"@id":"https:\/\/www.perce-verre.com\/en\/product\/glittering-black-heart-jewelry-set-1\/#primaryimage"},"thumbnailUrl":"https:\/\/www.perce-verre.com\/wp-content\/uploads\/2022\/01\/www.perce-verre.com-ensemble-bijoux-coeur-rouge-blanc-6-ensemble-bijoux-noir-scintillant-perce-verre-st-valentin-cadeau-femme-1.jpg","datePublished":"2023-01-18T21:48:16+00:00","dateModified":"2024-03-15T21:18:18+00:00","description":"Radiate originality with this glittering black \"Heart\" pendant! Love is highlighted with this fused glass piece! Fast delivery!","breadcrumb":{"@id":"https:\/\/www.perce-verre.com\/en\/product\/glittering-black-heart-jewelry-set-1\/#breadcrumb"},"inLanguage":"en-US","potentialAction":[{"@type":"ReadAction","target":["https:\/\/www.perce-verre.com\/en\/product\/glittering-black-heart-jewelry-set-1\/"]}]},{"@type":"ImageObject","inLanguage":"en-US","@id":"https:\/\/www.perce-verre.com\/en\/product\/glittering-black-heart-jewelry-set-1\/#primaryimage","url":"https:\/\/www.perce-verre.com\/wp-content\/uploads\/2022\/01\/www.perce-verre.com-ensemble-bijoux-coeur-rouge-blanc-6-ensemble-bijoux-noir-scintillant-perce-verre-st-valentin-cadeau-femme-1.jpg","contentUrl":"https:\/\/www.perce-verre.com\/wp-content\/uploads\/2022\/01\/www.perce-verre.com-ensemble-bijoux-coeur-rouge-blanc-6-ensemble-bijoux-noir-scintillant-perce-verre-st-valentin-cadeau-femme-1.jpg","width":900,"height":630,"caption":"Glittering black \"Heart\" jewelry set #1"},{"@type":"BreadcrumbList","@id":"https:\/\/www.perce-verre.com\/en\/product\/glittering-black-heart-jewelry-set-1\/#breadcrumb","itemListElement":[{"@type":"ListItem","position":1,"name":"Accueil","item":"https:\/\/www.perce-verre.com\/en\/"},{"@type":"ListItem","position":2,"name":"Store","item":"https:\/\/www.perce-verre.com\/en\/shop\/"},{"@type":"ListItem","position":3,"name":"Glittering black &#8220;Heart&#8221; jewelry set #1"}]},{"@type":"WebSite","@id":"https:\/\/www.perce-verre.com\/en\/#website","url":"https:\/\/www.perce-verre.com\/en\/","name":"Perc\u00e9-Verre","description":"Cadeaux uniques et des cr\u00e9ations qu\u00e9b\u00e9coises","potentialAction":[{"@type":"SearchAction","target":{"@type":"EntryPoint","urlTemplate":"https:\/\/www.perce-verre.com\/en\/?s={search_term_string}"},"query-input":{"@type":"PropertyValueSpecification","valueRequired":true,"valueName":"search_term_string"}}],"inLanguage":"en-US"}]}},"wcpa_form_fields":null,"_links":{"self":[{"href":"https:\/\/www.perce-verre.com\/en\/wp-json\/wp\/v2\/product\/10908","targetHints":{"allow":["GET"]}}],"collection":[{"href":"https:\/\/www.perce-verre.com\/en\/wp-json\/wp\/v2\/product"}],"about":[{"href":"https:\/\/www.perce-verre.com\/en\/wp-json\/wp\/v2\/types\/product"}],"replies":[{"embeddable":true,"href":"https:\/\/www.perce-verre.com\/en\/wp-json\/wp\/v2\/comments?post=10908"}],"wp:featuredmedia":[{"embeddable":true,"href":"https:\/\/www.perce-verre.com\/en\/wp-json\/wp\/v2\/media\/10424"}],"wp:attachment":[{"href":"https:\/\/www.perce-verre.com\/en\/wp-json\/wp\/v2\/media?parent=10908"}],"wp:term":[{"taxonomy":"product_brand","embeddable":true,"href":"https:\/\/www.perce-verre.com\/en\/wp-json\/wp\/v2\/product_brand?post=10908"},{"taxonomy":"product_cat","embeddable":true,"href":"https:\/\/www.perce-verre.com\/en\/wp-json\/wp\/v2\/product_cat?post=10908"},{"taxonomy":"product_tag","embeddable":true,"href":"https:\/\/www.perce-verre.com\/en\/wp-json\/wp\/v2\/product_tag?post=10908"},{"taxonomy":"giftcard-category","embeddable":true,"href":"https:\/\/www.perce-verre.com\/en\/wp-json\/wp\/v2\/giftcard-category?post=10908"}],"curies":[{"name":"wp","href":"https:\/\/api.w.org\/{rel}","templated":true}]}}