{"id":10953,"date":"2022-03-24T15:51:51","date_gmt":"2022-03-24T19:51:51","guid":{"rendered":"https:\/\/www.perce-verre.com\/produit\/puzzle-light-frame\/"},"modified":"2022-03-24T15:51:51","modified_gmt":"2022-03-24T19:51:51","slug":"puzzle-light-frame","status":"publish","type":"product","link":"https:\/\/www.perce-verre.com\/en\/product\/puzzle-light-frame\/","title":{"rendered":"Puzzle&#8221; light frame"},"content":{"rendered":"<p>&#8220;Puzzle&#8221;: unique, modern art deco, backlit This backlit work was created using the fused glass technique. Presented in a frame reminiscent of stainless steel, with a barnwood-style background and an intelligent lighting system that allows the glass to change color a thousand times, fully programmable! Multidisciplinary artist St\u00e9phanie B\u00e9land is bursting with original ideas! Gifted at creating and working with her hands, she puts her talent to good use, creating unique, contemporary works of art. Blending various materials with technology, to create wall art with visuals that adapt to the colors of the integrated lighting!<\/p>\n<p>Dimensions: 16 inches x 20 inches<\/p>\n<p>Each work is unique The works arrive framed with the intelligent light system. Here are the main features:<\/p>\n<p>1. Voice activation Works with Alexa and Google Assistant, it allows you to control the lights simply with voice commands, freeing up your hands.<\/p>\n<p>2. Remote control with your cell phone Control the light strips remotely with the Govee Home app. Never worry about leaving the lights on when you leave the house.<\/p>\n<p>3. Versatile application A comprehensive application provides over 16 million colors, 4 DIY options, 7 scene modes and many other functions. It&#8217;s all in your cell phone.<\/p>\n<p>4. Bring the music to life The lighting strips change lighting effect and color to match the rhythms of the music, elevating your entertainment to a new level.<\/p>\n<p>5. Lighting program Program the light strips to switch on\/off at a preset time and relax your body before flying off to dreamland in a warm, comfortable atmosphere.<\/p>\n<p>6. Tailor-made lighting You can customize your favorite colors by mixing several colors and storing them for later use. 6 DIY buttons to suit your needs.<\/p>\n<p>7. Reliable 300 D.E.L. SMD 5050 high-quality D.E.L. guarantee uniform, high luminosity, dramatically improving the lighting experience for you.<\/p>\n","protected":false},"excerpt":{"rendered":"<p>  &#8220;Puzzle&#8221;: unique, modern art deco, backlit This backlit work was created using the fused glass technique. Presented in a frame reminiscent of stainless steel, with a barnwood-style background and an intelligent lighting system that allows the glass to change color a thousand times, fully programmable! Multidisciplinary artist St\u00e9phanie B\u00e9land is bursting with original ideas! Gifted at creating and working with her hands, she puts her talent to good use, creating unique, contemporary works of art. Blending various materials with technology, to create wall art with visuals that adapt to the colors of the integrated lighting!<\/p>\n<p>Dimensions: 16 inches x 20 inches<\/p>\n","protected":false},"featured_media":10371,"comment_status":"closed","ping_status":"closed","template":"","meta":[],"product_brand":[],"product_cat":[545,602,1474],"product_tag":[552,558,604,560],"giftcard-category":[],"class_list":{"0":"post-10953","1":"product","2":"type-product","3":"status-publish","4":"has-post-thumbnail","6":"product_cat-decoration-en","7":"product_cat-illuminated-murals","8":"product_cat-wall-art","9":"product_tag-art-deco-en","10":"product_tag-decoration-en","11":"product_tag-home-2","12":"product_tag-work-of-art","14":"first","15":"instock","16":"sold-individually","17":"taxable","18":"shipping-taxable","19":"purchasable","20":"product-type-simple"},"yoast_head":"<!-- This site is optimized with the Yoast SEO plugin v27.4 - https:\/\/yoast.com\/product\/yoast-seo-wordpress\/ -->\n<title>Puzzle&quot; light frame - wall art - Perc\u00e9-Verre<\/title>\n<meta name=\"description\" content=\"St\u00e9phanie B\u00e9land, a gifted designer and craftswoman, puts her talent to good use by creating unique, contemporary works of art.\" \/>\n<meta name=\"robots\" content=\"index, follow, max-snippet:-1, max-image-preview:large, max-video-preview:-1\" \/>\n<link rel=\"canonical\" href=\"https:\/\/www.perce-verre.com\/en\/product\/puzzle-light-frame\/\" \/>\n<meta property=\"og:locale\" content=\"en_US\" \/>\n<meta property=\"og:type\" content=\"article\" \/>\n<meta property=\"og:title\" content=\"Puzzle&quot; light frame - wall art - Perc\u00e9-Verre\" \/>\n<meta property=\"og:description\" content=\"St\u00e9phanie B\u00e9land, a gifted designer and craftswoman, puts her talent to good use by creating unique, contemporary works of art.\" \/>\n<meta property=\"og:url\" content=\"https:\/\/www.perce-verre.com\/en\/product\/puzzle-light-frame\/\" \/>\n<meta property=\"og:site_name\" content=\"Perc\u00e9-Verre\" \/>\n<meta property=\"og:image\" content=\"https:\/\/www.perce-verre.com\/wp-content\/uploads\/2022\/03\/www.perce-verre.com-cadre-lumineux-liberte-liberty-puzzle-par-perce-verre-cadre-lumineux-16-x-18-decor.web_.jpg\" \/>\n\t<meta property=\"og:image:width\" content=\"900\" \/>\n\t<meta property=\"og:image:height\" content=\"630\" \/>\n\t<meta property=\"og:image:type\" content=\"image\/jpeg\" \/>\n<meta name=\"twitter:card\" content=\"summary_large_image\" \/>\n<meta name=\"twitter:label1\" content=\"Est. reading time\" \/>\n\t<meta name=\"twitter:data1\" content=\"1 minute\" \/>\n<script type=\"application\/ld+json\" class=\"yoast-schema-graph\">{\"@context\":\"https:\\\/\\\/schema.org\",\"@graph\":[{\"@type\":\"WebPage\",\"@id\":\"https:\\\/\\\/www.perce-verre.com\\\/en\\\/product\\\/puzzle-light-frame\\\/\",\"url\":\"https:\\\/\\\/www.perce-verre.com\\\/en\\\/product\\\/puzzle-light-frame\\\/\",\"name\":\"Puzzle\\\" light frame - wall art - Perc\u00e9-Verre\",\"isPartOf\":{\"@id\":\"https:\\\/\\\/www.perce-verre.com\\\/en\\\/#website\"},\"primaryImageOfPage\":{\"@id\":\"https:\\\/\\\/www.perce-verre.com\\\/en\\\/product\\\/puzzle-light-frame\\\/#primaryimage\"},\"image\":{\"@id\":\"https:\\\/\\\/www.perce-verre.com\\\/en\\\/product\\\/puzzle-light-frame\\\/#primaryimage\"},\"thumbnailUrl\":\"https:\\\/\\\/www.perce-verre.com\\\/wp-content\\\/uploads\\\/2022\\\/03\\\/www.perce-verre.com-cadre-lumineux-liberte-liberty-puzzle-par-perce-verre-cadre-lumineux-16-x-18-decor.web_.jpg\",\"datePublished\":\"2022-03-24T19:51:51+00:00\",\"description\":\"St\u00e9phanie B\u00e9land, a gifted designer and craftswoman, puts her talent to good use by creating unique, contemporary works of art.\",\"breadcrumb\":{\"@id\":\"https:\\\/\\\/www.perce-verre.com\\\/en\\\/product\\\/puzzle-light-frame\\\/#breadcrumb\"},\"inLanguage\":\"en-US\",\"potentialAction\":[{\"@type\":\"ReadAction\",\"target\":[\"https:\\\/\\\/www.perce-verre.com\\\/en\\\/product\\\/puzzle-light-frame\\\/\"]}]},{\"@type\":\"ImageObject\",\"inLanguage\":\"en-US\",\"@id\":\"https:\\\/\\\/www.perce-verre.com\\\/en\\\/product\\\/puzzle-light-frame\\\/#primaryimage\",\"url\":\"https:\\\/\\\/www.perce-verre.com\\\/wp-content\\\/uploads\\\/2022\\\/03\\\/www.perce-verre.com-cadre-lumineux-liberte-liberty-puzzle-par-perce-verre-cadre-lumineux-16-x-18-decor.web_.jpg\",\"contentUrl\":\"https:\\\/\\\/www.perce-verre.com\\\/wp-content\\\/uploads\\\/2022\\\/03\\\/www.perce-verre.com-cadre-lumineux-liberte-liberty-puzzle-par-perce-verre-cadre-lumineux-16-x-18-decor.web_.jpg\",\"width\":900,\"height\":630,\"caption\":\"PUZZLE by Perc\u00e9-Glass-Luminous frame - 16 X 20-D\u00c9COR\"},{\"@type\":\"BreadcrumbList\",\"@id\":\"https:\\\/\\\/www.perce-verre.com\\\/en\\\/product\\\/puzzle-light-frame\\\/#breadcrumb\",\"itemListElement\":[{\"@type\":\"ListItem\",\"position\":1,\"name\":\"Accueil\",\"item\":\"https:\\\/\\\/www.perce-verre.com\\\/en\\\/\"},{\"@type\":\"ListItem\",\"position\":2,\"name\":\"Store\",\"item\":\"https:\\\/\\\/www.perce-verre.com\\\/en\\\/shop\\\/\"},{\"@type\":\"ListItem\",\"position\":3,\"name\":\"Puzzle\u00a0\u00bb light frame\"}]},{\"@type\":\"WebSite\",\"@id\":\"https:\\\/\\\/www.perce-verre.com\\\/en\\\/#website\",\"url\":\"https:\\\/\\\/www.perce-verre.com\\\/en\\\/\",\"name\":\"Perc\u00e9-Verre\",\"description\":\"Cadeaux uniques et des cr\u00e9ations qu\u00e9b\u00e9coises\",\"potentialAction\":[{\"@type\":\"SearchAction\",\"target\":{\"@type\":\"EntryPoint\",\"urlTemplate\":\"https:\\\/\\\/www.perce-verre.com\\\/en\\\/?s={search_term_string}\"},\"query-input\":{\"@type\":\"PropertyValueSpecification\",\"valueRequired\":true,\"valueName\":\"search_term_string\"}}],\"inLanguage\":\"en-US\"}]}<\/script>\n<!-- \/ Yoast SEO plugin. -->","yoast_head_json":{"title":"Puzzle\" light frame - wall art - Perc\u00e9-Verre","description":"St\u00e9phanie B\u00e9land, a gifted designer and craftswoman, puts her talent to good use by creating unique, contemporary works of art.","robots":{"index":"index","follow":"follow","max-snippet":"max-snippet:-1","max-image-preview":"max-image-preview:large","max-video-preview":"max-video-preview:-1"},"canonical":"https:\/\/www.perce-verre.com\/en\/product\/puzzle-light-frame\/","og_locale":"en_US","og_type":"article","og_title":"Puzzle\" light frame - wall art - Perc\u00e9-Verre","og_description":"St\u00e9phanie B\u00e9land, a gifted designer and craftswoman, puts her talent to good use by creating unique, contemporary works of art.","og_url":"https:\/\/www.perce-verre.com\/en\/product\/puzzle-light-frame\/","og_site_name":"Perc\u00e9-Verre","og_image":[{"width":900,"height":630,"url":"https:\/\/www.perce-verre.com\/wp-content\/uploads\/2022\/03\/www.perce-verre.com-cadre-lumineux-liberte-liberty-puzzle-par-perce-verre-cadre-lumineux-16-x-18-decor.web_.jpg","type":"image\/jpeg"}],"twitter_card":"summary_large_image","twitter_misc":{"Est. reading time":"1 minute"},"schema":{"@context":"https:\/\/schema.org","@graph":[{"@type":"WebPage","@id":"https:\/\/www.perce-verre.com\/en\/product\/puzzle-light-frame\/","url":"https:\/\/www.perce-verre.com\/en\/product\/puzzle-light-frame\/","name":"Puzzle\" light frame - wall art - Perc\u00e9-Verre","isPartOf":{"@id":"https:\/\/www.perce-verre.com\/en\/#website"},"primaryImageOfPage":{"@id":"https:\/\/www.perce-verre.com\/en\/product\/puzzle-light-frame\/#primaryimage"},"image":{"@id":"https:\/\/www.perce-verre.com\/en\/product\/puzzle-light-frame\/#primaryimage"},"thumbnailUrl":"https:\/\/www.perce-verre.com\/wp-content\/uploads\/2022\/03\/www.perce-verre.com-cadre-lumineux-liberte-liberty-puzzle-par-perce-verre-cadre-lumineux-16-x-18-decor.web_.jpg","datePublished":"2022-03-24T19:51:51+00:00","description":"St\u00e9phanie B\u00e9land, a gifted designer and craftswoman, puts her talent to good use by creating unique, contemporary works of art.","breadcrumb":{"@id":"https:\/\/www.perce-verre.com\/en\/product\/puzzle-light-frame\/#breadcrumb"},"inLanguage":"en-US","potentialAction":[{"@type":"ReadAction","target":["https:\/\/www.perce-verre.com\/en\/product\/puzzle-light-frame\/"]}]},{"@type":"ImageObject","inLanguage":"en-US","@id":"https:\/\/www.perce-verre.com\/en\/product\/puzzle-light-frame\/#primaryimage","url":"https:\/\/www.perce-verre.com\/wp-content\/uploads\/2022\/03\/www.perce-verre.com-cadre-lumineux-liberte-liberty-puzzle-par-perce-verre-cadre-lumineux-16-x-18-decor.web_.jpg","contentUrl":"https:\/\/www.perce-verre.com\/wp-content\/uploads\/2022\/03\/www.perce-verre.com-cadre-lumineux-liberte-liberty-puzzle-par-perce-verre-cadre-lumineux-16-x-18-decor.web_.jpg","width":900,"height":630,"caption":"PUZZLE by Perc\u00e9-Glass-Luminous frame - 16 X 20-D\u00c9COR"},{"@type":"BreadcrumbList","@id":"https:\/\/www.perce-verre.com\/en\/product\/puzzle-light-frame\/#breadcrumb","itemListElement":[{"@type":"ListItem","position":1,"name":"Accueil","item":"https:\/\/www.perce-verre.com\/en\/"},{"@type":"ListItem","position":2,"name":"Store","item":"https:\/\/www.perce-verre.com\/en\/shop\/"},{"@type":"ListItem","position":3,"name":"Puzzle\u00a0\u00bb light frame"}]},{"@type":"WebSite","@id":"https:\/\/www.perce-verre.com\/en\/#website","url":"https:\/\/www.perce-verre.com\/en\/","name":"Perc\u00e9-Verre","description":"Cadeaux uniques et des cr\u00e9ations qu\u00e9b\u00e9coises","potentialAction":[{"@type":"SearchAction","target":{"@type":"EntryPoint","urlTemplate":"https:\/\/www.perce-verre.com\/en\/?s={search_term_string}"},"query-input":{"@type":"PropertyValueSpecification","valueRequired":true,"valueName":"search_term_string"}}],"inLanguage":"en-US"}]}},"wcpa_form_fields":null,"_links":{"self":[{"href":"https:\/\/www.perce-verre.com\/en\/wp-json\/wp\/v2\/product\/10953","targetHints":{"allow":["GET"]}}],"collection":[{"href":"https:\/\/www.perce-verre.com\/en\/wp-json\/wp\/v2\/product"}],"about":[{"href":"https:\/\/www.perce-verre.com\/en\/wp-json\/wp\/v2\/types\/product"}],"replies":[{"embeddable":true,"href":"https:\/\/www.perce-verre.com\/en\/wp-json\/wp\/v2\/comments?post=10953"}],"wp:featuredmedia":[{"embeddable":true,"href":"https:\/\/www.perce-verre.com\/en\/wp-json\/wp\/v2\/media\/10371"}],"wp:attachment":[{"href":"https:\/\/www.perce-verre.com\/en\/wp-json\/wp\/v2\/media?parent=10953"}],"wp:term":[{"taxonomy":"product_brand","embeddable":true,"href":"https:\/\/www.perce-verre.com\/en\/wp-json\/wp\/v2\/product_brand?post=10953"},{"taxonomy":"product_cat","embeddable":true,"href":"https:\/\/www.perce-verre.com\/en\/wp-json\/wp\/v2\/product_cat?post=10953"},{"taxonomy":"product_tag","embeddable":true,"href":"https:\/\/www.perce-verre.com\/en\/wp-json\/wp\/v2\/product_tag?post=10953"},{"taxonomy":"giftcard-category","embeddable":true,"href":"https:\/\/www.perce-verre.com\/en\/wp-json\/wp\/v2\/giftcard-category?post=10953"}],"curies":[{"name":"wp","href":"https:\/\/api.w.org\/{rel}","templated":true}]}}