{"id":11202,"date":"2021-03-10T09:42:03","date_gmt":"2021-03-10T14:42:03","guid":{"rendered":"https:\/\/www.perce-verre.com\/produit\/create-the-gift-box-of-your-dreams\/"},"modified":"2021-03-10T09:42:03","modified_gmt":"2021-03-10T14:42:03","slug":"create-the-gift-box-of-your-dreams","status":"publish","type":"product","link":"https:\/\/www.perce-verre.com\/en\/product\/create-the-gift-box-of-your-dreams\/","title":{"rendered":"Create the gift box of your dreams!"},"content":{"rendered":"<p>This gift box* is FREE!<\/p>\n<p>Looking for a unique gift? Do you like to take the time to choose every item that goes into the gift box? It can be done!<\/p>\n<p>Here&#8217;s how to do it in 2 easy steps:<\/p>\n<p>1- Add the free gift box to your shopping cart<\/p>\n<p>2- Choose all the products you&#8217;d like to give as gifts and add them to your shopping basket.<\/p>\n<p>It&#8217;s our pleasure to create the gift box that meets your needs and tastes!<\/p>\n<p>SEVERAL GIFTS?<\/p>\n<p>If your purchase contains more than one gift box, place the number of boxes you require in your basket and indicate the contents of each box in the comments of your order**.<\/p>\n<p>&nbsp;<\/p>\n<p>**Please note that if the boxes are to be delivered to different addresses, you will need to place individual orders for each gift box. You can also contact us by e-mail or telephone to make things as easy as possible for you!<\/p>\n<p>&nbsp;<\/p>\n","protected":false},"excerpt":{"rendered":"<p>This gift box* is FREE!<\/p>\n<p>Looking for a unique gift? Do you like to take the time to choose every item that goes into the gift box? It can be done!<\/p>\n<p>Here&#8217;s how to do it in 2 easy steps:<\/p>\n<p>1- Add the free gift box to your shopping cart<\/p>\n<p>2- Choose all the products you&#8217;d like to give as gifts and add them to your shopping basket.<\/p>\n<p>It&#8217;s our pleasure to create the gift box that meets your needs and tastes!<\/p>\n","protected":false},"featured_media":10038,"comment_status":"open","ping_status":"closed","template":"","meta":[],"product_brand":[],"product_cat":[531],"product_tag":[646,534,637,536,650],"giftcard-category":[],"class_list":{"0":"post-11202","1":"product","2":"type-product","3":"status-publish","4":"has-post-thumbnail","6":"product_cat-accessories","7":"product_tag-educational-gift","8":"product_tag-gift","9":"product_tag-gift-box","10":"product_tag-gift-idea","11":"product_tag-teacher-gift","13":"first","14":"instock","15":"taxable","16":"shipping-taxable","17":"purchasable","18":"product-type-simple"},"yoast_head":"<!-- This site is optimized with the Yoast SEO plugin v27.4 - https:\/\/yoast.com\/product\/yoast-seo-wordpress\/ -->\n<title>Create the gift box of your dreams! - Perc\u00e9-Verre<\/title>\n<meta name=\"description\" content=\"Create the gift box of your dreams! Choose the Quebec products that will be in your box! Fast delivery!\" \/>\n<meta name=\"robots\" content=\"index, follow, max-snippet:-1, max-image-preview:large, max-video-preview:-1\" \/>\n<link rel=\"canonical\" href=\"https:\/\/www.perce-verre.com\/en\/product\/create-the-gift-box-of-your-dreams\/\" \/>\n<meta property=\"og:locale\" content=\"en_US\" \/>\n<meta property=\"og:type\" content=\"article\" \/>\n<meta property=\"og:title\" content=\"Create the gift box of your dreams! - Perc\u00e9-Verre\" \/>\n<meta property=\"og:description\" content=\"Create the gift box of your dreams! Choose the Quebec products that will be in your box! Fast delivery!\" \/>\n<meta property=\"og:url\" content=\"https:\/\/www.perce-verre.com\/en\/product\/create-the-gift-box-of-your-dreams\/\" \/>\n<meta property=\"og:site_name\" content=\"Perc\u00e9-Verre\" \/>\n<meta property=\"og:image\" content=\"https:\/\/www.perce-verre.com\/wp-content\/uploads\/2021\/03\/www.perce-verre.com-creez-la-boite-cadeau-a-ton-gout-boites-cadeaux-perce-verre-web.jpg\" \/>\n\t<meta property=\"og:image:width\" content=\"900\" \/>\n\t<meta property=\"og:image:height\" content=\"630\" \/>\n\t<meta property=\"og:image:type\" content=\"image\/jpeg\" \/>\n<meta name=\"twitter:card\" content=\"summary_large_image\" \/>\n<meta name=\"twitter:label1\" content=\"Est. reading time\" \/>\n\t<meta name=\"twitter:data1\" content=\"1 minute\" \/>\n<script type=\"application\/ld+json\" class=\"yoast-schema-graph\">{\"@context\":\"https:\\\/\\\/schema.org\",\"@graph\":[{\"@type\":\"WebPage\",\"@id\":\"https:\\\/\\\/www.perce-verre.com\\\/en\\\/product\\\/create-the-gift-box-of-your-dreams\\\/\",\"url\":\"https:\\\/\\\/www.perce-verre.com\\\/en\\\/product\\\/create-the-gift-box-of-your-dreams\\\/\",\"name\":\"Create the gift box of your dreams! - Perc\u00e9-Verre\",\"isPartOf\":{\"@id\":\"https:\\\/\\\/www.perce-verre.com\\\/en\\\/#website\"},\"primaryImageOfPage\":{\"@id\":\"https:\\\/\\\/www.perce-verre.com\\\/en\\\/product\\\/create-the-gift-box-of-your-dreams\\\/#primaryimage\"},\"image\":{\"@id\":\"https:\\\/\\\/www.perce-verre.com\\\/en\\\/product\\\/create-the-gift-box-of-your-dreams\\\/#primaryimage\"},\"thumbnailUrl\":\"https:\\\/\\\/www.perce-verre.com\\\/wp-content\\\/uploads\\\/2021\\\/03\\\/www.perce-verre.com-creez-la-boite-cadeau-a-ton-gout-boites-cadeaux-perce-verre-web.jpg\",\"datePublished\":\"2021-03-10T14:42:03+00:00\",\"description\":\"Create the gift box of your dreams! Choose the Quebec products that will be in your box! Fast delivery!\",\"breadcrumb\":{\"@id\":\"https:\\\/\\\/www.perce-verre.com\\\/en\\\/product\\\/create-the-gift-box-of-your-dreams\\\/#breadcrumb\"},\"inLanguage\":\"en-US\",\"potentialAction\":[{\"@type\":\"ReadAction\",\"target\":[\"https:\\\/\\\/www.perce-verre.com\\\/en\\\/product\\\/create-the-gift-box-of-your-dreams\\\/\"]}]},{\"@type\":\"ImageObject\",\"inLanguage\":\"en-US\",\"@id\":\"https:\\\/\\\/www.perce-verre.com\\\/en\\\/product\\\/create-the-gift-box-of-your-dreams\\\/#primaryimage\",\"url\":\"https:\\\/\\\/www.perce-verre.com\\\/wp-content\\\/uploads\\\/2021\\\/03\\\/www.perce-verre.com-creez-la-boite-cadeau-a-ton-gout-boites-cadeaux-perce-verre-web.jpg\",\"contentUrl\":\"https:\\\/\\\/www.perce-verre.com\\\/wp-content\\\/uploads\\\/2021\\\/03\\\/www.perce-verre.com-creez-la-boite-cadeau-a-ton-gout-boites-cadeaux-perce-verre-web.jpg\",\"width\":900,\"height\":630,\"caption\":\"Perc\u00e9-Verre gift boxes\"},{\"@type\":\"BreadcrumbList\",\"@id\":\"https:\\\/\\\/www.perce-verre.com\\\/en\\\/product\\\/create-the-gift-box-of-your-dreams\\\/#breadcrumb\",\"itemListElement\":[{\"@type\":\"ListItem\",\"position\":1,\"name\":\"Accueil\",\"item\":\"https:\\\/\\\/www.perce-verre.com\\\/en\\\/\"},{\"@type\":\"ListItem\",\"position\":2,\"name\":\"Store\",\"item\":\"https:\\\/\\\/www.perce-verre.com\\\/en\\\/shop\\\/\"},{\"@type\":\"ListItem\",\"position\":3,\"name\":\"Create the gift box of your dreams!\"}]},{\"@type\":\"WebSite\",\"@id\":\"https:\\\/\\\/www.perce-verre.com\\\/en\\\/#website\",\"url\":\"https:\\\/\\\/www.perce-verre.com\\\/en\\\/\",\"name\":\"Perc\u00e9-Verre\",\"description\":\"Cadeaux uniques et des cr\u00e9ations qu\u00e9b\u00e9coises\",\"potentialAction\":[{\"@type\":\"SearchAction\",\"target\":{\"@type\":\"EntryPoint\",\"urlTemplate\":\"https:\\\/\\\/www.perce-verre.com\\\/en\\\/?s={search_term_string}\"},\"query-input\":{\"@type\":\"PropertyValueSpecification\",\"valueRequired\":true,\"valueName\":\"search_term_string\"}}],\"inLanguage\":\"en-US\"}]}<\/script>\n<!-- \/ Yoast SEO plugin. -->","yoast_head_json":{"title":"Create the gift box of your dreams! - Perc\u00e9-Verre","description":"Create the gift box of your dreams! Choose the Quebec products that will be in your box! Fast delivery!","robots":{"index":"index","follow":"follow","max-snippet":"max-snippet:-1","max-image-preview":"max-image-preview:large","max-video-preview":"max-video-preview:-1"},"canonical":"https:\/\/www.perce-verre.com\/en\/product\/create-the-gift-box-of-your-dreams\/","og_locale":"en_US","og_type":"article","og_title":"Create the gift box of your dreams! - Perc\u00e9-Verre","og_description":"Create the gift box of your dreams! Choose the Quebec products that will be in your box! Fast delivery!","og_url":"https:\/\/www.perce-verre.com\/en\/product\/create-the-gift-box-of-your-dreams\/","og_site_name":"Perc\u00e9-Verre","og_image":[{"width":900,"height":630,"url":"https:\/\/www.perce-verre.com\/wp-content\/uploads\/2021\/03\/www.perce-verre.com-creez-la-boite-cadeau-a-ton-gout-boites-cadeaux-perce-verre-web.jpg","type":"image\/jpeg"}],"twitter_card":"summary_large_image","twitter_misc":{"Est. reading time":"1 minute"},"schema":{"@context":"https:\/\/schema.org","@graph":[{"@type":"WebPage","@id":"https:\/\/www.perce-verre.com\/en\/product\/create-the-gift-box-of-your-dreams\/","url":"https:\/\/www.perce-verre.com\/en\/product\/create-the-gift-box-of-your-dreams\/","name":"Create the gift box of your dreams! - Perc\u00e9-Verre","isPartOf":{"@id":"https:\/\/www.perce-verre.com\/en\/#website"},"primaryImageOfPage":{"@id":"https:\/\/www.perce-verre.com\/en\/product\/create-the-gift-box-of-your-dreams\/#primaryimage"},"image":{"@id":"https:\/\/www.perce-verre.com\/en\/product\/create-the-gift-box-of-your-dreams\/#primaryimage"},"thumbnailUrl":"https:\/\/www.perce-verre.com\/wp-content\/uploads\/2021\/03\/www.perce-verre.com-creez-la-boite-cadeau-a-ton-gout-boites-cadeaux-perce-verre-web.jpg","datePublished":"2021-03-10T14:42:03+00:00","description":"Create the gift box of your dreams! Choose the Quebec products that will be in your box! Fast delivery!","breadcrumb":{"@id":"https:\/\/www.perce-verre.com\/en\/product\/create-the-gift-box-of-your-dreams\/#breadcrumb"},"inLanguage":"en-US","potentialAction":[{"@type":"ReadAction","target":["https:\/\/www.perce-verre.com\/en\/product\/create-the-gift-box-of-your-dreams\/"]}]},{"@type":"ImageObject","inLanguage":"en-US","@id":"https:\/\/www.perce-verre.com\/en\/product\/create-the-gift-box-of-your-dreams\/#primaryimage","url":"https:\/\/www.perce-verre.com\/wp-content\/uploads\/2021\/03\/www.perce-verre.com-creez-la-boite-cadeau-a-ton-gout-boites-cadeaux-perce-verre-web.jpg","contentUrl":"https:\/\/www.perce-verre.com\/wp-content\/uploads\/2021\/03\/www.perce-verre.com-creez-la-boite-cadeau-a-ton-gout-boites-cadeaux-perce-verre-web.jpg","width":900,"height":630,"caption":"Perc\u00e9-Verre gift boxes"},{"@type":"BreadcrumbList","@id":"https:\/\/www.perce-verre.com\/en\/product\/create-the-gift-box-of-your-dreams\/#breadcrumb","itemListElement":[{"@type":"ListItem","position":1,"name":"Accueil","item":"https:\/\/www.perce-verre.com\/en\/"},{"@type":"ListItem","position":2,"name":"Store","item":"https:\/\/www.perce-verre.com\/en\/shop\/"},{"@type":"ListItem","position":3,"name":"Create the gift box of your dreams!"}]},{"@type":"WebSite","@id":"https:\/\/www.perce-verre.com\/en\/#website","url":"https:\/\/www.perce-verre.com\/en\/","name":"Perc\u00e9-Verre","description":"Cadeaux uniques et des cr\u00e9ations qu\u00e9b\u00e9coises","potentialAction":[{"@type":"SearchAction","target":{"@type":"EntryPoint","urlTemplate":"https:\/\/www.perce-verre.com\/en\/?s={search_term_string}"},"query-input":{"@type":"PropertyValueSpecification","valueRequired":true,"valueName":"search_term_string"}}],"inLanguage":"en-US"}]}},"wcpa_form_fields":null,"_links":{"self":[{"href":"https:\/\/www.perce-verre.com\/en\/wp-json\/wp\/v2\/product\/11202","targetHints":{"allow":["GET"]}}],"collection":[{"href":"https:\/\/www.perce-verre.com\/en\/wp-json\/wp\/v2\/product"}],"about":[{"href":"https:\/\/www.perce-verre.com\/en\/wp-json\/wp\/v2\/types\/product"}],"replies":[{"embeddable":true,"href":"https:\/\/www.perce-verre.com\/en\/wp-json\/wp\/v2\/comments?post=11202"}],"wp:featuredmedia":[{"embeddable":true,"href":"https:\/\/www.perce-verre.com\/en\/wp-json\/wp\/v2\/media\/10038"}],"wp:attachment":[{"href":"https:\/\/www.perce-verre.com\/en\/wp-json\/wp\/v2\/media?parent=11202"}],"wp:term":[{"taxonomy":"product_brand","embeddable":true,"href":"https:\/\/www.perce-verre.com\/en\/wp-json\/wp\/v2\/product_brand?post=11202"},{"taxonomy":"product_cat","embeddable":true,"href":"https:\/\/www.perce-verre.com\/en\/wp-json\/wp\/v2\/product_cat?post=11202"},{"taxonomy":"product_tag","embeddable":true,"href":"https:\/\/www.perce-verre.com\/en\/wp-json\/wp\/v2\/product_tag?post=11202"},{"taxonomy":"giftcard-category","embeddable":true,"href":"https:\/\/www.perce-verre.com\/en\/wp-json\/wp\/v2\/giftcard-category?post=11202"}],"curies":[{"name":"wp","href":"https:\/\/api.w.org\/{rel}","templated":true}]}}