{"id":11344,"date":"2023-03-30T16:59:49","date_gmt":"2023-03-30T20:59:49","guid":{"rendered":"https:\/\/www.perce-verre.com\/produit\/le-phare-de-la-falaise-sold-out\/"},"modified":"2023-03-30T16:59:49","modified_gmt":"2023-03-30T20:59:49","slug":"le-phare-de-la-falaise-sold-out","status":"publish","type":"product","link":"https:\/\/www.perce-verre.com\/en\/product\/le-phare-de-la-falaise-sold-out\/","title":{"rendered":"LE PHARE DE LA FALAISE (sold out)"},"content":{"rendered":"<p>&nbsp;<\/p>\n<div class=\"video-shortcode\"><iframe title=\"Cadre lumineux Perc\u00e9 Verre Le phare de la falaise\" width=\"1333\" height=\"1000\" src=\"https:\/\/www.youtube.com\/embed\/RAJX1GFOPGo?feature=oembed\" frameborder=\"0\" allow=\"accelerometer; autoplay; clipboard-write; encrypted-media; gyroscope; picture-in-picture; web-share\" allowfullscreen><\/iframe><\/div>\n<p>&nbsp;<\/p>\n<h3>Dimensions: 18 inches x 22 inches<\/h3>\n<h2>Discover &#8220;Le phare de la falaise&#8221;:<\/h2>\n<p>A fascinating work of fused glass depicting a majestic lighthouse on a wave-beaten cliff. With its bursts of shimmering color, this one-of-a-kind piece of art is a modern marvel that combines the elegance of art deco with cutting-edge technology.<\/p>\n<p>Designed using the fused glass technique, this backlit work is presented in an Italian wood frame, reminiscent of the elegance of stainless steel. Thanks to an intelligent lighting system, the glass is capable of infinite color changes, offering an impressive, fully programmable visual spectacle.<\/p>\n<p>St\u00e9phanie B\u00e9land, a passionate multidisciplinary artist, is behind this exceptional creation. His innovative artistic vision combined with his exceptional talent for hand-crafting brought this unique piece to life.<\/p>\n<p>All in all, &#8220;Le phare de la falaise&#8221; is a masterpiece that captures the raw beauty of nature in a burst of shimmering color. A contemporary, original and customizable mural to be admired by all art lovers.<\/p>\n<p>&nbsp;<\/p>\n<h2>Discover &#8220;The Cliff Lighthouse&#8221;:<\/h2>\n<p>A fascinating work of fused glass that depicts a majestic lighthouse on a wave-battered cliff. With its shimmering bursts of color, this one-of-a-kind piece of art is a true modern marvel that combines art deco elegance with cutting-edge technology.<\/p>\n<p>Designed with the fused glass technique, this backlit artwork is presented in an Italian wood frame, reminiscent of the elegance of stainless steel. Thanks to an intelligent lighting system, the glass is able to change colors endlessly, providing an impressive and fully programmable visual spectacle.<\/p>\n<p>St\u00e9phanie B\u00e9land, a passionate multidisciplinary artist, is behind this exceptional creation. His innovative artistic vision combined with his exceptional talent for manual creation have brought this unique piece to life.<\/p>\n<p>In sum, &#8220;The Cliff Lighthouse&#8221; is a masterpiece that captures the raw beauty of nature in a burst of shimmering color. A contemporary, original and customizable mural that arouses the admiration of all art lovers.<\/p>\n","protected":false},"excerpt":{"rendered":"<h2>Discover &#8220;Le phare de la falaise&#8221;:<\/h2>\n<p>A fascinating work of fused glass depicting a majestic lighthouse on a wave-beaten cliff. With its bursts of shimmering color, this one-of-a-kind piece of art is a true modern marvel, combining the elegance of art deco with cutting-edge technology.<\/p>\n<p>Designed using the fused glass technique, this backlit work is presented in an Italian wood frame, reminiscent of the elegance of stainless steel. Thanks to an intelligent lighting system, the glass is capable of infinite color changes, offering an impressive, fully programmable visual spectacle.<\/p>\n<p>St\u00e9phanie B\u00e9land, a passionate multidisciplinary artist, is behind this exceptional creation. His innovative artistic vision combined with his exceptional talent for hand-crafting brought this unique piece to life.<\/p>\n<p>All in all, &#8220;Le phare de la falaise&#8221; is a masterpiece that captures the raw beauty of nature in a burst of shimmering color. A contemporary, original and customizable mural that will win the admiration of all art lovers.<\/p>\n<p>&nbsp;<\/p>\n<h2>Discover &#8220;The Cliff Lighthouse&#8221;:<\/h2>\n<p>A fascinating work of fused glass that depicts a majestic lighthouse on a wave-battered cliff. With its shimmering bursts of color, this one-of-a-kind piece of art is a true modern marvel that combines art deco elegance with cutting-edge technology.<\/p>\n<p>Designed with the fused glass technique, this backlit artwork is presented in an Italian wood frame, reminiscent of the elegance of stainless steel. Thanks to an intelligent lighting system, the glass is able to change colors endlessly, providing an impressive and fully programmable visual spectacle.<\/p>\n<p>St\u00e9phanie B\u00e9land, a passionate multidisciplinary artist, is behind this exceptional creation. His innovative artistic vision combined with his exceptional talent for manual creation have brought this unique piece to life.<\/p>\n<p>In sum, &#8220;The Cliff Lighthouse&#8221; is a masterpiece that captures the raw beauty of nature in a burst of shimmering color. A contemporary, original and customizable mural that arouses the admiration of all art lovers.<\/p>\n<h4>Dimensions: 18 inches x 22 inches<\/h4>\n<p>&nbsp;<\/p>\n","protected":false},"featured_media":10488,"comment_status":"closed","ping_status":"closed","template":"","meta":[],"product_brand":[],"product_cat":[545,602,1474],"product_tag":[552,558,604,560],"giftcard-category":[],"class_list":{"0":"post-11344","1":"product","2":"type-product","3":"status-publish","4":"has-post-thumbnail","6":"product_cat-decoration-en","7":"product_cat-illuminated-murals","8":"product_cat-wall-art","9":"product_tag-art-deco-en","10":"product_tag-decoration-en","11":"product_tag-home-2","12":"product_tag-work-of-art","14":"first","15":"outofstock","16":"sold-individually","17":"taxable","18":"shipping-taxable","19":"product-type-simple"},"yoast_head":"<!-- This site is optimized with the Yoast SEO plugin v27.4 - https:\/\/yoast.com\/product\/yoast-seo-wordpress\/ -->\n<title>LE PHARE DE LA FALAISE (sold out) - OEUVRE ART D\u00c9CO<\/title>\n<meta name=\"description\" content=\"Discover &quot;The Lighthouse on the Cliff&quot;, a fascinating work of fused glass depicting a majestic lighthouse on a wave-beaten cliff.\" \/>\n<meta name=\"robots\" content=\"index, follow, max-snippet:-1, max-image-preview:large, max-video-preview:-1\" \/>\n<link rel=\"canonical\" href=\"https:\/\/www.perce-verre.com\/en\/product\/le-phare-de-la-falaise-sold-out\/\" \/>\n<meta property=\"og:locale\" content=\"en_US\" \/>\n<meta property=\"og:type\" content=\"article\" \/>\n<meta property=\"og:title\" content=\"LE PHARE DE LA FALAISE (sold out) - OEUVRE ART D\u00c9CO\" \/>\n<meta property=\"og:description\" content=\"Discover &quot;The Lighthouse on the Cliff&quot;, a fascinating work of fused glass depicting a majestic lighthouse on a wave-beaten cliff.\" \/>\n<meta property=\"og:url\" content=\"https:\/\/www.perce-verre.com\/en\/product\/le-phare-de-la-falaise-sold-out\/\" \/>\n<meta property=\"og:site_name\" content=\"Perc\u00e9-Verre\" \/>\n<meta property=\"og:image\" content=\"https:\/\/www.perce-verre.com\/wp-content\/uploads\/2023\/03\/www.perce-verre.com-cadre-lumineux-30-x-40-cadre-lumineux-dans-decor--perce-verre-oeuvre-dart-le-phare-de-la-falaise.jpg\" \/>\n\t<meta property=\"og:image:width\" content=\"900\" \/>\n\t<meta property=\"og:image:height\" content=\"630\" \/>\n\t<meta property=\"og:image:type\" content=\"image\/jpeg\" \/>\n<meta name=\"twitter:card\" content=\"summary_large_image\" \/>\n<meta name=\"twitter:label1\" content=\"Est. reading time\" \/>\n\t<meta name=\"twitter:data1\" content=\"2 minutes\" \/>\n<script type=\"application\/ld+json\" class=\"yoast-schema-graph\">{\"@context\":\"https:\\\/\\\/schema.org\",\"@graph\":[{\"@type\":\"WebPage\",\"@id\":\"https:\\\/\\\/www.perce-verre.com\\\/en\\\/product\\\/le-phare-de-la-falaise-sold-out\\\/\",\"url\":\"https:\\\/\\\/www.perce-verre.com\\\/en\\\/product\\\/le-phare-de-la-falaise-sold-out\\\/\",\"name\":\"LE PHARE DE LA FALAISE (sold out) - OEUVRE ART D\u00c9CO\",\"isPartOf\":{\"@id\":\"https:\\\/\\\/www.perce-verre.com\\\/en\\\/#website\"},\"primaryImageOfPage\":{\"@id\":\"https:\\\/\\\/www.perce-verre.com\\\/en\\\/product\\\/le-phare-de-la-falaise-sold-out\\\/#primaryimage\"},\"image\":{\"@id\":\"https:\\\/\\\/www.perce-verre.com\\\/en\\\/product\\\/le-phare-de-la-falaise-sold-out\\\/#primaryimage\"},\"thumbnailUrl\":\"https:\\\/\\\/www.perce-verre.com\\\/wp-content\\\/uploads\\\/2023\\\/03\\\/www.perce-verre.com-cadre-lumineux-30-x-40-cadre-lumineux-dans-decor--perce-verre-oeuvre-dart-le-phare-de-la-falaise.jpg\",\"datePublished\":\"2023-03-30T20:59:49+00:00\",\"description\":\"Discover \\\"The Lighthouse on the Cliff\\\", a fascinating work of fused glass depicting a majestic lighthouse on a wave-beaten cliff.\",\"breadcrumb\":{\"@id\":\"https:\\\/\\\/www.perce-verre.com\\\/en\\\/product\\\/le-phare-de-la-falaise-sold-out\\\/#breadcrumb\"},\"inLanguage\":\"en-US\",\"potentialAction\":[{\"@type\":\"ReadAction\",\"target\":[\"https:\\\/\\\/www.perce-verre.com\\\/en\\\/product\\\/le-phare-de-la-falaise-sold-out\\\/\"]}]},{\"@type\":\"ImageObject\",\"inLanguage\":\"en-US\",\"@id\":\"https:\\\/\\\/www.perce-verre.com\\\/en\\\/product\\\/le-phare-de-la-falaise-sold-out\\\/#primaryimage\",\"url\":\"https:\\\/\\\/www.perce-verre.com\\\/wp-content\\\/uploads\\\/2023\\\/03\\\/www.perce-verre.com-cadre-lumineux-30-x-40-cadre-lumineux-dans-decor--perce-verre-oeuvre-dart-le-phare-de-la-falaise.jpg\",\"contentUrl\":\"https:\\\/\\\/www.perce-verre.com\\\/wp-content\\\/uploads\\\/2023\\\/03\\\/www.perce-verre.com-cadre-lumineux-30-x-40-cadre-lumineux-dans-decor--perce-verre-oeuvre-dart-le-phare-de-la-falaise.jpg\",\"width\":900,\"height\":630,\"caption\":\"Luminous frame in decor_ Perc\u00e9-Verre_oeuvre d'art_LE PHARE DE LA FALAISE\"},{\"@type\":\"BreadcrumbList\",\"@id\":\"https:\\\/\\\/www.perce-verre.com\\\/en\\\/product\\\/le-phare-de-la-falaise-sold-out\\\/#breadcrumb\",\"itemListElement\":[{\"@type\":\"ListItem\",\"position\":1,\"name\":\"Accueil\",\"item\":\"https:\\\/\\\/www.perce-verre.com\\\/en\\\/\"},{\"@type\":\"ListItem\",\"position\":2,\"name\":\"Store\",\"item\":\"https:\\\/\\\/www.perce-verre.com\\\/en\\\/shop\\\/\"},{\"@type\":\"ListItem\",\"position\":3,\"name\":\"LE PHARE DE LA FALAISE (sold out)\"}]},{\"@type\":\"WebSite\",\"@id\":\"https:\\\/\\\/www.perce-verre.com\\\/en\\\/#website\",\"url\":\"https:\\\/\\\/www.perce-verre.com\\\/en\\\/\",\"name\":\"Perc\u00e9-Verre\",\"description\":\"Cadeaux uniques et des cr\u00e9ations qu\u00e9b\u00e9coises\",\"potentialAction\":[{\"@type\":\"SearchAction\",\"target\":{\"@type\":\"EntryPoint\",\"urlTemplate\":\"https:\\\/\\\/www.perce-verre.com\\\/en\\\/?s={search_term_string}\"},\"query-input\":{\"@type\":\"PropertyValueSpecification\",\"valueRequired\":true,\"valueName\":\"search_term_string\"}}],\"inLanguage\":\"en-US\"}]}<\/script>\n<!-- \/ Yoast SEO plugin. -->","yoast_head_json":{"title":"LE PHARE DE LA FALAISE (sold out) - OEUVRE ART D\u00c9CO","description":"Discover \"The Lighthouse on the Cliff\", a fascinating work of fused glass depicting a majestic lighthouse on a wave-beaten cliff.","robots":{"index":"index","follow":"follow","max-snippet":"max-snippet:-1","max-image-preview":"max-image-preview:large","max-video-preview":"max-video-preview:-1"},"canonical":"https:\/\/www.perce-verre.com\/en\/product\/le-phare-de-la-falaise-sold-out\/","og_locale":"en_US","og_type":"article","og_title":"LE PHARE DE LA FALAISE (sold out) - OEUVRE ART D\u00c9CO","og_description":"Discover \"The Lighthouse on the Cliff\", a fascinating work of fused glass depicting a majestic lighthouse on a wave-beaten cliff.","og_url":"https:\/\/www.perce-verre.com\/en\/product\/le-phare-de-la-falaise-sold-out\/","og_site_name":"Perc\u00e9-Verre","og_image":[{"width":900,"height":630,"url":"https:\/\/www.perce-verre.com\/wp-content\/uploads\/2023\/03\/www.perce-verre.com-cadre-lumineux-30-x-40-cadre-lumineux-dans-decor--perce-verre-oeuvre-dart-le-phare-de-la-falaise.jpg","type":"image\/jpeg"}],"twitter_card":"summary_large_image","twitter_misc":{"Est. reading time":"2 minutes"},"schema":{"@context":"https:\/\/schema.org","@graph":[{"@type":"WebPage","@id":"https:\/\/www.perce-verre.com\/en\/product\/le-phare-de-la-falaise-sold-out\/","url":"https:\/\/www.perce-verre.com\/en\/product\/le-phare-de-la-falaise-sold-out\/","name":"LE PHARE DE LA FALAISE (sold out) - OEUVRE ART D\u00c9CO","isPartOf":{"@id":"https:\/\/www.perce-verre.com\/en\/#website"},"primaryImageOfPage":{"@id":"https:\/\/www.perce-verre.com\/en\/product\/le-phare-de-la-falaise-sold-out\/#primaryimage"},"image":{"@id":"https:\/\/www.perce-verre.com\/en\/product\/le-phare-de-la-falaise-sold-out\/#primaryimage"},"thumbnailUrl":"https:\/\/www.perce-verre.com\/wp-content\/uploads\/2023\/03\/www.perce-verre.com-cadre-lumineux-30-x-40-cadre-lumineux-dans-decor--perce-verre-oeuvre-dart-le-phare-de-la-falaise.jpg","datePublished":"2023-03-30T20:59:49+00:00","description":"Discover \"The Lighthouse on the Cliff\", a fascinating work of fused glass depicting a majestic lighthouse on a wave-beaten cliff.","breadcrumb":{"@id":"https:\/\/www.perce-verre.com\/en\/product\/le-phare-de-la-falaise-sold-out\/#breadcrumb"},"inLanguage":"en-US","potentialAction":[{"@type":"ReadAction","target":["https:\/\/www.perce-verre.com\/en\/product\/le-phare-de-la-falaise-sold-out\/"]}]},{"@type":"ImageObject","inLanguage":"en-US","@id":"https:\/\/www.perce-verre.com\/en\/product\/le-phare-de-la-falaise-sold-out\/#primaryimage","url":"https:\/\/www.perce-verre.com\/wp-content\/uploads\/2023\/03\/www.perce-verre.com-cadre-lumineux-30-x-40-cadre-lumineux-dans-decor--perce-verre-oeuvre-dart-le-phare-de-la-falaise.jpg","contentUrl":"https:\/\/www.perce-verre.com\/wp-content\/uploads\/2023\/03\/www.perce-verre.com-cadre-lumineux-30-x-40-cadre-lumineux-dans-decor--perce-verre-oeuvre-dart-le-phare-de-la-falaise.jpg","width":900,"height":630,"caption":"Luminous frame in decor_ Perc\u00e9-Verre_oeuvre d'art_LE PHARE DE LA FALAISE"},{"@type":"BreadcrumbList","@id":"https:\/\/www.perce-verre.com\/en\/product\/le-phare-de-la-falaise-sold-out\/#breadcrumb","itemListElement":[{"@type":"ListItem","position":1,"name":"Accueil","item":"https:\/\/www.perce-verre.com\/en\/"},{"@type":"ListItem","position":2,"name":"Store","item":"https:\/\/www.perce-verre.com\/en\/shop\/"},{"@type":"ListItem","position":3,"name":"LE PHARE DE LA FALAISE (sold out)"}]},{"@type":"WebSite","@id":"https:\/\/www.perce-verre.com\/en\/#website","url":"https:\/\/www.perce-verre.com\/en\/","name":"Perc\u00e9-Verre","description":"Cadeaux uniques et des cr\u00e9ations qu\u00e9b\u00e9coises","potentialAction":[{"@type":"SearchAction","target":{"@type":"EntryPoint","urlTemplate":"https:\/\/www.perce-verre.com\/en\/?s={search_term_string}"},"query-input":{"@type":"PropertyValueSpecification","valueRequired":true,"valueName":"search_term_string"}}],"inLanguage":"en-US"}]}},"wcpa_form_fields":null,"_links":{"self":[{"href":"https:\/\/www.perce-verre.com\/en\/wp-json\/wp\/v2\/product\/11344","targetHints":{"allow":["GET"]}}],"collection":[{"href":"https:\/\/www.perce-verre.com\/en\/wp-json\/wp\/v2\/product"}],"about":[{"href":"https:\/\/www.perce-verre.com\/en\/wp-json\/wp\/v2\/types\/product"}],"replies":[{"embeddable":true,"href":"https:\/\/www.perce-verre.com\/en\/wp-json\/wp\/v2\/comments?post=11344"}],"wp:featuredmedia":[{"embeddable":true,"href":"https:\/\/www.perce-verre.com\/en\/wp-json\/wp\/v2\/media\/10488"}],"wp:attachment":[{"href":"https:\/\/www.perce-verre.com\/en\/wp-json\/wp\/v2\/media?parent=11344"}],"wp:term":[{"taxonomy":"product_brand","embeddable":true,"href":"https:\/\/www.perce-verre.com\/en\/wp-json\/wp\/v2\/product_brand?post=11344"},{"taxonomy":"product_cat","embeddable":true,"href":"https:\/\/www.perce-verre.com\/en\/wp-json\/wp\/v2\/product_cat?post=11344"},{"taxonomy":"product_tag","embeddable":true,"href":"https:\/\/www.perce-verre.com\/en\/wp-json\/wp\/v2\/product_tag?post=11344"},{"taxonomy":"giftcard-category","embeddable":true,"href":"https:\/\/www.perce-verre.com\/en\/wp-json\/wp\/v2\/giftcard-category?post=11344"}],"curies":[{"name":"wp","href":"https:\/\/api.w.org\/{rel}","templated":true}]}}