{"id":11354,"date":"2023-03-28T16:28:13","date_gmt":"2023-03-28T20:28:13","guid":{"rendered":"https:\/\/www.perce-verre.com\/produit\/eternal-summits-sold\/"},"modified":"2023-03-28T16:28:13","modified_gmt":"2023-03-28T20:28:13","slug":"eternal-summits-sold","status":"publish","type":"product","link":"https:\/\/www.perce-verre.com\/en\/product\/eternal-summits-sold\/","title":{"rendered":"Eternal summits (sold)"},"content":{"rendered":"<div class=\"video-shortcode\"><iframe title=\"Cadre lumineux Perc\u00e9 Verre Sommets \u00e9ternels\" width=\"1333\" height=\"1000\" src=\"https:\/\/www.youtube.com\/embed\/hzXf-UjEdQw?feature=oembed\" frameborder=\"0\" allow=\"accelerometer; autoplay; clipboard-write; encrypted-media; gyroscope; picture-in-picture; web-share\" allowfullscreen><\/iframe><\/div>\n<p>&#8220;Sommets \u00e9ternels&#8221; is a work in fused glass that captures the majestic beauty of mountain peaks through an explosion of colors and textures.<\/p>\n<p>Explore the world of modern art with this unique and fascinating work, backlit and created using the fused glass technique. The Italian wood frame evokes stainless steel, while the cement\/concrete-style background adds an industrial touch. The intelligent lighting system offers a multitude of colors, fully programmable to suit your taste and mood. Multidisciplinary artist St\u00e9phanie B\u00e9land is a creative force whose manual talent and original ideas are reflected in each of her unique, contemporary works. She uses a variety of materials and technology to create visually stunning wall art that adapts perfectly to integrated lighting.<\/p>\n<p>Dimensions: 30 inches x 40 inches<\/p>\n<p>&nbsp;<\/p>\n<p>&#8220;Eternal Summits&#8221; is a fused glass work that captures the majestic beauty of mountain peaks through an explosion of colors and textures.<\/p>\n<p>Explore the universe of modern art with this unique and fascinating work, backlit and created using the fused glass technique. The Italian wood frame evokes stainless steel, while the cement\/concrete style bottom adds an industrial touch. The smart lighting system offers a multitude of colors, fully programmable to suit your tastes and desired mood. Multidisciplinary artist St\u00e9phanie B\u00e9land is a creative force whose manual talent and original ideas are reflected in each of her unique and contemporary works. She uses a variety of materials and technology to create visual murals that fit perfectly with the built-in lighting.<\/p>\n<p>Dimensions: 30 x 40 inches<\/p>\n<p>&nbsp;<\/p>\n","protected":false},"excerpt":{"rendered":"<p>&#8220;Sommets \u00e9ternels&#8221; is a work in fused glass that captures the majestic beauty of mountain peaks through an explosion of colors and textures.<\/p>\n<p>Explore the world of modern art with this unique and fascinating work, backlit and created using the fused glass technique. The Italian wood frame evokes stainless steel, while the cement\/concrete-style background adds an industrial touch. The intelligent lighting system offers a multitude of colors, fully programmable to suit your taste and mood. Multidisciplinary artist St\u00e9phanie B\u00e9land is a creative force whose manual talent and original ideas are reflected in each of her unique, contemporary works. She uses a variety of materials and technology to create visually stunning wall art that adapts perfectly to integrated lighting.<\/p>\n<p>Dimensions: 16 inches x 20 inches<\/p>\n","protected":false},"featured_media":10478,"comment_status":"closed","ping_status":"closed","template":"","meta":[],"product_brand":[],"product_cat":[545],"product_tag":[552,558,604,560],"giftcard-category":[],"class_list":{"0":"post-11354","1":"product","2":"type-product","3":"status-publish","4":"has-post-thumbnail","6":"product_cat-decoration-en","7":"product_tag-art-deco-en","8":"product_tag-decoration-en","9":"product_tag-home-2","10":"product_tag-work-of-art","12":"first","13":"outofstock","14":"sold-individually","15":"taxable","16":"shipping-taxable","17":"product-type-simple"},"yoast_head":"<!-- This site is optimized with the Yoast SEO plugin v27.4 - https:\/\/yoast.com\/product\/yoast-seo-wordpress\/ -->\n<title>Eternal summits (sold) - Perc\u00e9-Verre<\/title>\n<meta name=\"description\" content=\"&quot;Sommets \u00e9ternels&quot; is a glass work that captures the majestic beauty of mountain peaks through an explosion of colors and textures.\" \/>\n<meta name=\"robots\" content=\"index, follow, max-snippet:-1, max-image-preview:large, max-video-preview:-1\" \/>\n<link rel=\"canonical\" href=\"https:\/\/www.perce-verre.com\/en\/product\/eternal-summits-sold\/\" \/>\n<meta property=\"og:locale\" content=\"en_US\" \/>\n<meta property=\"og:type\" content=\"article\" \/>\n<meta property=\"og:title\" content=\"Eternal summits (sold) - Perc\u00e9-Verre\" \/>\n<meta property=\"og:description\" content=\"&quot;Sommets \u00e9ternels&quot; is a glass work that captures the majestic beauty of mountain peaks through an explosion of colors and textures.\" \/>\n<meta property=\"og:url\" content=\"https:\/\/www.perce-verre.com\/en\/product\/eternal-summits-sold\/\" \/>\n<meta property=\"og:site_name\" content=\"Perc\u00e9-Verre\" \/>\n<meta property=\"og:image\" content=\"https:\/\/www.perce-verre.com\/wp-content\/uploads\/2023\/03\/www.perce-verre.com-cadre-lumineux-30-x-40-cadre-lumineux-dans-decor--perce-verre-oeuvre-art-sommets-eternels.jpg\" \/>\n\t<meta property=\"og:image:width\" content=\"900\" \/>\n\t<meta property=\"og:image:height\" content=\"630\" \/>\n\t<meta property=\"og:image:type\" content=\"image\/jpeg\" \/>\n<meta name=\"twitter:card\" content=\"summary_large_image\" \/>\n<meta name=\"twitter:label1\" content=\"Est. reading time\" \/>\n\t<meta name=\"twitter:data1\" content=\"1 minute\" \/>\n<script type=\"application\/ld+json\" class=\"yoast-schema-graph\">{\"@context\":\"https:\\\/\\\/schema.org\",\"@graph\":[{\"@type\":\"WebPage\",\"@id\":\"https:\\\/\\\/www.perce-verre.com\\\/en\\\/product\\\/eternal-summits-sold\\\/\",\"url\":\"https:\\\/\\\/www.perce-verre.com\\\/en\\\/product\\\/eternal-summits-sold\\\/\",\"name\":\"Eternal summits (sold) - Perc\u00e9-Verre\",\"isPartOf\":{\"@id\":\"https:\\\/\\\/www.perce-verre.com\\\/en\\\/#website\"},\"primaryImageOfPage\":{\"@id\":\"https:\\\/\\\/www.perce-verre.com\\\/en\\\/product\\\/eternal-summits-sold\\\/#primaryimage\"},\"image\":{\"@id\":\"https:\\\/\\\/www.perce-verre.com\\\/en\\\/product\\\/eternal-summits-sold\\\/#primaryimage\"},\"thumbnailUrl\":\"https:\\\/\\\/www.perce-verre.com\\\/wp-content\\\/uploads\\\/2023\\\/03\\\/www.perce-verre.com-cadre-lumineux-30-x-40-cadre-lumineux-dans-decor--perce-verre-oeuvre-art-sommets-eternels.jpg\",\"datePublished\":\"2023-03-28T20:28:13+00:00\",\"description\":\"\\\"Sommets \u00e9ternels\\\" is a glass work that captures the majestic beauty of mountain peaks through an explosion of colors and textures.\",\"breadcrumb\":{\"@id\":\"https:\\\/\\\/www.perce-verre.com\\\/en\\\/product\\\/eternal-summits-sold\\\/#breadcrumb\"},\"inLanguage\":\"en-US\",\"potentialAction\":[{\"@type\":\"ReadAction\",\"target\":[\"https:\\\/\\\/www.perce-verre.com\\\/en\\\/product\\\/eternal-summits-sold\\\/\"]}]},{\"@type\":\"ImageObject\",\"inLanguage\":\"en-US\",\"@id\":\"https:\\\/\\\/www.perce-verre.com\\\/en\\\/product\\\/eternal-summits-sold\\\/#primaryimage\",\"url\":\"https:\\\/\\\/www.perce-verre.com\\\/wp-content\\\/uploads\\\/2023\\\/03\\\/www.perce-verre.com-cadre-lumineux-30-x-40-cadre-lumineux-dans-decor--perce-verre-oeuvre-art-sommets-eternels.jpg\",\"contentUrl\":\"https:\\\/\\\/www.perce-verre.com\\\/wp-content\\\/uploads\\\/2023\\\/03\\\/www.perce-verre.com-cadre-lumineux-30-x-40-cadre-lumineux-dans-decor--perce-verre-oeuvre-art-sommets-eternels.jpg\",\"width\":900,\"height\":630,\"caption\":\"Luminous frame in decor_ Perc\u00e9-Verre_oeuvre art_SOMMETS \u00c9TERNELS\"},{\"@type\":\"BreadcrumbList\",\"@id\":\"https:\\\/\\\/www.perce-verre.com\\\/en\\\/product\\\/eternal-summits-sold\\\/#breadcrumb\",\"itemListElement\":[{\"@type\":\"ListItem\",\"position\":1,\"name\":\"Accueil\",\"item\":\"https:\\\/\\\/www.perce-verre.com\\\/en\\\/\"},{\"@type\":\"ListItem\",\"position\":2,\"name\":\"Store\",\"item\":\"https:\\\/\\\/www.perce-verre.com\\\/en\\\/shop\\\/\"},{\"@type\":\"ListItem\",\"position\":3,\"name\":\"Eternal summits (sold)\"}]},{\"@type\":\"WebSite\",\"@id\":\"https:\\\/\\\/www.perce-verre.com\\\/en\\\/#website\",\"url\":\"https:\\\/\\\/www.perce-verre.com\\\/en\\\/\",\"name\":\"Perc\u00e9-Verre\",\"description\":\"Cadeaux uniques et des cr\u00e9ations qu\u00e9b\u00e9coises\",\"potentialAction\":[{\"@type\":\"SearchAction\",\"target\":{\"@type\":\"EntryPoint\",\"urlTemplate\":\"https:\\\/\\\/www.perce-verre.com\\\/en\\\/?s={search_term_string}\"},\"query-input\":{\"@type\":\"PropertyValueSpecification\",\"valueRequired\":true,\"valueName\":\"search_term_string\"}}],\"inLanguage\":\"en-US\"}]}<\/script>\n<!-- \/ Yoast SEO plugin. -->","yoast_head_json":{"title":"Eternal summits (sold) - Perc\u00e9-Verre","description":"\"Sommets \u00e9ternels\" is a glass work that captures the majestic beauty of mountain peaks through an explosion of colors and textures.","robots":{"index":"index","follow":"follow","max-snippet":"max-snippet:-1","max-image-preview":"max-image-preview:large","max-video-preview":"max-video-preview:-1"},"canonical":"https:\/\/www.perce-verre.com\/en\/product\/eternal-summits-sold\/","og_locale":"en_US","og_type":"article","og_title":"Eternal summits (sold) - Perc\u00e9-Verre","og_description":"\"Sommets \u00e9ternels\" is a glass work that captures the majestic beauty of mountain peaks through an explosion of colors and textures.","og_url":"https:\/\/www.perce-verre.com\/en\/product\/eternal-summits-sold\/","og_site_name":"Perc\u00e9-Verre","og_image":[{"width":900,"height":630,"url":"https:\/\/www.perce-verre.com\/wp-content\/uploads\/2023\/03\/www.perce-verre.com-cadre-lumineux-30-x-40-cadre-lumineux-dans-decor--perce-verre-oeuvre-art-sommets-eternels.jpg","type":"image\/jpeg"}],"twitter_card":"summary_large_image","twitter_misc":{"Est. reading time":"1 minute"},"schema":{"@context":"https:\/\/schema.org","@graph":[{"@type":"WebPage","@id":"https:\/\/www.perce-verre.com\/en\/product\/eternal-summits-sold\/","url":"https:\/\/www.perce-verre.com\/en\/product\/eternal-summits-sold\/","name":"Eternal summits (sold) - Perc\u00e9-Verre","isPartOf":{"@id":"https:\/\/www.perce-verre.com\/en\/#website"},"primaryImageOfPage":{"@id":"https:\/\/www.perce-verre.com\/en\/product\/eternal-summits-sold\/#primaryimage"},"image":{"@id":"https:\/\/www.perce-verre.com\/en\/product\/eternal-summits-sold\/#primaryimage"},"thumbnailUrl":"https:\/\/www.perce-verre.com\/wp-content\/uploads\/2023\/03\/www.perce-verre.com-cadre-lumineux-30-x-40-cadre-lumineux-dans-decor--perce-verre-oeuvre-art-sommets-eternels.jpg","datePublished":"2023-03-28T20:28:13+00:00","description":"\"Sommets \u00e9ternels\" is a glass work that captures the majestic beauty of mountain peaks through an explosion of colors and textures.","breadcrumb":{"@id":"https:\/\/www.perce-verre.com\/en\/product\/eternal-summits-sold\/#breadcrumb"},"inLanguage":"en-US","potentialAction":[{"@type":"ReadAction","target":["https:\/\/www.perce-verre.com\/en\/product\/eternal-summits-sold\/"]}]},{"@type":"ImageObject","inLanguage":"en-US","@id":"https:\/\/www.perce-verre.com\/en\/product\/eternal-summits-sold\/#primaryimage","url":"https:\/\/www.perce-verre.com\/wp-content\/uploads\/2023\/03\/www.perce-verre.com-cadre-lumineux-30-x-40-cadre-lumineux-dans-decor--perce-verre-oeuvre-art-sommets-eternels.jpg","contentUrl":"https:\/\/www.perce-verre.com\/wp-content\/uploads\/2023\/03\/www.perce-verre.com-cadre-lumineux-30-x-40-cadre-lumineux-dans-decor--perce-verre-oeuvre-art-sommets-eternels.jpg","width":900,"height":630,"caption":"Luminous frame in decor_ Perc\u00e9-Verre_oeuvre art_SOMMETS \u00c9TERNELS"},{"@type":"BreadcrumbList","@id":"https:\/\/www.perce-verre.com\/en\/product\/eternal-summits-sold\/#breadcrumb","itemListElement":[{"@type":"ListItem","position":1,"name":"Accueil","item":"https:\/\/www.perce-verre.com\/en\/"},{"@type":"ListItem","position":2,"name":"Store","item":"https:\/\/www.perce-verre.com\/en\/shop\/"},{"@type":"ListItem","position":3,"name":"Eternal summits (sold)"}]},{"@type":"WebSite","@id":"https:\/\/www.perce-verre.com\/en\/#website","url":"https:\/\/www.perce-verre.com\/en\/","name":"Perc\u00e9-Verre","description":"Cadeaux uniques et des cr\u00e9ations qu\u00e9b\u00e9coises","potentialAction":[{"@type":"SearchAction","target":{"@type":"EntryPoint","urlTemplate":"https:\/\/www.perce-verre.com\/en\/?s={search_term_string}"},"query-input":{"@type":"PropertyValueSpecification","valueRequired":true,"valueName":"search_term_string"}}],"inLanguage":"en-US"}]}},"wcpa_form_fields":null,"_links":{"self":[{"href":"https:\/\/www.perce-verre.com\/en\/wp-json\/wp\/v2\/product\/11354","targetHints":{"allow":["GET"]}}],"collection":[{"href":"https:\/\/www.perce-verre.com\/en\/wp-json\/wp\/v2\/product"}],"about":[{"href":"https:\/\/www.perce-verre.com\/en\/wp-json\/wp\/v2\/types\/product"}],"replies":[{"embeddable":true,"href":"https:\/\/www.perce-verre.com\/en\/wp-json\/wp\/v2\/comments?post=11354"}],"wp:featuredmedia":[{"embeddable":true,"href":"https:\/\/www.perce-verre.com\/en\/wp-json\/wp\/v2\/media\/10478"}],"wp:attachment":[{"href":"https:\/\/www.perce-verre.com\/en\/wp-json\/wp\/v2\/media?parent=11354"}],"wp:term":[{"taxonomy":"product_brand","embeddable":true,"href":"https:\/\/www.perce-verre.com\/en\/wp-json\/wp\/v2\/product_brand?post=11354"},{"taxonomy":"product_cat","embeddable":true,"href":"https:\/\/www.perce-verre.com\/en\/wp-json\/wp\/v2\/product_cat?post=11354"},{"taxonomy":"product_tag","embeddable":true,"href":"https:\/\/www.perce-verre.com\/en\/wp-json\/wp\/v2\/product_tag?post=11354"},{"taxonomy":"giftcard-category","embeddable":true,"href":"https:\/\/www.perce-verre.com\/en\/wp-json\/wp\/v2\/giftcard-category?post=11354"}],"curies":[{"name":"wp","href":"https:\/\/api.w.org\/{rel}","templated":true}]}}