{"id":11357,"date":"2023-03-30T14:46:53","date_gmt":"2023-03-30T18:46:53","guid":{"rendered":"https:\/\/www.perce-verre.com\/produit\/voile-rose-sur-locean-de-verre-sold\/"},"modified":"2023-03-30T14:46:53","modified_gmt":"2023-03-30T18:46:53","slug":"voile-rose-sur-locean-de-verre-sold","status":"publish","type":"product","link":"https:\/\/www.perce-verre.com\/en\/product\/voile-rose-sur-locean-de-verre-sold\/","title":{"rendered":"VOILE ROSE SUR L&#8217;OC\u00c9AN DE VERRE (sold)"},"content":{"rendered":"<h2>A work of art in fused glass: &#8220;Voile rose sur l&#8217;oc\u00e9an de verre&#8221; (Pink veil on an ocean of glass)<\/h2>\n<p>The fused glass work of art entitled &#8220;Voile rose sur l&#8217;oc\u00e9an de verre&#8221; is a unique piece depicting a magnificent pink sailboat sailing on the sea. Created by a talented artist, this work of art is a fusion of different shades of glass. It creates an effect of movement and depth.<\/p>\n<h3>A wooden frame from Italy<\/h3>\n<p>&#8220;Pink Sails on an Ocean of Glass&#8221; is presented in an Italian wood frame reminiscent of stainless steel, adding a modern touch to the ensemble. The frame matches the pink of the sailboat and the blue of the sea.<\/p>\n<h3>Harmonious shades<\/h3>\n<p>The pink and blue tones of the sea and sky blend harmoniously with the sailboat, creating a peaceful, feminine ambience. The artist used a complex glass fusion technique to bring this scene to life. The result is a stunning work of art that captures the imagination.<\/p>\n<h3>&#8220;Pink sail on the ocean of glass&#8221;, an elegant piece for any space<\/h3>\n<p>This &#8220;Pink sail on the ocean of glass&#8221; piece is an elegant addition to any living or working space. Display it in a living room or office, to add a touch of sophistication and calm. All in all, &#8220;Voile rose sur l&#8217;oc\u00e9an de verre&#8221; is a work of art that will appeal to lovers of fused glass and fine creations.<\/p>\n<p>&nbsp;<\/p>\n<h2>A work of art in fused glass: &#8220;Pink veil on the ocean of glass&#8221;.<\/h2>\n<p>The fused glass artwork titled &#8220;Pink Sail on Glass Ocean&#8221; is a unique piece that depicts a beautiful pink sailboat sailing the sea. Made by a talented artist, this artwork is a fusion of different shades of glass, creating an effect of movement and depth.<\/p>\n<h3>A wooden frame from Italy<\/h3>\n<p>&#8220;Pink Veil on the Glass Ocean&#8221; is presented in an Italian wood frame reminiscent of stainless steel, adding a modern touch to the whole. The frame is well matched with the pink color of the sailboat and the blue hue of the sea.<\/p>\n<h3>Harmonious shades<\/h3>\n<p>The pink and blue tones of the sea and the sky blend harmoniously with the sailboat, creating a feminine and peaceful atmosphere. The artist used an intricate glass-fusing technique to bring this scene to life, and the result is a stunning work of art that captures the imagination.<\/p>\n<h3>Pink Veil on the Glass Ocean&#8217;, an elegant piece for any space<\/h3>\n<p>This &#8216;Pink Veil on the Ocean of Glass&#8217; piece is a stylish addition to any living or work space. Display it in a living room or office to add a touch of sophistication and calm. In short, &#8220;Pink Veil on the Glass Ocean&#8221; is a work of art that will appeal to lovers of fused glass and beautiful creations.<\/p>\n<h5><\/h5>\n<h5>Dimensions: 6 inches x 18 inches<\/h5>\n<pre>Mat\u00e9riaux:\n-\u0153uvre en verre fusionn\u00e9\n-Encadrement de qualit\u00e9 fabriqu\u00e9 avec moulures de bois d'Italie rappelant l'acier inoxydable\n-Fond de vinyle \u00e0 l'\u00e9preuve de l'humidit\u00e9 et des changements de temp\u00e9rature<\/pre>\n","protected":false},"excerpt":{"rendered":"<h2>A work of art in fused glass: &#8220;Voile rose sur l&#8217;oc\u00e9an de verre&#8221; (Pink veil on an ocean of glass)<\/h2>\n<p>The fused glass work of art entitled &#8220;Voile rose sur l&#8217;oc\u00e9an de verre&#8221; is a unique piece depicting a magnificent pink sailboat sailing on the sea. Created by a talented artist, this work of art is a fusion of different shades of glass. It creates an effect of movement and depth.<\/p>\n<h3>A wooden frame from Italy<\/h3>\n<p>&#8220;Pink Sails on an Ocean of Glass&#8221; is presented in an Italian wood frame reminiscent of stainless steel, adding a modern touch to the ensemble. The frame matches the pink of the sailboat and the blue of the sea.<\/p>\n<h3>Harmonious shades<\/h3>\n<p>The pink and blue tones of the sea and sky blend harmoniously with the sailboat, creating a peaceful, feminine ambience. The artist used a complex glass fusion technique to bring this scene to life. The result is a stunning work of art that captures the imagination.<\/p>\n<h3>&#8220;Pink sail on the ocean of glass&#8221;, an elegant piece for any space<\/h3>\n<p>This &#8220;Pink sail on the ocean of glass&#8221; piece is an elegant addition to any living or working space. Display it in a living room or office, to add a touch of sophistication and calm. All in all, &#8220;Voile rose sur l&#8217;oc\u00e9an de verre&#8221; is a work of art that will appeal to lovers of fused glass and fine creations.<\/p>\n<p>&nbsp;<\/p>\n<h2>A work of art in fused glass: &#8220;Pink veil on the ocean of glass&#8221;.<\/h2>\n<p>The fused glass artwork titled &#8220;Pink Sail on Glass Ocean&#8221; is a unique piece that depicts a beautiful pink sailboat sailing the sea. Made by a talented artist, this artwork is a fusion of different shades of glass, creating an effect of movement and depth.<\/p>\n<h3>A wooden frame from Italy<\/h3>\n<p>&#8220;Pink Veil on the Glass Ocean&#8221; is presented in an Italian wood frame reminiscent of stainless steel, adding a modern touch to the whole. The frame is well matched with the pink color of the sailboat and the blue hue of the sea.<\/p>\n<h3>Harmonious shades<\/h3>\n<p>The pink and blue tones of the sea and the sky blend harmoniously with the sailboat, creating a feminine and peaceful atmosphere. The artist used an intricate glass-fusing technique to bring this scene to life, and the result is a stunning work of art that captures the imagination.<\/p>\n<h3>Pink Veil on the Glass Ocean&#8217;, an elegant piece for any space<\/h3>\n<p>This &#8216;Pink Veil on the Ocean of Glass&#8217; piece is a stylish addition to any living or work space. Display it in a living room or office to add a touch of sophistication and calm. In short, &#8220;Pink Veil on the Glass Ocean&#8221; is a work of art that will appeal to lovers of fused glass and beautiful creations.<\/p>\n<h5><\/h5>\n<h5>Dimensions: 6 inches x 18 inches<\/h5>\n","protected":false},"featured_media":10498,"comment_status":"closed","ping_status":"closed","template":"","meta":[],"product_brand":[],"product_cat":[549,545],"product_tag":[552,558,604,560],"giftcard-category":[],"class_list":{"0":"post-11357","1":"product","2":"type-product","3":"status-publish","4":"has-post-thumbnail","6":"product_cat-classics","7":"product_cat-decoration-en","8":"product_tag-art-deco-en","9":"product_tag-decoration-en","10":"product_tag-home-2","11":"product_tag-work-of-art","13":"first","14":"outofstock","15":"sold-individually","16":"taxable","17":"shipping-taxable","18":"product-type-simple"},"yoast_head":"<!-- This site is optimized with the Yoast SEO plugin v27.4 - https:\/\/yoast.com\/product\/yoast-seo-wordpress\/ -->\n<title>VOILE ROSE SUR L&#039;OC\u00c9AN DE VERRE (sold) - Perc\u00e9-Verre<\/title>\n<meta name=\"description\" content=\"&quot;Pink Sail on the Ocean of Glass&quot; is a unique piece depicting a magnificent pink sailboat sailing on the sea. A creation in glass.\" \/>\n<meta name=\"robots\" content=\"index, follow, max-snippet:-1, max-image-preview:large, max-video-preview:-1\" \/>\n<link rel=\"canonical\" href=\"https:\/\/www.perce-verre.com\/en\/product\/voile-rose-sur-locean-de-verre-sold\/\" \/>\n<meta property=\"og:locale\" content=\"en_US\" \/>\n<meta property=\"og:type\" content=\"article\" \/>\n<meta property=\"og:title\" content=\"VOILE ROSE SUR L&#039;OC\u00c9AN DE VERRE (sold) - Perc\u00e9-Verre\" \/>\n<meta property=\"og:description\" content=\"&quot;Pink Sail on the Ocean of Glass&quot; is a unique piece depicting a magnificent pink sailboat sailing on the sea. A creation in glass.\" \/>\n<meta property=\"og:url\" content=\"https:\/\/www.perce-verre.com\/en\/product\/voile-rose-sur-locean-de-verre-sold\/\" \/>\n<meta property=\"og:site_name\" content=\"Perc\u00e9-Verre\" \/>\n<meta property=\"og:image\" content=\"https:\/\/www.perce-verre.com\/wp-content\/uploads\/2023\/03\/www.perce-verre.com-cadre-lumineux-30-x-40-cadre-lumineux-dans-decor--perce-verre-oeuvre-dart-voile-rose-sur-locean-de-verre.jpg\" \/>\n\t<meta property=\"og:image:width\" content=\"900\" \/>\n\t<meta property=\"og:image:height\" content=\"630\" \/>\n\t<meta property=\"og:image:type\" content=\"image\/jpeg\" \/>\n<meta name=\"twitter:card\" content=\"summary_large_image\" \/>\n<meta name=\"twitter:label1\" content=\"Est. reading time\" \/>\n\t<meta name=\"twitter:data1\" content=\"3 minutes\" \/>\n<script type=\"application\/ld+json\" class=\"yoast-schema-graph\">{\"@context\":\"https:\\\/\\\/schema.org\",\"@graph\":[{\"@type\":\"WebPage\",\"@id\":\"https:\\\/\\\/www.perce-verre.com\\\/en\\\/product\\\/voile-rose-sur-locean-de-verre-sold\\\/\",\"url\":\"https:\\\/\\\/www.perce-verre.com\\\/en\\\/product\\\/voile-rose-sur-locean-de-verre-sold\\\/\",\"name\":\"VOILE ROSE SUR L'OC\u00c9AN DE VERRE (sold) - Perc\u00e9-Verre\",\"isPartOf\":{\"@id\":\"https:\\\/\\\/www.perce-verre.com\\\/en\\\/#website\"},\"primaryImageOfPage\":{\"@id\":\"https:\\\/\\\/www.perce-verre.com\\\/en\\\/product\\\/voile-rose-sur-locean-de-verre-sold\\\/#primaryimage\"},\"image\":{\"@id\":\"https:\\\/\\\/www.perce-verre.com\\\/en\\\/product\\\/voile-rose-sur-locean-de-verre-sold\\\/#primaryimage\"},\"thumbnailUrl\":\"https:\\\/\\\/www.perce-verre.com\\\/wp-content\\\/uploads\\\/2023\\\/03\\\/www.perce-verre.com-cadre-lumineux-30-x-40-cadre-lumineux-dans-decor--perce-verre-oeuvre-dart-voile-rose-sur-locean-de-verre.jpg\",\"datePublished\":\"2023-03-30T18:46:53+00:00\",\"description\":\"\\\"Pink Sail on the Ocean of Glass\\\" is a unique piece depicting a magnificent pink sailboat sailing on the sea. A creation in glass.\",\"breadcrumb\":{\"@id\":\"https:\\\/\\\/www.perce-verre.com\\\/en\\\/product\\\/voile-rose-sur-locean-de-verre-sold\\\/#breadcrumb\"},\"inLanguage\":\"en-US\",\"potentialAction\":[{\"@type\":\"ReadAction\",\"target\":[\"https:\\\/\\\/www.perce-verre.com\\\/en\\\/product\\\/voile-rose-sur-locean-de-verre-sold\\\/\"]}]},{\"@type\":\"ImageObject\",\"inLanguage\":\"en-US\",\"@id\":\"https:\\\/\\\/www.perce-verre.com\\\/en\\\/product\\\/voile-rose-sur-locean-de-verre-sold\\\/#primaryimage\",\"url\":\"https:\\\/\\\/www.perce-verre.com\\\/wp-content\\\/uploads\\\/2023\\\/03\\\/www.perce-verre.com-cadre-lumineux-30-x-40-cadre-lumineux-dans-decor--perce-verre-oeuvre-dart-voile-rose-sur-locean-de-verre.jpg\",\"contentUrl\":\"https:\\\/\\\/www.perce-verre.com\\\/wp-content\\\/uploads\\\/2023\\\/03\\\/www.perce-verre.com-cadre-lumineux-30-x-40-cadre-lumineux-dans-decor--perce-verre-oeuvre-dart-voile-rose-sur-locean-de-verre.jpg\",\"width\":900,\"height\":630,\"caption\":\"\\\"Pink sails on an ocean of glass\"},{\"@type\":\"BreadcrumbList\",\"@id\":\"https:\\\/\\\/www.perce-verre.com\\\/en\\\/product\\\/voile-rose-sur-locean-de-verre-sold\\\/#breadcrumb\",\"itemListElement\":[{\"@type\":\"ListItem\",\"position\":1,\"name\":\"Accueil\",\"item\":\"https:\\\/\\\/www.perce-verre.com\\\/en\\\/\"},{\"@type\":\"ListItem\",\"position\":2,\"name\":\"Store\",\"item\":\"https:\\\/\\\/www.perce-verre.com\\\/en\\\/shop\\\/\"},{\"@type\":\"ListItem\",\"position\":3,\"name\":\"VOILE ROSE SUR L&#8217;OC\u00c9AN DE VERRE (sold)\"}]},{\"@type\":\"WebSite\",\"@id\":\"https:\\\/\\\/www.perce-verre.com\\\/en\\\/#website\",\"url\":\"https:\\\/\\\/www.perce-verre.com\\\/en\\\/\",\"name\":\"Perc\u00e9-Verre\",\"description\":\"Cadeaux uniques et des cr\u00e9ations qu\u00e9b\u00e9coises\",\"potentialAction\":[{\"@type\":\"SearchAction\",\"target\":{\"@type\":\"EntryPoint\",\"urlTemplate\":\"https:\\\/\\\/www.perce-verre.com\\\/en\\\/?s={search_term_string}\"},\"query-input\":{\"@type\":\"PropertyValueSpecification\",\"valueRequired\":true,\"valueName\":\"search_term_string\"}}],\"inLanguage\":\"en-US\"}]}<\/script>\n<!-- \/ Yoast SEO plugin. -->","yoast_head_json":{"title":"VOILE ROSE SUR L'OC\u00c9AN DE VERRE (sold) - Perc\u00e9-Verre","description":"\"Pink Sail on the Ocean of Glass\" is a unique piece depicting a magnificent pink sailboat sailing on the sea. A creation in glass.","robots":{"index":"index","follow":"follow","max-snippet":"max-snippet:-1","max-image-preview":"max-image-preview:large","max-video-preview":"max-video-preview:-1"},"canonical":"https:\/\/www.perce-verre.com\/en\/product\/voile-rose-sur-locean-de-verre-sold\/","og_locale":"en_US","og_type":"article","og_title":"VOILE ROSE SUR L'OC\u00c9AN DE VERRE (sold) - Perc\u00e9-Verre","og_description":"\"Pink Sail on the Ocean of Glass\" is a unique piece depicting a magnificent pink sailboat sailing on the sea. A creation in glass.","og_url":"https:\/\/www.perce-verre.com\/en\/product\/voile-rose-sur-locean-de-verre-sold\/","og_site_name":"Perc\u00e9-Verre","og_image":[{"width":900,"height":630,"url":"https:\/\/www.perce-verre.com\/wp-content\/uploads\/2023\/03\/www.perce-verre.com-cadre-lumineux-30-x-40-cadre-lumineux-dans-decor--perce-verre-oeuvre-dart-voile-rose-sur-locean-de-verre.jpg","type":"image\/jpeg"}],"twitter_card":"summary_large_image","twitter_misc":{"Est. reading time":"3 minutes"},"schema":{"@context":"https:\/\/schema.org","@graph":[{"@type":"WebPage","@id":"https:\/\/www.perce-verre.com\/en\/product\/voile-rose-sur-locean-de-verre-sold\/","url":"https:\/\/www.perce-verre.com\/en\/product\/voile-rose-sur-locean-de-verre-sold\/","name":"VOILE ROSE SUR L'OC\u00c9AN DE VERRE (sold) - Perc\u00e9-Verre","isPartOf":{"@id":"https:\/\/www.perce-verre.com\/en\/#website"},"primaryImageOfPage":{"@id":"https:\/\/www.perce-verre.com\/en\/product\/voile-rose-sur-locean-de-verre-sold\/#primaryimage"},"image":{"@id":"https:\/\/www.perce-verre.com\/en\/product\/voile-rose-sur-locean-de-verre-sold\/#primaryimage"},"thumbnailUrl":"https:\/\/www.perce-verre.com\/wp-content\/uploads\/2023\/03\/www.perce-verre.com-cadre-lumineux-30-x-40-cadre-lumineux-dans-decor--perce-verre-oeuvre-dart-voile-rose-sur-locean-de-verre.jpg","datePublished":"2023-03-30T18:46:53+00:00","description":"\"Pink Sail on the Ocean of Glass\" is a unique piece depicting a magnificent pink sailboat sailing on the sea. A creation in glass.","breadcrumb":{"@id":"https:\/\/www.perce-verre.com\/en\/product\/voile-rose-sur-locean-de-verre-sold\/#breadcrumb"},"inLanguage":"en-US","potentialAction":[{"@type":"ReadAction","target":["https:\/\/www.perce-verre.com\/en\/product\/voile-rose-sur-locean-de-verre-sold\/"]}]},{"@type":"ImageObject","inLanguage":"en-US","@id":"https:\/\/www.perce-verre.com\/en\/product\/voile-rose-sur-locean-de-verre-sold\/#primaryimage","url":"https:\/\/www.perce-verre.com\/wp-content\/uploads\/2023\/03\/www.perce-verre.com-cadre-lumineux-30-x-40-cadre-lumineux-dans-decor--perce-verre-oeuvre-dart-voile-rose-sur-locean-de-verre.jpg","contentUrl":"https:\/\/www.perce-verre.com\/wp-content\/uploads\/2023\/03\/www.perce-verre.com-cadre-lumineux-30-x-40-cadre-lumineux-dans-decor--perce-verre-oeuvre-dart-voile-rose-sur-locean-de-verre.jpg","width":900,"height":630,"caption":"\"Pink sails on an ocean of glass"},{"@type":"BreadcrumbList","@id":"https:\/\/www.perce-verre.com\/en\/product\/voile-rose-sur-locean-de-verre-sold\/#breadcrumb","itemListElement":[{"@type":"ListItem","position":1,"name":"Accueil","item":"https:\/\/www.perce-verre.com\/en\/"},{"@type":"ListItem","position":2,"name":"Store","item":"https:\/\/www.perce-verre.com\/en\/shop\/"},{"@type":"ListItem","position":3,"name":"VOILE ROSE SUR L&#8217;OC\u00c9AN DE VERRE (sold)"}]},{"@type":"WebSite","@id":"https:\/\/www.perce-verre.com\/en\/#website","url":"https:\/\/www.perce-verre.com\/en\/","name":"Perc\u00e9-Verre","description":"Cadeaux uniques et des cr\u00e9ations qu\u00e9b\u00e9coises","potentialAction":[{"@type":"SearchAction","target":{"@type":"EntryPoint","urlTemplate":"https:\/\/www.perce-verre.com\/en\/?s={search_term_string}"},"query-input":{"@type":"PropertyValueSpecification","valueRequired":true,"valueName":"search_term_string"}}],"inLanguage":"en-US"}]}},"wcpa_form_fields":null,"_links":{"self":[{"href":"https:\/\/www.perce-verre.com\/en\/wp-json\/wp\/v2\/product\/11357","targetHints":{"allow":["GET"]}}],"collection":[{"href":"https:\/\/www.perce-verre.com\/en\/wp-json\/wp\/v2\/product"}],"about":[{"href":"https:\/\/www.perce-verre.com\/en\/wp-json\/wp\/v2\/types\/product"}],"replies":[{"embeddable":true,"href":"https:\/\/www.perce-verre.com\/en\/wp-json\/wp\/v2\/comments?post=11357"}],"wp:featuredmedia":[{"embeddable":true,"href":"https:\/\/www.perce-verre.com\/en\/wp-json\/wp\/v2\/media\/10498"}],"wp:attachment":[{"href":"https:\/\/www.perce-verre.com\/en\/wp-json\/wp\/v2\/media?parent=11357"}],"wp:term":[{"taxonomy":"product_brand","embeddable":true,"href":"https:\/\/www.perce-verre.com\/en\/wp-json\/wp\/v2\/product_brand?post=11357"},{"taxonomy":"product_cat","embeddable":true,"href":"https:\/\/www.perce-verre.com\/en\/wp-json\/wp\/v2\/product_cat?post=11357"},{"taxonomy":"product_tag","embeddable":true,"href":"https:\/\/www.perce-verre.com\/en\/wp-json\/wp\/v2\/product_tag?post=11357"},{"taxonomy":"giftcard-category","embeddable":true,"href":"https:\/\/www.perce-verre.com\/en\/wp-json\/wp\/v2\/giftcard-category?post=11357"}],"curies":[{"name":"wp","href":"https:\/\/api.w.org\/{rel}","templated":true}]}}