{"id":11433,"date":"2020-05-11T21:55:33","date_gmt":"2020-05-12T01:55:33","guid":{"rendered":"https:\/\/www.perce-verre.com\/produit\/pendant-and-earrings-879-mother-nature\/"},"modified":"2020-05-11T21:55:33","modified_gmt":"2020-05-12T01:55:33","slug":"pendant-and-earrings-879-mother-nature","status":"publish","type":"product","link":"https:\/\/www.perce-verre.com\/en\/product\/pendant-and-earrings-879-mother-nature\/","title":{"rendered":"Pendant and earrings #879, &#8220;Mother Nature"},"content":{"rendered":"<p>Radiate originality with a pendant and earring set #879 from the &#8220;Chakras&#8221; collection. According to Hindu philosophy, the chakras regulate energy to balance body and mind. Wear them all day long to live zen&#8230; and turn heads!<\/p>\n<p>Each piece of jewelry is created with glass pieces in the colors of the seven chakras, which are carefully selected, cut, arranged and fired in a melting furnace. The pendant and earrings are then suspended from a delicate chain and attached to fasteners &#8211; all in stainless steel for lasting brilliance.<\/p>\n<h3>The #879 pendant and earrings, a sure bet for many reasons:<\/h3>\n<ul>\n<li>Unique pieces in vibrant colors<\/li>\n<li>Original accessories for every occasion<\/li>\n<li>Chain and fasteners in stainless steel, a hypoallergenic material<\/li>\n<li>Comes in a black velvet pouch in an attractive gift box<\/li>\n<li>Made of noble, durable materials<\/li>\n<li>Possibility of purchasing pendant or earrings only<\/li>\n<\/ul>\n<p>*Circumference: 50 mm<\/p>\n<p>*As each piece is unique and handmade, the color of the glass jewel may vary slightly from that shown in the photo.<\/p>\n<p>&nbsp;<\/p>\n<p>&nbsp;<\/p>\n<p><img decoding=\"async\" class=\"\" src=\"https:\/\/www.perce-verre.com\/wp-content\/uploads\/2020\/05\/longueur-des-chaines.jpg\" width=\"489\" height=\"342\"><\/p>\n<p><strong>About Perc\u00e9-Verre<\/strong><\/p>\n<p>Perc\u00e9-Verre is a Quebec-based company dedicated to creating fused glass jewelry, tableware and decorative paintings for individuals and businesses. Its mission is to inspire wonder through customizable objets d&#8217;art that will stand the test of time.<\/p>\n<p><strong>The fused glass technique<\/strong><\/p>\n<p>Glassmaking has its share of mystery. It&#8217;s during the assembly of the different layers that the shapes and colors reveal themselves! Fusion creates a jewel or object from scratch, without soldering, for a refined finish.<\/p>\n<p>Working with fused glass requires a great deal of skill, patience and time. But it&#8217;s all worth it when the magic of the glass is revealed at the very end!<\/p>\n","protected":false},"excerpt":{"rendered":"<p>Radiate originality with a pendant and earring set #879, from the &#8220;Chakras&#8221; collection. According to Hindu philosophy, the chakras regulate energy to balance body and mind. Wear them all day long to live zen&#8230; and turn heads!<\/p>\n<p>Each piece of jewelry is created with glass pieces in the colors of the seven chakras, which are carefully selected, cut, arranged and fired in a melting furnace. The pendant and earrings are then suspended from a delicate chain and attached to fasteners &#8211; all in stainless steel for lasting brilliance.<\/p>\n","protected":false},"featured_media":9719,"comment_status":"open","ping_status":"closed","template":"","meta":[],"product_brand":[],"product_cat":[619,720,541],"product_tag":[548,546,550,551,618,544],"giftcard-category":[],"class_list":{"0":"post-11433","1":"product","2":"type-product","3":"status-publish","4":"has-post-thumbnail","6":"product_cat-arc-en-ciel-collection-jewelry-set","7":"product_cat-chakras-collection-jewelry-set","8":"product_cat-jewelry-set","9":"product_tag-earrings","10":"product_tag-jewelry","11":"product_tag-jewelry-set","12":"product_tag-pendant","13":"product_tag-rainbow","14":"product_tag-stainless-steel-en","15":"pa_choix-des-bijoux-earrings-only","16":"pa_choix-des-bijoux-only-the-pendant","17":"pa_choix-des-bijoux-the-complete-package","18":"wcpa_has_options","20":"first","21":"instock","22":"taxable","23":"shipping-taxable","24":"purchasable","25":"product-type-variable"},"yoast_head":"<!-- This site is optimized with the Yoast SEO plugin v27.4 - https:\/\/yoast.com\/product\/yoast-seo-wordpress\/ -->\n<title>Pendant and earrings #879, &quot;Mother Nature - Perc\u00e9-Verre<\/title>\n<meta name=\"description\" content=\"Radiate originality with the matching #879 pendant and earrings from the Chakras collection! Treat yourself to some color! Fast delivery!\" \/>\n<meta name=\"robots\" content=\"index, follow, max-snippet:-1, max-image-preview:large, max-video-preview:-1\" \/>\n<link rel=\"canonical\" href=\"https:\/\/www.perce-verre.com\/en\/product\/pendant-and-earrings-879-mother-nature\/\" \/>\n<meta property=\"og:locale\" content=\"en_US\" \/>\n<meta property=\"og:type\" content=\"article\" \/>\n<meta property=\"og:title\" content=\"Pendant and earrings #879, &quot;Mother Nature - Perc\u00e9-Verre\" \/>\n<meta property=\"og:description\" content=\"Radiate originality with the matching #879 pendant and earrings from the Chakras collection! Treat yourself to some color! Fast delivery!\" \/>\n<meta property=\"og:url\" content=\"https:\/\/www.perce-verre.com\/en\/product\/pendant-and-earrings-879-mother-nature\/\" \/>\n<meta property=\"og:site_name\" content=\"Perc\u00e9-Verre\" \/>\n<meta property=\"og:image\" content=\"https:\/\/www.perce-verre.com\/wp-content\/uploads\/2020\/05\/Arc-en-ciel-cavabienaller-bijoux-pendentif-boucle-doreilles-perc\u00e9-verre-verre-fusion-cadeau-chakras-821-dame-nature-1.jpg\" \/>\n\t<meta property=\"og:image:width\" content=\"900\" \/>\n\t<meta property=\"og:image:height\" content=\"630\" \/>\n\t<meta property=\"og:image:type\" content=\"image\/jpeg\" \/>\n<meta name=\"twitter:card\" content=\"summary_large_image\" \/>\n<meta name=\"twitter:label1\" content=\"Est. reading time\" \/>\n\t<meta name=\"twitter:data1\" content=\"1 minute\" \/>\n<script type=\"application\/ld+json\" class=\"yoast-schema-graph\">{\"@context\":\"https:\\\/\\\/schema.org\",\"@graph\":[{\"@type\":\"WebPage\",\"@id\":\"https:\\\/\\\/www.perce-verre.com\\\/en\\\/product\\\/pendant-and-earrings-879-mother-nature\\\/\",\"url\":\"https:\\\/\\\/www.perce-verre.com\\\/en\\\/product\\\/pendant-and-earrings-879-mother-nature\\\/\",\"name\":\"Pendant and earrings #879, \\\"Mother Nature - Perc\u00e9-Verre\",\"isPartOf\":{\"@id\":\"https:\\\/\\\/www.perce-verre.com\\\/en\\\/#website\"},\"primaryImageOfPage\":{\"@id\":\"https:\\\/\\\/www.perce-verre.com\\\/en\\\/product\\\/pendant-and-earrings-879-mother-nature\\\/#primaryimage\"},\"image\":{\"@id\":\"https:\\\/\\\/www.perce-verre.com\\\/en\\\/product\\\/pendant-and-earrings-879-mother-nature\\\/#primaryimage\"},\"thumbnailUrl\":\"https:\\\/\\\/www.perce-verre.com\\\/wp-content\\\/uploads\\\/2020\\\/05\\\/Arc-en-ciel-cavabienaller-bijoux-pendentif-boucle-doreilles-perc\u00e9-verre-verre-fusion-cadeau-chakras-821-dame-nature-1.jpg\",\"datePublished\":\"2020-05-12T01:55:33+00:00\",\"description\":\"Radiate originality with the matching #879 pendant and earrings from the Chakras collection! Treat yourself to some color! Fast delivery!\",\"breadcrumb\":{\"@id\":\"https:\\\/\\\/www.perce-verre.com\\\/en\\\/product\\\/pendant-and-earrings-879-mother-nature\\\/#breadcrumb\"},\"inLanguage\":\"en-US\",\"potentialAction\":[{\"@type\":\"ReadAction\",\"target\":[\"https:\\\/\\\/www.perce-verre.com\\\/en\\\/product\\\/pendant-and-earrings-879-mother-nature\\\/\"]}]},{\"@type\":\"ImageObject\",\"inLanguage\":\"en-US\",\"@id\":\"https:\\\/\\\/www.perce-verre.com\\\/en\\\/product\\\/pendant-and-earrings-879-mother-nature\\\/#primaryimage\",\"url\":\"https:\\\/\\\/www.perce-verre.com\\\/wp-content\\\/uploads\\\/2020\\\/05\\\/Arc-en-ciel-cavabienaller-bijoux-pendentif-boucle-doreilles-perc\u00e9-verre-verre-fusion-cadeau-chakras-821-dame-nature-1.jpg\",\"contentUrl\":\"https:\\\/\\\/www.perce-verre.com\\\/wp-content\\\/uploads\\\/2020\\\/05\\\/Arc-en-ciel-cavabienaller-bijoux-pendentif-boucle-doreilles-perc\u00e9-verre-verre-fusion-cadeau-chakras-821-dame-nature-1.jpg\",\"width\":900,\"height\":630,\"caption\":\"SONY DSC\"},{\"@type\":\"BreadcrumbList\",\"@id\":\"https:\\\/\\\/www.perce-verre.com\\\/en\\\/product\\\/pendant-and-earrings-879-mother-nature\\\/#breadcrumb\",\"itemListElement\":[{\"@type\":\"ListItem\",\"position\":1,\"name\":\"Accueil\",\"item\":\"https:\\\/\\\/www.perce-verre.com\\\/en\\\/\"},{\"@type\":\"ListItem\",\"position\":2,\"name\":\"Store\",\"item\":\"https:\\\/\\\/www.perce-verre.com\\\/en\\\/shop\\\/\"},{\"@type\":\"ListItem\",\"position\":3,\"name\":\"Pendant and earrings #879, &#8220;Mother Nature\"}]},{\"@type\":\"WebSite\",\"@id\":\"https:\\\/\\\/www.perce-verre.com\\\/en\\\/#website\",\"url\":\"https:\\\/\\\/www.perce-verre.com\\\/en\\\/\",\"name\":\"Perc\u00e9-Verre\",\"description\":\"Cadeaux uniques et des cr\u00e9ations qu\u00e9b\u00e9coises\",\"potentialAction\":[{\"@type\":\"SearchAction\",\"target\":{\"@type\":\"EntryPoint\",\"urlTemplate\":\"https:\\\/\\\/www.perce-verre.com\\\/en\\\/?s={search_term_string}\"},\"query-input\":{\"@type\":\"PropertyValueSpecification\",\"valueRequired\":true,\"valueName\":\"search_term_string\"}}],\"inLanguage\":\"en-US\"}]}<\/script>\n<!-- \/ Yoast SEO plugin. -->","yoast_head_json":{"title":"Pendant and earrings #879, \"Mother Nature - Perc\u00e9-Verre","description":"Radiate originality with the matching #879 pendant and earrings from the Chakras collection! Treat yourself to some color! Fast delivery!","robots":{"index":"index","follow":"follow","max-snippet":"max-snippet:-1","max-image-preview":"max-image-preview:large","max-video-preview":"max-video-preview:-1"},"canonical":"https:\/\/www.perce-verre.com\/en\/product\/pendant-and-earrings-879-mother-nature\/","og_locale":"en_US","og_type":"article","og_title":"Pendant and earrings #879, \"Mother Nature - Perc\u00e9-Verre","og_description":"Radiate originality with the matching #879 pendant and earrings from the Chakras collection! Treat yourself to some color! Fast delivery!","og_url":"https:\/\/www.perce-verre.com\/en\/product\/pendant-and-earrings-879-mother-nature\/","og_site_name":"Perc\u00e9-Verre","og_image":[{"width":900,"height":630,"url":"https:\/\/www.perce-verre.com\/wp-content\/uploads\/2020\/05\/Arc-en-ciel-cavabienaller-bijoux-pendentif-boucle-doreilles-perc\u00e9-verre-verre-fusion-cadeau-chakras-821-dame-nature-1.jpg","type":"image\/jpeg"}],"twitter_card":"summary_large_image","twitter_misc":{"Est. reading time":"1 minute"},"schema":{"@context":"https:\/\/schema.org","@graph":[{"@type":"WebPage","@id":"https:\/\/www.perce-verre.com\/en\/product\/pendant-and-earrings-879-mother-nature\/","url":"https:\/\/www.perce-verre.com\/en\/product\/pendant-and-earrings-879-mother-nature\/","name":"Pendant and earrings #879, \"Mother Nature - Perc\u00e9-Verre","isPartOf":{"@id":"https:\/\/www.perce-verre.com\/en\/#website"},"primaryImageOfPage":{"@id":"https:\/\/www.perce-verre.com\/en\/product\/pendant-and-earrings-879-mother-nature\/#primaryimage"},"image":{"@id":"https:\/\/www.perce-verre.com\/en\/product\/pendant-and-earrings-879-mother-nature\/#primaryimage"},"thumbnailUrl":"https:\/\/www.perce-verre.com\/wp-content\/uploads\/2020\/05\/Arc-en-ciel-cavabienaller-bijoux-pendentif-boucle-doreilles-perc\u00e9-verre-verre-fusion-cadeau-chakras-821-dame-nature-1.jpg","datePublished":"2020-05-12T01:55:33+00:00","description":"Radiate originality with the matching #879 pendant and earrings from the Chakras collection! Treat yourself to some color! Fast delivery!","breadcrumb":{"@id":"https:\/\/www.perce-verre.com\/en\/product\/pendant-and-earrings-879-mother-nature\/#breadcrumb"},"inLanguage":"en-US","potentialAction":[{"@type":"ReadAction","target":["https:\/\/www.perce-verre.com\/en\/product\/pendant-and-earrings-879-mother-nature\/"]}]},{"@type":"ImageObject","inLanguage":"en-US","@id":"https:\/\/www.perce-verre.com\/en\/product\/pendant-and-earrings-879-mother-nature\/#primaryimage","url":"https:\/\/www.perce-verre.com\/wp-content\/uploads\/2020\/05\/Arc-en-ciel-cavabienaller-bijoux-pendentif-boucle-doreilles-perc\u00e9-verre-verre-fusion-cadeau-chakras-821-dame-nature-1.jpg","contentUrl":"https:\/\/www.perce-verre.com\/wp-content\/uploads\/2020\/05\/Arc-en-ciel-cavabienaller-bijoux-pendentif-boucle-doreilles-perc\u00e9-verre-verre-fusion-cadeau-chakras-821-dame-nature-1.jpg","width":900,"height":630,"caption":"SONY DSC"},{"@type":"BreadcrumbList","@id":"https:\/\/www.perce-verre.com\/en\/product\/pendant-and-earrings-879-mother-nature\/#breadcrumb","itemListElement":[{"@type":"ListItem","position":1,"name":"Accueil","item":"https:\/\/www.perce-verre.com\/en\/"},{"@type":"ListItem","position":2,"name":"Store","item":"https:\/\/www.perce-verre.com\/en\/shop\/"},{"@type":"ListItem","position":3,"name":"Pendant and earrings #879, &#8220;Mother Nature"}]},{"@type":"WebSite","@id":"https:\/\/www.perce-verre.com\/en\/#website","url":"https:\/\/www.perce-verre.com\/en\/","name":"Perc\u00e9-Verre","description":"Cadeaux uniques et des cr\u00e9ations qu\u00e9b\u00e9coises","potentialAction":[{"@type":"SearchAction","target":{"@type":"EntryPoint","urlTemplate":"https:\/\/www.perce-verre.com\/en\/?s={search_term_string}"},"query-input":{"@type":"PropertyValueSpecification","valueRequired":true,"valueName":"search_term_string"}}],"inLanguage":"en-US"}]}},"wcpa_form_fields":null,"_links":{"self":[{"href":"https:\/\/www.perce-verre.com\/en\/wp-json\/wp\/v2\/product\/11433","targetHints":{"allow":["GET"]}}],"collection":[{"href":"https:\/\/www.perce-verre.com\/en\/wp-json\/wp\/v2\/product"}],"about":[{"href":"https:\/\/www.perce-verre.com\/en\/wp-json\/wp\/v2\/types\/product"}],"replies":[{"embeddable":true,"href":"https:\/\/www.perce-verre.com\/en\/wp-json\/wp\/v2\/comments?post=11433"}],"wp:featuredmedia":[{"embeddable":true,"href":"https:\/\/www.perce-verre.com\/en\/wp-json\/wp\/v2\/media\/9719"}],"wp:attachment":[{"href":"https:\/\/www.perce-verre.com\/en\/wp-json\/wp\/v2\/media?parent=11433"}],"wp:term":[{"taxonomy":"product_brand","embeddable":true,"href":"https:\/\/www.perce-verre.com\/en\/wp-json\/wp\/v2\/product_brand?post=11433"},{"taxonomy":"product_cat","embeddable":true,"href":"https:\/\/www.perce-verre.com\/en\/wp-json\/wp\/v2\/product_cat?post=11433"},{"taxonomy":"product_tag","embeddable":true,"href":"https:\/\/www.perce-verre.com\/en\/wp-json\/wp\/v2\/product_tag?post=11433"},{"taxonomy":"giftcard-category","embeddable":true,"href":"https:\/\/www.perce-verre.com\/en\/wp-json\/wp\/v2\/giftcard-category?post=11433"}],"curies":[{"name":"wp","href":"https:\/\/api.w.org\/{rel}","templated":true}]}}