{"id":11546,"date":"2020-05-11T20:16:18","date_gmt":"2020-05-12T00:16:18","guid":{"rendered":"https:\/\/www.perce-verre.com\/produit\/mini-white-fused-glass-jewelry-set\/"},"modified":"2020-05-11T20:16:18","modified_gmt":"2020-05-12T00:16:18","slug":"mini-white-fused-glass-jewelry-set","status":"publish","type":"product","link":"https:\/\/www.perce-verre.com\/en\/product\/mini-white-fused-glass-jewelry-set\/","title":{"rendered":"Mini&#8221; white fused glass jewelry set"},"content":{"rendered":"<p>The &#8220;Mini&#8221; white jewelry set is the perfect blend of femininity and a touch of color! Different glass colors are superimposed to create the pi\u00e8ce de r\u00e9sistance: a hand-crafted jewel of fused glass. We love the versatility of this pendant and earring set, which can be worn with both dresses and jeans.<\/p>\n<p>This white set is one of our most discreet accessories, and the perfect introduction to Perc\u00e9-Verre jewelry. We&#8217;re sure you&#8217;ll enjoy it and be tempted to discover our other collections!<\/p>\n<h3>Why choose a &#8220;Mini&#8221; white jewelry set from Perc\u00e9-Verre?<\/h3>\n<ul>\n<li>Unique pieces to suit all tastes and styles, even for a little girl!<\/li>\n<li>Unique pieces in vibrant colors<\/li>\n<li>Perfect accessories from morning to night: jewelry can be worn with both chic and casual outfits.<\/li>\n<li>Easy to put on and take off thanks to magnetic stainless steel clip<\/li>\n<li>Comes in a free box ready to give (or to treat yourself!)*.<\/li>\n<li>Made of noble, durable materials<\/li>\n<\/ul>\n<p>*You can choose the pendant OR the earrings separately. As each piece is unique and handmade, the color of the glass jewel may vary slightly from that shown in the photo.<\/p>\n<p>*Jewel dimensions: 15 mm x 10 mm approx.<\/p>\n<p>&nbsp;<\/p>\n<p><img decoding=\"async\" class=\"\" src=\"https:\/\/www.perce-verre.com\/wp-content\/uploads\/2020\/05\/longueur-des-chaines.jpg\" width=\"489\" height=\"342\"><\/p>\n<p><strong>About Perc\u00e9-Verre<\/strong><\/p>\n<p>Perc\u00e9-Verre is a Quebec-based company dedicated to creating fused glass jewelry, tableware and decorative paintings for individuals and businesses. Its mission is to inspire wonder through customizable objets d&#8217;art that will stand the test of time.<\/p>\n<p><strong>The fused glass technique<\/strong><\/p>\n<p>Glassmaking has its share of mystery. It&#8217;s during the assembly of the different layers that the shapes and colors reveal themselves! Fusion creates a jewel or object from scratch, without soldering, for a refined finish.<\/p>\n<p>Working with fused glass requires a great deal of skill, patience and time. But it&#8217;s all worth it when the magic of the glass is revealed at the very end!<\/p>\n","protected":false},"excerpt":{"rendered":"<p>The &#8220;Mini&#8221; white jewelry set is the perfect blend of femininity and a touch of color! Different glass colors are superimposed to create the pi\u00e8ce de r\u00e9sistance: a hand-crafted jewel of fused glass. We love the versatility of this pendant and earring set, which can be worn with both dresses and jeans.<\/p>\n<p>This pendant and earring set is one of our most discreet accessories and a perfect introduction to Perc\u00e9-Verre jewelry. We&#8217;re sure you&#8217;ll enjoy it and be tempted to discover our other collections!<\/p>\n","protected":false},"featured_media":9469,"comment_status":"open","ping_status":"closed","template":"","meta":[],"product_brand":[],"product_cat":[713,541],"product_tag":[548,546,550,551,544,608],"giftcard-category":[],"class_list":{"0":"post-11546","1":"product","2":"type-product","3":"status-publish","4":"has-post-thumbnail","6":"product_cat-mini-collection","7":"product_cat-jewelry-set","8":"product_tag-earrings","9":"product_tag-jewelry","10":"product_tag-jewelry-set","11":"product_tag-pendant","12":"product_tag-stainless-steel-en","13":"product_tag-white","14":"pa_choix-des-bijoux-earrings-only","15":"pa_choix-des-bijoux-only-the-pendant","16":"pa_choix-des-bijoux-the-complete-package","17":"wcpa_has_options","19":"first","20":"instock","21":"taxable","22":"shipping-taxable","23":"purchasable","24":"product-type-variable"},"yoast_head":"<!-- This site is optimized with the Yoast SEO plugin v27.4 - https:\/\/yoast.com\/product\/yoast-seo-wordpress\/ -->\n<title>Mini&quot; white fused glass jewelry set - Perc\u00e9-Verre<\/title>\n<meta name=\"description\" content=\"The &quot;Mini&quot; white jewelry set is the perfect blend of femininity and a touch of color! Give the gift of a Quebec creation! Fast delivery!\" \/>\n<meta name=\"robots\" content=\"index, follow, max-snippet:-1, max-image-preview:large, max-video-preview:-1\" \/>\n<link rel=\"canonical\" href=\"https:\/\/www.perce-verre.com\/en\/product\/mini-white-fused-glass-jewelry-set\/\" \/>\n<meta property=\"og:locale\" content=\"en_US\" \/>\n<meta property=\"og:type\" content=\"article\" \/>\n<meta property=\"og:title\" content=\"Mini&quot; white fused glass jewelry set - Perc\u00e9-Verre\" \/>\n<meta property=\"og:description\" content=\"The &quot;Mini&quot; white jewelry set is the perfect blend of femininity and a touch of color! Give the gift of a Quebec creation! Fast delivery!\" \/>\n<meta property=\"og:url\" content=\"https:\/\/www.perce-verre.com\/en\/product\/mini-white-fused-glass-jewelry-set\/\" \/>\n<meta property=\"og:site_name\" content=\"Perc\u00e9-Verre\" \/>\n<meta property=\"og:image\" content=\"https:\/\/www.perce-verre.com\/wp-content\/uploads\/2020\/03\/Ensemble-bijoux-pendentifs-Boucles-doreilles-Blanc-1.jpg\" \/>\n\t<meta property=\"og:image:width\" content=\"900\" \/>\n\t<meta property=\"og:image:height\" content=\"630\" \/>\n\t<meta property=\"og:image:type\" content=\"image\/jpeg\" \/>\n<meta name=\"twitter:card\" content=\"summary_large_image\" \/>\n<meta name=\"twitter:label1\" content=\"Est. reading time\" \/>\n\t<meta name=\"twitter:data1\" content=\"2 minutes\" \/>\n<script type=\"application\/ld+json\" class=\"yoast-schema-graph\">{\"@context\":\"https:\\\/\\\/schema.org\",\"@graph\":[{\"@type\":\"WebPage\",\"@id\":\"https:\\\/\\\/www.perce-verre.com\\\/en\\\/product\\\/mini-white-fused-glass-jewelry-set\\\/\",\"url\":\"https:\\\/\\\/www.perce-verre.com\\\/en\\\/product\\\/mini-white-fused-glass-jewelry-set\\\/\",\"name\":\"Mini\\\" white fused glass jewelry set - Perc\u00e9-Verre\",\"isPartOf\":{\"@id\":\"https:\\\/\\\/www.perce-verre.com\\\/en\\\/#website\"},\"primaryImageOfPage\":{\"@id\":\"https:\\\/\\\/www.perce-verre.com\\\/en\\\/product\\\/mini-white-fused-glass-jewelry-set\\\/#primaryimage\"},\"image\":{\"@id\":\"https:\\\/\\\/www.perce-verre.com\\\/en\\\/product\\\/mini-white-fused-glass-jewelry-set\\\/#primaryimage\"},\"thumbnailUrl\":\"https:\\\/\\\/www.perce-verre.com\\\/wp-content\\\/uploads\\\/2020\\\/03\\\/Ensemble-bijoux-pendentifs-Boucles-doreilles-Blanc-1.jpg\",\"datePublished\":\"2020-05-12T00:16:18+00:00\",\"description\":\"The \\\"Mini\\\" white jewelry set is the perfect blend of femininity and a touch of color! Give the gift of a Quebec creation! Fast delivery!\",\"breadcrumb\":{\"@id\":\"https:\\\/\\\/www.perce-verre.com\\\/en\\\/product\\\/mini-white-fused-glass-jewelry-set\\\/#breadcrumb\"},\"inLanguage\":\"en-US\",\"potentialAction\":[{\"@type\":\"ReadAction\",\"target\":[\"https:\\\/\\\/www.perce-verre.com\\\/en\\\/product\\\/mini-white-fused-glass-jewelry-set\\\/\"]}]},{\"@type\":\"ImageObject\",\"inLanguage\":\"en-US\",\"@id\":\"https:\\\/\\\/www.perce-verre.com\\\/en\\\/product\\\/mini-white-fused-glass-jewelry-set\\\/#primaryimage\",\"url\":\"https:\\\/\\\/www.perce-verre.com\\\/wp-content\\\/uploads\\\/2020\\\/03\\\/Ensemble-bijoux-pendentifs-Boucles-doreilles-Blanc-1.jpg\",\"contentUrl\":\"https:\\\/\\\/www.perce-verre.com\\\/wp-content\\\/uploads\\\/2020\\\/03\\\/Ensemble-bijoux-pendentifs-Boucles-doreilles-Blanc-1.jpg\",\"width\":900,\"height\":630,\"caption\":\"White mini jewelry set\"},{\"@type\":\"BreadcrumbList\",\"@id\":\"https:\\\/\\\/www.perce-verre.com\\\/en\\\/product\\\/mini-white-fused-glass-jewelry-set\\\/#breadcrumb\",\"itemListElement\":[{\"@type\":\"ListItem\",\"position\":1,\"name\":\"Accueil\",\"item\":\"https:\\\/\\\/www.perce-verre.com\\\/en\\\/\"},{\"@type\":\"ListItem\",\"position\":2,\"name\":\"Store\",\"item\":\"https:\\\/\\\/www.perce-verre.com\\\/en\\\/shop\\\/\"},{\"@type\":\"ListItem\",\"position\":3,\"name\":\"Mini&#8221; white fused glass jewelry set\"}]},{\"@type\":\"WebSite\",\"@id\":\"https:\\\/\\\/www.perce-verre.com\\\/en\\\/#website\",\"url\":\"https:\\\/\\\/www.perce-verre.com\\\/en\\\/\",\"name\":\"Perc\u00e9-Verre\",\"description\":\"Cadeaux uniques et des cr\u00e9ations qu\u00e9b\u00e9coises\",\"potentialAction\":[{\"@type\":\"SearchAction\",\"target\":{\"@type\":\"EntryPoint\",\"urlTemplate\":\"https:\\\/\\\/www.perce-verre.com\\\/en\\\/?s={search_term_string}\"},\"query-input\":{\"@type\":\"PropertyValueSpecification\",\"valueRequired\":true,\"valueName\":\"search_term_string\"}}],\"inLanguage\":\"en-US\"}]}<\/script>\n<!-- \/ Yoast SEO plugin. -->","yoast_head_json":{"title":"Mini\" white fused glass jewelry set - Perc\u00e9-Verre","description":"The \"Mini\" white jewelry set is the perfect blend of femininity and a touch of color! Give the gift of a Quebec creation! Fast delivery!","robots":{"index":"index","follow":"follow","max-snippet":"max-snippet:-1","max-image-preview":"max-image-preview:large","max-video-preview":"max-video-preview:-1"},"canonical":"https:\/\/www.perce-verre.com\/en\/product\/mini-white-fused-glass-jewelry-set\/","og_locale":"en_US","og_type":"article","og_title":"Mini\" white fused glass jewelry set - Perc\u00e9-Verre","og_description":"The \"Mini\" white jewelry set is the perfect blend of femininity and a touch of color! Give the gift of a Quebec creation! Fast delivery!","og_url":"https:\/\/www.perce-verre.com\/en\/product\/mini-white-fused-glass-jewelry-set\/","og_site_name":"Perc\u00e9-Verre","og_image":[{"width":900,"height":630,"url":"https:\/\/www.perce-verre.com\/wp-content\/uploads\/2020\/03\/Ensemble-bijoux-pendentifs-Boucles-doreilles-Blanc-1.jpg","type":"image\/jpeg"}],"twitter_card":"summary_large_image","twitter_misc":{"Est. reading time":"2 minutes"},"schema":{"@context":"https:\/\/schema.org","@graph":[{"@type":"WebPage","@id":"https:\/\/www.perce-verre.com\/en\/product\/mini-white-fused-glass-jewelry-set\/","url":"https:\/\/www.perce-verre.com\/en\/product\/mini-white-fused-glass-jewelry-set\/","name":"Mini\" white fused glass jewelry set - Perc\u00e9-Verre","isPartOf":{"@id":"https:\/\/www.perce-verre.com\/en\/#website"},"primaryImageOfPage":{"@id":"https:\/\/www.perce-verre.com\/en\/product\/mini-white-fused-glass-jewelry-set\/#primaryimage"},"image":{"@id":"https:\/\/www.perce-verre.com\/en\/product\/mini-white-fused-glass-jewelry-set\/#primaryimage"},"thumbnailUrl":"https:\/\/www.perce-verre.com\/wp-content\/uploads\/2020\/03\/Ensemble-bijoux-pendentifs-Boucles-doreilles-Blanc-1.jpg","datePublished":"2020-05-12T00:16:18+00:00","description":"The \"Mini\" white jewelry set is the perfect blend of femininity and a touch of color! Give the gift of a Quebec creation! Fast delivery!","breadcrumb":{"@id":"https:\/\/www.perce-verre.com\/en\/product\/mini-white-fused-glass-jewelry-set\/#breadcrumb"},"inLanguage":"en-US","potentialAction":[{"@type":"ReadAction","target":["https:\/\/www.perce-verre.com\/en\/product\/mini-white-fused-glass-jewelry-set\/"]}]},{"@type":"ImageObject","inLanguage":"en-US","@id":"https:\/\/www.perce-verre.com\/en\/product\/mini-white-fused-glass-jewelry-set\/#primaryimage","url":"https:\/\/www.perce-verre.com\/wp-content\/uploads\/2020\/03\/Ensemble-bijoux-pendentifs-Boucles-doreilles-Blanc-1.jpg","contentUrl":"https:\/\/www.perce-verre.com\/wp-content\/uploads\/2020\/03\/Ensemble-bijoux-pendentifs-Boucles-doreilles-Blanc-1.jpg","width":900,"height":630,"caption":"White mini jewelry set"},{"@type":"BreadcrumbList","@id":"https:\/\/www.perce-verre.com\/en\/product\/mini-white-fused-glass-jewelry-set\/#breadcrumb","itemListElement":[{"@type":"ListItem","position":1,"name":"Accueil","item":"https:\/\/www.perce-verre.com\/en\/"},{"@type":"ListItem","position":2,"name":"Store","item":"https:\/\/www.perce-verre.com\/en\/shop\/"},{"@type":"ListItem","position":3,"name":"Mini&#8221; white fused glass jewelry set"}]},{"@type":"WebSite","@id":"https:\/\/www.perce-verre.com\/en\/#website","url":"https:\/\/www.perce-verre.com\/en\/","name":"Perc\u00e9-Verre","description":"Cadeaux uniques et des cr\u00e9ations qu\u00e9b\u00e9coises","potentialAction":[{"@type":"SearchAction","target":{"@type":"EntryPoint","urlTemplate":"https:\/\/www.perce-verre.com\/en\/?s={search_term_string}"},"query-input":{"@type":"PropertyValueSpecification","valueRequired":true,"valueName":"search_term_string"}}],"inLanguage":"en-US"}]}},"wcpa_form_fields":null,"_links":{"self":[{"href":"https:\/\/www.perce-verre.com\/en\/wp-json\/wp\/v2\/product\/11546","targetHints":{"allow":["GET"]}}],"collection":[{"href":"https:\/\/www.perce-verre.com\/en\/wp-json\/wp\/v2\/product"}],"about":[{"href":"https:\/\/www.perce-verre.com\/en\/wp-json\/wp\/v2\/types\/product"}],"replies":[{"embeddable":true,"href":"https:\/\/www.perce-verre.com\/en\/wp-json\/wp\/v2\/comments?post=11546"}],"wp:featuredmedia":[{"embeddable":true,"href":"https:\/\/www.perce-verre.com\/en\/wp-json\/wp\/v2\/media\/9469"}],"wp:attachment":[{"href":"https:\/\/www.perce-verre.com\/en\/wp-json\/wp\/v2\/media?parent=11546"}],"wp:term":[{"taxonomy":"product_brand","embeddable":true,"href":"https:\/\/www.perce-verre.com\/en\/wp-json\/wp\/v2\/product_brand?post=11546"},{"taxonomy":"product_cat","embeddable":true,"href":"https:\/\/www.perce-verre.com\/en\/wp-json\/wp\/v2\/product_cat?post=11546"},{"taxonomy":"product_tag","embeddable":true,"href":"https:\/\/www.perce-verre.com\/en\/wp-json\/wp\/v2\/product_tag?post=11546"},{"taxonomy":"giftcard-category","embeddable":true,"href":"https:\/\/www.perce-verre.com\/en\/wp-json\/wp\/v2\/giftcard-category?post=11546"}],"curies":[{"name":"wp","href":"https:\/\/api.w.org\/{rel}","templated":true}]}}