{"id":11943,"date":"2022-06-02T15:58:21","date_gmt":"2022-06-02T19:58:21","guid":{"rendered":"https:\/\/www.perce-verre.com\/produit\/flocon-mauve-modern-art-deco-fused-glass-8-x-8\/"},"modified":"2022-06-02T15:58:21","modified_gmt":"2022-06-02T19:58:21","slug":"flocon-mauve-modern-art-deco-fused-glass-8-x-8","status":"publish","type":"product","link":"https:\/\/www.perce-verre.com\/en\/product\/flocon-mauve-modern-art-deco-fused-glass-8-x-8\/","title":{"rendered":"FLOCON MAUVE (modern art deco fused glass 8 X 8)"},"content":{"rendered":"<p>&#8220;FLOCON MAUVE&#8221;, a unique work of art, will add a punch of color to your decor.<br \/>\nMultidisciplinary artist St\u00e9phanie B\u00e9land is bursting with original ideas! Gifted at creating and working with her hands, she puts her talent to good use, creating unique, contemporary works of art.  <\/p>\n<p>Dimensions: 8 inches x 8 inches<\/p>\n","protected":false},"excerpt":{"rendered":"<p>&#8220;FLOCON MAUVE: modern, unique art deco! This work was created using the fused glass technique. Presented in a frame reminiscent of stainless steel, with a barnwood-style background, this unique work will add a &#8220;punch&#8221; of color to your decor.<br \/>\nMultidisciplinary artist St\u00e9phanie B\u00e9land is bursting with original ideas! Gifted at creating and working with her hands, she puts her talent to good use, creating unique, contemporary works of art.  <\/p>\n<p>Dimensions: 8 inches x 8 inches<br \/>\nMaterials:<br \/>\n-fused glass work<br \/>\n-Quality frame with Italian wood mouldings reminiscent of stainless steel<br \/>\n-Vinyl base resistant to humidity and temperature changes<\/p>\n","protected":false},"featured_media":10471,"comment_status":"closed","ping_status":"closed","template":"","meta":[],"product_brand":[],"product_cat":[549,545],"product_tag":[552,558,604,560],"giftcard-category":[],"class_list":{"0":"post-11943","1":"product","2":"type-product","3":"status-publish","4":"has-post-thumbnail","6":"product_cat-classics","7":"product_cat-decoration-en","8":"product_tag-art-deco-en","9":"product_tag-decoration-en","10":"product_tag-home-2","11":"product_tag-work-of-art","13":"first","14":"instock","15":"sold-individually","16":"taxable","17":"shipping-taxable","18":"purchasable","19":"product-type-simple"},"yoast_head":"<!-- This site is optimized with the Yoast SEO plugin v27.4 - https:\/\/yoast.com\/product\/yoast-seo-wordpress\/ -->\n<title>FLOCON MAUVE (modern art deco fused glass 8 X 8) - Perc\u00e9-Verre<\/title>\n<meta name=\"description\" content=\"With a frame reminiscent of stainless steel, and a barnwood-style background, this unique work of art will add &quot;punch&quot; to your decor!\" \/>\n<meta name=\"robots\" content=\"index, follow, max-snippet:-1, max-image-preview:large, max-video-preview:-1\" \/>\n<link rel=\"canonical\" href=\"https:\/\/www.perce-verre.com\/en\/product\/flocon-mauve-modern-art-deco-fused-glass-8-x-8\/\" \/>\n<meta property=\"og:locale\" content=\"en_US\" \/>\n<meta property=\"og:type\" content=\"article\" \/>\n<meta property=\"og:title\" content=\"FLOCON MAUVE (modern art deco fused glass 8 X 8) - Perc\u00e9-Verre\" \/>\n<meta property=\"og:description\" content=\"With a frame reminiscent of stainless steel, and a barnwood-style background, this unique work of art will add &quot;punch&quot; to your decor!\" \/>\n<meta property=\"og:url\" content=\"https:\/\/www.perce-verre.com\/en\/product\/flocon-mauve-modern-art-deco-fused-glass-8-x-8\/\" \/>\n<meta property=\"og:site_name\" content=\"Perc\u00e9-Verre\" \/>\n<meta property=\"og:image\" content=\"https:\/\/www.perce-verre.com\/wp-content\/uploads\/2022\/06\/www.perce-verre.com-radiation-art-deco-moderne-en-verre-fusionne-8-x-8-cadre-verre--flocon-mauve--perce-verre.jpg\" \/>\n\t<meta property=\"og:image:width\" content=\"900\" \/>\n\t<meta property=\"og:image:height\" content=\"630\" \/>\n\t<meta property=\"og:image:type\" content=\"image\/jpeg\" \/>\n<meta name=\"twitter:card\" content=\"summary_large_image\" \/>\n<script type=\"application\/ld+json\" class=\"yoast-schema-graph\">{\"@context\":\"https:\\\/\\\/schema.org\",\"@graph\":[{\"@type\":\"WebPage\",\"@id\":\"https:\\\/\\\/www.perce-verre.com\\\/en\\\/product\\\/flocon-mauve-modern-art-deco-fused-glass-8-x-8\\\/\",\"url\":\"https:\\\/\\\/www.perce-verre.com\\\/en\\\/product\\\/flocon-mauve-modern-art-deco-fused-glass-8-x-8\\\/\",\"name\":\"FLOCON MAUVE (modern art deco fused glass 8 X 8) - Perc\u00e9-Verre\",\"isPartOf\":{\"@id\":\"https:\\\/\\\/www.perce-verre.com\\\/en\\\/#website\"},\"primaryImageOfPage\":{\"@id\":\"https:\\\/\\\/www.perce-verre.com\\\/en\\\/product\\\/flocon-mauve-modern-art-deco-fused-glass-8-x-8\\\/#primaryimage\"},\"image\":{\"@id\":\"https:\\\/\\\/www.perce-verre.com\\\/en\\\/product\\\/flocon-mauve-modern-art-deco-fused-glass-8-x-8\\\/#primaryimage\"},\"thumbnailUrl\":\"https:\\\/\\\/www.perce-verre.com\\\/wp-content\\\/uploads\\\/2022\\\/06\\\/www.perce-verre.com-radiation-art-deco-moderne-en-verre-fusionne-8-x-8-cadre-verre--flocon-mauve--perce-verre.jpg\",\"datePublished\":\"2022-06-02T19:58:21+00:00\",\"description\":\"With a frame reminiscent of stainless steel, and a barnwood-style background, this unique work of art will add \\\"punch\\\" to your decor!\",\"breadcrumb\":{\"@id\":\"https:\\\/\\\/www.perce-verre.com\\\/en\\\/product\\\/flocon-mauve-modern-art-deco-fused-glass-8-x-8\\\/#breadcrumb\"},\"inLanguage\":\"en-US\",\"potentialAction\":[{\"@type\":\"ReadAction\",\"target\":[\"https:\\\/\\\/www.perce-verre.com\\\/en\\\/product\\\/flocon-mauve-modern-art-deco-fused-glass-8-x-8\\\/\"]}]},{\"@type\":\"ImageObject\",\"inLanguage\":\"en-US\",\"@id\":\"https:\\\/\\\/www.perce-verre.com\\\/en\\\/product\\\/flocon-mauve-modern-art-deco-fused-glass-8-x-8\\\/#primaryimage\",\"url\":\"https:\\\/\\\/www.perce-verre.com\\\/wp-content\\\/uploads\\\/2022\\\/06\\\/www.perce-verre.com-radiation-art-deco-moderne-en-verre-fusionne-8-x-8-cadre-verre--flocon-mauve--perce-verre.jpg\",\"contentUrl\":\"https:\\\/\\\/www.perce-verre.com\\\/wp-content\\\/uploads\\\/2022\\\/06\\\/www.perce-verre.com-radiation-art-deco-moderne-en-verre-fusionne-8-x-8-cadre-verre--flocon-mauve--perce-verre.jpg\",\"width\":900,\"height\":630,\"caption\":\"Glass frame_ FLOCON MAUVE_ Perce-Glass\"},{\"@type\":\"BreadcrumbList\",\"@id\":\"https:\\\/\\\/www.perce-verre.com\\\/en\\\/product\\\/flocon-mauve-modern-art-deco-fused-glass-8-x-8\\\/#breadcrumb\",\"itemListElement\":[{\"@type\":\"ListItem\",\"position\":1,\"name\":\"Accueil\",\"item\":\"https:\\\/\\\/www.perce-verre.com\\\/en\\\/\"},{\"@type\":\"ListItem\",\"position\":2,\"name\":\"Store\",\"item\":\"https:\\\/\\\/www.perce-verre.com\\\/en\\\/shop\\\/\"},{\"@type\":\"ListItem\",\"position\":3,\"name\":\"FLOCON MAUVE (modern art deco fused glass 8 X 8)\"}]},{\"@type\":\"WebSite\",\"@id\":\"https:\\\/\\\/www.perce-verre.com\\\/en\\\/#website\",\"url\":\"https:\\\/\\\/www.perce-verre.com\\\/en\\\/\",\"name\":\"Perc\u00e9-Verre\",\"description\":\"Cadeaux uniques et des cr\u00e9ations qu\u00e9b\u00e9coises\",\"potentialAction\":[{\"@type\":\"SearchAction\",\"target\":{\"@type\":\"EntryPoint\",\"urlTemplate\":\"https:\\\/\\\/www.perce-verre.com\\\/en\\\/?s={search_term_string}\"},\"query-input\":{\"@type\":\"PropertyValueSpecification\",\"valueRequired\":true,\"valueName\":\"search_term_string\"}}],\"inLanguage\":\"en-US\"}]}<\/script>\n<!-- \/ Yoast SEO plugin. -->","yoast_head_json":{"title":"FLOCON MAUVE (modern art deco fused glass 8 X 8) - Perc\u00e9-Verre","description":"With a frame reminiscent of stainless steel, and a barnwood-style background, this unique work of art will add \"punch\" to your decor!","robots":{"index":"index","follow":"follow","max-snippet":"max-snippet:-1","max-image-preview":"max-image-preview:large","max-video-preview":"max-video-preview:-1"},"canonical":"https:\/\/www.perce-verre.com\/en\/product\/flocon-mauve-modern-art-deco-fused-glass-8-x-8\/","og_locale":"en_US","og_type":"article","og_title":"FLOCON MAUVE (modern art deco fused glass 8 X 8) - Perc\u00e9-Verre","og_description":"With a frame reminiscent of stainless steel, and a barnwood-style background, this unique work of art will add \"punch\" to your decor!","og_url":"https:\/\/www.perce-verre.com\/en\/product\/flocon-mauve-modern-art-deco-fused-glass-8-x-8\/","og_site_name":"Perc\u00e9-Verre","og_image":[{"width":900,"height":630,"url":"https:\/\/www.perce-verre.com\/wp-content\/uploads\/2022\/06\/www.perce-verre.com-radiation-art-deco-moderne-en-verre-fusionne-8-x-8-cadre-verre--flocon-mauve--perce-verre.jpg","type":"image\/jpeg"}],"twitter_card":"summary_large_image","schema":{"@context":"https:\/\/schema.org","@graph":[{"@type":"WebPage","@id":"https:\/\/www.perce-verre.com\/en\/product\/flocon-mauve-modern-art-deco-fused-glass-8-x-8\/","url":"https:\/\/www.perce-verre.com\/en\/product\/flocon-mauve-modern-art-deco-fused-glass-8-x-8\/","name":"FLOCON MAUVE (modern art deco fused glass 8 X 8) - Perc\u00e9-Verre","isPartOf":{"@id":"https:\/\/www.perce-verre.com\/en\/#website"},"primaryImageOfPage":{"@id":"https:\/\/www.perce-verre.com\/en\/product\/flocon-mauve-modern-art-deco-fused-glass-8-x-8\/#primaryimage"},"image":{"@id":"https:\/\/www.perce-verre.com\/en\/product\/flocon-mauve-modern-art-deco-fused-glass-8-x-8\/#primaryimage"},"thumbnailUrl":"https:\/\/www.perce-verre.com\/wp-content\/uploads\/2022\/06\/www.perce-verre.com-radiation-art-deco-moderne-en-verre-fusionne-8-x-8-cadre-verre--flocon-mauve--perce-verre.jpg","datePublished":"2022-06-02T19:58:21+00:00","description":"With a frame reminiscent of stainless steel, and a barnwood-style background, this unique work of art will add \"punch\" to your decor!","breadcrumb":{"@id":"https:\/\/www.perce-verre.com\/en\/product\/flocon-mauve-modern-art-deco-fused-glass-8-x-8\/#breadcrumb"},"inLanguage":"en-US","potentialAction":[{"@type":"ReadAction","target":["https:\/\/www.perce-verre.com\/en\/product\/flocon-mauve-modern-art-deco-fused-glass-8-x-8\/"]}]},{"@type":"ImageObject","inLanguage":"en-US","@id":"https:\/\/www.perce-verre.com\/en\/product\/flocon-mauve-modern-art-deco-fused-glass-8-x-8\/#primaryimage","url":"https:\/\/www.perce-verre.com\/wp-content\/uploads\/2022\/06\/www.perce-verre.com-radiation-art-deco-moderne-en-verre-fusionne-8-x-8-cadre-verre--flocon-mauve--perce-verre.jpg","contentUrl":"https:\/\/www.perce-verre.com\/wp-content\/uploads\/2022\/06\/www.perce-verre.com-radiation-art-deco-moderne-en-verre-fusionne-8-x-8-cadre-verre--flocon-mauve--perce-verre.jpg","width":900,"height":630,"caption":"Glass frame_ FLOCON MAUVE_ Perce-Glass"},{"@type":"BreadcrumbList","@id":"https:\/\/www.perce-verre.com\/en\/product\/flocon-mauve-modern-art-deco-fused-glass-8-x-8\/#breadcrumb","itemListElement":[{"@type":"ListItem","position":1,"name":"Accueil","item":"https:\/\/www.perce-verre.com\/en\/"},{"@type":"ListItem","position":2,"name":"Store","item":"https:\/\/www.perce-verre.com\/en\/shop\/"},{"@type":"ListItem","position":3,"name":"FLOCON MAUVE (modern art deco fused glass 8 X 8)"}]},{"@type":"WebSite","@id":"https:\/\/www.perce-verre.com\/en\/#website","url":"https:\/\/www.perce-verre.com\/en\/","name":"Perc\u00e9-Verre","description":"Cadeaux uniques et des cr\u00e9ations qu\u00e9b\u00e9coises","potentialAction":[{"@type":"SearchAction","target":{"@type":"EntryPoint","urlTemplate":"https:\/\/www.perce-verre.com\/en\/?s={search_term_string}"},"query-input":{"@type":"PropertyValueSpecification","valueRequired":true,"valueName":"search_term_string"}}],"inLanguage":"en-US"}]}},"wcpa_form_fields":null,"_links":{"self":[{"href":"https:\/\/www.perce-verre.com\/en\/wp-json\/wp\/v2\/product\/11943","targetHints":{"allow":["GET"]}}],"collection":[{"href":"https:\/\/www.perce-verre.com\/en\/wp-json\/wp\/v2\/product"}],"about":[{"href":"https:\/\/www.perce-verre.com\/en\/wp-json\/wp\/v2\/types\/product"}],"replies":[{"embeddable":true,"href":"https:\/\/www.perce-verre.com\/en\/wp-json\/wp\/v2\/comments?post=11943"}],"wp:featuredmedia":[{"embeddable":true,"href":"https:\/\/www.perce-verre.com\/en\/wp-json\/wp\/v2\/media\/10471"}],"wp:attachment":[{"href":"https:\/\/www.perce-verre.com\/en\/wp-json\/wp\/v2\/media?parent=11943"}],"wp:term":[{"taxonomy":"product_brand","embeddable":true,"href":"https:\/\/www.perce-verre.com\/en\/wp-json\/wp\/v2\/product_brand?post=11943"},{"taxonomy":"product_cat","embeddable":true,"href":"https:\/\/www.perce-verre.com\/en\/wp-json\/wp\/v2\/product_cat?post=11943"},{"taxonomy":"product_tag","embeddable":true,"href":"https:\/\/www.perce-verre.com\/en\/wp-json\/wp\/v2\/product_tag?post=11943"},{"taxonomy":"giftcard-category","embeddable":true,"href":"https:\/\/www.perce-verre.com\/en\/wp-json\/wp\/v2\/giftcard-category?post=11943"}],"curies":[{"name":"wp","href":"https:\/\/api.w.org\/{rel}","templated":true}]}}