{"id":11951,"date":"2022-06-02T14:18:40","date_gmt":"2022-06-02T18:18:40","guid":{"rendered":"https:\/\/www.perce-verre.com\/produit\/oba-modern-art-deco-fused-glass-6-x-18\/"},"modified":"2025-07-22T09:35:51","modified_gmt":"2025-07-22T13:35:51","slug":"oba-modern-art-deco-fused-glass-6-x-18","status":"publish","type":"product","link":"https:\/\/www.perce-verre.com\/en\/product\/oba-modern-art-deco-fused-glass-6-x-18\/","title":{"rendered":"Oba (modern Art Deco fused glass 6 X 18)"},"content":{"rendered":"<p>&#8220;OBA: modern, unique art deco! This work was created using the fused glass technique. Presented in a frame reminiscent of stainless steel, with a barnwood-style background, this unique work will add a &#8220;punch&#8221; of color to your decor.<br \/>\nSt\u00e9phanie B\u00e9land, multidisciplinary artist, is brimming with original ideas! Gifted at creating and working with her hands, she puts her talent to good use, creating unique, contemporary works of art.<\/p>\n<p>Dimensions: 6 inches x 18 inches<\/p>\n<p>To find out more about designer St\u00e9phanie B\u00e9land, <a href=\"https:\/\/www.perce-verre.com\/en\/about-us\/\">click here.<\/a> Follow us on our social networks for news, videos and behind-the-scenes looks at our creations.<a href=\"https:\/\/www.facebook.com\/perceverre\/\">(Facebook<\/a>, <a href=\"https:\/\/www.instagram.com\/perceverre\/\">Instagram<\/a>)<\/p>\n","protected":false},"excerpt":{"rendered":"<p>&#8220;OBA: modern, unique art deco! This work was created using the fused glass technique. Presented in a frame reminiscent of stainless steel, with a barnwood-style background, this unique work will add a &#8220;punch&#8221; of color to your decor.<br \/>\nSt\u00e9phanie B\u00e9land, multidisciplinary artist, is brimming with original ideas! Gifted at creating and working with her hands, she puts her talent to good use, creating unique, contemporary works of art.<\/p>\n<p>Dimensions: 6 inches x 18 inches<br \/>\nMaterials:<br \/>\n-Fused glass work<br \/>\n-Quality frame made with Italian wood moldings reminiscent of stainless steel<br \/>\n-Vinyl bottom resistant to humidity and temperature changes<\/p>\n","protected":false},"featured_media":10393,"comment_status":"closed","ping_status":"closed","template":"","meta":[],"product_brand":[],"product_cat":[549,545,1474],"product_tag":[552,558,604,560],"giftcard-category":[],"class_list":{"0":"post-11951","1":"product","2":"type-product","3":"status-publish","4":"has-post-thumbnail","6":"product_cat-classics","7":"product_cat-decoration-en","8":"product_cat-wall-art","9":"product_tag-art-deco-en","10":"product_tag-decoration-en","11":"product_tag-home-2","12":"product_tag-work-of-art","14":"first","15":"instock","16":"sold-individually","17":"taxable","18":"shipping-taxable","19":"purchasable","20":"product-type-simple"},"yoast_head":"<!-- This site is optimized with the Yoast SEO plugin v27.4 - https:\/\/yoast.com\/product\/yoast-seo-wordpress\/ -->\n<title>Oba (modern Art Deco fused glass 6 X 18) - Perc\u00e9-Verre<\/title>\n<meta name=\"description\" content=\"With a frame reminiscent of stainless steel, and a barnwood-style background, this unique work of art will add &quot;punch&quot; to your decor!\" \/>\n<meta name=\"robots\" content=\"index, follow, max-snippet:-1, max-image-preview:large, max-video-preview:-1\" \/>\n<link rel=\"canonical\" href=\"https:\/\/www.perce-verre.com\/en\/product\/oba-modern-art-deco-fused-glass-6-x-18\/\" \/>\n<meta property=\"og:locale\" content=\"en_US\" \/>\n<meta property=\"og:type\" content=\"article\" \/>\n<meta property=\"og:title\" content=\"Oba (modern Art Deco fused glass 6 X 18) - Perc\u00e9-Verre\" \/>\n<meta property=\"og:description\" content=\"With a frame reminiscent of stainless steel, and a barnwood-style background, this unique work of art will add &quot;punch&quot; to your decor!\" \/>\n<meta property=\"og:url\" content=\"https:\/\/www.perce-verre.com\/en\/product\/oba-modern-art-deco-fused-glass-6-x-18\/\" \/>\n<meta property=\"og:site_name\" content=\"Perc\u00e9-Verre\" \/>\n<meta property=\"article:modified_time\" content=\"2025-07-22T13:35:51+00:00\" \/>\n<meta property=\"og:image\" content=\"https:\/\/www.perce-verre.com\/wp-content\/uploads\/2022\/06\/www.perce-verre.com-oba-art-deco-moderne-en-verre-fusionne-6-x-18-oba-par-perce-verre-cadre-moderne--6-x-18-2.2.jpg\" \/>\n\t<meta property=\"og:image:width\" content=\"900\" \/>\n\t<meta property=\"og:image:height\" content=\"670\" \/>\n\t<meta property=\"og:image:type\" content=\"image\/jpeg\" \/>\n<meta name=\"twitter:card\" content=\"summary_large_image\" \/>\n<meta name=\"twitter:label1\" content=\"Est. reading time\" \/>\n\t<meta name=\"twitter:data1\" content=\"1 minute\" \/>\n<script type=\"application\/ld+json\" class=\"yoast-schema-graph\">{\"@context\":\"https:\\\/\\\/schema.org\",\"@graph\":[{\"@type\":\"WebPage\",\"@id\":\"https:\\\/\\\/www.perce-verre.com\\\/en\\\/product\\\/oba-modern-art-deco-fused-glass-6-x-18\\\/\",\"url\":\"https:\\\/\\\/www.perce-verre.com\\\/en\\\/product\\\/oba-modern-art-deco-fused-glass-6-x-18\\\/\",\"name\":\"Oba (modern Art Deco fused glass 6 X 18) - Perc\u00e9-Verre\",\"isPartOf\":{\"@id\":\"https:\\\/\\\/www.perce-verre.com\\\/en\\\/#website\"},\"primaryImageOfPage\":{\"@id\":\"https:\\\/\\\/www.perce-verre.com\\\/en\\\/product\\\/oba-modern-art-deco-fused-glass-6-x-18\\\/#primaryimage\"},\"image\":{\"@id\":\"https:\\\/\\\/www.perce-verre.com\\\/en\\\/product\\\/oba-modern-art-deco-fused-glass-6-x-18\\\/#primaryimage\"},\"thumbnailUrl\":\"https:\\\/\\\/www.perce-verre.com\\\/wp-content\\\/uploads\\\/2022\\\/06\\\/www.perce-verre.com-oba-art-deco-moderne-en-verre-fusionne-6-x-18-oba-par-perce-verre-cadre-moderne--6-x-18-2.2.jpg\",\"datePublished\":\"2022-06-02T18:18:40+00:00\",\"dateModified\":\"2025-07-22T13:35:51+00:00\",\"description\":\"With a frame reminiscent of stainless steel, and a barnwood-style background, this unique work of art will add \\\"punch\\\" to your decor!\",\"breadcrumb\":{\"@id\":\"https:\\\/\\\/www.perce-verre.com\\\/en\\\/product\\\/oba-modern-art-deco-fused-glass-6-x-18\\\/#breadcrumb\"},\"inLanguage\":\"en-US\",\"potentialAction\":[{\"@type\":\"ReadAction\",\"target\":[\"https:\\\/\\\/www.perce-verre.com\\\/en\\\/product\\\/oba-modern-art-deco-fused-glass-6-x-18\\\/\"]}]},{\"@type\":\"ImageObject\",\"inLanguage\":\"en-US\",\"@id\":\"https:\\\/\\\/www.perce-verre.com\\\/en\\\/product\\\/oba-modern-art-deco-fused-glass-6-x-18\\\/#primaryimage\",\"url\":\"https:\\\/\\\/www.perce-verre.com\\\/wp-content\\\/uploads\\\/2022\\\/06\\\/www.perce-verre.com-oba-art-deco-moderne-en-verre-fusionne-6-x-18-oba-par-perce-verre-cadre-moderne--6-x-18-2.2.jpg\",\"contentUrl\":\"https:\\\/\\\/www.perce-verre.com\\\/wp-content\\\/uploads\\\/2022\\\/06\\\/www.perce-verre.com-oba-art-deco-moderne-en-verre-fusionne-6-x-18-oba-par-perce-verre-cadre-moderne--6-x-18-2.2.jpg\",\"width\":900,\"height\":670,\"caption\":\"OBA by Perc\u00e9-Verre_Cadre Moderne_ 6 X 18_ (Modern Glass Frame)\"},{\"@type\":\"BreadcrumbList\",\"@id\":\"https:\\\/\\\/www.perce-verre.com\\\/en\\\/product\\\/oba-modern-art-deco-fused-glass-6-x-18\\\/#breadcrumb\",\"itemListElement\":[{\"@type\":\"ListItem\",\"position\":1,\"name\":\"Accueil\",\"item\":\"https:\\\/\\\/www.perce-verre.com\\\/en\\\/\"},{\"@type\":\"ListItem\",\"position\":2,\"name\":\"Store\",\"item\":\"https:\\\/\\\/www.perce-verre.com\\\/en\\\/shop\\\/\"},{\"@type\":\"ListItem\",\"position\":3,\"name\":\"Oba (modern Art Deco fused glass 6 X 18)\"}]},{\"@type\":\"WebSite\",\"@id\":\"https:\\\/\\\/www.perce-verre.com\\\/en\\\/#website\",\"url\":\"https:\\\/\\\/www.perce-verre.com\\\/en\\\/\",\"name\":\"Perc\u00e9-Verre\",\"description\":\"Cadeaux uniques et des cr\u00e9ations qu\u00e9b\u00e9coises\",\"potentialAction\":[{\"@type\":\"SearchAction\",\"target\":{\"@type\":\"EntryPoint\",\"urlTemplate\":\"https:\\\/\\\/www.perce-verre.com\\\/en\\\/?s={search_term_string}\"},\"query-input\":{\"@type\":\"PropertyValueSpecification\",\"valueRequired\":true,\"valueName\":\"search_term_string\"}}],\"inLanguage\":\"en-US\"}]}<\/script>\n<!-- \/ Yoast SEO plugin. -->","yoast_head_json":{"title":"Oba (modern Art Deco fused glass 6 X 18) - Perc\u00e9-Verre","description":"With a frame reminiscent of stainless steel, and a barnwood-style background, this unique work of art will add \"punch\" to your decor!","robots":{"index":"index","follow":"follow","max-snippet":"max-snippet:-1","max-image-preview":"max-image-preview:large","max-video-preview":"max-video-preview:-1"},"canonical":"https:\/\/www.perce-verre.com\/en\/product\/oba-modern-art-deco-fused-glass-6-x-18\/","og_locale":"en_US","og_type":"article","og_title":"Oba (modern Art Deco fused glass 6 X 18) - Perc\u00e9-Verre","og_description":"With a frame reminiscent of stainless steel, and a barnwood-style background, this unique work of art will add \"punch\" to your decor!","og_url":"https:\/\/www.perce-verre.com\/en\/product\/oba-modern-art-deco-fused-glass-6-x-18\/","og_site_name":"Perc\u00e9-Verre","article_modified_time":"2025-07-22T13:35:51+00:00","og_image":[{"width":900,"height":670,"url":"https:\/\/www.perce-verre.com\/wp-content\/uploads\/2022\/06\/www.perce-verre.com-oba-art-deco-moderne-en-verre-fusionne-6-x-18-oba-par-perce-verre-cadre-moderne--6-x-18-2.2.jpg","type":"image\/jpeg"}],"twitter_card":"summary_large_image","twitter_misc":{"Est. reading time":"1 minute"},"schema":{"@context":"https:\/\/schema.org","@graph":[{"@type":"WebPage","@id":"https:\/\/www.perce-verre.com\/en\/product\/oba-modern-art-deco-fused-glass-6-x-18\/","url":"https:\/\/www.perce-verre.com\/en\/product\/oba-modern-art-deco-fused-glass-6-x-18\/","name":"Oba (modern Art Deco fused glass 6 X 18) - Perc\u00e9-Verre","isPartOf":{"@id":"https:\/\/www.perce-verre.com\/en\/#website"},"primaryImageOfPage":{"@id":"https:\/\/www.perce-verre.com\/en\/product\/oba-modern-art-deco-fused-glass-6-x-18\/#primaryimage"},"image":{"@id":"https:\/\/www.perce-verre.com\/en\/product\/oba-modern-art-deco-fused-glass-6-x-18\/#primaryimage"},"thumbnailUrl":"https:\/\/www.perce-verre.com\/wp-content\/uploads\/2022\/06\/www.perce-verre.com-oba-art-deco-moderne-en-verre-fusionne-6-x-18-oba-par-perce-verre-cadre-moderne--6-x-18-2.2.jpg","datePublished":"2022-06-02T18:18:40+00:00","dateModified":"2025-07-22T13:35:51+00:00","description":"With a frame reminiscent of stainless steel, and a barnwood-style background, this unique work of art will add \"punch\" to your decor!","breadcrumb":{"@id":"https:\/\/www.perce-verre.com\/en\/product\/oba-modern-art-deco-fused-glass-6-x-18\/#breadcrumb"},"inLanguage":"en-US","potentialAction":[{"@type":"ReadAction","target":["https:\/\/www.perce-verre.com\/en\/product\/oba-modern-art-deco-fused-glass-6-x-18\/"]}]},{"@type":"ImageObject","inLanguage":"en-US","@id":"https:\/\/www.perce-verre.com\/en\/product\/oba-modern-art-deco-fused-glass-6-x-18\/#primaryimage","url":"https:\/\/www.perce-verre.com\/wp-content\/uploads\/2022\/06\/www.perce-verre.com-oba-art-deco-moderne-en-verre-fusionne-6-x-18-oba-par-perce-verre-cadre-moderne--6-x-18-2.2.jpg","contentUrl":"https:\/\/www.perce-verre.com\/wp-content\/uploads\/2022\/06\/www.perce-verre.com-oba-art-deco-moderne-en-verre-fusionne-6-x-18-oba-par-perce-verre-cadre-moderne--6-x-18-2.2.jpg","width":900,"height":670,"caption":"OBA by Perc\u00e9-Verre_Cadre Moderne_ 6 X 18_ (Modern Glass Frame)"},{"@type":"BreadcrumbList","@id":"https:\/\/www.perce-verre.com\/en\/product\/oba-modern-art-deco-fused-glass-6-x-18\/#breadcrumb","itemListElement":[{"@type":"ListItem","position":1,"name":"Accueil","item":"https:\/\/www.perce-verre.com\/en\/"},{"@type":"ListItem","position":2,"name":"Store","item":"https:\/\/www.perce-verre.com\/en\/shop\/"},{"@type":"ListItem","position":3,"name":"Oba (modern Art Deco fused glass 6 X 18)"}]},{"@type":"WebSite","@id":"https:\/\/www.perce-verre.com\/en\/#website","url":"https:\/\/www.perce-verre.com\/en\/","name":"Perc\u00e9-Verre","description":"Cadeaux uniques et des cr\u00e9ations qu\u00e9b\u00e9coises","potentialAction":[{"@type":"SearchAction","target":{"@type":"EntryPoint","urlTemplate":"https:\/\/www.perce-verre.com\/en\/?s={search_term_string}"},"query-input":{"@type":"PropertyValueSpecification","valueRequired":true,"valueName":"search_term_string"}}],"inLanguage":"en-US"}]}},"wcpa_form_fields":null,"_links":{"self":[{"href":"https:\/\/www.perce-verre.com\/en\/wp-json\/wp\/v2\/product\/11951","targetHints":{"allow":["GET"]}}],"collection":[{"href":"https:\/\/www.perce-verre.com\/en\/wp-json\/wp\/v2\/product"}],"about":[{"href":"https:\/\/www.perce-verre.com\/en\/wp-json\/wp\/v2\/types\/product"}],"replies":[{"embeddable":true,"href":"https:\/\/www.perce-verre.com\/en\/wp-json\/wp\/v2\/comments?post=11951"}],"wp:featuredmedia":[{"embeddable":true,"href":"https:\/\/www.perce-verre.com\/en\/wp-json\/wp\/v2\/media\/10393"}],"wp:attachment":[{"href":"https:\/\/www.perce-verre.com\/en\/wp-json\/wp\/v2\/media?parent=11951"}],"wp:term":[{"taxonomy":"product_brand","embeddable":true,"href":"https:\/\/www.perce-verre.com\/en\/wp-json\/wp\/v2\/product_brand?post=11951"},{"taxonomy":"product_cat","embeddable":true,"href":"https:\/\/www.perce-verre.com\/en\/wp-json\/wp\/v2\/product_cat?post=11951"},{"taxonomy":"product_tag","embeddable":true,"href":"https:\/\/www.perce-verre.com\/en\/wp-json\/wp\/v2\/product_tag?post=11951"},{"taxonomy":"giftcard-category","embeddable":true,"href":"https:\/\/www.perce-verre.com\/en\/wp-json\/wp\/v2\/giftcard-category?post=11951"}],"curies":[{"name":"wp","href":"https:\/\/api.w.org\/{rel}","templated":true}]}}