{"id":11966,"date":"2022-01-17T17:18:46","date_gmt":"2022-01-17T22:18:46","guid":{"rendered":"https:\/\/www.perce-verre.com\/produit\/ame-soeur-gift-box\/"},"modified":"2022-01-17T17:18:46","modified_gmt":"2022-01-17T22:18:46","slug":"ame-soeur-gift-box","status":"publish","type":"product","link":"https:\/\/www.perce-verre.com\/en\/product\/ame-soeur-gift-box\/","title":{"rendered":"\u00c2me s\u0153ur&#8221; gift box"},"content":{"rendered":"<div class=\"post-content woocommerce-product-details__short-description\">\n<div class=\"woocommerce-product-details__short-description\">\n<p><b>The &#8220;Soulmate&#8221; gift box<\/b> is the perfect Valentine&#8217;s Day gift for your significant other or just to treat yourself!<\/p>\n<h4><span style=\"color: #e0629a;\">Included in the <b>&#8220;Soulmate<\/b>&#8221; gift box:<\/span><\/h4>\n<p>-Chic&#8221; black bracelet with &#8220;COEUR&#8221; charm. 40 value<\/p>\n<p>-COEUR&#8221; black jewelry set. 45 value<\/p>\n<p>-Fleur de Mono\u00ef Tahitienne&#8221; soap bar. 8 value.<\/p>\n<p>-Pocket mirror. 10 value<\/p>\n<p>Gift box. 3.50 value<\/p>\n<p><span style=\"color: #e0629a;\"><strong>FREE SHIPPING!<\/strong><\/span><\/p>\n<p><strong>Total value: $106.50<\/strong><\/p>\n<p>&nbsp;<\/p>\n<p><strong>Chic&#8221; bracelet with &#8220;COEUR&#8221; charm:<\/strong><\/p>\n<p>Femininity and uniqueness: two words that perfectly sum up this bracelet in shimmering black leather and heart-shaped glass charm, from our Chic collection, specially created for Valentine&#8217;s Day.<\/p>\n<p>&nbsp;<\/p>\n<p><strong>COEUR&#8221; jewelry set, black:<\/strong><\/p>\n<p>Radiate originality with this glittering black heart-shaped fused glass pendant, accompanied by heart-shaped zirconia earrings. This jewelry set is a great gift idea for Valentine&#8217;s Day*! We love the versatility of this jewelry set, which can be worn with both dresses and jeans.<\/p>\n<p id=\"title\" class=\"a-size-large a-spacing-none\">\n<h4 class=\"woocommerce-product-details__short-description fusion-responsive-typography-calculated\" data-fontsize=\"24\" data-lineheight=\"35.04px\">Soap:<\/h4>\n<p class=\"woocommerce-product-details__short-description\">An ultra-creamy glycerine soap with the fragrance of the frangipani flower, the symbol of beaches and paradise islands. Each bar features a different color and shape, making it unique. When you use this gentle cleanser, let yourself be carried away by a gentle wave of hydration.<\/p>\n<div class=\"vc_empty_space\">\n<div class=\"single_variation_wrap\">\n<div class=\"woocommerce-variation single_variation\">\n<div class=\"woocommerce-variation-description\">\n<p>Comes with a pretty box and description of product ingredients.<\/p>\n<p>&nbsp;<\/p>\n<p><strong>-Pocket mirror with positive phrase (free gift):<\/strong><\/p>\n<p>Compact travel mirror: 7 cm in diameter and 1 cm thick, perfect for slipping into a handbag or make-up bag. (a &#8220;surprise&#8221; but always positive phrase is printed on a beautiful, inspiring image)<\/p>\n<\/div>\n<\/div>\n<\/div>\n<\/div>\n<\/div>\n<\/div>\n","protected":false},"excerpt":{"rendered":"<p><b>The &#8220;Soulmate&#8221; gift box<\/b> is the perfect Valentine&#8217;s Day gift for your significant other or just to treat yourself!<\/p>\n<h4><span style=\"color: #e0629a;\">Included in the <b>&#8220;Soulmate<\/b>&#8221; gift box:<\/span><\/h4>\n<p>-Chic&#8221; black bracelet with &#8220;COEUR&#8221; charm. 40 value<\/p>\n<p>-COEUR&#8221; black jewelry set. 45 value<\/p>\n<p>-Fleur de Mono\u00ef Tahitienne&#8221; soap bar. 8 value.<\/p>\n<p>-Pocket mirror. 10 value<\/p>\n<p>Gift box. 3.50 value<\/p>\n<p><span style=\"color: #e0629a;\"><strong>FREE SHIPPING!<\/strong><\/span><\/p>\n<p><strong>Total value: $106.50<\/strong><\/p>\n","protected":false},"featured_media":10341,"comment_status":"open","ping_status":"closed","template":"","meta":[],"product_brand":[],"product_cat":[531],"product_tag":[637,536,620],"giftcard-category":[],"class_list":{"0":"post-11966","1":"product","2":"type-product","3":"status-publish","4":"has-post-thumbnail","6":"product_cat-accessories","7":"product_tag-gift-box","8":"product_tag-gift-idea","9":"product_tag-valentines-day","10":"pa_grandeur-du-bracelet-l-en","11":"pa_grandeur-du-bracelet-m-en","12":"pa_grandeur-du-bracelet-s-en","13":"pa_grandeur-du-bracelet-xl-en","14":"pa_grandeur-du-bracelet-xs-en","16":"first","17":"instock","18":"sale","19":"taxable","20":"shipping-taxable","21":"purchasable","22":"product-type-variable"},"yoast_head":"<!-- This site is optimized with the Yoast SEO plugin v27.4 - https:\/\/yoast.com\/product\/yoast-seo-wordpress\/ -->\n<title>\u00c2me s\u0153ur&quot; gift box - Perc\u00e9-Verre<\/title>\n<meta name=\"description\" content=\"The &quot;\u00c2me s\u0153ur&quot; gift box, a gift idea that will please your significant other or yourself! Fast delivery!\" \/>\n<meta name=\"robots\" content=\"index, follow, max-snippet:-1, max-image-preview:large, max-video-preview:-1\" \/>\n<link rel=\"canonical\" href=\"https:\/\/www.perce-verre.com\/en\/product\/ame-soeur-gift-box\/\" \/>\n<meta property=\"og:locale\" content=\"en_US\" \/>\n<meta property=\"og:type\" content=\"article\" \/>\n<meta property=\"og:title\" content=\"\u00c2me s\u0153ur&quot; gift box - Perc\u00e9-Verre\" \/>\n<meta property=\"og:description\" content=\"The &quot;\u00c2me s\u0153ur&quot; gift box, a gift idea that will please your significant other or yourself! Fast delivery!\" \/>\n<meta property=\"og:url\" content=\"https:\/\/www.perce-verre.com\/en\/product\/ame-soeur-gift-box\/\" \/>\n<meta property=\"og:site_name\" content=\"Perc\u00e9-Verre\" \/>\n<meta property=\"og:image\" content=\"https:\/\/www.perce-verre.com\/wp-content\/uploads\/2022\/01\/www.perce-verre.com-boite-cadeau-charmante-boite-cadeau-st-valentin-4.perce-verre.jpg\" \/>\n\t<meta property=\"og:image:width\" content=\"900\" \/>\n\t<meta property=\"og:image:height\" content=\"630\" \/>\n\t<meta property=\"og:image:type\" content=\"image\/jpeg\" \/>\n<meta name=\"twitter:card\" content=\"summary_large_image\" \/>\n<meta name=\"twitter:label1\" content=\"Est. reading time\" \/>\n\t<meta name=\"twitter:data1\" content=\"1 minute\" \/>\n<script type=\"application\/ld+json\" class=\"yoast-schema-graph\">{\"@context\":\"https:\\\/\\\/schema.org\",\"@graph\":[{\"@type\":\"WebPage\",\"@id\":\"https:\\\/\\\/www.perce-verre.com\\\/en\\\/product\\\/ame-soeur-gift-box\\\/\",\"url\":\"https:\\\/\\\/www.perce-verre.com\\\/en\\\/product\\\/ame-soeur-gift-box\\\/\",\"name\":\"\u00c2me s\u0153ur\\\" gift box - Perc\u00e9-Verre\",\"isPartOf\":{\"@id\":\"https:\\\/\\\/www.perce-verre.com\\\/en\\\/#website\"},\"primaryImageOfPage\":{\"@id\":\"https:\\\/\\\/www.perce-verre.com\\\/en\\\/product\\\/ame-soeur-gift-box\\\/#primaryimage\"},\"image\":{\"@id\":\"https:\\\/\\\/www.perce-verre.com\\\/en\\\/product\\\/ame-soeur-gift-box\\\/#primaryimage\"},\"thumbnailUrl\":\"https:\\\/\\\/www.perce-verre.com\\\/wp-content\\\/uploads\\\/2022\\\/01\\\/www.perce-verre.com-boite-cadeau-charmante-boite-cadeau-st-valentin-4.perce-verre.jpg\",\"datePublished\":\"2022-01-17T22:18:46+00:00\",\"description\":\"The \\\"\u00c2me s\u0153ur\\\" gift box, a gift idea that will please your significant other or yourself! Fast delivery!\",\"breadcrumb\":{\"@id\":\"https:\\\/\\\/www.perce-verre.com\\\/en\\\/product\\\/ame-soeur-gift-box\\\/#breadcrumb\"},\"inLanguage\":\"en-US\",\"potentialAction\":[{\"@type\":\"ReadAction\",\"target\":[\"https:\\\/\\\/www.perce-verre.com\\\/en\\\/product\\\/ame-soeur-gift-box\\\/\"]}]},{\"@type\":\"ImageObject\",\"inLanguage\":\"en-US\",\"@id\":\"https:\\\/\\\/www.perce-verre.com\\\/en\\\/product\\\/ame-soeur-gift-box\\\/#primaryimage\",\"url\":\"https:\\\/\\\/www.perce-verre.com\\\/wp-content\\\/uploads\\\/2022\\\/01\\\/www.perce-verre.com-boite-cadeau-charmante-boite-cadeau-st-valentin-4.perce-verre.jpg\",\"contentUrl\":\"https:\\\/\\\/www.perce-verre.com\\\/wp-content\\\/uploads\\\/2022\\\/01\\\/www.perce-verre.com-boite-cadeau-charmante-boite-cadeau-st-valentin-4.perce-verre.jpg\",\"width\":900,\"height\":630,\"caption\":\"Valentine's Day \\\"Soul mate\\\" gift box.pierced-glass\"},{\"@type\":\"BreadcrumbList\",\"@id\":\"https:\\\/\\\/www.perce-verre.com\\\/en\\\/product\\\/ame-soeur-gift-box\\\/#breadcrumb\",\"itemListElement\":[{\"@type\":\"ListItem\",\"position\":1,\"name\":\"Accueil\",\"item\":\"https:\\\/\\\/www.perce-verre.com\\\/en\\\/\"},{\"@type\":\"ListItem\",\"position\":2,\"name\":\"Store\",\"item\":\"https:\\\/\\\/www.perce-verre.com\\\/en\\\/shop\\\/\"},{\"@type\":\"ListItem\",\"position\":3,\"name\":\"\u00c2me s\u0153ur&#8221; gift box\"}]},{\"@type\":\"WebSite\",\"@id\":\"https:\\\/\\\/www.perce-verre.com\\\/en\\\/#website\",\"url\":\"https:\\\/\\\/www.perce-verre.com\\\/en\\\/\",\"name\":\"Perc\u00e9-Verre\",\"description\":\"Cadeaux uniques et des cr\u00e9ations qu\u00e9b\u00e9coises\",\"potentialAction\":[{\"@type\":\"SearchAction\",\"target\":{\"@type\":\"EntryPoint\",\"urlTemplate\":\"https:\\\/\\\/www.perce-verre.com\\\/en\\\/?s={search_term_string}\"},\"query-input\":{\"@type\":\"PropertyValueSpecification\",\"valueRequired\":true,\"valueName\":\"search_term_string\"}}],\"inLanguage\":\"en-US\"}]}<\/script>\n<!-- \/ Yoast SEO plugin. -->","yoast_head_json":{"title":"\u00c2me s\u0153ur\" gift box - Perc\u00e9-Verre","description":"The \"\u00c2me s\u0153ur\" gift box, a gift idea that will please your significant other or yourself! Fast delivery!","robots":{"index":"index","follow":"follow","max-snippet":"max-snippet:-1","max-image-preview":"max-image-preview:large","max-video-preview":"max-video-preview:-1"},"canonical":"https:\/\/www.perce-verre.com\/en\/product\/ame-soeur-gift-box\/","og_locale":"en_US","og_type":"article","og_title":"\u00c2me s\u0153ur\" gift box - Perc\u00e9-Verre","og_description":"The \"\u00c2me s\u0153ur\" gift box, a gift idea that will please your significant other or yourself! Fast delivery!","og_url":"https:\/\/www.perce-verre.com\/en\/product\/ame-soeur-gift-box\/","og_site_name":"Perc\u00e9-Verre","og_image":[{"width":900,"height":630,"url":"https:\/\/www.perce-verre.com\/wp-content\/uploads\/2022\/01\/www.perce-verre.com-boite-cadeau-charmante-boite-cadeau-st-valentin-4.perce-verre.jpg","type":"image\/jpeg"}],"twitter_card":"summary_large_image","twitter_misc":{"Est. reading time":"1 minute"},"schema":{"@context":"https:\/\/schema.org","@graph":[{"@type":"WebPage","@id":"https:\/\/www.perce-verre.com\/en\/product\/ame-soeur-gift-box\/","url":"https:\/\/www.perce-verre.com\/en\/product\/ame-soeur-gift-box\/","name":"\u00c2me s\u0153ur\" gift box - Perc\u00e9-Verre","isPartOf":{"@id":"https:\/\/www.perce-verre.com\/en\/#website"},"primaryImageOfPage":{"@id":"https:\/\/www.perce-verre.com\/en\/product\/ame-soeur-gift-box\/#primaryimage"},"image":{"@id":"https:\/\/www.perce-verre.com\/en\/product\/ame-soeur-gift-box\/#primaryimage"},"thumbnailUrl":"https:\/\/www.perce-verre.com\/wp-content\/uploads\/2022\/01\/www.perce-verre.com-boite-cadeau-charmante-boite-cadeau-st-valentin-4.perce-verre.jpg","datePublished":"2022-01-17T22:18:46+00:00","description":"The \"\u00c2me s\u0153ur\" gift box, a gift idea that will please your significant other or yourself! Fast delivery!","breadcrumb":{"@id":"https:\/\/www.perce-verre.com\/en\/product\/ame-soeur-gift-box\/#breadcrumb"},"inLanguage":"en-US","potentialAction":[{"@type":"ReadAction","target":["https:\/\/www.perce-verre.com\/en\/product\/ame-soeur-gift-box\/"]}]},{"@type":"ImageObject","inLanguage":"en-US","@id":"https:\/\/www.perce-verre.com\/en\/product\/ame-soeur-gift-box\/#primaryimage","url":"https:\/\/www.perce-verre.com\/wp-content\/uploads\/2022\/01\/www.perce-verre.com-boite-cadeau-charmante-boite-cadeau-st-valentin-4.perce-verre.jpg","contentUrl":"https:\/\/www.perce-verre.com\/wp-content\/uploads\/2022\/01\/www.perce-verre.com-boite-cadeau-charmante-boite-cadeau-st-valentin-4.perce-verre.jpg","width":900,"height":630,"caption":"Valentine's Day \"Soul mate\" gift box.pierced-glass"},{"@type":"BreadcrumbList","@id":"https:\/\/www.perce-verre.com\/en\/product\/ame-soeur-gift-box\/#breadcrumb","itemListElement":[{"@type":"ListItem","position":1,"name":"Accueil","item":"https:\/\/www.perce-verre.com\/en\/"},{"@type":"ListItem","position":2,"name":"Store","item":"https:\/\/www.perce-verre.com\/en\/shop\/"},{"@type":"ListItem","position":3,"name":"\u00c2me s\u0153ur&#8221; gift box"}]},{"@type":"WebSite","@id":"https:\/\/www.perce-verre.com\/en\/#website","url":"https:\/\/www.perce-verre.com\/en\/","name":"Perc\u00e9-Verre","description":"Cadeaux uniques et des cr\u00e9ations qu\u00e9b\u00e9coises","potentialAction":[{"@type":"SearchAction","target":{"@type":"EntryPoint","urlTemplate":"https:\/\/www.perce-verre.com\/en\/?s={search_term_string}"},"query-input":{"@type":"PropertyValueSpecification","valueRequired":true,"valueName":"search_term_string"}}],"inLanguage":"en-US"}]}},"wcpa_form_fields":null,"_links":{"self":[{"href":"https:\/\/www.perce-verre.com\/en\/wp-json\/wp\/v2\/product\/11966","targetHints":{"allow":["GET"]}}],"collection":[{"href":"https:\/\/www.perce-verre.com\/en\/wp-json\/wp\/v2\/product"}],"about":[{"href":"https:\/\/www.perce-verre.com\/en\/wp-json\/wp\/v2\/types\/product"}],"replies":[{"embeddable":true,"href":"https:\/\/www.perce-verre.com\/en\/wp-json\/wp\/v2\/comments?post=11966"}],"wp:featuredmedia":[{"embeddable":true,"href":"https:\/\/www.perce-verre.com\/en\/wp-json\/wp\/v2\/media\/10341"}],"wp:attachment":[{"href":"https:\/\/www.perce-verre.com\/en\/wp-json\/wp\/v2\/media?parent=11966"}],"wp:term":[{"taxonomy":"product_brand","embeddable":true,"href":"https:\/\/www.perce-verre.com\/en\/wp-json\/wp\/v2\/product_brand?post=11966"},{"taxonomy":"product_cat","embeddable":true,"href":"https:\/\/www.perce-verre.com\/en\/wp-json\/wp\/v2\/product_cat?post=11966"},{"taxonomy":"product_tag","embeddable":true,"href":"https:\/\/www.perce-verre.com\/en\/wp-json\/wp\/v2\/product_tag?post=11966"},{"taxonomy":"giftcard-category","embeddable":true,"href":"https:\/\/www.perce-verre.com\/en\/wp-json\/wp\/v2\/giftcard-category?post=11966"}],"curies":[{"name":"wp","href":"https:\/\/api.w.org\/{rel}","templated":true}]}}