{"id":12076,"date":"2020-05-11T15:11:21","date_gmt":"2020-05-11T19:11:21","guid":{"rendered":"https:\/\/www.perce-verre.com\/produit\/black-and-blue-leather-bracelet-for-men-189-4\/"},"modified":"2020-05-11T15:11:21","modified_gmt":"2020-05-11T19:11:21","slug":"black-and-blue-leather-bracelet-for-men-189-4","status":"publish","type":"product","link":"https:\/\/www.perce-verre.com\/en\/product\/black-and-blue-leather-bracelet-for-men-189-4\/","title":{"rendered":"Black and blue leather bracelet for men 189-4"},"content":{"rendered":"<p>This black and blue leather bracelet for men inspires confidence and robustness. Each piece of fused glass jewelry is hand-worked, then inserted into a sturdy leather strap that stands up to the day&#8217;s activities.<\/p>\n<p>Gentlemen, dare to be casual with bracelets from our men&#8217;s collection. They go perfectly with any outfit and add just the right amount of eye-catching sophistication.<\/p>\n<h3>Why choose a black and blue leather bracelet for men from Perc\u00e9-Verre?<\/h3>\n<ul>\n<li>Unique pieces to suit all tastes and styles<\/li>\n<li>Perfect accessories from morning to night: bracelets can be worn with both chic and casual outfits.<\/li>\n<li>Easy to put on and take off thanks to magnetic stainless steel fasteners, backed up by a secure slide system<\/li>\n<li>Comes in a free box ready to give (or to treat yourself!)<\/li>\n<li>Made of noble, durable materials<\/li>\n<\/ul>\n<p>*As each black and blue leather bracelet for men is unique and handmade, the color of the glass jewel may vary slightly from that shown in the photo.<\/p>\n<p><img decoding=\"async\" class=\"\" src=\"https:\/\/www.perce-verre.com\/wp-content\/uploads\/2020\/05\/tableau-r%C3%A9f%C3%A9rence-charte-grandeur-bracelets-Homme-1-1024x559.jpg\" width=\"960\" height=\"524\"><\/p>\n<p><strong>About Perc\u00e9-Verre<\/strong><\/p>\n<p>Perc\u00e9-Verre is a Quebec-based company dedicated to creating fused glass jewelry, tableware and decorative paintings for individuals and businesses. Its mission is to inspire wonder through customizable objets d&#8217;art that will stand the test of time.<\/p>\n<p><strong>The fused glass technique<\/strong><\/p>\n<p>Glassmaking has its share of mystery. It&#8217;s during the assembly of the different layers that the shapes and colors reveal themselves! Fusion creates a jewel or object from scratch, without soldering, for a refined finish.<\/p>\n<p>Working with fused glass requires a great deal of skill, patience and time. But it&#8217;s all worth it when the magic of the glass is revealed at the very end!<\/p>\n","protected":false},"excerpt":{"rendered":"<p>This black and blue leather bracelet for men inspires confidence and robustness. Each piece of fused glass jewelry is hand-worked, then inserted into a sturdy leather strap that stands up to the day&#8217;s activities.<\/p>\n<p>Gentlemen, dare to be casual with bracelets from our men&#8217;s collection. They go perfectly with any outfit and add just the right amount of eye-catching sophistication.<\/p>\n","protected":false},"featured_media":9452,"comment_status":"open","ping_status":"closed","template":"","meta":[],"product_brand":[],"product_cat":[580],"product_tag":[579,570,572,582,615],"giftcard-category":[],"class_list":{"0":"post-12076","1":"product","2":"type-product","3":"status-publish","4":"has-post-thumbnail","6":"product_cat-men-collection-bracelets-en","7":"product_tag-black","8":"product_tag-bracelet-en","9":"product_tag-leather","10":"product_tag-man","11":"product_tag-orange-en","12":"wcpa_has_options","14":"first","15":"instock","16":"sold-individually","17":"taxable","18":"shipping-taxable","19":"purchasable","20":"product-type-variable"},"yoast_head":"<!-- This site is optimized with the Yoast SEO plugin v27.4 - https:\/\/yoast.com\/product\/yoast-seo-wordpress\/ -->\n<title>Black and blue leather bracelet for men 189-4 - Perc\u00e9-Verre<\/title>\n<meta name=\"description\" content=\"This black and blue leather bracelet for men inspires confidence and robustness. Gentlemen, dare to be casual! Fast delivery!\" \/>\n<meta name=\"robots\" content=\"index, follow, max-snippet:-1, max-image-preview:large, max-video-preview:-1\" \/>\n<link rel=\"canonical\" href=\"https:\/\/www.perce-verre.com\/en\/product\/black-and-blue-leather-bracelet-for-men-189-4\/\" \/>\n<meta property=\"og:locale\" content=\"en_US\" \/>\n<meta property=\"og:type\" content=\"article\" \/>\n<meta property=\"og:title\" content=\"Black and blue leather bracelet for men 189-4 - Perc\u00e9-Verre\" \/>\n<meta property=\"og:description\" content=\"This black and blue leather bracelet for men inspires confidence and robustness. Gentlemen, dare to be casual! Fast delivery!\" \/>\n<meta property=\"og:url\" content=\"https:\/\/www.perce-verre.com\/en\/product\/black-and-blue-leather-bracelet-for-men-189-4\/\" \/>\n<meta property=\"og:site_name\" content=\"Perc\u00e9-Verre\" \/>\n<meta property=\"og:image\" content=\"https:\/\/www.perce-verre.com\/wp-content\/uploads\/2020\/03\/Bracelet-Collection-Homme-Bracelet-jewel-jewelry-fashion-cuir-verre-fusion-perce-verre-fusionne-cadeaux-corporatifs-bijoux-St-Valentin-BLEU-189-4.jpg\" \/>\n\t<meta property=\"og:image:width\" content=\"900\" \/>\n\t<meta property=\"og:image:height\" content=\"630\" \/>\n\t<meta property=\"og:image:type\" content=\"image\/jpeg\" \/>\n<meta name=\"twitter:card\" content=\"summary_large_image\" \/>\n<meta name=\"twitter:label1\" content=\"Est. reading time\" \/>\n\t<meta name=\"twitter:data1\" content=\"1 minute\" \/>\n<script type=\"application\/ld+json\" class=\"yoast-schema-graph\">{\"@context\":\"https:\\\/\\\/schema.org\",\"@graph\":[{\"@type\":\"WebPage\",\"@id\":\"https:\\\/\\\/www.perce-verre.com\\\/en\\\/product\\\/black-and-blue-leather-bracelet-for-men-189-4\\\/\",\"url\":\"https:\\\/\\\/www.perce-verre.com\\\/en\\\/product\\\/black-and-blue-leather-bracelet-for-men-189-4\\\/\",\"name\":\"Black and blue leather bracelet for men 189-4 - Perc\u00e9-Verre\",\"isPartOf\":{\"@id\":\"https:\\\/\\\/www.perce-verre.com\\\/en\\\/#website\"},\"primaryImageOfPage\":{\"@id\":\"https:\\\/\\\/www.perce-verre.com\\\/en\\\/product\\\/black-and-blue-leather-bracelet-for-men-189-4\\\/#primaryimage\"},\"image\":{\"@id\":\"https:\\\/\\\/www.perce-verre.com\\\/en\\\/product\\\/black-and-blue-leather-bracelet-for-men-189-4\\\/#primaryimage\"},\"thumbnailUrl\":\"https:\\\/\\\/www.perce-verre.com\\\/wp-content\\\/uploads\\\/2020\\\/03\\\/Bracelet-Collection-Homme-Bracelet-jewel-jewelry-fashion-cuir-verre-fusion-perce-verre-fusionne-cadeaux-corporatifs-bijoux-St-Valentin-BLEU-189-4.jpg\",\"datePublished\":\"2020-05-11T19:11:21+00:00\",\"description\":\"This black and blue leather bracelet for men inspires confidence and robustness. Gentlemen, dare to be casual! Fast delivery!\",\"breadcrumb\":{\"@id\":\"https:\\\/\\\/www.perce-verre.com\\\/en\\\/product\\\/black-and-blue-leather-bracelet-for-men-189-4\\\/#breadcrumb\"},\"inLanguage\":\"en-US\",\"potentialAction\":[{\"@type\":\"ReadAction\",\"target\":[\"https:\\\/\\\/www.perce-verre.com\\\/en\\\/product\\\/black-and-blue-leather-bracelet-for-men-189-4\\\/\"]}]},{\"@type\":\"ImageObject\",\"inLanguage\":\"en-US\",\"@id\":\"https:\\\/\\\/www.perce-verre.com\\\/en\\\/product\\\/black-and-blue-leather-bracelet-for-men-189-4\\\/#primaryimage\",\"url\":\"https:\\\/\\\/www.perce-verre.com\\\/wp-content\\\/uploads\\\/2020\\\/03\\\/Bracelet-Collection-Homme-Bracelet-jewel-jewelry-fashion-cuir-verre-fusion-perce-verre-fusionne-cadeaux-corporatifs-bijoux-St-Valentin-BLEU-189-4.jpg\",\"contentUrl\":\"https:\\\/\\\/www.perce-verre.com\\\/wp-content\\\/uploads\\\/2020\\\/03\\\/Bracelet-Collection-Homme-Bracelet-jewel-jewelry-fashion-cuir-verre-fusion-perce-verre-fusionne-cadeaux-corporatifs-bijoux-St-Valentin-BLEU-189-4.jpg\",\"width\":900,\"height\":630,\"caption\":\"black and blue leather bracelet for men 189-4\"},{\"@type\":\"BreadcrumbList\",\"@id\":\"https:\\\/\\\/www.perce-verre.com\\\/en\\\/product\\\/black-and-blue-leather-bracelet-for-men-189-4\\\/#breadcrumb\",\"itemListElement\":[{\"@type\":\"ListItem\",\"position\":1,\"name\":\"Accueil\",\"item\":\"https:\\\/\\\/www.perce-verre.com\\\/en\\\/\"},{\"@type\":\"ListItem\",\"position\":2,\"name\":\"Store\",\"item\":\"https:\\\/\\\/www.perce-verre.com\\\/en\\\/shop\\\/\"},{\"@type\":\"ListItem\",\"position\":3,\"name\":\"Black and blue leather bracelet for men 189-4\"}]},{\"@type\":\"WebSite\",\"@id\":\"https:\\\/\\\/www.perce-verre.com\\\/en\\\/#website\",\"url\":\"https:\\\/\\\/www.perce-verre.com\\\/en\\\/\",\"name\":\"Perc\u00e9-Verre\",\"description\":\"Cadeaux uniques et des cr\u00e9ations qu\u00e9b\u00e9coises\",\"potentialAction\":[{\"@type\":\"SearchAction\",\"target\":{\"@type\":\"EntryPoint\",\"urlTemplate\":\"https:\\\/\\\/www.perce-verre.com\\\/en\\\/?s={search_term_string}\"},\"query-input\":{\"@type\":\"PropertyValueSpecification\",\"valueRequired\":true,\"valueName\":\"search_term_string\"}}],\"inLanguage\":\"en-US\"}]}<\/script>\n<!-- \/ Yoast SEO plugin. -->","yoast_head_json":{"title":"Black and blue leather bracelet for men 189-4 - Perc\u00e9-Verre","description":"This black and blue leather bracelet for men inspires confidence and robustness. Gentlemen, dare to be casual! Fast delivery!","robots":{"index":"index","follow":"follow","max-snippet":"max-snippet:-1","max-image-preview":"max-image-preview:large","max-video-preview":"max-video-preview:-1"},"canonical":"https:\/\/www.perce-verre.com\/en\/product\/black-and-blue-leather-bracelet-for-men-189-4\/","og_locale":"en_US","og_type":"article","og_title":"Black and blue leather bracelet for men 189-4 - Perc\u00e9-Verre","og_description":"This black and blue leather bracelet for men inspires confidence and robustness. Gentlemen, dare to be casual! Fast delivery!","og_url":"https:\/\/www.perce-verre.com\/en\/product\/black-and-blue-leather-bracelet-for-men-189-4\/","og_site_name":"Perc\u00e9-Verre","og_image":[{"width":900,"height":630,"url":"https:\/\/www.perce-verre.com\/wp-content\/uploads\/2020\/03\/Bracelet-Collection-Homme-Bracelet-jewel-jewelry-fashion-cuir-verre-fusion-perce-verre-fusionne-cadeaux-corporatifs-bijoux-St-Valentin-BLEU-189-4.jpg","type":"image\/jpeg"}],"twitter_card":"summary_large_image","twitter_misc":{"Est. reading time":"1 minute"},"schema":{"@context":"https:\/\/schema.org","@graph":[{"@type":"WebPage","@id":"https:\/\/www.perce-verre.com\/en\/product\/black-and-blue-leather-bracelet-for-men-189-4\/","url":"https:\/\/www.perce-verre.com\/en\/product\/black-and-blue-leather-bracelet-for-men-189-4\/","name":"Black and blue leather bracelet for men 189-4 - Perc\u00e9-Verre","isPartOf":{"@id":"https:\/\/www.perce-verre.com\/en\/#website"},"primaryImageOfPage":{"@id":"https:\/\/www.perce-verre.com\/en\/product\/black-and-blue-leather-bracelet-for-men-189-4\/#primaryimage"},"image":{"@id":"https:\/\/www.perce-verre.com\/en\/product\/black-and-blue-leather-bracelet-for-men-189-4\/#primaryimage"},"thumbnailUrl":"https:\/\/www.perce-verre.com\/wp-content\/uploads\/2020\/03\/Bracelet-Collection-Homme-Bracelet-jewel-jewelry-fashion-cuir-verre-fusion-perce-verre-fusionne-cadeaux-corporatifs-bijoux-St-Valentin-BLEU-189-4.jpg","datePublished":"2020-05-11T19:11:21+00:00","description":"This black and blue leather bracelet for men inspires confidence and robustness. Gentlemen, dare to be casual! Fast delivery!","breadcrumb":{"@id":"https:\/\/www.perce-verre.com\/en\/product\/black-and-blue-leather-bracelet-for-men-189-4\/#breadcrumb"},"inLanguage":"en-US","potentialAction":[{"@type":"ReadAction","target":["https:\/\/www.perce-verre.com\/en\/product\/black-and-blue-leather-bracelet-for-men-189-4\/"]}]},{"@type":"ImageObject","inLanguage":"en-US","@id":"https:\/\/www.perce-verre.com\/en\/product\/black-and-blue-leather-bracelet-for-men-189-4\/#primaryimage","url":"https:\/\/www.perce-verre.com\/wp-content\/uploads\/2020\/03\/Bracelet-Collection-Homme-Bracelet-jewel-jewelry-fashion-cuir-verre-fusion-perce-verre-fusionne-cadeaux-corporatifs-bijoux-St-Valentin-BLEU-189-4.jpg","contentUrl":"https:\/\/www.perce-verre.com\/wp-content\/uploads\/2020\/03\/Bracelet-Collection-Homme-Bracelet-jewel-jewelry-fashion-cuir-verre-fusion-perce-verre-fusionne-cadeaux-corporatifs-bijoux-St-Valentin-BLEU-189-4.jpg","width":900,"height":630,"caption":"black and blue leather bracelet for men 189-4"},{"@type":"BreadcrumbList","@id":"https:\/\/www.perce-verre.com\/en\/product\/black-and-blue-leather-bracelet-for-men-189-4\/#breadcrumb","itemListElement":[{"@type":"ListItem","position":1,"name":"Accueil","item":"https:\/\/www.perce-verre.com\/en\/"},{"@type":"ListItem","position":2,"name":"Store","item":"https:\/\/www.perce-verre.com\/en\/shop\/"},{"@type":"ListItem","position":3,"name":"Black and blue leather bracelet for men 189-4"}]},{"@type":"WebSite","@id":"https:\/\/www.perce-verre.com\/en\/#website","url":"https:\/\/www.perce-verre.com\/en\/","name":"Perc\u00e9-Verre","description":"Cadeaux uniques et des cr\u00e9ations qu\u00e9b\u00e9coises","potentialAction":[{"@type":"SearchAction","target":{"@type":"EntryPoint","urlTemplate":"https:\/\/www.perce-verre.com\/en\/?s={search_term_string}"},"query-input":{"@type":"PropertyValueSpecification","valueRequired":true,"valueName":"search_term_string"}}],"inLanguage":"en-US"}]}},"wcpa_form_fields":null,"_links":{"self":[{"href":"https:\/\/www.perce-verre.com\/en\/wp-json\/wp\/v2\/product\/12076","targetHints":{"allow":["GET"]}}],"collection":[{"href":"https:\/\/www.perce-verre.com\/en\/wp-json\/wp\/v2\/product"}],"about":[{"href":"https:\/\/www.perce-verre.com\/en\/wp-json\/wp\/v2\/types\/product"}],"replies":[{"embeddable":true,"href":"https:\/\/www.perce-verre.com\/en\/wp-json\/wp\/v2\/comments?post=12076"}],"wp:featuredmedia":[{"embeddable":true,"href":"https:\/\/www.perce-verre.com\/en\/wp-json\/wp\/v2\/media\/9452"}],"wp:attachment":[{"href":"https:\/\/www.perce-verre.com\/en\/wp-json\/wp\/v2\/media?parent=12076"}],"wp:term":[{"taxonomy":"product_brand","embeddable":true,"href":"https:\/\/www.perce-verre.com\/en\/wp-json\/wp\/v2\/product_brand?post=12076"},{"taxonomy":"product_cat","embeddable":true,"href":"https:\/\/www.perce-verre.com\/en\/wp-json\/wp\/v2\/product_cat?post=12076"},{"taxonomy":"product_tag","embeddable":true,"href":"https:\/\/www.perce-verre.com\/en\/wp-json\/wp\/v2\/product_tag?post=12076"},{"taxonomy":"giftcard-category","embeddable":true,"href":"https:\/\/www.perce-verre.com\/en\/wp-json\/wp\/v2\/giftcard-category?post=12076"}],"curies":[{"name":"wp","href":"https:\/\/api.w.org\/{rel}","templated":true}]}}