{"id":12305,"date":"2020-05-09T12:13:49","date_gmt":"2020-05-09T16:13:49","guid":{"rendered":"https:\/\/www.perce-verre.com\/produit\/blue-jeans-bracelet-with-rainbow-jewel-203\/"},"modified":"2024-03-16T07:21:06","modified_gmt":"2024-03-16T11:21:06","slug":"blue-jeans-bracelet-with-rainbow-jewel-203","status":"publish","type":"product","link":"https:\/\/www.perce-verre.com\/en\/product\/blue-jeans-bracelet-with-rainbow-jewel-203\/","title":{"rendered":"Blue jeans bracelet with rainbow jewel #203"},"content":{"rendered":"<p>Blue jeans bracelet with rainbow jewel in handmade fused glass. Add chic and boldness to your outfit with this unique piece that reflects your personality! Wear them all day long to add color to your outfit&#8230; and turn heads!<\/p>\n<p>Each bracelet tells its own story: it&#8217;s created with carefully selected pieces of glass, cut, arranged and slowly fired with love. The glass insert is then mounted on a leather strap in a variety of patterns. For even more elegance, choose one of our models with a stainless steel chain.<\/p>\n<h3><strong>Why choose a blue jeans bracelet with rainbow jewels?<\/strong><\/h3>\n<ul>\n<li>Unique pieces to suit all tastes and styles<\/li>\n<li>Perfect accessories from morning to night: bracelets can be worn with both chic and casual outfits.<\/li>\n<li>Easy to put on and take off thanks to magnetic stainless steel fasteners, backed up by a secure slide system<\/li>\n<li>Comes in a free box ready to give (or to treat yourself!)<\/li>\n<li>Made of noble, durable materials<\/li>\n<\/ul>\n<p><img decoding=\"async\" class=\"\" src=\"https:\/\/www.perce-verre.com\/wp-content\/uploads\/2020\/05\/tableau-r%C3%A9f%C3%A9rence-charte-grandeur-bracelets-Super-fashion-scaled.jpg\" width=\"923\" height=\"503\"><\/p>\n<p><strong>About Perc\u00e9-Verre<\/strong><\/p>\n<p>Perc\u00e9-Verre is a Quebec-based company dedicated to creating fused glass jewelry, tableware and decorative paintings for individuals and businesses. Its mission is to inspire wonder through customizable objets d&#8217;art that will stand the test of time.<\/p>\n<p><strong>The fused glass technique<\/strong><\/p>\n<p>Glassmaking has its share of mystery. It&#8217;s during the assembly of the different layers that the shapes and colors reveal themselves! Fusion creates a jewel or object from scratch, without soldering, for a refined finish.<\/p>\n<p>Working with fused glass requires a great deal of skill, patience and time. But it&#8217;s all worth it when the magic of the glass is revealed at the very end!<\/p>\n","protected":false},"excerpt":{"rendered":"<p>Blue jeans bracelet with rainbow jewel in handmade fused glass. Add chic and boldness to your outfit with this unique piece that reflects your personality!<\/p>\n<p>Wear them all day long to add color to your outfit&#8230; and turn heads!<\/p>\n","protected":false},"featured_media":9538,"comment_status":"open","ping_status":"closed","template":"","meta":[],"product_brand":[],"product_cat":[619,642],"product_tag":[793,781,622,570,572,618],"giftcard-category":[],"class_list":{"0":"post-12305","1":"product","2":"type-product","3":"status-publish","4":"has-post-thumbnail","6":"product_cat-arc-en-ciel-collection-jewelry-set","7":"product_cat-super-fashion-collection","8":"product_tag-203-en","9":"product_tag-cavabienaller-en","10":"product_tag-blue-jeans","11":"product_tag-bracelet-en","12":"product_tag-leather","13":"product_tag-rainbow","14":"wcpa_has_options","16":"first","17":"instock","18":"taxable","19":"shipping-taxable","20":"purchasable","21":"product-type-variable"},"yoast_head":"<!-- This site is optimized with the Yoast SEO plugin v27.4 - https:\/\/yoast.com\/product\/yoast-seo-wordpress\/ -->\n<title>Blue jeans bracelet with rainbow jewel #203 - Perc\u00e9-Verre<\/title>\n<meta name=\"description\" content=\"Add a touch of chic and boldness to your outfit with a blue jeans bracelet with rainbow jewels, to match your personality! Fast delivery\" \/>\n<meta name=\"robots\" content=\"index, follow, max-snippet:-1, max-image-preview:large, max-video-preview:-1\" \/>\n<link rel=\"canonical\" href=\"https:\/\/www.perce-verre.com\/en\/product\/blue-jeans-bracelet-with-rainbow-jewel-203\/\" \/>\n<meta property=\"og:locale\" content=\"en_US\" \/>\n<meta property=\"og:type\" content=\"article\" \/>\n<meta property=\"og:title\" content=\"Blue jeans bracelet with rainbow jewel #203 - Perc\u00e9-Verre\" \/>\n<meta property=\"og:description\" content=\"Add a touch of chic and boldness to your outfit with a blue jeans bracelet with rainbow jewels, to match your personality! Fast delivery\" \/>\n<meta property=\"og:url\" content=\"https:\/\/www.perce-verre.com\/en\/product\/blue-jeans-bracelet-with-rainbow-jewel-203\/\" \/>\n<meta property=\"og:site_name\" content=\"Perc\u00e9-Verre\" \/>\n<meta property=\"article:modified_time\" content=\"2024-03-16T11:21:06+00:00\" \/>\n<meta property=\"og:image\" content=\"https:\/\/www.perce-verre.com\/wp-content\/uploads\/2020\/05\/Arc-en-ciel-cavabienaller-bijoux-bracelet-perc\u00e9-verre-verre-fusion-cadeau-bleu-jeans.jpg\" \/>\n\t<meta property=\"og:image:width\" content=\"2000\" \/>\n\t<meta property=\"og:image:height\" content=\"1400\" \/>\n\t<meta property=\"og:image:type\" content=\"image\/jpeg\" \/>\n<meta name=\"twitter:card\" content=\"summary_large_image\" \/>\n<meta name=\"twitter:label1\" content=\"Est. reading time\" \/>\n\t<meta name=\"twitter:data1\" content=\"1 minute\" \/>\n<script type=\"application\/ld+json\" class=\"yoast-schema-graph\">{\"@context\":\"https:\\\/\\\/schema.org\",\"@graph\":[{\"@type\":\"WebPage\",\"@id\":\"https:\\\/\\\/www.perce-verre.com\\\/en\\\/product\\\/blue-jeans-bracelet-with-rainbow-jewel-203\\\/\",\"url\":\"https:\\\/\\\/www.perce-verre.com\\\/en\\\/product\\\/blue-jeans-bracelet-with-rainbow-jewel-203\\\/\",\"name\":\"Blue jeans bracelet with rainbow jewel #203 - Perc\u00e9-Verre\",\"isPartOf\":{\"@id\":\"https:\\\/\\\/www.perce-verre.com\\\/en\\\/#website\"},\"primaryImageOfPage\":{\"@id\":\"https:\\\/\\\/www.perce-verre.com\\\/en\\\/product\\\/blue-jeans-bracelet-with-rainbow-jewel-203\\\/#primaryimage\"},\"image\":{\"@id\":\"https:\\\/\\\/www.perce-verre.com\\\/en\\\/product\\\/blue-jeans-bracelet-with-rainbow-jewel-203\\\/#primaryimage\"},\"thumbnailUrl\":\"https:\\\/\\\/www.perce-verre.com\\\/wp-content\\\/uploads\\\/2020\\\/05\\\/Arc-en-ciel-cavabienaller-bijoux-bracelet-perc\u00e9-verre-verre-fusion-cadeau-bleu-jeans.jpg\",\"datePublished\":\"2020-05-09T16:13:49+00:00\",\"dateModified\":\"2024-03-16T11:21:06+00:00\",\"description\":\"Add a touch of chic and boldness to your outfit with a blue jeans bracelet with rainbow jewels, to match your personality! Fast delivery\",\"breadcrumb\":{\"@id\":\"https:\\\/\\\/www.perce-verre.com\\\/en\\\/product\\\/blue-jeans-bracelet-with-rainbow-jewel-203\\\/#breadcrumb\"},\"inLanguage\":\"en-US\",\"potentialAction\":[{\"@type\":\"ReadAction\",\"target\":[\"https:\\\/\\\/www.perce-verre.com\\\/en\\\/product\\\/blue-jeans-bracelet-with-rainbow-jewel-203\\\/\"]}]},{\"@type\":\"ImageObject\",\"inLanguage\":\"en-US\",\"@id\":\"https:\\\/\\\/www.perce-verre.com\\\/en\\\/product\\\/blue-jeans-bracelet-with-rainbow-jewel-203\\\/#primaryimage\",\"url\":\"https:\\\/\\\/www.perce-verre.com\\\/wp-content\\\/uploads\\\/2020\\\/05\\\/Arc-en-ciel-cavabienaller-bijoux-bracelet-perc\u00e9-verre-verre-fusion-cadeau-bleu-jeans.jpg\",\"contentUrl\":\"https:\\\/\\\/www.perce-verre.com\\\/wp-content\\\/uploads\\\/2020\\\/05\\\/Arc-en-ciel-cavabienaller-bijoux-bracelet-perc\u00e9-verre-verre-fusion-cadeau-bleu-jeans.jpg\",\"width\":2000,\"height\":1400,\"caption\":\"SONY DSC\"},{\"@type\":\"BreadcrumbList\",\"@id\":\"https:\\\/\\\/www.perce-verre.com\\\/en\\\/product\\\/blue-jeans-bracelet-with-rainbow-jewel-203\\\/#breadcrumb\",\"itemListElement\":[{\"@type\":\"ListItem\",\"position\":1,\"name\":\"Accueil\",\"item\":\"https:\\\/\\\/www.perce-verre.com\\\/en\\\/\"},{\"@type\":\"ListItem\",\"position\":2,\"name\":\"Store\",\"item\":\"https:\\\/\\\/www.perce-verre.com\\\/en\\\/shop\\\/\"},{\"@type\":\"ListItem\",\"position\":3,\"name\":\"Blue jeans bracelet with rainbow jewel #203\"}]},{\"@type\":\"WebSite\",\"@id\":\"https:\\\/\\\/www.perce-verre.com\\\/en\\\/#website\",\"url\":\"https:\\\/\\\/www.perce-verre.com\\\/en\\\/\",\"name\":\"Perc\u00e9-Verre\",\"description\":\"Cadeaux uniques et des cr\u00e9ations qu\u00e9b\u00e9coises\",\"potentialAction\":[{\"@type\":\"SearchAction\",\"target\":{\"@type\":\"EntryPoint\",\"urlTemplate\":\"https:\\\/\\\/www.perce-verre.com\\\/en\\\/?s={search_term_string}\"},\"query-input\":{\"@type\":\"PropertyValueSpecification\",\"valueRequired\":true,\"valueName\":\"search_term_string\"}}],\"inLanguage\":\"en-US\"}]}<\/script>\n<!-- \/ Yoast SEO plugin. -->","yoast_head_json":{"title":"Blue jeans bracelet with rainbow jewel #203 - Perc\u00e9-Verre","description":"Add a touch of chic and boldness to your outfit with a blue jeans bracelet with rainbow jewels, to match your personality! Fast delivery","robots":{"index":"index","follow":"follow","max-snippet":"max-snippet:-1","max-image-preview":"max-image-preview:large","max-video-preview":"max-video-preview:-1"},"canonical":"https:\/\/www.perce-verre.com\/en\/product\/blue-jeans-bracelet-with-rainbow-jewel-203\/","og_locale":"en_US","og_type":"article","og_title":"Blue jeans bracelet with rainbow jewel #203 - Perc\u00e9-Verre","og_description":"Add a touch of chic and boldness to your outfit with a blue jeans bracelet with rainbow jewels, to match your personality! Fast delivery","og_url":"https:\/\/www.perce-verre.com\/en\/product\/blue-jeans-bracelet-with-rainbow-jewel-203\/","og_site_name":"Perc\u00e9-Verre","article_modified_time":"2024-03-16T11:21:06+00:00","og_image":[{"width":2000,"height":1400,"url":"https:\/\/www.perce-verre.com\/wp-content\/uploads\/2020\/05\/Arc-en-ciel-cavabienaller-bijoux-bracelet-perc\u00e9-verre-verre-fusion-cadeau-bleu-jeans.jpg","type":"image\/jpeg"}],"twitter_card":"summary_large_image","twitter_misc":{"Est. reading time":"1 minute"},"schema":{"@context":"https:\/\/schema.org","@graph":[{"@type":"WebPage","@id":"https:\/\/www.perce-verre.com\/en\/product\/blue-jeans-bracelet-with-rainbow-jewel-203\/","url":"https:\/\/www.perce-verre.com\/en\/product\/blue-jeans-bracelet-with-rainbow-jewel-203\/","name":"Blue jeans bracelet with rainbow jewel #203 - Perc\u00e9-Verre","isPartOf":{"@id":"https:\/\/www.perce-verre.com\/en\/#website"},"primaryImageOfPage":{"@id":"https:\/\/www.perce-verre.com\/en\/product\/blue-jeans-bracelet-with-rainbow-jewel-203\/#primaryimage"},"image":{"@id":"https:\/\/www.perce-verre.com\/en\/product\/blue-jeans-bracelet-with-rainbow-jewel-203\/#primaryimage"},"thumbnailUrl":"https:\/\/www.perce-verre.com\/wp-content\/uploads\/2020\/05\/Arc-en-ciel-cavabienaller-bijoux-bracelet-perc\u00e9-verre-verre-fusion-cadeau-bleu-jeans.jpg","datePublished":"2020-05-09T16:13:49+00:00","dateModified":"2024-03-16T11:21:06+00:00","description":"Add a touch of chic and boldness to your outfit with a blue jeans bracelet with rainbow jewels, to match your personality! Fast delivery","breadcrumb":{"@id":"https:\/\/www.perce-verre.com\/en\/product\/blue-jeans-bracelet-with-rainbow-jewel-203\/#breadcrumb"},"inLanguage":"en-US","potentialAction":[{"@type":"ReadAction","target":["https:\/\/www.perce-verre.com\/en\/product\/blue-jeans-bracelet-with-rainbow-jewel-203\/"]}]},{"@type":"ImageObject","inLanguage":"en-US","@id":"https:\/\/www.perce-verre.com\/en\/product\/blue-jeans-bracelet-with-rainbow-jewel-203\/#primaryimage","url":"https:\/\/www.perce-verre.com\/wp-content\/uploads\/2020\/05\/Arc-en-ciel-cavabienaller-bijoux-bracelet-perc\u00e9-verre-verre-fusion-cadeau-bleu-jeans.jpg","contentUrl":"https:\/\/www.perce-verre.com\/wp-content\/uploads\/2020\/05\/Arc-en-ciel-cavabienaller-bijoux-bracelet-perc\u00e9-verre-verre-fusion-cadeau-bleu-jeans.jpg","width":2000,"height":1400,"caption":"SONY DSC"},{"@type":"BreadcrumbList","@id":"https:\/\/www.perce-verre.com\/en\/product\/blue-jeans-bracelet-with-rainbow-jewel-203\/#breadcrumb","itemListElement":[{"@type":"ListItem","position":1,"name":"Accueil","item":"https:\/\/www.perce-verre.com\/en\/"},{"@type":"ListItem","position":2,"name":"Store","item":"https:\/\/www.perce-verre.com\/en\/shop\/"},{"@type":"ListItem","position":3,"name":"Blue jeans bracelet with rainbow jewel #203"}]},{"@type":"WebSite","@id":"https:\/\/www.perce-verre.com\/en\/#website","url":"https:\/\/www.perce-verre.com\/en\/","name":"Perc\u00e9-Verre","description":"Cadeaux uniques et des cr\u00e9ations qu\u00e9b\u00e9coises","potentialAction":[{"@type":"SearchAction","target":{"@type":"EntryPoint","urlTemplate":"https:\/\/www.perce-verre.com\/en\/?s={search_term_string}"},"query-input":{"@type":"PropertyValueSpecification","valueRequired":true,"valueName":"search_term_string"}}],"inLanguage":"en-US"}]}},"wcpa_form_fields":null,"_links":{"self":[{"href":"https:\/\/www.perce-verre.com\/en\/wp-json\/wp\/v2\/product\/12305","targetHints":{"allow":["GET"]}}],"collection":[{"href":"https:\/\/www.perce-verre.com\/en\/wp-json\/wp\/v2\/product"}],"about":[{"href":"https:\/\/www.perce-verre.com\/en\/wp-json\/wp\/v2\/types\/product"}],"replies":[{"embeddable":true,"href":"https:\/\/www.perce-verre.com\/en\/wp-json\/wp\/v2\/comments?post=12305"}],"wp:featuredmedia":[{"embeddable":true,"href":"https:\/\/www.perce-verre.com\/en\/wp-json\/wp\/v2\/media\/9538"}],"wp:attachment":[{"href":"https:\/\/www.perce-verre.com\/en\/wp-json\/wp\/v2\/media?parent=12305"}],"wp:term":[{"taxonomy":"product_brand","embeddable":true,"href":"https:\/\/www.perce-verre.com\/en\/wp-json\/wp\/v2\/product_brand?post=12305"},{"taxonomy":"product_cat","embeddable":true,"href":"https:\/\/www.perce-verre.com\/en\/wp-json\/wp\/v2\/product_cat?post=12305"},{"taxonomy":"product_tag","embeddable":true,"href":"https:\/\/www.perce-verre.com\/en\/wp-json\/wp\/v2\/product_tag?post=12305"},{"taxonomy":"giftcard-category","embeddable":true,"href":"https:\/\/www.perce-verre.com\/en\/wp-json\/wp\/v2\/giftcard-category?post=12305"}],"curies":[{"name":"wp","href":"https:\/\/api.w.org\/{rel}","templated":true}]}}