{"id":12599,"date":"2023-10-19T11:24:30","date_gmt":"2023-10-19T15:24:30","guid":{"rendered":"https:\/\/www.perce-verre.com\/produit\/glittering-black-anklet\/"},"modified":"2024-04-10T13:30:27","modified_gmt":"2024-04-10T17:30:27","slug":"glittering-black-anklet","status":"publish","type":"product","link":"https:\/\/www.perce-verre.com\/en\/product\/glittering-black-anklet\/","title":{"rendered":"Glittering black anklet"},"content":{"rendered":"<p>Discover our glittering handmade black anklet. A truly dazzling piece that marries the art of fused glass, the comfort of vegan leather and the strength of stainless steel. Each glass bead is a hand-cut work of art, creating sparkling reflections and brilliant colors. Vegan leather, both soft to the touch and environmentally friendly, adds a touch of sophistication to this accessory that won&#8217;t go unnoticed.<\/p>\n<p>The stainless steel used for the metal components guarantees the durability of this bracelet, while preserving its original lustre. This jewel is designed to shine and catch the eye.<\/p>\n<p>The magnetic fastener with its slide system offers ease of use and optimum safety. You can attach and remove it with ease, without ever worrying about losing it.<\/p>\n<p>This shimmering black anklet is more than just an accessory, it&#8217;s a bold style statement, perfect for those chic outings when you want to stand out from the crowd. Whether for a sunny day at the beach or an elegant evening out on the town, this jewelry is designed to shine and attract attention, while remaining secure and comfortable.<\/p>\n<h3>Why choose a sparkling black anklet from Perc\u00e9-Verre?<\/h3>\n<ul>\n<li>The perfect accessory for a chic evening out!<\/li>\n<li>Easy to put on and take off thanks to magnetic stainless steel fasteners, backed up by a secure slide system<\/li>\n<li>Made of noble, durable materials<\/li>\n<\/ul>\n<p>Note: For a perfect fit, choose an anklet length that is approximately 1.3 cm (or 1\/2 inch) longer than the exact circumference of your ankle. This will ensure a comfortable and secure fit.<\/p>\n<p>&nbsp;<\/p>\n","protected":false},"excerpt":{"rendered":"<p>Discover our shimmering black anklet, a piece of jewelry fusing the art of fused glass, vegan leather and stainless steel. It shines brightly and is ideal for chic outings, with a secure magnetic fastening. A bold accessory that won&#8217;t go unnoticed.<\/p>\n<p>&nbsp;<\/p>\n<p>Note: For a perfect fit, choose an anklet length that is approximately 1.3 cm (or 1\/2 inch) longer than the exact circumference of your ankle. This will ensure a comfortable and secure fit.<\/p>\n","protected":false},"featured_media":10580,"comment_status":"open","ping_status":"closed","template":"","meta":[],"product_brand":[],"product_cat":[567,566],"product_tag":[571,570,572],"giftcard-category":[],"class_list":{"0":"post-12599","1":"product","2":"type-product","3":"status-publish","4":"has-post-thumbnail","6":"product_cat-anklets","7":"product_cat-handmade-leather-glass-bracelets","8":"product_tag-ankle","9":"product_tag-bracelet-en","10":"product_tag-leather","11":"wcpa_has_options","13":"first","14":"instock","15":"taxable","16":"shipping-taxable","17":"purchasable","18":"product-type-variable"},"yoast_head":"<!-- This site is optimized with the Yoast SEO plugin v27.4 - https:\/\/yoast.com\/product\/yoast-seo-wordpress\/ -->\n<title>Glittering black anklet<\/title>\n<meta name=\"description\" content=\"Discover our glittering black anklet, a bold accessory that won&#039;t go unnoticed! Fast delivery!\" \/>\n<meta name=\"robots\" content=\"index, follow, max-snippet:-1, max-image-preview:large, max-video-preview:-1\" \/>\n<link rel=\"canonical\" href=\"https:\/\/www.perce-verre.com\/en\/product\/glittering-black-anklet\/\" \/>\n<meta property=\"og:locale\" content=\"en_US\" \/>\n<meta property=\"og:type\" content=\"article\" \/>\n<meta property=\"og:title\" content=\"Glittering black anklet\" \/>\n<meta property=\"og:description\" content=\"Discover our glittering black anklet, a bold accessory that won&#039;t go unnoticed! Fast delivery!\" \/>\n<meta property=\"og:url\" content=\"https:\/\/www.perce-verre.com\/en\/product\/glittering-black-anklet\/\" \/>\n<meta property=\"og:site_name\" content=\"Perc\u00e9-Verre\" \/>\n<meta property=\"article:modified_time\" content=\"2024-04-10T17:30:27+00:00\" \/>\n<meta property=\"og:image\" content=\"https:\/\/www.perce-verre.com\/wp-content\/uploads\/2023\/10\/www.perce-verre.com-bracelet-cheville-perce-verre-cadeau-bijoux-femme--cuir--noir-scintillant-1.jpg\" \/>\n\t<meta property=\"og:image:width\" content=\"900\" \/>\n\t<meta property=\"og:image:height\" content=\"630\" \/>\n\t<meta property=\"og:image:type\" content=\"image\/jpeg\" \/>\n<meta name=\"twitter:card\" content=\"summary_large_image\" \/>\n<meta name=\"twitter:label1\" content=\"Est. reading time\" \/>\n\t<meta name=\"twitter:data1\" content=\"1 minute\" \/>\n<script type=\"application\/ld+json\" class=\"yoast-schema-graph\">{\"@context\":\"https:\\\/\\\/schema.org\",\"@graph\":[{\"@type\":\"WebPage\",\"@id\":\"https:\\\/\\\/www.perce-verre.com\\\/en\\\/product\\\/glittering-black-anklet\\\/\",\"url\":\"https:\\\/\\\/www.perce-verre.com\\\/en\\\/product\\\/glittering-black-anklet\\\/\",\"name\":\"Glittering black anklet\",\"isPartOf\":{\"@id\":\"https:\\\/\\\/www.perce-verre.com\\\/en\\\/#website\"},\"primaryImageOfPage\":{\"@id\":\"https:\\\/\\\/www.perce-verre.com\\\/en\\\/product\\\/glittering-black-anklet\\\/#primaryimage\"},\"image\":{\"@id\":\"https:\\\/\\\/www.perce-verre.com\\\/en\\\/product\\\/glittering-black-anklet\\\/#primaryimage\"},\"thumbnailUrl\":\"https:\\\/\\\/www.perce-verre.com\\\/wp-content\\\/uploads\\\/2023\\\/10\\\/www.perce-verre.com-bracelet-cheville-perce-verre-cadeau-bijoux-femme--cuir--noir-scintillant-1.jpg\",\"datePublished\":\"2023-10-19T15:24:30+00:00\",\"dateModified\":\"2024-04-10T17:30:27+00:00\",\"description\":\"Discover our glittering black anklet, a bold accessory that won't go unnoticed! Fast delivery!\",\"breadcrumb\":{\"@id\":\"https:\\\/\\\/www.perce-verre.com\\\/en\\\/product\\\/glittering-black-anklet\\\/#breadcrumb\"},\"inLanguage\":\"en-US\",\"potentialAction\":[{\"@type\":\"ReadAction\",\"target\":[\"https:\\\/\\\/www.perce-verre.com\\\/en\\\/product\\\/glittering-black-anklet\\\/\"]}]},{\"@type\":\"ImageObject\",\"inLanguage\":\"en-US\",\"@id\":\"https:\\\/\\\/www.perce-verre.com\\\/en\\\/product\\\/glittering-black-anklet\\\/#primaryimage\",\"url\":\"https:\\\/\\\/www.perce-verre.com\\\/wp-content\\\/uploads\\\/2023\\\/10\\\/www.perce-verre.com-bracelet-cheville-perce-verre-cadeau-bijoux-femme--cuir--noir-scintillant-1.jpg\",\"contentUrl\":\"https:\\\/\\\/www.perce-verre.com\\\/wp-content\\\/uploads\\\/2023\\\/10\\\/www.perce-verre.com-bracelet-cheville-perce-verre-cadeau-bijoux-femme--cuir--noir-scintillant-1.jpg\",\"width\":900,\"height\":630,\"caption\":\"Glittering black anklet\"},{\"@type\":\"BreadcrumbList\",\"@id\":\"https:\\\/\\\/www.perce-verre.com\\\/en\\\/product\\\/glittering-black-anklet\\\/#breadcrumb\",\"itemListElement\":[{\"@type\":\"ListItem\",\"position\":1,\"name\":\"Accueil\",\"item\":\"https:\\\/\\\/www.perce-verre.com\\\/en\\\/\"},{\"@type\":\"ListItem\",\"position\":2,\"name\":\"Store\",\"item\":\"https:\\\/\\\/www.perce-verre.com\\\/en\\\/shop\\\/\"},{\"@type\":\"ListItem\",\"position\":3,\"name\":\"Glittering black anklet\"}]},{\"@type\":\"WebSite\",\"@id\":\"https:\\\/\\\/www.perce-verre.com\\\/en\\\/#website\",\"url\":\"https:\\\/\\\/www.perce-verre.com\\\/en\\\/\",\"name\":\"Perc\u00e9-Verre\",\"description\":\"Cadeaux uniques et des cr\u00e9ations qu\u00e9b\u00e9coises\",\"potentialAction\":[{\"@type\":\"SearchAction\",\"target\":{\"@type\":\"EntryPoint\",\"urlTemplate\":\"https:\\\/\\\/www.perce-verre.com\\\/en\\\/?s={search_term_string}\"},\"query-input\":{\"@type\":\"PropertyValueSpecification\",\"valueRequired\":true,\"valueName\":\"search_term_string\"}}],\"inLanguage\":\"en-US\"}]}<\/script>\n<!-- \/ Yoast SEO plugin. -->","yoast_head_json":{"title":"Glittering black anklet","description":"Discover our glittering black anklet, a bold accessory that won't go unnoticed! Fast delivery!","robots":{"index":"index","follow":"follow","max-snippet":"max-snippet:-1","max-image-preview":"max-image-preview:large","max-video-preview":"max-video-preview:-1"},"canonical":"https:\/\/www.perce-verre.com\/en\/product\/glittering-black-anklet\/","og_locale":"en_US","og_type":"article","og_title":"Glittering black anklet","og_description":"Discover our glittering black anklet, a bold accessory that won't go unnoticed! Fast delivery!","og_url":"https:\/\/www.perce-verre.com\/en\/product\/glittering-black-anklet\/","og_site_name":"Perc\u00e9-Verre","article_modified_time":"2024-04-10T17:30:27+00:00","og_image":[{"width":900,"height":630,"url":"https:\/\/www.perce-verre.com\/wp-content\/uploads\/2023\/10\/www.perce-verre.com-bracelet-cheville-perce-verre-cadeau-bijoux-femme--cuir--noir-scintillant-1.jpg","type":"image\/jpeg"}],"twitter_card":"summary_large_image","twitter_misc":{"Est. reading time":"1 minute"},"schema":{"@context":"https:\/\/schema.org","@graph":[{"@type":"WebPage","@id":"https:\/\/www.perce-verre.com\/en\/product\/glittering-black-anklet\/","url":"https:\/\/www.perce-verre.com\/en\/product\/glittering-black-anklet\/","name":"Glittering black anklet","isPartOf":{"@id":"https:\/\/www.perce-verre.com\/en\/#website"},"primaryImageOfPage":{"@id":"https:\/\/www.perce-verre.com\/en\/product\/glittering-black-anklet\/#primaryimage"},"image":{"@id":"https:\/\/www.perce-verre.com\/en\/product\/glittering-black-anklet\/#primaryimage"},"thumbnailUrl":"https:\/\/www.perce-verre.com\/wp-content\/uploads\/2023\/10\/www.perce-verre.com-bracelet-cheville-perce-verre-cadeau-bijoux-femme--cuir--noir-scintillant-1.jpg","datePublished":"2023-10-19T15:24:30+00:00","dateModified":"2024-04-10T17:30:27+00:00","description":"Discover our glittering black anklet, a bold accessory that won't go unnoticed! Fast delivery!","breadcrumb":{"@id":"https:\/\/www.perce-verre.com\/en\/product\/glittering-black-anklet\/#breadcrumb"},"inLanguage":"en-US","potentialAction":[{"@type":"ReadAction","target":["https:\/\/www.perce-verre.com\/en\/product\/glittering-black-anklet\/"]}]},{"@type":"ImageObject","inLanguage":"en-US","@id":"https:\/\/www.perce-verre.com\/en\/product\/glittering-black-anklet\/#primaryimage","url":"https:\/\/www.perce-verre.com\/wp-content\/uploads\/2023\/10\/www.perce-verre.com-bracelet-cheville-perce-verre-cadeau-bijoux-femme--cuir--noir-scintillant-1.jpg","contentUrl":"https:\/\/www.perce-verre.com\/wp-content\/uploads\/2023\/10\/www.perce-verre.com-bracelet-cheville-perce-verre-cadeau-bijoux-femme--cuir--noir-scintillant-1.jpg","width":900,"height":630,"caption":"Glittering black anklet"},{"@type":"BreadcrumbList","@id":"https:\/\/www.perce-verre.com\/en\/product\/glittering-black-anklet\/#breadcrumb","itemListElement":[{"@type":"ListItem","position":1,"name":"Accueil","item":"https:\/\/www.perce-verre.com\/en\/"},{"@type":"ListItem","position":2,"name":"Store","item":"https:\/\/www.perce-verre.com\/en\/shop\/"},{"@type":"ListItem","position":3,"name":"Glittering black anklet"}]},{"@type":"WebSite","@id":"https:\/\/www.perce-verre.com\/en\/#website","url":"https:\/\/www.perce-verre.com\/en\/","name":"Perc\u00e9-Verre","description":"Cadeaux uniques et des cr\u00e9ations qu\u00e9b\u00e9coises","potentialAction":[{"@type":"SearchAction","target":{"@type":"EntryPoint","urlTemplate":"https:\/\/www.perce-verre.com\/en\/?s={search_term_string}"},"query-input":{"@type":"PropertyValueSpecification","valueRequired":true,"valueName":"search_term_string"}}],"inLanguage":"en-US"}]}},"wcpa_form_fields":null,"_links":{"self":[{"href":"https:\/\/www.perce-verre.com\/en\/wp-json\/wp\/v2\/product\/12599","targetHints":{"allow":["GET"]}}],"collection":[{"href":"https:\/\/www.perce-verre.com\/en\/wp-json\/wp\/v2\/product"}],"about":[{"href":"https:\/\/www.perce-verre.com\/en\/wp-json\/wp\/v2\/types\/product"}],"replies":[{"embeddable":true,"href":"https:\/\/www.perce-verre.com\/en\/wp-json\/wp\/v2\/comments?post=12599"}],"wp:featuredmedia":[{"embeddable":true,"href":"https:\/\/www.perce-verre.com\/en\/wp-json\/wp\/v2\/media\/10580"}],"wp:attachment":[{"href":"https:\/\/www.perce-verre.com\/en\/wp-json\/wp\/v2\/media?parent=12599"}],"wp:term":[{"taxonomy":"product_brand","embeddable":true,"href":"https:\/\/www.perce-verre.com\/en\/wp-json\/wp\/v2\/product_brand?post=12599"},{"taxonomy":"product_cat","embeddable":true,"href":"https:\/\/www.perce-verre.com\/en\/wp-json\/wp\/v2\/product_cat?post=12599"},{"taxonomy":"product_tag","embeddable":true,"href":"https:\/\/www.perce-verre.com\/en\/wp-json\/wp\/v2\/product_tag?post=12599"},{"taxonomy":"giftcard-category","embeddable":true,"href":"https:\/\/www.perce-verre.com\/en\/wp-json\/wp\/v2\/giftcard-category?post=12599"}],"curies":[{"name":"wp","href":"https:\/\/api.w.org\/{rel}","templated":true}]}}