{"id":12869,"date":"2024-05-10T15:24:17","date_gmt":"2024-05-10T19:24:17","guid":{"rendered":"https:\/\/www.perce-verre.com\/?post_type=product&#038;p=12869"},"modified":"2024-10-11T15:27:26","modified_gmt":"2024-10-11T19:27:26","slug":"romance-horizon","status":"publish","type":"product","link":"https:\/\/www.perce-verre.com\/en\/product\/romance-horizon\/","title":{"rendered":"ROMANCE HORIZON (Sold)"},"content":{"rendered":"<div class=\"video-shortcode\"><iframe title=\"Cadre lumineux Perc\u00e9 Verre Horizon de romance\" width=\"1333\" height=\"1000\" src=\"https:\/\/www.youtube.com\/embed\/DtEsxwgu62s?feature=oembed\" frameborder=\"0\" allow=\"accelerometer; autoplay; clipboard-write; encrypted-media; gyroscope; picture-in-picture; web-share\" allowfullscreen><\/iframe><\/div>\n<h5>Dimensions: 14 inches x 36 inches<\/h5>\n<h2 class=\"fusion-responsive-typography-calculated\" data-fontsize=\"36\" data-lineheight=\"46.08px\">The &#8220;HORIZON DE ROMANCE&#8221; artwork:<\/h2>\n<p>Discover &#8220;Horizon de romance&#8221;, a fascinating fused glass piece depicting two lovers kissing by the sea, evoking the infinity of the horizon and love. This unique and resolutely modern work of art was created by multidisciplinary artist St\u00e9phanie B\u00e9land.<\/p>\n<h3 class=\"fusion-responsive-typography-calculated\" data-fontsize=\"25\" data-lineheight=\"34px\">Intelligent lighting system:<\/h3>\n<p>Framed in Italian wood reminiscent of stainless steel, and embellished with a cement\/concrete-style base, this backlit creation in fused glass is a true artistic gem. Thanks to an intelligent lighting system, the glass can change color infinitely and is fully programmable, for an ever more captivating visual effect.<\/p>\n<p>This contemporary work is the perfect blend of technology and manual creativity. It will captivate modern art lovers and technology enthusiasts alike. &#8220;Horizon of Romance&#8221; is much more than just a piece of fused glass, it&#8217;s an invitation to discover the beauty of eternal love through a captivating work of art.<\/p>\n<h2>The artwork &#8220;HORIZON DE ROMANCE&#8221;:<\/h2>\n<p>Discover &#8220;Horizon of romance&#8221;, a fascinating piece of fused glass representing two lovers kissing by the sea, evoking the infinity of the horizon and of love. This unique and resolutely modern work of art was created by multidisciplinary artist St\u00e9phanie B\u00e9land.<\/p>\n<h3>Smart lighting system:<\/h3>\n<p>Framed in Italian wood reminiscent of stainless steel and embellished with a cement\/concrete style background, this backlit creation in fused glass is a true artistic jewel. Thanks to an intelligent lighting system, the glass can change color infinitely and is fully programmable, for an ever more captivating visual.<\/p>\n<p>This contemporary work is the perfect alliance between technology and manual creativity. It will captivate lovers of modern art and technology enthusiasts. &#8220;Horizon of Romance&#8221; is more than just a piece of fused glass, it&#8217;s an invitation to experience the beauty of eternal love through a captivating work of art.<\/p>\n","protected":false},"excerpt":{"rendered":"<h2 class=\"fusion-responsive-typography-calculated\" data-fontsize=\"36\" data-lineheight=\"46.08px\">The &#8220;HORIZON DE ROMANCE&#8221; artwork:<\/h2>\n<p>Discover &#8220;Horizon de romance&#8221;, a fascinating fused glass piece depicting two lovers kissing by the sea, evoking the infinity of the horizon and love. This unique and resolutely modern work of art was created by multidisciplinary artist St\u00e9phanie B\u00e9land.<\/p>\n<h3 class=\"fusion-responsive-typography-calculated\" data-fontsize=\"25\" data-lineheight=\"34px\">Intelligent lighting system:<\/h3>\n<p>Framed in Italian wood reminiscent of stainless steel, and embellished with a cement\/concrete-style base, this backlit creation in fused glass is a true artistic gem. Thanks to an intelligent lighting system, the glass can change color infinitely and is fully programmable, for an ever more captivating visual effect.<\/p>\n<p>This contemporary work is the perfect blend of technology and manual creativity. It will captivate modern art lovers and technology enthusiasts alike. &#8220;Horizon of Romance&#8221; is much more than just a piece of fused glass, it&#8217;s an invitation to discover the beauty of eternal love through a captivating work of art.<\/p>\n<h2>The artwork &#8220;HORIZON DE ROMANCE&#8221;:<\/h2>\n<p>Discover &#8220;Horizon of romance&#8221;, a fascinating piece of fused glass representing two lovers kissing by the sea, evoking the infinity of the horizon and of love. This unique and resolutely modern work of art was created by multidisciplinary artist St\u00e9phanie B\u00e9land.<\/p>\n<h3>Smart lighting system:<\/h3>\n<p>Framed in Italian wood reminiscent of stainless steel and embellished with a cement\/concrete style background, this backlit creation in fused glass is a true artistic jewel. Thanks to an intelligent lighting system, the glass can change color infinitely and is fully programmable, for an ever more captivating visual.<\/p>\n<p>This contemporary work is the perfect alliance between technology and manual creativity. It will captivate lovers of modern art and technology enthusiasts. &#8220;Horizon of Romance&#8221; is more than just a piece of fused glass, it&#8217;s an invitation to experience the beauty of eternal love through a captivating work of art.<\/p>\n<h5>Dimensions: 14 inches x 36 inches<\/h5>\n","protected":false},"featured_media":12879,"comment_status":"closed","ping_status":"closed","template":"","meta":[],"product_brand":[],"product_cat":[545,602,1474],"product_tag":[552,558,604,560],"giftcard-category":[],"class_list":{"0":"post-12869","1":"product","2":"type-product","3":"status-publish","4":"has-post-thumbnail","6":"product_cat-decoration-en","7":"product_cat-illuminated-murals","8":"product_cat-wall-art","9":"product_tag-art-deco-en","10":"product_tag-decoration-en","11":"product_tag-home-2","12":"product_tag-work-of-art","14":"first","15":"outofstock","16":"sold-individually","17":"taxable","18":"shipping-taxable","19":"product-type-simple"},"yoast_head":"<!-- This site is optimized with the Yoast SEO plugin v27.4 - https:\/\/yoast.com\/product\/yoast-seo-wordpress\/ -->\n<title>ROMANCE HORIZON (Sold) - wall art - Perc\u00e9-Verre<\/title>\n<meta name=\"description\" content=\"HORIZON DE ROMANCE is much more than just an artwork, it&#039;s an invitation to discover the beauty of eternal love through a captivating work of art!\" \/>\n<meta name=\"robots\" content=\"index, follow, max-snippet:-1, max-image-preview:large, max-video-preview:-1\" \/>\n<link rel=\"canonical\" href=\"https:\/\/www.perce-verre.com\/en\/product\/romance-horizon\/\" \/>\n<meta property=\"og:locale\" content=\"en_US\" \/>\n<meta property=\"og:type\" content=\"article\" \/>\n<meta property=\"og:title\" content=\"ROMANCE HORIZON (Sold) - wall art - Perc\u00e9-Verre\" \/>\n<meta property=\"og:description\" content=\"HORIZON DE ROMANCE is much more than just an artwork, it&#039;s an invitation to discover the beauty of eternal love through a captivating work of art!\" \/>\n<meta property=\"og:url\" content=\"https:\/\/www.perce-verre.com\/en\/product\/romance-horizon\/\" \/>\n<meta property=\"og:site_name\" content=\"Perc\u00e9-Verre\" \/>\n<meta property=\"article:modified_time\" content=\"2024-10-11T19:27:26+00:00\" \/>\n<meta property=\"og:image\" content=\"https:\/\/www.perce-verre.com\/wp-content\/uploads\/2024\/05\/Contre-vents-et-marees_oeuvre_art-deco_verre_glass_artwork.web-1.jpg\" \/>\n\t<meta property=\"og:image:width\" content=\"1097\" \/>\n\t<meta property=\"og:image:height\" content=\"768\" \/>\n\t<meta property=\"og:image:type\" content=\"image\/jpeg\" \/>\n<meta name=\"twitter:card\" content=\"summary_large_image\" \/>\n<meta name=\"twitter:label1\" content=\"Est. reading time\" \/>\n\t<meta name=\"twitter:data1\" content=\"2 minutes\" \/>\n<script type=\"application\/ld+json\" class=\"yoast-schema-graph\">{\"@context\":\"https:\\\/\\\/schema.org\",\"@graph\":[{\"@type\":\"WebPage\",\"@id\":\"https:\\\/\\\/www.perce-verre.com\\\/en\\\/product\\\/romance-horizon\\\/\",\"url\":\"https:\\\/\\\/www.perce-verre.com\\\/en\\\/product\\\/romance-horizon\\\/\",\"name\":\"ROMANCE HORIZON (Sold) - wall art - Perc\u00e9-Verre\",\"isPartOf\":{\"@id\":\"https:\\\/\\\/www.perce-verre.com\\\/en\\\/#website\"},\"primaryImageOfPage\":{\"@id\":\"https:\\\/\\\/www.perce-verre.com\\\/en\\\/product\\\/romance-horizon\\\/#primaryimage\"},\"image\":{\"@id\":\"https:\\\/\\\/www.perce-verre.com\\\/en\\\/product\\\/romance-horizon\\\/#primaryimage\"},\"thumbnailUrl\":\"https:\\\/\\\/www.perce-verre.com\\\/wp-content\\\/uploads\\\/2024\\\/05\\\/Contre-vents-et-marees_oeuvre_art-deco_verre_glass_artwork.web-1.jpg\",\"datePublished\":\"2024-05-10T19:24:17+00:00\",\"dateModified\":\"2024-10-11T19:27:26+00:00\",\"description\":\"HORIZON DE ROMANCE is much more than just an artwork, it's an invitation to discover the beauty of eternal love through a captivating work of art!\",\"breadcrumb\":{\"@id\":\"https:\\\/\\\/www.perce-verre.com\\\/en\\\/product\\\/romance-horizon\\\/#breadcrumb\"},\"inLanguage\":\"en-US\",\"potentialAction\":[{\"@type\":\"ReadAction\",\"target\":[\"https:\\\/\\\/www.perce-verre.com\\\/en\\\/product\\\/romance-horizon\\\/\"]}]},{\"@type\":\"ImageObject\",\"inLanguage\":\"en-US\",\"@id\":\"https:\\\/\\\/www.perce-verre.com\\\/en\\\/product\\\/romance-horizon\\\/#primaryimage\",\"url\":\"https:\\\/\\\/www.perce-verre.com\\\/wp-content\\\/uploads\\\/2024\\\/05\\\/Contre-vents-et-marees_oeuvre_art-deco_verre_glass_artwork.web-1.jpg\",\"contentUrl\":\"https:\\\/\\\/www.perce-verre.com\\\/wp-content\\\/uploads\\\/2024\\\/05\\\/Contre-vents-et-marees_oeuvre_art-deco_verre_glass_artwork.web-1.jpg\",\"width\":1097,\"height\":768,\"caption\":\"Against all odds\"},{\"@type\":\"BreadcrumbList\",\"@id\":\"https:\\\/\\\/www.perce-verre.com\\\/en\\\/product\\\/romance-horizon\\\/#breadcrumb\",\"itemListElement\":[{\"@type\":\"ListItem\",\"position\":1,\"name\":\"Accueil\",\"item\":\"https:\\\/\\\/www.perce-verre.com\\\/en\\\/\"},{\"@type\":\"ListItem\",\"position\":2,\"name\":\"Store\",\"item\":\"https:\\\/\\\/www.perce-verre.com\\\/en\\\/shop\\\/\"},{\"@type\":\"ListItem\",\"position\":3,\"name\":\"ROMANCE HORIZON (Sold)\"}]},{\"@type\":\"WebSite\",\"@id\":\"https:\\\/\\\/www.perce-verre.com\\\/en\\\/#website\",\"url\":\"https:\\\/\\\/www.perce-verre.com\\\/en\\\/\",\"name\":\"Perc\u00e9-Verre\",\"description\":\"Cadeaux uniques et des cr\u00e9ations qu\u00e9b\u00e9coises\",\"potentialAction\":[{\"@type\":\"SearchAction\",\"target\":{\"@type\":\"EntryPoint\",\"urlTemplate\":\"https:\\\/\\\/www.perce-verre.com\\\/en\\\/?s={search_term_string}\"},\"query-input\":{\"@type\":\"PropertyValueSpecification\",\"valueRequired\":true,\"valueName\":\"search_term_string\"}}],\"inLanguage\":\"en-US\"}]}<\/script>\n<!-- \/ Yoast SEO plugin. -->","yoast_head_json":{"title":"ROMANCE HORIZON (Sold) - wall art - Perc\u00e9-Verre","description":"HORIZON DE ROMANCE is much more than just an artwork, it's an invitation to discover the beauty of eternal love through a captivating work of art!","robots":{"index":"index","follow":"follow","max-snippet":"max-snippet:-1","max-image-preview":"max-image-preview:large","max-video-preview":"max-video-preview:-1"},"canonical":"https:\/\/www.perce-verre.com\/en\/product\/romance-horizon\/","og_locale":"en_US","og_type":"article","og_title":"ROMANCE HORIZON (Sold) - wall art - Perc\u00e9-Verre","og_description":"HORIZON DE ROMANCE is much more than just an artwork, it's an invitation to discover the beauty of eternal love through a captivating work of art!","og_url":"https:\/\/www.perce-verre.com\/en\/product\/romance-horizon\/","og_site_name":"Perc\u00e9-Verre","article_modified_time":"2024-10-11T19:27:26+00:00","og_image":[{"width":1097,"height":768,"url":"https:\/\/www.perce-verre.com\/wp-content\/uploads\/2024\/05\/Contre-vents-et-marees_oeuvre_art-deco_verre_glass_artwork.web-1.jpg","type":"image\/jpeg"}],"twitter_card":"summary_large_image","twitter_misc":{"Est. reading time":"2 minutes"},"schema":{"@context":"https:\/\/schema.org","@graph":[{"@type":"WebPage","@id":"https:\/\/www.perce-verre.com\/en\/product\/romance-horizon\/","url":"https:\/\/www.perce-verre.com\/en\/product\/romance-horizon\/","name":"ROMANCE HORIZON (Sold) - wall art - Perc\u00e9-Verre","isPartOf":{"@id":"https:\/\/www.perce-verre.com\/en\/#website"},"primaryImageOfPage":{"@id":"https:\/\/www.perce-verre.com\/en\/product\/romance-horizon\/#primaryimage"},"image":{"@id":"https:\/\/www.perce-verre.com\/en\/product\/romance-horizon\/#primaryimage"},"thumbnailUrl":"https:\/\/www.perce-verre.com\/wp-content\/uploads\/2024\/05\/Contre-vents-et-marees_oeuvre_art-deco_verre_glass_artwork.web-1.jpg","datePublished":"2024-05-10T19:24:17+00:00","dateModified":"2024-10-11T19:27:26+00:00","description":"HORIZON DE ROMANCE is much more than just an artwork, it's an invitation to discover the beauty of eternal love through a captivating work of art!","breadcrumb":{"@id":"https:\/\/www.perce-verre.com\/en\/product\/romance-horizon\/#breadcrumb"},"inLanguage":"en-US","potentialAction":[{"@type":"ReadAction","target":["https:\/\/www.perce-verre.com\/en\/product\/romance-horizon\/"]}]},{"@type":"ImageObject","inLanguage":"en-US","@id":"https:\/\/www.perce-verre.com\/en\/product\/romance-horizon\/#primaryimage","url":"https:\/\/www.perce-verre.com\/wp-content\/uploads\/2024\/05\/Contre-vents-et-marees_oeuvre_art-deco_verre_glass_artwork.web-1.jpg","contentUrl":"https:\/\/www.perce-verre.com\/wp-content\/uploads\/2024\/05\/Contre-vents-et-marees_oeuvre_art-deco_verre_glass_artwork.web-1.jpg","width":1097,"height":768,"caption":"Against all odds"},{"@type":"BreadcrumbList","@id":"https:\/\/www.perce-verre.com\/en\/product\/romance-horizon\/#breadcrumb","itemListElement":[{"@type":"ListItem","position":1,"name":"Accueil","item":"https:\/\/www.perce-verre.com\/en\/"},{"@type":"ListItem","position":2,"name":"Store","item":"https:\/\/www.perce-verre.com\/en\/shop\/"},{"@type":"ListItem","position":3,"name":"ROMANCE HORIZON (Sold)"}]},{"@type":"WebSite","@id":"https:\/\/www.perce-verre.com\/en\/#website","url":"https:\/\/www.perce-verre.com\/en\/","name":"Perc\u00e9-Verre","description":"Cadeaux uniques et des cr\u00e9ations qu\u00e9b\u00e9coises","potentialAction":[{"@type":"SearchAction","target":{"@type":"EntryPoint","urlTemplate":"https:\/\/www.perce-verre.com\/en\/?s={search_term_string}"},"query-input":{"@type":"PropertyValueSpecification","valueRequired":true,"valueName":"search_term_string"}}],"inLanguage":"en-US"}]}},"wcpa_form_fields":null,"_links":{"self":[{"href":"https:\/\/www.perce-verre.com\/en\/wp-json\/wp\/v2\/product\/12869","targetHints":{"allow":["GET"]}}],"collection":[{"href":"https:\/\/www.perce-verre.com\/en\/wp-json\/wp\/v2\/product"}],"about":[{"href":"https:\/\/www.perce-verre.com\/en\/wp-json\/wp\/v2\/types\/product"}],"replies":[{"embeddable":true,"href":"https:\/\/www.perce-verre.com\/en\/wp-json\/wp\/v2\/comments?post=12869"}],"wp:featuredmedia":[{"embeddable":true,"href":"https:\/\/www.perce-verre.com\/en\/wp-json\/wp\/v2\/media\/12879"}],"wp:attachment":[{"href":"https:\/\/www.perce-verre.com\/en\/wp-json\/wp\/v2\/media?parent=12869"}],"wp:term":[{"taxonomy":"product_brand","embeddable":true,"href":"https:\/\/www.perce-verre.com\/en\/wp-json\/wp\/v2\/product_brand?post=12869"},{"taxonomy":"product_cat","embeddable":true,"href":"https:\/\/www.perce-verre.com\/en\/wp-json\/wp\/v2\/product_cat?post=12869"},{"taxonomy":"product_tag","embeddable":true,"href":"https:\/\/www.perce-verre.com\/en\/wp-json\/wp\/v2\/product_tag?post=12869"},{"taxonomy":"giftcard-category","embeddable":true,"href":"https:\/\/www.perce-verre.com\/en\/wp-json\/wp\/v2\/giftcard-category?post=12869"}],"curies":[{"name":"wp","href":"https:\/\/api.w.org\/{rel}","templated":true}]}}