{"id":13097,"date":"2024-05-17T15:11:12","date_gmt":"2024-05-17T19:11:12","guid":{"rendered":"https:\/\/www.perce-verre.com\/?post_type=product&#038;p=13097"},"modified":"2025-10-30T13:12:34","modified_gmt":"2025-10-30T17:12:34","slug":"sachas-generation","status":"publish","type":"product","link":"https:\/\/www.perce-verre.com\/en\/product\/sachas-generation\/","title":{"rendered":"Sacha&#8217;s Generation"},"content":{"rendered":"<h3 class=\"\" data-start=\"58\" data-end=\"108\"><strong data-start=\"62\" data-end=\"106\">Laboratory Cats \u2013 Limited Edition Series<\/strong><\/h3>\n<p class=\"\" data-start=\"125\" data-end=\"199\">Welcome to a whole new universe created by Perc\u00e9-Verre: <em data-start=\"181\" data-end=\"198\">Laboratory Cats<\/em>.<\/p>\n<h3 class=\"\" data-start=\"201\" data-end=\"245\"><strong data-start=\"205\" data-end=\"245\">An Artistic Adventure in Every Piece<\/strong><\/h3>\n<p class=\"\" data-start=\"247\" data-end=\"491\">Inspired by the colorful and expressive world of the &#8220;purebred&#8221; cat collection, this series offers fused glass artworks, produced in a small limited edition, in a more accessible 5 x 7-inch format, presented in a simple and elegant photo frame.<\/p>\n<p class=\"\" data-start=\"493\" data-end=\"679\">Each cat is numbered, signed, and dated by hand, accompanied by an artist&#8217;s label, like a unique fingerprint. They don\u2019t have names. They don\u2019t have stories. But they sure have attitude.<\/p>\n<p class=\"\" data-start=\"681\" data-end=\"802\">\ud83d\udca5 They\u2019re funny, endearing, and a bit rebellious.<br data-start=\"731\" data-end=\"734\" \/>Each one has its own vibe \u2014 but always in the spirit of Perc\u00e9-Verre.<\/p>\n<h3 class=\"\" data-start=\"804\" data-end=\"847\"><strong data-start=\"808\" data-end=\"847\">Sacha&#8217;s Legacy \u2013 A Creative Descent<\/strong><\/h3>\n<p class=\"\" data-start=\"849\" data-end=\"1251\">This specimen is part of <em data-start=\"874\" data-end=\"894\">Sacha\u2019s Generation<\/em>, an artistic lineage inspired by the original \u201c<a href=\"https:\/\/www.perce-verre.com\/en\/product\/sacha\/\"><strong>Sacha<\/strong><\/a>\u201d artwork, that unforgettable transgender cat from the premium collection. We\u2019re not talking about a reproduction, but rather an artistic descent: a series of colorful clones, created from the same energy, the same vibrant shades of red and pink, and the same quirky elegance that made Sacha a true icon.<\/p>\n<h3 class=\"\" data-start=\"1253\" data-end=\"1300\"><strong data-start=\"1257\" data-end=\"1300\">A Gateway Into the Perc\u00e9-Verre Universe<\/strong><\/h3>\n<p class=\"\" data-start=\"1302\" data-end=\"1462\">\ud83e\uddea <em data-start=\"1305\" data-end=\"1322\">Laboratory Cats<\/em> is your gateway into the Perc\u00e9-Verre universe \u2014 a lighter, more accessible format, yet with all the character and soul of the larger works.<\/p>\n<p class=\"\" data-start=\"1464\" data-end=\"1618\">Whether you&#8217;re starting a collection, looking for an original gift, or bringing a little piece of art home: adopt your specimen before it escapes the lab.<\/p>\n<p>Dimensions: 5 inches x 7 inches<\/p>\n<p>Materials:<br \/>\n-Fused glass<br \/>\n-Stainless steel frame<\/p>\n<p>To find out more about designer St\u00e9phanie B\u00e9land,\u00a0<a href=\"https:\/\/www.perce-verre.com\/en\/about-us\/\">click here.<\/a>\u00a0Follow us on our social networks for news, videos and behind-the-scenes looks at our creations.<a href=\"https:\/\/www.facebook.com\/perceverre\/\">(Facebook<\/a>,\u00a0<a href=\"https:\/\/www.instagram.com\/perceverre\/\">Instagram<\/a>)<\/p>\n","protected":false},"excerpt":{"rendered":"<h3 class=\"fusion-responsive-typography-calculated\" data-start=\"41\" data-end=\"120\" data-fontsize=\"25\" data-lineheight=\"34px\">Laboratory Cats \u2013 Limited edition series: Arthur\u2019s Generation<\/h3>\n<p class=\"\" data-start=\"122\" data-end=\"211\">Welcome to a whole new world from\u00a0<strong data-start=\"166\" data-end=\"181\">Perc\u00e9-Verre<\/strong>:\u00a0<em data-start=\"184\" data-end=\"210\">Laboratory Cats<\/em><\/p>\n<p class=\"\" data-start=\"122\" data-end=\"211\">Inspired by the colorful and expressive world of the &#8220;purebred&#8221; cat collection, this series offers fused glass artworks, produced in a small limited edition, in a more accessible 5 x 7-inch format, presented in a simple and elegant photo frame.<\/p>\n<p class=\"\" data-start=\"499\" data-end=\"713\">Each cat is\u00a0<strong data-start=\"515\" data-end=\"552\">numbered, signed and dated by hand<\/strong>, accompanied by an artist\u2019s label, like a unique imprint.<br data-start=\"622\" data-end=\"625\" \/>They don\u2019t have names.<br data-start=\"651\" data-end=\"654\" \/>They don\u2019t have histories.<br data-start=\"679\" data-end=\"682\" \/>But they\u2019ve got a hell of a mouth.<\/p>\n<p class=\"\" data-start=\"715\" data-end=\"863\">\ud83d\udca5 They\u2019re funny, endearing and a little delinquent.<br data-start=\"767\" data-end=\"770\" \/>They each exude a different vibe \u2013 but always in the\u00a0<strong data-start=\"847\" data-end=\"862\">Perc\u00e9-Verre<\/strong>\u00a0spirit.<\/p>\n<p class=\"\" data-start=\"865\" data-end=\"1310\">This specimen is part of <em data-start=\"874\" data-end=\"894\">Sacha\u2019s Generation<\/em>, an artistic lineage inspired by the original \u201c<a href=\"https:\/\/www.perce-verre.com\/en\/product\/sacha\/\"><strong>Sacha<\/strong><\/a>\u201d artwork, that unforgettable transgender cat from the premium collection. We\u2019re not talking about a reproduction, but rather an artistic descent: a series of colorful clones, created from the same energy, the same vibrant shades of red and pink, and the same quirky elegance that made Sacha a true icon.<\/p>\n<p class=\"\" data-start=\"1312\" data-end=\"1496\">\ud83e\uddea The Laboratory Cats\u00a0is a gateway to the world of\u00a0<strong data-start=\"1383\" data-end=\"1398\">Perc\u00e9-Verre<\/strong>\u00a0\u2013 a lighter, more accessible format, but with all the character and soul of the great works.<\/p>\n<p class=\"\" data-start=\"1498\" data-end=\"1680\">Whether you want to start a collection, give an original gift or bring home a little piece of art:\u00a0<strong data-start=\"1620\" data-end=\"1680\">adopt your specimen before it escapes the lab.<\/strong><\/p>\n<p>&nbsp;<\/p>\n<p>FREE SHIPPING!<\/p>\n","protected":false},"featured_media":14381,"comment_status":"closed","ping_status":"closed","template":"","meta":[],"product_brand":[],"product_cat":[936],"product_tag":[414,856,451],"giftcard-category":[],"class_list":{"0":"post-13097","1":"product","2":"type-product","3":"status-publish","4":"has-post-thumbnail","6":"product_cat-non-classe","7":"product_tag-chat","8":"product_tag-chat-noir","9":"product_tag-oeuvre-dart","11":"first","12":"instock","13":"taxable","14":"shipping-taxable","15":"purchasable","16":"product-type-simple"},"yoast_head":"<!-- This site is optimized with the Yoast SEO plugin v27.4 - https:\/\/yoast.com\/product\/yoast-seo-wordpress\/ -->\n<title>Sacha&#039;s Generation - Perc\u00e9-Verre<\/title>\n<meta name=\"description\" content=\"G\u00e9n\u00e9ration Sacha: chat en verre fusionn\u00e9, inspir\u00e9s de Sacha. S\u00e9rie limit\u00e9e, sign\u00e9e et num\u00e9rot\u00e9e. Une collection Perc\u00e9-Verre \u00e0 adopter d\u2019urgence!\" \/>\n<meta name=\"robots\" content=\"index, follow, max-snippet:-1, max-image-preview:large, max-video-preview:-1\" \/>\n<link rel=\"canonical\" href=\"https:\/\/www.perce-verre.com\/en\/product\/sachas-generation\/\" \/>\n<meta property=\"og:locale\" content=\"en_US\" \/>\n<meta property=\"og:type\" content=\"article\" \/>\n<meta property=\"og:title\" content=\"Sacha&#039;s Generation - Perc\u00e9-Verre\" \/>\n<meta property=\"og:description\" content=\"G\u00e9n\u00e9ration Sacha: chat en verre fusionn\u00e9, inspir\u00e9s de Sacha. S\u00e9rie limit\u00e9e, sign\u00e9e et num\u00e9rot\u00e9e. Une collection Perc\u00e9-Verre \u00e0 adopter d\u2019urgence!\" \/>\n<meta property=\"og:url\" content=\"https:\/\/www.perce-verre.com\/en\/product\/sachas-generation\/\" \/>\n<meta property=\"og:site_name\" content=\"Perc\u00e9-Verre\" \/>\n<meta property=\"article:modified_time\" content=\"2025-10-30T17:12:34+00:00\" \/>\n<meta property=\"og:image\" content=\"https:\/\/www.perce-verre.com\/wp-content\/uploads\/2025\/04\/chat-en-verre-fusionne-art-deco-colore_SACHA-1.jpg\" \/>\n\t<meta property=\"og:image:width\" content=\"900\" \/>\n\t<meta property=\"og:image:height\" content=\"630\" \/>\n\t<meta property=\"og:image:type\" content=\"image\/jpeg\" \/>\n<meta name=\"twitter:card\" content=\"summary_large_image\" \/>\n<meta name=\"twitter:label1\" content=\"Est. reading time\" \/>\n\t<meta name=\"twitter:data1\" content=\"2 minutes\" \/>\n<script type=\"application\/ld+json\" class=\"yoast-schema-graph\">{\"@context\":\"https:\\\/\\\/schema.org\",\"@graph\":[{\"@type\":\"WebPage\",\"@id\":\"https:\\\/\\\/www.perce-verre.com\\\/en\\\/product\\\/sachas-generation\\\/\",\"url\":\"https:\\\/\\\/www.perce-verre.com\\\/en\\\/product\\\/sachas-generation\\\/\",\"name\":\"Sacha's Generation - Perc\u00e9-Verre\",\"isPartOf\":{\"@id\":\"https:\\\/\\\/www.perce-verre.com\\\/en\\\/#website\"},\"primaryImageOfPage\":{\"@id\":\"https:\\\/\\\/www.perce-verre.com\\\/en\\\/product\\\/sachas-generation\\\/#primaryimage\"},\"image\":{\"@id\":\"https:\\\/\\\/www.perce-verre.com\\\/en\\\/product\\\/sachas-generation\\\/#primaryimage\"},\"thumbnailUrl\":\"https:\\\/\\\/www.perce-verre.com\\\/wp-content\\\/uploads\\\/2025\\\/04\\\/chat-en-verre-fusionne-art-deco-colore_SACHA-1.jpg\",\"datePublished\":\"2024-05-17T19:11:12+00:00\",\"dateModified\":\"2025-10-30T17:12:34+00:00\",\"description\":\"G\u00e9n\u00e9ration Sacha: chat en verre fusionn\u00e9, inspir\u00e9s de Sacha. S\u00e9rie limit\u00e9e, sign\u00e9e et num\u00e9rot\u00e9e. Une collection Perc\u00e9-Verre \u00e0 adopter d\u2019urgence!\",\"breadcrumb\":{\"@id\":\"https:\\\/\\\/www.perce-verre.com\\\/en\\\/product\\\/sachas-generation\\\/#breadcrumb\"},\"inLanguage\":\"en-US\",\"potentialAction\":[{\"@type\":\"ReadAction\",\"target\":[\"https:\\\/\\\/www.perce-verre.com\\\/en\\\/product\\\/sachas-generation\\\/\"]}]},{\"@type\":\"ImageObject\",\"inLanguage\":\"en-US\",\"@id\":\"https:\\\/\\\/www.perce-verre.com\\\/en\\\/product\\\/sachas-generation\\\/#primaryimage\",\"url\":\"https:\\\/\\\/www.perce-verre.com\\\/wp-content\\\/uploads\\\/2025\\\/04\\\/chat-en-verre-fusionne-art-deco-colore_SACHA-1.jpg\",\"contentUrl\":\"https:\\\/\\\/www.perce-verre.com\\\/wp-content\\\/uploads\\\/2025\\\/04\\\/chat-en-verre-fusionne-art-deco-colore_SACHA-1.jpg\",\"width\":900,\"height\":630,\"caption\":\"chat-en-verre-fusionn\u00e9-art-d\u00e9co-color\u00e9_SACHA\"},{\"@type\":\"BreadcrumbList\",\"@id\":\"https:\\\/\\\/www.perce-verre.com\\\/en\\\/product\\\/sachas-generation\\\/#breadcrumb\",\"itemListElement\":[{\"@type\":\"ListItem\",\"position\":1,\"name\":\"Accueil\",\"item\":\"https:\\\/\\\/www.perce-verre.com\\\/en\\\/\"},{\"@type\":\"ListItem\",\"position\":2,\"name\":\"Store\",\"item\":\"https:\\\/\\\/www.perce-verre.com\\\/en\\\/shop\\\/\"},{\"@type\":\"ListItem\",\"position\":3,\"name\":\"Sacha&rsquo;s Generation\"}]},{\"@type\":\"WebSite\",\"@id\":\"https:\\\/\\\/www.perce-verre.com\\\/en\\\/#website\",\"url\":\"https:\\\/\\\/www.perce-verre.com\\\/en\\\/\",\"name\":\"Perc\u00e9-Verre\",\"description\":\"Cadeaux uniques et des cr\u00e9ations qu\u00e9b\u00e9coises\",\"potentialAction\":[{\"@type\":\"SearchAction\",\"target\":{\"@type\":\"EntryPoint\",\"urlTemplate\":\"https:\\\/\\\/www.perce-verre.com\\\/en\\\/?s={search_term_string}\"},\"query-input\":{\"@type\":\"PropertyValueSpecification\",\"valueRequired\":true,\"valueName\":\"search_term_string\"}}],\"inLanguage\":\"en-US\"}]}<\/script>\n<!-- \/ Yoast SEO plugin. -->","yoast_head_json":{"title":"Sacha's Generation - Perc\u00e9-Verre","description":"G\u00e9n\u00e9ration Sacha: chat en verre fusionn\u00e9, inspir\u00e9s de Sacha. S\u00e9rie limit\u00e9e, sign\u00e9e et num\u00e9rot\u00e9e. Une collection Perc\u00e9-Verre \u00e0 adopter d\u2019urgence!","robots":{"index":"index","follow":"follow","max-snippet":"max-snippet:-1","max-image-preview":"max-image-preview:large","max-video-preview":"max-video-preview:-1"},"canonical":"https:\/\/www.perce-verre.com\/en\/product\/sachas-generation\/","og_locale":"en_US","og_type":"article","og_title":"Sacha's Generation - Perc\u00e9-Verre","og_description":"G\u00e9n\u00e9ration Sacha: chat en verre fusionn\u00e9, inspir\u00e9s de Sacha. S\u00e9rie limit\u00e9e, sign\u00e9e et num\u00e9rot\u00e9e. Une collection Perc\u00e9-Verre \u00e0 adopter d\u2019urgence!","og_url":"https:\/\/www.perce-verre.com\/en\/product\/sachas-generation\/","og_site_name":"Perc\u00e9-Verre","article_modified_time":"2025-10-30T17:12:34+00:00","og_image":[{"width":900,"height":630,"url":"https:\/\/www.perce-verre.com\/wp-content\/uploads\/2025\/04\/chat-en-verre-fusionne-art-deco-colore_SACHA-1.jpg","type":"image\/jpeg"}],"twitter_card":"summary_large_image","twitter_misc":{"Est. reading time":"2 minutes"},"schema":{"@context":"https:\/\/schema.org","@graph":[{"@type":"WebPage","@id":"https:\/\/www.perce-verre.com\/en\/product\/sachas-generation\/","url":"https:\/\/www.perce-verre.com\/en\/product\/sachas-generation\/","name":"Sacha's Generation - Perc\u00e9-Verre","isPartOf":{"@id":"https:\/\/www.perce-verre.com\/en\/#website"},"primaryImageOfPage":{"@id":"https:\/\/www.perce-verre.com\/en\/product\/sachas-generation\/#primaryimage"},"image":{"@id":"https:\/\/www.perce-verre.com\/en\/product\/sachas-generation\/#primaryimage"},"thumbnailUrl":"https:\/\/www.perce-verre.com\/wp-content\/uploads\/2025\/04\/chat-en-verre-fusionne-art-deco-colore_SACHA-1.jpg","datePublished":"2024-05-17T19:11:12+00:00","dateModified":"2025-10-30T17:12:34+00:00","description":"G\u00e9n\u00e9ration Sacha: chat en verre fusionn\u00e9, inspir\u00e9s de Sacha. S\u00e9rie limit\u00e9e, sign\u00e9e et num\u00e9rot\u00e9e. Une collection Perc\u00e9-Verre \u00e0 adopter d\u2019urgence!","breadcrumb":{"@id":"https:\/\/www.perce-verre.com\/en\/product\/sachas-generation\/#breadcrumb"},"inLanguage":"en-US","potentialAction":[{"@type":"ReadAction","target":["https:\/\/www.perce-verre.com\/en\/product\/sachas-generation\/"]}]},{"@type":"ImageObject","inLanguage":"en-US","@id":"https:\/\/www.perce-verre.com\/en\/product\/sachas-generation\/#primaryimage","url":"https:\/\/www.perce-verre.com\/wp-content\/uploads\/2025\/04\/chat-en-verre-fusionne-art-deco-colore_SACHA-1.jpg","contentUrl":"https:\/\/www.perce-verre.com\/wp-content\/uploads\/2025\/04\/chat-en-verre-fusionne-art-deco-colore_SACHA-1.jpg","width":900,"height":630,"caption":"chat-en-verre-fusionn\u00e9-art-d\u00e9co-color\u00e9_SACHA"},{"@type":"BreadcrumbList","@id":"https:\/\/www.perce-verre.com\/en\/product\/sachas-generation\/#breadcrumb","itemListElement":[{"@type":"ListItem","position":1,"name":"Accueil","item":"https:\/\/www.perce-verre.com\/en\/"},{"@type":"ListItem","position":2,"name":"Store","item":"https:\/\/www.perce-verre.com\/en\/shop\/"},{"@type":"ListItem","position":3,"name":"Sacha&rsquo;s Generation"}]},{"@type":"WebSite","@id":"https:\/\/www.perce-verre.com\/en\/#website","url":"https:\/\/www.perce-verre.com\/en\/","name":"Perc\u00e9-Verre","description":"Cadeaux uniques et des cr\u00e9ations qu\u00e9b\u00e9coises","potentialAction":[{"@type":"SearchAction","target":{"@type":"EntryPoint","urlTemplate":"https:\/\/www.perce-verre.com\/en\/?s={search_term_string}"},"query-input":{"@type":"PropertyValueSpecification","valueRequired":true,"valueName":"search_term_string"}}],"inLanguage":"en-US"}]}},"wcpa_form_fields":null,"_links":{"self":[{"href":"https:\/\/www.perce-verre.com\/en\/wp-json\/wp\/v2\/product\/13097","targetHints":{"allow":["GET"]}}],"collection":[{"href":"https:\/\/www.perce-verre.com\/en\/wp-json\/wp\/v2\/product"}],"about":[{"href":"https:\/\/www.perce-verre.com\/en\/wp-json\/wp\/v2\/types\/product"}],"replies":[{"embeddable":true,"href":"https:\/\/www.perce-verre.com\/en\/wp-json\/wp\/v2\/comments?post=13097"}],"wp:featuredmedia":[{"embeddable":true,"href":"https:\/\/www.perce-verre.com\/en\/wp-json\/wp\/v2\/media\/14381"}],"wp:attachment":[{"href":"https:\/\/www.perce-verre.com\/en\/wp-json\/wp\/v2\/media?parent=13097"}],"wp:term":[{"taxonomy":"product_brand","embeddable":true,"href":"https:\/\/www.perce-verre.com\/en\/wp-json\/wp\/v2\/product_brand?post=13097"},{"taxonomy":"product_cat","embeddable":true,"href":"https:\/\/www.perce-verre.com\/en\/wp-json\/wp\/v2\/product_cat?post=13097"},{"taxonomy":"product_tag","embeddable":true,"href":"https:\/\/www.perce-verre.com\/en\/wp-json\/wp\/v2\/product_tag?post=13097"},{"taxonomy":"giftcard-category","embeddable":true,"href":"https:\/\/www.perce-verre.com\/en\/wp-json\/wp\/v2\/giftcard-category?post=13097"}],"curies":[{"name":"wp","href":"https:\/\/api.w.org\/{rel}","templated":true}]}}