{"id":13730,"date":"2024-11-06T11:01:41","date_gmt":"2024-11-06T16:01:41","guid":{"rendered":"https:\/\/www.perce-verre.com\/?post_type=product&#038;p=13730"},"modified":"2024-12-05T17:01:06","modified_gmt":"2024-12-05T22:01:06","slug":"albert","status":"publish","type":"product","link":"https:\/\/www.perce-verre.com\/en\/product\/albert\/","title":{"rendered":"&#8220;Albert&#8221; (Adopted)"},"content":{"rendered":"<h3>Albert, the Dedicated Researcher<\/h3>\n<p>Albert is an internationally renowned researcher, passionate about the mysteries of science. At dawn, he dons his lab coat and heads off to his laboratory for hours of work. Curious and eager to learn, he explores the mysteries of biology and medicine. He is said to have contributed to the discovery of Herceptin, a revolutionary drug that has saved tens of thousands of lives of women with breast cancer.<\/p>\n<h3>A Scientist at the Service of Humanity<\/h3>\n<p>Albert&#8217;s meticulous, innovative research has earned him well-deserved recognition. Yet he prefers the privacy of his laboratory to the limelight. What interests him above all is science and the impact it can have on the lives of others. His priority is to advance medicine, to discover new solutions to the health problems that afflict humanity, and above all, to give hope to those in need.<\/p>\n<h3>The Humility of a Man of Science<\/h3>\n<p>Albert is a man of rare humility. He knows that those who surround him and participate in his research share his gratitude. Although Misty events are often about his work, Albert prefers the shadows of his laboratory to concentrate on his research. Fundraising evenings, where Albert&#8217;s name is often mentioned, enable him to contribute to important causes, without needing to be in the spotlight. Every mention of his name, every support he receives for his work, helps mobilize the resources needed to continue advancing medical research.<\/p>\n<h3>A Scientific and Human Heritage<\/h3>\n<p>Behind his serious scientist look, Albert embodies devotion, relentless research and empathy. For him, the most important thing is to know that his work makes a difference in the lives of others, offering solutions, hope and a better future. His legacy, both scientific and human, continues to inspire future generations and leave an indelible mark on the world of medicine.<\/p>\n<h3><strong>Specifications<\/strong><\/h3>\n<ul>\n<li>Dimensions: 10 inches x 26 inches<\/li>\n<li>Materials:\n<ul>\n<li>Work in fused glass<\/li>\n<li>Quality framing with Italian wood mouldings<\/li>\n<li>Vinyl base resistant to humidity and temperature changes<\/li>\n<\/ul>\n<\/li>\n<\/ul>\n<p>To find out more about designer St\u00e9phanie B\u00e9land, <a href=\"https:\/\/www.perce-verre.com\/a-propos\/\">click here.<\/a> Follow us on our social networks for news, videos and behind-the-scenes looks at our creations.<a href=\"https:\/\/www.facebook.com\/perceverre\/\">(Facebook<\/a>, <a href=\"https:\/\/www.instagram.com\/perceverre\/\">Instagram<\/a>)<\/p>\n","protected":false},"excerpt":{"rendered":"<h3>Who is &#8220;Albert&#8221;?<\/h3>\n<p>Albert is an internationally renowned researcher, passionate about the mysteries of science, who puts on his lab coat in the early hours of the morning and runs to his laboratory. Rumor has it that he was instrumental in the discovery of Herceptin, the revolutionary drug that has saved and continues to save the lives of tens of thousands of women with breast cancer.<\/p>\n<div class=\"ewa-rteLine\"><\/div>\n<div class=\"ewa-rteLine\">His meticulous, innovative research is regularly featured at fund-raising events organized by Misty, the philanthropic queen. Although Albert prefers the shadows of his laboratory to the spotlight, he knows that every mention of his name helps raise funds for the causes close to his heart. Behind his serious scientist&#8217;s demeanor lies a man of rare humility, dedicated to advancing medicine and offering hope to those who need it most.<\/div>\n<p>Specifications<\/p>\n<ul>\n<li>Dimensions: 10 inches x 26 inches<\/li>\n<li>Materials:\n<ul>\n<li>Work in fused glass<\/li>\n<li>Quality framing with Italian wood mouldings<\/li>\n<li>Vinyl base resistant to humidity and temperature changes<\/li>\n<\/ul>\n<\/li>\n<\/ul>\n","protected":false},"featured_media":13976,"comment_status":"open","ping_status":"closed","template":"","meta":[],"product_brand":[],"product_cat":[1429,891,545],"product_tag":[533,554,534,536,872],"giftcard-category":[],"class_list":{"0":"post-13730","1":"product","2":"type-product","3":"status-publish","4":"has-post-thumbnail","6":"product_cat-animal-collection","7":"product_cat-cat-collection","8":"product_cat-decoration-en","9":"product_tag-art-en","10":"product_tag-cat","11":"product_tag-gift","12":"product_tag-gift-idea","13":"product_tag-mural-work-en","15":"first","16":"outofstock","17":"taxable","18":"shipping-taxable","19":"product-type-simple"},"yoast_head":"<!-- This site is optimized with the Yoast SEO plugin v27.4 - https:\/\/yoast.com\/product\/yoast-seo-wordpress\/ -->\n<title>&quot;Albert&quot; (Adopted) - Perc\u00e9-Verre<\/title>\n<meta name=\"description\" content=\"Albert is a renowned researcher with a passion for science, who puts on his lab coat in the early hours of the morning and runs to his laboratory.\" \/>\n<meta name=\"robots\" content=\"index, follow, max-snippet:-1, max-image-preview:large, max-video-preview:-1\" \/>\n<link rel=\"canonical\" href=\"https:\/\/www.perce-verre.com\/en\/product\/albert\/\" \/>\n<meta property=\"og:locale\" content=\"en_US\" \/>\n<meta property=\"og:type\" content=\"article\" \/>\n<meta property=\"og:title\" content=\"&quot;Albert&quot; (Adopted) - Perc\u00e9-Verre\" \/>\n<meta property=\"og:description\" content=\"Albert is a renowned researcher with a passion for science, who puts on his lab coat in the early hours of the morning and runs to his laboratory.\" \/>\n<meta property=\"og:url\" content=\"https:\/\/www.perce-verre.com\/en\/product\/albert\/\" \/>\n<meta property=\"og:site_name\" content=\"Perc\u00e9-Verre\" \/>\n<meta property=\"article:modified_time\" content=\"2024-12-05T22:01:06+00:00\" \/>\n<meta property=\"og:image\" content=\"https:\/\/www.perce-verre.com\/wp-content\/uploads\/2024\/11\/Chat-en-verre-fusionne_Perce-Verre_Art-deco_artwork_catslovers_ALBERT-2.jpg\" \/>\n\t<meta property=\"og:image:width\" content=\"1097\" \/>\n\t<meta property=\"og:image:height\" content=\"768\" \/>\n\t<meta property=\"og:image:type\" content=\"image\/jpeg\" \/>\n<meta name=\"twitter:card\" content=\"summary_large_image\" \/>\n<meta name=\"twitter:label1\" content=\"Est. reading time\" \/>\n\t<meta name=\"twitter:data1\" content=\"3 minutes\" \/>\n<script type=\"application\/ld+json\" class=\"yoast-schema-graph\">{\"@context\":\"https:\\\/\\\/schema.org\",\"@graph\":[{\"@type\":\"WebPage\",\"@id\":\"https:\\\/\\\/www.perce-verre.com\\\/en\\\/product\\\/albert\\\/\",\"url\":\"https:\\\/\\\/www.perce-verre.com\\\/en\\\/product\\\/albert\\\/\",\"name\":\"\\\"Albert\\\" (Adopted) - Perc\u00e9-Verre\",\"isPartOf\":{\"@id\":\"https:\\\/\\\/www.perce-verre.com\\\/en\\\/#website\"},\"primaryImageOfPage\":{\"@id\":\"https:\\\/\\\/www.perce-verre.com\\\/en\\\/product\\\/albert\\\/#primaryimage\"},\"image\":{\"@id\":\"https:\\\/\\\/www.perce-verre.com\\\/en\\\/product\\\/albert\\\/#primaryimage\"},\"thumbnailUrl\":\"https:\\\/\\\/www.perce-verre.com\\\/wp-content\\\/uploads\\\/2024\\\/11\\\/Chat-en-verre-fusionne_Perce-Verre_Art-deco_artwork_catslovers_ALBERT-2.jpg\",\"datePublished\":\"2024-11-06T16:01:41+00:00\",\"dateModified\":\"2024-12-05T22:01:06+00:00\",\"description\":\"Albert is a renowned researcher with a passion for science, who puts on his lab coat in the early hours of the morning and runs to his laboratory.\",\"breadcrumb\":{\"@id\":\"https:\\\/\\\/www.perce-verre.com\\\/en\\\/product\\\/albert\\\/#breadcrumb\"},\"inLanguage\":\"en-US\",\"potentialAction\":[{\"@type\":\"ReadAction\",\"target\":[\"https:\\\/\\\/www.perce-verre.com\\\/en\\\/product\\\/albert\\\/\"]}]},{\"@type\":\"ImageObject\",\"inLanguage\":\"en-US\",\"@id\":\"https:\\\/\\\/www.perce-verre.com\\\/en\\\/product\\\/albert\\\/#primaryimage\",\"url\":\"https:\\\/\\\/www.perce-verre.com\\\/wp-content\\\/uploads\\\/2024\\\/11\\\/Chat-en-verre-fusionne_Perce-Verre_Art-deco_artwork_catslovers_ALBERT-2.jpg\",\"contentUrl\":\"https:\\\/\\\/www.perce-verre.com\\\/wp-content\\\/uploads\\\/2024\\\/11\\\/Chat-en-verre-fusionne_Perce-Verre_Art-deco_artwork_catslovers_ALBERT-2.jpg\",\"width\":1097,\"height\":768,\"caption\":\"Fused glass cat_Perc\u00e9-Verre_Art d\u00e9co_artwork_catslovers_ALBERT\"},{\"@type\":\"BreadcrumbList\",\"@id\":\"https:\\\/\\\/www.perce-verre.com\\\/en\\\/product\\\/albert\\\/#breadcrumb\",\"itemListElement\":[{\"@type\":\"ListItem\",\"position\":1,\"name\":\"Accueil\",\"item\":\"https:\\\/\\\/www.perce-verre.com\\\/en\\\/\"},{\"@type\":\"ListItem\",\"position\":2,\"name\":\"Store\",\"item\":\"https:\\\/\\\/www.perce-verre.com\\\/en\\\/shop\\\/\"},{\"@type\":\"ListItem\",\"position\":3,\"name\":\"&#8220;Albert&#8221; (Adopted)\"}]},{\"@type\":\"WebSite\",\"@id\":\"https:\\\/\\\/www.perce-verre.com\\\/en\\\/#website\",\"url\":\"https:\\\/\\\/www.perce-verre.com\\\/en\\\/\",\"name\":\"Perc\u00e9-Verre\",\"description\":\"Cadeaux uniques et des cr\u00e9ations qu\u00e9b\u00e9coises\",\"potentialAction\":[{\"@type\":\"SearchAction\",\"target\":{\"@type\":\"EntryPoint\",\"urlTemplate\":\"https:\\\/\\\/www.perce-verre.com\\\/en\\\/?s={search_term_string}\"},\"query-input\":{\"@type\":\"PropertyValueSpecification\",\"valueRequired\":true,\"valueName\":\"search_term_string\"}}],\"inLanguage\":\"en-US\"}]}<\/script>\n<!-- \/ Yoast SEO plugin. -->","yoast_head_json":{"title":"\"Albert\" (Adopted) - Perc\u00e9-Verre","description":"Albert is a renowned researcher with a passion for science, who puts on his lab coat in the early hours of the morning and runs to his laboratory.","robots":{"index":"index","follow":"follow","max-snippet":"max-snippet:-1","max-image-preview":"max-image-preview:large","max-video-preview":"max-video-preview:-1"},"canonical":"https:\/\/www.perce-verre.com\/en\/product\/albert\/","og_locale":"en_US","og_type":"article","og_title":"\"Albert\" (Adopted) - Perc\u00e9-Verre","og_description":"Albert is a renowned researcher with a passion for science, who puts on his lab coat in the early hours of the morning and runs to his laboratory.","og_url":"https:\/\/www.perce-verre.com\/en\/product\/albert\/","og_site_name":"Perc\u00e9-Verre","article_modified_time":"2024-12-05T22:01:06+00:00","og_image":[{"width":1097,"height":768,"url":"https:\/\/www.perce-verre.com\/wp-content\/uploads\/2024\/11\/Chat-en-verre-fusionne_Perce-Verre_Art-deco_artwork_catslovers_ALBERT-2.jpg","type":"image\/jpeg"}],"twitter_card":"summary_large_image","twitter_misc":{"Est. reading time":"3 minutes"},"schema":{"@context":"https:\/\/schema.org","@graph":[{"@type":"WebPage","@id":"https:\/\/www.perce-verre.com\/en\/product\/albert\/","url":"https:\/\/www.perce-verre.com\/en\/product\/albert\/","name":"\"Albert\" (Adopted) - Perc\u00e9-Verre","isPartOf":{"@id":"https:\/\/www.perce-verre.com\/en\/#website"},"primaryImageOfPage":{"@id":"https:\/\/www.perce-verre.com\/en\/product\/albert\/#primaryimage"},"image":{"@id":"https:\/\/www.perce-verre.com\/en\/product\/albert\/#primaryimage"},"thumbnailUrl":"https:\/\/www.perce-verre.com\/wp-content\/uploads\/2024\/11\/Chat-en-verre-fusionne_Perce-Verre_Art-deco_artwork_catslovers_ALBERT-2.jpg","datePublished":"2024-11-06T16:01:41+00:00","dateModified":"2024-12-05T22:01:06+00:00","description":"Albert is a renowned researcher with a passion for science, who puts on his lab coat in the early hours of the morning and runs to his laboratory.","breadcrumb":{"@id":"https:\/\/www.perce-verre.com\/en\/product\/albert\/#breadcrumb"},"inLanguage":"en-US","potentialAction":[{"@type":"ReadAction","target":["https:\/\/www.perce-verre.com\/en\/product\/albert\/"]}]},{"@type":"ImageObject","inLanguage":"en-US","@id":"https:\/\/www.perce-verre.com\/en\/product\/albert\/#primaryimage","url":"https:\/\/www.perce-verre.com\/wp-content\/uploads\/2024\/11\/Chat-en-verre-fusionne_Perce-Verre_Art-deco_artwork_catslovers_ALBERT-2.jpg","contentUrl":"https:\/\/www.perce-verre.com\/wp-content\/uploads\/2024\/11\/Chat-en-verre-fusionne_Perce-Verre_Art-deco_artwork_catslovers_ALBERT-2.jpg","width":1097,"height":768,"caption":"Fused glass cat_Perc\u00e9-Verre_Art d\u00e9co_artwork_catslovers_ALBERT"},{"@type":"BreadcrumbList","@id":"https:\/\/www.perce-verre.com\/en\/product\/albert\/#breadcrumb","itemListElement":[{"@type":"ListItem","position":1,"name":"Accueil","item":"https:\/\/www.perce-verre.com\/en\/"},{"@type":"ListItem","position":2,"name":"Store","item":"https:\/\/www.perce-verre.com\/en\/shop\/"},{"@type":"ListItem","position":3,"name":"&#8220;Albert&#8221; (Adopted)"}]},{"@type":"WebSite","@id":"https:\/\/www.perce-verre.com\/en\/#website","url":"https:\/\/www.perce-verre.com\/en\/","name":"Perc\u00e9-Verre","description":"Cadeaux uniques et des cr\u00e9ations qu\u00e9b\u00e9coises","potentialAction":[{"@type":"SearchAction","target":{"@type":"EntryPoint","urlTemplate":"https:\/\/www.perce-verre.com\/en\/?s={search_term_string}"},"query-input":{"@type":"PropertyValueSpecification","valueRequired":true,"valueName":"search_term_string"}}],"inLanguage":"en-US"}]}},"wcpa_form_fields":null,"_links":{"self":[{"href":"https:\/\/www.perce-verre.com\/en\/wp-json\/wp\/v2\/product\/13730","targetHints":{"allow":["GET"]}}],"collection":[{"href":"https:\/\/www.perce-verre.com\/en\/wp-json\/wp\/v2\/product"}],"about":[{"href":"https:\/\/www.perce-verre.com\/en\/wp-json\/wp\/v2\/types\/product"}],"replies":[{"embeddable":true,"href":"https:\/\/www.perce-verre.com\/en\/wp-json\/wp\/v2\/comments?post=13730"}],"wp:featuredmedia":[{"embeddable":true,"href":"https:\/\/www.perce-verre.com\/en\/wp-json\/wp\/v2\/media\/13976"}],"wp:attachment":[{"href":"https:\/\/www.perce-verre.com\/en\/wp-json\/wp\/v2\/media?parent=13730"}],"wp:term":[{"taxonomy":"product_brand","embeddable":true,"href":"https:\/\/www.perce-verre.com\/en\/wp-json\/wp\/v2\/product_brand?post=13730"},{"taxonomy":"product_cat","embeddable":true,"href":"https:\/\/www.perce-verre.com\/en\/wp-json\/wp\/v2\/product_cat?post=13730"},{"taxonomy":"product_tag","embeddable":true,"href":"https:\/\/www.perce-verre.com\/en\/wp-json\/wp\/v2\/product_tag?post=13730"},{"taxonomy":"giftcard-category","embeddable":true,"href":"https:\/\/www.perce-verre.com\/en\/wp-json\/wp\/v2\/giftcard-category?post=13730"}],"curies":[{"name":"wp","href":"https:\/\/api.w.org\/{rel}","templated":true}]}}