{"id":13756,"date":"2024-11-06T12:32:30","date_gmt":"2024-11-06T17:32:30","guid":{"rendered":"https:\/\/www.perce-verre.com\/?post_type=product&#038;p=13756"},"modified":"2024-12-07T15:50:45","modified_gmt":"2024-12-07T20:50:45","slug":"oreo","status":"publish","type":"product","link":"https:\/\/www.perce-verre.com\/en\/product\/oreo\/","title":{"rendered":"&#8220;Oreo&#8221; (Adopted)"},"content":{"rendered":"<div class=\"flex-shrink-0 flex flex-col relative items-end\">\n<div>\n<div class=\"pt-0\">\n<div class=\"gizmo-bot-avatar flex h-8 w-8 items-center justify-center overflow-hidden rounded-full\">\n<div class=\"relative p-1 rounded-sm flex items-center justify-center bg-token-main-surface-primary text-token-text-primary h-8 w-8\">\n<h3>Oreo, the Little Charmer<\/h3>\n<p>Oreo is a kitten with a black and white coat, identical to that of his brother Biscuit, who follows him on all his adventures. At school, Oreo has become the little charmer of the group, captivating everyone he meets. His natural charisma and mischievous looks make him irresistible. As soon as he enters the classroom, all eyes are on him and his brother. When the teacher calls them out, pronouncing &#8220;Biscuit, Oreo!&#8221; aloud, it triggers laughter among the pupils, amused by this sweet association of names. This inseparable duo, who even share a cookie name, quickly become school favorites.<\/p>\n<h3>A Curious Little Man Full of Hope<\/h3>\n<p>Oreo is always on the lookout for a new adventure, ready to turn any situation into an opportunity for play. His curiosity drives him to explore every nook and cranny, whether it&#8217;s to find a treat or to have fun with his friends. His perfectly silky black and white coat, combined with his big, round eyes, amplify his charm and give him an innocent air that&#8217;s very useful for getting extra cuddles. It&#8217;s not uncommon for him to give a pleading look to the adults around him, knowing full well that no one will be able to resist him.<\/p>\n<h3>An Irresistible Duo with Biscuit<\/h3>\n<p>Together with his brother Biscuit, Oreo forms an irresistible duo. The two kittens are inseparable, bringing joyful energy wherever they go. At school and at home, they&#8217;re a real source of happiness. Together, they invent games, challenge each other and lead their friends on imaginary adventures. Whether hiding under benches or bouncing around the playground, their complicity is obvious and contagious. Thanks to their energy and tenderness, Oreo and Biscuit bring a dose of love and fun to those around them every day, proving that true joy lies in the little things and moments shared.<\/p>\n<\/div>\n<\/div>\n<\/div>\n<\/div>\n<\/div>\n<div class=\"group\/conversation-turn relative flex w-full min-w-0 flex-col agent-turn\">\n<div class=\"flex-col gap-1 md:gap-3\">\n<div class=\"flex max-w-full flex-col flex-grow\">\n<div class=\"min-h-8 text-message flex w-full flex-col items-end gap-2 whitespace-normal break-words [.text-message+&amp;]:mt-5\" dir=\"auto\" data-message-author-role=\"assistant\" data-message-id=\"de6e514f-128d-4648-b35b-4146d552b06f\">\n<div class=\"flex w-full flex-col gap-1 empty:hidden first:pt-[3px]\">\n<div class=\"markdown prose w-full break-words dark:prose-invert light\">\n<p>&nbsp;<\/p>\n<\/div>\n<\/div>\n<\/div>\n<\/div>\n<\/div>\n<\/div>\n<h3 class=\"fusion-responsive-typography-calculated\" data-fontsize=\"25\" data-lineheight=\"34px\">Specifications<\/h3>\n<ul>\n<li>Dimensions: 8 inches x 14 inches<\/li>\n<li><strong>Materials:<\/strong>\n<ul>\n<li>Work in fused glass<\/li>\n<li>Quality framing with Italian wood mouldings<\/li>\n<li>Vinyl base resistant to humidity and temperature changes<\/li>\n<\/ul>\n<\/li>\n<\/ul>\n<p>To find out more about designer St\u00e9phanie B\u00e9land, <a href=\"https:\/\/www.perce-verre.com\/a-propos\/\">click here.<\/a> Follow us on our social networks for news, videos and behind-the-scenes looks at our creations.<a href=\"https:\/\/www.facebook.com\/perceverre\/\">(Facebook<\/a>, <a href=\"https:\/\/www.instagram.com\/perceverre\/\">Instagram<\/a>)<\/p>\n","protected":false},"excerpt":{"rendered":"<h3>Who is &#8220;Oreo&#8221;?<\/h3>\n<div class=\"ewa-rteLine\">\n<div class=\"ewa-rteLine\">\n<div class=\"ewa-rteLine\">\n<div class=\"ewa-rteLine\">\n<div class=\"ewa-rteLine\">Oreo is a black-and-white kitten, just like his brother Biscuit. At school, he&#8217;s the little charmer of the group, captivating everyone who crosses his path. When the teacher calls the students to class, she calls out their names: &#8220;Biscuit, Oreo!&#8221; This scene always makes her classmates laugh, and they love this double dose of sweetness.<\/div>\n<div class=\"ewa-rteLine\"><\/div>\n<div class=\"ewa-rteLine\">Oreo is a curious and mischievous little cat, always ready to make those around him smile. His silky coat and big round eyes add to his charm, and he knows how to play the innocence card to get extra cuddles. With his brother Biscuit, he makes an adorable duo, bringing joy and laughter to school and home. Together, they&#8217;re an inexhaustible source of love and fun.<\/div>\n<\/div>\n<\/div>\n<\/div>\n<\/div>\n<div class=\"ewa-rteLine\"><\/div>\n<div class=\"w-full text-token-text-primary\" dir=\"auto\" data-testid=\"conversation-turn-41\" data-scroll-anchor=\"false\">\n<div class=\"py-2 px-3 text-base md:px-4 m-auto md:px-5 lg:px-1 xl:px-5\">\n<div class=\"mx-auto flex flex-1 gap-3 text-base juice:gap-4 juice:md:gap-6 md:max-w-3xl lg:max-w-[40rem] xl:max-w-[48rem]\">\n<div class=\"relative flex w-full min-w-0 flex-col agent-turn\">\n<div class=\"flex-col gap-1 md:gap-3\">\n<div class=\"flex flex-grow flex-col max-w-full\">\n<div class=\"min-h-[20px] text-message flex flex-col items-start whitespace-pre-wrap break-words [.text-message+&amp;]:mt-5 juice:w-full juice:items-end overflow-x-auto gap-3\" dir=\"auto\" data-message-author-role=\"assistant\" data-message-id=\"7c4da9f3-abcb-43e6-9660-338a3ed7e7b1\">\n<div class=\"markdown prose w-full break-words dark:prose-invert light\">\n<h3 class=\"fusion-responsive-typography-calculated\" data-fontsize=\"25\" data-lineheight=\"34px\">Specifications<\/h3>\n<ul>\n<li>Dimensions: 8 inches x 14 inches<\/li>\n<li><strong>Materials:<\/strong>\n<ul>\n<li>Work in fused glass<\/li>\n<li>Quality framing with Italian wood mouldings<\/li>\n<li>Vinyl base resistant to humidity and temperature changes<\/li>\n<\/ul>\n<\/li>\n<\/ul>\n<\/div>\n<\/div>\n<\/div>\n<\/div>\n<\/div>\n<\/div>\n<\/div>\n<\/div>\n<p>Add a piece from the kitten collection to your decor, or opt for a trio of works to dress a larger wall!<\/p>\n","protected":false},"featured_media":13880,"comment_status":"open","ping_status":"closed","template":"","meta":[],"product_brand":[],"product_cat":[1429,891,545],"product_tag":[533,554,534,536,884,872],"giftcard-category":[],"class_list":{"0":"post-13756","1":"product","2":"type-product","3":"status-publish","4":"has-post-thumbnail","6":"product_cat-animal-collection","7":"product_cat-cat-collection","8":"product_cat-decoration-en","9":"product_tag-art-en","10":"product_tag-cat","11":"product_tag-gift","12":"product_tag-gift-idea","13":"product_tag-kitten","14":"product_tag-mural-work-en","16":"first","17":"outofstock","18":"taxable","19":"shipping-taxable","20":"product-type-simple"},"yoast_head":"<!-- This site is optimized with the Yoast SEO plugin v27.4 - https:\/\/yoast.com\/product\/yoast-seo-wordpress\/ -->\n<title>&quot;Oreo&quot; (Adopted) - Perc\u00e9-Verre<\/title>\n<meta name=\"description\" content=\"Oreo is a kitten with a black and white coat, identical to that of his brother Biscuit, who follows him on all his adventures.\" \/>\n<meta name=\"robots\" content=\"index, follow, max-snippet:-1, max-image-preview:large, max-video-preview:-1\" \/>\n<link rel=\"canonical\" href=\"https:\/\/www.perce-verre.com\/en\/product\/oreo\/\" \/>\n<meta property=\"og:locale\" content=\"en_US\" \/>\n<meta property=\"og:type\" content=\"article\" \/>\n<meta property=\"og:title\" content=\"&quot;Oreo&quot; (Adopted) - Perc\u00e9-Verre\" \/>\n<meta property=\"og:description\" content=\"Oreo is a kitten with a black and white coat, identical to that of his brother Biscuit, who follows him on all his adventures.\" \/>\n<meta property=\"og:url\" content=\"https:\/\/www.perce-verre.com\/en\/product\/oreo\/\" \/>\n<meta property=\"og:site_name\" content=\"Perc\u00e9-Verre\" \/>\n<meta property=\"article:modified_time\" content=\"2024-12-07T20:50:45+00:00\" \/>\n<meta property=\"og:image\" content=\"https:\/\/www.perce-verre.com\/wp-content\/uploads\/2024\/11\/Chat-en-verre-fusionne_Perce-Verre_Art-deco_artwork_catslovers_-OREO-2.jpg\" \/>\n\t<meta property=\"og:image:width\" content=\"1097\" \/>\n\t<meta property=\"og:image:height\" content=\"768\" \/>\n\t<meta property=\"og:image:type\" content=\"image\/jpeg\" \/>\n<meta name=\"twitter:card\" content=\"summary_large_image\" \/>\n<meta name=\"twitter:label1\" content=\"Est. reading time\" \/>\n\t<meta name=\"twitter:data1\" content=\"3 minutes\" \/>\n<script type=\"application\/ld+json\" class=\"yoast-schema-graph\">{\"@context\":\"https:\\\/\\\/schema.org\",\"@graph\":[{\"@type\":\"WebPage\",\"@id\":\"https:\\\/\\\/www.perce-verre.com\\\/en\\\/product\\\/oreo\\\/\",\"url\":\"https:\\\/\\\/www.perce-verre.com\\\/en\\\/product\\\/oreo\\\/\",\"name\":\"\\\"Oreo\\\" (Adopted) - Perc\u00e9-Verre\",\"isPartOf\":{\"@id\":\"https:\\\/\\\/www.perce-verre.com\\\/en\\\/#website\"},\"primaryImageOfPage\":{\"@id\":\"https:\\\/\\\/www.perce-verre.com\\\/en\\\/product\\\/oreo\\\/#primaryimage\"},\"image\":{\"@id\":\"https:\\\/\\\/www.perce-verre.com\\\/en\\\/product\\\/oreo\\\/#primaryimage\"},\"thumbnailUrl\":\"https:\\\/\\\/www.perce-verre.com\\\/wp-content\\\/uploads\\\/2024\\\/11\\\/Chat-en-verre-fusionne_Perce-Verre_Art-deco_artwork_catslovers_-OREO-2.jpg\",\"datePublished\":\"2024-11-06T17:32:30+00:00\",\"dateModified\":\"2024-12-07T20:50:45+00:00\",\"description\":\"Oreo is a kitten with a black and white coat, identical to that of his brother Biscuit, who follows him on all his adventures.\",\"breadcrumb\":{\"@id\":\"https:\\\/\\\/www.perce-verre.com\\\/en\\\/product\\\/oreo\\\/#breadcrumb\"},\"inLanguage\":\"en-US\",\"potentialAction\":[{\"@type\":\"ReadAction\",\"target\":[\"https:\\\/\\\/www.perce-verre.com\\\/en\\\/product\\\/oreo\\\/\"]}]},{\"@type\":\"ImageObject\",\"inLanguage\":\"en-US\",\"@id\":\"https:\\\/\\\/www.perce-verre.com\\\/en\\\/product\\\/oreo\\\/#primaryimage\",\"url\":\"https:\\\/\\\/www.perce-verre.com\\\/wp-content\\\/uploads\\\/2024\\\/11\\\/Chat-en-verre-fusionne_Perce-Verre_Art-deco_artwork_catslovers_-OREO-2.jpg\",\"contentUrl\":\"https:\\\/\\\/www.perce-verre.com\\\/wp-content\\\/uploads\\\/2024\\\/11\\\/Chat-en-verre-fusionne_Perce-Verre_Art-deco_artwork_catslovers_-OREO-2.jpg\",\"width\":1097,\"height\":768,\"caption\":\"Fused glass cat_Perc\u00e9-Verre_Art d\u00e9co_artwork_catslovers_ OR\u00c9O\"},{\"@type\":\"BreadcrumbList\",\"@id\":\"https:\\\/\\\/www.perce-verre.com\\\/en\\\/product\\\/oreo\\\/#breadcrumb\",\"itemListElement\":[{\"@type\":\"ListItem\",\"position\":1,\"name\":\"Accueil\",\"item\":\"https:\\\/\\\/www.perce-verre.com\\\/en\\\/\"},{\"@type\":\"ListItem\",\"position\":2,\"name\":\"Store\",\"item\":\"https:\\\/\\\/www.perce-verre.com\\\/en\\\/shop\\\/\"},{\"@type\":\"ListItem\",\"position\":3,\"name\":\"&#8220;Oreo&#8221; (Adopted)\"}]},{\"@type\":\"WebSite\",\"@id\":\"https:\\\/\\\/www.perce-verre.com\\\/en\\\/#website\",\"url\":\"https:\\\/\\\/www.perce-verre.com\\\/en\\\/\",\"name\":\"Perc\u00e9-Verre\",\"description\":\"Cadeaux uniques et des cr\u00e9ations qu\u00e9b\u00e9coises\",\"potentialAction\":[{\"@type\":\"SearchAction\",\"target\":{\"@type\":\"EntryPoint\",\"urlTemplate\":\"https:\\\/\\\/www.perce-verre.com\\\/en\\\/?s={search_term_string}\"},\"query-input\":{\"@type\":\"PropertyValueSpecification\",\"valueRequired\":true,\"valueName\":\"search_term_string\"}}],\"inLanguage\":\"en-US\"}]}<\/script>\n<!-- \/ Yoast SEO plugin. -->","yoast_head_json":{"title":"\"Oreo\" (Adopted) - Perc\u00e9-Verre","description":"Oreo is a kitten with a black and white coat, identical to that of his brother Biscuit, who follows him on all his adventures.","robots":{"index":"index","follow":"follow","max-snippet":"max-snippet:-1","max-image-preview":"max-image-preview:large","max-video-preview":"max-video-preview:-1"},"canonical":"https:\/\/www.perce-verre.com\/en\/product\/oreo\/","og_locale":"en_US","og_type":"article","og_title":"\"Oreo\" (Adopted) - Perc\u00e9-Verre","og_description":"Oreo is a kitten with a black and white coat, identical to that of his brother Biscuit, who follows him on all his adventures.","og_url":"https:\/\/www.perce-verre.com\/en\/product\/oreo\/","og_site_name":"Perc\u00e9-Verre","article_modified_time":"2024-12-07T20:50:45+00:00","og_image":[{"width":1097,"height":768,"url":"https:\/\/www.perce-verre.com\/wp-content\/uploads\/2024\/11\/Chat-en-verre-fusionne_Perce-Verre_Art-deco_artwork_catslovers_-OREO-2.jpg","type":"image\/jpeg"}],"twitter_card":"summary_large_image","twitter_misc":{"Est. reading time":"3 minutes"},"schema":{"@context":"https:\/\/schema.org","@graph":[{"@type":"WebPage","@id":"https:\/\/www.perce-verre.com\/en\/product\/oreo\/","url":"https:\/\/www.perce-verre.com\/en\/product\/oreo\/","name":"\"Oreo\" (Adopted) - Perc\u00e9-Verre","isPartOf":{"@id":"https:\/\/www.perce-verre.com\/en\/#website"},"primaryImageOfPage":{"@id":"https:\/\/www.perce-verre.com\/en\/product\/oreo\/#primaryimage"},"image":{"@id":"https:\/\/www.perce-verre.com\/en\/product\/oreo\/#primaryimage"},"thumbnailUrl":"https:\/\/www.perce-verre.com\/wp-content\/uploads\/2024\/11\/Chat-en-verre-fusionne_Perce-Verre_Art-deco_artwork_catslovers_-OREO-2.jpg","datePublished":"2024-11-06T17:32:30+00:00","dateModified":"2024-12-07T20:50:45+00:00","description":"Oreo is a kitten with a black and white coat, identical to that of his brother Biscuit, who follows him on all his adventures.","breadcrumb":{"@id":"https:\/\/www.perce-verre.com\/en\/product\/oreo\/#breadcrumb"},"inLanguage":"en-US","potentialAction":[{"@type":"ReadAction","target":["https:\/\/www.perce-verre.com\/en\/product\/oreo\/"]}]},{"@type":"ImageObject","inLanguage":"en-US","@id":"https:\/\/www.perce-verre.com\/en\/product\/oreo\/#primaryimage","url":"https:\/\/www.perce-verre.com\/wp-content\/uploads\/2024\/11\/Chat-en-verre-fusionne_Perce-Verre_Art-deco_artwork_catslovers_-OREO-2.jpg","contentUrl":"https:\/\/www.perce-verre.com\/wp-content\/uploads\/2024\/11\/Chat-en-verre-fusionne_Perce-Verre_Art-deco_artwork_catslovers_-OREO-2.jpg","width":1097,"height":768,"caption":"Fused glass cat_Perc\u00e9-Verre_Art d\u00e9co_artwork_catslovers_ OR\u00c9O"},{"@type":"BreadcrumbList","@id":"https:\/\/www.perce-verre.com\/en\/product\/oreo\/#breadcrumb","itemListElement":[{"@type":"ListItem","position":1,"name":"Accueil","item":"https:\/\/www.perce-verre.com\/en\/"},{"@type":"ListItem","position":2,"name":"Store","item":"https:\/\/www.perce-verre.com\/en\/shop\/"},{"@type":"ListItem","position":3,"name":"&#8220;Oreo&#8221; (Adopted)"}]},{"@type":"WebSite","@id":"https:\/\/www.perce-verre.com\/en\/#website","url":"https:\/\/www.perce-verre.com\/en\/","name":"Perc\u00e9-Verre","description":"Cadeaux uniques et des cr\u00e9ations qu\u00e9b\u00e9coises","potentialAction":[{"@type":"SearchAction","target":{"@type":"EntryPoint","urlTemplate":"https:\/\/www.perce-verre.com\/en\/?s={search_term_string}"},"query-input":{"@type":"PropertyValueSpecification","valueRequired":true,"valueName":"search_term_string"}}],"inLanguage":"en-US"}]}},"wcpa_form_fields":null,"_links":{"self":[{"href":"https:\/\/www.perce-verre.com\/en\/wp-json\/wp\/v2\/product\/13756","targetHints":{"allow":["GET"]}}],"collection":[{"href":"https:\/\/www.perce-verre.com\/en\/wp-json\/wp\/v2\/product"}],"about":[{"href":"https:\/\/www.perce-verre.com\/en\/wp-json\/wp\/v2\/types\/product"}],"replies":[{"embeddable":true,"href":"https:\/\/www.perce-verre.com\/en\/wp-json\/wp\/v2\/comments?post=13756"}],"wp:featuredmedia":[{"embeddable":true,"href":"https:\/\/www.perce-verre.com\/en\/wp-json\/wp\/v2\/media\/13880"}],"wp:attachment":[{"href":"https:\/\/www.perce-verre.com\/en\/wp-json\/wp\/v2\/media?parent=13756"}],"wp:term":[{"taxonomy":"product_brand","embeddable":true,"href":"https:\/\/www.perce-verre.com\/en\/wp-json\/wp\/v2\/product_brand?post=13756"},{"taxonomy":"product_cat","embeddable":true,"href":"https:\/\/www.perce-verre.com\/en\/wp-json\/wp\/v2\/product_cat?post=13756"},{"taxonomy":"product_tag","embeddable":true,"href":"https:\/\/www.perce-verre.com\/en\/wp-json\/wp\/v2\/product_tag?post=13756"},{"taxonomy":"giftcard-category","embeddable":true,"href":"https:\/\/www.perce-verre.com\/en\/wp-json\/wp\/v2\/giftcard-category?post=13756"}],"curies":[{"name":"wp","href":"https:\/\/api.w.org\/{rel}","templated":true}]}}