{"id":14055,"date":"2026-03-12T09:57:28","date_gmt":"2026-03-12T13:57:28","guid":{"rendered":"https:\/\/www.perce-verre.com\/?post_type=product&#038;p=14055"},"modified":"2026-03-12T09:57:29","modified_gmt":"2026-03-12T13:57:29","slug":"greeting-card-sacha-en-ville","status":"publish","type":"product","link":"https:\/\/www.perce-verre.com\/en\/product\/greeting-card-sacha-en-ville\/","title":{"rendered":"Greeting card &#8220;Sacha en Ville&#8221;"},"content":{"rendered":"<h2>Sacha in town&#8221; greeting card<\/h2>\n<p>First of all, let yourself be charmed by the urban elegance of our &#8220;Sacha en Ville&#8221;\u00a0greeting card, featuring the refinement of the cat <a href=\"https:\/\/www.perce-verre.com\/produit\/sacha\/\"><strong>Sacha<\/strong><\/a>. Indeed, strolling with allure through a colorful city setting, Sacha perfectly embodies the combination of sophistication and lightness. This unique card is a warm and original way to express your heartfelt feelings.<\/p>\n<h2>A versatile card for every occasion<\/h2>\n<p>Of course, ideal for <strong>Valentine&#8217;s<\/strong> Day, this card is also suitable for other important moments in life: birthdays, anniversaries or, for example, simply to remind a loved one of their special place in your heart. What&#8217;s more, its modern, timeless design makes <strong>&#8220;Sacha en ville&#8221;<\/strong> a perfect gift all year round.<\/p>\n<h2>Exceptional quality for your precious words<\/h2>\n<p>Moreover, printed on <strong>high-quality<\/strong> paper and measuring <strong>5 x 7 inches.<\/strong> This card is carefully designed to showcase your personal messages. What&#8217;s more, its blank interior gives you the freedom to write sweet nothings, share precious memories or even slip in an invitation for a night on the town.<\/p>\n<h2>A touch of humor and feline tenderness<\/h2>\n<p>At last, with his mischievous look and graceful demeanor, <a href=\"https:\/\/www.perce-verre.com\/produit\/sacha\/\"><strong>Sacha<\/strong><\/a> brings a touch of humor and tenderness to your messages. In this way, this card is perfect for saying &#8220;I&#8217;m thinking of you&#8221;, &#8220;I love you&#8221; or simply to offer a knowing smile. Sacha&#8217;s natural elegance will touch the heart of the recipient. Finally, express your emotions with style and originality with the <strong>&#8220;Sacha en ville&#8221;<\/strong> card, a small gesture that&#8217;s sure to leave a lasting impression.<\/p>\n<p>To find out more about designer St\u00e9phanie B\u00e9land, <a href=\"https:\/\/www.perce-verre.com\/en\/about-us\/\">click here.<\/a> Follow us on our social networks for news, videos and a behind-the-scenes look at our creations.<a href=\"https:\/\/www.facebook.com\/perceverre\/\">(Facebook<\/a>, <a href=\"https:\/\/www.instagram.com\/perceverre\/\">Instagram<\/a>).<\/p>\n","protected":false},"excerpt":{"rendered":"<p>Discover our greeting card &#8220;Sacha en Ville&#8221; featuring the cat&#8217;s refinement <a href=\"https:\/\/www.perce-verre.com\/produit\/sacha\/\"><strong>Sacha<\/strong><\/a>! These unique, colorful cards are perfect for Valentine&#8217;s Day to celebrate love and friendship, but their timeless charm also makes them an ideal gift all year round. Printed on high-quality paper and measuring 5 x 7 inches, they&#8217;re blank on the inside, leaving plenty of space for a personalized message. Give a touch of humor and feline tenderness to those who matter to you, whatever the occasion!<\/p>\n<p>&nbsp;<\/p>\n<p>&nbsp;<\/p>\n","protected":false},"featured_media":14009,"comment_status":"open","ping_status":"closed","template":"","meta":[],"product_brand":[],"product_cat":[531,532],"product_tag":[533,534,536,535],"giftcard-category":[],"class_list":{"0":"post-14055","1":"product","2":"type-product","3":"status-publish","4":"has-post-thumbnail","6":"product_cat-accessories","7":"product_cat-greeting-cards","8":"product_tag-art-en","9":"product_tag-gift","10":"product_tag-gift-idea","11":"product_tag-greeting-card","13":"first","14":"outofstock","15":"taxable","16":"shipping-taxable","17":"purchasable","18":"product-type-simple"},"yoast_head":"<!-- This site is optimized with the Yoast SEO plugin v27.4 - https:\/\/yoast.com\/product\/yoast-seo-wordpress\/ -->\n<title>Greeting card &quot;Sacha en Ville&quot; - Perc\u00e9-Verre<\/title>\n<meta name=\"description\" content=\"&quot;Sacha en Ville&quot; greeting card featuring the refinement of Sasha the cat. Give the gift of art in card form! Free delivery!\" \/>\n<meta name=\"robots\" content=\"index, follow, max-snippet:-1, max-image-preview:large, max-video-preview:-1\" \/>\n<link rel=\"canonical\" href=\"https:\/\/www.perce-verre.com\/en\/product\/greeting-card-sacha-en-ville\/\" \/>\n<meta property=\"og:locale\" content=\"en_US\" \/>\n<meta property=\"og:type\" content=\"article\" \/>\n<meta property=\"og:title\" content=\"Greeting card &quot;Sacha en Ville&quot; - Perc\u00e9-Verre\" \/>\n<meta property=\"og:description\" content=\"&quot;Sacha en Ville&quot; greeting card featuring the refinement of Sasha the cat. Give the gift of art in card form! Free delivery!\" \/>\n<meta property=\"og:url\" content=\"https:\/\/www.perce-verre.com\/en\/product\/greeting-card-sacha-en-ville\/\" \/>\n<meta property=\"og:site_name\" content=\"Perc\u00e9-Verre\" \/>\n<meta property=\"article:modified_time\" content=\"2026-03-12T13:57:29+00:00\" \/>\n<meta property=\"og:image\" content=\"https:\/\/www.perce-verre.com\/wp-content\/uploads\/2025\/01\/carte-de-souhaits_amour_greeting-cards_love_Cadeau_gift_cat_chat_Perce-Verre-2.jpg\" \/>\n\t<meta property=\"og:image:width\" content=\"1097\" \/>\n\t<meta property=\"og:image:height\" content=\"768\" \/>\n\t<meta property=\"og:image:type\" content=\"image\/jpeg\" \/>\n<meta name=\"twitter:card\" content=\"summary_large_image\" \/>\n<meta name=\"twitter:label1\" content=\"Est. reading time\" \/>\n\t<meta name=\"twitter:data1\" content=\"2 minutes\" \/>\n<script type=\"application\/ld+json\" class=\"yoast-schema-graph\">{\"@context\":\"https:\\\/\\\/schema.org\",\"@graph\":[{\"@type\":\"WebPage\",\"@id\":\"https:\\\/\\\/www.perce-verre.com\\\/en\\\/product\\\/greeting-card-sacha-en-ville\\\/\",\"url\":\"https:\\\/\\\/www.perce-verre.com\\\/en\\\/product\\\/greeting-card-sacha-en-ville\\\/\",\"name\":\"Greeting card \\\"Sacha en Ville\\\" - Perc\u00e9-Verre\",\"isPartOf\":{\"@id\":\"https:\\\/\\\/www.perce-verre.com\\\/en\\\/#website\"},\"primaryImageOfPage\":{\"@id\":\"https:\\\/\\\/www.perce-verre.com\\\/en\\\/product\\\/greeting-card-sacha-en-ville\\\/#primaryimage\"},\"image\":{\"@id\":\"https:\\\/\\\/www.perce-verre.com\\\/en\\\/product\\\/greeting-card-sacha-en-ville\\\/#primaryimage\"},\"thumbnailUrl\":\"https:\\\/\\\/www.perce-verre.com\\\/wp-content\\\/uploads\\\/2025\\\/01\\\/carte-de-souhaits_amour_greeting-cards_love_Cadeau_gift_cat_chat_Perce-Verre-2.jpg\",\"datePublished\":\"2026-03-12T13:57:28+00:00\",\"dateModified\":\"2026-03-12T13:57:29+00:00\",\"description\":\"\\\"Sacha en Ville\\\" greeting card featuring the refinement of Sasha the cat. Give the gift of art in card form! Free delivery!\",\"breadcrumb\":{\"@id\":\"https:\\\/\\\/www.perce-verre.com\\\/en\\\/product\\\/greeting-card-sacha-en-ville\\\/#breadcrumb\"},\"inLanguage\":\"en-US\",\"potentialAction\":[{\"@type\":\"ReadAction\",\"target\":[\"https:\\\/\\\/www.perce-verre.com\\\/en\\\/product\\\/greeting-card-sacha-en-ville\\\/\"]}]},{\"@type\":\"ImageObject\",\"inLanguage\":\"en-US\",\"@id\":\"https:\\\/\\\/www.perce-verre.com\\\/en\\\/product\\\/greeting-card-sacha-en-ville\\\/#primaryimage\",\"url\":\"https:\\\/\\\/www.perce-verre.com\\\/wp-content\\\/uploads\\\/2025\\\/01\\\/carte-de-souhaits_amour_greeting-cards_love_Cadeau_gift_cat_chat_Perce-Verre-2.jpg\",\"contentUrl\":\"https:\\\/\\\/www.perce-verre.com\\\/wp-content\\\/uploads\\\/2025\\\/01\\\/carte-de-souhaits_amour_greeting-cards_love_Cadeau_gift_cat_chat_Perce-Verre-2.jpg\",\"width\":1097,\"height\":768,\"caption\":\"greeting card Sacha in town_amour_greeting cards_love_Cadeau_gift_cat_Perc\u00e9-Verre (1)\"},{\"@type\":\"BreadcrumbList\",\"@id\":\"https:\\\/\\\/www.perce-verre.com\\\/en\\\/product\\\/greeting-card-sacha-en-ville\\\/#breadcrumb\",\"itemListElement\":[{\"@type\":\"ListItem\",\"position\":1,\"name\":\"Accueil\",\"item\":\"https:\\\/\\\/www.perce-verre.com\\\/en\\\/\"},{\"@type\":\"ListItem\",\"position\":2,\"name\":\"Store\",\"item\":\"https:\\\/\\\/www.perce-verre.com\\\/en\\\/shop\\\/\"},{\"@type\":\"ListItem\",\"position\":3,\"name\":\"Greeting card \u00ab\u00a0Sacha en Ville\u00a0\u00bb\"}]},{\"@type\":\"WebSite\",\"@id\":\"https:\\\/\\\/www.perce-verre.com\\\/en\\\/#website\",\"url\":\"https:\\\/\\\/www.perce-verre.com\\\/en\\\/\",\"name\":\"Perc\u00e9-Verre\",\"description\":\"Cadeaux uniques et des cr\u00e9ations qu\u00e9b\u00e9coises\",\"potentialAction\":[{\"@type\":\"SearchAction\",\"target\":{\"@type\":\"EntryPoint\",\"urlTemplate\":\"https:\\\/\\\/www.perce-verre.com\\\/en\\\/?s={search_term_string}\"},\"query-input\":{\"@type\":\"PropertyValueSpecification\",\"valueRequired\":true,\"valueName\":\"search_term_string\"}}],\"inLanguage\":\"en-US\"}]}<\/script>\n<!-- \/ Yoast SEO plugin. -->","yoast_head_json":{"title":"Greeting card \"Sacha en Ville\" - Perc\u00e9-Verre","description":"\"Sacha en Ville\" greeting card featuring the refinement of Sasha the cat. Give the gift of art in card form! Free delivery!","robots":{"index":"index","follow":"follow","max-snippet":"max-snippet:-1","max-image-preview":"max-image-preview:large","max-video-preview":"max-video-preview:-1"},"canonical":"https:\/\/www.perce-verre.com\/en\/product\/greeting-card-sacha-en-ville\/","og_locale":"en_US","og_type":"article","og_title":"Greeting card \"Sacha en Ville\" - Perc\u00e9-Verre","og_description":"\"Sacha en Ville\" greeting card featuring the refinement of Sasha the cat. Give the gift of art in card form! Free delivery!","og_url":"https:\/\/www.perce-verre.com\/en\/product\/greeting-card-sacha-en-ville\/","og_site_name":"Perc\u00e9-Verre","article_modified_time":"2026-03-12T13:57:29+00:00","og_image":[{"width":1097,"height":768,"url":"https:\/\/www.perce-verre.com\/wp-content\/uploads\/2025\/01\/carte-de-souhaits_amour_greeting-cards_love_Cadeau_gift_cat_chat_Perce-Verre-2.jpg","type":"image\/jpeg"}],"twitter_card":"summary_large_image","twitter_misc":{"Est. reading time":"2 minutes"},"schema":{"@context":"https:\/\/schema.org","@graph":[{"@type":"WebPage","@id":"https:\/\/www.perce-verre.com\/en\/product\/greeting-card-sacha-en-ville\/","url":"https:\/\/www.perce-verre.com\/en\/product\/greeting-card-sacha-en-ville\/","name":"Greeting card \"Sacha en Ville\" - Perc\u00e9-Verre","isPartOf":{"@id":"https:\/\/www.perce-verre.com\/en\/#website"},"primaryImageOfPage":{"@id":"https:\/\/www.perce-verre.com\/en\/product\/greeting-card-sacha-en-ville\/#primaryimage"},"image":{"@id":"https:\/\/www.perce-verre.com\/en\/product\/greeting-card-sacha-en-ville\/#primaryimage"},"thumbnailUrl":"https:\/\/www.perce-verre.com\/wp-content\/uploads\/2025\/01\/carte-de-souhaits_amour_greeting-cards_love_Cadeau_gift_cat_chat_Perce-Verre-2.jpg","datePublished":"2026-03-12T13:57:28+00:00","dateModified":"2026-03-12T13:57:29+00:00","description":"\"Sacha en Ville\" greeting card featuring the refinement of Sasha the cat. Give the gift of art in card form! Free delivery!","breadcrumb":{"@id":"https:\/\/www.perce-verre.com\/en\/product\/greeting-card-sacha-en-ville\/#breadcrumb"},"inLanguage":"en-US","potentialAction":[{"@type":"ReadAction","target":["https:\/\/www.perce-verre.com\/en\/product\/greeting-card-sacha-en-ville\/"]}]},{"@type":"ImageObject","inLanguage":"en-US","@id":"https:\/\/www.perce-verre.com\/en\/product\/greeting-card-sacha-en-ville\/#primaryimage","url":"https:\/\/www.perce-verre.com\/wp-content\/uploads\/2025\/01\/carte-de-souhaits_amour_greeting-cards_love_Cadeau_gift_cat_chat_Perce-Verre-2.jpg","contentUrl":"https:\/\/www.perce-verre.com\/wp-content\/uploads\/2025\/01\/carte-de-souhaits_amour_greeting-cards_love_Cadeau_gift_cat_chat_Perce-Verre-2.jpg","width":1097,"height":768,"caption":"greeting card Sacha in town_amour_greeting cards_love_Cadeau_gift_cat_Perc\u00e9-Verre (1)"},{"@type":"BreadcrumbList","@id":"https:\/\/www.perce-verre.com\/en\/product\/greeting-card-sacha-en-ville\/#breadcrumb","itemListElement":[{"@type":"ListItem","position":1,"name":"Accueil","item":"https:\/\/www.perce-verre.com\/en\/"},{"@type":"ListItem","position":2,"name":"Store","item":"https:\/\/www.perce-verre.com\/en\/shop\/"},{"@type":"ListItem","position":3,"name":"Greeting card \u00ab\u00a0Sacha en Ville\u00a0\u00bb"}]},{"@type":"WebSite","@id":"https:\/\/www.perce-verre.com\/en\/#website","url":"https:\/\/www.perce-verre.com\/en\/","name":"Perc\u00e9-Verre","description":"Cadeaux uniques et des cr\u00e9ations qu\u00e9b\u00e9coises","potentialAction":[{"@type":"SearchAction","target":{"@type":"EntryPoint","urlTemplate":"https:\/\/www.perce-verre.com\/en\/?s={search_term_string}"},"query-input":{"@type":"PropertyValueSpecification","valueRequired":true,"valueName":"search_term_string"}}],"inLanguage":"en-US"}]}},"wcpa_form_fields":null,"_links":{"self":[{"href":"https:\/\/www.perce-verre.com\/en\/wp-json\/wp\/v2\/product\/14055","targetHints":{"allow":["GET"]}}],"collection":[{"href":"https:\/\/www.perce-verre.com\/en\/wp-json\/wp\/v2\/product"}],"about":[{"href":"https:\/\/www.perce-verre.com\/en\/wp-json\/wp\/v2\/types\/product"}],"replies":[{"embeddable":true,"href":"https:\/\/www.perce-verre.com\/en\/wp-json\/wp\/v2\/comments?post=14055"}],"wp:featuredmedia":[{"embeddable":true,"href":"https:\/\/www.perce-verre.com\/en\/wp-json\/wp\/v2\/media\/14009"}],"wp:attachment":[{"href":"https:\/\/www.perce-verre.com\/en\/wp-json\/wp\/v2\/media?parent=14055"}],"wp:term":[{"taxonomy":"product_brand","embeddable":true,"href":"https:\/\/www.perce-verre.com\/en\/wp-json\/wp\/v2\/product_brand?post=14055"},{"taxonomy":"product_cat","embeddable":true,"href":"https:\/\/www.perce-verre.com\/en\/wp-json\/wp\/v2\/product_cat?post=14055"},{"taxonomy":"product_tag","embeddable":true,"href":"https:\/\/www.perce-verre.com\/en\/wp-json\/wp\/v2\/product_tag?post=14055"},{"taxonomy":"giftcard-category","embeddable":true,"href":"https:\/\/www.perce-verre.com\/en\/wp-json\/wp\/v2\/giftcard-category?post=14055"}],"curies":[{"name":"wp","href":"https:\/\/api.w.org\/{rel}","templated":true}]}}