{"id":14333,"date":"2025-04-04T11:58:45","date_gmt":"2025-04-04T15:58:45","guid":{"rendered":"https:\/\/www.perce-verre.com\/?post_type=product&#038;p=14333"},"modified":"2025-04-28T12:30:16","modified_gmt":"2025-04-28T16:30:16","slug":"bobby-copie-copie-3","status":"publish","type":"product","link":"https:\/\/www.perce-verre.com\/en\/product\/bobby-copie-copie-3\/","title":{"rendered":"&#8220;Anatole"},"content":{"rendered":"<h2>Anatole, the candle king<\/h2>\n<h3>A passion like no other<\/h3>\n<p>Anatole isn&#8217;t just any puppy. No, what makes him tick, what excites him more than anything else, is&#8230; blowing out candles! But not just any candles: the kind that sit proudly on a birthday cake. No matter what the occasion, no matter whose cake it is, as soon as he spots a flickering flame, he&#8217;s ready for action.   <\/p>\n<h3>A party (almost) every day<\/h3>\n<p>If you&#8217;ve known Anatole for any length of time, you&#8217;ve probably already been fooled. He has a very special talent: making people believe that it&#8217;s his day almost every day! <\/p>\n<h4>A look that deceives<\/h4>\n<p>With his sparkling eyes and innocent air, he convinces people to bake him a cake, just for the pleasure of seeing candles on it. And no sooner have they crackled than he blows them out with unbridled excitement. <\/p>\n<h3>The cake? Not his problem <\/h3>\n<p>Contrary to what you might think, Anatole isn&#8217;t really interested in the cake itself.<\/p>\n<h4><a href=\"https:\/\/www.perce-verre.com\/en\/product\/bobby\/\">Bobby<\/a>, the gourmet accomplice<\/h4>\n<p>Once the candles have been extinguished, he turns away, leaving the delicacy to <a href=\"https:\/\/www.perce-verre.com\/en\/product\/bobby\/\">Bobby<\/a>, who takes the opportunity to gobble up the unattended portion. As for Anatole, he&#8217;s already looking for another opportunity to blow. <\/p>\n<h3>An amusing obsession<\/h3>\n<p>Anatole is a one-of-a-kind puppy. He turns every day into a potential party and puts a smile on the face of everyone around him. <\/p>\n<h4>A puppy to dream about<\/h4>\n<p>Even if some people are starting to get suspicious of his &#8220;fake birthday parties&#8221;, no one can hold it against him for long. After all, who could resist such an endearing puppy, with such a zany passion? <\/p>\n<h3><strong>Specifications<\/strong><\/h3>\n<ul>\n<li>Dimensions: 10 inches x 26 inches<\/li>\n<li>Materials:\n<ul>\n<li>Work in fused glass<\/li>\n<li>Quality framing with Italian wood mouldings<\/li>\n<li>Vinyl base resistant to humidity and temperature changes<\/li>\n<\/ul>\n<\/li>\n<\/ul>\n<p>To find out more about designer St\u00e9phanie B\u00e9land, <a href=\"https:\/\/www.perce-verre.com\/en\/about-us\/\">click here.<\/a> Follow us on our social networks for news, videos and behind-the-scenes looks at our creations.<a href=\"https:\/\/www.facebook.com\/perceverre\/\">(Facebook<\/a>, <a href=\"https:\/\/www.instagram.com\/perceverre\/\">Instagram<\/a>)<\/p>\n","protected":false},"excerpt":{"rendered":"<h2>Anatole, the candle-obsessed puppy<\/h2>\n<p>Anatole is a puppy obsessed with candles, especially the ones on birthday cakes. He manages to pretend it&#8217;s his birthday almost every day, just to blow out the candles with gusto. Once the candles are out, he leaves the cake to <a href=\"https:\/\/www.perce-verre.com\/en\/product\/bobby\/\">Bobby<\/a>, who takes the opportunity to eat. Anatole isn&#8217;t interested in the cake, but in the act of blowing out the candles. His hilarious obsession turns every day into a party and makes everyone around him smile, despite his little tricks.    <\/p>\n<p>Specifications<\/p>\n<ul>\n<li>Dimensions: 10 inches x 26 inches<\/li>\n<li>Materials:\n<ul>\n<li>Work in fused glass<\/li>\n<li>Quality framing with Italian wood mouldings<\/li>\n<li>Vinyl base resistant to humidity and temperature changes<\/li>\n<\/ul>\n<\/li>\n<\/ul>\n","protected":false},"featured_media":14318,"comment_status":"open","ping_status":"closed","template":"","meta":[],"product_brand":[],"product_cat":[1429,545,919],"product_tag":[533,534,536,872,922],"giftcard-category":[],"class_list":{"0":"post-14333","1":"product","2":"type-product","3":"status-publish","4":"has-post-thumbnail","6":"product_cat-animal-collection","7":"product_cat-decoration-en","8":"product_cat-dogs-collection-decoration","9":"product_tag-art-en","10":"product_tag-gift","11":"product_tag-gift-idea","12":"product_tag-mural-work-en","13":"product_tag-puppy","15":"first","16":"instock","17":"taxable","18":"shipping-taxable","19":"purchasable","20":"product-type-simple"},"yoast_head":"<!-- This site is optimized with the Yoast SEO plugin v27.4 - https:\/\/yoast.com\/product\/yoast-seo-wordpress\/ -->\n<title>&quot;Anatole - Perc\u00e9-Verre<\/title>\n<meta name=\"description\" content=\"Anatole isn&#039;t just any puppy. No, what makes him tick, what excites him more than anything else, is... blowing out candles!\" \/>\n<meta name=\"robots\" content=\"index, follow, max-snippet:-1, max-image-preview:large, max-video-preview:-1\" \/>\n<link rel=\"canonical\" href=\"https:\/\/www.perce-verre.com\/en\/product\/bobby-copie-copie-3\/\" \/>\n<meta property=\"og:locale\" content=\"en_US\" \/>\n<meta property=\"og:type\" content=\"article\" \/>\n<meta property=\"og:title\" content=\"&quot;Anatole - Perc\u00e9-Verre\" \/>\n<meta property=\"og:description\" content=\"Anatole isn&#039;t just any puppy. No, what makes him tick, what excites him more than anything else, is... blowing out candles!\" \/>\n<meta property=\"og:url\" content=\"https:\/\/www.perce-verre.com\/en\/product\/bobby-copie-copie-3\/\" \/>\n<meta property=\"og:site_name\" content=\"Perc\u00e9-Verre\" \/>\n<meta property=\"article:modified_time\" content=\"2025-04-28T16:30:16+00:00\" \/>\n<meta property=\"og:image\" content=\"https:\/\/www.perce-verre.com\/wp-content\/uploads\/2025\/03\/ANATOLE_Collection-chiens_Oeuvre_Art-Deco_Glass-artwork_verre-fusionne_perce-verre-2.jpg\" \/>\n\t<meta property=\"og:image:width\" content=\"900\" \/>\n\t<meta property=\"og:image:height\" content=\"630\" \/>\n\t<meta property=\"og:image:type\" content=\"image\/jpeg\" \/>\n<meta name=\"twitter:card\" content=\"summary_large_image\" \/>\n<meta name=\"twitter:label1\" content=\"Est. reading time\" \/>\n\t<meta name=\"twitter:data1\" content=\"2 minutes\" \/>\n<script type=\"application\/ld+json\" class=\"yoast-schema-graph\">{\"@context\":\"https:\\\/\\\/schema.org\",\"@graph\":[{\"@type\":\"WebPage\",\"@id\":\"https:\\\/\\\/www.perce-verre.com\\\/en\\\/product\\\/bobby-copie-copie-3\\\/\",\"url\":\"https:\\\/\\\/www.perce-verre.com\\\/en\\\/product\\\/bobby-copie-copie-3\\\/\",\"name\":\"\\\"Anatole - Perc\u00e9-Verre\",\"isPartOf\":{\"@id\":\"https:\\\/\\\/www.perce-verre.com\\\/en\\\/#website\"},\"primaryImageOfPage\":{\"@id\":\"https:\\\/\\\/www.perce-verre.com\\\/en\\\/product\\\/bobby-copie-copie-3\\\/#primaryimage\"},\"image\":{\"@id\":\"https:\\\/\\\/www.perce-verre.com\\\/en\\\/product\\\/bobby-copie-copie-3\\\/#primaryimage\"},\"thumbnailUrl\":\"https:\\\/\\\/www.perce-verre.com\\\/wp-content\\\/uploads\\\/2025\\\/03\\\/ANATOLE_Collection-chiens_Oeuvre_Art-Deco_Glass-artwork_verre-fusionne_perce-verre-2.jpg\",\"datePublished\":\"2025-04-04T15:58:45+00:00\",\"dateModified\":\"2025-04-28T16:30:16+00:00\",\"description\":\"Anatole isn't just any puppy. No, what makes him tick, what excites him more than anything else, is... blowing out candles!\",\"breadcrumb\":{\"@id\":\"https:\\\/\\\/www.perce-verre.com\\\/en\\\/product\\\/bobby-copie-copie-3\\\/#breadcrumb\"},\"inLanguage\":\"en-US\",\"potentialAction\":[{\"@type\":\"ReadAction\",\"target\":[\"https:\\\/\\\/www.perce-verre.com\\\/en\\\/product\\\/bobby-copie-copie-3\\\/\"]}]},{\"@type\":\"ImageObject\",\"inLanguage\":\"en-US\",\"@id\":\"https:\\\/\\\/www.perce-verre.com\\\/en\\\/product\\\/bobby-copie-copie-3\\\/#primaryimage\",\"url\":\"https:\\\/\\\/www.perce-verre.com\\\/wp-content\\\/uploads\\\/2025\\\/03\\\/ANATOLE_Collection-chiens_Oeuvre_Art-Deco_Glass-artwork_verre-fusionne_perce-verre-2.jpg\",\"contentUrl\":\"https:\\\/\\\/www.perce-verre.com\\\/wp-content\\\/uploads\\\/2025\\\/03\\\/ANATOLE_Collection-chiens_Oeuvre_Art-Deco_Glass-artwork_verre-fusionne_perce-verre-2.jpg\",\"width\":900,\"height\":630,\"caption\":\"ANATOLE_Collection-chiens_Oeuvre_Art-Deco_Glass-artwork_verre-fusionne_perce-verre\"},{\"@type\":\"BreadcrumbList\",\"@id\":\"https:\\\/\\\/www.perce-verre.com\\\/en\\\/product\\\/bobby-copie-copie-3\\\/#breadcrumb\",\"itemListElement\":[{\"@type\":\"ListItem\",\"position\":1,\"name\":\"Accueil\",\"item\":\"https:\\\/\\\/www.perce-verre.com\\\/en\\\/\"},{\"@type\":\"ListItem\",\"position\":2,\"name\":\"Store\",\"item\":\"https:\\\/\\\/www.perce-verre.com\\\/en\\\/shop\\\/\"},{\"@type\":\"ListItem\",\"position\":3,\"name\":\"&#8220;Anatole\"}]},{\"@type\":\"WebSite\",\"@id\":\"https:\\\/\\\/www.perce-verre.com\\\/en\\\/#website\",\"url\":\"https:\\\/\\\/www.perce-verre.com\\\/en\\\/\",\"name\":\"Perc\u00e9-Verre\",\"description\":\"Cadeaux uniques et des cr\u00e9ations qu\u00e9b\u00e9coises\",\"potentialAction\":[{\"@type\":\"SearchAction\",\"target\":{\"@type\":\"EntryPoint\",\"urlTemplate\":\"https:\\\/\\\/www.perce-verre.com\\\/en\\\/?s={search_term_string}\"},\"query-input\":{\"@type\":\"PropertyValueSpecification\",\"valueRequired\":true,\"valueName\":\"search_term_string\"}}],\"inLanguage\":\"en-US\"}]}<\/script>\n<!-- \/ Yoast SEO plugin. -->","yoast_head_json":{"title":"\"Anatole - Perc\u00e9-Verre","description":"Anatole isn't just any puppy. No, what makes him tick, what excites him more than anything else, is... blowing out candles!","robots":{"index":"index","follow":"follow","max-snippet":"max-snippet:-1","max-image-preview":"max-image-preview:large","max-video-preview":"max-video-preview:-1"},"canonical":"https:\/\/www.perce-verre.com\/en\/product\/bobby-copie-copie-3\/","og_locale":"en_US","og_type":"article","og_title":"\"Anatole - Perc\u00e9-Verre","og_description":"Anatole isn't just any puppy. No, what makes him tick, what excites him more than anything else, is... blowing out candles!","og_url":"https:\/\/www.perce-verre.com\/en\/product\/bobby-copie-copie-3\/","og_site_name":"Perc\u00e9-Verre","article_modified_time":"2025-04-28T16:30:16+00:00","og_image":[{"width":900,"height":630,"url":"https:\/\/www.perce-verre.com\/wp-content\/uploads\/2025\/03\/ANATOLE_Collection-chiens_Oeuvre_Art-Deco_Glass-artwork_verre-fusionne_perce-verre-2.jpg","type":"image\/jpeg"}],"twitter_card":"summary_large_image","twitter_misc":{"Est. reading time":"2 minutes"},"schema":{"@context":"https:\/\/schema.org","@graph":[{"@type":"WebPage","@id":"https:\/\/www.perce-verre.com\/en\/product\/bobby-copie-copie-3\/","url":"https:\/\/www.perce-verre.com\/en\/product\/bobby-copie-copie-3\/","name":"\"Anatole - Perc\u00e9-Verre","isPartOf":{"@id":"https:\/\/www.perce-verre.com\/en\/#website"},"primaryImageOfPage":{"@id":"https:\/\/www.perce-verre.com\/en\/product\/bobby-copie-copie-3\/#primaryimage"},"image":{"@id":"https:\/\/www.perce-verre.com\/en\/product\/bobby-copie-copie-3\/#primaryimage"},"thumbnailUrl":"https:\/\/www.perce-verre.com\/wp-content\/uploads\/2025\/03\/ANATOLE_Collection-chiens_Oeuvre_Art-Deco_Glass-artwork_verre-fusionne_perce-verre-2.jpg","datePublished":"2025-04-04T15:58:45+00:00","dateModified":"2025-04-28T16:30:16+00:00","description":"Anatole isn't just any puppy. No, what makes him tick, what excites him more than anything else, is... blowing out candles!","breadcrumb":{"@id":"https:\/\/www.perce-verre.com\/en\/product\/bobby-copie-copie-3\/#breadcrumb"},"inLanguage":"en-US","potentialAction":[{"@type":"ReadAction","target":["https:\/\/www.perce-verre.com\/en\/product\/bobby-copie-copie-3\/"]}]},{"@type":"ImageObject","inLanguage":"en-US","@id":"https:\/\/www.perce-verre.com\/en\/product\/bobby-copie-copie-3\/#primaryimage","url":"https:\/\/www.perce-verre.com\/wp-content\/uploads\/2025\/03\/ANATOLE_Collection-chiens_Oeuvre_Art-Deco_Glass-artwork_verre-fusionne_perce-verre-2.jpg","contentUrl":"https:\/\/www.perce-verre.com\/wp-content\/uploads\/2025\/03\/ANATOLE_Collection-chiens_Oeuvre_Art-Deco_Glass-artwork_verre-fusionne_perce-verre-2.jpg","width":900,"height":630,"caption":"ANATOLE_Collection-chiens_Oeuvre_Art-Deco_Glass-artwork_verre-fusionne_perce-verre"},{"@type":"BreadcrumbList","@id":"https:\/\/www.perce-verre.com\/en\/product\/bobby-copie-copie-3\/#breadcrumb","itemListElement":[{"@type":"ListItem","position":1,"name":"Accueil","item":"https:\/\/www.perce-verre.com\/en\/"},{"@type":"ListItem","position":2,"name":"Store","item":"https:\/\/www.perce-verre.com\/en\/shop\/"},{"@type":"ListItem","position":3,"name":"&#8220;Anatole"}]},{"@type":"WebSite","@id":"https:\/\/www.perce-verre.com\/en\/#website","url":"https:\/\/www.perce-verre.com\/en\/","name":"Perc\u00e9-Verre","description":"Cadeaux uniques et des cr\u00e9ations qu\u00e9b\u00e9coises","potentialAction":[{"@type":"SearchAction","target":{"@type":"EntryPoint","urlTemplate":"https:\/\/www.perce-verre.com\/en\/?s={search_term_string}"},"query-input":{"@type":"PropertyValueSpecification","valueRequired":true,"valueName":"search_term_string"}}],"inLanguage":"en-US"}]}},"wcpa_form_fields":null,"_links":{"self":[{"href":"https:\/\/www.perce-verre.com\/en\/wp-json\/wp\/v2\/product\/14333","targetHints":{"allow":["GET"]}}],"collection":[{"href":"https:\/\/www.perce-verre.com\/en\/wp-json\/wp\/v2\/product"}],"about":[{"href":"https:\/\/www.perce-verre.com\/en\/wp-json\/wp\/v2\/types\/product"}],"replies":[{"embeddable":true,"href":"https:\/\/www.perce-verre.com\/en\/wp-json\/wp\/v2\/comments?post=14333"}],"wp:featuredmedia":[{"embeddable":true,"href":"https:\/\/www.perce-verre.com\/en\/wp-json\/wp\/v2\/media\/14318"}],"wp:attachment":[{"href":"https:\/\/www.perce-verre.com\/en\/wp-json\/wp\/v2\/media?parent=14333"}],"wp:term":[{"taxonomy":"product_brand","embeddable":true,"href":"https:\/\/www.perce-verre.com\/en\/wp-json\/wp\/v2\/product_brand?post=14333"},{"taxonomy":"product_cat","embeddable":true,"href":"https:\/\/www.perce-verre.com\/en\/wp-json\/wp\/v2\/product_cat?post=14333"},{"taxonomy":"product_tag","embeddable":true,"href":"https:\/\/www.perce-verre.com\/en\/wp-json\/wp\/v2\/product_tag?post=14333"},{"taxonomy":"giftcard-category","embeddable":true,"href":"https:\/\/www.perce-verre.com\/en\/wp-json\/wp\/v2\/giftcard-category?post=14333"}],"curies":[{"name":"wp","href":"https:\/\/api.w.org\/{rel}","templated":true}]}}