{"id":14389,"date":"2025-04-10T14:29:38","date_gmt":"2025-04-10T18:29:38","guid":{"rendered":"https:\/\/www.perce-verre.com\/?post_type=product&#038;p=14389"},"modified":"2025-06-09T14:00:52","modified_gmt":"2025-06-09T18:00:52","slug":"the-colette-generation","status":"publish","type":"product","link":"https:\/\/www.perce-verre.com\/en\/product\/the-colette-generation\/","title":{"rendered":"The &#8220;Colette&#8221; generation"},"content":{"rendered":"<h3 class=\"\" data-start=\"42\" data-end=\"122\">Les Chats de Laboratoire &#8211; Limited edition series: <strong data-start=\"100\" data-end=\"122\">Generation Colette<\/strong><\/h3>\n<p class=\"\" data-start=\"124\" data-end=\"213\">Welcome to a whole new world from <strong data-start=\"168\" data-end=\"183\">Perc\u00e9-Verre<\/strong>: <em data-start=\"186\" data-end=\"212\">Les Chats de Laboratoire<\/em>.<\/p>\n<p class=\"\" data-start=\"215\" data-end=\"499\">Inspired by the colorful, expressive world of the &#8220;pedigree&#8221; cat collection, this series features works in fused glass. The works are produced in small, limited editions, in a more accessible <strong data-start=\"432\" data-end=\"448\">5 x 7 inch<\/strong> format, presented in a simple, elegant photo frame. <\/p>\n<p class=\"\" data-start=\"501\" data-end=\"715\">Each cat is <strong data-start=\"517\" data-end=\"554\">numbered, signed and dated by hand<\/strong>, accompanied by an artist&#8217;s label, like a unique imprint.<br data-start=\"624\" data-end=\"627\">They don&#8217;t have names.<br data-start=\"653\" data-end=\"656\">They don&#8217;t have histories.<br data-start=\"681\" data-end=\"684\">But they&#8217;ve got a hell of a mouth.<\/p>\n<p class=\"\" data-start=\"717\" data-end=\"865\">\ud83d\udca5 They&#8217;re funny, endearing and a little delinquent.<br data-start=\"769\" data-end=\"772\">They each exude a different vibe &#8211; but always in the <strong data-start=\"849\" data-end=\"864\">Perc\u00e9-Verre<\/strong> spirit.<\/p>\n<p class=\"\" data-start=\"867\" data-end=\"1336\">This specimen is part of <strong data-start=\"900\" data-end=\"922\">Generation Colette<\/strong>, an artistic line inspired by the original <strong data-start=\"976\" data-end=\"989\">\u201c<a href=\"https:\/\/www.perce-verre.com\/en\/product\/colette\/\">Colette<\/a>\u201d,<\/strong> the slender, mysterious cat from the high-end collection.<br data-start=\"1055\" data-end=\"1058\">We&#8217;re not talking about a reproduction here, but rather an artistic offspring! A series of elegant, graceful clones, created with the same energy, sleek curves and quirky personality that made Colette such a household name. <\/p>\n<p class=\"\" data-start=\"1338\" data-end=\"1522\">\ud83e\uddea <em data-start=\"1341\" data-end=\"1367\">Les Chats de Laboratoire<\/em> is a gateway to the world of <strong data-start=\"1409\" data-end=\"1424\">Perc\u00e9-Verre<\/strong> &#8211; a lighter, more accessible format, but with all the character and soul of the great works.<\/p>\n<p class=\"\" data-start=\"1524\" data-end=\"1706\">Whether you want to start a collection, give an original gift or bring home a little piece of art: <strong data-start=\"1646\" data-end=\"1706\">adopt your specimen before it escapes the lab.<\/strong><\/p>\n<p>Dimensions: 5 inches x 7 inches<\/p>\n<p>Materials:<br \/>\n-Fused glass<br \/>\n-Stainless steel frame<\/p>\n<p>To find out more about designer St\u00e9phanie B\u00e9land, <a href=\"https:\/\/www.perce-verre.com\/en\/about-us\/\">click here.<\/a> Follow us on our social networks for news, videos and behind-the-scenes looks at our creations.<a href=\"https:\/\/www.facebook.com\/perceverre\/\">(Facebook<\/a>, <a href=\"https:\/\/www.instagram.com\/perceverre\/\">Instagram<\/a>)<\/p>\n","protected":false},"excerpt":{"rendered":"<h3 class=\"\" data-start=\"42\" data-end=\"122\">Les Chats de Laboratoire &#8211; Limited edition series: <strong data-start=\"100\" data-end=\"122\">Generation Colette<\/strong><\/h3>\n<p class=\"\" data-start=\"124\" data-end=\"213\">Welcome to a whole new world from <strong data-start=\"168\" data-end=\"183\">Perc\u00e9-Verre<\/strong>: <em data-start=\"186\" data-end=\"212\">Les Chats de Laboratoire<\/em>.<\/p>\n<p class=\"\" data-start=\"215\" data-end=\"499\">Inspired by the colorful, expressive world of the &#8220;pedigree&#8221; cat collection, this series features works in fused glass. The works are produced in small, limited editions, in a more accessible <strong data-start=\"432\" data-end=\"448\">5 x 7 inch<\/strong> format, presented in a simple, elegant photo frame. <\/p>\n<p class=\"\" data-start=\"501\" data-end=\"715\">Each cat is <strong data-start=\"517\" data-end=\"554\">numbered, signed and dated by hand<\/strong>, accompanied by an artist&#8217;s label, like a unique imprint.<br data-start=\"624\" data-end=\"627\">They don&#8217;t have names.<br data-start=\"653\" data-end=\"656\">They don&#8217;t have histories.<br data-start=\"681\" data-end=\"684\">But they&#8217;ve got a hell of a mouth.<\/p>\n<p class=\"\" data-start=\"717\" data-end=\"865\">\ud83d\udca5 They&#8217;re funny, endearing and a little delinquent.<br data-start=\"769\" data-end=\"772\">They each exude a different vibe &#8211; but always in the <strong data-start=\"849\" data-end=\"864\">Perc\u00e9-Verre<\/strong> spirit.<\/p>\n<p class=\"\" data-start=\"867\" data-end=\"1336\">This specimen is part of <strong data-start=\"900\" data-end=\"922\">Generation Colette<\/strong>, an artistic lineage inspired by the original <strong data-start=\"976\" data-end=\"989\">&#8220;<a href=\"https:\/\/www.perce-verre.com\/en\/product\/colette\/\">Colette<\/a>&#8220;,<\/strong> the slender, mysterious cat in the high-end collection.<br data-start=\"1055\" data-end=\"1058\">We&#8217;re not talking about a reproduction here, but rather an <strong data-start=\"1116\" data-end=\"1142\">artistic offspring<\/strong>: a series of elegant, graceful clones, created from the same energy, the same sleek curves and that slightly offbeat personality that made Colette such an essential figure.<\/p>\n<p class=\"\" data-start=\"1338\" data-end=\"1522\">\ud83e\uddea <em data-start=\"1341\" data-end=\"1367\">Les Chats de Laboratoire<\/em> is a gateway to the world of <strong data-start=\"1409\" data-end=\"1424\">Perc\u00e9-Verre<\/strong> &#8211; a lighter, more accessible format, but with all the character and soul of the great works.<\/p>\n<p class=\"\" data-start=\"1524\" data-end=\"1706\">Whether you want to start a collection, give an original gift or bring home a little piece of art: <strong data-start=\"1646\" data-end=\"1706\">adopt your specimen before it escapes the lab.<\/strong><\/p>\n<p>&nbsp;<\/p>\n<p>FREE SHIPPING!<\/p>\n","protected":false},"featured_media":14408,"comment_status":"closed","ping_status":"closed","template":"","meta":[],"product_brand":[],"product_cat":[1429,545,925],"product_tag":[552,924,554,558,560],"giftcard-category":[],"class_list":{"0":"post-14389","1":"product","2":"type-product","3":"status-publish","4":"has-post-thumbnail","6":"product_cat-animal-collection","7":"product_cat-decoration-en","8":"product_cat-laboratory-cats","9":"product_tag-art-deco-en","10":"product_tag-black-cat","11":"product_tag-cat","12":"product_tag-decoration-en","13":"product_tag-work-of-art","15":"first","16":"instock","17":"taxable","18":"shipping-taxable","19":"purchasable","20":"product-type-simple"},"yoast_head":"<!-- This site is optimized with the Yoast SEO plugin v27.4 - https:\/\/yoast.com\/product\/yoast-seo-wordpress\/ -->\n<title>The &quot;Colette&quot; generation - Perc\u00e9-Verre<\/title>\n<meta name=\"description\" content=\"Generation Colette: fused glass cat, inspired by Colette. Limited series, signed and numbered. A Perc\u00e9-Verre collection you can&#039;t afford to miss!\" \/>\n<meta name=\"robots\" content=\"index, follow, max-snippet:-1, max-image-preview:large, max-video-preview:-1\" \/>\n<link rel=\"canonical\" href=\"https:\/\/www.perce-verre.com\/en\/product\/the-colette-generation\/\" \/>\n<meta property=\"og:locale\" content=\"en_US\" \/>\n<meta property=\"og:type\" content=\"article\" \/>\n<meta property=\"og:title\" content=\"The &quot;Colette&quot; generation - Perc\u00e9-Verre\" \/>\n<meta property=\"og:description\" content=\"Generation Colette: fused glass cat, inspired by Colette. Limited series, signed and numbered. A Perc\u00e9-Verre collection you can&#039;t afford to miss!\" \/>\n<meta property=\"og:url\" content=\"https:\/\/www.perce-verre.com\/en\/product\/the-colette-generation\/\" \/>\n<meta property=\"og:site_name\" content=\"Perc\u00e9-Verre\" \/>\n<meta property=\"article:modified_time\" content=\"2025-06-09T18:00:52+00:00\" \/>\n<meta property=\"og:image\" content=\"https:\/\/www.perce-verre.com\/wp-content\/uploads\/2025\/04\/chat-en-verre-fusionne-art-deco-colore_COLETTE-1.jpg\" \/>\n\t<meta property=\"og:image:width\" content=\"2025\" \/>\n\t<meta property=\"og:image:height\" content=\"1418\" \/>\n\t<meta property=\"og:image:type\" content=\"image\/jpeg\" \/>\n<meta name=\"twitter:card\" content=\"summary_large_image\" \/>\n<meta name=\"twitter:label1\" content=\"Est. reading time\" \/>\n\t<meta name=\"twitter:data1\" content=\"1 minute\" \/>\n<script type=\"application\/ld+json\" class=\"yoast-schema-graph\">{\"@context\":\"https:\\\/\\\/schema.org\",\"@graph\":[{\"@type\":\"WebPage\",\"@id\":\"https:\\\/\\\/www.perce-verre.com\\\/en\\\/product\\\/the-colette-generation\\\/\",\"url\":\"https:\\\/\\\/www.perce-verre.com\\\/en\\\/product\\\/the-colette-generation\\\/\",\"name\":\"The \\\"Colette\\\" generation - Perc\u00e9-Verre\",\"isPartOf\":{\"@id\":\"https:\\\/\\\/www.perce-verre.com\\\/en\\\/#website\"},\"primaryImageOfPage\":{\"@id\":\"https:\\\/\\\/www.perce-verre.com\\\/en\\\/product\\\/the-colette-generation\\\/#primaryimage\"},\"image\":{\"@id\":\"https:\\\/\\\/www.perce-verre.com\\\/en\\\/product\\\/the-colette-generation\\\/#primaryimage\"},\"thumbnailUrl\":\"https:\\\/\\\/www.perce-verre.com\\\/wp-content\\\/uploads\\\/2025\\\/04\\\/chat-en-verre-fusionne-art-deco-colore_COLETTE-1.jpg\",\"datePublished\":\"2025-04-10T18:29:38+00:00\",\"dateModified\":\"2025-06-09T18:00:52+00:00\",\"description\":\"Generation Colette: fused glass cat, inspired by Colette. Limited series, signed and numbered. A Perc\u00e9-Verre collection you can't afford to miss!\",\"breadcrumb\":{\"@id\":\"https:\\\/\\\/www.perce-verre.com\\\/en\\\/product\\\/the-colette-generation\\\/#breadcrumb\"},\"inLanguage\":\"en-US\",\"potentialAction\":[{\"@type\":\"ReadAction\",\"target\":[\"https:\\\/\\\/www.perce-verre.com\\\/en\\\/product\\\/the-colette-generation\\\/\"]}]},{\"@type\":\"ImageObject\",\"inLanguage\":\"en-US\",\"@id\":\"https:\\\/\\\/www.perce-verre.com\\\/en\\\/product\\\/the-colette-generation\\\/#primaryimage\",\"url\":\"https:\\\/\\\/www.perce-verre.com\\\/wp-content\\\/uploads\\\/2025\\\/04\\\/chat-en-verre-fusionne-art-deco-colore_COLETTE-1.jpg\",\"contentUrl\":\"https:\\\/\\\/www.perce-verre.com\\\/wp-content\\\/uploads\\\/2025\\\/04\\\/chat-en-verre-fusionne-art-deco-colore_COLETTE-1.jpg\",\"width\":2025,\"height\":1418,\"caption\":\"cat-in-glass-fused-art-deco-colored_COLETTE\"},{\"@type\":\"BreadcrumbList\",\"@id\":\"https:\\\/\\\/www.perce-verre.com\\\/en\\\/product\\\/the-colette-generation\\\/#breadcrumb\",\"itemListElement\":[{\"@type\":\"ListItem\",\"position\":1,\"name\":\"Accueil\",\"item\":\"https:\\\/\\\/www.perce-verre.com\\\/en\\\/\"},{\"@type\":\"ListItem\",\"position\":2,\"name\":\"Store\",\"item\":\"https:\\\/\\\/www.perce-verre.com\\\/en\\\/shop\\\/\"},{\"@type\":\"ListItem\",\"position\":3,\"name\":\"The &#8220;Colette&#8221; generation\"}]},{\"@type\":\"WebSite\",\"@id\":\"https:\\\/\\\/www.perce-verre.com\\\/en\\\/#website\",\"url\":\"https:\\\/\\\/www.perce-verre.com\\\/en\\\/\",\"name\":\"Perc\u00e9-Verre\",\"description\":\"Cadeaux uniques et des cr\u00e9ations qu\u00e9b\u00e9coises\",\"potentialAction\":[{\"@type\":\"SearchAction\",\"target\":{\"@type\":\"EntryPoint\",\"urlTemplate\":\"https:\\\/\\\/www.perce-verre.com\\\/en\\\/?s={search_term_string}\"},\"query-input\":{\"@type\":\"PropertyValueSpecification\",\"valueRequired\":true,\"valueName\":\"search_term_string\"}}],\"inLanguage\":\"en-US\"}]}<\/script>\n<!-- \/ Yoast SEO plugin. -->","yoast_head_json":{"title":"The \"Colette\" generation - Perc\u00e9-Verre","description":"Generation Colette: fused glass cat, inspired by Colette. Limited series, signed and numbered. A Perc\u00e9-Verre collection you can't afford to miss!","robots":{"index":"index","follow":"follow","max-snippet":"max-snippet:-1","max-image-preview":"max-image-preview:large","max-video-preview":"max-video-preview:-1"},"canonical":"https:\/\/www.perce-verre.com\/en\/product\/the-colette-generation\/","og_locale":"en_US","og_type":"article","og_title":"The \"Colette\" generation - Perc\u00e9-Verre","og_description":"Generation Colette: fused glass cat, inspired by Colette. Limited series, signed and numbered. A Perc\u00e9-Verre collection you can't afford to miss!","og_url":"https:\/\/www.perce-verre.com\/en\/product\/the-colette-generation\/","og_site_name":"Perc\u00e9-Verre","article_modified_time":"2025-06-09T18:00:52+00:00","og_image":[{"width":2025,"height":1418,"url":"https:\/\/www.perce-verre.com\/wp-content\/uploads\/2025\/04\/chat-en-verre-fusionne-art-deco-colore_COLETTE-1.jpg","type":"image\/jpeg"}],"twitter_card":"summary_large_image","twitter_misc":{"Est. reading time":"1 minute"},"schema":{"@context":"https:\/\/schema.org","@graph":[{"@type":"WebPage","@id":"https:\/\/www.perce-verre.com\/en\/product\/the-colette-generation\/","url":"https:\/\/www.perce-verre.com\/en\/product\/the-colette-generation\/","name":"The \"Colette\" generation - Perc\u00e9-Verre","isPartOf":{"@id":"https:\/\/www.perce-verre.com\/en\/#website"},"primaryImageOfPage":{"@id":"https:\/\/www.perce-verre.com\/en\/product\/the-colette-generation\/#primaryimage"},"image":{"@id":"https:\/\/www.perce-verre.com\/en\/product\/the-colette-generation\/#primaryimage"},"thumbnailUrl":"https:\/\/www.perce-verre.com\/wp-content\/uploads\/2025\/04\/chat-en-verre-fusionne-art-deco-colore_COLETTE-1.jpg","datePublished":"2025-04-10T18:29:38+00:00","dateModified":"2025-06-09T18:00:52+00:00","description":"Generation Colette: fused glass cat, inspired by Colette. Limited series, signed and numbered. A Perc\u00e9-Verre collection you can't afford to miss!","breadcrumb":{"@id":"https:\/\/www.perce-verre.com\/en\/product\/the-colette-generation\/#breadcrumb"},"inLanguage":"en-US","potentialAction":[{"@type":"ReadAction","target":["https:\/\/www.perce-verre.com\/en\/product\/the-colette-generation\/"]}]},{"@type":"ImageObject","inLanguage":"en-US","@id":"https:\/\/www.perce-verre.com\/en\/product\/the-colette-generation\/#primaryimage","url":"https:\/\/www.perce-verre.com\/wp-content\/uploads\/2025\/04\/chat-en-verre-fusionne-art-deco-colore_COLETTE-1.jpg","contentUrl":"https:\/\/www.perce-verre.com\/wp-content\/uploads\/2025\/04\/chat-en-verre-fusionne-art-deco-colore_COLETTE-1.jpg","width":2025,"height":1418,"caption":"cat-in-glass-fused-art-deco-colored_COLETTE"},{"@type":"BreadcrumbList","@id":"https:\/\/www.perce-verre.com\/en\/product\/the-colette-generation\/#breadcrumb","itemListElement":[{"@type":"ListItem","position":1,"name":"Accueil","item":"https:\/\/www.perce-verre.com\/en\/"},{"@type":"ListItem","position":2,"name":"Store","item":"https:\/\/www.perce-verre.com\/en\/shop\/"},{"@type":"ListItem","position":3,"name":"The &#8220;Colette&#8221; generation"}]},{"@type":"WebSite","@id":"https:\/\/www.perce-verre.com\/en\/#website","url":"https:\/\/www.perce-verre.com\/en\/","name":"Perc\u00e9-Verre","description":"Cadeaux uniques et des cr\u00e9ations qu\u00e9b\u00e9coises","potentialAction":[{"@type":"SearchAction","target":{"@type":"EntryPoint","urlTemplate":"https:\/\/www.perce-verre.com\/en\/?s={search_term_string}"},"query-input":{"@type":"PropertyValueSpecification","valueRequired":true,"valueName":"search_term_string"}}],"inLanguage":"en-US"}]}},"wcpa_form_fields":null,"_links":{"self":[{"href":"https:\/\/www.perce-verre.com\/en\/wp-json\/wp\/v2\/product\/14389","targetHints":{"allow":["GET"]}}],"collection":[{"href":"https:\/\/www.perce-verre.com\/en\/wp-json\/wp\/v2\/product"}],"about":[{"href":"https:\/\/www.perce-verre.com\/en\/wp-json\/wp\/v2\/types\/product"}],"replies":[{"embeddable":true,"href":"https:\/\/www.perce-verre.com\/en\/wp-json\/wp\/v2\/comments?post=14389"}],"wp:featuredmedia":[{"embeddable":true,"href":"https:\/\/www.perce-verre.com\/en\/wp-json\/wp\/v2\/media\/14408"}],"wp:attachment":[{"href":"https:\/\/www.perce-verre.com\/en\/wp-json\/wp\/v2\/media?parent=14389"}],"wp:term":[{"taxonomy":"product_brand","embeddable":true,"href":"https:\/\/www.perce-verre.com\/en\/wp-json\/wp\/v2\/product_brand?post=14389"},{"taxonomy":"product_cat","embeddable":true,"href":"https:\/\/www.perce-verre.com\/en\/wp-json\/wp\/v2\/product_cat?post=14389"},{"taxonomy":"product_tag","embeddable":true,"href":"https:\/\/www.perce-verre.com\/en\/wp-json\/wp\/v2\/product_tag?post=14389"},{"taxonomy":"giftcard-category","embeddable":true,"href":"https:\/\/www.perce-verre.com\/en\/wp-json\/wp\/v2\/giftcard-category?post=14389"}],"curies":[{"name":"wp","href":"https:\/\/api.w.org\/{rel}","templated":true}]}}