{"id":14390,"date":"2025-04-10T14:29:29","date_gmt":"2025-04-10T18:29:29","guid":{"rendered":"https:\/\/www.perce-verre.com\/produit\/oscar-generation\/"},"modified":"2025-04-10T16:28:51","modified_gmt":"2025-04-10T20:28:51","slug":"oscars-generation","status":"publish","type":"product","link":"https:\/\/www.perce-verre.com\/en\/product\/oscars-generation\/","title":{"rendered":"Oscar&#8217;s Generation"},"content":{"rendered":"<h3 class=\"\" data-start=\"118\" data-end=\"196\">Laboratory Cats &#8211; Limited edition series: Oscar&#8217;s Generation<\/h3>\n<p class=\"\" data-start=\"198\" data-end=\"287\">Welcome to a whole new world from <strong data-start=\"242\" data-end=\"257\">Perc\u00e9-Verre<\/strong>: Laboratory Cats.<\/p>\n<p class=\"\" data-start=\"289\" data-end=\"573\">Inspired by the colorful, expressive world of the &#8220;pedigree&#8221; cat collection, this series features works in fused glass. Oscar&#8217;s Generation is produced in small, limited editions, in a more accessible <strong data-start=\"506\" data-end=\"522\">5 x 7 inch<\/strong> format, presented in a simple, elegant photo frame.<\/p>\n<p class=\"\" data-start=\"575\" data-end=\"789\">Each cat is <strong data-start=\"591\" data-end=\"628\">numbered, signed and dated by hand<\/strong>, accompanied by an artist&#8217;s label, like a unique imprint.<br data-start=\"698\" data-end=\"701\" \/>They don&#8217;t have names.<br data-start=\"727\" data-end=\"730\" \/>They don&#8217;t have histories.<br data-start=\"755\" data-end=\"758\" \/>But they&#8217;ve got a hell of a mouth.<\/p>\n<p class=\"\" data-start=\"791\" data-end=\"939\">\ud83d\udca5 They&#8217;re funny, endearing and a little delinquent.<br data-start=\"843\" data-end=\"846\" \/>They each give off a different vibe &#8211; but always in the <strong data-start=\"923\" data-end=\"938\">Perc\u00e9-Verre<\/strong> spirit.<\/p>\n<p class=\"\" data-start=\"941\" data-end=\"1382\">This specimen is part of <strong>Oscar&#8217;s Generation<\/strong>, an artistic lineage inspired by the original <strong data-start=\"1048\" data-end=\"1059\">&#8220;<a href=\"https:\/\/www.perce-verre.com\/en\/product\/oscar\/\">Oscar<\/a>&#8220;,<\/strong> the cat with the inimitable presence of the top-of-the-range collection.<br data-start=\"1126\" data-end=\"1129\" \/>We&#8217;re not talking about a reproduction here, but rather an <strong data-start=\"1187\" data-end=\"1213\">artistic offspring<\/strong>: a series of colorful clones, created from the same energy, the same vibrant hues, and that laid-back class that made Oscar a true legend.<\/p>\n<p class=\"\" data-start=\"1384\" data-end=\"1568\">\ud83e\uddea <em data-start=\"1387\" data-end=\"1413\">The Laboratory Cats<\/em> is a gateway to the world of <strong data-start=\"1455\" data-end=\"1470\">Perc\u00e9-Verre<\/strong> &#8211; a lighter, more accessible format, but with all the character and soul of the great works.<\/p>\n<p class=\"\" data-start=\"1570\" data-end=\"1752\">Whether you want to start a collection, give an original gift or bring home a little piece of art: <strong data-start=\"1692\" data-end=\"1752\">adopt your specimen before it escapes the lab.<\/strong><\/p>\n<p>Dimensions: 5 inches x 7 inches<\/p>\n<p>Materials:<br \/>\n-Fused glass<br \/>\n-Stainless steel frame<\/p>\n<p>To find out more about designer St\u00e9phanie B\u00e9land, <a href=\"https:\/\/www.perce-verre.com\/en\/about-us\/\">click here.<\/a> Follow us on our social networks for news, videos and behind-the-scenes looks at our creations.<a href=\"https:\/\/www.facebook.com\/perceverre\/\">(Facebook<\/a>, <a href=\"https:\/\/www.instagram.com\/perceverre\/\">Instagram<\/a>)<\/p>\n","protected":false},"excerpt":{"rendered":"<h3 class=\"\" data-start=\"118\" data-end=\"196\">Laboratory Cats &#8211; Limited edition series: Oscar&#8217;s Generation<\/h3>\n<p class=\"\" data-start=\"198\" data-end=\"287\">Welcome to a whole new world from <strong data-start=\"242\" data-end=\"257\">Perc\u00e9-Verre<\/strong>: Laboratory Cats.<\/p>\n<p class=\"\" data-start=\"289\" data-end=\"573\">Inspired by the colorful, expressive world of the &#8220;pedigree&#8221; cat collection, this series features works in fused glass. Oscar&#8217;s Generation is produced in small, limited editions, in a more accessible <strong data-start=\"506\" data-end=\"522\">5 x 7 inch<\/strong> format, presented in a simple, elegant photo frame.<\/p>\n<p class=\"\" data-start=\"575\" data-end=\"789\">Each cat is <strong data-start=\"591\" data-end=\"628\">numbered, signed and dated by hand<\/strong>, accompanied by an artist&#8217;s label, like a unique imprint.<br data-start=\"698\" data-end=\"701\" \/>They don&#8217;t have names.<br data-start=\"727\" data-end=\"730\" \/>They don&#8217;t have histories.<br data-start=\"755\" data-end=\"758\" \/>But they&#8217;ve got a hell of a mouth.<\/p>\n<p class=\"\" data-start=\"791\" data-end=\"939\">\ud83d\udca5 They&#8217;re funny, endearing and a little delinquent.<br data-start=\"843\" data-end=\"846\" \/>They each give off a different vibe &#8211; but always in the <strong data-start=\"923\" data-end=\"938\">Perc\u00e9-Verre<\/strong> spirit.<\/p>\n<p class=\"\" data-start=\"941\" data-end=\"1382\">This specimen is part of <strong>Oscar&#8217;s Generation<\/strong>, an artistic lineage inspired by the original <strong data-start=\"1048\" data-end=\"1059\">&#8220;<a href=\"https:\/\/www.perce-verre.com\/en\/product\/oscar\/\">Oscar<\/a>&#8220;,<\/strong> the cat with the inimitable presence of the top-of-the-range collection.<br data-start=\"1126\" data-end=\"1129\" \/>We&#8217;re not talking about a reproduction here, but rather an <strong data-start=\"1187\" data-end=\"1213\">artistic offspring<\/strong>: a series of colorful clones, created from the same energy, the same vibrant hues, and that laid-back class that made Oscar a true legend.<\/p>\n<p class=\"\" data-start=\"1384\" data-end=\"1568\">\ud83e\uddea <em data-start=\"1387\" data-end=\"1413\">The Laboratory Cats<\/em> is a gateway to the world of <strong data-start=\"1455\" data-end=\"1470\">Perc\u00e9-Verre<\/strong> &#8211; a lighter, more accessible format, but with all the character and soul of the great works.<\/p>\n<p class=\"\" data-start=\"1570\" data-end=\"1752\">Whether you want to start a collection, give an original gift or bring home a little piece of art: <strong data-start=\"1692\" data-end=\"1752\">adopt your specimen before it escapes the lab.<\/strong><\/p>\n<p>&nbsp;<\/p>\n<p>FREE SHIPPING!<\/p>\n","protected":false},"featured_media":14374,"comment_status":"closed","ping_status":"closed","template":"","meta":[],"product_brand":[],"product_cat":[1429,545,925],"product_tag":[552,924,554,558,560],"giftcard-category":[],"class_list":{"0":"post-14390","1":"product","2":"type-product","3":"status-publish","4":"has-post-thumbnail","6":"product_cat-animal-collection","7":"product_cat-decoration-en","8":"product_cat-laboratory-cats","9":"product_tag-art-deco-en","10":"product_tag-black-cat","11":"product_tag-cat","12":"product_tag-decoration-en","13":"product_tag-work-of-art","15":"first","16":"instock","17":"taxable","18":"shipping-taxable","19":"purchasable","20":"product-type-simple"},"yoast_head":"<!-- This site is optimized with the Yoast SEO plugin v27.4 - https:\/\/yoast.com\/product\/yoast-seo-wordpress\/ -->\n<title>Oscar&#039;s Generation - Perc\u00e9-Verre<\/title>\n<meta name=\"description\" content=\"Oscar&#039;s Generation: fused glass cat, inspired by Oscar. Limited series, signed and numbered. A Perc\u00e9-Verre collection you can&#039;t afford to miss!\" \/>\n<meta name=\"robots\" content=\"index, follow, max-snippet:-1, max-image-preview:large, max-video-preview:-1\" \/>\n<link rel=\"canonical\" href=\"https:\/\/www.perce-verre.com\/en\/product\/oscars-generation\/\" \/>\n<meta property=\"og:locale\" content=\"en_US\" \/>\n<meta property=\"og:type\" content=\"article\" \/>\n<meta property=\"og:title\" content=\"Oscar&#039;s Generation - Perc\u00e9-Verre\" \/>\n<meta property=\"og:description\" content=\"Oscar&#039;s Generation: fused glass cat, inspired by Oscar. Limited series, signed and numbered. A Perc\u00e9-Verre collection you can&#039;t afford to miss!\" \/>\n<meta property=\"og:url\" content=\"https:\/\/www.perce-verre.com\/en\/product\/oscars-generation\/\" \/>\n<meta property=\"og:site_name\" content=\"Perc\u00e9-Verre\" \/>\n<meta property=\"article:modified_time\" content=\"2025-04-10T20:28:51+00:00\" \/>\n<meta property=\"og:image\" content=\"https:\/\/www.perce-verre.com\/wp-content\/uploads\/2025\/04\/chat-en-verre-fusionne-art-deco-colore_OSCAR-1.jpg\" \/>\n\t<meta property=\"og:image:width\" content=\"900\" \/>\n\t<meta property=\"og:image:height\" content=\"630\" \/>\n\t<meta property=\"og:image:type\" content=\"image\/jpeg\" \/>\n<meta name=\"twitter:card\" content=\"summary_large_image\" \/>\n<meta name=\"twitter:label1\" content=\"Est. reading time\" \/>\n\t<meta name=\"twitter:data1\" content=\"2 minutes\" \/>\n<script type=\"application\/ld+json\" class=\"yoast-schema-graph\">{\"@context\":\"https:\\\/\\\/schema.org\",\"@graph\":[{\"@type\":\"WebPage\",\"@id\":\"https:\\\/\\\/www.perce-verre.com\\\/en\\\/product\\\/oscars-generation\\\/\",\"url\":\"https:\\\/\\\/www.perce-verre.com\\\/en\\\/product\\\/oscars-generation\\\/\",\"name\":\"Oscar's Generation - Perc\u00e9-Verre\",\"isPartOf\":{\"@id\":\"https:\\\/\\\/www.perce-verre.com\\\/en\\\/#website\"},\"primaryImageOfPage\":{\"@id\":\"https:\\\/\\\/www.perce-verre.com\\\/en\\\/product\\\/oscars-generation\\\/#primaryimage\"},\"image\":{\"@id\":\"https:\\\/\\\/www.perce-verre.com\\\/en\\\/product\\\/oscars-generation\\\/#primaryimage\"},\"thumbnailUrl\":\"https:\\\/\\\/www.perce-verre.com\\\/wp-content\\\/uploads\\\/2025\\\/04\\\/chat-en-verre-fusionne-art-deco-colore_OSCAR-1.jpg\",\"datePublished\":\"2025-04-10T18:29:29+00:00\",\"dateModified\":\"2025-04-10T20:28:51+00:00\",\"description\":\"Oscar's Generation: fused glass cat, inspired by Oscar. Limited series, signed and numbered. A Perc\u00e9-Verre collection you can't afford to miss!\",\"breadcrumb\":{\"@id\":\"https:\\\/\\\/www.perce-verre.com\\\/en\\\/product\\\/oscars-generation\\\/#breadcrumb\"},\"inLanguage\":\"en-US\",\"potentialAction\":[{\"@type\":\"ReadAction\",\"target\":[\"https:\\\/\\\/www.perce-verre.com\\\/en\\\/product\\\/oscars-generation\\\/\"]}]},{\"@type\":\"ImageObject\",\"inLanguage\":\"en-US\",\"@id\":\"https:\\\/\\\/www.perce-verre.com\\\/en\\\/product\\\/oscars-generation\\\/#primaryimage\",\"url\":\"https:\\\/\\\/www.perce-verre.com\\\/wp-content\\\/uploads\\\/2025\\\/04\\\/chat-en-verre-fusionne-art-deco-colore_OSCAR-1.jpg\",\"contentUrl\":\"https:\\\/\\\/www.perce-verre.com\\\/wp-content\\\/uploads\\\/2025\\\/04\\\/chat-en-verre-fusionne-art-deco-colore_OSCAR-1.jpg\",\"width\":900,\"height\":630,\"caption\":\"chat-en-verre-fusionn\u00e9-art-d\u00e9co-color\u00e9_OSCAR\"},{\"@type\":\"BreadcrumbList\",\"@id\":\"https:\\\/\\\/www.perce-verre.com\\\/en\\\/product\\\/oscars-generation\\\/#breadcrumb\",\"itemListElement\":[{\"@type\":\"ListItem\",\"position\":1,\"name\":\"Accueil\",\"item\":\"https:\\\/\\\/www.perce-verre.com\\\/en\\\/\"},{\"@type\":\"ListItem\",\"position\":2,\"name\":\"Store\",\"item\":\"https:\\\/\\\/www.perce-verre.com\\\/en\\\/shop\\\/\"},{\"@type\":\"ListItem\",\"position\":3,\"name\":\"Oscar&#8217;s Generation\"}]},{\"@type\":\"WebSite\",\"@id\":\"https:\\\/\\\/www.perce-verre.com\\\/en\\\/#website\",\"url\":\"https:\\\/\\\/www.perce-verre.com\\\/en\\\/\",\"name\":\"Perc\u00e9-Verre\",\"description\":\"Cadeaux uniques et des cr\u00e9ations qu\u00e9b\u00e9coises\",\"potentialAction\":[{\"@type\":\"SearchAction\",\"target\":{\"@type\":\"EntryPoint\",\"urlTemplate\":\"https:\\\/\\\/www.perce-verre.com\\\/en\\\/?s={search_term_string}\"},\"query-input\":{\"@type\":\"PropertyValueSpecification\",\"valueRequired\":true,\"valueName\":\"search_term_string\"}}],\"inLanguage\":\"en-US\"}]}<\/script>\n<!-- \/ Yoast SEO plugin. -->","yoast_head_json":{"title":"Oscar's Generation - Perc\u00e9-Verre","description":"Oscar's Generation: fused glass cat, inspired by Oscar. Limited series, signed and numbered. A Perc\u00e9-Verre collection you can't afford to miss!","robots":{"index":"index","follow":"follow","max-snippet":"max-snippet:-1","max-image-preview":"max-image-preview:large","max-video-preview":"max-video-preview:-1"},"canonical":"https:\/\/www.perce-verre.com\/en\/product\/oscars-generation\/","og_locale":"en_US","og_type":"article","og_title":"Oscar's Generation - Perc\u00e9-Verre","og_description":"Oscar's Generation: fused glass cat, inspired by Oscar. Limited series, signed and numbered. A Perc\u00e9-Verre collection you can't afford to miss!","og_url":"https:\/\/www.perce-verre.com\/en\/product\/oscars-generation\/","og_site_name":"Perc\u00e9-Verre","article_modified_time":"2025-04-10T20:28:51+00:00","og_image":[{"width":900,"height":630,"url":"https:\/\/www.perce-verre.com\/wp-content\/uploads\/2025\/04\/chat-en-verre-fusionne-art-deco-colore_OSCAR-1.jpg","type":"image\/jpeg"}],"twitter_card":"summary_large_image","twitter_misc":{"Est. reading time":"2 minutes"},"schema":{"@context":"https:\/\/schema.org","@graph":[{"@type":"WebPage","@id":"https:\/\/www.perce-verre.com\/en\/product\/oscars-generation\/","url":"https:\/\/www.perce-verre.com\/en\/product\/oscars-generation\/","name":"Oscar's Generation - Perc\u00e9-Verre","isPartOf":{"@id":"https:\/\/www.perce-verre.com\/en\/#website"},"primaryImageOfPage":{"@id":"https:\/\/www.perce-verre.com\/en\/product\/oscars-generation\/#primaryimage"},"image":{"@id":"https:\/\/www.perce-verre.com\/en\/product\/oscars-generation\/#primaryimage"},"thumbnailUrl":"https:\/\/www.perce-verre.com\/wp-content\/uploads\/2025\/04\/chat-en-verre-fusionne-art-deco-colore_OSCAR-1.jpg","datePublished":"2025-04-10T18:29:29+00:00","dateModified":"2025-04-10T20:28:51+00:00","description":"Oscar's Generation: fused glass cat, inspired by Oscar. Limited series, signed and numbered. A Perc\u00e9-Verre collection you can't afford to miss!","breadcrumb":{"@id":"https:\/\/www.perce-verre.com\/en\/product\/oscars-generation\/#breadcrumb"},"inLanguage":"en-US","potentialAction":[{"@type":"ReadAction","target":["https:\/\/www.perce-verre.com\/en\/product\/oscars-generation\/"]}]},{"@type":"ImageObject","inLanguage":"en-US","@id":"https:\/\/www.perce-verre.com\/en\/product\/oscars-generation\/#primaryimage","url":"https:\/\/www.perce-verre.com\/wp-content\/uploads\/2025\/04\/chat-en-verre-fusionne-art-deco-colore_OSCAR-1.jpg","contentUrl":"https:\/\/www.perce-verre.com\/wp-content\/uploads\/2025\/04\/chat-en-verre-fusionne-art-deco-colore_OSCAR-1.jpg","width":900,"height":630,"caption":"chat-en-verre-fusionn\u00e9-art-d\u00e9co-color\u00e9_OSCAR"},{"@type":"BreadcrumbList","@id":"https:\/\/www.perce-verre.com\/en\/product\/oscars-generation\/#breadcrumb","itemListElement":[{"@type":"ListItem","position":1,"name":"Accueil","item":"https:\/\/www.perce-verre.com\/en\/"},{"@type":"ListItem","position":2,"name":"Store","item":"https:\/\/www.perce-verre.com\/en\/shop\/"},{"@type":"ListItem","position":3,"name":"Oscar&#8217;s Generation"}]},{"@type":"WebSite","@id":"https:\/\/www.perce-verre.com\/en\/#website","url":"https:\/\/www.perce-verre.com\/en\/","name":"Perc\u00e9-Verre","description":"Cadeaux uniques et des cr\u00e9ations qu\u00e9b\u00e9coises","potentialAction":[{"@type":"SearchAction","target":{"@type":"EntryPoint","urlTemplate":"https:\/\/www.perce-verre.com\/en\/?s={search_term_string}"},"query-input":{"@type":"PropertyValueSpecification","valueRequired":true,"valueName":"search_term_string"}}],"inLanguage":"en-US"}]}},"wcpa_form_fields":null,"_links":{"self":[{"href":"https:\/\/www.perce-verre.com\/en\/wp-json\/wp\/v2\/product\/14390","targetHints":{"allow":["GET"]}}],"collection":[{"href":"https:\/\/www.perce-verre.com\/en\/wp-json\/wp\/v2\/product"}],"about":[{"href":"https:\/\/www.perce-verre.com\/en\/wp-json\/wp\/v2\/types\/product"}],"replies":[{"embeddable":true,"href":"https:\/\/www.perce-verre.com\/en\/wp-json\/wp\/v2\/comments?post=14390"}],"wp:featuredmedia":[{"embeddable":true,"href":"https:\/\/www.perce-verre.com\/en\/wp-json\/wp\/v2\/media\/14374"}],"wp:attachment":[{"href":"https:\/\/www.perce-verre.com\/en\/wp-json\/wp\/v2\/media?parent=14390"}],"wp:term":[{"taxonomy":"product_brand","embeddable":true,"href":"https:\/\/www.perce-verre.com\/en\/wp-json\/wp\/v2\/product_brand?post=14390"},{"taxonomy":"product_cat","embeddable":true,"href":"https:\/\/www.perce-verre.com\/en\/wp-json\/wp\/v2\/product_cat?post=14390"},{"taxonomy":"product_tag","embeddable":true,"href":"https:\/\/www.perce-verre.com\/en\/wp-json\/wp\/v2\/product_tag?post=14390"},{"taxonomy":"giftcard-category","embeddable":true,"href":"https:\/\/www.perce-verre.com\/en\/wp-json\/wp\/v2\/giftcard-category?post=14390"}],"curies":[{"name":"wp","href":"https:\/\/api.w.org\/{rel}","templated":true}]}}