{"id":14493,"date":"2025-06-09T13:46:44","date_gmt":"2025-06-09T17:46:44","guid":{"rendered":"https:\/\/www.perce-verre.com\/?post_type=product&#038;p=14493"},"modified":"2025-10-26T13:16:47","modified_gmt":"2025-10-26T17:16:47","slug":"po-generation-copie","status":"publish","type":"product","link":"https:\/\/www.perce-verre.com\/en\/product\/po-generation-copie\/","title":{"rendered":"Mac &amp; Cheese&#8221; generation"},"content":{"rendered":"<h3 class=\"\" data-start=\"84\" data-end=\"162\">Les Chats de Laboratoire &#8211; Limited edition series: Generation &#8220;Mac &amp; Cheese<\/h3>\n<p class=\"\" data-start=\"164\" data-end=\"251\">Welcome to a whole new world from Perc\u00e9-Verre: <strong data-start=\"222\" data-end=\"250\">Les Chats de Laboratoire<\/strong>.<\/p>\n<p class=\"\" data-start=\"253\" data-end=\"533\">Inspired by the colorful, expressive world of the \u201cbreed\u201d cat collection, this series features works in fused glass. Generation \u201cMac &amp; Cheese\u201d are works produced in small, limited series, in a more accessible 5 x 7 inch format, presented in a simple, elegant photo frame. <\/p>\n<p class=\"\" data-start=\"535\" data-end=\"745\">Each cat is numbered, signed and dated by hand, accompanied by an artist&#8217;s label, like a unique imprint.<br data-start=\"654\" data-end=\"657\">They don&#8217;t have names.<br data-start=\"683\" data-end=\"686\">They don&#8217;t have histories.<br data-start=\"711\" data-end=\"714\">But they&#8217;ve got a hell of a mouth.<\/p>\n<p class=\"\" data-start=\"747\" data-end=\"891\">\ud83d\udca5 They&#8217;re funny, endearing and a little delinquent.<br data-start=\"799\" data-end=\"802\">They each exude a different vibe &#8211; but always in the Perc\u00e9-Verre spirit.<\/p>\n<p class=\"\" data-start=\"893\" data-end=\"1323\">This specimen is part of the <strong data-start=\"926\" data-end=\"946\">Mac &amp; Cheese Generation<\/strong>, an artistic line inspired by the original \u201c<a href=\"https:\/\/www.perce-verre.com\/en\/product\/mac-cheese\/\">Mac &amp; Cheese<\/a>\u201d, the flamboyant and mysterious cat from the high-end collection.<br data-start=\"1073\" data-end=\"1076\">We&#8217;re not talking about a reproduction here, but rather an artistic offspring! A series of colorful clones, created with the same energy, the same vibrant hues, and the same dazzling class that made Mac &amp; Cheese such a star. <\/p>\n<p class=\"\" data-start=\"1325\" data-end=\"1507\">\ud83e\uddea <strong data-start=\"1328\" data-end=\"1356\">Les Chats de Laboratoire<\/strong> is a gateway to the world of Perc\u00e9-Verre &#8211; a lighter, more accessible format, but with all the character and soul of the great works.<\/p>\n<p class=\"\" data-start=\"1509\" data-end=\"1691\">Whether you want to start a collection, give an original gift or bring home a little piece of art! <strong>Adopt your specimen before it escapes the lab<\/strong>.<\/p>\n<p>Dimensions: 5 inches x 7 inches<\/p>\n<p>Materials:<br \/>\n-Fused glass<br \/>\n-Stainless steel frame<\/p>\n<p>To find out more about designer St\u00e9phanie B\u00e9land, <a href=\"https:\/\/www.perce-verre.com\/en\/about-us\/\">click here.<\/a> Follow us on our social networks for news, videos and behind-the-scenes looks at our creations.<a href=\"https:\/\/www.facebook.com\/perceverre\/\">(Facebook<\/a>, <a href=\"https:\/\/www.instagram.com\/perceverre\/\">Instagram<\/a>)<\/p>\n","protected":false},"excerpt":{"rendered":"<h3 class=\"\" data-start=\"84\" data-end=\"162\">Les Chats de Laboratoire &#8211; Limited edition series: Generation &#8220;Mac &amp; Cheese<\/h3>\n<p class=\"\" data-start=\"164\" data-end=\"251\">Welcome to a whole new world from Perc\u00e9-Verre: <strong data-start=\"222\" data-end=\"250\">Les Chats de Laboratoire<\/strong>.<\/p>\n<p class=\"\" data-start=\"253\" data-end=\"533\">Inspired by the colorful, expressive world of the \u201cbreed\u201d cat collection, this series features works in fused glass. Generation \u201cMac &amp; Cheese\u201d are works produced in small, limited series, in a more accessible 5 x 7 inch format, presented in a simple, elegant photo frame. <\/p>\n<p class=\"\" data-start=\"535\" data-end=\"745\">Each cat is numbered, signed and dated by hand, accompanied by an artist&#8217;s label, like a unique imprint.<br data-start=\"654\" data-end=\"657\">They don&#8217;t have names.<br data-start=\"683\" data-end=\"686\">They don&#8217;t have histories.<br data-start=\"711\" data-end=\"714\">But they&#8217;ve got a hell of a mouth.<\/p>\n<p class=\"\" data-start=\"747\" data-end=\"891\">\ud83d\udca5 They&#8217;re funny, endearing and a little delinquent.<br data-start=\"799\" data-end=\"802\">They each exude a different vibe &#8211; but always in the Perc\u00e9-Verre spirit.<\/p>\n<p class=\"\" data-start=\"893\" data-end=\"1323\">This specimen is part of the \u201c<strong>Mac &amp; Cheese\u201d Generation<\/strong>, an artistic line inspired by the original<a href=\"https:\/\/www.perce-verre.com\/en\/product\/mac-cheese\/\">\u201cMac &amp; Cheese<\/a>\u201d, the flamboyant and mysterious cat from the high-end collection.<br data-start=\"1073\" data-end=\"1076\">We&#8217;re not talking about a reproduction here, but rather an artistic offspring! A series of colorful clones, created with the same energy, the same vibrant hues, and the same dazzling class that made Mac &amp; Cheese such a star. <\/p>\n<p class=\"\" data-start=\"1325\" data-end=\"1507\">\ud83e\uddea <strong data-start=\"1328\" data-end=\"1356\">Les Chats de Laboratoire<\/strong> is a gateway to the world of Perc\u00e9-Verre &#8211; a lighter, more accessible format, but with all the character and soul of the great works.<\/p>\n<p class=\"\" data-start=\"1509\" data-end=\"1691\">Whether you want to start a collection, give an original gift or bring home a little piece of art! <strong>Adopt your specimen before it escapes the lab<\/strong>.<\/p>\n<p>FREE SHIPPING!<\/p>\n","protected":false},"featured_media":14501,"comment_status":"closed","ping_status":"closed","template":"","meta":[],"product_brand":[],"product_cat":[1429,545,925],"product_tag":[552,924,554,558,560],"giftcard-category":[],"class_list":{"0":"post-14493","1":"product","2":"type-product","3":"status-publish","4":"has-post-thumbnail","6":"product_cat-animal-collection","7":"product_cat-decoration-en","8":"product_cat-laboratory-cats","9":"product_tag-art-deco-en","10":"product_tag-black-cat","11":"product_tag-cat","12":"product_tag-decoration-en","13":"product_tag-work-of-art","15":"first","16":"outofstock","17":"taxable","18":"shipping-taxable","19":"purchasable","20":"product-type-simple"},"yoast_head":"<!-- This site is optimized with the Yoast SEO plugin v27.4 - https:\/\/yoast.com\/product\/yoast-seo-wordpress\/ -->\n<title>Mac &amp; Cheese&quot; generation - Perc\u00e9-Verre<\/title>\n<meta name=\"description\" content=\"Generation \u201cMac &amp; Cheese\u201d: fused glass cat, inspired by Mac &amp; Cheese. Limited edition, signed and numbered. A work to be adopted urgently!\" \/>\n<meta name=\"robots\" content=\"index, follow, max-snippet:-1, max-image-preview:large, max-video-preview:-1\" \/>\n<link rel=\"canonical\" href=\"https:\/\/www.perce-verre.com\/en\/product\/po-generation-copie\/\" \/>\n<meta property=\"og:locale\" content=\"en_US\" \/>\n<meta property=\"og:type\" content=\"article\" \/>\n<meta property=\"og:title\" content=\"Mac &amp; Cheese&quot; generation - Perc\u00e9-Verre\" \/>\n<meta property=\"og:description\" content=\"Generation \u201cMac &amp; Cheese\u201d: fused glass cat, inspired by Mac &amp; Cheese. Limited edition, signed and numbered. A work to be adopted urgently!\" \/>\n<meta property=\"og:url\" content=\"https:\/\/www.perce-verre.com\/en\/product\/po-generation-copie\/\" \/>\n<meta property=\"og:site_name\" content=\"Perc\u00e9-Verre\" \/>\n<meta property=\"article:modified_time\" content=\"2025-10-26T17:16:47+00:00\" \/>\n<meta property=\"og:image\" content=\"https:\/\/www.perce-verre.com\/wp-content\/uploads\/2025\/06\/chat-en-verre-fusionne-art-deco-colore_MAC-CHEESE-4.jpg\" \/>\n\t<meta property=\"og:image:width\" content=\"900\" \/>\n\t<meta property=\"og:image:height\" content=\"630\" \/>\n\t<meta property=\"og:image:type\" content=\"image\/jpeg\" \/>\n<meta name=\"twitter:card\" content=\"summary_large_image\" \/>\n<meta name=\"twitter:label1\" content=\"Est. reading time\" \/>\n\t<meta name=\"twitter:data1\" content=\"1 minute\" \/>\n<script type=\"application\/ld+json\" class=\"yoast-schema-graph\">{\"@context\":\"https:\\\/\\\/schema.org\",\"@graph\":[{\"@type\":\"WebPage\",\"@id\":\"https:\\\/\\\/www.perce-verre.com\\\/en\\\/product\\\/po-generation-copie\\\/\",\"url\":\"https:\\\/\\\/www.perce-verre.com\\\/en\\\/product\\\/po-generation-copie\\\/\",\"name\":\"Mac &amp; Cheese\\\" generation - Perc\u00e9-Verre\",\"isPartOf\":{\"@id\":\"https:\\\/\\\/www.perce-verre.com\\\/en\\\/#website\"},\"primaryImageOfPage\":{\"@id\":\"https:\\\/\\\/www.perce-verre.com\\\/en\\\/product\\\/po-generation-copie\\\/#primaryimage\"},\"image\":{\"@id\":\"https:\\\/\\\/www.perce-verre.com\\\/en\\\/product\\\/po-generation-copie\\\/#primaryimage\"},\"thumbnailUrl\":\"https:\\\/\\\/www.perce-verre.com\\\/wp-content\\\/uploads\\\/2025\\\/06\\\/chat-en-verre-fusionne-art-deco-colore_MAC-CHEESE-4.jpg\",\"datePublished\":\"2025-06-09T17:46:44+00:00\",\"dateModified\":\"2025-10-26T17:16:47+00:00\",\"description\":\"Generation \u201cMac & Cheese\u201d: fused glass cat, inspired by Mac & Cheese. Limited edition, signed and numbered. A work to be adopted urgently!\",\"breadcrumb\":{\"@id\":\"https:\\\/\\\/www.perce-verre.com\\\/en\\\/product\\\/po-generation-copie\\\/#breadcrumb\"},\"inLanguage\":\"en-US\",\"potentialAction\":[{\"@type\":\"ReadAction\",\"target\":[\"https:\\\/\\\/www.perce-verre.com\\\/en\\\/product\\\/po-generation-copie\\\/\"]}]},{\"@type\":\"ImageObject\",\"inLanguage\":\"en-US\",\"@id\":\"https:\\\/\\\/www.perce-verre.com\\\/en\\\/product\\\/po-generation-copie\\\/#primaryimage\",\"url\":\"https:\\\/\\\/www.perce-verre.com\\\/wp-content\\\/uploads\\\/2025\\\/06\\\/chat-en-verre-fusionne-art-deco-colore_MAC-CHEESE-4.jpg\",\"contentUrl\":\"https:\\\/\\\/www.perce-verre.com\\\/wp-content\\\/uploads\\\/2025\\\/06\\\/chat-en-verre-fusionne-art-deco-colore_MAC-CHEESE-4.jpg\",\"width\":900,\"height\":630,\"caption\":\"cat-in-glass-fused-art-deco-colored_MAC &amp; CHEESE\"},{\"@type\":\"BreadcrumbList\",\"@id\":\"https:\\\/\\\/www.perce-verre.com\\\/en\\\/product\\\/po-generation-copie\\\/#breadcrumb\",\"itemListElement\":[{\"@type\":\"ListItem\",\"position\":1,\"name\":\"Accueil\",\"item\":\"https:\\\/\\\/www.perce-verre.com\\\/en\\\/\"},{\"@type\":\"ListItem\",\"position\":2,\"name\":\"Store\",\"item\":\"https:\\\/\\\/www.perce-verre.com\\\/en\\\/shop\\\/\"},{\"@type\":\"ListItem\",\"position\":3,\"name\":\"Mac &amp; Cheese&#8221; generation\"}]},{\"@type\":\"WebSite\",\"@id\":\"https:\\\/\\\/www.perce-verre.com\\\/en\\\/#website\",\"url\":\"https:\\\/\\\/www.perce-verre.com\\\/en\\\/\",\"name\":\"Perc\u00e9-Verre\",\"description\":\"Cadeaux uniques et des cr\u00e9ations qu\u00e9b\u00e9coises\",\"potentialAction\":[{\"@type\":\"SearchAction\",\"target\":{\"@type\":\"EntryPoint\",\"urlTemplate\":\"https:\\\/\\\/www.perce-verre.com\\\/en\\\/?s={search_term_string}\"},\"query-input\":{\"@type\":\"PropertyValueSpecification\",\"valueRequired\":true,\"valueName\":\"search_term_string\"}}],\"inLanguage\":\"en-US\"}]}<\/script>\n<!-- \/ Yoast SEO plugin. -->","yoast_head_json":{"title":"Mac &amp; Cheese\" generation - Perc\u00e9-Verre","description":"Generation \u201cMac & Cheese\u201d: fused glass cat, inspired by Mac & Cheese. Limited edition, signed and numbered. A work to be adopted urgently!","robots":{"index":"index","follow":"follow","max-snippet":"max-snippet:-1","max-image-preview":"max-image-preview:large","max-video-preview":"max-video-preview:-1"},"canonical":"https:\/\/www.perce-verre.com\/en\/product\/po-generation-copie\/","og_locale":"en_US","og_type":"article","og_title":"Mac &amp; Cheese\" generation - Perc\u00e9-Verre","og_description":"Generation \u201cMac & Cheese\u201d: fused glass cat, inspired by Mac & Cheese. Limited edition, signed and numbered. A work to be adopted urgently!","og_url":"https:\/\/www.perce-verre.com\/en\/product\/po-generation-copie\/","og_site_name":"Perc\u00e9-Verre","article_modified_time":"2025-10-26T17:16:47+00:00","og_image":[{"width":900,"height":630,"url":"https:\/\/www.perce-verre.com\/wp-content\/uploads\/2025\/06\/chat-en-verre-fusionne-art-deco-colore_MAC-CHEESE-4.jpg","type":"image\/jpeg"}],"twitter_card":"summary_large_image","twitter_misc":{"Est. reading time":"1 minute"},"schema":{"@context":"https:\/\/schema.org","@graph":[{"@type":"WebPage","@id":"https:\/\/www.perce-verre.com\/en\/product\/po-generation-copie\/","url":"https:\/\/www.perce-verre.com\/en\/product\/po-generation-copie\/","name":"Mac &amp; Cheese\" generation - Perc\u00e9-Verre","isPartOf":{"@id":"https:\/\/www.perce-verre.com\/en\/#website"},"primaryImageOfPage":{"@id":"https:\/\/www.perce-verre.com\/en\/product\/po-generation-copie\/#primaryimage"},"image":{"@id":"https:\/\/www.perce-verre.com\/en\/product\/po-generation-copie\/#primaryimage"},"thumbnailUrl":"https:\/\/www.perce-verre.com\/wp-content\/uploads\/2025\/06\/chat-en-verre-fusionne-art-deco-colore_MAC-CHEESE-4.jpg","datePublished":"2025-06-09T17:46:44+00:00","dateModified":"2025-10-26T17:16:47+00:00","description":"Generation \u201cMac & Cheese\u201d: fused glass cat, inspired by Mac & Cheese. Limited edition, signed and numbered. A work to be adopted urgently!","breadcrumb":{"@id":"https:\/\/www.perce-verre.com\/en\/product\/po-generation-copie\/#breadcrumb"},"inLanguage":"en-US","potentialAction":[{"@type":"ReadAction","target":["https:\/\/www.perce-verre.com\/en\/product\/po-generation-copie\/"]}]},{"@type":"ImageObject","inLanguage":"en-US","@id":"https:\/\/www.perce-verre.com\/en\/product\/po-generation-copie\/#primaryimage","url":"https:\/\/www.perce-verre.com\/wp-content\/uploads\/2025\/06\/chat-en-verre-fusionne-art-deco-colore_MAC-CHEESE-4.jpg","contentUrl":"https:\/\/www.perce-verre.com\/wp-content\/uploads\/2025\/06\/chat-en-verre-fusionne-art-deco-colore_MAC-CHEESE-4.jpg","width":900,"height":630,"caption":"cat-in-glass-fused-art-deco-colored_MAC &amp; CHEESE"},{"@type":"BreadcrumbList","@id":"https:\/\/www.perce-verre.com\/en\/product\/po-generation-copie\/#breadcrumb","itemListElement":[{"@type":"ListItem","position":1,"name":"Accueil","item":"https:\/\/www.perce-verre.com\/en\/"},{"@type":"ListItem","position":2,"name":"Store","item":"https:\/\/www.perce-verre.com\/en\/shop\/"},{"@type":"ListItem","position":3,"name":"Mac &amp; Cheese&#8221; generation"}]},{"@type":"WebSite","@id":"https:\/\/www.perce-verre.com\/en\/#website","url":"https:\/\/www.perce-verre.com\/en\/","name":"Perc\u00e9-Verre","description":"Cadeaux uniques et des cr\u00e9ations qu\u00e9b\u00e9coises","potentialAction":[{"@type":"SearchAction","target":{"@type":"EntryPoint","urlTemplate":"https:\/\/www.perce-verre.com\/en\/?s={search_term_string}"},"query-input":{"@type":"PropertyValueSpecification","valueRequired":true,"valueName":"search_term_string"}}],"inLanguage":"en-US"}]}},"wcpa_form_fields":null,"_links":{"self":[{"href":"https:\/\/www.perce-verre.com\/en\/wp-json\/wp\/v2\/product\/14493","targetHints":{"allow":["GET"]}}],"collection":[{"href":"https:\/\/www.perce-verre.com\/en\/wp-json\/wp\/v2\/product"}],"about":[{"href":"https:\/\/www.perce-verre.com\/en\/wp-json\/wp\/v2\/types\/product"}],"replies":[{"embeddable":true,"href":"https:\/\/www.perce-verre.com\/en\/wp-json\/wp\/v2\/comments?post=14493"}],"wp:featuredmedia":[{"embeddable":true,"href":"https:\/\/www.perce-verre.com\/en\/wp-json\/wp\/v2\/media\/14501"}],"wp:attachment":[{"href":"https:\/\/www.perce-verre.com\/en\/wp-json\/wp\/v2\/media?parent=14493"}],"wp:term":[{"taxonomy":"product_brand","embeddable":true,"href":"https:\/\/www.perce-verre.com\/en\/wp-json\/wp\/v2\/product_brand?post=14493"},{"taxonomy":"product_cat","embeddable":true,"href":"https:\/\/www.perce-verre.com\/en\/wp-json\/wp\/v2\/product_cat?post=14493"},{"taxonomy":"product_tag","embeddable":true,"href":"https:\/\/www.perce-verre.com\/en\/wp-json\/wp\/v2\/product_tag?post=14493"},{"taxonomy":"giftcard-category","embeddable":true,"href":"https:\/\/www.perce-verre.com\/en\/wp-json\/wp\/v2\/giftcard-category?post=14493"}],"curies":[{"name":"wp","href":"https:\/\/api.w.org\/{rel}","templated":true}]}}