{"id":14900,"date":"2025-04-25T14:52:58","date_gmt":"2025-04-25T18:52:58","guid":{"rendered":"https:\/\/www.perce-verre.com\/produit\/bookmark-cat-perce-glass-colette\/"},"modified":"2025-07-03T15:24:56","modified_gmt":"2025-07-03T19:24:56","slug":"artistic-cat-bookmark-colette-by-perce-verre","status":"publish","type":"product","link":"https:\/\/www.perce-verre.com\/en\/product\/artistic-cat-bookmark-colette-by-perce-verre\/","title":{"rendered":"Cat Bookmark \u2013 COLETTE by Perc\u00e9-Verre"},"content":{"rendered":"<p data-start=\"298\" data-end=\"652\">Discover the irresistible charm of <strong data-start=\"309\" data-end=\"320\">Colette<\/strong>, one of the stars of <strong data-start=\"342\" data-end=\"375\">Perc\u00e9-Verre&#8217;s Chat Collection<\/strong>.<br data-start=\"376\" data-end=\"379\" \/><strong data-start=\"379\" data-end=\"420\">The Artistic Bookmark Cat \u2013 COLETTE by Perc\u00e9-Verre<\/strong> is much more than a simple bookmark: it\u2019s a miniature work of art, drawn from an original fused glass creation handcrafted by Quebec artist <strong data-start=\"561\" data-end=\"581\">St\u00e9phanie B\u00e9land<\/strong>, aka <em data-start=\"587\" data-end=\"600\">Perc\u00e9-Verre<\/em>.<\/p>\n<p data-start=\"654\" data-end=\"1078\"><em data-start=\"654\" data-end=\"663\">Colette<\/em> is the cat with the haughty bearing and Parisian attitude. Refined, mysterious, a bit of a diva, she always reads the classics&#8230; but only with a good cup of coffee in hand. This bookmark showcases her perfectly, with a <strong data-start=\"887\" data-end=\"911\">colorful illustration<\/strong> reproduced on high-quality cardboard. Both sides feature the same image, for a consistent, polished finish no matter how you use it.<\/p>\n<p data-start=\"1080\" data-end=\"1427\">Each bookmark is <strong data-start=\"1098\" data-end=\"1132\">printed in full color on both sides of<\/strong> a 16pt mat board, offering excellent durability. To add a playful and practical touch, each copy is embellished with a <strong data-start=\"1274\" data-end=\"1291\">colorful pompom<\/strong>, chosen at random. This little detail makes each bookmark even more unique, while adding a nice touch of texture between the pages.<\/p>\n<p data-start=\"1429\" data-end=\"1700\">Whether you&#8217;re a lover of literature, a cat enthusiast, or simply looking for an original, Quebec-made gift, this bookmark is perfect. It combines <strong data-start=\"1598\" data-end=\"1617\">local craftsmanship<\/strong>, <strong data-start=\"1619\" data-end=\"1635\">feline humor<\/strong> and <strong data-start=\"1639\" data-end=\"1662\">artistic elegance<\/strong>. And best of all, it tells a story.<\/p>\n<p data-start=\"1702\" data-end=\"1962\"><em data-start=\"1713\" data-end=\"1722\">Colette<\/em> &#8216;s work is more than just her looks: she&#8217;s part of a <strong data-start=\"1781\" data-end=\"1831\">collection of cats with distinctive personalities<\/strong>, each with their own world. \ud83d\udcac Discover the full story of <em data-start=\"1756\" data-end=\"1765\">Colette<\/em> by clicking <a href=\"https:\/\/www.perce-verre.com\/en\/product\/colette\/\">HERE<\/a><\/p>\n<p data-start=\"1964\" data-end=\"2109\">This Colette bookmark is a tribute to reading, art and cats who, like her, always take the time to savor beautiful things.<\/p>\n<h4 data-start=\"1836\" data-end=\"1872\"><strong data-start=\"1841\" data-end=\"1872\">Technical specifications for The Artistic Bookmark Cat \u2013 COLETTE by Perc\u00e9-Verre:<\/strong><\/h4>\n<ul data-start=\"1873\" data-end=\"2138\">\n<li data-start=\"1873\" data-end=\"1898\">\n<p data-start=\"1875\" data-end=\"1898\">Format: 2 x 7 inches<\/p>\n<\/li>\n<li data-start=\"1899\" data-end=\"1952\">\n<p data-start=\"1901\" data-end=\"1952\">Paper: 16pt matt cardboard, solid and professional<\/p>\n<\/li>\n<li data-start=\"1953\" data-end=\"2003\">\n<p data-start=\"1955\" data-end=\"2003\">Printing: <strong data-start=\"1976\" data-end=\"2001\">Identical<\/strong> color <strong data-start=\"1976\" data-end=\"2001\">on both sides<\/strong><\/p>\n<\/li>\n<li data-start=\"2004\" data-end=\"2054\">\n<p data-start=\"2006\" data-end=\"2054\">Accessory: Colored pompom (random color)<\/p>\n<\/li>\n<li data-start=\"2055\" data-end=\"2104\">\n<p data-start=\"2057\" data-end=\"2104\">Theme: Colette &#8211; Collection Chat Perc\u00e9-Verre<\/p>\n<\/li>\n<li data-start=\"2105\" data-end=\"2138\">\n<p data-start=\"2107\" data-end=\"2138\">Manufacturing: Printed and assembled in Quebec<\/p>\n<\/li>\n<\/ul>\n<p>To find out more about designer St\u00e9phanie B\u00e9land, <a href=\"https:\/\/www.perce-verre.com\/en\/about-us\/\">click here.<\/a> Follow us on our social networks for news, videos and behind-the-scenes looks at our creations.<a href=\"https:\/\/www.facebook.com\/perceverre\/\">(Facebook<\/a>, <a href=\"https:\/\/www.instagram.com\/perceverre\/\">Instagram<\/a>)<\/p>\n","protected":false},"excerpt":{"rendered":"<p data-start=\"70\" data-end=\"147\">Double-sided bookmark with pompon, inspired by the work <a href=\"https:\/\/www.perce-verre.com\/en\/product\/colette\/\"><em data-start=\"441\" data-end=\"450\">Colette<\/em><\/a>. Same image on both sides. An elegant and mischievous wink for your reading.<\/p>\n","protected":false},"featured_media":14881,"comment_status":"open","ping_status":"closed","template":"","meta":[],"product_brand":[],"product_cat":[531,889],"product_tag":[533,946,947,534,536],"giftcard-category":[],"class_list":{"0":"post-14900","1":"product","2":"type-product","3":"status-publish","4":"has-post-thumbnail","6":"product_cat-accessories","7":"product_cat-artistic-cat-bookmarks","8":"product_tag-art-en","9":"product_tag-bookmark","10":"product_tag-bookmark-en","11":"product_tag-gift","12":"product_tag-gift-idea","14":"first","15":"instock","16":"taxable","17":"shipping-taxable","18":"purchasable","19":"product-type-simple"},"yoast_head":"<!-- This site is optimized with the Yoast SEO plugin v27.4 - https:\/\/yoast.com\/product\/yoast-seo-wordpress\/ -->\n<title>Cat Bookmark \u2013 COLETTE by Perc\u00e9-Verre<\/title>\n<meta name=\"description\" content=\"Artistic Cat Bookmark \u2013 COLETTE: Double-sided bookmark with pompon, made from fused glass by Perc\u00e9-Verre. Elegant, colorful and made in Quebec.\" \/>\n<meta name=\"robots\" content=\"index, follow, max-snippet:-1, max-image-preview:large, max-video-preview:-1\" \/>\n<link rel=\"canonical\" href=\"https:\/\/www.perce-verre.com\/en\/product\/artistic-cat-bookmark-colette-by-perce-verre\/\" \/>\n<meta property=\"og:locale\" content=\"en_US\" \/>\n<meta property=\"og:type\" content=\"article\" \/>\n<meta property=\"og:title\" content=\"Cat Bookmark \u2013 COLETTE by Perc\u00e9-Verre\" \/>\n<meta property=\"og:description\" content=\"Artistic Cat Bookmark \u2013 COLETTE: Double-sided bookmark with pompon, made from fused glass by Perc\u00e9-Verre. Elegant, colorful and made in Quebec.\" \/>\n<meta property=\"og:url\" content=\"https:\/\/www.perce-verre.com\/en\/product\/artistic-cat-bookmark-colette-by-perce-verre\/\" \/>\n<meta property=\"og:site_name\" content=\"Perc\u00e9-Verre\" \/>\n<meta property=\"article:modified_time\" content=\"2025-07-03T19:24:56+00:00\" \/>\n<meta property=\"og:image\" content=\"https:\/\/www.perce-verre.com\/wp-content\/uploads\/2025\/04\/perce-verre-signet-chat-verre-fusion-COLETTE.jpg\" \/>\n\t<meta property=\"og:image:width\" content=\"900\" \/>\n\t<meta property=\"og:image:height\" content=\"630\" \/>\n\t<meta property=\"og:image:type\" content=\"image\/jpeg\" \/>\n<meta name=\"twitter:card\" content=\"summary_large_image\" \/>\n<meta name=\"twitter:label1\" content=\"Est. reading time\" \/>\n\t<meta name=\"twitter:data1\" content=\"2 minutes\" \/>\n<script type=\"application\/ld+json\" class=\"yoast-schema-graph\">{\"@context\":\"https:\\\/\\\/schema.org\",\"@graph\":[{\"@type\":\"WebPage\",\"@id\":\"https:\\\/\\\/www.perce-verre.com\\\/en\\\/product\\\/artistic-cat-bookmark-colette-by-perce-verre\\\/\",\"url\":\"https:\\\/\\\/www.perce-verre.com\\\/en\\\/product\\\/artistic-cat-bookmark-colette-by-perce-verre\\\/\",\"name\":\"Cat Bookmark \u2013 COLETTE by Perc\u00e9-Verre\",\"isPartOf\":{\"@id\":\"https:\\\/\\\/www.perce-verre.com\\\/en\\\/#website\"},\"primaryImageOfPage\":{\"@id\":\"https:\\\/\\\/www.perce-verre.com\\\/en\\\/product\\\/artistic-cat-bookmark-colette-by-perce-verre\\\/#primaryimage\"},\"image\":{\"@id\":\"https:\\\/\\\/www.perce-verre.com\\\/en\\\/product\\\/artistic-cat-bookmark-colette-by-perce-verre\\\/#primaryimage\"},\"thumbnailUrl\":\"https:\\\/\\\/www.perce-verre.com\\\/wp-content\\\/uploads\\\/2025\\\/04\\\/perce-verre-signet-chat-verre-fusion-COLETTE.jpg\",\"datePublished\":\"2025-04-25T18:52:58+00:00\",\"dateModified\":\"2025-07-03T19:24:56+00:00\",\"description\":\"Artistic Cat Bookmark \u2013 COLETTE: Double-sided bookmark with pompon, made from fused glass by Perc\u00e9-Verre. Elegant, colorful and made in Quebec.\",\"breadcrumb\":{\"@id\":\"https:\\\/\\\/www.perce-verre.com\\\/en\\\/product\\\/artistic-cat-bookmark-colette-by-perce-verre\\\/#breadcrumb\"},\"inLanguage\":\"en-US\",\"potentialAction\":[{\"@type\":\"ReadAction\",\"target\":[\"https:\\\/\\\/www.perce-verre.com\\\/en\\\/product\\\/artistic-cat-bookmark-colette-by-perce-verre\\\/\"]}]},{\"@type\":\"ImageObject\",\"inLanguage\":\"en-US\",\"@id\":\"https:\\\/\\\/www.perce-verre.com\\\/en\\\/product\\\/artistic-cat-bookmark-colette-by-perce-verre\\\/#primaryimage\",\"url\":\"https:\\\/\\\/www.perce-verre.com\\\/wp-content\\\/uploads\\\/2025\\\/04\\\/perce-verre-signet-chat-verre-fusion-COLETTE.jpg\",\"contentUrl\":\"https:\\\/\\\/www.perce-verre.com\\\/wp-content\\\/uploads\\\/2025\\\/04\\\/perce-verre-signet-chat-verre-fusion-COLETTE.jpg\",\"width\":900,\"height\":630,\"caption\":\"Bookmark - Colette fused glass cat with pompom | Perc\u00e9-Verre\"},{\"@type\":\"BreadcrumbList\",\"@id\":\"https:\\\/\\\/www.perce-verre.com\\\/en\\\/product\\\/artistic-cat-bookmark-colette-by-perce-verre\\\/#breadcrumb\",\"itemListElement\":[{\"@type\":\"ListItem\",\"position\":1,\"name\":\"Accueil\",\"item\":\"https:\\\/\\\/www.perce-verre.com\\\/en\\\/\"},{\"@type\":\"ListItem\",\"position\":2,\"name\":\"Store\",\"item\":\"https:\\\/\\\/www.perce-verre.com\\\/en\\\/shop\\\/\"},{\"@type\":\"ListItem\",\"position\":3,\"name\":\"Cat Bookmark \u2013 COLETTE by Perc\u00e9-Verre\"}]},{\"@type\":\"WebSite\",\"@id\":\"https:\\\/\\\/www.perce-verre.com\\\/en\\\/#website\",\"url\":\"https:\\\/\\\/www.perce-verre.com\\\/en\\\/\",\"name\":\"Perc\u00e9-Verre\",\"description\":\"Cadeaux uniques et des cr\u00e9ations qu\u00e9b\u00e9coises\",\"potentialAction\":[{\"@type\":\"SearchAction\",\"target\":{\"@type\":\"EntryPoint\",\"urlTemplate\":\"https:\\\/\\\/www.perce-verre.com\\\/en\\\/?s={search_term_string}\"},\"query-input\":{\"@type\":\"PropertyValueSpecification\",\"valueRequired\":true,\"valueName\":\"search_term_string\"}}],\"inLanguage\":\"en-US\"}]}<\/script>\n<!-- \/ Yoast SEO plugin. -->","yoast_head_json":{"title":"Cat Bookmark \u2013 COLETTE by Perc\u00e9-Verre","description":"Artistic Cat Bookmark \u2013 COLETTE: Double-sided bookmark with pompon, made from fused glass by Perc\u00e9-Verre. Elegant, colorful and made in Quebec.","robots":{"index":"index","follow":"follow","max-snippet":"max-snippet:-1","max-image-preview":"max-image-preview:large","max-video-preview":"max-video-preview:-1"},"canonical":"https:\/\/www.perce-verre.com\/en\/product\/artistic-cat-bookmark-colette-by-perce-verre\/","og_locale":"en_US","og_type":"article","og_title":"Cat Bookmark \u2013 COLETTE by Perc\u00e9-Verre","og_description":"Artistic Cat Bookmark \u2013 COLETTE: Double-sided bookmark with pompon, made from fused glass by Perc\u00e9-Verre. Elegant, colorful and made in Quebec.","og_url":"https:\/\/www.perce-verre.com\/en\/product\/artistic-cat-bookmark-colette-by-perce-verre\/","og_site_name":"Perc\u00e9-Verre","article_modified_time":"2025-07-03T19:24:56+00:00","og_image":[{"width":900,"height":630,"url":"https:\/\/www.perce-verre.com\/wp-content\/uploads\/2025\/04\/perce-verre-signet-chat-verre-fusion-COLETTE.jpg","type":"image\/jpeg"}],"twitter_card":"summary_large_image","twitter_misc":{"Est. reading time":"2 minutes"},"schema":{"@context":"https:\/\/schema.org","@graph":[{"@type":"WebPage","@id":"https:\/\/www.perce-verre.com\/en\/product\/artistic-cat-bookmark-colette-by-perce-verre\/","url":"https:\/\/www.perce-verre.com\/en\/product\/artistic-cat-bookmark-colette-by-perce-verre\/","name":"Cat Bookmark \u2013 COLETTE by Perc\u00e9-Verre","isPartOf":{"@id":"https:\/\/www.perce-verre.com\/en\/#website"},"primaryImageOfPage":{"@id":"https:\/\/www.perce-verre.com\/en\/product\/artistic-cat-bookmark-colette-by-perce-verre\/#primaryimage"},"image":{"@id":"https:\/\/www.perce-verre.com\/en\/product\/artistic-cat-bookmark-colette-by-perce-verre\/#primaryimage"},"thumbnailUrl":"https:\/\/www.perce-verre.com\/wp-content\/uploads\/2025\/04\/perce-verre-signet-chat-verre-fusion-COLETTE.jpg","datePublished":"2025-04-25T18:52:58+00:00","dateModified":"2025-07-03T19:24:56+00:00","description":"Artistic Cat Bookmark \u2013 COLETTE: Double-sided bookmark with pompon, made from fused glass by Perc\u00e9-Verre. Elegant, colorful and made in Quebec.","breadcrumb":{"@id":"https:\/\/www.perce-verre.com\/en\/product\/artistic-cat-bookmark-colette-by-perce-verre\/#breadcrumb"},"inLanguage":"en-US","potentialAction":[{"@type":"ReadAction","target":["https:\/\/www.perce-verre.com\/en\/product\/artistic-cat-bookmark-colette-by-perce-verre\/"]}]},{"@type":"ImageObject","inLanguage":"en-US","@id":"https:\/\/www.perce-verre.com\/en\/product\/artistic-cat-bookmark-colette-by-perce-verre\/#primaryimage","url":"https:\/\/www.perce-verre.com\/wp-content\/uploads\/2025\/04\/perce-verre-signet-chat-verre-fusion-COLETTE.jpg","contentUrl":"https:\/\/www.perce-verre.com\/wp-content\/uploads\/2025\/04\/perce-verre-signet-chat-verre-fusion-COLETTE.jpg","width":900,"height":630,"caption":"Bookmark - Colette fused glass cat with pompom | Perc\u00e9-Verre"},{"@type":"BreadcrumbList","@id":"https:\/\/www.perce-verre.com\/en\/product\/artistic-cat-bookmark-colette-by-perce-verre\/#breadcrumb","itemListElement":[{"@type":"ListItem","position":1,"name":"Accueil","item":"https:\/\/www.perce-verre.com\/en\/"},{"@type":"ListItem","position":2,"name":"Store","item":"https:\/\/www.perce-verre.com\/en\/shop\/"},{"@type":"ListItem","position":3,"name":"Cat Bookmark \u2013 COLETTE by Perc\u00e9-Verre"}]},{"@type":"WebSite","@id":"https:\/\/www.perce-verre.com\/en\/#website","url":"https:\/\/www.perce-verre.com\/en\/","name":"Perc\u00e9-Verre","description":"Cadeaux uniques et des cr\u00e9ations qu\u00e9b\u00e9coises","potentialAction":[{"@type":"SearchAction","target":{"@type":"EntryPoint","urlTemplate":"https:\/\/www.perce-verre.com\/en\/?s={search_term_string}"},"query-input":{"@type":"PropertyValueSpecification","valueRequired":true,"valueName":"search_term_string"}}],"inLanguage":"en-US"}]}},"wcpa_form_fields":null,"_links":{"self":[{"href":"https:\/\/www.perce-verre.com\/en\/wp-json\/wp\/v2\/product\/14900","targetHints":{"allow":["GET"]}}],"collection":[{"href":"https:\/\/www.perce-verre.com\/en\/wp-json\/wp\/v2\/product"}],"about":[{"href":"https:\/\/www.perce-verre.com\/en\/wp-json\/wp\/v2\/types\/product"}],"replies":[{"embeddable":true,"href":"https:\/\/www.perce-verre.com\/en\/wp-json\/wp\/v2\/comments?post=14900"}],"wp:featuredmedia":[{"embeddable":true,"href":"https:\/\/www.perce-verre.com\/en\/wp-json\/wp\/v2\/media\/14881"}],"wp:attachment":[{"href":"https:\/\/www.perce-verre.com\/en\/wp-json\/wp\/v2\/media?parent=14900"}],"wp:term":[{"taxonomy":"product_brand","embeddable":true,"href":"https:\/\/www.perce-verre.com\/en\/wp-json\/wp\/v2\/product_brand?post=14900"},{"taxonomy":"product_cat","embeddable":true,"href":"https:\/\/www.perce-verre.com\/en\/wp-json\/wp\/v2\/product_cat?post=14900"},{"taxonomy":"product_tag","embeddable":true,"href":"https:\/\/www.perce-verre.com\/en\/wp-json\/wp\/v2\/product_tag?post=14900"},{"taxonomy":"giftcard-category","embeddable":true,"href":"https:\/\/www.perce-verre.com\/en\/wp-json\/wp\/v2\/giftcard-category?post=14900"}],"curies":[{"name":"wp","href":"https:\/\/api.w.org\/{rel}","templated":true}]}}