{"id":15083,"date":"2025-07-17T12:12:19","date_gmt":"2025-07-17T16:12:19","guid":{"rendered":"https:\/\/www.perce-verre.com\/?post_type=product&#038;p=15083"},"modified":"2025-07-17T14:13:49","modified_gmt":"2025-07-17T18:13:49","slug":"lighthouse-no-4-horizon-collection-frame-5-x-7","status":"publish","type":"product","link":"https:\/\/www.perce-verre.com\/en\/product\/lighthouse-no-4-horizon-collection-frame-5-x-7\/","title":{"rendered":"Lighthouse No. 4 &#8211; Horizon Collection (Frame 5 x 7)"},"content":{"rendered":"<p data-start=\"384\" data-end=\"664\">With <em data-start=\"392\" data-end=\"405\">Lighthouse No. 4<\/em>, the Horizon collection takes a brighter direction. This seaside lighthouse stands proudly under a clear sky. Water and sky unite in a monochrome of blues, creating a refreshingly peaceful and invigorating ambience.<\/p>\n<p data-start=\"666\" data-end=\"931\">The fused glass captures every nuance with precision. Thanks to the pearlized paper at the bottom, the light seeps in and reflects the details. The bluish tones change subtly as the day progresses. This play of light brings the work to life, almost in motion.<\/p>\n<p data-start=\"933\" data-end=\"1256\">The simple, elegant 5 x 7-inch format makes it easy to display. Whether on a shelf, a wall or a corner of your desk, it blends harmoniously with your d\u00e9cor. Each piece in the collection is signed by the artist, <strong data-start=\"1174\" data-end=\"1208\">St\u00e9phanie B\u00e9land &#8211; Perc\u00e9-Verre<\/strong>, and accompanied by a certificate of authenticity.<\/p>\n<p data-start=\"1258\" data-end=\"1482\">This <em data-start=\"1261\" data-end=\"1274\">Lighthouse No. 4<\/em> embodies clarity, harmony and inner peace. It evokes days when everything seems simple, fluid and perfectly in place. It&#8217;s a work that breathes, opens up space and inspires calm.<\/p>\n<p data-start=\"1484\" data-end=\"1676\">In short, this creation offers you a moment of escape. It invites you to take a deep breath, as if you were facing the sea, feet in the sand, eyes on the horizon.<\/p>\n<h2 data-start=\"863\" data-end=\"889\">\ud83d\udccf <strong data-start=\"869\" data-end=\"889\">Features<\/strong><\/h2>\n<ul data-start=\"890\" data-end=\"1187\">\n<li data-start=\"890\" data-end=\"947\">\n<p data-start=\"892\" data-end=\"947\">Frame size: <strong data-start=\"910\" data-end=\"926\">5 x 7 inches<\/strong> (approx. 13 x 18 cm)<\/p>\n<\/li>\n<li data-start=\"948\" data-end=\"991\">\n<p data-start=\"950\" data-end=\"991\">Frame included, ready to hang or mount<\/p>\n<\/li>\n<li data-start=\"992\" data-end=\"1046\">\n<p data-start=\"994\" data-end=\"1046\">Made of <strong data-start=\"1003\" data-end=\"1021\">fused glass<\/strong>, each piece is unique<\/p>\n<\/li>\n<li data-start=\"1047\" data-end=\"1106\">\n<p data-start=\"1049\" data-end=\"1106\">Signed by the artist : <strong data-start=\"1072\" data-end=\"1106\">St\u00e9phanie B\u00e9land &#8211; Perc\u00e9-Verre<\/strong><\/p>\n<\/li>\n<li data-start=\"1107\" data-end=\"1144\">\n<p data-start=\"1109\" data-end=\"1144\">100% handcrafted in Quebec<\/p>\n<\/li>\n<li data-start=\"1145\" data-end=\"1187\">\n<p data-start=\"1147\" data-end=\"1187\">Part of the <strong data-start=\"1165\" data-end=\"1187\">Horizon collection<\/strong><\/p>\n<\/li>\n<\/ul>\n<p>To find out more about designer St\u00e9phanie B\u00e9land, <a href=\"https:\/\/www.perce-verre.com\/en\/about-us\/\">click here.<\/a> Follow us on our social networks for news, videos and behind-the-scenes looks at our creations.<a href=\"https:\/\/www.facebook.com\/perceverre\/\">(Facebook<\/a>, <a href=\"https:\/\/www.instagram.com\/perceverre\/\">Instagram<\/a>)<\/p>\n","protected":false},"excerpt":{"rendered":"<p data-start=\"189\" data-end=\"356\">Lighthouse by the sea, bathed in light. Blue water and sky in harmony. Fused glass, format 5 x 7. Signed and certified, Horizon collection.<\/p>\n<p data-start=\"189\" data-end=\"356\">\n","protected":false},"featured_media":15189,"comment_status":"closed","ping_status":"closed","template":"","meta":[],"product_brand":[],"product_cat":[545,606,1474],"product_tag":[985,552,558,984,604,982,983,992,988,989,986,991,987,990,560],"giftcard-category":[],"class_list":{"0":"post-15083","1":"product","2":"type-product","3":"status-publish","4":"has-post-thumbnail","6":"product_cat-decoration-en","7":"product_cat-small-formats","8":"product_cat-wall-art","9":"product_tag-5-x-7-frame","10":"product_tag-art-deco-en","11":"product_tag-decoration-en","12":"product_tag-fused-glass","13":"product_tag-home-2","14":"product_tag-horizon-collection","15":"product_tag-lighthouse","16":"product_tag-maritime-inspiration","17":"product_tag-nautical","18":"product_tag-perce-verre-en","19":"product_tag-quebec-art","20":"product_tag-sea","21":"product_tag-seaside","22":"product_tag-wall-decoration","23":"product_tag-work-of-art","25":"first","26":"outofstock","27":"taxable","28":"shipping-taxable","29":"product-type-simple"},"yoast_head":"<!-- This site is optimized with the Yoast SEO plugin v27.4 - https:\/\/yoast.com\/product\/yoast-seo-wordpress\/ -->\n<title>Lighthouse No. 4 - Horizon Collection (Frame 5 x 7) - Perc\u00e9-Verre<\/title>\n<meta name=\"description\" content=\"Lighthouse No. 4 - Horizon Collection. Work in fused glass depicting a lighthouse in daylight, blue seaside. Frame 5 x 7, signed, certified.\" \/>\n<meta name=\"robots\" content=\"index, follow, max-snippet:-1, max-image-preview:large, max-video-preview:-1\" \/>\n<link rel=\"canonical\" href=\"https:\/\/www.perce-verre.com\/en\/product\/lighthouse-no-4-horizon-collection-frame-5-x-7\/\" \/>\n<meta property=\"og:locale\" content=\"en_US\" \/>\n<meta property=\"og:type\" content=\"article\" \/>\n<meta property=\"og:title\" content=\"Lighthouse No. 4 - Horizon Collection (Frame 5 x 7) - Perc\u00e9-Verre\" \/>\n<meta property=\"og:description\" content=\"Lighthouse No. 4 - Horizon Collection. Work in fused glass depicting a lighthouse in daylight, blue seaside. Frame 5 x 7, signed, certified.\" \/>\n<meta property=\"og:url\" content=\"https:\/\/www.perce-verre.com\/en\/product\/lighthouse-no-4-horizon-collection-frame-5-x-7\/\" \/>\n<meta property=\"og:site_name\" content=\"Perc\u00e9-Verre\" \/>\n<meta property=\"article:modified_time\" content=\"2025-07-17T18:13:49+00:00\" \/>\n<meta property=\"og:image\" content=\"https:\/\/www.perce-verre.com\/wp-content\/uploads\/2025\/07\/oeuvre-murale_verre_couleurs_Phare-4.jpg\" \/>\n\t<meta property=\"og:image:width\" content=\"900\" \/>\n\t<meta property=\"og:image:height\" content=\"630\" \/>\n\t<meta property=\"og:image:type\" content=\"image\/jpeg\" \/>\n<meta name=\"twitter:card\" content=\"summary_large_image\" \/>\n<meta name=\"twitter:label1\" content=\"Est. reading time\" \/>\n\t<meta name=\"twitter:data1\" content=\"2 minutes\" \/>\n<script type=\"application\/ld+json\" class=\"yoast-schema-graph\">{\"@context\":\"https:\\\/\\\/schema.org\",\"@graph\":[{\"@type\":\"WebPage\",\"@id\":\"https:\\\/\\\/www.perce-verre.com\\\/en\\\/product\\\/lighthouse-no-4-horizon-collection-frame-5-x-7\\\/\",\"url\":\"https:\\\/\\\/www.perce-verre.com\\\/en\\\/product\\\/lighthouse-no-4-horizon-collection-frame-5-x-7\\\/\",\"name\":\"Lighthouse No. 4 - Horizon Collection (Frame 5 x 7) - Perc\u00e9-Verre\",\"isPartOf\":{\"@id\":\"https:\\\/\\\/www.perce-verre.com\\\/en\\\/#website\"},\"primaryImageOfPage\":{\"@id\":\"https:\\\/\\\/www.perce-verre.com\\\/en\\\/product\\\/lighthouse-no-4-horizon-collection-frame-5-x-7\\\/#primaryimage\"},\"image\":{\"@id\":\"https:\\\/\\\/www.perce-verre.com\\\/en\\\/product\\\/lighthouse-no-4-horizon-collection-frame-5-x-7\\\/#primaryimage\"},\"thumbnailUrl\":\"https:\\\/\\\/www.perce-verre.com\\\/wp-content\\\/uploads\\\/2025\\\/07\\\/oeuvre-murale_verre_couleurs_Phare-4.jpg\",\"datePublished\":\"2025-07-17T16:12:19+00:00\",\"dateModified\":\"2025-07-17T18:13:49+00:00\",\"description\":\"Lighthouse No. 4 - Horizon Collection. Work in fused glass depicting a lighthouse in daylight, blue seaside. Frame 5 x 7, signed, certified.\",\"breadcrumb\":{\"@id\":\"https:\\\/\\\/www.perce-verre.com\\\/en\\\/product\\\/lighthouse-no-4-horizon-collection-frame-5-x-7\\\/#breadcrumb\"},\"inLanguage\":\"en-US\",\"potentialAction\":[{\"@type\":\"ReadAction\",\"target\":[\"https:\\\/\\\/www.perce-verre.com\\\/en\\\/product\\\/lighthouse-no-4-horizon-collection-frame-5-x-7\\\/\"]}]},{\"@type\":\"ImageObject\",\"inLanguage\":\"en-US\",\"@id\":\"https:\\\/\\\/www.perce-verre.com\\\/en\\\/product\\\/lighthouse-no-4-horizon-collection-frame-5-x-7\\\/#primaryimage\",\"url\":\"https:\\\/\\\/www.perce-verre.com\\\/wp-content\\\/uploads\\\/2025\\\/07\\\/oeuvre-murale_verre_couleurs_Phare-4.jpg\",\"contentUrl\":\"https:\\\/\\\/www.perce-verre.com\\\/wp-content\\\/uploads\\\/2025\\\/07\\\/oeuvre-murale_verre_couleurs_Phare-4.jpg\",\"width\":900,\"height\":630,\"caption\":\"Work in fused glass representing a lighthouse by the sea, under a blue sky. Water and sky in harmony. 5 x 7 frame, Horizon collection.\"},{\"@type\":\"BreadcrumbList\",\"@id\":\"https:\\\/\\\/www.perce-verre.com\\\/en\\\/product\\\/lighthouse-no-4-horizon-collection-frame-5-x-7\\\/#breadcrumb\",\"itemListElement\":[{\"@type\":\"ListItem\",\"position\":1,\"name\":\"Accueil\",\"item\":\"https:\\\/\\\/www.perce-verre.com\\\/en\\\/\"},{\"@type\":\"ListItem\",\"position\":2,\"name\":\"Store\",\"item\":\"https:\\\/\\\/www.perce-verre.com\\\/en\\\/shop\\\/\"},{\"@type\":\"ListItem\",\"position\":3,\"name\":\"Lighthouse No. 4 &#8211; Horizon Collection (Frame 5 x 7)\"}]},{\"@type\":\"WebSite\",\"@id\":\"https:\\\/\\\/www.perce-verre.com\\\/en\\\/#website\",\"url\":\"https:\\\/\\\/www.perce-verre.com\\\/en\\\/\",\"name\":\"Perc\u00e9-Verre\",\"description\":\"Cadeaux uniques et des cr\u00e9ations qu\u00e9b\u00e9coises\",\"potentialAction\":[{\"@type\":\"SearchAction\",\"target\":{\"@type\":\"EntryPoint\",\"urlTemplate\":\"https:\\\/\\\/www.perce-verre.com\\\/en\\\/?s={search_term_string}\"},\"query-input\":{\"@type\":\"PropertyValueSpecification\",\"valueRequired\":true,\"valueName\":\"search_term_string\"}}],\"inLanguage\":\"en-US\"}]}<\/script>\n<!-- \/ Yoast SEO plugin. -->","yoast_head_json":{"title":"Lighthouse No. 4 - Horizon Collection (Frame 5 x 7) - Perc\u00e9-Verre","description":"Lighthouse No. 4 - Horizon Collection. Work in fused glass depicting a lighthouse in daylight, blue seaside. Frame 5 x 7, signed, certified.","robots":{"index":"index","follow":"follow","max-snippet":"max-snippet:-1","max-image-preview":"max-image-preview:large","max-video-preview":"max-video-preview:-1"},"canonical":"https:\/\/www.perce-verre.com\/en\/product\/lighthouse-no-4-horizon-collection-frame-5-x-7\/","og_locale":"en_US","og_type":"article","og_title":"Lighthouse No. 4 - Horizon Collection (Frame 5 x 7) - Perc\u00e9-Verre","og_description":"Lighthouse No. 4 - Horizon Collection. Work in fused glass depicting a lighthouse in daylight, blue seaside. Frame 5 x 7, signed, certified.","og_url":"https:\/\/www.perce-verre.com\/en\/product\/lighthouse-no-4-horizon-collection-frame-5-x-7\/","og_site_name":"Perc\u00e9-Verre","article_modified_time":"2025-07-17T18:13:49+00:00","og_image":[{"width":900,"height":630,"url":"https:\/\/www.perce-verre.com\/wp-content\/uploads\/2025\/07\/oeuvre-murale_verre_couleurs_Phare-4.jpg","type":"image\/jpeg"}],"twitter_card":"summary_large_image","twitter_misc":{"Est. reading time":"2 minutes"},"schema":{"@context":"https:\/\/schema.org","@graph":[{"@type":"WebPage","@id":"https:\/\/www.perce-verre.com\/en\/product\/lighthouse-no-4-horizon-collection-frame-5-x-7\/","url":"https:\/\/www.perce-verre.com\/en\/product\/lighthouse-no-4-horizon-collection-frame-5-x-7\/","name":"Lighthouse No. 4 - Horizon Collection (Frame 5 x 7) - Perc\u00e9-Verre","isPartOf":{"@id":"https:\/\/www.perce-verre.com\/en\/#website"},"primaryImageOfPage":{"@id":"https:\/\/www.perce-verre.com\/en\/product\/lighthouse-no-4-horizon-collection-frame-5-x-7\/#primaryimage"},"image":{"@id":"https:\/\/www.perce-verre.com\/en\/product\/lighthouse-no-4-horizon-collection-frame-5-x-7\/#primaryimage"},"thumbnailUrl":"https:\/\/www.perce-verre.com\/wp-content\/uploads\/2025\/07\/oeuvre-murale_verre_couleurs_Phare-4.jpg","datePublished":"2025-07-17T16:12:19+00:00","dateModified":"2025-07-17T18:13:49+00:00","description":"Lighthouse No. 4 - Horizon Collection. Work in fused glass depicting a lighthouse in daylight, blue seaside. Frame 5 x 7, signed, certified.","breadcrumb":{"@id":"https:\/\/www.perce-verre.com\/en\/product\/lighthouse-no-4-horizon-collection-frame-5-x-7\/#breadcrumb"},"inLanguage":"en-US","potentialAction":[{"@type":"ReadAction","target":["https:\/\/www.perce-verre.com\/en\/product\/lighthouse-no-4-horizon-collection-frame-5-x-7\/"]}]},{"@type":"ImageObject","inLanguage":"en-US","@id":"https:\/\/www.perce-verre.com\/en\/product\/lighthouse-no-4-horizon-collection-frame-5-x-7\/#primaryimage","url":"https:\/\/www.perce-verre.com\/wp-content\/uploads\/2025\/07\/oeuvre-murale_verre_couleurs_Phare-4.jpg","contentUrl":"https:\/\/www.perce-verre.com\/wp-content\/uploads\/2025\/07\/oeuvre-murale_verre_couleurs_Phare-4.jpg","width":900,"height":630,"caption":"Work in fused glass representing a lighthouse by the sea, under a blue sky. Water and sky in harmony. 5 x 7 frame, Horizon collection."},{"@type":"BreadcrumbList","@id":"https:\/\/www.perce-verre.com\/en\/product\/lighthouse-no-4-horizon-collection-frame-5-x-7\/#breadcrumb","itemListElement":[{"@type":"ListItem","position":1,"name":"Accueil","item":"https:\/\/www.perce-verre.com\/en\/"},{"@type":"ListItem","position":2,"name":"Store","item":"https:\/\/www.perce-verre.com\/en\/shop\/"},{"@type":"ListItem","position":3,"name":"Lighthouse No. 4 &#8211; Horizon Collection (Frame 5 x 7)"}]},{"@type":"WebSite","@id":"https:\/\/www.perce-verre.com\/en\/#website","url":"https:\/\/www.perce-verre.com\/en\/","name":"Perc\u00e9-Verre","description":"Cadeaux uniques et des cr\u00e9ations qu\u00e9b\u00e9coises","potentialAction":[{"@type":"SearchAction","target":{"@type":"EntryPoint","urlTemplate":"https:\/\/www.perce-verre.com\/en\/?s={search_term_string}"},"query-input":{"@type":"PropertyValueSpecification","valueRequired":true,"valueName":"search_term_string"}}],"inLanguage":"en-US"}]}},"wcpa_form_fields":null,"_links":{"self":[{"href":"https:\/\/www.perce-verre.com\/en\/wp-json\/wp\/v2\/product\/15083","targetHints":{"allow":["GET"]}}],"collection":[{"href":"https:\/\/www.perce-verre.com\/en\/wp-json\/wp\/v2\/product"}],"about":[{"href":"https:\/\/www.perce-verre.com\/en\/wp-json\/wp\/v2\/types\/product"}],"replies":[{"embeddable":true,"href":"https:\/\/www.perce-verre.com\/en\/wp-json\/wp\/v2\/comments?post=15083"}],"wp:featuredmedia":[{"embeddable":true,"href":"https:\/\/www.perce-verre.com\/en\/wp-json\/wp\/v2\/media\/15189"}],"wp:attachment":[{"href":"https:\/\/www.perce-verre.com\/en\/wp-json\/wp\/v2\/media?parent=15083"}],"wp:term":[{"taxonomy":"product_brand","embeddable":true,"href":"https:\/\/www.perce-verre.com\/en\/wp-json\/wp\/v2\/product_brand?post=15083"},{"taxonomy":"product_cat","embeddable":true,"href":"https:\/\/www.perce-verre.com\/en\/wp-json\/wp\/v2\/product_cat?post=15083"},{"taxonomy":"product_tag","embeddable":true,"href":"https:\/\/www.perce-verre.com\/en\/wp-json\/wp\/v2\/product_tag?post=15083"},{"taxonomy":"giftcard-category","embeddable":true,"href":"https:\/\/www.perce-verre.com\/en\/wp-json\/wp\/v2\/giftcard-category?post=15083"}],"curies":[{"name":"wp","href":"https:\/\/api.w.org\/{rel}","templated":true}]}}