{"id":15292,"date":"2025-07-17T14:48:39","date_gmt":"2025-07-17T18:48:39","guid":{"rendered":"https:\/\/www.perce-verre.com\/?post_type=product&#038;p=15292"},"modified":"2025-07-17T15:45:18","modified_gmt":"2025-07-17T19:45:18","slug":"chateau-frontenac-no-10-quebec-in-colour-collection","status":"publish","type":"product","link":"https:\/\/www.perce-verre.com\/en\/product\/chateau-frontenac-no-10-quebec-in-colour-collection\/","title":{"rendered":"Chateau Frontenac No. 10 &#8211; Qu\u00e9bec in Colour Collection"},"content":{"rendered":"<h2 data-start=\"419\" data-end=\"484\">\ud83c\udff0 <strong data-start=\"425\" data-end=\"484\">Chateau Frontenac No. 10 &#8211; Qu\u00e9bec in Colour Collection<\/strong><\/h2>\n<h3 data-start=\"486\" data-end=\"546\">\ud83d\udca1 A unique perspective on the Ch\u00e2teau Frontenac No. 10<\/h3>\n<p data-start=\"548\" data-end=\"913\">Visit <strong data-start=\"551\" data-end=\"578\">Chateau Frontenac No. 10<\/strong> transports you to the south shore of the St. Lawrence River, near L\u00e9vis, to admire one of the greatest symbols of Quebec&#8217;s heritage. This work, from the <strong data-start=\"747\" data-end=\"780\">Qu\u00e9bec in Colour Collection<\/strong>, celebrates the architectural beauty of the ch\u00e2teau, integrating it into a luminous, brilliant and poetically contemporary composition.<\/p>\n<hr data-start=\"915\" data-end=\"918\" \/>\n<h3 data-start=\"920\" data-end=\"973\">\ud83c\udfa8 A work in fused glass inspired by Quebec City<\/h3>\n<p data-start=\"975\" data-end=\"1393\">Each work in this collection is created using the <strong data-start=\"1040\" data-end=\"1058\">fused-glass<\/strong> technique, in which layers of glass are superimposed and transformed under the effect of heat. The resulting textures give relief, transparency and depth to the scene. The addition of <strong data-start=\"1242\" data-end=\"1258\">pearl paper<\/strong> in the background enhances the colors by reflecting the light, giving the impression that the work evolves with the passing day.<\/p>\n<hr data-start=\"1395\" data-end=\"1398\" \/>\n<h3 data-start=\"1400\" data-end=\"1452\">\ud83d\uddbc\ufe0f Chateau Frontenac: artwork details<\/h3>\n<ul data-start=\"1454\" data-end=\"1712\">\n<li data-start=\"1454\" data-end=\"1496\">\n<p data-start=\"1456\" data-end=\"1496\">Format: <strong data-start=\"1465\" data-end=\"1481\">5 x 7 inches<\/strong> (13 x 18 cm)<\/p>\n<\/li>\n<li data-start=\"1497\" data-end=\"1542\">\n<p data-start=\"1499\" data-end=\"1542\">Frame included, ready to hang or stand on<\/p>\n<\/li>\n<li data-start=\"1543\" data-end=\"1621\">\n<p data-start=\"1545\" data-end=\"1621\"><strong data-start=\"1545\" data-end=\"1563\">Fused glass<\/strong>, signed by artist <strong data-start=\"1585\" data-end=\"1619\">St\u00e9phanie B\u00e9land &#8211; Perc\u00e9-Verre<\/strong><\/p>\n<\/li>\n<li data-start=\"1622\" data-end=\"1662\">\n<p data-start=\"1624\" data-end=\"1662\"><strong data-start=\"1624\" data-end=\"1653\">Certificate of authenticity<\/strong> supplied<\/p>\n<\/li>\n<li data-start=\"1663\" data-end=\"1712\">\n<p data-start=\"1665\" data-end=\"1712\"><strong data-start=\"1665\" data-end=\"1681\">One-of-a-kind piece<\/strong>, handcrafted in Quebec<\/p>\n<\/li>\n<\/ul>\n<hr data-start=\"1714\" data-end=\"1717\" \/>\n<h3 data-start=\"1719\" data-end=\"1758\">\ud83c\udf06 The Quebec skyline reinterpreted<\/h3>\n<p data-start=\"1760\" data-end=\"2072\">In the <strong data-start=\"1768\" data-end=\"1795\">Chateau Frontenac No. 10, <\/strong>Qu\u00e9bec City reveals itself from an unexpected angle: seen from L\u00e9vis, it is imbued with calm, distance and light. It&#8217;s an invitation to rediscover a familiar place with fresh eyes. This glass painting evokes a sense of place, memory and the poetry of everyday life.<\/p>\n<hr data-start=\"2074\" data-end=\"2077\" \/>\n<h3 data-start=\"2079\" data-end=\"2123\">\u26a0\ufe0f Just one chance to fall in love<\/h3>\n<p data-start=\"2125\" data-end=\"2317\">Each piece in the <strong data-start=\"2144\" data-end=\"2177\">Qu\u00e9bec in Colour Collectionn<\/strong> is <strong data-start=\"2182\" data-end=\"2204\">entirely unique<\/strong>. If this piece is calling your name, don&#8217;t delay. Like all rarities, it&#8217;s a one-off.<\/p>\n<p data-start=\"1147\" data-end=\"1187\">To find out more about designer St\u00e9phanie B\u00e9land, <a href=\"https:\/\/www.perce-verre.com\/en\/about-us\/\">click here.<\/a> Follow us on our social networks for news, videos and behind-the-scenes looks at our creations.<a href=\"https:\/\/www.facebook.com\/perceverre\/\">(Facebook<\/a>, <a href=\"https:\/\/www.instagram.com\/perceverre\/\">Instagram<\/a>)<\/p>\n","protected":false},"excerpt":{"rendered":"<p data-start=\"189\" data-end=\"356\">View of the Chateau Frontenac from L\u00e9vis, captured in fused glass. Unique work, framed 5 x 7, signed and certified. Qu\u00e9bec in Colour Collection.<\/p>\n<p data-start=\"189\" data-end=\"356\">\n","protected":false},"featured_media":15241,"comment_status":"closed","ping_status":"closed","template":"","meta":[],"product_brand":[],"product_cat":[545,606,1474],"product_tag":[985,1002,1009,1010,984,1006,989,986,1008,1003,1005,1007,1004,990],"giftcard-category":[],"class_list":{"0":"post-15292","1":"product","2":"type-product","3":"status-publish","4":"has-post-thumbnail","6":"product_cat-decoration-en","7":"product_cat-small-formats","8":"product_cat-wall-art","9":"product_tag-5-x-7-frame","10":"product_tag-chateau-frontenac-en","11":"product_tag-contemporary-art","12":"product_tag-exclusive-collection","13":"product_tag-fused-glass","14":"product_tag-original-work","15":"product_tag-perce-verre-en","16":"product_tag-quebec-art","17":"product_tag-quebec-craftsmanship","18":"product_tag-quebec-en-couleurs-en","19":"product_tag-unique-creation","20":"product_tag-urban-landscape","21":"product_tag-view-of-levis","22":"product_tag-wall-decoration","24":"first","25":"instock","26":"taxable","27":"shipping-taxable","28":"purchasable","29":"product-type-simple"},"yoast_head":"<!-- This site is optimized with the Yoast SEO plugin v27.4 - https:\/\/yoast.com\/product\/yoast-seo-wordpress\/ -->\n<title>Chateau Frontenac No. 10 - Qu\u00e9bec in Colour Collection - Perc\u00e9-Verre<\/title>\n<meta name=\"description\" content=\"Chateau Frontenac No. 10 - Qu\u00e9bec in Colour Collection. Work in fused glass, view from L\u00e9vis. Frame 5 x 7, unique piece, signed and certified.\" \/>\n<meta name=\"robots\" content=\"index, follow, max-snippet:-1, max-image-preview:large, max-video-preview:-1\" \/>\n<link rel=\"canonical\" href=\"https:\/\/www.perce-verre.com\/en\/product\/chateau-frontenac-no-10-quebec-in-colour-collection\/\" \/>\n<meta property=\"og:locale\" content=\"en_US\" \/>\n<meta property=\"og:type\" content=\"article\" \/>\n<meta property=\"og:title\" content=\"Chateau Frontenac No. 10 - Qu\u00e9bec in Colour Collection - Perc\u00e9-Verre\" \/>\n<meta property=\"og:description\" content=\"Chateau Frontenac No. 10 - Qu\u00e9bec in Colour Collection. Work in fused glass, view from L\u00e9vis. Frame 5 x 7, unique piece, signed and certified.\" \/>\n<meta property=\"og:url\" content=\"https:\/\/www.perce-verre.com\/en\/product\/chateau-frontenac-no-10-quebec-in-colour-collection\/\" \/>\n<meta property=\"og:site_name\" content=\"Perc\u00e9-Verre\" \/>\n<meta property=\"article:modified_time\" content=\"2025-07-17T19:45:18+00:00\" \/>\n<meta property=\"og:image\" content=\"https:\/\/www.perce-verre.com\/wp-content\/uploads\/2025\/07\/oeuvre-murale_verre_couleurs_Quebec-10.jpg\" \/>\n\t<meta property=\"og:image:width\" content=\"900\" \/>\n\t<meta property=\"og:image:height\" content=\"630\" \/>\n\t<meta property=\"og:image:type\" content=\"image\/jpeg\" \/>\n<meta name=\"twitter:card\" content=\"summary_large_image\" \/>\n<meta name=\"twitter:label1\" content=\"Est. reading time\" \/>\n\t<meta name=\"twitter:data1\" content=\"2 minutes\" \/>\n<script type=\"application\/ld+json\" class=\"yoast-schema-graph\">{\"@context\":\"https:\\\/\\\/schema.org\",\"@graph\":[{\"@type\":\"WebPage\",\"@id\":\"https:\\\/\\\/www.perce-verre.com\\\/en\\\/product\\\/chateau-frontenac-no-10-quebec-in-colour-collection\\\/\",\"url\":\"https:\\\/\\\/www.perce-verre.com\\\/en\\\/product\\\/chateau-frontenac-no-10-quebec-in-colour-collection\\\/\",\"name\":\"Chateau Frontenac No. 10 - Qu\u00e9bec in Colour Collection - Perc\u00e9-Verre\",\"isPartOf\":{\"@id\":\"https:\\\/\\\/www.perce-verre.com\\\/en\\\/#website\"},\"primaryImageOfPage\":{\"@id\":\"https:\\\/\\\/www.perce-verre.com\\\/en\\\/product\\\/chateau-frontenac-no-10-quebec-in-colour-collection\\\/#primaryimage\"},\"image\":{\"@id\":\"https:\\\/\\\/www.perce-verre.com\\\/en\\\/product\\\/chateau-frontenac-no-10-quebec-in-colour-collection\\\/#primaryimage\"},\"thumbnailUrl\":\"https:\\\/\\\/www.perce-verre.com\\\/wp-content\\\/uploads\\\/2025\\\/07\\\/oeuvre-murale_verre_couleurs_Quebec-10.jpg\",\"datePublished\":\"2025-07-17T18:48:39+00:00\",\"dateModified\":\"2025-07-17T19:45:18+00:00\",\"description\":\"Chateau Frontenac No. 10 - Qu\u00e9bec in Colour Collection. Work in fused glass, view from L\u00e9vis. Frame 5 x 7, unique piece, signed and certified.\",\"breadcrumb\":{\"@id\":\"https:\\\/\\\/www.perce-verre.com\\\/en\\\/product\\\/chateau-frontenac-no-10-quebec-in-colour-collection\\\/#breadcrumb\"},\"inLanguage\":\"en-US\",\"potentialAction\":[{\"@type\":\"ReadAction\",\"target\":[\"https:\\\/\\\/www.perce-verre.com\\\/en\\\/product\\\/chateau-frontenac-no-10-quebec-in-colour-collection\\\/\"]}]},{\"@type\":\"ImageObject\",\"inLanguage\":\"en-US\",\"@id\":\"https:\\\/\\\/www.perce-verre.com\\\/en\\\/product\\\/chateau-frontenac-no-10-quebec-in-colour-collection\\\/#primaryimage\",\"url\":\"https:\\\/\\\/www.perce-verre.com\\\/wp-content\\\/uploads\\\/2025\\\/07\\\/oeuvre-murale_verre_couleurs_Quebec-10.jpg\",\"contentUrl\":\"https:\\\/\\\/www.perce-verre.com\\\/wp-content\\\/uploads\\\/2025\\\/07\\\/oeuvre-murale_verre_couleurs_Quebec-10.jpg\",\"width\":900,\"height\":630,\"caption\":\"Fused glass work depicting the Ch\u00e2teau Frontenac as seen from L\u00e9vis, framed in 5 x 7 format. Collection Qu\u00e9bec en couleurs, Perc\u00e9-Verre.\"},{\"@type\":\"BreadcrumbList\",\"@id\":\"https:\\\/\\\/www.perce-verre.com\\\/en\\\/product\\\/chateau-frontenac-no-10-quebec-in-colour-collection\\\/#breadcrumb\",\"itemListElement\":[{\"@type\":\"ListItem\",\"position\":1,\"name\":\"Accueil\",\"item\":\"https:\\\/\\\/www.perce-verre.com\\\/en\\\/\"},{\"@type\":\"ListItem\",\"position\":2,\"name\":\"Store\",\"item\":\"https:\\\/\\\/www.perce-verre.com\\\/en\\\/shop\\\/\"},{\"@type\":\"ListItem\",\"position\":3,\"name\":\"Chateau Frontenac No. 10 &#8211; Qu\u00e9bec in Colour Collection\"}]},{\"@type\":\"WebSite\",\"@id\":\"https:\\\/\\\/www.perce-verre.com\\\/en\\\/#website\",\"url\":\"https:\\\/\\\/www.perce-verre.com\\\/en\\\/\",\"name\":\"Perc\u00e9-Verre\",\"description\":\"Cadeaux uniques et des cr\u00e9ations qu\u00e9b\u00e9coises\",\"potentialAction\":[{\"@type\":\"SearchAction\",\"target\":{\"@type\":\"EntryPoint\",\"urlTemplate\":\"https:\\\/\\\/www.perce-verre.com\\\/en\\\/?s={search_term_string}\"},\"query-input\":{\"@type\":\"PropertyValueSpecification\",\"valueRequired\":true,\"valueName\":\"search_term_string\"}}],\"inLanguage\":\"en-US\"}]}<\/script>\n<!-- \/ Yoast SEO plugin. -->","yoast_head_json":{"title":"Chateau Frontenac No. 10 - Qu\u00e9bec in Colour Collection - Perc\u00e9-Verre","description":"Chateau Frontenac No. 10 - Qu\u00e9bec in Colour Collection. Work in fused glass, view from L\u00e9vis. Frame 5 x 7, unique piece, signed and certified.","robots":{"index":"index","follow":"follow","max-snippet":"max-snippet:-1","max-image-preview":"max-image-preview:large","max-video-preview":"max-video-preview:-1"},"canonical":"https:\/\/www.perce-verre.com\/en\/product\/chateau-frontenac-no-10-quebec-in-colour-collection\/","og_locale":"en_US","og_type":"article","og_title":"Chateau Frontenac No. 10 - Qu\u00e9bec in Colour Collection - Perc\u00e9-Verre","og_description":"Chateau Frontenac No. 10 - Qu\u00e9bec in Colour Collection. Work in fused glass, view from L\u00e9vis. Frame 5 x 7, unique piece, signed and certified.","og_url":"https:\/\/www.perce-verre.com\/en\/product\/chateau-frontenac-no-10-quebec-in-colour-collection\/","og_site_name":"Perc\u00e9-Verre","article_modified_time":"2025-07-17T19:45:18+00:00","og_image":[{"width":900,"height":630,"url":"https:\/\/www.perce-verre.com\/wp-content\/uploads\/2025\/07\/oeuvre-murale_verre_couleurs_Quebec-10.jpg","type":"image\/jpeg"}],"twitter_card":"summary_large_image","twitter_misc":{"Est. reading time":"2 minutes"},"schema":{"@context":"https:\/\/schema.org","@graph":[{"@type":"WebPage","@id":"https:\/\/www.perce-verre.com\/en\/product\/chateau-frontenac-no-10-quebec-in-colour-collection\/","url":"https:\/\/www.perce-verre.com\/en\/product\/chateau-frontenac-no-10-quebec-in-colour-collection\/","name":"Chateau Frontenac No. 10 - Qu\u00e9bec in Colour Collection - Perc\u00e9-Verre","isPartOf":{"@id":"https:\/\/www.perce-verre.com\/en\/#website"},"primaryImageOfPage":{"@id":"https:\/\/www.perce-verre.com\/en\/product\/chateau-frontenac-no-10-quebec-in-colour-collection\/#primaryimage"},"image":{"@id":"https:\/\/www.perce-verre.com\/en\/product\/chateau-frontenac-no-10-quebec-in-colour-collection\/#primaryimage"},"thumbnailUrl":"https:\/\/www.perce-verre.com\/wp-content\/uploads\/2025\/07\/oeuvre-murale_verre_couleurs_Quebec-10.jpg","datePublished":"2025-07-17T18:48:39+00:00","dateModified":"2025-07-17T19:45:18+00:00","description":"Chateau Frontenac No. 10 - Qu\u00e9bec in Colour Collection. Work in fused glass, view from L\u00e9vis. Frame 5 x 7, unique piece, signed and certified.","breadcrumb":{"@id":"https:\/\/www.perce-verre.com\/en\/product\/chateau-frontenac-no-10-quebec-in-colour-collection\/#breadcrumb"},"inLanguage":"en-US","potentialAction":[{"@type":"ReadAction","target":["https:\/\/www.perce-verre.com\/en\/product\/chateau-frontenac-no-10-quebec-in-colour-collection\/"]}]},{"@type":"ImageObject","inLanguage":"en-US","@id":"https:\/\/www.perce-verre.com\/en\/product\/chateau-frontenac-no-10-quebec-in-colour-collection\/#primaryimage","url":"https:\/\/www.perce-verre.com\/wp-content\/uploads\/2025\/07\/oeuvre-murale_verre_couleurs_Quebec-10.jpg","contentUrl":"https:\/\/www.perce-verre.com\/wp-content\/uploads\/2025\/07\/oeuvre-murale_verre_couleurs_Quebec-10.jpg","width":900,"height":630,"caption":"Fused glass work depicting the Ch\u00e2teau Frontenac as seen from L\u00e9vis, framed in 5 x 7 format. Collection Qu\u00e9bec en couleurs, Perc\u00e9-Verre."},{"@type":"BreadcrumbList","@id":"https:\/\/www.perce-verre.com\/en\/product\/chateau-frontenac-no-10-quebec-in-colour-collection\/#breadcrumb","itemListElement":[{"@type":"ListItem","position":1,"name":"Accueil","item":"https:\/\/www.perce-verre.com\/en\/"},{"@type":"ListItem","position":2,"name":"Store","item":"https:\/\/www.perce-verre.com\/en\/shop\/"},{"@type":"ListItem","position":3,"name":"Chateau Frontenac No. 10 &#8211; Qu\u00e9bec in Colour Collection"}]},{"@type":"WebSite","@id":"https:\/\/www.perce-verre.com\/en\/#website","url":"https:\/\/www.perce-verre.com\/en\/","name":"Perc\u00e9-Verre","description":"Cadeaux uniques et des cr\u00e9ations qu\u00e9b\u00e9coises","potentialAction":[{"@type":"SearchAction","target":{"@type":"EntryPoint","urlTemplate":"https:\/\/www.perce-verre.com\/en\/?s={search_term_string}"},"query-input":{"@type":"PropertyValueSpecification","valueRequired":true,"valueName":"search_term_string"}}],"inLanguage":"en-US"}]}},"wcpa_form_fields":null,"_links":{"self":[{"href":"https:\/\/www.perce-verre.com\/en\/wp-json\/wp\/v2\/product\/15292","targetHints":{"allow":["GET"]}}],"collection":[{"href":"https:\/\/www.perce-verre.com\/en\/wp-json\/wp\/v2\/product"}],"about":[{"href":"https:\/\/www.perce-verre.com\/en\/wp-json\/wp\/v2\/types\/product"}],"replies":[{"embeddable":true,"href":"https:\/\/www.perce-verre.com\/en\/wp-json\/wp\/v2\/comments?post=15292"}],"wp:featuredmedia":[{"embeddable":true,"href":"https:\/\/www.perce-verre.com\/en\/wp-json\/wp\/v2\/media\/15241"}],"wp:attachment":[{"href":"https:\/\/www.perce-verre.com\/en\/wp-json\/wp\/v2\/media?parent=15292"}],"wp:term":[{"taxonomy":"product_brand","embeddable":true,"href":"https:\/\/www.perce-verre.com\/en\/wp-json\/wp\/v2\/product_brand?post=15292"},{"taxonomy":"product_cat","embeddable":true,"href":"https:\/\/www.perce-verre.com\/en\/wp-json\/wp\/v2\/product_cat?post=15292"},{"taxonomy":"product_tag","embeddable":true,"href":"https:\/\/www.perce-verre.com\/en\/wp-json\/wp\/v2\/product_tag?post=15292"},{"taxonomy":"giftcard-category","embeddable":true,"href":"https:\/\/www.perce-verre.com\/en\/wp-json\/wp\/v2\/giftcard-category?post=15292"}],"curies":[{"name":"wp","href":"https:\/\/api.w.org\/{rel}","templated":true}]}}