{"id":15435,"date":"2025-09-05T10:44:59","date_gmt":"2025-09-05T14:44:59","guid":{"rendered":"https:\/\/www.perce-verre.com\/?post_type=product&#038;p=15435"},"modified":"2025-09-11T18:33:42","modified_gmt":"2025-09-11T22:33:42","slug":"sea-glimmers-no-1-nature-collection-copie-copie-3","status":"publish","type":"product","link":"https:\/\/www.perce-verre.com\/en\/product\/sea-glimmers-no-1-nature-collection-copie-copie-3\/","title":{"rendered":"Loki &#8211; Cat, original work in fused glass (Adopted)"},"content":{"rendered":"<h2 data-start=\"304\" data-end=\"370\">Loki &#8211; Bewitching cat and eternal lover in fused glass<\/h2>\n<p data-start=\"372\" data-end=\"751\">Loki is an <strong data-start=\"384\" data-end=\"403\">enchanting cat<\/strong> with a silky coat adorned with pink, mauve and blue highlights. These colors recall a soft, mysterious and poetic twilight sky. <strong data-start=\"536\" data-end=\"548\">Indeed<\/strong>, behind this calm elegance lies a fiery, passionate and magical heart. Wherever Loki goes, his presence fascinates and captivates, creating an atmosphere both tender and bewitching.  <\/p>\n<h3 data-start=\"753\" data-end=\"800\">A magical love story of the cat Loki<\/h3>\n<p data-start=\"801\" data-end=\"1282\">Loki only had eyes for <a href=\"https:\/\/www.perce-verre.com\/en\/product\/kira-adopted-copie\/\">Fluffy<\/a>, a beautiful, free and elusive cat. <strong data-start=\"880\" data-end=\"893\">But<\/strong> Fluffy was a heartbreaker who never got attached. But Loki, determined and passionate, cast a love spell. Against all odds, the magic worked and <a href=\"https:\/\/www.perce-verre.com\/en\/product\/kira-adopted-copie\/\">Fluffy<\/a> fell under its spell. Since that day, Loki and Fluffy have lived a dazzling love story, radiating side by side, inseparable and bound by an eternal spell. Their complicity is palpable, and their presence inspires tenderness and wonder.    <\/p>\n<h3 data-start=\"1284\" data-end=\"1332\">Loki, the enchanting cat in fused glass<\/h3>\n<p data-start=\"1333\" data-end=\"1805\">Loki comes to life thanks to the <strong data-start=\"1357\" data-end=\"1396\">meticulous workmanship of fused glass<\/strong>. Pastel shades and changing reflections perfectly capture his magical, romantic aura. What&#8217; <strong data-start=\"1498\" data-end=\"1509\">s more<\/strong>, every detail, from his eyes to the subtle reflections of his coat, has been carefully and poetically crafted by hand. This work is more than just decorative: it tells a story about a magical cat in love, capable of transporting those who admire it into a fairytale world.  <\/p>\n<h3 data-start=\"1807\" data-end=\"1851\">A unique creation by Perc\u00e9-Verre<\/h3>\n<p data-start=\"1852\" data-end=\"2196\">This piece is part of the <strong data-start=\"1882\" data-end=\"1901\">Collection Chat<\/strong> by Quebec artist <strong data-start=\"1926\" data-end=\"1946\">St\u00e9phanie B\u00e9land<\/strong>. Loki embodies the perfect blend of elegance, passion and enchantment. <strong data-start=\"2016\" data-end=\"2025\">As such,<\/strong> it becomes much more than a simple wall decoration: it&#8217;s an inspiring presence, an enchanting cat to be contemplated every day and admired in all its splendor. <\/p>\n<h2 data-start=\"2177\" data-end=\"2207\">Technical specifications<\/h2>\n<ul data-start=\"2208\" data-end=\"2418\">\n<li data-start=\"2208\" data-end=\"2246\">\n<p data-start=\"2210\" data-end=\"2246\">Dimensions: 10 inches x 26 inches<\/p>\n<\/li>\n<li data-start=\"2247\" data-end=\"2299\">\n<p data-start=\"2249\" data-end=\"2299\">Materials: High-quality fused glass<\/p>\n<\/li>\n<li data-start=\"2300\" data-end=\"2343\">\n<p data-start=\"2302\" data-end=\"2343\">Framing: Italian wood moldings<\/p>\n<\/li>\n<li data-start=\"2344\" data-end=\"2418\">\n<p data-start=\"2346\" data-end=\"2418\">Bottom: Vinyl resistant to humidity and temperature changes<\/p>\n<\/li>\n<\/ul>\n<p data-start=\"2279\" data-end=\"2461\">To find out more about designer St\u00e9phanie B\u00e9land, <a href=\"https:\/\/www.perce-verre.com\/en\/about-us\/\">click here.<\/a> Follow us on our social networks for news, videos and behind-the-scenes looks at our creations.<a href=\"https:\/\/www.facebook.com\/perceverre\/\">(Facebook<\/a>, <a href=\"https:\/\/www.instagram.com\/perceverre\/\">Instagram<\/a>)<\/p>\n","protected":false},"excerpt":{"rendered":"<p data-start=\"2180\" data-end=\"2337\">Loki is an elegant cat with a pastel coat. Mysterious and romantic, he cast a love spell&#8230; that changed his life. A magical piece of fused glass by Perc\u00e9-Verre.  <\/p>\n<p data-start=\"189\" data-end=\"356\">\n","protected":false},"featured_media":15477,"comment_status":"closed","ping_status":"closed","template":"","meta":[],"product_brand":[],"product_cat":[891,545],"product_tag":[1245,1248,1172,1246,1247,1250,1173,989,1021,1171],"giftcard-category":[],"class_list":{"0":"post-15435","1":"product","2":"type-product","3":"status-publish","4":"has-post-thumbnail","6":"product_cat-cat-collection","7":"product_cat-decoration-en","8":"product_tag-cat-wall-decoration","9":"product_tag-collection-chat-perce-verre-en","10":"product_tag-contemporary-animal-art","11":"product_tag-fused-glass-cat","12":"product_tag-humorous-chat","13":"product_tag-loki-cat","14":"product_tag-original-work-quebec","15":"product_tag-perce-verre-en","16":"product_tag-stephanie-beland-en","17":"product_tag-unique-handcrafted-gift","19":"first","20":"outofstock","21":"taxable","22":"shipping-taxable","23":"product-type-simple"},"yoast_head":"<!-- This site is optimized with the Yoast SEO plugin v27.4 - https:\/\/yoast.com\/product\/yoast-seo-wordpress\/ -->\n<title>Loki - Cat, original work in fused glass (Adopted) - Perc\u00e9-Verre<\/title>\n<meta name=\"description\" content=\"Loki - Romantic and mysterious cat in fused glass. A unique creation by Perc\u00e9-Verre, inspired by an enchanted love.\" \/>\n<meta name=\"robots\" content=\"index, follow, max-snippet:-1, max-image-preview:large, max-video-preview:-1\" \/>\n<link rel=\"canonical\" href=\"https:\/\/www.perce-verre.com\/en\/product\/sea-glimmers-no-1-nature-collection-copie-copie-3\/\" \/>\n<meta property=\"og:locale\" content=\"en_US\" \/>\n<meta property=\"og:type\" content=\"article\" \/>\n<meta property=\"og:title\" content=\"Loki - Cat, original work in fused glass (Adopted) - Perc\u00e9-Verre\" \/>\n<meta property=\"og:description\" content=\"Loki - Romantic and mysterious cat in fused glass. A unique creation by Perc\u00e9-Verre, inspired by an enchanted love.\" \/>\n<meta property=\"og:url\" content=\"https:\/\/www.perce-verre.com\/en\/product\/sea-glimmers-no-1-nature-collection-copie-copie-3\/\" \/>\n<meta property=\"og:site_name\" content=\"Perc\u00e9-Verre\" \/>\n<meta property=\"article:modified_time\" content=\"2025-09-11T22:33:42+00:00\" \/>\n<meta property=\"og:image\" content=\"https:\/\/www.perce-verre.com\/wp-content\/uploads\/2025\/09\/LOKI_Collection-chat_Oeuvre_Art-Deco_Glass-artwork_verre-fusionne_perce-verre-1.jpg\" \/>\n\t<meta property=\"og:image:width\" content=\"900\" \/>\n\t<meta property=\"og:image:height\" content=\"630\" \/>\n\t<meta property=\"og:image:type\" content=\"image\/jpeg\" \/>\n<meta name=\"twitter:card\" content=\"summary_large_image\" \/>\n<meta name=\"twitter:label1\" content=\"Est. reading time\" \/>\n\t<meta name=\"twitter:data1\" content=\"3 minutes\" \/>\n<script type=\"application\/ld+json\" class=\"yoast-schema-graph\">{\"@context\":\"https:\\\/\\\/schema.org\",\"@graph\":[{\"@type\":\"WebPage\",\"@id\":\"https:\\\/\\\/www.perce-verre.com\\\/en\\\/product\\\/sea-glimmers-no-1-nature-collection-copie-copie-3\\\/\",\"url\":\"https:\\\/\\\/www.perce-verre.com\\\/en\\\/product\\\/sea-glimmers-no-1-nature-collection-copie-copie-3\\\/\",\"name\":\"Loki - Cat, original work in fused glass (Adopted) - Perc\u00e9-Verre\",\"isPartOf\":{\"@id\":\"https:\\\/\\\/www.perce-verre.com\\\/en\\\/#website\"},\"primaryImageOfPage\":{\"@id\":\"https:\\\/\\\/www.perce-verre.com\\\/en\\\/product\\\/sea-glimmers-no-1-nature-collection-copie-copie-3\\\/#primaryimage\"},\"image\":{\"@id\":\"https:\\\/\\\/www.perce-verre.com\\\/en\\\/product\\\/sea-glimmers-no-1-nature-collection-copie-copie-3\\\/#primaryimage\"},\"thumbnailUrl\":\"https:\\\/\\\/www.perce-verre.com\\\/wp-content\\\/uploads\\\/2025\\\/09\\\/LOKI_Collection-chat_Oeuvre_Art-Deco_Glass-artwork_verre-fusionne_perce-verre-2.jpg\",\"datePublished\":\"2025-09-05T14:44:59+00:00\",\"dateModified\":\"2025-09-11T22:33:42+00:00\",\"description\":\"Loki - Romantic and mysterious cat in fused glass. A unique creation by Perc\u00e9-Verre, inspired by an enchanted love.\",\"breadcrumb\":{\"@id\":\"https:\\\/\\\/www.perce-verre.com\\\/en\\\/product\\\/sea-glimmers-no-1-nature-collection-copie-copie-3\\\/#breadcrumb\"},\"inLanguage\":\"en-US\",\"potentialAction\":[{\"@type\":\"ReadAction\",\"target\":[\"https:\\\/\\\/www.perce-verre.com\\\/en\\\/product\\\/sea-glimmers-no-1-nature-collection-copie-copie-3\\\/\"]}]},{\"@type\":\"ImageObject\",\"inLanguage\":\"en-US\",\"@id\":\"https:\\\/\\\/www.perce-verre.com\\\/en\\\/product\\\/sea-glimmers-no-1-nature-collection-copie-copie-3\\\/#primaryimage\",\"url\":\"https:\\\/\\\/www.perce-verre.com\\\/wp-content\\\/uploads\\\/2025\\\/09\\\/LOKI_Collection-chat_Oeuvre_Art-Deco_Glass-artwork_verre-fusionne_perce-verre-2.jpg\",\"contentUrl\":\"https:\\\/\\\/www.perce-verre.com\\\/wp-content\\\/uploads\\\/2025\\\/09\\\/LOKI_Collection-chat_Oeuvre_Art-Deco_Glass-artwork_verre-fusionne_perce-verre-2.jpg\",\"width\":900,\"height\":630,\"caption\":\"Loki, an enchanting cat in fused glass, with pastel colors and changing reflections, an original Perc\u00e9-Verre creation by St\u00e9phanie B\u00e9land.\"},{\"@type\":\"BreadcrumbList\",\"@id\":\"https:\\\/\\\/www.perce-verre.com\\\/en\\\/product\\\/sea-glimmers-no-1-nature-collection-copie-copie-3\\\/#breadcrumb\",\"itemListElement\":[{\"@type\":\"ListItem\",\"position\":1,\"name\":\"Accueil\",\"item\":\"https:\\\/\\\/www.perce-verre.com\\\/en\\\/\"},{\"@type\":\"ListItem\",\"position\":2,\"name\":\"Store\",\"item\":\"https:\\\/\\\/www.perce-verre.com\\\/en\\\/shop\\\/\"},{\"@type\":\"ListItem\",\"position\":3,\"name\":\"Loki &#8211; Cat, original work in fused glass (Adopted)\"}]},{\"@type\":\"WebSite\",\"@id\":\"https:\\\/\\\/www.perce-verre.com\\\/en\\\/#website\",\"url\":\"https:\\\/\\\/www.perce-verre.com\\\/en\\\/\",\"name\":\"Perc\u00e9-Verre\",\"description\":\"Cadeaux uniques et des cr\u00e9ations qu\u00e9b\u00e9coises\",\"potentialAction\":[{\"@type\":\"SearchAction\",\"target\":{\"@type\":\"EntryPoint\",\"urlTemplate\":\"https:\\\/\\\/www.perce-verre.com\\\/en\\\/?s={search_term_string}\"},\"query-input\":{\"@type\":\"PropertyValueSpecification\",\"valueRequired\":true,\"valueName\":\"search_term_string\"}}],\"inLanguage\":\"en-US\"}]}<\/script>\n<!-- \/ Yoast SEO plugin. -->","yoast_head_json":{"title":"Loki - Cat, original work in fused glass (Adopted) - Perc\u00e9-Verre","description":"Loki - Romantic and mysterious cat in fused glass. A unique creation by Perc\u00e9-Verre, inspired by an enchanted love.","robots":{"index":"index","follow":"follow","max-snippet":"max-snippet:-1","max-image-preview":"max-image-preview:large","max-video-preview":"max-video-preview:-1"},"canonical":"https:\/\/www.perce-verre.com\/en\/product\/sea-glimmers-no-1-nature-collection-copie-copie-3\/","og_locale":"en_US","og_type":"article","og_title":"Loki - Cat, original work in fused glass (Adopted) - Perc\u00e9-Verre","og_description":"Loki - Romantic and mysterious cat in fused glass. A unique creation by Perc\u00e9-Verre, inspired by an enchanted love.","og_url":"https:\/\/www.perce-verre.com\/en\/product\/sea-glimmers-no-1-nature-collection-copie-copie-3\/","og_site_name":"Perc\u00e9-Verre","article_modified_time":"2025-09-11T22:33:42+00:00","og_image":[{"width":900,"height":630,"url":"https:\/\/www.perce-verre.com\/wp-content\/uploads\/2025\/09\/LOKI_Collection-chat_Oeuvre_Art-Deco_Glass-artwork_verre-fusionne_perce-verre-1.jpg","type":"image\/jpeg"}],"twitter_card":"summary_large_image","twitter_misc":{"Est. reading time":"3 minutes"},"schema":{"@context":"https:\/\/schema.org","@graph":[{"@type":"WebPage","@id":"https:\/\/www.perce-verre.com\/en\/product\/sea-glimmers-no-1-nature-collection-copie-copie-3\/","url":"https:\/\/www.perce-verre.com\/en\/product\/sea-glimmers-no-1-nature-collection-copie-copie-3\/","name":"Loki - Cat, original work in fused glass (Adopted) - Perc\u00e9-Verre","isPartOf":{"@id":"https:\/\/www.perce-verre.com\/en\/#website"},"primaryImageOfPage":{"@id":"https:\/\/www.perce-verre.com\/en\/product\/sea-glimmers-no-1-nature-collection-copie-copie-3\/#primaryimage"},"image":{"@id":"https:\/\/www.perce-verre.com\/en\/product\/sea-glimmers-no-1-nature-collection-copie-copie-3\/#primaryimage"},"thumbnailUrl":"https:\/\/www.perce-verre.com\/wp-content\/uploads\/2025\/09\/LOKI_Collection-chat_Oeuvre_Art-Deco_Glass-artwork_verre-fusionne_perce-verre-2.jpg","datePublished":"2025-09-05T14:44:59+00:00","dateModified":"2025-09-11T22:33:42+00:00","description":"Loki - Romantic and mysterious cat in fused glass. A unique creation by Perc\u00e9-Verre, inspired by an enchanted love.","breadcrumb":{"@id":"https:\/\/www.perce-verre.com\/en\/product\/sea-glimmers-no-1-nature-collection-copie-copie-3\/#breadcrumb"},"inLanguage":"en-US","potentialAction":[{"@type":"ReadAction","target":["https:\/\/www.perce-verre.com\/en\/product\/sea-glimmers-no-1-nature-collection-copie-copie-3\/"]}]},{"@type":"ImageObject","inLanguage":"en-US","@id":"https:\/\/www.perce-verre.com\/en\/product\/sea-glimmers-no-1-nature-collection-copie-copie-3\/#primaryimage","url":"https:\/\/www.perce-verre.com\/wp-content\/uploads\/2025\/09\/LOKI_Collection-chat_Oeuvre_Art-Deco_Glass-artwork_verre-fusionne_perce-verre-2.jpg","contentUrl":"https:\/\/www.perce-verre.com\/wp-content\/uploads\/2025\/09\/LOKI_Collection-chat_Oeuvre_Art-Deco_Glass-artwork_verre-fusionne_perce-verre-2.jpg","width":900,"height":630,"caption":"Loki, an enchanting cat in fused glass, with pastel colors and changing reflections, an original Perc\u00e9-Verre creation by St\u00e9phanie B\u00e9land."},{"@type":"BreadcrumbList","@id":"https:\/\/www.perce-verre.com\/en\/product\/sea-glimmers-no-1-nature-collection-copie-copie-3\/#breadcrumb","itemListElement":[{"@type":"ListItem","position":1,"name":"Accueil","item":"https:\/\/www.perce-verre.com\/en\/"},{"@type":"ListItem","position":2,"name":"Store","item":"https:\/\/www.perce-verre.com\/en\/shop\/"},{"@type":"ListItem","position":3,"name":"Loki &#8211; Cat, original work in fused glass (Adopted)"}]},{"@type":"WebSite","@id":"https:\/\/www.perce-verre.com\/en\/#website","url":"https:\/\/www.perce-verre.com\/en\/","name":"Perc\u00e9-Verre","description":"Cadeaux uniques et des cr\u00e9ations qu\u00e9b\u00e9coises","potentialAction":[{"@type":"SearchAction","target":{"@type":"EntryPoint","urlTemplate":"https:\/\/www.perce-verre.com\/en\/?s={search_term_string}"},"query-input":{"@type":"PropertyValueSpecification","valueRequired":true,"valueName":"search_term_string"}}],"inLanguage":"en-US"}]}},"wcpa_form_fields":null,"_links":{"self":[{"href":"https:\/\/www.perce-verre.com\/en\/wp-json\/wp\/v2\/product\/15435","targetHints":{"allow":["GET"]}}],"collection":[{"href":"https:\/\/www.perce-verre.com\/en\/wp-json\/wp\/v2\/product"}],"about":[{"href":"https:\/\/www.perce-verre.com\/en\/wp-json\/wp\/v2\/types\/product"}],"replies":[{"embeddable":true,"href":"https:\/\/www.perce-verre.com\/en\/wp-json\/wp\/v2\/comments?post=15435"}],"wp:featuredmedia":[{"embeddable":true,"href":"https:\/\/www.perce-verre.com\/en\/wp-json\/wp\/v2\/media\/15477"}],"wp:attachment":[{"href":"https:\/\/www.perce-verre.com\/en\/wp-json\/wp\/v2\/media?parent=15435"}],"wp:term":[{"taxonomy":"product_brand","embeddable":true,"href":"https:\/\/www.perce-verre.com\/en\/wp-json\/wp\/v2\/product_brand?post=15435"},{"taxonomy":"product_cat","embeddable":true,"href":"https:\/\/www.perce-verre.com\/en\/wp-json\/wp\/v2\/product_cat?post=15435"},{"taxonomy":"product_tag","embeddable":true,"href":"https:\/\/www.perce-verre.com\/en\/wp-json\/wp\/v2\/product_tag?post=15435"},{"taxonomy":"giftcard-category","embeddable":true,"href":"https:\/\/www.perce-verre.com\/en\/wp-json\/wp\/v2\/giftcard-category?post=15435"}],"curies":[{"name":"wp","href":"https:\/\/api.w.org\/{rel}","templated":true}]}}