{"id":15441,"date":"2025-09-05T10:59:38","date_gmt":"2025-09-05T14:59:38","guid":{"rendered":"https:\/\/www.perce-verre.com\/?post_type=product&#038;p=15441"},"modified":"2025-09-11T18:34:25","modified_gmt":"2025-09-11T22:34:25","slug":"sea-glimmers-no-1-nature-collection-copie-copie-2","status":"publish","type":"product","link":"https:\/\/www.perce-verre.com\/en\/product\/sea-glimmers-no-1-nature-collection-copie-copie-2\/","title":{"rendered":"Tabasco &#8211; Cat, original work in fused glass (Adopted)"},"content":{"rendered":"<h2 data-start=\"284\" data-end=\"330\">Tabasco &#8211; Spicy kitten, full of vitality<\/h2>\n<p data-start=\"332\" data-end=\"765\">Tabasco is an <strong data-start=\"353\" data-end=\"379\">energetic<\/strong> little <strong data-start=\"353\" data-end=\"379\">kitten<\/strong> who leaves no one indifferent. Wherever he goes, he raises the temperature and attracts attention. <strong data-start=\"490\" data-end=\"502\">Indeed,<\/strong> his sparkling character and boundless energy shake things up and bring a breath of fresh air&#8230; and spice. Every gesture, every leap, every meow tells of his unique vitality and his very own way of living each moment with intensity.  <\/p>\n<h3 data-start=\"767\" data-end=\"839\">Tender surprises with Tabasco, the mischievous kitten<\/h3>\n<p data-start=\"840\" data-end=\"1400\">This little feline doesn&#8217;t cuddle like others. <strong data-start=\"897\" data-end=\"906\">So<\/strong> when he wants to show his affection, he does so with passion and enthusiasm. He may dig in his little claws, rub vigorously and stare at you with his loving eyes. As a <strong data-start=\"1090\" data-end=\"1108\">result,<\/strong> his demonstrations may come as a surprise, but they often make you smile. Behind every stroke of his paw lies a huge heart and sincere tenderness. Tabasco knows how to captivate and move, and it&#8217;s precisely this mix of playfulness and affection that makes this kitten so endearing.   <\/p>\n<h3 data-start=\"1402\" data-end=\"1468\">A fused glass kitten that brings life into the home<\/h3>\n<p data-start=\"1469\" data-end=\"1908\">With Tabasco, every moment becomes a little adventure. He runs, leaps and meows with enthusiasm. What&#8217;s <strong data-start=\"1575\" data-end=\"1586\">more<\/strong>, he never holds still, always ready to explore his surroundings and surprise his loved ones. <strong data-start=\"1689\" data-end=\"1702\">However,<\/strong> as soon as he calms down, he becomes a real comfort, warming hearts and filling the house with his presence. He&#8217;s a perfect blend of intensity and gentleness, a ball of energy to love dearly.  <\/p>\n<h3 data-start=\"1910\" data-end=\"1957\">An original creation by Perc\u00e9-Verre<\/h3>\n<p data-start=\"1958\" data-end=\"2412\">Tabasco is part of the <strong data-start=\"1984\" data-end=\"2003\">Collection Chat<\/strong> by Quebec artist <strong data-start=\"2028\" data-end=\"2048\">St\u00e9phanie B\u00e9land<\/strong>. Made from <strong data-start=\"2062\" data-end=\"2080\">fused glass<\/strong>, each piece is unique and hand-crafted. The vibrant colors, delicate reliefs and meticulous details convey the lively essence of this spicy kitten. <strong data-start=\"2245\" data-end=\"2257\">Indeed<\/strong>, this piece not only brings color to your home, but also tells the story of a little cat full of character and vitality.  <\/p>\n<h2 data-start=\"2028\" data-end=\"2058\">Technical specifications<\/h2>\n<ul data-start=\"2059\" data-end=\"2269\">\n<li data-start=\"2059\" data-end=\"2097\">\n<p data-start=\"2061\" data-end=\"2097\">Dimensions: 10 inches x 26 inches<\/p>\n<\/li>\n<li data-start=\"2098\" data-end=\"2150\">\n<p data-start=\"2100\" data-end=\"2150\">Materials: High-quality fused glass<\/p>\n<\/li>\n<li data-start=\"2151\" data-end=\"2194\">\n<p data-start=\"2153\" data-end=\"2194\">Framing: Italian wood moldings<\/p>\n<\/li>\n<li data-start=\"2195\" data-end=\"2269\">\n<p data-start=\"2197\" data-end=\"2269\">Bottom: Vinyl resistant to humidity and temperature changes<\/p>\n<\/li>\n<\/ul>\n<p data-start=\"2279\" data-end=\"2461\">To find out more about designer St\u00e9phanie B\u00e9land, <a href=\"https:\/\/www.perce-verre.com\/en\/about-us\/\">click here.<\/a> Follow us on our social networks for news, videos and behind-the-scenes looks at our creations.<a href=\"https:\/\/www.facebook.com\/perceverre\/\">(Facebook<\/a>, <a href=\"https:\/\/www.instagram.com\/perceverre\/\">Instagram<\/a>)<\/p>\n","protected":false},"excerpt":{"rendered":"<p data-start=\"2180\" data-end=\"2337\">Tabasco is a lively kitten with a temperament as spicy as it is endearing. This fused-glass piece perfectly illustrates his tenderness, which is a little scratchy&#8230; but always sincere. <\/p>\n<p data-start=\"189\" data-end=\"356\">\n","protected":false},"featured_media":15491,"comment_status":"closed","ping_status":"closed","template":"","meta":[],"product_brand":[],"product_cat":[1429,891,545],"product_tag":[1245,1248,1172,1246,1247,1173,989,1021,1249,1171],"giftcard-category":[],"class_list":{"0":"post-15441","1":"product","2":"type-product","3":"status-publish","4":"has-post-thumbnail","6":"product_cat-animal-collection","7":"product_cat-cat-collection","8":"product_cat-decoration-en","9":"product_tag-cat-wall-decoration","10":"product_tag-collection-chat-perce-verre-en","11":"product_tag-contemporary-animal-art","12":"product_tag-fused-glass-cat","13":"product_tag-humorous-chat","14":"product_tag-original-work-quebec","15":"product_tag-perce-verre-en","16":"product_tag-stephanie-beland-en","17":"product_tag-tabasco-kitten","18":"product_tag-unique-handcrafted-gift","20":"first","21":"outofstock","22":"taxable","23":"shipping-taxable","24":"product-type-simple"},"yoast_head":"<!-- This site is optimized with the Yoast SEO plugin v27.4 - https:\/\/yoast.com\/product\/yoast-seo-wordpress\/ -->\n<title>Tabasco - Cat, original work in fused glass (Adopted) - Perc\u00e9-Verre<\/title>\n<meta name=\"description\" content=\"Tabasco - Spicy kitten in fused glass. A unique work by Perc\u00e9-Verre, full of energy, humor and tenderness.\" \/>\n<meta name=\"robots\" content=\"index, follow, max-snippet:-1, max-image-preview:large, max-video-preview:-1\" \/>\n<link rel=\"canonical\" href=\"https:\/\/www.perce-verre.com\/en\/product\/sea-glimmers-no-1-nature-collection-copie-copie-2\/\" \/>\n<meta property=\"og:locale\" content=\"en_US\" \/>\n<meta property=\"og:type\" content=\"article\" \/>\n<meta property=\"og:title\" content=\"Tabasco - Cat, original work in fused glass (Adopted) - Perc\u00e9-Verre\" \/>\n<meta property=\"og:description\" content=\"Tabasco - Spicy kitten in fused glass. A unique work by Perc\u00e9-Verre, full of energy, humor and tenderness.\" \/>\n<meta property=\"og:url\" content=\"https:\/\/www.perce-verre.com\/en\/product\/sea-glimmers-no-1-nature-collection-copie-copie-2\/\" \/>\n<meta property=\"og:site_name\" content=\"Perc\u00e9-Verre\" \/>\n<meta property=\"article:modified_time\" content=\"2025-09-11T22:34:25+00:00\" \/>\n<meta property=\"og:image\" content=\"https:\/\/www.perce-verre.com\/wp-content\/uploads\/2025\/09\/TABASCO_Collection-chat_Oeuvre_Art-Deco_Glass-artwork_verre-fusionne_perce-verre-2.jpg\" \/>\n\t<meta property=\"og:image:width\" content=\"900\" \/>\n\t<meta property=\"og:image:height\" content=\"630\" \/>\n\t<meta property=\"og:image:type\" content=\"image\/jpeg\" \/>\n<meta name=\"twitter:card\" content=\"summary_large_image\" \/>\n<meta name=\"twitter:label1\" content=\"Est. reading time\" \/>\n\t<meta name=\"twitter:data1\" content=\"3 minutes\" \/>\n<script type=\"application\/ld+json\" class=\"yoast-schema-graph\">{\"@context\":\"https:\\\/\\\/schema.org\",\"@graph\":[{\"@type\":\"WebPage\",\"@id\":\"https:\\\/\\\/www.perce-verre.com\\\/en\\\/product\\\/sea-glimmers-no-1-nature-collection-copie-copie-2\\\/\",\"url\":\"https:\\\/\\\/www.perce-verre.com\\\/en\\\/product\\\/sea-glimmers-no-1-nature-collection-copie-copie-2\\\/\",\"name\":\"Tabasco - Cat, original work in fused glass (Adopted) - Perc\u00e9-Verre\",\"isPartOf\":{\"@id\":\"https:\\\/\\\/www.perce-verre.com\\\/en\\\/#website\"},\"primaryImageOfPage\":{\"@id\":\"https:\\\/\\\/www.perce-verre.com\\\/en\\\/product\\\/sea-glimmers-no-1-nature-collection-copie-copie-2\\\/#primaryimage\"},\"image\":{\"@id\":\"https:\\\/\\\/www.perce-verre.com\\\/en\\\/product\\\/sea-glimmers-no-1-nature-collection-copie-copie-2\\\/#primaryimage\"},\"thumbnailUrl\":\"https:\\\/\\\/www.perce-verre.com\\\/wp-content\\\/uploads\\\/2025\\\/09\\\/TABASCO_Collection-chat_Oeuvre_Art-Deco_Glass-artwork_verre-fusionne_perce-verre-1.jpg\",\"datePublished\":\"2025-09-05T14:59:38+00:00\",\"dateModified\":\"2025-09-11T22:34:25+00:00\",\"description\":\"Tabasco - Spicy kitten in fused glass. A unique work by Perc\u00e9-Verre, full of energy, humor and tenderness.\",\"breadcrumb\":{\"@id\":\"https:\\\/\\\/www.perce-verre.com\\\/en\\\/product\\\/sea-glimmers-no-1-nature-collection-copie-copie-2\\\/#breadcrumb\"},\"inLanguage\":\"en-US\",\"potentialAction\":[{\"@type\":\"ReadAction\",\"target\":[\"https:\\\/\\\/www.perce-verre.com\\\/en\\\/product\\\/sea-glimmers-no-1-nature-collection-copie-copie-2\\\/\"]}]},{\"@type\":\"ImageObject\",\"inLanguage\":\"en-US\",\"@id\":\"https:\\\/\\\/www.perce-verre.com\\\/en\\\/product\\\/sea-glimmers-no-1-nature-collection-copie-copie-2\\\/#primaryimage\",\"url\":\"https:\\\/\\\/www.perce-verre.com\\\/wp-content\\\/uploads\\\/2025\\\/09\\\/TABASCO_Collection-chat_Oeuvre_Art-Deco_Glass-artwork_verre-fusionne_perce-verre-1.jpg\",\"contentUrl\":\"https:\\\/\\\/www.perce-verre.com\\\/wp-content\\\/uploads\\\/2025\\\/09\\\/TABASCO_Collection-chat_Oeuvre_Art-Deco_Glass-artwork_verre-fusionne_perce-verre-1.jpg\",\"width\":900,\"height\":630,\"caption\":\"Tabasco, fused glass kitten, full of energy and tenderness, original creation by Perc\u00e9-Verre.\"},{\"@type\":\"BreadcrumbList\",\"@id\":\"https:\\\/\\\/www.perce-verre.com\\\/en\\\/product\\\/sea-glimmers-no-1-nature-collection-copie-copie-2\\\/#breadcrumb\",\"itemListElement\":[{\"@type\":\"ListItem\",\"position\":1,\"name\":\"Accueil\",\"item\":\"https:\\\/\\\/www.perce-verre.com\\\/en\\\/\"},{\"@type\":\"ListItem\",\"position\":2,\"name\":\"Store\",\"item\":\"https:\\\/\\\/www.perce-verre.com\\\/en\\\/shop\\\/\"},{\"@type\":\"ListItem\",\"position\":3,\"name\":\"Tabasco &#8211; Cat, original work in fused glass (Adopted)\"}]},{\"@type\":\"WebSite\",\"@id\":\"https:\\\/\\\/www.perce-verre.com\\\/en\\\/#website\",\"url\":\"https:\\\/\\\/www.perce-verre.com\\\/en\\\/\",\"name\":\"Perc\u00e9-Verre\",\"description\":\"Cadeaux uniques et des cr\u00e9ations qu\u00e9b\u00e9coises\",\"potentialAction\":[{\"@type\":\"SearchAction\",\"target\":{\"@type\":\"EntryPoint\",\"urlTemplate\":\"https:\\\/\\\/www.perce-verre.com\\\/en\\\/?s={search_term_string}\"},\"query-input\":{\"@type\":\"PropertyValueSpecification\",\"valueRequired\":true,\"valueName\":\"search_term_string\"}}],\"inLanguage\":\"en-US\"}]}<\/script>\n<!-- \/ Yoast SEO plugin. -->","yoast_head_json":{"title":"Tabasco - Cat, original work in fused glass (Adopted) - Perc\u00e9-Verre","description":"Tabasco - Spicy kitten in fused glass. A unique work by Perc\u00e9-Verre, full of energy, humor and tenderness.","robots":{"index":"index","follow":"follow","max-snippet":"max-snippet:-1","max-image-preview":"max-image-preview:large","max-video-preview":"max-video-preview:-1"},"canonical":"https:\/\/www.perce-verre.com\/en\/product\/sea-glimmers-no-1-nature-collection-copie-copie-2\/","og_locale":"en_US","og_type":"article","og_title":"Tabasco - Cat, original work in fused glass (Adopted) - Perc\u00e9-Verre","og_description":"Tabasco - Spicy kitten in fused glass. A unique work by Perc\u00e9-Verre, full of energy, humor and tenderness.","og_url":"https:\/\/www.perce-verre.com\/en\/product\/sea-glimmers-no-1-nature-collection-copie-copie-2\/","og_site_name":"Perc\u00e9-Verre","article_modified_time":"2025-09-11T22:34:25+00:00","og_image":[{"width":900,"height":630,"url":"https:\/\/www.perce-verre.com\/wp-content\/uploads\/2025\/09\/TABASCO_Collection-chat_Oeuvre_Art-Deco_Glass-artwork_verre-fusionne_perce-verre-2.jpg","type":"image\/jpeg"}],"twitter_card":"summary_large_image","twitter_misc":{"Est. reading time":"3 minutes"},"schema":{"@context":"https:\/\/schema.org","@graph":[{"@type":"WebPage","@id":"https:\/\/www.perce-verre.com\/en\/product\/sea-glimmers-no-1-nature-collection-copie-copie-2\/","url":"https:\/\/www.perce-verre.com\/en\/product\/sea-glimmers-no-1-nature-collection-copie-copie-2\/","name":"Tabasco - Cat, original work in fused glass (Adopted) - Perc\u00e9-Verre","isPartOf":{"@id":"https:\/\/www.perce-verre.com\/en\/#website"},"primaryImageOfPage":{"@id":"https:\/\/www.perce-verre.com\/en\/product\/sea-glimmers-no-1-nature-collection-copie-copie-2\/#primaryimage"},"image":{"@id":"https:\/\/www.perce-verre.com\/en\/product\/sea-glimmers-no-1-nature-collection-copie-copie-2\/#primaryimage"},"thumbnailUrl":"https:\/\/www.perce-verre.com\/wp-content\/uploads\/2025\/09\/TABASCO_Collection-chat_Oeuvre_Art-Deco_Glass-artwork_verre-fusionne_perce-verre-1.jpg","datePublished":"2025-09-05T14:59:38+00:00","dateModified":"2025-09-11T22:34:25+00:00","description":"Tabasco - Spicy kitten in fused glass. A unique work by Perc\u00e9-Verre, full of energy, humor and tenderness.","breadcrumb":{"@id":"https:\/\/www.perce-verre.com\/en\/product\/sea-glimmers-no-1-nature-collection-copie-copie-2\/#breadcrumb"},"inLanguage":"en-US","potentialAction":[{"@type":"ReadAction","target":["https:\/\/www.perce-verre.com\/en\/product\/sea-glimmers-no-1-nature-collection-copie-copie-2\/"]}]},{"@type":"ImageObject","inLanguage":"en-US","@id":"https:\/\/www.perce-verre.com\/en\/product\/sea-glimmers-no-1-nature-collection-copie-copie-2\/#primaryimage","url":"https:\/\/www.perce-verre.com\/wp-content\/uploads\/2025\/09\/TABASCO_Collection-chat_Oeuvre_Art-Deco_Glass-artwork_verre-fusionne_perce-verre-1.jpg","contentUrl":"https:\/\/www.perce-verre.com\/wp-content\/uploads\/2025\/09\/TABASCO_Collection-chat_Oeuvre_Art-Deco_Glass-artwork_verre-fusionne_perce-verre-1.jpg","width":900,"height":630,"caption":"Tabasco, fused glass kitten, full of energy and tenderness, original creation by Perc\u00e9-Verre."},{"@type":"BreadcrumbList","@id":"https:\/\/www.perce-verre.com\/en\/product\/sea-glimmers-no-1-nature-collection-copie-copie-2\/#breadcrumb","itemListElement":[{"@type":"ListItem","position":1,"name":"Accueil","item":"https:\/\/www.perce-verre.com\/en\/"},{"@type":"ListItem","position":2,"name":"Store","item":"https:\/\/www.perce-verre.com\/en\/shop\/"},{"@type":"ListItem","position":3,"name":"Tabasco &#8211; Cat, original work in fused glass (Adopted)"}]},{"@type":"WebSite","@id":"https:\/\/www.perce-verre.com\/en\/#website","url":"https:\/\/www.perce-verre.com\/en\/","name":"Perc\u00e9-Verre","description":"Cadeaux uniques et des cr\u00e9ations qu\u00e9b\u00e9coises","potentialAction":[{"@type":"SearchAction","target":{"@type":"EntryPoint","urlTemplate":"https:\/\/www.perce-verre.com\/en\/?s={search_term_string}"},"query-input":{"@type":"PropertyValueSpecification","valueRequired":true,"valueName":"search_term_string"}}],"inLanguage":"en-US"}]}},"wcpa_form_fields":null,"_links":{"self":[{"href":"https:\/\/www.perce-verre.com\/en\/wp-json\/wp\/v2\/product\/15441","targetHints":{"allow":["GET"]}}],"collection":[{"href":"https:\/\/www.perce-verre.com\/en\/wp-json\/wp\/v2\/product"}],"about":[{"href":"https:\/\/www.perce-verre.com\/en\/wp-json\/wp\/v2\/types\/product"}],"replies":[{"embeddable":true,"href":"https:\/\/www.perce-verre.com\/en\/wp-json\/wp\/v2\/comments?post=15441"}],"wp:featuredmedia":[{"embeddable":true,"href":"https:\/\/www.perce-verre.com\/en\/wp-json\/wp\/v2\/media\/15491"}],"wp:attachment":[{"href":"https:\/\/www.perce-verre.com\/en\/wp-json\/wp\/v2\/media?parent=15441"}],"wp:term":[{"taxonomy":"product_brand","embeddable":true,"href":"https:\/\/www.perce-verre.com\/en\/wp-json\/wp\/v2\/product_brand?post=15441"},{"taxonomy":"product_cat","embeddable":true,"href":"https:\/\/www.perce-verre.com\/en\/wp-json\/wp\/v2\/product_cat?post=15441"},{"taxonomy":"product_tag","embeddable":true,"href":"https:\/\/www.perce-verre.com\/en\/wp-json\/wp\/v2\/product_tag?post=15441"},{"taxonomy":"giftcard-category","embeddable":true,"href":"https:\/\/www.perce-verre.com\/en\/wp-json\/wp\/v2\/giftcard-category?post=15441"}],"curies":[{"name":"wp","href":"https:\/\/api.w.org\/{rel}","templated":true}]}}