{"id":16162,"date":"2026-01-13T14:57:02","date_gmt":"2026-01-13T19:57:02","guid":{"rendered":"https:\/\/www.perce-verre.com\/produit\/set-of-8-heart-glass-markers-les-essentiels-collection\/"},"modified":"2026-01-13T14:57:02","modified_gmt":"2026-01-13T19:57:02","slug":"set-of-8-heart-glass-markers-les-essentiels-collection","status":"publish","type":"product","link":"https:\/\/www.perce-verre.com\/en\/product\/set-of-8-heart-glass-markers-les-essentiels-collection\/","title":{"rendered":"Set of 8 Heart glass markers &#8211; Les Essentiels Collection"},"content":{"rendered":"<h2 data-start=\"301\" data-end=\"343\"><strong data-start=\"304\" data-end=\"343\">A burst of love with every sip \u2764\ufe0f<\/strong><\/h2>\n<p data-start=\"345\" data-end=\"700\">This set of <strong data-start=\"359\" data-end=\"384\">8 Heart glass markers<\/strong> from the <strong data-start=\"391\" data-end=\"420\">Les Essentiels Collection<\/strong> celebrates tenderness, light and the pleasure of giving.<br data-start=\"477\" data-end=\"480\">Each wine glass marker is hand-crafted in <strong data-start=\"538\" data-end=\"556\">fused glass<\/strong> at the <strong data-start=\"573\" data-end=\"588\">Perc\u00e9-Verre<\/strong> workshop in the heart of Quebec.<br data-start=\"608\" data-end=\"611\">Each heart becomes a symbol of love, shaped by the warmth of fire and gesture.<\/p>\n<p data-start=\"702\" data-end=\"1042\">Delicate and vibrant, these little glass hearts measure around <strong data-start=\"767\" data-end=\"776\">15 mm<\/strong> each.<br data-start=\"784\" data-end=\"787\">They&#8217;re light, colorful and brilliant. What&#8217;s more, they add a touch of emotion to your sharing moments.<br data-start=\"894\" data-end=\"897\">The eight shades &#8211; <strong data-start=\"916\" data-end=\"978\">red, pink, blue, green, white, violet, amber and turquoise<\/strong> &#8211; evoke the beauty of feelings and the joy of being together. <\/p>\n<p data-start=\"1044\" data-end=\"1332\">The rings and clasp are made of<strong data-start=\"1083\" data-end=\"1127\">surgical-grade stainless steel<\/strong>, ensuring <strong data-start=\"1152\" data-end=\"1178\">outstanding durability<\/strong>.<br data-start=\"1179\" data-end=\"1182\">They stand the test of time, won&#8217;t fade and keep their shine, even after many toasts.<br data-start=\"1280\" data-end=\"1283\">So your evenings are brightened up again and again.<\/p>\n<p data-start=\"1334\" data-end=\"1597\">Then it&#8217;s all presented in a <strong data-start=\"1372\" data-end=\"1403\">slim, lightweight black box<\/strong> that&#8217;s easy to store or give as a gift.<br data-start=\"1433\" data-end=\"1436\">It&#8217;s practical, refined and full of heart.<br data-start=\"1487\" data-end=\"1490\">This makes the <strong data-start=\"1517\" data-end=\"1533\">perfect gift<\/strong> to celebrate love, friendship or a simple moment of happiness.<\/p>\n<hr data-start=\"1599\" data-end=\"1602\">\n<h3 data-start=\"1604\" data-end=\"1661\"><strong data-start=\"1608\" data-end=\"1661\">Materials and dimensions of the 8 Heart glass markers<\/strong><\/h3>\n<ul data-start=\"1663\" data-end=\"1857\">\n<li data-start=\"1663\" data-end=\"1717\">\n<p data-start=\"1665\" data-end=\"1717\"><strong data-start=\"1665\" data-end=\"1693\">Hand-fused glass<\/strong> (each piece ~15 mm)<\/p>\n<\/li>\n<li data-start=\"1718\" data-end=\"1787\">\n<p data-start=\"1720\" data-end=\"1787\"><strong data-start=\"1720\" data-end=\"1764\">Surgical-grade stainless steel<\/strong> (rings and clasp)<\/p>\n<\/li>\n<li data-start=\"1788\" data-end=\"1823\">\n<p data-start=\"1790\" data-end=\"1823\"><strong data-start=\"1790\" data-end=\"1821\">Slim, lightweight black case<\/strong><\/p>\n<\/li>\n<li data-start=\"1824\" data-end=\"1857\">\n<p data-start=\"1826\" data-end=\"1857\"><strong data-start=\"1826\" data-end=\"1857\">Set of 8 glass markers<\/strong><\/p>\n<\/li>\n<\/ul>\n<hr data-start=\"1859\" data-end=\"1862\">\n<h3 data-start=\"1864\" data-end=\"1883\"><strong data-start=\"1868\" data-end=\"1883\">Inspiration<\/strong><\/h3>\n<p data-start=\"1885\" data-end=\"2246\">These glass hearts are born of fire, passion and the desire to create beauty.<br data-start=\"1964\" data-end=\"1967\">Their brilliance reflects the light of Quebec, while their colors recall the warmth of human bonds.<br data-start=\"2074\" data-end=\"2077\">Each heart recounts an emotion: a smile, a memory or a shared burst of laughter.<br data-start=\"2163\" data-end=\"2166\">In short, they remind us that every moment deserves a little love and color.<\/p>\n<hr data-start=\"2248\" data-end=\"2251\">\n<h3 data-start=\"2253\" data-end=\"2285\"><strong data-start=\"2257\" data-end=\"2285\">Handmade in Quebec<\/strong><\/h3>\n<p data-start=\"2287\" data-end=\"2615\">In her workshop, <strong data-start=\"2305\" data-end=\"2369\">Perc\u00e9-Verre transforms fused glass into luminous poetry<\/strong>.<br data-start=\"2370\" data-end=\"2373\">Each box is designed with care, passion and precision.<br data-start=\"2430\" data-end=\"2433\">The artist puts her heart and soul into her work, creating objects that last and are imbued with humanity.<br data-start=\"2524\" data-end=\"2527\">So, to give a Perc\u00e9-Verre box is to give a little bit of Quebec and a lot of love.<\/p>\n<hr data-start=\"2617\" data-end=\"2620\">\n<p data-start=\"2622\" data-end=\"2705\"><strong data-start=\"2622\" data-end=\"2663\">Where color meets heart.<\/strong> \u2728<br data-start=\"2663\" data-end=\"2666\">A burst of love from <strong data-start=\"2689\" data-end=\"2704\">Perc\u00e9-Verre<\/strong>.<\/p>\n","protected":false},"excerpt":{"rendered":"<p>Set of 8 fused glass heart glass markers handmade in Quebec &#8211; light, colorful and full of love.<\/p>\n","protected":false},"featured_media":16107,"comment_status":"open","ping_status":"closed","template":"","meta":[],"product_brand":[],"product_cat":[531,714],"product_tag":[1363,1361,1357,1349,1022,984,1369,1376,1367,1351,723,1366,1354,1371,1348,1375,1372,1347,989,1359,1346,1368,1374,1355,1364,1350],"giftcard-category":[],"class_list":{"0":"post-16162","1":"product","2":"type-product","3":"status-publish","4":"has-post-thumbnail","6":"product_cat-accessories","7":"product_cat-handmade-glass-wine-charms","8":"product_tag-artisan-glassmaker-quebec","9":"product_tag-artistic-glass","10":"product_tag-collection-les-essentiels","11":"product_tag-colored-glass","12":"product_tag-craft-creation","13":"product_tag-fused-glass","14":"product_tag-fused-glass-art-canada","15":"product_tag-fused-glass-hearts","16":"product_tag-fused-glass-wine-charms","17":"product_tag-gift-from-quebec","18":"product_tag-glass-markers","19":"product_tag-handmade-in-canada","20":"product_tag-handmade-in-quebec","21":"product_tag-heart-glass-markers","22":"product_tag-hostess-gift","23":"product_tag-light-and-emotion","24":"product_tag-love-gift","25":"product_tag-original-gift-idea","26":"product_tag-perce-verre-en","27":"product_tag-quebec-corporate-gift","28":"product_tag-quebec-glass-art","29":"product_tag-quebec-glass-artist","30":"product_tag-romantic-gift","31":"product_tag-table-decoration","32":"product_tag-table-jewelry","33":"product_tag-wine-accessories","35":"first","36":"instock","37":"taxable","38":"shipping-taxable","39":"purchasable","40":"product-type-simple"},"yoast_head":"<!-- This site is optimized with the Yoast SEO plugin v27.4 - https:\/\/yoast.com\/product\/yoast-seo-wordpress\/ -->\n<title>Set of 8 Heart glass markers - Les Essentiels Collection - Perc\u00e9-Verre<\/title>\n<meta name=\"description\" content=\"Set of 8 brand-name fused glass hearts handmade in Quebec - light, colorful and durable. A gift of love from Perc\u00e9-Verre.\" \/>\n<meta name=\"robots\" content=\"index, follow, max-snippet:-1, max-image-preview:large, max-video-preview:-1\" \/>\n<link rel=\"canonical\" href=\"https:\/\/www.perce-verre.com\/en\/product\/set-of-8-heart-glass-markers-les-essentiels-collection\/\" \/>\n<meta property=\"og:locale\" content=\"en_US\" \/>\n<meta property=\"og:type\" content=\"article\" \/>\n<meta property=\"og:title\" content=\"Set of 8 Heart glass markers - Les Essentiels Collection - Perc\u00e9-Verre\" \/>\n<meta property=\"og:description\" content=\"Set of 8 brand-name fused glass hearts handmade in Quebec - light, colorful and durable. A gift of love from Perc\u00e9-Verre.\" \/>\n<meta property=\"og:url\" content=\"https:\/\/www.perce-verre.com\/en\/product\/set-of-8-heart-glass-markers-les-essentiels-collection\/\" \/>\n<meta property=\"og:site_name\" content=\"Perc\u00e9-Verre\" \/>\n<meta property=\"og:image\" content=\"https:\/\/www.perce-verre.com\/wp-content\/uploads\/2026\/01\/Coffret-Marque-Verres-Coeurs-Collection-Perce-Verre-Quebec.jpg\" \/>\n\t<meta property=\"og:image:width\" content=\"900\" \/>\n\t<meta property=\"og:image:height\" content=\"630\" \/>\n\t<meta property=\"og:image:type\" content=\"image\/jpeg\" \/>\n<meta name=\"twitter:card\" content=\"summary_large_image\" \/>\n<meta name=\"twitter:label1\" content=\"Est. reading time\" \/>\n\t<meta name=\"twitter:data1\" content=\"2 minutes\" \/>\n<script type=\"application\/ld+json\" class=\"yoast-schema-graph\">{\"@context\":\"https:\\\/\\\/schema.org\",\"@graph\":[{\"@type\":\"WebPage\",\"@id\":\"https:\\\/\\\/www.perce-verre.com\\\/en\\\/product\\\/set-of-8-heart-glass-markers-les-essentiels-collection\\\/\",\"url\":\"https:\\\/\\\/www.perce-verre.com\\\/en\\\/product\\\/set-of-8-heart-glass-markers-les-essentiels-collection\\\/\",\"name\":\"Set of 8 Heart glass markers - Les Essentiels Collection - Perc\u00e9-Verre\",\"isPartOf\":{\"@id\":\"https:\\\/\\\/www.perce-verre.com\\\/en\\\/#website\"},\"primaryImageOfPage\":{\"@id\":\"https:\\\/\\\/www.perce-verre.com\\\/en\\\/product\\\/set-of-8-heart-glass-markers-les-essentiels-collection\\\/#primaryimage\"},\"image\":{\"@id\":\"https:\\\/\\\/www.perce-verre.com\\\/en\\\/product\\\/set-of-8-heart-glass-markers-les-essentiels-collection\\\/#primaryimage\"},\"thumbnailUrl\":\"https:\\\/\\\/www.perce-verre.com\\\/wp-content\\\/uploads\\\/2026\\\/01\\\/Coffret-Marque-Verres-Coeurs-Collection-Perce-Verre-Quebec.jpg\",\"datePublished\":\"2026-01-13T19:57:02+00:00\",\"description\":\"Set of 8 brand-name fused glass hearts handmade in Quebec - light, colorful and durable. A gift of love from Perc\u00e9-Verre.\",\"breadcrumb\":{\"@id\":\"https:\\\/\\\/www.perce-verre.com\\\/en\\\/product\\\/set-of-8-heart-glass-markers-les-essentiels-collection\\\/#breadcrumb\"},\"inLanguage\":\"en-US\",\"potentialAction\":[{\"@type\":\"ReadAction\",\"target\":[\"https:\\\/\\\/www.perce-verre.com\\\/en\\\/product\\\/set-of-8-heart-glass-markers-les-essentiels-collection\\\/\"]}]},{\"@type\":\"ImageObject\",\"inLanguage\":\"en-US\",\"@id\":\"https:\\\/\\\/www.perce-verre.com\\\/en\\\/product\\\/set-of-8-heart-glass-markers-les-essentiels-collection\\\/#primaryimage\",\"url\":\"https:\\\/\\\/www.perce-verre.com\\\/wp-content\\\/uploads\\\/2026\\\/01\\\/Coffret-Marque-Verres-Coeurs-Collection-Perce-Verre-Quebec.jpg\",\"contentUrl\":\"https:\\\/\\\/www.perce-verre.com\\\/wp-content\\\/uploads\\\/2026\\\/01\\\/Coffret-Marque-Verres-Coeurs-Collection-Perce-Verre-Quebec.jpg\",\"width\":900,\"height\":630,\"caption\":\"Heart glass markers handmade in Quebec - Perc\u00e9-Verre\"},{\"@type\":\"BreadcrumbList\",\"@id\":\"https:\\\/\\\/www.perce-verre.com\\\/en\\\/product\\\/set-of-8-heart-glass-markers-les-essentiels-collection\\\/#breadcrumb\",\"itemListElement\":[{\"@type\":\"ListItem\",\"position\":1,\"name\":\"Accueil\",\"item\":\"https:\\\/\\\/www.perce-verre.com\\\/en\\\/\"},{\"@type\":\"ListItem\",\"position\":2,\"name\":\"Store\",\"item\":\"https:\\\/\\\/www.perce-verre.com\\\/en\\\/shop\\\/\"},{\"@type\":\"ListItem\",\"position\":3,\"name\":\"Set of 8 Heart glass markers &#8211; Les Essentiels Collection\"}]},{\"@type\":\"WebSite\",\"@id\":\"https:\\\/\\\/www.perce-verre.com\\\/en\\\/#website\",\"url\":\"https:\\\/\\\/www.perce-verre.com\\\/en\\\/\",\"name\":\"Perc\u00e9-Verre\",\"description\":\"Cadeaux uniques et des cr\u00e9ations qu\u00e9b\u00e9coises\",\"potentialAction\":[{\"@type\":\"SearchAction\",\"target\":{\"@type\":\"EntryPoint\",\"urlTemplate\":\"https:\\\/\\\/www.perce-verre.com\\\/en\\\/?s={search_term_string}\"},\"query-input\":{\"@type\":\"PropertyValueSpecification\",\"valueRequired\":true,\"valueName\":\"search_term_string\"}}],\"inLanguage\":\"en-US\"}]}<\/script>\n<!-- \/ Yoast SEO plugin. -->","yoast_head_json":{"title":"Set of 8 Heart glass markers - Les Essentiels Collection - Perc\u00e9-Verre","description":"Set of 8 brand-name fused glass hearts handmade in Quebec - light, colorful and durable. A gift of love from Perc\u00e9-Verre.","robots":{"index":"index","follow":"follow","max-snippet":"max-snippet:-1","max-image-preview":"max-image-preview:large","max-video-preview":"max-video-preview:-1"},"canonical":"https:\/\/www.perce-verre.com\/en\/product\/set-of-8-heart-glass-markers-les-essentiels-collection\/","og_locale":"en_US","og_type":"article","og_title":"Set of 8 Heart glass markers - Les Essentiels Collection - Perc\u00e9-Verre","og_description":"Set of 8 brand-name fused glass hearts handmade in Quebec - light, colorful and durable. A gift of love from Perc\u00e9-Verre.","og_url":"https:\/\/www.perce-verre.com\/en\/product\/set-of-8-heart-glass-markers-les-essentiels-collection\/","og_site_name":"Perc\u00e9-Verre","og_image":[{"width":900,"height":630,"url":"https:\/\/www.perce-verre.com\/wp-content\/uploads\/2026\/01\/Coffret-Marque-Verres-Coeurs-Collection-Perce-Verre-Quebec.jpg","type":"image\/jpeg"}],"twitter_card":"summary_large_image","twitter_misc":{"Est. reading time":"2 minutes"},"schema":{"@context":"https:\/\/schema.org","@graph":[{"@type":"WebPage","@id":"https:\/\/www.perce-verre.com\/en\/product\/set-of-8-heart-glass-markers-les-essentiels-collection\/","url":"https:\/\/www.perce-verre.com\/en\/product\/set-of-8-heart-glass-markers-les-essentiels-collection\/","name":"Set of 8 Heart glass markers - Les Essentiels Collection - Perc\u00e9-Verre","isPartOf":{"@id":"https:\/\/www.perce-verre.com\/en\/#website"},"primaryImageOfPage":{"@id":"https:\/\/www.perce-verre.com\/en\/product\/set-of-8-heart-glass-markers-les-essentiels-collection\/#primaryimage"},"image":{"@id":"https:\/\/www.perce-verre.com\/en\/product\/set-of-8-heart-glass-markers-les-essentiels-collection\/#primaryimage"},"thumbnailUrl":"https:\/\/www.perce-verre.com\/wp-content\/uploads\/2026\/01\/Coffret-Marque-Verres-Coeurs-Collection-Perce-Verre-Quebec.jpg","datePublished":"2026-01-13T19:57:02+00:00","description":"Set of 8 brand-name fused glass hearts handmade in Quebec - light, colorful and durable. A gift of love from Perc\u00e9-Verre.","breadcrumb":{"@id":"https:\/\/www.perce-verre.com\/en\/product\/set-of-8-heart-glass-markers-les-essentiels-collection\/#breadcrumb"},"inLanguage":"en-US","potentialAction":[{"@type":"ReadAction","target":["https:\/\/www.perce-verre.com\/en\/product\/set-of-8-heart-glass-markers-les-essentiels-collection\/"]}]},{"@type":"ImageObject","inLanguage":"en-US","@id":"https:\/\/www.perce-verre.com\/en\/product\/set-of-8-heart-glass-markers-les-essentiels-collection\/#primaryimage","url":"https:\/\/www.perce-verre.com\/wp-content\/uploads\/2026\/01\/Coffret-Marque-Verres-Coeurs-Collection-Perce-Verre-Quebec.jpg","contentUrl":"https:\/\/www.perce-verre.com\/wp-content\/uploads\/2026\/01\/Coffret-Marque-Verres-Coeurs-Collection-Perce-Verre-Quebec.jpg","width":900,"height":630,"caption":"Heart glass markers handmade in Quebec - Perc\u00e9-Verre"},{"@type":"BreadcrumbList","@id":"https:\/\/www.perce-verre.com\/en\/product\/set-of-8-heart-glass-markers-les-essentiels-collection\/#breadcrumb","itemListElement":[{"@type":"ListItem","position":1,"name":"Accueil","item":"https:\/\/www.perce-verre.com\/en\/"},{"@type":"ListItem","position":2,"name":"Store","item":"https:\/\/www.perce-verre.com\/en\/shop\/"},{"@type":"ListItem","position":3,"name":"Set of 8 Heart glass markers &#8211; Les Essentiels Collection"}]},{"@type":"WebSite","@id":"https:\/\/www.perce-verre.com\/en\/#website","url":"https:\/\/www.perce-verre.com\/en\/","name":"Perc\u00e9-Verre","description":"Cadeaux uniques et des cr\u00e9ations qu\u00e9b\u00e9coises","potentialAction":[{"@type":"SearchAction","target":{"@type":"EntryPoint","urlTemplate":"https:\/\/www.perce-verre.com\/en\/?s={search_term_string}"},"query-input":{"@type":"PropertyValueSpecification","valueRequired":true,"valueName":"search_term_string"}}],"inLanguage":"en-US"}]}},"wcpa_form_fields":null,"_links":{"self":[{"href":"https:\/\/www.perce-verre.com\/en\/wp-json\/wp\/v2\/product\/16162","targetHints":{"allow":["GET"]}}],"collection":[{"href":"https:\/\/www.perce-verre.com\/en\/wp-json\/wp\/v2\/product"}],"about":[{"href":"https:\/\/www.perce-verre.com\/en\/wp-json\/wp\/v2\/types\/product"}],"replies":[{"embeddable":true,"href":"https:\/\/www.perce-verre.com\/en\/wp-json\/wp\/v2\/comments?post=16162"}],"wp:featuredmedia":[{"embeddable":true,"href":"https:\/\/www.perce-verre.com\/en\/wp-json\/wp\/v2\/media\/16107"}],"wp:attachment":[{"href":"https:\/\/www.perce-verre.com\/en\/wp-json\/wp\/v2\/media?parent=16162"}],"wp:term":[{"taxonomy":"product_brand","embeddable":true,"href":"https:\/\/www.perce-verre.com\/en\/wp-json\/wp\/v2\/product_brand?post=16162"},{"taxonomy":"product_cat","embeddable":true,"href":"https:\/\/www.perce-verre.com\/en\/wp-json\/wp\/v2\/product_cat?post=16162"},{"taxonomy":"product_tag","embeddable":true,"href":"https:\/\/www.perce-verre.com\/en\/wp-json\/wp\/v2\/product_tag?post=16162"},{"taxonomy":"giftcard-category","embeddable":true,"href":"https:\/\/www.perce-verre.com\/en\/wp-json\/wp\/v2\/giftcard-category?post=16162"}],"curies":[{"name":"wp","href":"https:\/\/api.w.org\/{rel}","templated":true}]}}