{"id":16241,"date":"2026-02-03T12:16:46","date_gmt":"2026-02-03T17:16:46","guid":{"rendered":"https:\/\/www.perce-verre.com\/?post_type=product&#038;p=16241"},"modified":"2026-04-28T14:57:35","modified_gmt":"2026-04-28T18:57:35","slug":"couack-bird-in-fused-glass","status":"publish","type":"product","link":"https:\/\/www.perce-verre.com\/en\/product\/couack-bird-in-fused-glass\/","title":{"rendered":"Couack &#8211; Bird in fused glass"},"content":{"rendered":"<h4 data-start=\"296\" data-end=\"341\">Currently on display \u2014 reserve it now. Available for pickup or delivery after September 1st.<\/h4>\n<h2 data-start=\"296\" data-end=\"341\">\ud83d\udd4a\ufe0f <strong data-start=\"303\" data-end=\"339\">Couack, bird in fused glass<\/strong><\/h2>\n<h3 data-start=\"342\" data-end=\"376\">When silence becomes strength<\/h3>\n<p data-start=\"378\" data-end=\"665\"><strong data-start=\"378\" data-end=\"420\">Couack is a fused glass bird<\/strong> as blue as the sky, sprinkled with touches of red, yellow and green, as if all the colors had wanted to participate in its momentum. This work of Quebec glass art tells a story of daring, passion&#8230; and silence transformed into strength.<\/p>\n<p data-start=\"667\" data-end=\"951\">In the litter, there was no doubt. Couack &#8211; whom his parents had originally named <em data-start=\"757\" data-end=\"764\">Quick<\/em> &#8211; was the biggest, the strongest and, above all, the loudest. He cried louder than the others, longer, higher. A bird with a big mouth, driven by boundless energy.<\/p>\n<p data-start=\"953\" data-end=\"1103\"><strong data-start=\"964\" data-end=\"996\">This<\/strong> bold <strong data-start=\"964\" data-end=\"996\">fused-glass bird<\/strong> was the first to leap from the nest. The first to spread its wings. The first to taste the vertigo of the sky.<\/p>\n<p data-start=\"1105\" data-end=\"1291\">Couack soon developed an uncontrollable passion for flying&#8230; and for screaming. He flew while he screamed. He screamed as he flew. Higher and higher. Louder. Always farther!<\/p>\n<p>a-start=&#8221;1293&#8243; data-end=&#8221;1399&#8243;&gt;Until one day, carried away by his audacity, Couack flew so high and shouted so loud&#8230; that he lost his voice.<\/p>\n<p data-start=\"1401\" data-end=\"1521\">His vocal cords, exhausted, gave way. Couack descended. Winged, intact&#8230; but mute. Not a sound. No more cry.<\/p>\n<p data-start=\"1523\" data-end=\"1591\">As if the sky had whispered to him:<br data-start=\"1559\" data-end=\"1562\" \/><em data-start=\"1562\" data-end=\"1591\">&#8220;Be beautiful&#8230; and shut up.&#8221;<\/em><\/p>\n<p data-start=\"1593\" data-end=\"1634\">But Couack never lost sight of the essential.<\/p>\n<p data-start=\"1636\" data-end=\"1683\">He lost his voice, yes.<br data-start=\"1660\" data-end=\"1663\" \/>But not his passion.<\/p>\n<p data-start=\"1685\" data-end=\"1772\">Still flying. Higher and higher. Silent, but filled with an immense inner fire.<\/p>\n<p data-start=\"1774\" data-end=\"1997\">This <strong data-start=\"1778\" data-end=\"1816\">decorative bird in fused glass<\/strong> reminds us that even in silence, movement continues, momentum remains, and that flying towards your dreams doesn&#8217;t always make noise&#8230; but always leaves a trace of light.<\/p>\n<hr data-start=\"1999\" data-end=\"2002\" \/>\n<h2 data-start=\"2004\" data-end=\"2064\">\ud83d\udd25 Materials and dimensions &#8211; <strong data-start=\"2036\" data-end=\"2064\">Bird in fused glass<\/strong><\/h2>\n<ul data-start=\"2065\" data-end=\"2184\">\n<li data-start=\"2065\" data-end=\"2101\">\n<p data-start=\"2067\" data-end=\"2101\">Hand-fused glass<\/p>\n<\/li>\n<li data-start=\"2102\" data-end=\"2130\">\n<p data-start=\"2104\" data-end=\"2130\">Handmade in Quebec<\/p>\n<\/li>\n<li data-start=\"2131\" data-end=\"2184\">\n<p data-start=\"2133\" data-end=\"2184\">One-off piece (slight variations possible)<\/p>\n<\/li>\n<\/ul>\n<hr data-start=\"2186\" data-end=\"2189\" \/>\n<h2 data-start=\"2191\" data-end=\"2246\">\ud83c\udf3f Inspiration &#8211; <strong data-start=\"2211\" data-end=\"2246\">Quebec animal glass art<\/strong><\/h2>\n<p data-start=\"2247\" data-end=\"2510\">Couack is inspired by daring, intense passion and those moments when life invites us to continue in a different way.<br data-start=\"2372\" data-end=\"2375\" \/>This <strong data-start=\"2379\" data-end=\"2407\">fused glass bird<\/strong> symbolizes quiet strength, inner movement and the light that persists even in silence.<\/p>\n<hr data-start=\"2512\" data-end=\"2515\" \/>\n<h2 data-start=\"2517\" data-end=\"2571\">\ud83c\udde8\ud83c\udde6 Handcrafted in Quebec &#8211; Atelier Perc\u00e9-Verre<\/h2>\n<p data-start=\"2572\" data-end=\"2766\">Created with care in the Perc\u00e9-Verre workshop, Couack is crafted with patience, respect and heart. This work of fused glass, handmade in Quebec, is full of meaning, born of fire and light.<\/p>\n<p data-start=\"2768\" data-end=\"2827\"><em data-start=\"2768\" data-end=\"2827\">A breath of blue. A flight without a cry. A soaring heart. <\/em><\/p>\n<ul>\n<li data-start=\"3292\" data-end=\"3445\">\n<p data-start=\"3294\" data-end=\"3445\">\ud83d\udc49 <em data-start=\"3325\" data-end=\"3339\">Discover the<\/em> <a href=\"https:\/\/www.perce-verre.com\/categorie-produit\/decoration\/\"><strong data-start=\"3340\" data-end=\"3383\">Fused glass animal collection<\/strong><\/a><\/p>\n<\/li>\n<li data-start=\"3447\" data-end=\"3585\">\n<p data-start=\"3449\" data-end=\"3585\">\ud83d\udc49 F <em data-start=\"3483\" data-end=\"3543\">ind out more about<a href=\"https:\/\/www.perce-verre.com\/en\/about-us\/\"> the glass artist behind Perc\u00e9-Verre <\/a><\/em><\/p>\n<\/li>\n<li data-start=\"3447\" data-end=\"3585\">\ud83d\udc49 <em data-start=\"3483\" data-end=\"3543\">Learn more about<a href=\"https:\/\/fr.wikipedia.org\/wiki\/Fusing\"> fused glass technology<\/a><\/em><\/li>\n<\/ul>\n","protected":false},"excerpt":{"rendered":"<h4>Currently on display \u2014 reserve it now. Available for pickup or delivery after September 1st.<\/h4>\n<p>Couack is a fused glass bird as blue as the sky, once noisy and reckless, who flew so high he lost his voice. Mute but still inhabited by an undiminished passion, he embodies silent strength, inner drive and the beauty of continuous movement. Handmade in Quebec, where silence becomes light.<\/p>\n","protected":false},"featured_media":16238,"comment_status":"open","ping_status":"closed","template":"","meta":[],"product_brand":[],"product_cat":[1430,1429],"product_tag":[1438,1432,984,1356,1354,1103,1120,989,1346,1102],"giftcard-category":[],"class_list":{"0":"post-16241","1":"product","2":"type-product","3":"status-publish","4":"has-post-thumbnail","6":"product_cat-other-animals-collection","7":"product_cat-animal-collection","8":"product_tag-animal-collection","9":"product_tag-animal-work","10":"product_tag-fused-glass","11":"product_tag-handcrafted-decoration","12":"product_tag-handmade-in-quebec","13":"product_tag-inner-strength","14":"product_tag-light","15":"product_tag-perce-verre-en","16":"product_tag-quebec-glass-art","17":"product_tag-unique-piece","19":"first","20":"instock","21":"taxable","22":"shipping-taxable","23":"purchasable","24":"product-type-simple"},"yoast_head":"<!-- This site is optimized with the Yoast SEO plugin v27.4 - https:\/\/yoast.com\/product\/yoast-seo-wordpress\/ -->\n<title>Couack - Bird in fused glass - Perc\u00e9-Verre<\/title>\n<meta name=\"description\" content=\"Couack is a fused glass bird handmade in Quebec. A poetic decorative piece about silent strength, inner momentum and light.\" \/>\n<meta name=\"robots\" content=\"index, follow, max-snippet:-1, max-image-preview:large, max-video-preview:-1\" \/>\n<link rel=\"canonical\" href=\"https:\/\/www.perce-verre.com\/en\/product\/couack-bird-in-fused-glass\/\" \/>\n<meta property=\"og:locale\" content=\"en_US\" \/>\n<meta property=\"og:type\" content=\"article\" \/>\n<meta property=\"og:title\" content=\"Couack - Bird in fused glass - Perc\u00e9-Verre\" \/>\n<meta property=\"og:description\" content=\"Couack is a fused glass bird handmade in Quebec. A poetic decorative piece about silent strength, inner momentum and light.\" \/>\n<meta property=\"og:url\" content=\"https:\/\/www.perce-verre.com\/en\/product\/couack-bird-in-fused-glass\/\" \/>\n<meta property=\"og:site_name\" content=\"Perc\u00e9-Verre\" \/>\n<meta property=\"article:modified_time\" content=\"2026-04-28T18:57:35+00:00\" \/>\n<meta property=\"og:image\" content=\"https:\/\/www.perce-verre.com\/wp-content\/uploads\/2026\/02\/Couack-perroquet-en-verre-fusionne-fait-a-la-main-au-Quebec-\u2013-Decor-Perce-Verre-1.jpg\" \/>\n\t<meta property=\"og:image:width\" content=\"900\" \/>\n\t<meta property=\"og:image:height\" content=\"630\" \/>\n\t<meta property=\"og:image:type\" content=\"image\/jpeg\" \/>\n<meta name=\"twitter:card\" content=\"summary_large_image\" \/>\n<meta name=\"twitter:label1\" content=\"Est. reading time\" \/>\n\t<meta name=\"twitter:data1\" content=\"3 minutes\" \/>\n<script type=\"application\/ld+json\" class=\"yoast-schema-graph\">{\"@context\":\"https:\\\/\\\/schema.org\",\"@graph\":[{\"@type\":\"WebPage\",\"@id\":\"https:\\\/\\\/www.perce-verre.com\\\/en\\\/product\\\/couack-bird-in-fused-glass\\\/\",\"url\":\"https:\\\/\\\/www.perce-verre.com\\\/en\\\/product\\\/couack-bird-in-fused-glass\\\/\",\"name\":\"Couack - Bird in fused glass - Perc\u00e9-Verre\",\"isPartOf\":{\"@id\":\"https:\\\/\\\/www.perce-verre.com\\\/en\\\/#website\"},\"primaryImageOfPage\":{\"@id\":\"https:\\\/\\\/www.perce-verre.com\\\/en\\\/product\\\/couack-bird-in-fused-glass\\\/#primaryimage\"},\"image\":{\"@id\":\"https:\\\/\\\/www.perce-verre.com\\\/en\\\/product\\\/couack-bird-in-fused-glass\\\/#primaryimage\"},\"thumbnailUrl\":\"https:\\\/\\\/www.perce-verre.com\\\/wp-content\\\/uploads\\\/2026\\\/02\\\/Couack-perroquet-en-verre-fusionne-fait-a-la-main-au-Quebec-\u2013-Decor-Perce-Verre-1.jpg\",\"datePublished\":\"2026-02-03T17:16:46+00:00\",\"dateModified\":\"2026-04-28T18:57:35+00:00\",\"description\":\"Couack is a fused glass bird handmade in Quebec. A poetic decorative piece about silent strength, inner momentum and light.\",\"breadcrumb\":{\"@id\":\"https:\\\/\\\/www.perce-verre.com\\\/en\\\/product\\\/couack-bird-in-fused-glass\\\/#breadcrumb\"},\"inLanguage\":\"en-US\",\"potentialAction\":[{\"@type\":\"ReadAction\",\"target\":[\"https:\\\/\\\/www.perce-verre.com\\\/en\\\/product\\\/couack-bird-in-fused-glass\\\/\"]}]},{\"@type\":\"ImageObject\",\"inLanguage\":\"en-US\",\"@id\":\"https:\\\/\\\/www.perce-verre.com\\\/en\\\/product\\\/couack-bird-in-fused-glass\\\/#primaryimage\",\"url\":\"https:\\\/\\\/www.perce-verre.com\\\/wp-content\\\/uploads\\\/2026\\\/02\\\/Couack-perroquet-en-verre-fusionne-fait-a-la-main-au-Quebec-\u2013-Decor-Perce-Verre-1.jpg\",\"contentUrl\":\"https:\\\/\\\/www.perce-verre.com\\\/wp-content\\\/uploads\\\/2026\\\/02\\\/Couack-perroquet-en-verre-fusionne-fait-a-la-main-au-Quebec-\u2013-Decor-Perce-Verre-1.jpg\",\"width\":900,\"height\":630,\"caption\":\"Couack in a setting, fused glass parrot handmade in Quebec - Perc\u00e9-Verre\"},{\"@type\":\"BreadcrumbList\",\"@id\":\"https:\\\/\\\/www.perce-verre.com\\\/en\\\/product\\\/couack-bird-in-fused-glass\\\/#breadcrumb\",\"itemListElement\":[{\"@type\":\"ListItem\",\"position\":1,\"name\":\"Accueil\",\"item\":\"https:\\\/\\\/www.perce-verre.com\\\/en\\\/\"},{\"@type\":\"ListItem\",\"position\":2,\"name\":\"Store\",\"item\":\"https:\\\/\\\/www.perce-verre.com\\\/en\\\/shop\\\/\"},{\"@type\":\"ListItem\",\"position\":3,\"name\":\"Couack &#8211; Bird in fused glass\"}]},{\"@type\":\"WebSite\",\"@id\":\"https:\\\/\\\/www.perce-verre.com\\\/en\\\/#website\",\"url\":\"https:\\\/\\\/www.perce-verre.com\\\/en\\\/\",\"name\":\"Perc\u00e9-Verre\",\"description\":\"Cadeaux uniques et des cr\u00e9ations qu\u00e9b\u00e9coises\",\"potentialAction\":[{\"@type\":\"SearchAction\",\"target\":{\"@type\":\"EntryPoint\",\"urlTemplate\":\"https:\\\/\\\/www.perce-verre.com\\\/en\\\/?s={search_term_string}\"},\"query-input\":{\"@type\":\"PropertyValueSpecification\",\"valueRequired\":true,\"valueName\":\"search_term_string\"}}],\"inLanguage\":\"en-US\"}]}<\/script>\n<!-- \/ Yoast SEO plugin. -->","yoast_head_json":{"title":"Couack - Bird in fused glass - Perc\u00e9-Verre","description":"Couack is a fused glass bird handmade in Quebec. A poetic decorative piece about silent strength, inner momentum and light.","robots":{"index":"index","follow":"follow","max-snippet":"max-snippet:-1","max-image-preview":"max-image-preview:large","max-video-preview":"max-video-preview:-1"},"canonical":"https:\/\/www.perce-verre.com\/en\/product\/couack-bird-in-fused-glass\/","og_locale":"en_US","og_type":"article","og_title":"Couack - Bird in fused glass - Perc\u00e9-Verre","og_description":"Couack is a fused glass bird handmade in Quebec. A poetic decorative piece about silent strength, inner momentum and light.","og_url":"https:\/\/www.perce-verre.com\/en\/product\/couack-bird-in-fused-glass\/","og_site_name":"Perc\u00e9-Verre","article_modified_time":"2026-04-28T18:57:35+00:00","og_image":[{"width":900,"height":630,"url":"https:\/\/www.perce-verre.com\/wp-content\/uploads\/2026\/02\/Couack-perroquet-en-verre-fusionne-fait-a-la-main-au-Quebec-\u2013-Decor-Perce-Verre-1.jpg","type":"image\/jpeg"}],"twitter_card":"summary_large_image","twitter_misc":{"Est. reading time":"3 minutes"},"schema":{"@context":"https:\/\/schema.org","@graph":[{"@type":"WebPage","@id":"https:\/\/www.perce-verre.com\/en\/product\/couack-bird-in-fused-glass\/","url":"https:\/\/www.perce-verre.com\/en\/product\/couack-bird-in-fused-glass\/","name":"Couack - Bird in fused glass - Perc\u00e9-Verre","isPartOf":{"@id":"https:\/\/www.perce-verre.com\/en\/#website"},"primaryImageOfPage":{"@id":"https:\/\/www.perce-verre.com\/en\/product\/couack-bird-in-fused-glass\/#primaryimage"},"image":{"@id":"https:\/\/www.perce-verre.com\/en\/product\/couack-bird-in-fused-glass\/#primaryimage"},"thumbnailUrl":"https:\/\/www.perce-verre.com\/wp-content\/uploads\/2026\/02\/Couack-perroquet-en-verre-fusionne-fait-a-la-main-au-Quebec-\u2013-Decor-Perce-Verre-1.jpg","datePublished":"2026-02-03T17:16:46+00:00","dateModified":"2026-04-28T18:57:35+00:00","description":"Couack is a fused glass bird handmade in Quebec. A poetic decorative piece about silent strength, inner momentum and light.","breadcrumb":{"@id":"https:\/\/www.perce-verre.com\/en\/product\/couack-bird-in-fused-glass\/#breadcrumb"},"inLanguage":"en-US","potentialAction":[{"@type":"ReadAction","target":["https:\/\/www.perce-verre.com\/en\/product\/couack-bird-in-fused-glass\/"]}]},{"@type":"ImageObject","inLanguage":"en-US","@id":"https:\/\/www.perce-verre.com\/en\/product\/couack-bird-in-fused-glass\/#primaryimage","url":"https:\/\/www.perce-verre.com\/wp-content\/uploads\/2026\/02\/Couack-perroquet-en-verre-fusionne-fait-a-la-main-au-Quebec-\u2013-Decor-Perce-Verre-1.jpg","contentUrl":"https:\/\/www.perce-verre.com\/wp-content\/uploads\/2026\/02\/Couack-perroquet-en-verre-fusionne-fait-a-la-main-au-Quebec-\u2013-Decor-Perce-Verre-1.jpg","width":900,"height":630,"caption":"Couack in a setting, fused glass parrot handmade in Quebec - Perc\u00e9-Verre"},{"@type":"BreadcrumbList","@id":"https:\/\/www.perce-verre.com\/en\/product\/couack-bird-in-fused-glass\/#breadcrumb","itemListElement":[{"@type":"ListItem","position":1,"name":"Accueil","item":"https:\/\/www.perce-verre.com\/en\/"},{"@type":"ListItem","position":2,"name":"Store","item":"https:\/\/www.perce-verre.com\/en\/shop\/"},{"@type":"ListItem","position":3,"name":"Couack &#8211; Bird in fused glass"}]},{"@type":"WebSite","@id":"https:\/\/www.perce-verre.com\/en\/#website","url":"https:\/\/www.perce-verre.com\/en\/","name":"Perc\u00e9-Verre","description":"Cadeaux uniques et des cr\u00e9ations qu\u00e9b\u00e9coises","potentialAction":[{"@type":"SearchAction","target":{"@type":"EntryPoint","urlTemplate":"https:\/\/www.perce-verre.com\/en\/?s={search_term_string}"},"query-input":{"@type":"PropertyValueSpecification","valueRequired":true,"valueName":"search_term_string"}}],"inLanguage":"en-US"}]}},"wcpa_form_fields":null,"_links":{"self":[{"href":"https:\/\/www.perce-verre.com\/en\/wp-json\/wp\/v2\/product\/16241","targetHints":{"allow":["GET"]}}],"collection":[{"href":"https:\/\/www.perce-verre.com\/en\/wp-json\/wp\/v2\/product"}],"about":[{"href":"https:\/\/www.perce-verre.com\/en\/wp-json\/wp\/v2\/types\/product"}],"replies":[{"embeddable":true,"href":"https:\/\/www.perce-verre.com\/en\/wp-json\/wp\/v2\/comments?post=16241"}],"wp:featuredmedia":[{"embeddable":true,"href":"https:\/\/www.perce-verre.com\/en\/wp-json\/wp\/v2\/media\/16238"}],"wp:attachment":[{"href":"https:\/\/www.perce-verre.com\/en\/wp-json\/wp\/v2\/media?parent=16241"}],"wp:term":[{"taxonomy":"product_brand","embeddable":true,"href":"https:\/\/www.perce-verre.com\/en\/wp-json\/wp\/v2\/product_brand?post=16241"},{"taxonomy":"product_cat","embeddable":true,"href":"https:\/\/www.perce-verre.com\/en\/wp-json\/wp\/v2\/product_cat?post=16241"},{"taxonomy":"product_tag","embeddable":true,"href":"https:\/\/www.perce-verre.com\/en\/wp-json\/wp\/v2\/product_tag?post=16241"},{"taxonomy":"giftcard-category","embeddable":true,"href":"https:\/\/www.perce-verre.com\/en\/wp-json\/wp\/v2\/giftcard-category?post=16241"}],"curies":[{"name":"wp","href":"https:\/\/api.w.org\/{rel}","templated":true}]}}