{"id":16336,"date":"2026-02-11T10:30:28","date_gmt":"2026-02-11T15:30:28","guid":{"rendered":"https:\/\/www.perce-verre.com\/produit\/still-standing-original-work-in-fused-glass\/"},"modified":"2026-02-11T10:30:28","modified_gmt":"2026-02-11T15:30:28","slug":"still-standing-original-work-in-fused-glass","status":"publish","type":"product","link":"https:\/\/www.perce-verre.com\/en\/product\/still-standing-original-work-in-fused-glass\/","title":{"rendered":"Still Standing &#8211; Original work in fused glass"},"content":{"rendered":"<h2 data-start=\"448\" data-end=\"502\">Still Standing &#8211; Original work in fused glass<\/h2>\n<p data-start=\"504\" data-end=\"805\"><strong data-start=\"504\" data-end=\"636\">This fused glass art piece, handmade in Quebec, depicts a red and white lighthouse set against the immensity of the sky and sea.<\/strong>  Stable, assertive and vibrant, this fused-glass art embodies strength, perseverance and the ability to stand firm, even in the face of scorching sun or contrary winds.<\/p>\n<p data-start=\"807\" data-end=\"892\">There are calm days.<br data-start=\"831\" data-end=\"834\">And there are storms.<br data-start=\"857\" data-end=\"860\">But some landmarks remain.<\/p>\n<p data-start=\"894\" data-end=\"1207\">Still Standing evokes this reassuring stability. The lighthouse rises solidly above the gray rocks, anchored to the edge of the shore. The blazing red sun descends towards the horizon, coloring the sky with deep hues. Three birds fly across the azure, while the sea reflects rich, shifting blues.   <\/p>\n<p data-start=\"1209\" data-end=\"1555\">Hand-crafted in Quebec, this original work in fused glass reveals the full depth of Quebec glass art. Layers of glass are carefully cut, superimposed and then fused at high temperature. The result is subtle textures, bold contrasts and a wealth of vibrant colors.  <\/p>\n<p data-start=\"1557\" data-end=\"1912\">The balance between the intense red of the sun, the luminous white of the lighthouse and the blues of the sky creates a strong, expressive presence. This <strong data-start=\"1694\" data-end=\"1725\">fused glass wall art<\/strong> brings character and personality to your d\u00e9cor, while evoking hope, stability and resilience. It&#8217;s a reminder that even in the face of headwinds, it&#8217;s possible to stand tall.  <\/p>\n<p data-start=\"1914\" data-end=\"2120\">With its slender 6 x 18 inch format, this piece blends harmoniously into a contemporary, maritime or minimalist interior. Its Italian wood frame adds an elegant, timeless touch. <\/p>\n<hr data-start=\"2122\" data-end=\"2125\">\n<h2 data-start=\"2127\" data-end=\"2173\">Features of the work &#8220;Tenir debout&#8221;:<\/h2>\n<p data-start=\"2175\" data-end=\"2364\">&#8211; Fused glass worked and assembled by hand<br data-start=\"2223\" data-end=\"2226\">&#8211; Original and unique work<br data-start=\"2253\" data-end=\"2256\">&#8211; Dimensions: 6 x 18 inches<br data-start=\"2284\" data-end=\"2287\">&#8211; Italian wood frame<br data-start=\"2311\" data-end=\"2314\">&#8211; Created and signed in Quebec<br data-start=\"2341\" data-end=\"2344\">&#8211; Price: $325 CAD<\/p>\n<hr data-start=\"2366\" data-end=\"2369\">\n<p data-start=\"2371\" data-end=\"2514\">Each Perc\u00e9-Verre creation is made in the studio of St\u00e9phanie B\u00e9land, a Quebec glass artist. No reproductions. One piece only.  <\/p>\n<p data-start=\"2516\" data-end=\"2553\">A burst of heart signed Perc\u00e9-Verre. \u2728<\/p>\n<p>&nbsp;<\/p>\n<ul>\n<li data-start=\"3292\" data-end=\"3445\">\n<p data-start=\"3294\" data-end=\"3445\"> <em data-start=\"3325\" data-end=\"3339\">Discover the<\/em> <a href=\"https:\/\/www.perce-verre.com\/categorie-produit\/decoration\/\"><strong data-start=\"3340\" data-end=\"3383\">Animal collection in fused glass<\/strong><\/a><\/p>\n<\/li>\n<li data-start=\"3447\" data-end=\"3585\">\n<p data-start=\"3449\" data-end=\"3585\">\ud83d\udc49 F<em data-start=\"3483\" data-end=\"3543\">ind out more about<a href=\"https:\/\/www.perce-verre.com\/en\/about-us\/\"> the glass artist behind Perc\u00e9-Verre <\/a><\/em> <\/p>\n<\/li>\n<li>\ud83d\udc49 <em data-start=\"3483\" data-end=\"3543\">Learn more about<a href=\"https:\/\/fr.wikipedia.org\/wiki\/Fusing\"> fused glass technology<\/a><\/em><\/li>\n<\/ul>\n","protected":false},"excerpt":{"rendered":"<p>This fused glass art piece, handmade in Quebec, depicts a red and white lighthouse standing against the immensity of the sky and sea. Stable, assertive and vibrant, this fused glass art embodies strength, perseverance and the ability to stand firm, even in the face of scorching sun or contrary winds. <\/p>\n","protected":false},"featured_media":16333,"comment_status":"open","ping_status":"closed","template":"","meta":[],"product_brand":[],"product_cat":[549,545,1474],"product_tag":[984,1488,1475,983,1477,1478,1347,1006,1346,1116,990],"giftcard-category":[],"class_list":{"0":"post-16336","1":"product","2":"type-product","3":"status-publish","4":"has-post-thumbnail","6":"product_cat-classics","7":"product_cat-decoration-en","8":"product_cat-wall-art","9":"product_tag-fused-glass","10":"product_tag-fused-glass-art","11":"product_tag-handmade-in-quebec-2","12":"product_tag-lighthouse","13":"product_tag-marine-art","14":"product_tag-mural-art","15":"product_tag-original-gift-idea","16":"product_tag-original-work","17":"product_tag-quebec-glass-art","18":"product_tag-seascape","19":"product_tag-wall-decoration","21":"first","22":"instock","23":"taxable","24":"shipping-taxable","25":"purchasable","26":"product-type-simple"},"yoast_head":"<!-- This site is optimized with the Yoast SEO plugin v27.4 - https:\/\/yoast.com\/product\/yoast-seo-wordpress\/ -->\n<title>Fused glass art | Still standing - Perc\u00e9-Verre<\/title>\n<meta name=\"description\" content=\"Fused glass art handmade in Quebec. Toujours debout depicts a red and white lighthouse, a symbol of stability and hope.\" \/>\n<meta name=\"robots\" content=\"index, follow, max-snippet:-1, max-image-preview:large, max-video-preview:-1\" \/>\n<link rel=\"canonical\" href=\"https:\/\/www.perce-verre.com\/en\/product\/still-standing-original-work-in-fused-glass\/\" \/>\n<meta property=\"og:locale\" content=\"en_US\" \/>\n<meta property=\"og:type\" content=\"article\" \/>\n<meta property=\"og:title\" content=\"Fused glass art | Still standing - Perc\u00e9-Verre\" \/>\n<meta property=\"og:description\" content=\"Fused glass art handmade in Quebec. Toujours debout depicts a red and white lighthouse, a symbol of stability and hope.\" \/>\n<meta property=\"og:url\" content=\"https:\/\/www.perce-verre.com\/en\/product\/still-standing-original-work-in-fused-glass\/\" \/>\n<meta property=\"og:site_name\" content=\"Perc\u00e9-Verre\" \/>\n<meta property=\"og:image\" content=\"https:\/\/www.perce-verre.com\/wp-content\/uploads\/2026\/02\/Toujours-Debout-Oeuvre-Verre-Fusionne-Phare-Perce-Verre-Quebec-1.jpg\" \/>\n\t<meta property=\"og:image:width\" content=\"900\" \/>\n\t<meta property=\"og:image:height\" content=\"630\" \/>\n\t<meta property=\"og:image:type\" content=\"image\/jpeg\" \/>\n<meta name=\"twitter:card\" content=\"summary_large_image\" \/>\n<meta name=\"twitter:label1\" content=\"Est. reading time\" \/>\n\t<meta name=\"twitter:data1\" content=\"2 minutes\" \/>\n<script type=\"application\/ld+json\" class=\"yoast-schema-graph\">{\"@context\":\"https:\\\/\\\/schema.org\",\"@graph\":[{\"@type\":\"WebPage\",\"@id\":\"https:\\\/\\\/www.perce-verre.com\\\/en\\\/product\\\/still-standing-original-work-in-fused-glass\\\/\",\"url\":\"https:\\\/\\\/www.perce-verre.com\\\/en\\\/product\\\/still-standing-original-work-in-fused-glass\\\/\",\"name\":\"Fused glass art | Still standing - Perc\u00e9-Verre\",\"isPartOf\":{\"@id\":\"https:\\\/\\\/www.perce-verre.com\\\/en\\\/#website\"},\"primaryImageOfPage\":{\"@id\":\"https:\\\/\\\/www.perce-verre.com\\\/en\\\/product\\\/still-standing-original-work-in-fused-glass\\\/#primaryimage\"},\"image\":{\"@id\":\"https:\\\/\\\/www.perce-verre.com\\\/en\\\/product\\\/still-standing-original-work-in-fused-glass\\\/#primaryimage\"},\"thumbnailUrl\":\"https:\\\/\\\/www.perce-verre.com\\\/wp-content\\\/uploads\\\/2026\\\/02\\\/Toujours-Debout-Oeuvre-Verre-Fusionne-Phare-Perce-Verre-Quebec-1.jpg\",\"datePublished\":\"2026-02-11T15:30:28+00:00\",\"description\":\"Fused glass art handmade in Quebec. Toujours debout depicts a red and white lighthouse, a symbol of stability and hope.\",\"breadcrumb\":{\"@id\":\"https:\\\/\\\/www.perce-verre.com\\\/en\\\/product\\\/still-standing-original-work-in-fused-glass\\\/#breadcrumb\"},\"inLanguage\":\"en-US\",\"potentialAction\":[{\"@type\":\"ReadAction\",\"target\":[\"https:\\\/\\\/www.perce-verre.com\\\/en\\\/product\\\/still-standing-original-work-in-fused-glass\\\/\"]}]},{\"@type\":\"ImageObject\",\"inLanguage\":\"en-US\",\"@id\":\"https:\\\/\\\/www.perce-verre.com\\\/en\\\/product\\\/still-standing-original-work-in-fused-glass\\\/#primaryimage\",\"url\":\"https:\\\/\\\/www.perce-verre.com\\\/wp-content\\\/uploads\\\/2026\\\/02\\\/Toujours-Debout-Oeuvre-Verre-Fusionne-Phare-Perce-Verre-Quebec-1.jpg\",\"contentUrl\":\"https:\\\/\\\/www.perce-verre.com\\\/wp-content\\\/uploads\\\/2026\\\/02\\\/Toujours-Debout-Oeuvre-Verre-Fusionne-Phare-Perce-Verre-Quebec-1.jpg\",\"width\":900,\"height\":630,\"caption\":\"Fused glass art of a red and white lighthouse in the sun, handmade in Quebec - Perc\u00e9-Verre\"},{\"@type\":\"BreadcrumbList\",\"@id\":\"https:\\\/\\\/www.perce-verre.com\\\/en\\\/product\\\/still-standing-original-work-in-fused-glass\\\/#breadcrumb\",\"itemListElement\":[{\"@type\":\"ListItem\",\"position\":1,\"name\":\"Accueil\",\"item\":\"https:\\\/\\\/www.perce-verre.com\\\/en\\\/\"},{\"@type\":\"ListItem\",\"position\":2,\"name\":\"Store\",\"item\":\"https:\\\/\\\/www.perce-verre.com\\\/en\\\/shop\\\/\"},{\"@type\":\"ListItem\",\"position\":3,\"name\":\"Still Standing &#8211; Original work in fused glass\"}]},{\"@type\":\"WebSite\",\"@id\":\"https:\\\/\\\/www.perce-verre.com\\\/en\\\/#website\",\"url\":\"https:\\\/\\\/www.perce-verre.com\\\/en\\\/\",\"name\":\"Perc\u00e9-Verre\",\"description\":\"Cadeaux uniques et des cr\u00e9ations qu\u00e9b\u00e9coises\",\"potentialAction\":[{\"@type\":\"SearchAction\",\"target\":{\"@type\":\"EntryPoint\",\"urlTemplate\":\"https:\\\/\\\/www.perce-verre.com\\\/en\\\/?s={search_term_string}\"},\"query-input\":{\"@type\":\"PropertyValueSpecification\",\"valueRequired\":true,\"valueName\":\"search_term_string\"}}],\"inLanguage\":\"en-US\"}]}<\/script>\n<!-- \/ Yoast SEO plugin. -->","yoast_head_json":{"title":"Fused glass art | Still standing - Perc\u00e9-Verre","description":"Fused glass art handmade in Quebec. Toujours debout depicts a red and white lighthouse, a symbol of stability and hope.","robots":{"index":"index","follow":"follow","max-snippet":"max-snippet:-1","max-image-preview":"max-image-preview:large","max-video-preview":"max-video-preview:-1"},"canonical":"https:\/\/www.perce-verre.com\/en\/product\/still-standing-original-work-in-fused-glass\/","og_locale":"en_US","og_type":"article","og_title":"Fused glass art | Still standing - Perc\u00e9-Verre","og_description":"Fused glass art handmade in Quebec. Toujours debout depicts a red and white lighthouse, a symbol of stability and hope.","og_url":"https:\/\/www.perce-verre.com\/en\/product\/still-standing-original-work-in-fused-glass\/","og_site_name":"Perc\u00e9-Verre","og_image":[{"width":900,"height":630,"url":"https:\/\/www.perce-verre.com\/wp-content\/uploads\/2026\/02\/Toujours-Debout-Oeuvre-Verre-Fusionne-Phare-Perce-Verre-Quebec-1.jpg","type":"image\/jpeg"}],"twitter_card":"summary_large_image","twitter_misc":{"Est. reading time":"2 minutes"},"schema":{"@context":"https:\/\/schema.org","@graph":[{"@type":"WebPage","@id":"https:\/\/www.perce-verre.com\/en\/product\/still-standing-original-work-in-fused-glass\/","url":"https:\/\/www.perce-verre.com\/en\/product\/still-standing-original-work-in-fused-glass\/","name":"Fused glass art | Still standing - Perc\u00e9-Verre","isPartOf":{"@id":"https:\/\/www.perce-verre.com\/en\/#website"},"primaryImageOfPage":{"@id":"https:\/\/www.perce-verre.com\/en\/product\/still-standing-original-work-in-fused-glass\/#primaryimage"},"image":{"@id":"https:\/\/www.perce-verre.com\/en\/product\/still-standing-original-work-in-fused-glass\/#primaryimage"},"thumbnailUrl":"https:\/\/www.perce-verre.com\/wp-content\/uploads\/2026\/02\/Toujours-Debout-Oeuvre-Verre-Fusionne-Phare-Perce-Verre-Quebec-1.jpg","datePublished":"2026-02-11T15:30:28+00:00","description":"Fused glass art handmade in Quebec. Toujours debout depicts a red and white lighthouse, a symbol of stability and hope.","breadcrumb":{"@id":"https:\/\/www.perce-verre.com\/en\/product\/still-standing-original-work-in-fused-glass\/#breadcrumb"},"inLanguage":"en-US","potentialAction":[{"@type":"ReadAction","target":["https:\/\/www.perce-verre.com\/en\/product\/still-standing-original-work-in-fused-glass\/"]}]},{"@type":"ImageObject","inLanguage":"en-US","@id":"https:\/\/www.perce-verre.com\/en\/product\/still-standing-original-work-in-fused-glass\/#primaryimage","url":"https:\/\/www.perce-verre.com\/wp-content\/uploads\/2026\/02\/Toujours-Debout-Oeuvre-Verre-Fusionne-Phare-Perce-Verre-Quebec-1.jpg","contentUrl":"https:\/\/www.perce-verre.com\/wp-content\/uploads\/2026\/02\/Toujours-Debout-Oeuvre-Verre-Fusionne-Phare-Perce-Verre-Quebec-1.jpg","width":900,"height":630,"caption":"Fused glass art of a red and white lighthouse in the sun, handmade in Quebec - Perc\u00e9-Verre"},{"@type":"BreadcrumbList","@id":"https:\/\/www.perce-verre.com\/en\/product\/still-standing-original-work-in-fused-glass\/#breadcrumb","itemListElement":[{"@type":"ListItem","position":1,"name":"Accueil","item":"https:\/\/www.perce-verre.com\/en\/"},{"@type":"ListItem","position":2,"name":"Store","item":"https:\/\/www.perce-verre.com\/en\/shop\/"},{"@type":"ListItem","position":3,"name":"Still Standing &#8211; Original work in fused glass"}]},{"@type":"WebSite","@id":"https:\/\/www.perce-verre.com\/en\/#website","url":"https:\/\/www.perce-verre.com\/en\/","name":"Perc\u00e9-Verre","description":"Cadeaux uniques et des cr\u00e9ations qu\u00e9b\u00e9coises","potentialAction":[{"@type":"SearchAction","target":{"@type":"EntryPoint","urlTemplate":"https:\/\/www.perce-verre.com\/en\/?s={search_term_string}"},"query-input":{"@type":"PropertyValueSpecification","valueRequired":true,"valueName":"search_term_string"}}],"inLanguage":"en-US"}]}},"wcpa_form_fields":null,"_links":{"self":[{"href":"https:\/\/www.perce-verre.com\/en\/wp-json\/wp\/v2\/product\/16336","targetHints":{"allow":["GET"]}}],"collection":[{"href":"https:\/\/www.perce-verre.com\/en\/wp-json\/wp\/v2\/product"}],"about":[{"href":"https:\/\/www.perce-verre.com\/en\/wp-json\/wp\/v2\/types\/product"}],"replies":[{"embeddable":true,"href":"https:\/\/www.perce-verre.com\/en\/wp-json\/wp\/v2\/comments?post=16336"}],"wp:featuredmedia":[{"embeddable":true,"href":"https:\/\/www.perce-verre.com\/en\/wp-json\/wp\/v2\/media\/16333"}],"wp:attachment":[{"href":"https:\/\/www.perce-verre.com\/en\/wp-json\/wp\/v2\/media?parent=16336"}],"wp:term":[{"taxonomy":"product_brand","embeddable":true,"href":"https:\/\/www.perce-verre.com\/en\/wp-json\/wp\/v2\/product_brand?post=16336"},{"taxonomy":"product_cat","embeddable":true,"href":"https:\/\/www.perce-verre.com\/en\/wp-json\/wp\/v2\/product_cat?post=16336"},{"taxonomy":"product_tag","embeddable":true,"href":"https:\/\/www.perce-verre.com\/en\/wp-json\/wp\/v2\/product_tag?post=16336"},{"taxonomy":"giftcard-category","embeddable":true,"href":"https:\/\/www.perce-verre.com\/en\/wp-json\/wp\/v2\/giftcard-category?post=16336"}],"curies":[{"name":"wp","href":"https:\/\/api.w.org\/{rel}","templated":true}]}}