{"id":16373,"date":"2026-02-26T10:34:46","date_gmt":"2026-02-26T15:34:46","guid":{"rendered":"https:\/\/www.perce-verre.com\/produit\/free-under-the-sun\/"},"modified":"2026-02-27T09:05:10","modified_gmt":"2026-02-27T14:05:10","slug":"free-under-the-sun","status":"publish","type":"product","link":"https:\/\/www.perce-verre.com\/en\/product\/free-under-the-sun\/","title":{"rendered":"Free under the sun"},"content":{"rendered":"<h1>Free under the sun<\/h1>\n<h3><strong><em>Vertical artwork 6 x 12 inches <\/em><\/strong><\/h3>\n<h3><strong><em> Classic Collection<\/em><\/strong><\/h3>\n<h3 data-start=\"1959\" data-end=\"2012\">Description of the Qu\u00e9bec fused glass piece<\/h3>\n<p data-start=\"2014\" data-end=\"2330\">This work in <strong data-start=\"683\" data-end=\"715\">fused glass <\/strong>\u00a0features a man lifting a woman at arm&#8217;s length in a burst of joy and confidence. Under a bright sun, their silhouettes stand out against a luminous blue sky, while three birds fly freely across the horizon.<\/p>\n<p data-start=\"2332\" data-end=\"2685\"><strong data-start=\"2332\" data-end=\"2360\">&#8220;Libre sous le soleil&#8221;<\/strong> is a fused glass creation made in Quebec that celebrates trust, support and the freedom to love fully. The contrast between the deep black of the silhouettes and the golden warmth of the sun creates a vibrant, inspiring presence. The relief of fused glass brings texture, depth and movement to the scene.<\/p>\n<p data-start=\"2687\" data-end=\"2778\">The gesture is powerful.<br data-start=\"2709\" data-end=\"2712\" \/>It speaks of total trust.<br data-start=\"2741\" data-end=\"2744\" \/>Of balance.<br data-start=\"2756\" data-end=\"2759\" \/>Of shared happiness.<\/p>\n<p data-start=\"2687\" data-end=\"2778\">This creation in <strong data-start=\"1180\" data-end=\"1212\">Quebec fused glass<\/strong> celebrates trust, support and the freedom to love fully. Each detail is worked layer by layer in the kiln at my studio in Quebec, revealing depth, light and texture.<\/p>\n<p data-start=\"2780\" data-end=\"3037\">This work of Quebec glass art evokes moments of celebration: an anniversary, a wedding, a personal victory or a new beginning for two. It inspires the courage to love without restraint and the joy of being carried, literally and symbolically.<\/p>\n<p data-start=\"3039\" data-end=\"3180\">Its 6 x 12-inch vertical format, framed in silver-finish Italian wood, gives it an elegant, timeless look.<\/p>\n<h3 data-start=\"3182\" data-end=\"3227\">Fused glass handmade in Quebec<\/h3>\n<p data-start=\"3229\" data-end=\"3422\">Each Perc\u00e9-Verre creation is designed and fused in my Quebec workshop with precision and passion. Glass is worked layer by layer to reveal light, depth and intensity.<\/p>\n<p data-start=\"3424\" data-end=\"3585\">Choosing this <strong data-start=\"3447\" data-end=\"3472\">Qu\u00e9bec fused glass<\/strong> piece is to encourage the art of glassmaking in Qu\u00e9bec and to offer a handcrafted creation made in Qu\u00e9bec, full of emotion.<\/p>\n<p data-start=\"3587\" data-end=\"3624\">A burst of heart signed Perc\u00e9-Verre. \u2728<\/p>\n<h3>Materials and dimensions<\/h3>\n<ul>\n<li>Fused glass handmade in Quebec<\/li>\n<li>Silhouettes and relief elements<\/li>\n<li>Dimensions: 6 x 12 inches<\/li>\n<li>Italian wood frame, silver finish<\/li>\n<li>Ready to hang<\/li>\n<li>Unique piece<\/li>\n<\/ul>\n<p>&nbsp;<\/p>\n<ul>\n<li data-start=\"3292\" data-end=\"3445\">\n<p data-start=\"3294\" data-end=\"3445\"><em data-start=\"3325\" data-end=\"3339\">Discover the<\/em> <a href=\"https:\/\/www.perce-verre.com\/en\/products\/decoration-en\/works-in-opaque-glass-clothing\/\"><strong data-start=\"3340\" data-end=\"3383\">Classic Collection in fused glass<\/strong><\/a><\/p>\n<\/li>\n<li data-start=\"3447\" data-end=\"3585\">\n<p data-start=\"3449\" data-end=\"3585\">\ud83d\udc49 F <em data-start=\"3483\" data-end=\"3543\">ind out more about<a href=\"https:\/\/www.perce-verre.com\/en\/about-us\/\"> the glass artist behind Perc\u00e9-Verre <\/a><\/em><\/p>\n<\/li>\n<li>\ud83d\udc49 <em data-start=\"3483\" data-end=\"3543\">Learn more about<a href=\"https:\/\/fr.wikipedia.org\/wiki\/Fusing\"> fused glass technology<\/a><\/em><\/li>\n<\/ul>\n","protected":false},"excerpt":{"rendered":"<p>Work in fused glass, handmade in Quebec, depicting a man lifting a woman under the sun. Format 6 x 12 inches framed (silver Italian wood). Unique Quebec glass art.<\/p>\n","protected":false},"featured_media":16352,"comment_status":"open","ping_status":"closed","template":"","meta":[],"product_brand":[],"product_cat":[549,545],"product_tag":[1498,1503,984,1356,1504,1138,872,989,1346],"giftcard-category":[],"class_list":{"0":"post-16373","1":"product","2":"type-product","3":"status-publish","4":"has-post-thumbnail","6":"product_cat-classics","7":"product_cat-decoration-en","8":"product_tag-art-mural-quebecois","9":"product_tag-couple-gift","10":"product_tag-fused-glass","11":"product_tag-handcrafted-decoration","12":"product_tag-love-and-freedom","13":"product_tag-made-in-quebec","14":"product_tag-mural-work-en","15":"product_tag-perce-verre-en","16":"product_tag-quebec-glass-art","18":"first","19":"instock","20":"taxable","21":"shipping-taxable","22":"purchasable","23":"product-type-simple"},"yoast_head":"<!-- This site is optimized with the Yoast SEO plugin v27.4 - https:\/\/yoast.com\/product\/yoast-seo-wordpress\/ -->\n<title>Verre fusionn\u00e9 couple Qu\u00e9bec | Free under the sun<\/title>\n<meta name=\"description\" content=\"Sun-kissed couple in fused glass handmade in Quebec. Unique Quebec glass art celebrating love and freedom.\" \/>\n<meta name=\"robots\" content=\"index, follow, max-snippet:-1, max-image-preview:large, max-video-preview:-1\" \/>\n<link rel=\"canonical\" href=\"https:\/\/www.perce-verre.com\/en\/product\/free-under-the-sun\/\" \/>\n<meta property=\"og:locale\" content=\"en_US\" \/>\n<meta property=\"og:type\" content=\"article\" \/>\n<meta property=\"og:title\" content=\"Verre fusionn\u00e9 couple Qu\u00e9bec | Free under the sun\" \/>\n<meta property=\"og:description\" content=\"Sun-kissed couple in fused glass handmade in Quebec. Unique Quebec glass art celebrating love and freedom.\" \/>\n<meta property=\"og:url\" content=\"https:\/\/www.perce-verre.com\/en\/product\/free-under-the-sun\/\" \/>\n<meta property=\"og:site_name\" content=\"Perc\u00e9-Verre\" \/>\n<meta property=\"article:modified_time\" content=\"2026-02-27T14:05:10+00:00\" \/>\n<meta property=\"og:image\" content=\"https:\/\/www.perce-verre.com\/wp-content\/uploads\/2026\/02\/Libre-Sous-Le-Soleil-Oeuvre-Verre-Fusionne-Perce-Verre-Quebec-1.jpg\" \/>\n\t<meta property=\"og:image:width\" content=\"900\" \/>\n\t<meta property=\"og:image:height\" content=\"630\" \/>\n\t<meta property=\"og:image:type\" content=\"image\/jpeg\" \/>\n<meta name=\"twitter:card\" content=\"summary_large_image\" \/>\n<meta name=\"twitter:label1\" content=\"Est. reading time\" \/>\n\t<meta name=\"twitter:data1\" content=\"2 minutes\" \/>\n<script type=\"application\/ld+json\" class=\"yoast-schema-graph\">{\"@context\":\"https:\\\/\\\/schema.org\",\"@graph\":[{\"@type\":\"WebPage\",\"@id\":\"https:\\\/\\\/www.perce-verre.com\\\/en\\\/product\\\/free-under-the-sun\\\/\",\"url\":\"https:\\\/\\\/www.perce-verre.com\\\/en\\\/product\\\/free-under-the-sun\\\/\",\"name\":\"Verre fusionn\u00e9 couple Qu\u00e9bec | Free under the sun\",\"isPartOf\":{\"@id\":\"https:\\\/\\\/www.perce-verre.com\\\/en\\\/#website\"},\"primaryImageOfPage\":{\"@id\":\"https:\\\/\\\/www.perce-verre.com\\\/en\\\/product\\\/free-under-the-sun\\\/#primaryimage\"},\"image\":{\"@id\":\"https:\\\/\\\/www.perce-verre.com\\\/en\\\/product\\\/free-under-the-sun\\\/#primaryimage\"},\"thumbnailUrl\":\"https:\\\/\\\/www.perce-verre.com\\\/wp-content\\\/uploads\\\/2026\\\/02\\\/Libre-Sous-Le-Soleil-Oeuvre-Verre-Fusionne-Perce-Verre-Quebec-1.jpg\",\"datePublished\":\"2026-02-26T15:34:46+00:00\",\"dateModified\":\"2026-02-27T14:05:10+00:00\",\"description\":\"Sun-kissed couple in fused glass handmade in Quebec. Unique Quebec glass art celebrating love and freedom.\",\"breadcrumb\":{\"@id\":\"https:\\\/\\\/www.perce-verre.com\\\/en\\\/product\\\/free-under-the-sun\\\/#breadcrumb\"},\"inLanguage\":\"en-US\",\"potentialAction\":[{\"@type\":\"ReadAction\",\"target\":[\"https:\\\/\\\/www.perce-verre.com\\\/en\\\/product\\\/free-under-the-sun\\\/\"]}]},{\"@type\":\"ImageObject\",\"inLanguage\":\"en-US\",\"@id\":\"https:\\\/\\\/www.perce-verre.com\\\/en\\\/product\\\/free-under-the-sun\\\/#primaryimage\",\"url\":\"https:\\\/\\\/www.perce-verre.com\\\/wp-content\\\/uploads\\\/2026\\\/02\\\/Libre-Sous-Le-Soleil-Oeuvre-Verre-Fusionne-Perce-Verre-Quebec-1.jpg\",\"contentUrl\":\"https:\\\/\\\/www.perce-verre.com\\\/wp-content\\\/uploads\\\/2026\\\/02\\\/Libre-Sous-Le-Soleil-Oeuvre-Verre-Fusionne-Perce-Verre-Quebec-1.jpg\",\"width\":900,\"height\":630,\"caption\":\"Elaning silhouette under a luminous sun in fused glass made in Quebec - art verrier Perc\u00e9-Verre\"},{\"@type\":\"BreadcrumbList\",\"@id\":\"https:\\\/\\\/www.perce-verre.com\\\/en\\\/product\\\/free-under-the-sun\\\/#breadcrumb\",\"itemListElement\":[{\"@type\":\"ListItem\",\"position\":1,\"name\":\"Accueil\",\"item\":\"https:\\\/\\\/www.perce-verre.com\\\/en\\\/\"},{\"@type\":\"ListItem\",\"position\":2,\"name\":\"Store\",\"item\":\"https:\\\/\\\/www.perce-verre.com\\\/en\\\/shop\\\/\"},{\"@type\":\"ListItem\",\"position\":3,\"name\":\"Free under the sun\"}]},{\"@type\":\"WebSite\",\"@id\":\"https:\\\/\\\/www.perce-verre.com\\\/en\\\/#website\",\"url\":\"https:\\\/\\\/www.perce-verre.com\\\/en\\\/\",\"name\":\"Perc\u00e9-Verre\",\"description\":\"Cadeaux uniques et des cr\u00e9ations qu\u00e9b\u00e9coises\",\"potentialAction\":[{\"@type\":\"SearchAction\",\"target\":{\"@type\":\"EntryPoint\",\"urlTemplate\":\"https:\\\/\\\/www.perce-verre.com\\\/en\\\/?s={search_term_string}\"},\"query-input\":{\"@type\":\"PropertyValueSpecification\",\"valueRequired\":true,\"valueName\":\"search_term_string\"}}],\"inLanguage\":\"en-US\"}]}<\/script>\n<!-- \/ Yoast SEO plugin. -->","yoast_head_json":{"title":"Verre fusionn\u00e9 couple Qu\u00e9bec | Free under the sun","description":"Sun-kissed couple in fused glass handmade in Quebec. Unique Quebec glass art celebrating love and freedom.","robots":{"index":"index","follow":"follow","max-snippet":"max-snippet:-1","max-image-preview":"max-image-preview:large","max-video-preview":"max-video-preview:-1"},"canonical":"https:\/\/www.perce-verre.com\/en\/product\/free-under-the-sun\/","og_locale":"en_US","og_type":"article","og_title":"Verre fusionn\u00e9 couple Qu\u00e9bec | Free under the sun","og_description":"Sun-kissed couple in fused glass handmade in Quebec. Unique Quebec glass art celebrating love and freedom.","og_url":"https:\/\/www.perce-verre.com\/en\/product\/free-under-the-sun\/","og_site_name":"Perc\u00e9-Verre","article_modified_time":"2026-02-27T14:05:10+00:00","og_image":[{"width":900,"height":630,"url":"https:\/\/www.perce-verre.com\/wp-content\/uploads\/2026\/02\/Libre-Sous-Le-Soleil-Oeuvre-Verre-Fusionne-Perce-Verre-Quebec-1.jpg","type":"image\/jpeg"}],"twitter_card":"summary_large_image","twitter_misc":{"Est. reading time":"2 minutes"},"schema":{"@context":"https:\/\/schema.org","@graph":[{"@type":"WebPage","@id":"https:\/\/www.perce-verre.com\/en\/product\/free-under-the-sun\/","url":"https:\/\/www.perce-verre.com\/en\/product\/free-under-the-sun\/","name":"Verre fusionn\u00e9 couple Qu\u00e9bec | Free under the sun","isPartOf":{"@id":"https:\/\/www.perce-verre.com\/en\/#website"},"primaryImageOfPage":{"@id":"https:\/\/www.perce-verre.com\/en\/product\/free-under-the-sun\/#primaryimage"},"image":{"@id":"https:\/\/www.perce-verre.com\/en\/product\/free-under-the-sun\/#primaryimage"},"thumbnailUrl":"https:\/\/www.perce-verre.com\/wp-content\/uploads\/2026\/02\/Libre-Sous-Le-Soleil-Oeuvre-Verre-Fusionne-Perce-Verre-Quebec-1.jpg","datePublished":"2026-02-26T15:34:46+00:00","dateModified":"2026-02-27T14:05:10+00:00","description":"Sun-kissed couple in fused glass handmade in Quebec. Unique Quebec glass art celebrating love and freedom.","breadcrumb":{"@id":"https:\/\/www.perce-verre.com\/en\/product\/free-under-the-sun\/#breadcrumb"},"inLanguage":"en-US","potentialAction":[{"@type":"ReadAction","target":["https:\/\/www.perce-verre.com\/en\/product\/free-under-the-sun\/"]}]},{"@type":"ImageObject","inLanguage":"en-US","@id":"https:\/\/www.perce-verre.com\/en\/product\/free-under-the-sun\/#primaryimage","url":"https:\/\/www.perce-verre.com\/wp-content\/uploads\/2026\/02\/Libre-Sous-Le-Soleil-Oeuvre-Verre-Fusionne-Perce-Verre-Quebec-1.jpg","contentUrl":"https:\/\/www.perce-verre.com\/wp-content\/uploads\/2026\/02\/Libre-Sous-Le-Soleil-Oeuvre-Verre-Fusionne-Perce-Verre-Quebec-1.jpg","width":900,"height":630,"caption":"Elaning silhouette under a luminous sun in fused glass made in Quebec - art verrier Perc\u00e9-Verre"},{"@type":"BreadcrumbList","@id":"https:\/\/www.perce-verre.com\/en\/product\/free-under-the-sun\/#breadcrumb","itemListElement":[{"@type":"ListItem","position":1,"name":"Accueil","item":"https:\/\/www.perce-verre.com\/en\/"},{"@type":"ListItem","position":2,"name":"Store","item":"https:\/\/www.perce-verre.com\/en\/shop\/"},{"@type":"ListItem","position":3,"name":"Free under the sun"}]},{"@type":"WebSite","@id":"https:\/\/www.perce-verre.com\/en\/#website","url":"https:\/\/www.perce-verre.com\/en\/","name":"Perc\u00e9-Verre","description":"Cadeaux uniques et des cr\u00e9ations qu\u00e9b\u00e9coises","potentialAction":[{"@type":"SearchAction","target":{"@type":"EntryPoint","urlTemplate":"https:\/\/www.perce-verre.com\/en\/?s={search_term_string}"},"query-input":{"@type":"PropertyValueSpecification","valueRequired":true,"valueName":"search_term_string"}}],"inLanguage":"en-US"}]}},"wcpa_form_fields":null,"_links":{"self":[{"href":"https:\/\/www.perce-verre.com\/en\/wp-json\/wp\/v2\/product\/16373","targetHints":{"allow":["GET"]}}],"collection":[{"href":"https:\/\/www.perce-verre.com\/en\/wp-json\/wp\/v2\/product"}],"about":[{"href":"https:\/\/www.perce-verre.com\/en\/wp-json\/wp\/v2\/types\/product"}],"replies":[{"embeddable":true,"href":"https:\/\/www.perce-verre.com\/en\/wp-json\/wp\/v2\/comments?post=16373"}],"wp:featuredmedia":[{"embeddable":true,"href":"https:\/\/www.perce-verre.com\/en\/wp-json\/wp\/v2\/media\/16352"}],"wp:attachment":[{"href":"https:\/\/www.perce-verre.com\/en\/wp-json\/wp\/v2\/media?parent=16373"}],"wp:term":[{"taxonomy":"product_brand","embeddable":true,"href":"https:\/\/www.perce-verre.com\/en\/wp-json\/wp\/v2\/product_brand?post=16373"},{"taxonomy":"product_cat","embeddable":true,"href":"https:\/\/www.perce-verre.com\/en\/wp-json\/wp\/v2\/product_cat?post=16373"},{"taxonomy":"product_tag","embeddable":true,"href":"https:\/\/www.perce-verre.com\/en\/wp-json\/wp\/v2\/product_tag?post=16373"},{"taxonomy":"giftcard-category","embeddable":true,"href":"https:\/\/www.perce-verre.com\/en\/wp-json\/wp\/v2\/giftcard-category?post=16373"}],"curies":[{"name":"wp","href":"https:\/\/api.w.org\/{rel}","templated":true}]}}