{"id":16438,"date":"2026-03-02T16:30:33","date_gmt":"2026-03-02T21:30:33","guid":{"rendered":"https:\/\/www.perce-verre.com\/produit\/le-sapin-holiday-collection\/"},"modified":"2026-03-03T11:59:56","modified_gmt":"2026-03-03T16:59:56","slug":"le-sapin-holiday-collection","status":"publish","type":"product","link":"https:\/\/www.perce-verre.com\/en\/product\/le-sapin-holiday-collection\/","title":{"rendered":"The Christmas Tree &#8211; Holiday Collection"},"content":{"rendered":"<h2 data-start=\"1390\" data-end=\"1451\">Fused glass fir tree ornament made in Quebec &#8211; The Christmas Tree<\/h2>\n<p data-start=\"1453\" data-end=\"1567\">This <strong data-start=\"1457\" data-end=\"1508\">Quebec-made fused glass fir tree ornament<\/strong> is part of the Perc\u00e9-Verre Holiday Collection.<\/p>\n<hr data-start=\"1569\" data-end=\"1572\">\n<h3 data-start=\"1574\" data-end=\"1592\">\u2728 Its history<\/h3>\n<p data-start=\"1594\" data-end=\"1800\">The Christmas tree: in a forest<br data-start=\"1627\" data-end=\"1630\">of green fir trees, there was one<br data-start=\"1668\" data-end=\"1671\">that stood out. A little too colorful,<br data-start=\"1705\" data-end=\"1708\">a little too enthusiastic. The<br data-start=\"1737\" data-end=\"1740\">others stood tall. He too<br data-start=\"1773\" data-end=\"1776\">&#8230; but in a different way.   <\/p>\n<p data-start=\"1802\" data-end=\"1908\">At Christmas, he&#8217;s always the one to choose.<br data-start=\"1843\" data-end=\"1846\">Because to set the mood, you sometimes have to stand out from the crowd.<\/p>\n<p data-start=\"2007\" data-end=\"2230\"><strong data-start=\"2007\" data-end=\"2028\">Important note:<\/strong> The current images show workshop prototypes. The final version will be optimized with precise glass adjustments and an anodized aluminum finish for a harmonious, refined look. <\/p>\n<hr data-start=\"2232\" data-end=\"2235\">\n<h3 data-start=\"2237\" data-end=\"2257\">Features<\/h3>\n<ul data-start=\"2259\" data-end=\"2535\">\n<li data-start=\"2259\" data-end=\"2305\">\n<p data-start=\"2261\" data-end=\"2305\">Fused glass handcrafted in Qu\u00e9bec<\/p>\n<\/li>\n<li data-start=\"2306\" data-end=\"2357\">\n<p data-start=\"2308\" data-end=\"2357\">Anodized aluminum structure (final version)<\/p>\n<\/li>\n<li data-start=\"2358\" data-end=\"2417\">\n<p data-start=\"2360\" data-end=\"2417\">Approximate size: 3.25 x 3.25 inches (8.2 x 8.2 cm)<\/p>\n<\/li>\n<li data-start=\"2418\" data-end=\"2457\">\n<p data-start=\"2420\" data-end=\"2457\">Includes printed cardboard description<\/p>\n<\/li>\n<li data-start=\"2458\" data-end=\"2500\">\n<p data-start=\"2460\" data-end=\"2500\">Handcrafted creation by Perc\u00e9-Verre<\/p>\n<\/li>\n<li data-start=\"2501\" data-end=\"2535\">\n<p data-start=\"2503\" data-end=\"2535\">Production in limited quantities<\/p>\n<\/li>\n<\/ul>\n<hr data-start=\"2537\" data-end=\"2540\">\n<h2 data-start=\"2119\" data-end=\"2136\">Inspired by fused glass ornaments made in Quebec:<\/h2>\n<p data-start=\"450\" data-end=\"592\">The fir tree symbolizes those who dare to be different.<br data-start=\"498\" data-end=\"501\">It reminds us that what is different today often becomes the heart of tomorrow&#8217;s traditions.<\/p>\n<p data-start=\"594\" data-end=\"721\">Through its colors and luminous presence, it celebrates authenticity, joy and the warmth of gatherings.<\/p>\n<p data-start=\"723\" data-end=\"806\">Because when it comes down to it, it&#8217;s often the one who stands out who really sets the mood.<\/p>\n<h2 data-start=\"2542\" data-end=\"2572\">\u2764\ufe0f Handcrafted in Quebec<\/h2>\n<p data-start=\"2574\" data-end=\"2756\">Each Perc\u00e9-Verre ornament is designed and crafted in my Quebec studio. No industrial processes &#8211; just fusion, glass and the passion of a Quebec glass artist. <\/p>\n<p data-start=\"2758\" data-end=\"2793\">A heart-warming sparkle from Perc\u00e9-Verre.<\/p>\n<p data-start=\"2056\" data-end=\"2177\">Discover other pieces from the Holiday Collection in the <a href=\"https:\/\/www.perce-verre.com\/en\/products\/decoration-en\/ornament\/\">Ornaments category .<\/a><\/p>\n<p data-start=\"2056\" data-end=\"2177\">To find out more about designer St\u00e9phanie B\u00e9land, <a href=\"https:\/\/www.perce-verre.com\/en\/about-us\/\">click here.<\/a> Follow us on our social networks for news, videos and behind-the-scenes looks at our creations.<a href=\"https:\/\/www.facebook.com\/perceverre\/\">(Facebook<\/a>, <a href=\"https:\/\/www.instagram.com\/perceverre\/\">Instagram<\/a>)<\/p>\n","protected":false},"excerpt":{"rendered":"<p>Fused glass fir ornaments made in Quebec &#8211; The Christmas Tree.<br data-start=\"247\" data-end=\"250\">The one we choose because it dares to be different.<br data-start=\"301\" data-end=\"304\">Available in September 2026.<\/p>\n","protected":false},"featured_media":16569,"comment_status":"open","ping_status":"closed","template":"","meta":[],"product_brand":[],"product_cat":[545,807],"product_tag":[1537,1538,1539,1534,1022,984,1536,1353,1535,1138,1533,989],"giftcard-category":[],"class_list":{"0":"post-16438","1":"product","2":"type-product","3":"status-publish","4":"has-post-thumbnail","6":"product_cat-decoration-en","7":"product_cat-ornament-holiday-collection-glass-quebec","8":"product_tag-art-verrier-quebec","9":"product_tag-christmas-decoration","10":"product_tag-christmas-gift-idea","11":"product_tag-christmas-ornaments","12":"product_tag-craft-creation","13":"product_tag-fused-glass","14":"product_tag-fused-glass-ornament","15":"product_tag-handmade-gift-quebec","16":"product_tag-holiday-collection","17":"product_tag-made-in-quebec","18":"product_tag-ornament","19":"product_tag-perce-verre-en","21":"first","22":"outofstock","23":"taxable","24":"shipping-taxable","25":"purchasable","26":"product-type-simple"},"yoast_head":"<!-- This site is optimized with the Yoast SEO plugin v27.4 - https:\/\/yoast.com\/product\/yoast-seo-wordpress\/ -->\n<title>Fused glass fir tree ornament made in Quebec | Perc\u00e9-Verre<\/title>\n<meta name=\"description\" content=\"Fused glass fir tree ornament made in Quebec. Le Sapin symbolizes boldness and luminous traditions. Handcrafted by Perc\u00e9-Verre.\" \/>\n<meta name=\"robots\" content=\"index, follow, max-snippet:-1, max-image-preview:large, max-video-preview:-1\" \/>\n<link rel=\"canonical\" href=\"https:\/\/www.perce-verre.com\/en\/product\/le-sapin-holiday-collection\/\" \/>\n<meta property=\"og:locale\" content=\"en_US\" \/>\n<meta property=\"og:type\" content=\"article\" \/>\n<meta property=\"og:title\" content=\"Fused glass fir tree ornament made in Quebec | Perc\u00e9-Verre\" \/>\n<meta property=\"og:description\" content=\"Fused glass fir tree ornament made in Quebec. Le Sapin symbolizes boldness and luminous traditions. Handcrafted by Perc\u00e9-Verre.\" \/>\n<meta property=\"og:url\" content=\"https:\/\/www.perce-verre.com\/en\/product\/le-sapin-holiday-collection\/\" \/>\n<meta property=\"og:site_name\" content=\"Perc\u00e9-Verre\" \/>\n<meta property=\"article:modified_time\" content=\"2026-03-03T16:59:56+00:00\" \/>\n<meta property=\"og:image\" content=\"https:\/\/www.perce-verre.com\/wp-content\/uploads\/2026\/03\/ornement-sapin-verre-fusionne-quebec-perce-verre-1.jpg\" \/>\n\t<meta property=\"og:image:width\" content=\"900\" \/>\n\t<meta property=\"og:image:height\" content=\"630\" \/>\n\t<meta property=\"og:image:type\" content=\"image\/jpeg\" \/>\n<meta name=\"twitter:card\" content=\"summary_large_image\" \/>\n<meta name=\"twitter:label1\" content=\"Est. reading time\" \/>\n\t<meta name=\"twitter:data1\" content=\"1 minute\" \/>\n<script type=\"application\/ld+json\" class=\"yoast-schema-graph\">{\"@context\":\"https:\\\/\\\/schema.org\",\"@graph\":[{\"@type\":\"WebPage\",\"@id\":\"https:\\\/\\\/www.perce-verre.com\\\/en\\\/product\\\/le-sapin-holiday-collection\\\/\",\"url\":\"https:\\\/\\\/www.perce-verre.com\\\/en\\\/product\\\/le-sapin-holiday-collection\\\/\",\"name\":\"Fused glass fir tree ornament made in Quebec | Perc\u00e9-Verre\",\"isPartOf\":{\"@id\":\"https:\\\/\\\/www.perce-verre.com\\\/en\\\/#website\"},\"primaryImageOfPage\":{\"@id\":\"https:\\\/\\\/www.perce-verre.com\\\/en\\\/product\\\/le-sapin-holiday-collection\\\/#primaryimage\"},\"image\":{\"@id\":\"https:\\\/\\\/www.perce-verre.com\\\/en\\\/product\\\/le-sapin-holiday-collection\\\/#primaryimage\"},\"thumbnailUrl\":\"https:\\\/\\\/www.perce-verre.com\\\/wp-content\\\/uploads\\\/2026\\\/03\\\/ornement-sapin-verre-fusionne-quebec-perce-verre-3.jpg\",\"datePublished\":\"2026-03-02T21:30:33+00:00\",\"dateModified\":\"2026-03-03T16:59:56+00:00\",\"description\":\"Fused glass fir tree ornament made in Quebec. Le Sapin symbolizes boldness and luminous traditions. Handcrafted by Perc\u00e9-Verre.\",\"breadcrumb\":{\"@id\":\"https:\\\/\\\/www.perce-verre.com\\\/en\\\/product\\\/le-sapin-holiday-collection\\\/#breadcrumb\"},\"inLanguage\":\"en-US\",\"potentialAction\":[{\"@type\":\"ReadAction\",\"target\":[\"https:\\\/\\\/www.perce-verre.com\\\/en\\\/product\\\/le-sapin-holiday-collection\\\/\"]}]},{\"@type\":\"ImageObject\",\"inLanguage\":\"en-US\",\"@id\":\"https:\\\/\\\/www.perce-verre.com\\\/en\\\/product\\\/le-sapin-holiday-collection\\\/#primaryimage\",\"url\":\"https:\\\/\\\/www.perce-verre.com\\\/wp-content\\\/uploads\\\/2026\\\/03\\\/ornement-sapin-verre-fusionne-quebec-perce-verre-3.jpg\",\"contentUrl\":\"https:\\\/\\\/www.perce-verre.com\\\/wp-content\\\/uploads\\\/2026\\\/03\\\/ornement-sapin-verre-fusionne-quebec-perce-verre-3.jpg\",\"width\":900,\"height\":630,\"caption\":\"Ornement sapin en verre fusionn\u00e9 fait au Qu\u00e9bec \u2013 Perc\u00e9-Verre\"},{\"@type\":\"BreadcrumbList\",\"@id\":\"https:\\\/\\\/www.perce-verre.com\\\/en\\\/product\\\/le-sapin-holiday-collection\\\/#breadcrumb\",\"itemListElement\":[{\"@type\":\"ListItem\",\"position\":1,\"name\":\"Accueil\",\"item\":\"https:\\\/\\\/www.perce-verre.com\\\/en\\\/\"},{\"@type\":\"ListItem\",\"position\":2,\"name\":\"Store\",\"item\":\"https:\\\/\\\/www.perce-verre.com\\\/en\\\/shop\\\/\"},{\"@type\":\"ListItem\",\"position\":3,\"name\":\"The Christmas Tree &#8211; Holiday Collection\"}]},{\"@type\":\"WebSite\",\"@id\":\"https:\\\/\\\/www.perce-verre.com\\\/en\\\/#website\",\"url\":\"https:\\\/\\\/www.perce-verre.com\\\/en\\\/\",\"name\":\"Perc\u00e9-Verre\",\"description\":\"Cadeaux uniques et des cr\u00e9ations qu\u00e9b\u00e9coises\",\"potentialAction\":[{\"@type\":\"SearchAction\",\"target\":{\"@type\":\"EntryPoint\",\"urlTemplate\":\"https:\\\/\\\/www.perce-verre.com\\\/en\\\/?s={search_term_string}\"},\"query-input\":{\"@type\":\"PropertyValueSpecification\",\"valueRequired\":true,\"valueName\":\"search_term_string\"}}],\"inLanguage\":\"en-US\"}]}<\/script>\n<!-- \/ Yoast SEO plugin. -->","yoast_head_json":{"title":"Fused glass fir tree ornament made in Quebec | Perc\u00e9-Verre","description":"Fused glass fir tree ornament made in Quebec. Le Sapin symbolizes boldness and luminous traditions. Handcrafted by Perc\u00e9-Verre.","robots":{"index":"index","follow":"follow","max-snippet":"max-snippet:-1","max-image-preview":"max-image-preview:large","max-video-preview":"max-video-preview:-1"},"canonical":"https:\/\/www.perce-verre.com\/en\/product\/le-sapin-holiday-collection\/","og_locale":"en_US","og_type":"article","og_title":"Fused glass fir tree ornament made in Quebec | Perc\u00e9-Verre","og_description":"Fused glass fir tree ornament made in Quebec. Le Sapin symbolizes boldness and luminous traditions. Handcrafted by Perc\u00e9-Verre.","og_url":"https:\/\/www.perce-verre.com\/en\/product\/le-sapin-holiday-collection\/","og_site_name":"Perc\u00e9-Verre","article_modified_time":"2026-03-03T16:59:56+00:00","og_image":[{"width":900,"height":630,"url":"https:\/\/www.perce-verre.com\/wp-content\/uploads\/2026\/03\/ornement-sapin-verre-fusionne-quebec-perce-verre-1.jpg","type":"image\/jpeg"}],"twitter_card":"summary_large_image","twitter_misc":{"Est. reading time":"1 minute"},"schema":{"@context":"https:\/\/schema.org","@graph":[{"@type":"WebPage","@id":"https:\/\/www.perce-verre.com\/en\/product\/le-sapin-holiday-collection\/","url":"https:\/\/www.perce-verre.com\/en\/product\/le-sapin-holiday-collection\/","name":"Fused glass fir tree ornament made in Quebec | Perc\u00e9-Verre","isPartOf":{"@id":"https:\/\/www.perce-verre.com\/en\/#website"},"primaryImageOfPage":{"@id":"https:\/\/www.perce-verre.com\/en\/product\/le-sapin-holiday-collection\/#primaryimage"},"image":{"@id":"https:\/\/www.perce-verre.com\/en\/product\/le-sapin-holiday-collection\/#primaryimage"},"thumbnailUrl":"https:\/\/www.perce-verre.com\/wp-content\/uploads\/2026\/03\/ornement-sapin-verre-fusionne-quebec-perce-verre-3.jpg","datePublished":"2026-03-02T21:30:33+00:00","dateModified":"2026-03-03T16:59:56+00:00","description":"Fused glass fir tree ornament made in Quebec. Le Sapin symbolizes boldness and luminous traditions. Handcrafted by Perc\u00e9-Verre.","breadcrumb":{"@id":"https:\/\/www.perce-verre.com\/en\/product\/le-sapin-holiday-collection\/#breadcrumb"},"inLanguage":"en-US","potentialAction":[{"@type":"ReadAction","target":["https:\/\/www.perce-verre.com\/en\/product\/le-sapin-holiday-collection\/"]}]},{"@type":"ImageObject","inLanguage":"en-US","@id":"https:\/\/www.perce-verre.com\/en\/product\/le-sapin-holiday-collection\/#primaryimage","url":"https:\/\/www.perce-verre.com\/wp-content\/uploads\/2026\/03\/ornement-sapin-verre-fusionne-quebec-perce-verre-3.jpg","contentUrl":"https:\/\/www.perce-verre.com\/wp-content\/uploads\/2026\/03\/ornement-sapin-verre-fusionne-quebec-perce-verre-3.jpg","width":900,"height":630,"caption":"Ornement sapin en verre fusionn\u00e9 fait au Qu\u00e9bec \u2013 Perc\u00e9-Verre"},{"@type":"BreadcrumbList","@id":"https:\/\/www.perce-verre.com\/en\/product\/le-sapin-holiday-collection\/#breadcrumb","itemListElement":[{"@type":"ListItem","position":1,"name":"Accueil","item":"https:\/\/www.perce-verre.com\/en\/"},{"@type":"ListItem","position":2,"name":"Store","item":"https:\/\/www.perce-verre.com\/en\/shop\/"},{"@type":"ListItem","position":3,"name":"The Christmas Tree &#8211; Holiday Collection"}]},{"@type":"WebSite","@id":"https:\/\/www.perce-verre.com\/en\/#website","url":"https:\/\/www.perce-verre.com\/en\/","name":"Perc\u00e9-Verre","description":"Cadeaux uniques et des cr\u00e9ations qu\u00e9b\u00e9coises","potentialAction":[{"@type":"SearchAction","target":{"@type":"EntryPoint","urlTemplate":"https:\/\/www.perce-verre.com\/en\/?s={search_term_string}"},"query-input":{"@type":"PropertyValueSpecification","valueRequired":true,"valueName":"search_term_string"}}],"inLanguage":"en-US"}]}},"wcpa_form_fields":null,"_links":{"self":[{"href":"https:\/\/www.perce-verre.com\/en\/wp-json\/wp\/v2\/product\/16438","targetHints":{"allow":["GET"]}}],"collection":[{"href":"https:\/\/www.perce-verre.com\/en\/wp-json\/wp\/v2\/product"}],"about":[{"href":"https:\/\/www.perce-verre.com\/en\/wp-json\/wp\/v2\/types\/product"}],"replies":[{"embeddable":true,"href":"https:\/\/www.perce-verre.com\/en\/wp-json\/wp\/v2\/comments?post=16438"}],"wp:featuredmedia":[{"embeddable":true,"href":"https:\/\/www.perce-verre.com\/en\/wp-json\/wp\/v2\/media\/16569"}],"wp:attachment":[{"href":"https:\/\/www.perce-verre.com\/en\/wp-json\/wp\/v2\/media?parent=16438"}],"wp:term":[{"taxonomy":"product_brand","embeddable":true,"href":"https:\/\/www.perce-verre.com\/en\/wp-json\/wp\/v2\/product_brand?post=16438"},{"taxonomy":"product_cat","embeddable":true,"href":"https:\/\/www.perce-verre.com\/en\/wp-json\/wp\/v2\/product_cat?post=16438"},{"taxonomy":"product_tag","embeddable":true,"href":"https:\/\/www.perce-verre.com\/en\/wp-json\/wp\/v2\/product_tag?post=16438"},{"taxonomy":"giftcard-category","embeddable":true,"href":"https:\/\/www.perce-verre.com\/en\/wp-json\/wp\/v2\/giftcard-category?post=16438"}],"curies":[{"name":"wp","href":"https:\/\/api.w.org\/{rel}","templated":true}]}}