{"id":16442,"date":"2026-03-02T16:56:20","date_gmt":"2026-03-02T21:56:20","guid":{"rendered":"https:\/\/www.perce-verre.com\/produit\/chat-peau-holiday-collection\/"},"modified":"2026-03-03T11:58:03","modified_gmt":"2026-03-03T16:58:03","slug":"chat-peau-holiday-collection","status":"publish","type":"product","link":"https:\/\/www.perce-verre.com\/en\/product\/chat-peau-holiday-collection\/","title":{"rendered":"The Whisker Hat &#8211; Holiday Collection"},"content":{"rendered":"<h2>Fused glass cat ornament made in Quebec &#8211; The Whisker Hat<\/h2>\n<p>This <strong>Quebec-made fused glass cat ornament<\/strong> is part of the Perc\u00e9-Verre Holiday Collection. Mischievous and discreet, Chat-Peau embodies the joyful curiosity and tender impatience of Christmas Eve. <\/p>\n<h3>\u2728 Its history<\/h3>\n<p>The whisker hat, the impatient Christmas cat. Unable to wait for the big day, he discreetly spies on the presents. Thanks to his ultra-secret plan (and his magic hat), he discovers every surprise&#8230; then wraps everything up perfectly. Shh! He knows. But he won&#8217;t tell!     <\/p>\n<p>Shaped using the glass fusing technique, each ornament is carefully cut and then assembled before being transformed by the controlled heat of the kiln. Fusion allows the colors to bond naturally, creating depth, light and durability. <\/p>\n<p>Hanging on the tree or offered as a knowing wink, this fused glass cat ornament made in Quebec catches the eye and makes you smile. It comes with a printed card bearing its story, slipped onto the back like a shared confidence. <\/p>\n<p><strong>Note:<\/strong> Current images show workshop prototypes. The final version will be optimized with precise glass adjustments and an anodized aluminum finish for a harmonious, refined look. <\/p>\n<h3>Features of the fused glass cat ornament made in Quebec<\/h3>\n<ul>\n<li>Fused glass handcrafted in Qu\u00e9bec<\/li>\n<li>Anodized aluminum structure (final version)<\/li>\n<li>Approximate size: 3.25 x 3.25 inches (8.2 x 8.2 cm)<\/li>\n<li>Includes printed cardboard description<\/li>\n<li>Handcrafted creation by Perc\u00e9-Verre<\/li>\n<li>Production in limited quantities<\/li>\n<\/ul>\n<h3>\u2764\ufe0f Handcrafted in Quebec<\/h3>\n<p>Each Perc\u00e9-Verre ornament is designed and crafted in my Quebec studio. No industrial processes &#8211; just fusion, glass and the passion of a Quebec glass artist. <\/p>\n<p>A heart-warming sparkle from Perc\u00e9-Verre.<\/p>\n<p data-start=\"2056\" data-end=\"2177\">Discover other pieces from the Holiday Collection in the <a href=\"https:\/\/www.perce-verre.com\/en\/products\/decoration-en\/ornament\/\">Ornaments category .<\/a><\/p>\n<p data-start=\"2056\" data-end=\"2177\">To find out more about designer St\u00e9phanie B\u00e9land, <a href=\"https:\/\/www.perce-verre.com\/en\/about-us\/\">click here.<\/a> Follow us on our social networks for news, videos and behind-the-scenes looks at our creations.<a href=\"https:\/\/www.facebook.com\/perceverre\/\">(Facebook<\/a>, <a href=\"https:\/\/www.instagram.com\/perceverre\/\">Instagram<\/a>)<\/p>\n","protected":false},"excerpt":{"rendered":"<p>Chat-Peau &#8211; Fused glass cat ornament made in Quebec. Mischievous and conniving, he watches over Christmas surprises. Available in September 2026.  <\/p>\n","protected":false},"featured_media":16551,"comment_status":"open","ping_status":"closed","template":"","meta":[],"product_brand":[],"product_cat":[545,807],"product_tag":[1537,1550,1551,1538,1534,1022,984,1536,1353,1535,1138,1347,1533,989],"giftcard-category":[],"class_list":{"0":"post-16442","1":"product","2":"type-product","3":"status-publish","4":"has-post-thumbnail","6":"product_cat-decoration-en","7":"product_cat-ornament-holiday-collection-glass-quebec","8":"product_tag-art-verrier-quebec","9":"product_tag-cat-ornament","10":"product_tag-christmas-cat","11":"product_tag-christmas-decoration","12":"product_tag-christmas-ornaments","13":"product_tag-craft-creation","14":"product_tag-fused-glass","15":"product_tag-fused-glass-ornament","16":"product_tag-handmade-gift-quebec","17":"product_tag-holiday-collection","18":"product_tag-made-in-quebec","19":"product_tag-original-gift-idea","20":"product_tag-ornament","21":"product_tag-perce-verre-en","23":"first","24":"outofstock","25":"taxable","26":"shipping-taxable","27":"purchasable","28":"product-type-simple"},"yoast_head":"<!-- This site is optimized with the Yoast SEO plugin v27.4 - https:\/\/yoast.com\/product\/yoast-seo-wordpress\/ -->\n<title>Fused glass cat ornament made in Quebec | Chat-Peau<\/title>\n<meta name=\"description\" content=\"Fused glass cat ornament made in Quebec. Chat-Peau embodies the mischievous curiosity of Christmas Eve. Handcrafted by Perc\u00e9-Verre.\" \/>\n<meta name=\"robots\" content=\"index, follow, max-snippet:-1, max-image-preview:large, max-video-preview:-1\" \/>\n<link rel=\"canonical\" href=\"https:\/\/www.perce-verre.com\/en\/product\/chat-peau-holiday-collection\/\" \/>\n<meta property=\"og:locale\" content=\"en_US\" \/>\n<meta property=\"og:type\" content=\"article\" \/>\n<meta property=\"og:title\" content=\"Fused glass cat ornament made in Quebec | Chat-Peau\" \/>\n<meta property=\"og:description\" content=\"Fused glass cat ornament made in Quebec. Chat-Peau embodies the mischievous curiosity of Christmas Eve. Handcrafted by Perc\u00e9-Verre.\" \/>\n<meta property=\"og:url\" content=\"https:\/\/www.perce-verre.com\/en\/product\/chat-peau-holiday-collection\/\" \/>\n<meta property=\"og:site_name\" content=\"Perc\u00e9-Verre\" \/>\n<meta property=\"article:modified_time\" content=\"2026-03-03T16:58:03+00:00\" \/>\n<meta property=\"og:image\" content=\"https:\/\/www.perce-verre.com\/wp-content\/uploads\/2026\/03\/ornement-chat-noel-verre-fusionne-quebec-perce-verre-1.jpg\" \/>\n\t<meta property=\"og:image:width\" content=\"900\" \/>\n\t<meta property=\"og:image:height\" content=\"630\" \/>\n\t<meta property=\"og:image:type\" content=\"image\/jpeg\" \/>\n<meta name=\"twitter:card\" content=\"summary_large_image\" \/>\n<meta name=\"twitter:label1\" content=\"Est. reading time\" \/>\n\t<meta name=\"twitter:data1\" content=\"2 minutes\" \/>\n<script type=\"application\/ld+json\" class=\"yoast-schema-graph\">{\"@context\":\"https:\\\/\\\/schema.org\",\"@graph\":[{\"@type\":\"WebPage\",\"@id\":\"https:\\\/\\\/www.perce-verre.com\\\/en\\\/product\\\/chat-peau-holiday-collection\\\/\",\"url\":\"https:\\\/\\\/www.perce-verre.com\\\/en\\\/product\\\/chat-peau-holiday-collection\\\/\",\"name\":\"Fused glass cat ornament made in Quebec | Chat-Peau\",\"isPartOf\":{\"@id\":\"https:\\\/\\\/www.perce-verre.com\\\/en\\\/#website\"},\"primaryImageOfPage\":{\"@id\":\"https:\\\/\\\/www.perce-verre.com\\\/en\\\/product\\\/chat-peau-holiday-collection\\\/#primaryimage\"},\"image\":{\"@id\":\"https:\\\/\\\/www.perce-verre.com\\\/en\\\/product\\\/chat-peau-holiday-collection\\\/#primaryimage\"},\"thumbnailUrl\":\"https:\\\/\\\/www.perce-verre.com\\\/wp-content\\\/uploads\\\/2026\\\/03\\\/ornement-chat-noel-verre-fusionne-quebec-perce-verre-3.jpg\",\"datePublished\":\"2026-03-02T21:56:20+00:00\",\"dateModified\":\"2026-03-03T16:58:03+00:00\",\"description\":\"Fused glass cat ornament made in Quebec. Chat-Peau embodies the mischievous curiosity of Christmas Eve. Handcrafted by Perc\u00e9-Verre.\",\"breadcrumb\":{\"@id\":\"https:\\\/\\\/www.perce-verre.com\\\/en\\\/product\\\/chat-peau-holiday-collection\\\/#breadcrumb\"},\"inLanguage\":\"en-US\",\"potentialAction\":[{\"@type\":\"ReadAction\",\"target\":[\"https:\\\/\\\/www.perce-verre.com\\\/en\\\/product\\\/chat-peau-holiday-collection\\\/\"]}]},{\"@type\":\"ImageObject\",\"inLanguage\":\"en-US\",\"@id\":\"https:\\\/\\\/www.perce-verre.com\\\/en\\\/product\\\/chat-peau-holiday-collection\\\/#primaryimage\",\"url\":\"https:\\\/\\\/www.perce-verre.com\\\/wp-content\\\/uploads\\\/2026\\\/03\\\/ornement-chat-noel-verre-fusionne-quebec-perce-verre-3.jpg\",\"contentUrl\":\"https:\\\/\\\/www.perce-verre.com\\\/wp-content\\\/uploads\\\/2026\\\/03\\\/ornement-chat-noel-verre-fusionne-quebec-perce-verre-3.jpg\",\"width\":900,\"height\":630,\"caption\":\"Ornement chat de No\u00ebl en verre fusionn\u00e9 fait au Qu\u00e9bec \u2013 Perc\u00e9-Verre\"},{\"@type\":\"BreadcrumbList\",\"@id\":\"https:\\\/\\\/www.perce-verre.com\\\/en\\\/product\\\/chat-peau-holiday-collection\\\/#breadcrumb\",\"itemListElement\":[{\"@type\":\"ListItem\",\"position\":1,\"name\":\"Accueil\",\"item\":\"https:\\\/\\\/www.perce-verre.com\\\/en\\\/\"},{\"@type\":\"ListItem\",\"position\":2,\"name\":\"Store\",\"item\":\"https:\\\/\\\/www.perce-verre.com\\\/en\\\/shop\\\/\"},{\"@type\":\"ListItem\",\"position\":3,\"name\":\"The Whisker Hat &#8211; Holiday Collection\"}]},{\"@type\":\"WebSite\",\"@id\":\"https:\\\/\\\/www.perce-verre.com\\\/en\\\/#website\",\"url\":\"https:\\\/\\\/www.perce-verre.com\\\/en\\\/\",\"name\":\"Perc\u00e9-Verre\",\"description\":\"Cadeaux uniques et des cr\u00e9ations qu\u00e9b\u00e9coises\",\"potentialAction\":[{\"@type\":\"SearchAction\",\"target\":{\"@type\":\"EntryPoint\",\"urlTemplate\":\"https:\\\/\\\/www.perce-verre.com\\\/en\\\/?s={search_term_string}\"},\"query-input\":{\"@type\":\"PropertyValueSpecification\",\"valueRequired\":true,\"valueName\":\"search_term_string\"}}],\"inLanguage\":\"en-US\"}]}<\/script>\n<!-- \/ Yoast SEO plugin. -->","yoast_head_json":{"title":"Fused glass cat ornament made in Quebec | Chat-Peau","description":"Fused glass cat ornament made in Quebec. Chat-Peau embodies the mischievous curiosity of Christmas Eve. Handcrafted by Perc\u00e9-Verre.","robots":{"index":"index","follow":"follow","max-snippet":"max-snippet:-1","max-image-preview":"max-image-preview:large","max-video-preview":"max-video-preview:-1"},"canonical":"https:\/\/www.perce-verre.com\/en\/product\/chat-peau-holiday-collection\/","og_locale":"en_US","og_type":"article","og_title":"Fused glass cat ornament made in Quebec | Chat-Peau","og_description":"Fused glass cat ornament made in Quebec. Chat-Peau embodies the mischievous curiosity of Christmas Eve. Handcrafted by Perc\u00e9-Verre.","og_url":"https:\/\/www.perce-verre.com\/en\/product\/chat-peau-holiday-collection\/","og_site_name":"Perc\u00e9-Verre","article_modified_time":"2026-03-03T16:58:03+00:00","og_image":[{"width":900,"height":630,"url":"https:\/\/www.perce-verre.com\/wp-content\/uploads\/2026\/03\/ornement-chat-noel-verre-fusionne-quebec-perce-verre-1.jpg","type":"image\/jpeg"}],"twitter_card":"summary_large_image","twitter_misc":{"Est. reading time":"2 minutes"},"schema":{"@context":"https:\/\/schema.org","@graph":[{"@type":"WebPage","@id":"https:\/\/www.perce-verre.com\/en\/product\/chat-peau-holiday-collection\/","url":"https:\/\/www.perce-verre.com\/en\/product\/chat-peau-holiday-collection\/","name":"Fused glass cat ornament made in Quebec | Chat-Peau","isPartOf":{"@id":"https:\/\/www.perce-verre.com\/en\/#website"},"primaryImageOfPage":{"@id":"https:\/\/www.perce-verre.com\/en\/product\/chat-peau-holiday-collection\/#primaryimage"},"image":{"@id":"https:\/\/www.perce-verre.com\/en\/product\/chat-peau-holiday-collection\/#primaryimage"},"thumbnailUrl":"https:\/\/www.perce-verre.com\/wp-content\/uploads\/2026\/03\/ornement-chat-noel-verre-fusionne-quebec-perce-verre-3.jpg","datePublished":"2026-03-02T21:56:20+00:00","dateModified":"2026-03-03T16:58:03+00:00","description":"Fused glass cat ornament made in Quebec. Chat-Peau embodies the mischievous curiosity of Christmas Eve. Handcrafted by Perc\u00e9-Verre.","breadcrumb":{"@id":"https:\/\/www.perce-verre.com\/en\/product\/chat-peau-holiday-collection\/#breadcrumb"},"inLanguage":"en-US","potentialAction":[{"@type":"ReadAction","target":["https:\/\/www.perce-verre.com\/en\/product\/chat-peau-holiday-collection\/"]}]},{"@type":"ImageObject","inLanguage":"en-US","@id":"https:\/\/www.perce-verre.com\/en\/product\/chat-peau-holiday-collection\/#primaryimage","url":"https:\/\/www.perce-verre.com\/wp-content\/uploads\/2026\/03\/ornement-chat-noel-verre-fusionne-quebec-perce-verre-3.jpg","contentUrl":"https:\/\/www.perce-verre.com\/wp-content\/uploads\/2026\/03\/ornement-chat-noel-verre-fusionne-quebec-perce-verre-3.jpg","width":900,"height":630,"caption":"Ornement chat de No\u00ebl en verre fusionn\u00e9 fait au Qu\u00e9bec \u2013 Perc\u00e9-Verre"},{"@type":"BreadcrumbList","@id":"https:\/\/www.perce-verre.com\/en\/product\/chat-peau-holiday-collection\/#breadcrumb","itemListElement":[{"@type":"ListItem","position":1,"name":"Accueil","item":"https:\/\/www.perce-verre.com\/en\/"},{"@type":"ListItem","position":2,"name":"Store","item":"https:\/\/www.perce-verre.com\/en\/shop\/"},{"@type":"ListItem","position":3,"name":"The Whisker Hat &#8211; Holiday Collection"}]},{"@type":"WebSite","@id":"https:\/\/www.perce-verre.com\/en\/#website","url":"https:\/\/www.perce-verre.com\/en\/","name":"Perc\u00e9-Verre","description":"Cadeaux uniques et des cr\u00e9ations qu\u00e9b\u00e9coises","potentialAction":[{"@type":"SearchAction","target":{"@type":"EntryPoint","urlTemplate":"https:\/\/www.perce-verre.com\/en\/?s={search_term_string}"},"query-input":{"@type":"PropertyValueSpecification","valueRequired":true,"valueName":"search_term_string"}}],"inLanguage":"en-US"}]}},"wcpa_form_fields":null,"_links":{"self":[{"href":"https:\/\/www.perce-verre.com\/en\/wp-json\/wp\/v2\/product\/16442","targetHints":{"allow":["GET"]}}],"collection":[{"href":"https:\/\/www.perce-verre.com\/en\/wp-json\/wp\/v2\/product"}],"about":[{"href":"https:\/\/www.perce-verre.com\/en\/wp-json\/wp\/v2\/types\/product"}],"replies":[{"embeddable":true,"href":"https:\/\/www.perce-verre.com\/en\/wp-json\/wp\/v2\/comments?post=16442"}],"wp:featuredmedia":[{"embeddable":true,"href":"https:\/\/www.perce-verre.com\/en\/wp-json\/wp\/v2\/media\/16551"}],"wp:attachment":[{"href":"https:\/\/www.perce-verre.com\/en\/wp-json\/wp\/v2\/media?parent=16442"}],"wp:term":[{"taxonomy":"product_brand","embeddable":true,"href":"https:\/\/www.perce-verre.com\/en\/wp-json\/wp\/v2\/product_brand?post=16442"},{"taxonomy":"product_cat","embeddable":true,"href":"https:\/\/www.perce-verre.com\/en\/wp-json\/wp\/v2\/product_cat?post=16442"},{"taxonomy":"product_tag","embeddable":true,"href":"https:\/\/www.perce-verre.com\/en\/wp-json\/wp\/v2\/product_tag?post=16442"},{"taxonomy":"giftcard-category","embeddable":true,"href":"https:\/\/www.perce-verre.com\/en\/wp-json\/wp\/v2\/giftcard-category?post=16442"}],"curies":[{"name":"wp","href":"https:\/\/api.w.org\/{rel}","templated":true}]}}