{"id":16444,"date":"2026-03-02T17:19:45","date_gmt":"2026-03-02T22:19:45","guid":{"rendered":"https:\/\/www.perce-verre.com\/produit\/le-gnome-holiday-collection\/"},"modified":"2026-03-03T11:54:18","modified_gmt":"2026-03-03T16:54:18","slug":"le-gnome-holiday-collection","status":"publish","type":"product","link":"https:\/\/www.perce-verre.com\/en\/product\/le-gnome-holiday-collection\/","title":{"rendered":"The Christmas Gnome &#8211; Holiday Collection"},"content":{"rendered":"<h2>Quebec-made fused glass gnome ornament &#8211; The Christmas Gnome<\/h2>\n<p>This <strong>Qu\u00e9bec-made fused glass gnome ornament<\/strong> is part of the Perc\u00e9-Verre Holiday Collection. A discreet guardian of roots and traditions, it embodies the anchoring, transmission and gentleness of gestures repeated year after year. <\/p>\n<h3>\u2728 Its history<\/h3>\n<p><em>The gnome<\/em><br \/>\nThe gnome, discreet guardian of roots and traditions. He helps us to slow down and stay grounded, even when everything&#8217;s moving. He watches over the gestures passed down and the stories told each year. He doesn&#8217;t make much noise&#8230; but without him, Christmas would lose some of its meaning.   <\/p>\n<p data-start=\"1029\" data-end=\"1396\">Every detail of this Quebec-made fused glass gnome ornament takes shape in my workshop. I cut, superimpose and assemble each piece with precision. Then, the controlled heat of the kiln unites the colors, revealing their full depth. This is not blown glass, but a meticulous work of artisanal fusion, crafted piece by piece.   <\/p>\n<p data-start=\"1398\" data-end=\"1738\">Silent, the gnome evokes stability and memory. Hanging from the tree, it reminds us that traditions are never static: they evolve, are passed on and take root in shared moments. What&#8217;s more, each ornament is accompanied by a printed card bearing its story, to be treasured year after year.  <\/p>\n<p data-start=\"1740\" data-end=\"1971\">At present, <strong>the images shown are workshop prototypes<\/strong>. However, the final version will benefit from optimized anodized aluminum and precisely adjusted glass parts for a perfectly harmonious look. <\/p>\n<h3>Features of the Qu\u00e9bec-made fused glass gnome ornament<\/h3>\n<ul>\n<li>Fused glass handcrafted in Qu\u00e9bec<\/li>\n<li>Anodized aluminum frame<\/li>\n<li>Approximate size: 3.25 x 3.25 inches (8.2 x 8.2 cm)<\/li>\n<li>Includes printed cardboard description<\/li>\n<li>Handcrafted creation by Perc\u00e9-Verre<\/li>\n<li>Production in limited quantities<\/li>\n<\/ul>\n<h3>\u2764\ufe0f Handcrafted in Quebec<\/h3>\n<p>Each Perc\u00e9-Verre ornament is designed and crafted in my Quebec studio. No industrial processes &#8211; just fusion, glass and the passion of a Quebec glass artist. <\/p>\n<p>A heart-warming sparkle from Perc\u00e9-Verre.<\/p>\n<p data-start=\"2056\" data-end=\"2177\">Discover other pieces from the Holiday Collection in the <a href=\"https:\/\/www.perce-verre.com\/en\/products\/decoration-en\/ornament\/\">Ornaments category .<\/a><\/p>\n<p data-start=\"2056\" data-end=\"2177\">To find out more about designer St\u00e9phanie B\u00e9land, <a href=\"https:\/\/www.perce-verre.com\/en\/about-us\/\">click here.<\/a> Follow us on our social networks for news, videos and behind-the-scenes looks at our creations.<a href=\"https:\/\/www.facebook.com\/perceverre\/\">(Facebook<\/a>, <a href=\"https:\/\/www.instagram.com\/perceverre\/\">Instagram<\/a>)<\/p>\n","protected":false},"excerpt":{"rendered":"<p>Qu\u00e9bec-made fused glass gnome ornament &#8211; A handcrafted creation rooted in holiday traditions. Available in September 2026. <\/p>\n","protected":false},"featured_media":16563,"comment_status":"open","ping_status":"closed","template":"","meta":[],"product_brand":[],"product_cat":[545,807],"product_tag":[1537,1538,1539,1555,1534,1022,984,1536,1554,1353,1535,1138,1533,989],"giftcard-category":[],"class_list":{"0":"post-16444","1":"product","2":"type-product","3":"status-publish","4":"has-post-thumbnail","6":"product_cat-decoration-en","7":"product_cat-ornament-holiday-collection-glass-quebec","8":"product_tag-art-verrier-quebec","9":"product_tag-christmas-decoration","10":"product_tag-christmas-gift-idea","11":"product_tag-christmas-gnome","12":"product_tag-christmas-ornaments","13":"product_tag-craft-creation","14":"product_tag-fused-glass","15":"product_tag-fused-glass-ornament","16":"product_tag-gnome-ornament","17":"product_tag-handmade-gift-quebec","18":"product_tag-holiday-collection","19":"product_tag-made-in-quebec","20":"product_tag-ornament","21":"product_tag-perce-verre-en","23":"first","24":"outofstock","25":"taxable","26":"shipping-taxable","27":"purchasable","28":"product-type-simple"},"yoast_head":"<!-- This site is optimized with the Yoast SEO plugin v27.4 - https:\/\/yoast.com\/product\/yoast-seo-wordpress\/ -->\n<title>Gnome ornament in fused glass made in Quebec | Perc\u00e9-Verre<\/title>\n<meta name=\"description\" content=\"Gnome ornament in fused glass made in Quebec. Original, handcrafted creation by Perc\u00e9-Verre. Free delivery in Canada.\" \/>\n<meta name=\"robots\" content=\"index, follow, max-snippet:-1, max-image-preview:large, max-video-preview:-1\" \/>\n<link rel=\"canonical\" href=\"https:\/\/www.perce-verre.com\/en\/product\/le-gnome-holiday-collection\/\" \/>\n<meta property=\"og:locale\" content=\"en_US\" \/>\n<meta property=\"og:type\" content=\"article\" \/>\n<meta property=\"og:title\" content=\"Gnome ornament in fused glass made in Quebec | Perc\u00e9-Verre\" \/>\n<meta property=\"og:description\" content=\"Gnome ornament in fused glass made in Quebec. Original, handcrafted creation by Perc\u00e9-Verre. Free delivery in Canada.\" \/>\n<meta property=\"og:url\" content=\"https:\/\/www.perce-verre.com\/en\/product\/le-gnome-holiday-collection\/\" \/>\n<meta property=\"og:site_name\" content=\"Perc\u00e9-Verre\" \/>\n<meta property=\"article:modified_time\" content=\"2026-03-03T16:54:18+00:00\" \/>\n<meta property=\"og:image\" content=\"https:\/\/www.perce-verre.com\/wp-content\/uploads\/2026\/03\/ornement-gnome-verre-fusionne-quebec-perce-verre-1.jpg\" \/>\n\t<meta property=\"og:image:width\" content=\"900\" \/>\n\t<meta property=\"og:image:height\" content=\"630\" \/>\n\t<meta property=\"og:image:type\" content=\"image\/jpeg\" \/>\n<meta name=\"twitter:card\" content=\"summary_large_image\" \/>\n<meta name=\"twitter:label1\" content=\"Est. reading time\" \/>\n\t<meta name=\"twitter:data1\" content=\"2 minutes\" \/>\n<script type=\"application\/ld+json\" class=\"yoast-schema-graph\">{\"@context\":\"https:\\\/\\\/schema.org\",\"@graph\":[{\"@type\":\"WebPage\",\"@id\":\"https:\\\/\\\/www.perce-verre.com\\\/en\\\/product\\\/le-gnome-holiday-collection\\\/\",\"url\":\"https:\\\/\\\/www.perce-verre.com\\\/en\\\/product\\\/le-gnome-holiday-collection\\\/\",\"name\":\"Gnome ornament in fused glass made in Quebec | Perc\u00e9-Verre\",\"isPartOf\":{\"@id\":\"https:\\\/\\\/www.perce-verre.com\\\/en\\\/#website\"},\"primaryImageOfPage\":{\"@id\":\"https:\\\/\\\/www.perce-verre.com\\\/en\\\/product\\\/le-gnome-holiday-collection\\\/#primaryimage\"},\"image\":{\"@id\":\"https:\\\/\\\/www.perce-verre.com\\\/en\\\/product\\\/le-gnome-holiday-collection\\\/#primaryimage\"},\"thumbnailUrl\":\"https:\\\/\\\/www.perce-verre.com\\\/wp-content\\\/uploads\\\/2026\\\/03\\\/ornement-gnome-verre-fusionne-quebec-perce-verre-3.jpg\",\"datePublished\":\"2026-03-02T22:19:45+00:00\",\"dateModified\":\"2026-03-03T16:54:18+00:00\",\"description\":\"Gnome ornament in fused glass made in Quebec. Original, handcrafted creation by Perc\u00e9-Verre. Free delivery in Canada.\",\"breadcrumb\":{\"@id\":\"https:\\\/\\\/www.perce-verre.com\\\/en\\\/product\\\/le-gnome-holiday-collection\\\/#breadcrumb\"},\"inLanguage\":\"en-US\",\"potentialAction\":[{\"@type\":\"ReadAction\",\"target\":[\"https:\\\/\\\/www.perce-verre.com\\\/en\\\/product\\\/le-gnome-holiday-collection\\\/\"]}]},{\"@type\":\"ImageObject\",\"inLanguage\":\"en-US\",\"@id\":\"https:\\\/\\\/www.perce-verre.com\\\/en\\\/product\\\/le-gnome-holiday-collection\\\/#primaryimage\",\"url\":\"https:\\\/\\\/www.perce-verre.com\\\/wp-content\\\/uploads\\\/2026\\\/03\\\/ornement-gnome-verre-fusionne-quebec-perce-verre-3.jpg\",\"contentUrl\":\"https:\\\/\\\/www.perce-verre.com\\\/wp-content\\\/uploads\\\/2026\\\/03\\\/ornement-gnome-verre-fusionne-quebec-perce-verre-3.jpg\",\"width\":900,\"height\":630,\"caption\":\"Ornement gnome de No\u00ebl en verre fusionn\u00e9 fait au Qu\u00e9bec \u2013 Perc\u00e9-Verre\"},{\"@type\":\"BreadcrumbList\",\"@id\":\"https:\\\/\\\/www.perce-verre.com\\\/en\\\/product\\\/le-gnome-holiday-collection\\\/#breadcrumb\",\"itemListElement\":[{\"@type\":\"ListItem\",\"position\":1,\"name\":\"Accueil\",\"item\":\"https:\\\/\\\/www.perce-verre.com\\\/en\\\/\"},{\"@type\":\"ListItem\",\"position\":2,\"name\":\"Store\",\"item\":\"https:\\\/\\\/www.perce-verre.com\\\/en\\\/shop\\\/\"},{\"@type\":\"ListItem\",\"position\":3,\"name\":\"The Christmas Gnome &#8211; Holiday Collection\"}]},{\"@type\":\"WebSite\",\"@id\":\"https:\\\/\\\/www.perce-verre.com\\\/en\\\/#website\",\"url\":\"https:\\\/\\\/www.perce-verre.com\\\/en\\\/\",\"name\":\"Perc\u00e9-Verre\",\"description\":\"Cadeaux uniques et des cr\u00e9ations qu\u00e9b\u00e9coises\",\"potentialAction\":[{\"@type\":\"SearchAction\",\"target\":{\"@type\":\"EntryPoint\",\"urlTemplate\":\"https:\\\/\\\/www.perce-verre.com\\\/en\\\/?s={search_term_string}\"},\"query-input\":{\"@type\":\"PropertyValueSpecification\",\"valueRequired\":true,\"valueName\":\"search_term_string\"}}],\"inLanguage\":\"en-US\"}]}<\/script>\n<!-- \/ Yoast SEO plugin. -->","yoast_head_json":{"title":"Gnome ornament in fused glass made in Quebec | Perc\u00e9-Verre","description":"Gnome ornament in fused glass made in Quebec. Original, handcrafted creation by Perc\u00e9-Verre. Free delivery in Canada.","robots":{"index":"index","follow":"follow","max-snippet":"max-snippet:-1","max-image-preview":"max-image-preview:large","max-video-preview":"max-video-preview:-1"},"canonical":"https:\/\/www.perce-verre.com\/en\/product\/le-gnome-holiday-collection\/","og_locale":"en_US","og_type":"article","og_title":"Gnome ornament in fused glass made in Quebec | Perc\u00e9-Verre","og_description":"Gnome ornament in fused glass made in Quebec. Original, handcrafted creation by Perc\u00e9-Verre. Free delivery in Canada.","og_url":"https:\/\/www.perce-verre.com\/en\/product\/le-gnome-holiday-collection\/","og_site_name":"Perc\u00e9-Verre","article_modified_time":"2026-03-03T16:54:18+00:00","og_image":[{"width":900,"height":630,"url":"https:\/\/www.perce-verre.com\/wp-content\/uploads\/2026\/03\/ornement-gnome-verre-fusionne-quebec-perce-verre-1.jpg","type":"image\/jpeg"}],"twitter_card":"summary_large_image","twitter_misc":{"Est. reading time":"2 minutes"},"schema":{"@context":"https:\/\/schema.org","@graph":[{"@type":"WebPage","@id":"https:\/\/www.perce-verre.com\/en\/product\/le-gnome-holiday-collection\/","url":"https:\/\/www.perce-verre.com\/en\/product\/le-gnome-holiday-collection\/","name":"Gnome ornament in fused glass made in Quebec | Perc\u00e9-Verre","isPartOf":{"@id":"https:\/\/www.perce-verre.com\/en\/#website"},"primaryImageOfPage":{"@id":"https:\/\/www.perce-verre.com\/en\/product\/le-gnome-holiday-collection\/#primaryimage"},"image":{"@id":"https:\/\/www.perce-verre.com\/en\/product\/le-gnome-holiday-collection\/#primaryimage"},"thumbnailUrl":"https:\/\/www.perce-verre.com\/wp-content\/uploads\/2026\/03\/ornement-gnome-verre-fusionne-quebec-perce-verre-3.jpg","datePublished":"2026-03-02T22:19:45+00:00","dateModified":"2026-03-03T16:54:18+00:00","description":"Gnome ornament in fused glass made in Quebec. Original, handcrafted creation by Perc\u00e9-Verre. Free delivery in Canada.","breadcrumb":{"@id":"https:\/\/www.perce-verre.com\/en\/product\/le-gnome-holiday-collection\/#breadcrumb"},"inLanguage":"en-US","potentialAction":[{"@type":"ReadAction","target":["https:\/\/www.perce-verre.com\/en\/product\/le-gnome-holiday-collection\/"]}]},{"@type":"ImageObject","inLanguage":"en-US","@id":"https:\/\/www.perce-verre.com\/en\/product\/le-gnome-holiday-collection\/#primaryimage","url":"https:\/\/www.perce-verre.com\/wp-content\/uploads\/2026\/03\/ornement-gnome-verre-fusionne-quebec-perce-verre-3.jpg","contentUrl":"https:\/\/www.perce-verre.com\/wp-content\/uploads\/2026\/03\/ornement-gnome-verre-fusionne-quebec-perce-verre-3.jpg","width":900,"height":630,"caption":"Ornement gnome de No\u00ebl en verre fusionn\u00e9 fait au Qu\u00e9bec \u2013 Perc\u00e9-Verre"},{"@type":"BreadcrumbList","@id":"https:\/\/www.perce-verre.com\/en\/product\/le-gnome-holiday-collection\/#breadcrumb","itemListElement":[{"@type":"ListItem","position":1,"name":"Accueil","item":"https:\/\/www.perce-verre.com\/en\/"},{"@type":"ListItem","position":2,"name":"Store","item":"https:\/\/www.perce-verre.com\/en\/shop\/"},{"@type":"ListItem","position":3,"name":"The Christmas Gnome &#8211; Holiday Collection"}]},{"@type":"WebSite","@id":"https:\/\/www.perce-verre.com\/en\/#website","url":"https:\/\/www.perce-verre.com\/en\/","name":"Perc\u00e9-Verre","description":"Cadeaux uniques et des cr\u00e9ations qu\u00e9b\u00e9coises","potentialAction":[{"@type":"SearchAction","target":{"@type":"EntryPoint","urlTemplate":"https:\/\/www.perce-verre.com\/en\/?s={search_term_string}"},"query-input":{"@type":"PropertyValueSpecification","valueRequired":true,"valueName":"search_term_string"}}],"inLanguage":"en-US"}]}},"wcpa_form_fields":null,"_links":{"self":[{"href":"https:\/\/www.perce-verre.com\/en\/wp-json\/wp\/v2\/product\/16444","targetHints":{"allow":["GET"]}}],"collection":[{"href":"https:\/\/www.perce-verre.com\/en\/wp-json\/wp\/v2\/product"}],"about":[{"href":"https:\/\/www.perce-verre.com\/en\/wp-json\/wp\/v2\/types\/product"}],"replies":[{"embeddable":true,"href":"https:\/\/www.perce-verre.com\/en\/wp-json\/wp\/v2\/comments?post=16444"}],"wp:featuredmedia":[{"embeddable":true,"href":"https:\/\/www.perce-verre.com\/en\/wp-json\/wp\/v2\/media\/16563"}],"wp:attachment":[{"href":"https:\/\/www.perce-verre.com\/en\/wp-json\/wp\/v2\/media?parent=16444"}],"wp:term":[{"taxonomy":"product_brand","embeddable":true,"href":"https:\/\/www.perce-verre.com\/en\/wp-json\/wp\/v2\/product_brand?post=16444"},{"taxonomy":"product_cat","embeddable":true,"href":"https:\/\/www.perce-verre.com\/en\/wp-json\/wp\/v2\/product_cat?post=16444"},{"taxonomy":"product_tag","embeddable":true,"href":"https:\/\/www.perce-verre.com\/en\/wp-json\/wp\/v2\/product_tag?post=16444"},{"taxonomy":"giftcard-category","embeddable":true,"href":"https:\/\/www.perce-verre.com\/en\/wp-json\/wp\/v2\/giftcard-category?post=16444"}],"curies":[{"name":"wp","href":"https:\/\/api.w.org\/{rel}","templated":true}]}}