{"id":16447,"date":"2026-03-02T17:44:12","date_gmt":"2026-03-02T22:44:12","guid":{"rendered":"https:\/\/www.perce-verre.com\/produit\/le-cardinal-holiday-collection\/"},"modified":"2026-03-03T11:51:30","modified_gmt":"2026-03-03T16:51:30","slug":"le-cardinal-holiday-collection","status":"publish","type":"product","link":"https:\/\/www.perce-verre.com\/en\/product\/le-cardinal-holiday-collection\/","title":{"rendered":"The Cardinal &#8211; Holiday Collection"},"content":{"rendered":"<h2>Cardinal fused glass ornament made in Quebec &#8211; Le Cardinal<\/h2>\n<p>This <strong>Quebec-made fused glass cardinal ornament<\/strong> is part of the Perc\u00e9-Verre Holiday Collection. A symbol of remembrance, subtle presence and lasting beauty, it evokes those precious moments that mark the heart and never really fade away. <\/p>\n<h3>\u2728 Its history<\/h3>\n<p><em>The cardinal<\/em><br \/>\nWhen the cardinal appears, memories are never far away. He brings with him moments lived, laughter, and traces left in the heart. He leaves discreetly&#8230; as if he&#8217;d done nothing. But the beauty remains.   <\/p>\n<p>Every detail of this Quebec-made fused glass cardinal ornament is shaped by hand in my workshop. I meticulously cut, superimpose and assemble the glass pieces before placing them in the kiln. The controlled heat <strong>fuses the glass<\/strong>, uniting the colors and revealing their depth. This is not blown glass, but a handcrafted fusing process, carried out piece by piece with precision.   <\/p>\n<p>With its vibrant red hue and elegant silhouette, the cardinal naturally draws the eye to the tree. However, beyond its visual beauty, it becomes a delicate symbol: of invisible ties, precious memories and presences that continue to watch over us in other ways. What&#8217;s more, each ornament is accompanied by a printed card bearing its story, to be treasured year after year.  <\/p>\n<p><strong>Note:<\/strong> The images shown here are workshop prototypes. The final version will be optimized both in terms of the anodized aluminum and the precision of the glass parts for a perfectly harmonious look. <\/p>\n<h3>Features of the Quebec-made fused glass cardinal ornament<\/h3>\n<ul>\n<li>Fused glass handcrafted in Qu\u00e9bec<\/li>\n<li>Anodized aluminum frame<\/li>\n<li>Approximate size: 3.25 x 3.25 inches (8.2 x 8.2 cm)<\/li>\n<li>Includes printed cardboard description<\/li>\n<li>Handcrafted creation by Perc\u00e9-Verre<\/li>\n<li>Production in limited quantities<\/li>\n<\/ul>\n<h3>\u2764\ufe0f Handcrafted in Quebec<\/h3>\n<p>Each Perc\u00e9-Verre ornament is designed and crafted in my Quebec studio. No industrial processes &#8211; just fusion, glass and the passion of a Quebec glass artist. <\/p>\n<p>A heart-warming sparkle from Perc\u00e9-Verre.<\/p>\n<p>&nbsp;<\/p>\n<p data-start=\"2056\" data-end=\"2177\">Discover other pieces from the Holiday Collection in the <a href=\"https:\/\/www.perce-verre.com\/en\/products\/decoration-en\/ornament\/\">Ornaments category .<\/a><\/p>\n<p data-start=\"2056\" data-end=\"2177\">To find out more about designer St\u00e9phanie B\u00e9land, <a href=\"https:\/\/www.perce-verre.com\/en\/about-us\/\">click here.<\/a> Follow us on our social networks for news, videos and behind-the-scenes looks at our creations.<a href=\"https:\/\/www.facebook.com\/perceverre\/\">(Facebook<\/a>, <a href=\"https:\/\/www.instagram.com\/perceverre\/\">Instagram<\/a>)<\/p>\n","protected":false},"excerpt":{"rendered":"<p>Cardinal ornament in fused glass made in Quebec &#8211; A handcrafted creation symbolizing memories and presence. Available in September 2026. <\/p>\n","protected":false},"featured_media":16549,"comment_status":"open","ping_status":"closed","template":"","meta":[],"product_brand":[],"product_cat":[545,807],"product_tag":[1537,1560,1561,1538,1539,1534,1022,984,1536,1353,1535,1138,1533,989],"giftcard-category":[],"class_list":{"0":"post-16447","1":"product","2":"type-product","3":"status-publish","4":"has-post-thumbnail","6":"product_cat-decoration-en","7":"product_cat-ornament-holiday-collection-glass-quebec","8":"product_tag-art-verrier-quebec","9":"product_tag-cardinal-ornament","10":"product_tag-cardinal-red","11":"product_tag-christmas-decoration","12":"product_tag-christmas-gift-idea","13":"product_tag-christmas-ornaments","14":"product_tag-craft-creation","15":"product_tag-fused-glass","16":"product_tag-fused-glass-ornament","17":"product_tag-handmade-gift-quebec","18":"product_tag-holiday-collection","19":"product_tag-made-in-quebec","20":"product_tag-ornament","21":"product_tag-perce-verre-en","23":"first","24":"outofstock","25":"taxable","26":"shipping-taxable","27":"purchasable","28":"product-type-simple"},"yoast_head":"<!-- This site is optimized with the Yoast SEO plugin v27.4 - https:\/\/yoast.com\/product\/yoast-seo-wordpress\/ -->\n<title>Cardinal ornament in fused glass made in Quebec | Perc\u00e9-Verre<\/title>\n<meta name=\"description\" content=\"Cardinal ornament in fused glass made in Quebec. Handcrafted by Perc\u00e9-Verre. Free delivery in Canada.\" \/>\n<meta name=\"robots\" content=\"index, follow, max-snippet:-1, max-image-preview:large, max-video-preview:-1\" \/>\n<link rel=\"canonical\" href=\"https:\/\/www.perce-verre.com\/en\/product\/le-cardinal-holiday-collection\/\" \/>\n<meta property=\"og:locale\" content=\"en_US\" \/>\n<meta property=\"og:type\" content=\"article\" \/>\n<meta property=\"og:title\" content=\"Cardinal ornament in fused glass made in Quebec | Perc\u00e9-Verre\" \/>\n<meta property=\"og:description\" content=\"Cardinal ornament in fused glass made in Quebec. Handcrafted by Perc\u00e9-Verre. Free delivery in Canada.\" \/>\n<meta property=\"og:url\" content=\"https:\/\/www.perce-verre.com\/en\/product\/le-cardinal-holiday-collection\/\" \/>\n<meta property=\"og:site_name\" content=\"Perc\u00e9-Verre\" \/>\n<meta property=\"article:modified_time\" content=\"2026-03-03T16:51:30+00:00\" \/>\n<meta property=\"og:image\" content=\"https:\/\/www.perce-verre.com\/wp-content\/uploads\/2026\/03\/ornement-cardinal-verre-fusionne-quebec-perce-verre-1.jpg\" \/>\n\t<meta property=\"og:image:width\" content=\"900\" \/>\n\t<meta property=\"og:image:height\" content=\"630\" \/>\n\t<meta property=\"og:image:type\" content=\"image\/jpeg\" \/>\n<meta name=\"twitter:card\" content=\"summary_large_image\" \/>\n<meta name=\"twitter:label1\" content=\"Est. reading time\" \/>\n\t<meta name=\"twitter:data1\" content=\"2 minutes\" \/>\n<script type=\"application\/ld+json\" class=\"yoast-schema-graph\">{\"@context\":\"https:\\\/\\\/schema.org\",\"@graph\":[{\"@type\":\"WebPage\",\"@id\":\"https:\\\/\\\/www.perce-verre.com\\\/en\\\/product\\\/le-cardinal-holiday-collection\\\/\",\"url\":\"https:\\\/\\\/www.perce-verre.com\\\/en\\\/product\\\/le-cardinal-holiday-collection\\\/\",\"name\":\"Cardinal ornament in fused glass made in Quebec | Perc\u00e9-Verre\",\"isPartOf\":{\"@id\":\"https:\\\/\\\/www.perce-verre.com\\\/en\\\/#website\"},\"primaryImageOfPage\":{\"@id\":\"https:\\\/\\\/www.perce-verre.com\\\/en\\\/product\\\/le-cardinal-holiday-collection\\\/#primaryimage\"},\"image\":{\"@id\":\"https:\\\/\\\/www.perce-verre.com\\\/en\\\/product\\\/le-cardinal-holiday-collection\\\/#primaryimage\"},\"thumbnailUrl\":\"https:\\\/\\\/www.perce-verre.com\\\/wp-content\\\/uploads\\\/2026\\\/03\\\/ornement-cardinal-verre-fusionne-quebec-perce-verre-3.jpg\",\"datePublished\":\"2026-03-02T22:44:12+00:00\",\"dateModified\":\"2026-03-03T16:51:30+00:00\",\"description\":\"Cardinal ornament in fused glass made in Quebec. Handcrafted by Perc\u00e9-Verre. Free delivery in Canada.\",\"breadcrumb\":{\"@id\":\"https:\\\/\\\/www.perce-verre.com\\\/en\\\/product\\\/le-cardinal-holiday-collection\\\/#breadcrumb\"},\"inLanguage\":\"en-US\",\"potentialAction\":[{\"@type\":\"ReadAction\",\"target\":[\"https:\\\/\\\/www.perce-verre.com\\\/en\\\/product\\\/le-cardinal-holiday-collection\\\/\"]}]},{\"@type\":\"ImageObject\",\"inLanguage\":\"en-US\",\"@id\":\"https:\\\/\\\/www.perce-verre.com\\\/en\\\/product\\\/le-cardinal-holiday-collection\\\/#primaryimage\",\"url\":\"https:\\\/\\\/www.perce-verre.com\\\/wp-content\\\/uploads\\\/2026\\\/03\\\/ornement-cardinal-verre-fusionne-quebec-perce-verre-3.jpg\",\"contentUrl\":\"https:\\\/\\\/www.perce-verre.com\\\/wp-content\\\/uploads\\\/2026\\\/03\\\/ornement-cardinal-verre-fusionne-quebec-perce-verre-3.jpg\",\"width\":900,\"height\":630,\"caption\":\"Ornement cardinal rouge en verre fusionn\u00e9 fait au Qu\u00e9bec \u2013 Perc\u00e9-Verre\"},{\"@type\":\"BreadcrumbList\",\"@id\":\"https:\\\/\\\/www.perce-verre.com\\\/en\\\/product\\\/le-cardinal-holiday-collection\\\/#breadcrumb\",\"itemListElement\":[{\"@type\":\"ListItem\",\"position\":1,\"name\":\"Accueil\",\"item\":\"https:\\\/\\\/www.perce-verre.com\\\/en\\\/\"},{\"@type\":\"ListItem\",\"position\":2,\"name\":\"Store\",\"item\":\"https:\\\/\\\/www.perce-verre.com\\\/en\\\/shop\\\/\"},{\"@type\":\"ListItem\",\"position\":3,\"name\":\"The Cardinal &#8211; Holiday Collection\"}]},{\"@type\":\"WebSite\",\"@id\":\"https:\\\/\\\/www.perce-verre.com\\\/en\\\/#website\",\"url\":\"https:\\\/\\\/www.perce-verre.com\\\/en\\\/\",\"name\":\"Perc\u00e9-Verre\",\"description\":\"Cadeaux uniques et des cr\u00e9ations qu\u00e9b\u00e9coises\",\"potentialAction\":[{\"@type\":\"SearchAction\",\"target\":{\"@type\":\"EntryPoint\",\"urlTemplate\":\"https:\\\/\\\/www.perce-verre.com\\\/en\\\/?s={search_term_string}\"},\"query-input\":{\"@type\":\"PropertyValueSpecification\",\"valueRequired\":true,\"valueName\":\"search_term_string\"}}],\"inLanguage\":\"en-US\"}]}<\/script>\n<!-- \/ Yoast SEO plugin. -->","yoast_head_json":{"title":"Cardinal ornament in fused glass made in Quebec | Perc\u00e9-Verre","description":"Cardinal ornament in fused glass made in Quebec. Handcrafted by Perc\u00e9-Verre. Free delivery in Canada.","robots":{"index":"index","follow":"follow","max-snippet":"max-snippet:-1","max-image-preview":"max-image-preview:large","max-video-preview":"max-video-preview:-1"},"canonical":"https:\/\/www.perce-verre.com\/en\/product\/le-cardinal-holiday-collection\/","og_locale":"en_US","og_type":"article","og_title":"Cardinal ornament in fused glass made in Quebec | Perc\u00e9-Verre","og_description":"Cardinal ornament in fused glass made in Quebec. Handcrafted by Perc\u00e9-Verre. Free delivery in Canada.","og_url":"https:\/\/www.perce-verre.com\/en\/product\/le-cardinal-holiday-collection\/","og_site_name":"Perc\u00e9-Verre","article_modified_time":"2026-03-03T16:51:30+00:00","og_image":[{"width":900,"height":630,"url":"https:\/\/www.perce-verre.com\/wp-content\/uploads\/2026\/03\/ornement-cardinal-verre-fusionne-quebec-perce-verre-1.jpg","type":"image\/jpeg"}],"twitter_card":"summary_large_image","twitter_misc":{"Est. reading time":"2 minutes"},"schema":{"@context":"https:\/\/schema.org","@graph":[{"@type":"WebPage","@id":"https:\/\/www.perce-verre.com\/en\/product\/le-cardinal-holiday-collection\/","url":"https:\/\/www.perce-verre.com\/en\/product\/le-cardinal-holiday-collection\/","name":"Cardinal ornament in fused glass made in Quebec | Perc\u00e9-Verre","isPartOf":{"@id":"https:\/\/www.perce-verre.com\/en\/#website"},"primaryImageOfPage":{"@id":"https:\/\/www.perce-verre.com\/en\/product\/le-cardinal-holiday-collection\/#primaryimage"},"image":{"@id":"https:\/\/www.perce-verre.com\/en\/product\/le-cardinal-holiday-collection\/#primaryimage"},"thumbnailUrl":"https:\/\/www.perce-verre.com\/wp-content\/uploads\/2026\/03\/ornement-cardinal-verre-fusionne-quebec-perce-verre-3.jpg","datePublished":"2026-03-02T22:44:12+00:00","dateModified":"2026-03-03T16:51:30+00:00","description":"Cardinal ornament in fused glass made in Quebec. Handcrafted by Perc\u00e9-Verre. Free delivery in Canada.","breadcrumb":{"@id":"https:\/\/www.perce-verre.com\/en\/product\/le-cardinal-holiday-collection\/#breadcrumb"},"inLanguage":"en-US","potentialAction":[{"@type":"ReadAction","target":["https:\/\/www.perce-verre.com\/en\/product\/le-cardinal-holiday-collection\/"]}]},{"@type":"ImageObject","inLanguage":"en-US","@id":"https:\/\/www.perce-verre.com\/en\/product\/le-cardinal-holiday-collection\/#primaryimage","url":"https:\/\/www.perce-verre.com\/wp-content\/uploads\/2026\/03\/ornement-cardinal-verre-fusionne-quebec-perce-verre-3.jpg","contentUrl":"https:\/\/www.perce-verre.com\/wp-content\/uploads\/2026\/03\/ornement-cardinal-verre-fusionne-quebec-perce-verre-3.jpg","width":900,"height":630,"caption":"Ornement cardinal rouge en verre fusionn\u00e9 fait au Qu\u00e9bec \u2013 Perc\u00e9-Verre"},{"@type":"BreadcrumbList","@id":"https:\/\/www.perce-verre.com\/en\/product\/le-cardinal-holiday-collection\/#breadcrumb","itemListElement":[{"@type":"ListItem","position":1,"name":"Accueil","item":"https:\/\/www.perce-verre.com\/en\/"},{"@type":"ListItem","position":2,"name":"Store","item":"https:\/\/www.perce-verre.com\/en\/shop\/"},{"@type":"ListItem","position":3,"name":"The Cardinal &#8211; Holiday Collection"}]},{"@type":"WebSite","@id":"https:\/\/www.perce-verre.com\/en\/#website","url":"https:\/\/www.perce-verre.com\/en\/","name":"Perc\u00e9-Verre","description":"Cadeaux uniques et des cr\u00e9ations qu\u00e9b\u00e9coises","potentialAction":[{"@type":"SearchAction","target":{"@type":"EntryPoint","urlTemplate":"https:\/\/www.perce-verre.com\/en\/?s={search_term_string}"},"query-input":{"@type":"PropertyValueSpecification","valueRequired":true,"valueName":"search_term_string"}}],"inLanguage":"en-US"}]}},"wcpa_form_fields":null,"_links":{"self":[{"href":"https:\/\/www.perce-verre.com\/en\/wp-json\/wp\/v2\/product\/16447","targetHints":{"allow":["GET"]}}],"collection":[{"href":"https:\/\/www.perce-verre.com\/en\/wp-json\/wp\/v2\/product"}],"about":[{"href":"https:\/\/www.perce-verre.com\/en\/wp-json\/wp\/v2\/types\/product"}],"replies":[{"embeddable":true,"href":"https:\/\/www.perce-verre.com\/en\/wp-json\/wp\/v2\/comments?post=16447"}],"wp:featuredmedia":[{"embeddable":true,"href":"https:\/\/www.perce-verre.com\/en\/wp-json\/wp\/v2\/media\/16549"}],"wp:attachment":[{"href":"https:\/\/www.perce-verre.com\/en\/wp-json\/wp\/v2\/media?parent=16447"}],"wp:term":[{"taxonomy":"product_brand","embeddable":true,"href":"https:\/\/www.perce-verre.com\/en\/wp-json\/wp\/v2\/product_brand?post=16447"},{"taxonomy":"product_cat","embeddable":true,"href":"https:\/\/www.perce-verre.com\/en\/wp-json\/wp\/v2\/product_cat?post=16447"},{"taxonomy":"product_tag","embeddable":true,"href":"https:\/\/www.perce-verre.com\/en\/wp-json\/wp\/v2\/product_tag?post=16447"},{"taxonomy":"giftcard-category","embeddable":true,"href":"https:\/\/www.perce-verre.com\/en\/wp-json\/wp\/v2\/giftcard-category?post=16447"}],"curies":[{"name":"wp","href":"https:\/\/api.w.org\/{rel}","templated":true}]}}