{"id":16484,"date":"2026-03-12T10:08:28","date_gmt":"2026-03-12T14:08:28","guid":{"rendered":"https:\/\/www.perce-verre.com\/?post_type=product&#038;p=16484"},"modified":"2026-03-18T08:49:05","modified_gmt":"2026-03-18T12:49:05","slug":"carte-souhaits-raton-laveur-lupin","status":"publish","type":"product","link":"https:\/\/www.perce-verre.com\/en\/product\/carte-souhaits-raton-laveur-lupin\/","title":{"rendered":"Lupin \u2014 Carte de souhaits"},"content":{"rendered":"<h1>Lupin \u2014 Carte de souhaits<\/h1>\n<p>La<strong> carte de souhaits raton laveur \u00ab Lupin \u00bb<\/strong> nous entra\u00eene dans une ruelle color\u00e9e&#8230; remplie de lumi\u00e8re et de myst\u00e8re. Avec son bouquet de fleurs \u00e0 la main et son air un peu coquin, il nous rappelle que les plus belles surprises arrivent souvent l\u00e0 o\u00f9 on ne les attend pas.<\/p>\n<h2>Une carte de souhaits raton laveur Lupin, pleine de charme<\/h2>\n<p>Cette <strong>carte de souhaits artistique sign\u00e9e Perc\u00e9\u2011Verre<\/strong> est inspir\u00e9e de l\u2019univers cr\u00e9atif de l\u2019artiste verri\u00e8re qu\u00e9b\u00e9coise St\u00e9phanie B\u00e9land. M\u00eame si l\u2019\u0153uvre originale est r\u00e9alis\u00e9e en verre fusionn\u00e9, cette illustration conserve toute la po\u00e9sie, la couleur et la lumi\u00e8re qui caract\u00e9risent les cr\u00e9ations Perc\u00e9\u2011Verre.<\/p>\n<p>Lupin marche doucement dans une ruelle urbaine baign\u00e9e de couleurs douces. Quelques p\u00e9tales tombent au sol, comme une trace de tendresse laiss\u00e9e derri\u00e8re lui. Est\u2011ce qu\u2019il vient offrir des fleurs\u2026 ou en voler quelques\u2011unes pour quelqu\u2019un qu\u2019il aime\u202f? \u00c0 vous d\u2019inventer l\u2019histoire.<\/p>\n<h3>Une carte de souhaits &#8220;raton laveur&#8221; faite au Qu\u00e9bec<\/h3>\n<p>Parfaite pour accompagner un cadeau, souligner un anniversaire, envoyer un mot doux ou simplement faire sourire quelqu\u2019un, cette carte ajoute une touche d\u2019<strong>art et d\u2019\u00e9motion faite au Qu\u00e9bec<\/strong>.<\/p>\n<h3>D\u00e9tails du produit de la carte de souhaits raton laveur<\/h3>\n<ul>\n<li>Carte de souhaits artistique<\/li>\n<li>Illustration inspir\u00e9e de l\u2019\u0153uvre <a href=\"https:\/\/www.perce-verre.com\/produit\/lupin-raton-laveur-en-verre-fusionne\/\">Lupin<\/a><\/li>\n<li>Cr\u00e9ation sign\u00e9e Perc\u00e9\u2011Verre, Qu\u00e9bec<\/li>\n<li>Int\u00e9rieur vierge pour votre message<\/li>\n<li>Enveloppe incluse<\/li>\n<\/ul>\n<h3>Inspiration<\/h3>\n<p>Chez Perc\u00e9\u2011Verre, chaque cr\u00e9ation raconte une petite histoire. Lupin incarne l\u2019espi\u00e8glerie, la curiosit\u00e9 et la beaut\u00e9 des rencontres inattendues. Un personnage attachant qui nous rappelle que la douceur et l\u2019humour trouvent toujours leur chemin\u2026 m\u00eame au d\u00e9tour d\u2019une ruelle.<\/p>\n<h3>Un petit \u00e9clat d\u2019art \u00e0 partager<\/h3>\n<p>Offrir une carte Perc\u00e9\u2011Verre, c\u2019est partager un instant de lumi\u00e8re et d\u2019\u00e9motion. Une petite \u0153uvre \u00e0 envoyer par la poste ou \u00e0 glisser dans un cadeau, pour faire briller les yeux de quelqu\u2019un.<\/p>\n<p><em>Parce qu\u2019au bout du feu\u2026 brille toujours la beaut\u00e9.<\/em><\/p>\n<h3 class=\"fusion-responsive-typography-calculated\" data-fontsize=\"25\" data-lineheight=\"34px\">Inspiration de l&#8217;\u0153uvre originale en verre fusionn\u00e9 &#8220;Lupin&#8221;:<\/h3>\n<p>Lupin s\u2019inspire de la dualit\u00e9 entre les origines modestes et l\u2019\u00e9l\u00e9gance choisie, entre le d\u00e9faut assum\u00e9 et la beaut\u00e9 du geste. Ce raton laveur en verre fusionn\u00e9 symbolise la g\u00e9n\u00e9rosit\u00e9 imparfaite, la d\u00e9licatesse et la question qui parfume les bonnes intentions.<\/p>\n<p>\ud83d\udc49\u00a0<em data-start=\"2761\" data-end=\"2846\">Le\u00a0<a href=\"https:\/\/fr.wikipedia.org\/wiki\/Raton_laveur\">raton laveur<\/a>\u00a0est souvent per\u00e7u comme un symbole d\u2019adaptabilit\u00e9 et d\u2019ing\u00e9niosit\u00e9<\/em><\/p>\n<p>&nbsp;<\/p>\n<h3>D\u00e9couvrez aussi toute la collection de<a href=\"https:\/\/www.perce-verre.com\/produits\/accessoires\/carte-de-souhaits\/\"> cartes de souhaits artistiques<\/a> Perc\u00e9-Verre, illustr\u00e9es avec po\u00e9sie et faites au Qu\u00e9bec.<\/h3>\n<p data-start=\"2340\" data-end=\"2461\">\ud83d\udc49\u00a0<em data-start=\"2363\" data-end=\"2417\">D\u00e9couvrir la\u00a0<a href=\"https:\/\/www.perce-verre.com\/produits\/decoration\/collection-animaliere\/\">collection animali\u00e8re en verre fusion<\/a><\/em><br data-start=\"2417\" data-end=\"2420\" \/>\ud83d\udc49\u00a0<em data-start=\"2515\" data-end=\"2557\">En savoir plus sur l\u2019<a href=\"https:\/\/www.perce-verre.com\/a-propos\/\">atelier Perc\u00e9-Verre<\/a><\/em><\/p>\n","protected":false},"excerpt":{"rendered":"<p>Carte de souhaits illustr\u00e9e <strong data-start=\"454\" data-end=\"467\">\u00ab Lupin \u00bb<\/strong>, mettant en sc\u00e8ne un raton laveur espi\u00e8gle dans une ruelle color\u00e9e. Une cr\u00e9ation artistique sign\u00e9e <strong data-start=\"567\" data-end=\"582\">Perc\u00e9-Verre<\/strong>, parfaite pour offrir un message unique avec une touche d\u2019art fait au Qu\u00e9bec. Illustration inspir\u00e9e de l\u2019\u0153uvre <a href=\"https:\/\/www.perce-verre.com\/produit\/lupin-raton-laveur-en-verre-fusionne\/\">Lupin<\/a><\/p>\n","protected":false},"featured_media":16506,"comment_status":"open","ping_status":"closed","template":"","meta":[],"product_brand":[],"product_cat":[504,486],"product_tag":[1581,975,1579,1575,1574,1577,1571,465,1569,1573,1578,1572,1580,1576,978,1570],"giftcard-category":[],"class_list":{"0":"post-16484","1":"product","2":"type-product","3":"status-publish","4":"has-post-thumbnail","6":"product_cat-accessoires","7":"product_cat-carte-de-souhaits","8":"product_tag-animal-espiegle","9":"product_tag-art-quebecois","10":"product_tag-artiste-quebecoise","11":"product_tag-cadeau-fait-au-quebec","12":"product_tag-cadeau-original-quebec","13":"product_tag-carte-anniversaire","14":"product_tag-carte-artistique","15":"product_tag-carte-de-souhaits","16":"product_tag-carte-de-souhaits-raton-laveur","17":"product_tag-carte-illustree","18":"product_tag-carte-message","19":"product_tag-illustration-animale","20":"product_tag-illustration-mignonne","21":"product_tag-illustration-urbaine","22":"product_tag-perce-verre","23":"product_tag-raton-laveur-illustration","25":"first","26":"instock","27":"taxable","28":"shipping-taxable","29":"purchasable","30":"product-type-simple"},"yoast_head":"<!-- This site is optimized with the Yoast SEO plugin v27.4 - https:\/\/yoast.com\/product\/yoast-seo-wordpress\/ -->\n<title>Carte de souhaits raton laveur \u00ab Lupin \u00bb \u2013 Perc\u00e9-Verre<\/title>\n<meta name=\"description\" content=\"Carte de souhaits Lupin illustrant un raton laveur espi\u00e8gle dans une ruelle color\u00e9e. Une carte artistique sign\u00e9e Perc\u00e9-Verre, faite au Qu\u00e9bec.\" \/>\n<meta name=\"robots\" content=\"index, follow, max-snippet:-1, max-image-preview:large, max-video-preview:-1\" \/>\n<link rel=\"canonical\" href=\"https:\/\/www.perce-verre.com\/en\/product\/carte-souhaits-raton-laveur-lupin\/\" \/>\n<meta property=\"og:locale\" content=\"en_US\" \/>\n<meta property=\"og:type\" content=\"article\" \/>\n<meta property=\"og:title\" content=\"Carte de souhaits raton laveur \u00ab Lupin \u00bb \u2013 Perc\u00e9-Verre\" \/>\n<meta property=\"og:description\" content=\"Carte de souhaits Lupin illustrant un raton laveur espi\u00e8gle dans une ruelle color\u00e9e. Une carte artistique sign\u00e9e Perc\u00e9-Verre, faite au Qu\u00e9bec.\" \/>\n<meta property=\"og:url\" content=\"https:\/\/www.perce-verre.com\/en\/product\/carte-souhaits-raton-laveur-lupin\/\" \/>\n<meta property=\"og:site_name\" content=\"Perc\u00e9-Verre\" \/>\n<meta property=\"article:modified_time\" content=\"2026-03-18T12:49:05+00:00\" \/>\n<meta property=\"og:image\" content=\"https:\/\/www.perce-verre.com\/wp-content\/uploads\/2026\/03\/carte-souhaits-raton-laveur-lupin-perce-verre-quebec.jpg\" \/>\n\t<meta property=\"og:image:width\" content=\"900\" \/>\n\t<meta property=\"og:image:height\" content=\"630\" \/>\n\t<meta property=\"og:image:type\" content=\"image\/jpeg\" \/>\n<meta name=\"twitter:card\" content=\"summary_large_image\" \/>\n<meta name=\"twitter:label1\" content=\"Est. reading time\" \/>\n\t<meta name=\"twitter:data1\" content=\"3 minutes\" \/>\n<script type=\"application\/ld+json\" class=\"yoast-schema-graph\">{\"@context\":\"https:\\\/\\\/schema.org\",\"@graph\":[{\"@type\":\"WebPage\",\"@id\":\"https:\\\/\\\/www.perce-verre.com\\\/en\\\/product\\\/carte-souhaits-raton-laveur-lupin\\\/\",\"url\":\"https:\\\/\\\/www.perce-verre.com\\\/en\\\/product\\\/carte-souhaits-raton-laveur-lupin\\\/\",\"name\":\"Carte de souhaits raton laveur \u00ab Lupin \u00bb \u2013 Perc\u00e9-Verre\",\"isPartOf\":{\"@id\":\"https:\\\/\\\/www.perce-verre.com\\\/en\\\/#website\"},\"primaryImageOfPage\":{\"@id\":\"https:\\\/\\\/www.perce-verre.com\\\/en\\\/product\\\/carte-souhaits-raton-laveur-lupin\\\/#primaryimage\"},\"image\":{\"@id\":\"https:\\\/\\\/www.perce-verre.com\\\/en\\\/product\\\/carte-souhaits-raton-laveur-lupin\\\/#primaryimage\"},\"thumbnailUrl\":\"https:\\\/\\\/www.perce-verre.com\\\/wp-content\\\/uploads\\\/2026\\\/03\\\/carte-souhaits-raton-laveur-lupin-perce-verre-quebec.jpg\",\"datePublished\":\"2026-03-12T14:08:28+00:00\",\"dateModified\":\"2026-03-18T12:49:05+00:00\",\"description\":\"Carte de souhaits Lupin illustrant un raton laveur espi\u00e8gle dans une ruelle color\u00e9e. Une carte artistique sign\u00e9e Perc\u00e9-Verre, faite au Qu\u00e9bec.\",\"breadcrumb\":{\"@id\":\"https:\\\/\\\/www.perce-verre.com\\\/en\\\/product\\\/carte-souhaits-raton-laveur-lupin\\\/#breadcrumb\"},\"inLanguage\":\"en-US\",\"potentialAction\":[{\"@type\":\"ReadAction\",\"target\":[\"https:\\\/\\\/www.perce-verre.com\\\/en\\\/product\\\/carte-souhaits-raton-laveur-lupin\\\/\"]}]},{\"@type\":\"ImageObject\",\"inLanguage\":\"en-US\",\"@id\":\"https:\\\/\\\/www.perce-verre.com\\\/en\\\/product\\\/carte-souhaits-raton-laveur-lupin\\\/#primaryimage\",\"url\":\"https:\\\/\\\/www.perce-verre.com\\\/wp-content\\\/uploads\\\/2026\\\/03\\\/carte-souhaits-raton-laveur-lupin-perce-verre-quebec.jpg\",\"contentUrl\":\"https:\\\/\\\/www.perce-verre.com\\\/wp-content\\\/uploads\\\/2026\\\/03\\\/carte-souhaits-raton-laveur-lupin-perce-verre-quebec.jpg\",\"width\":900,\"height\":630,\"caption\":\"Carte de souhaits raton laveur Lupin illustration artistique Perc\u00e9-Verre Qu\u00e9bec\"},{\"@type\":\"BreadcrumbList\",\"@id\":\"https:\\\/\\\/www.perce-verre.com\\\/en\\\/product\\\/carte-souhaits-raton-laveur-lupin\\\/#breadcrumb\",\"itemListElement\":[{\"@type\":\"ListItem\",\"position\":1,\"name\":\"Accueil\",\"item\":\"https:\\\/\\\/www.perce-verre.com\\\/en\\\/\"},{\"@type\":\"ListItem\",\"position\":2,\"name\":\"Store\",\"item\":\"https:\\\/\\\/www.perce-verre.com\\\/en\\\/shop\\\/\"},{\"@type\":\"ListItem\",\"position\":3,\"name\":\"Lupin \u2014 Carte de souhaits\"}]},{\"@type\":\"WebSite\",\"@id\":\"https:\\\/\\\/www.perce-verre.com\\\/en\\\/#website\",\"url\":\"https:\\\/\\\/www.perce-verre.com\\\/en\\\/\",\"name\":\"Perc\u00e9-Verre\",\"description\":\"Cadeaux uniques et des cr\u00e9ations qu\u00e9b\u00e9coises\",\"potentialAction\":[{\"@type\":\"SearchAction\",\"target\":{\"@type\":\"EntryPoint\",\"urlTemplate\":\"https:\\\/\\\/www.perce-verre.com\\\/en\\\/?s={search_term_string}\"},\"query-input\":{\"@type\":\"PropertyValueSpecification\",\"valueRequired\":true,\"valueName\":\"search_term_string\"}}],\"inLanguage\":\"en-US\"}]}<\/script>\n<!-- \/ Yoast SEO plugin. -->","yoast_head_json":{"title":"Carte de souhaits raton laveur \u00ab Lupin \u00bb \u2013 Perc\u00e9-Verre","description":"Carte de souhaits Lupin illustrant un raton laveur espi\u00e8gle dans une ruelle color\u00e9e. Une carte artistique sign\u00e9e Perc\u00e9-Verre, faite au Qu\u00e9bec.","robots":{"index":"index","follow":"follow","max-snippet":"max-snippet:-1","max-image-preview":"max-image-preview:large","max-video-preview":"max-video-preview:-1"},"canonical":"https:\/\/www.perce-verre.com\/en\/product\/carte-souhaits-raton-laveur-lupin\/","og_locale":"en_US","og_type":"article","og_title":"Carte de souhaits raton laveur \u00ab Lupin \u00bb \u2013 Perc\u00e9-Verre","og_description":"Carte de souhaits Lupin illustrant un raton laveur espi\u00e8gle dans une ruelle color\u00e9e. Une carte artistique sign\u00e9e Perc\u00e9-Verre, faite au Qu\u00e9bec.","og_url":"https:\/\/www.perce-verre.com\/en\/product\/carte-souhaits-raton-laveur-lupin\/","og_site_name":"Perc\u00e9-Verre","article_modified_time":"2026-03-18T12:49:05+00:00","og_image":[{"width":900,"height":630,"url":"https:\/\/www.perce-verre.com\/wp-content\/uploads\/2026\/03\/carte-souhaits-raton-laveur-lupin-perce-verre-quebec.jpg","type":"image\/jpeg"}],"twitter_card":"summary_large_image","twitter_misc":{"Est. reading time":"3 minutes"},"schema":{"@context":"https:\/\/schema.org","@graph":[{"@type":"WebPage","@id":"https:\/\/www.perce-verre.com\/en\/product\/carte-souhaits-raton-laveur-lupin\/","url":"https:\/\/www.perce-verre.com\/en\/product\/carte-souhaits-raton-laveur-lupin\/","name":"Carte de souhaits raton laveur \u00ab Lupin \u00bb \u2013 Perc\u00e9-Verre","isPartOf":{"@id":"https:\/\/www.perce-verre.com\/en\/#website"},"primaryImageOfPage":{"@id":"https:\/\/www.perce-verre.com\/en\/product\/carte-souhaits-raton-laveur-lupin\/#primaryimage"},"image":{"@id":"https:\/\/www.perce-verre.com\/en\/product\/carte-souhaits-raton-laveur-lupin\/#primaryimage"},"thumbnailUrl":"https:\/\/www.perce-verre.com\/wp-content\/uploads\/2026\/03\/carte-souhaits-raton-laveur-lupin-perce-verre-quebec.jpg","datePublished":"2026-03-12T14:08:28+00:00","dateModified":"2026-03-18T12:49:05+00:00","description":"Carte de souhaits Lupin illustrant un raton laveur espi\u00e8gle dans une ruelle color\u00e9e. Une carte artistique sign\u00e9e Perc\u00e9-Verre, faite au Qu\u00e9bec.","breadcrumb":{"@id":"https:\/\/www.perce-verre.com\/en\/product\/carte-souhaits-raton-laveur-lupin\/#breadcrumb"},"inLanguage":"en-US","potentialAction":[{"@type":"ReadAction","target":["https:\/\/www.perce-verre.com\/en\/product\/carte-souhaits-raton-laveur-lupin\/"]}]},{"@type":"ImageObject","inLanguage":"en-US","@id":"https:\/\/www.perce-verre.com\/en\/product\/carte-souhaits-raton-laveur-lupin\/#primaryimage","url":"https:\/\/www.perce-verre.com\/wp-content\/uploads\/2026\/03\/carte-souhaits-raton-laveur-lupin-perce-verre-quebec.jpg","contentUrl":"https:\/\/www.perce-verre.com\/wp-content\/uploads\/2026\/03\/carte-souhaits-raton-laveur-lupin-perce-verre-quebec.jpg","width":900,"height":630,"caption":"Carte de souhaits raton laveur Lupin illustration artistique Perc\u00e9-Verre Qu\u00e9bec"},{"@type":"BreadcrumbList","@id":"https:\/\/www.perce-verre.com\/en\/product\/carte-souhaits-raton-laveur-lupin\/#breadcrumb","itemListElement":[{"@type":"ListItem","position":1,"name":"Accueil","item":"https:\/\/www.perce-verre.com\/en\/"},{"@type":"ListItem","position":2,"name":"Store","item":"https:\/\/www.perce-verre.com\/en\/shop\/"},{"@type":"ListItem","position":3,"name":"Lupin \u2014 Carte de souhaits"}]},{"@type":"WebSite","@id":"https:\/\/www.perce-verre.com\/en\/#website","url":"https:\/\/www.perce-verre.com\/en\/","name":"Perc\u00e9-Verre","description":"Cadeaux uniques et des cr\u00e9ations qu\u00e9b\u00e9coises","potentialAction":[{"@type":"SearchAction","target":{"@type":"EntryPoint","urlTemplate":"https:\/\/www.perce-verre.com\/en\/?s={search_term_string}"},"query-input":{"@type":"PropertyValueSpecification","valueRequired":true,"valueName":"search_term_string"}}],"inLanguage":"en-US"}]}},"wcpa_form_fields":null,"_links":{"self":[{"href":"https:\/\/www.perce-verre.com\/en\/wp-json\/wp\/v2\/product\/16484","targetHints":{"allow":["GET"]}}],"collection":[{"href":"https:\/\/www.perce-verre.com\/en\/wp-json\/wp\/v2\/product"}],"about":[{"href":"https:\/\/www.perce-verre.com\/en\/wp-json\/wp\/v2\/types\/product"}],"replies":[{"embeddable":true,"href":"https:\/\/www.perce-verre.com\/en\/wp-json\/wp\/v2\/comments?post=16484"}],"wp:featuredmedia":[{"embeddable":true,"href":"https:\/\/www.perce-verre.com\/en\/wp-json\/wp\/v2\/media\/16506"}],"wp:attachment":[{"href":"https:\/\/www.perce-verre.com\/en\/wp-json\/wp\/v2\/media?parent=16484"}],"wp:term":[{"taxonomy":"product_brand","embeddable":true,"href":"https:\/\/www.perce-verre.com\/en\/wp-json\/wp\/v2\/product_brand?post=16484"},{"taxonomy":"product_cat","embeddable":true,"href":"https:\/\/www.perce-verre.com\/en\/wp-json\/wp\/v2\/product_cat?post=16484"},{"taxonomy":"product_tag","embeddable":true,"href":"https:\/\/www.perce-verre.com\/en\/wp-json\/wp\/v2\/product_tag?post=16484"},{"taxonomy":"giftcard-category","embeddable":true,"href":"https:\/\/www.perce-verre.com\/en\/wp-json\/wp\/v2\/giftcard-category?post=16484"}],"curies":[{"name":"wp","href":"https:\/\/api.w.org\/{rel}","templated":true}]}}