{"id":3619,"date":"2020-05-09T12:26:39","date_gmt":"2020-05-09T16:26:39","guid":{"rendered":"https:\/\/www.perce-verre.com\/?post_type=product&#038;p=3619"},"modified":"2024-04-07T14:50:44","modified_gmt":"2024-04-07T18:50:44","slug":"bracelet-noir-scintillant-avec-bijou-arc-en-ciel-205","status":"publish","type":"product","link":"https:\/\/www.perce-verre.com\/en\/product\/bracelet-noir-scintillant-avec-bijou-arc-en-ciel-205\/","title":{"rendered":"Bracelet noir scintillant avec bijou arc-en-ciel #205"},"content":{"rendered":"<p>Bracelet noir scintillant avec bijou arc-en-ciel en verre fusionn\u00e9 fait \u00e0 la main. Donnez du chic et de l\u2019audace \u00e0 votre tenue en y ajoutant cette pi\u00e8ce unique \u00e0 l\u2019image de votre personnalit\u00e9! Portez-les toute la journ\u00e9e pour mettre de la couleur dans votre tenue\u2026 et faire tourner les t\u00eates!<\/p>\n<p>Chaque bracelet\u00a0raconte sa propre histoire\u00a0: il est cr\u00e9\u00e9 avec des pi\u00e8ces de verre soigneusement choisies, coup\u00e9es, agenc\u00e9es et cuites lentement avec amour. L\u2019insertion de verre est ensuite mont\u00e9e sur une lani\u00e8re de cuir \u00e0 motif vari\u00e9. Pour encore plus d\u2019\u00e9l\u00e9gance, choisissez un de nos mod\u00e8les avec une cha\u00eenette en acier inoxydable.<\/p>\n<h3><strong>Pourquoi adopter un bracelet noir scintillant avec bijou arc-en-ciel ?<\/strong><\/h3>\n<ul>\n<li>Des pi\u00e8ces uniques qui conviennent \u00e0 tous les go\u00fbts et styles<\/li>\n<li>Parfaits accessoires du matin au soir\u00a0: les bracelets se portent aussi bien avec une tenue chic qu\u2019avec des v\u00eatements d\u00e9contract\u00e9s<\/li>\n<li>Faciles \u00e0 mettre et \u00e0 enlever gr\u00e2ce \u00e0 l\u2019attache aimant\u00e9e en acier inoxydable, qui est doubl\u00e9e d\u2019un syst\u00e8me \u00e0 glissoire s\u00e9curitaire<\/li>\n<li>Coffret cadeau disponible en option!<\/li>\n<li>Faits de mat\u00e9riaux nobles et durables<\/li>\n<\/ul>\n<p><img decoding=\"async\" class=\"\" src=\"https:\/\/www.perce-verre.com\/wp-content\/uploads\/2020\/05\/tableau-r%C3%A9f%C3%A9rence-charte-grandeur-bracelets-Super-fashion-scaled.jpg\" width=\"923\" height=\"503\" \/><\/p>\n<p><strong>\u00c0 propos de Perc\u00e9-Verre<\/strong><\/p>\n<p>Perc\u00e9-Verre est une entreprise qu\u00e9b\u00e9coise qui se consacre \u00e0 la cr\u00e9ation de bijoux, d\u2019articles de table et de tableaux d\u00e9coratifs en verre fusionn\u00e9 pour les particuliers et les entreprises. Sa mission est de susciter l\u2019\u00e9merveillement \u00e0 travers des objets d\u2019art personnalisables qui marqueront le temps.<\/p>\n<p><strong>La technique de verre fusionn\u00e9<\/strong><\/p>\n<p>Le travail du verre a sa part de myst\u00e8re. C\u2019est au cours de l\u2019assemblage des diff\u00e9rentes couches que les formes et les couleurs se d\u00e9voilent! La fusion permet de cr\u00e9er un bijou ou un objet de toutes pi\u00e8ces, sans soudure, pour un fini raffin\u00e9.<\/p>\n<p>Le travail du verre fusionn\u00e9 demande beaucoup de doigt\u00e9, de patience et de temps. Toutefois, le r\u00e9sultat en vaut la peine lorsque la magie du verre se r\u00e9v\u00e8le \u00e0 la toute fin!<\/p>\n","protected":false},"excerpt":{"rendered":"<p>Bracelet noir scintillant avec bijou arc-en-ciel en verre fusionn\u00e9 fait \u00e0 la main. Donnez du chic et de l\u2019audace \u00e0 votre tenue en y ajoutant cette pi\u00e8ce unique \u00e0 l\u2019image de votre personnalit\u00e9!<\/p>\n<p>Portez-les toute la journ\u00e9e pour mettre de la couleur dans votre tenue\u2026 et faire tourner les t\u00eates!<\/p>\n","protected":false},"featured_media":3179,"comment_status":"open","ping_status":"closed","template":"","meta":[],"product_brand":[],"product_cat":[67,48],"product_tag":[226,174,173,155,175,178],"giftcard-category":[],"class_list":{"0":"post-3619","1":"product","2":"type-product","3":"status-publish","4":"has-post-thumbnail","6":"product_cat-arc-en-ciel","7":"product_cat-collection-super-fashion","8":"product_tag-226","9":"product_tag-cavabienaller","10":"product_tag-arc-en-ciel","11":"product_tag-bracelet","12":"product_tag-cuir","13":"product_tag-noir","14":"wcpa_has_options","16":"first","17":"instock","18":"taxable","19":"shipping-taxable","20":"purchasable","21":"product-type-variable"},"yoast_head":"<!-- This site is optimized with the Yoast SEO plugin v27.4 - https:\/\/yoast.com\/product\/yoast-seo-wordpress\/ -->\n<title>Bracelet noir scintillant avec bijou arc-en-ciel #205 - Perc\u00e9-Verre<\/title>\n<meta name=\"description\" content=\"Donnez du chic et de l\u2019audace \u00e0 votre tenue en y ajoutant un bracelet noir scintillant avec bijou arc-en-ciel! Offrez le en cadeau! Livraison rapide\" \/>\n<meta name=\"robots\" content=\"index, follow, max-snippet:-1, max-image-preview:large, max-video-preview:-1\" \/>\n<link rel=\"canonical\" href=\"https:\/\/www.perce-verre.com\/en\/product\/bracelet-noir-scintillant-avec-bijou-arc-en-ciel-205\/\" \/>\n<meta property=\"og:locale\" content=\"en_US\" \/>\n<meta property=\"og:type\" content=\"article\" \/>\n<meta property=\"og:title\" content=\"Bracelet noir scintillant avec bijou arc-en-ciel #205 - Perc\u00e9-Verre\" \/>\n<meta property=\"og:description\" content=\"Donnez du chic et de l\u2019audace \u00e0 votre tenue en y ajoutant un bracelet noir scintillant avec bijou arc-en-ciel! Offrez le en cadeau! Livraison rapide\" \/>\n<meta property=\"og:url\" content=\"https:\/\/www.perce-verre.com\/en\/product\/bracelet-noir-scintillant-avec-bijou-arc-en-ciel-205\/\" \/>\n<meta property=\"og:site_name\" content=\"Perc\u00e9-Verre\" \/>\n<meta property=\"article:modified_time\" content=\"2024-04-07T18:50:44+00:00\" \/>\n<meta property=\"og:image\" content=\"https:\/\/www.perce-verre.com\/wp-content\/uploads\/2020\/05\/Arc-en-ciel-cavabienaller-bijoux-bracelet-perc\u00e9-verre-verre-fusion-cadeau-noir-scintillant.jpg\" \/>\n\t<meta property=\"og:image:width\" content=\"2000\" \/>\n\t<meta property=\"og:image:height\" content=\"1400\" \/>\n\t<meta property=\"og:image:type\" content=\"image\/jpeg\" \/>\n<meta name=\"twitter:card\" content=\"summary_large_image\" \/>\n<meta name=\"twitter:label1\" content=\"Est. reading time\" \/>\n\t<meta name=\"twitter:data1\" content=\"2 minutes\" \/>\n<script type=\"application\/ld+json\" class=\"yoast-schema-graph\">{\"@context\":\"https:\\\/\\\/schema.org\",\"@graph\":[{\"@type\":\"WebPage\",\"@id\":\"https:\\\/\\\/www.perce-verre.com\\\/en\\\/product\\\/bracelet-noir-scintillant-avec-bijou-arc-en-ciel-205\\\/\",\"url\":\"https:\\\/\\\/www.perce-verre.com\\\/en\\\/product\\\/bracelet-noir-scintillant-avec-bijou-arc-en-ciel-205\\\/\",\"name\":\"Bracelet noir scintillant avec bijou arc-en-ciel #205 - Perc\u00e9-Verre\",\"isPartOf\":{\"@id\":\"https:\\\/\\\/www.perce-verre.com\\\/en\\\/#website\"},\"primaryImageOfPage\":{\"@id\":\"https:\\\/\\\/www.perce-verre.com\\\/en\\\/product\\\/bracelet-noir-scintillant-avec-bijou-arc-en-ciel-205\\\/#primaryimage\"},\"image\":{\"@id\":\"https:\\\/\\\/www.perce-verre.com\\\/en\\\/product\\\/bracelet-noir-scintillant-avec-bijou-arc-en-ciel-205\\\/#primaryimage\"},\"thumbnailUrl\":\"https:\\\/\\\/www.perce-verre.com\\\/wp-content\\\/uploads\\\/2020\\\/05\\\/Arc-en-ciel-cavabienaller-bijoux-bracelet-perc\u00e9-verre-verre-fusion-cadeau-noir-scintillant.jpg\",\"datePublished\":\"2020-05-09T16:26:39+00:00\",\"dateModified\":\"2024-04-07T18:50:44+00:00\",\"description\":\"Donnez du chic et de l\u2019audace \u00e0 votre tenue en y ajoutant un bracelet noir scintillant avec bijou arc-en-ciel! Offrez le en cadeau! Livraison rapide\",\"breadcrumb\":{\"@id\":\"https:\\\/\\\/www.perce-verre.com\\\/en\\\/product\\\/bracelet-noir-scintillant-avec-bijou-arc-en-ciel-205\\\/#breadcrumb\"},\"inLanguage\":\"en-US\",\"potentialAction\":[{\"@type\":\"ReadAction\",\"target\":[\"https:\\\/\\\/www.perce-verre.com\\\/en\\\/product\\\/bracelet-noir-scintillant-avec-bijou-arc-en-ciel-205\\\/\"]}]},{\"@type\":\"ImageObject\",\"inLanguage\":\"en-US\",\"@id\":\"https:\\\/\\\/www.perce-verre.com\\\/en\\\/product\\\/bracelet-noir-scintillant-avec-bijou-arc-en-ciel-205\\\/#primaryimage\",\"url\":\"https:\\\/\\\/www.perce-verre.com\\\/wp-content\\\/uploads\\\/2020\\\/05\\\/Arc-en-ciel-cavabienaller-bijoux-bracelet-perc\u00e9-verre-verre-fusion-cadeau-noir-scintillant.jpg\",\"contentUrl\":\"https:\\\/\\\/www.perce-verre.com\\\/wp-content\\\/uploads\\\/2020\\\/05\\\/Arc-en-ciel-cavabienaller-bijoux-bracelet-perc\u00e9-verre-verre-fusion-cadeau-noir-scintillant.jpg\",\"width\":2000,\"height\":1400,\"caption\":\"SONY DSC\"},{\"@type\":\"BreadcrumbList\",\"@id\":\"https:\\\/\\\/www.perce-verre.com\\\/en\\\/product\\\/bracelet-noir-scintillant-avec-bijou-arc-en-ciel-205\\\/#breadcrumb\",\"itemListElement\":[{\"@type\":\"ListItem\",\"position\":1,\"name\":\"Accueil\",\"item\":\"https:\\\/\\\/www.perce-verre.com\\\/en\\\/\"},{\"@type\":\"ListItem\",\"position\":2,\"name\":\"Store\",\"item\":\"https:\\\/\\\/www.perce-verre.com\\\/en\\\/shop\\\/\"},{\"@type\":\"ListItem\",\"position\":3,\"name\":\"Bracelet noir scintillant avec bijou arc-en-ciel #205\"}]},{\"@type\":\"WebSite\",\"@id\":\"https:\\\/\\\/www.perce-verre.com\\\/en\\\/#website\",\"url\":\"https:\\\/\\\/www.perce-verre.com\\\/en\\\/\",\"name\":\"Perc\u00e9-Verre\",\"description\":\"Cadeaux uniques et des cr\u00e9ations qu\u00e9b\u00e9coises\",\"potentialAction\":[{\"@type\":\"SearchAction\",\"target\":{\"@type\":\"EntryPoint\",\"urlTemplate\":\"https:\\\/\\\/www.perce-verre.com\\\/en\\\/?s={search_term_string}\"},\"query-input\":{\"@type\":\"PropertyValueSpecification\",\"valueRequired\":true,\"valueName\":\"search_term_string\"}}],\"inLanguage\":\"en-US\"}]}<\/script>\n<!-- \/ Yoast SEO plugin. -->","yoast_head_json":{"title":"Bracelet noir scintillant avec bijou arc-en-ciel #205 - Perc\u00e9-Verre","description":"Donnez du chic et de l\u2019audace \u00e0 votre tenue en y ajoutant un bracelet noir scintillant avec bijou arc-en-ciel! Offrez le en cadeau! Livraison rapide","robots":{"index":"index","follow":"follow","max-snippet":"max-snippet:-1","max-image-preview":"max-image-preview:large","max-video-preview":"max-video-preview:-1"},"canonical":"https:\/\/www.perce-verre.com\/en\/product\/bracelet-noir-scintillant-avec-bijou-arc-en-ciel-205\/","og_locale":"en_US","og_type":"article","og_title":"Bracelet noir scintillant avec bijou arc-en-ciel #205 - Perc\u00e9-Verre","og_description":"Donnez du chic et de l\u2019audace \u00e0 votre tenue en y ajoutant un bracelet noir scintillant avec bijou arc-en-ciel! Offrez le en cadeau! Livraison rapide","og_url":"https:\/\/www.perce-verre.com\/en\/product\/bracelet-noir-scintillant-avec-bijou-arc-en-ciel-205\/","og_site_name":"Perc\u00e9-Verre","article_modified_time":"2024-04-07T18:50:44+00:00","og_image":[{"width":2000,"height":1400,"url":"https:\/\/www.perce-verre.com\/wp-content\/uploads\/2020\/05\/Arc-en-ciel-cavabienaller-bijoux-bracelet-perc\u00e9-verre-verre-fusion-cadeau-noir-scintillant.jpg","type":"image\/jpeg"}],"twitter_card":"summary_large_image","twitter_misc":{"Est. reading time":"2 minutes"},"schema":{"@context":"https:\/\/schema.org","@graph":[{"@type":"WebPage","@id":"https:\/\/www.perce-verre.com\/en\/product\/bracelet-noir-scintillant-avec-bijou-arc-en-ciel-205\/","url":"https:\/\/www.perce-verre.com\/en\/product\/bracelet-noir-scintillant-avec-bijou-arc-en-ciel-205\/","name":"Bracelet noir scintillant avec bijou arc-en-ciel #205 - Perc\u00e9-Verre","isPartOf":{"@id":"https:\/\/www.perce-verre.com\/en\/#website"},"primaryImageOfPage":{"@id":"https:\/\/www.perce-verre.com\/en\/product\/bracelet-noir-scintillant-avec-bijou-arc-en-ciel-205\/#primaryimage"},"image":{"@id":"https:\/\/www.perce-verre.com\/en\/product\/bracelet-noir-scintillant-avec-bijou-arc-en-ciel-205\/#primaryimage"},"thumbnailUrl":"https:\/\/www.perce-verre.com\/wp-content\/uploads\/2020\/05\/Arc-en-ciel-cavabienaller-bijoux-bracelet-perc\u00e9-verre-verre-fusion-cadeau-noir-scintillant.jpg","datePublished":"2020-05-09T16:26:39+00:00","dateModified":"2024-04-07T18:50:44+00:00","description":"Donnez du chic et de l\u2019audace \u00e0 votre tenue en y ajoutant un bracelet noir scintillant avec bijou arc-en-ciel! Offrez le en cadeau! Livraison rapide","breadcrumb":{"@id":"https:\/\/www.perce-verre.com\/en\/product\/bracelet-noir-scintillant-avec-bijou-arc-en-ciel-205\/#breadcrumb"},"inLanguage":"en-US","potentialAction":[{"@type":"ReadAction","target":["https:\/\/www.perce-verre.com\/en\/product\/bracelet-noir-scintillant-avec-bijou-arc-en-ciel-205\/"]}]},{"@type":"ImageObject","inLanguage":"en-US","@id":"https:\/\/www.perce-verre.com\/en\/product\/bracelet-noir-scintillant-avec-bijou-arc-en-ciel-205\/#primaryimage","url":"https:\/\/www.perce-verre.com\/wp-content\/uploads\/2020\/05\/Arc-en-ciel-cavabienaller-bijoux-bracelet-perc\u00e9-verre-verre-fusion-cadeau-noir-scintillant.jpg","contentUrl":"https:\/\/www.perce-verre.com\/wp-content\/uploads\/2020\/05\/Arc-en-ciel-cavabienaller-bijoux-bracelet-perc\u00e9-verre-verre-fusion-cadeau-noir-scintillant.jpg","width":2000,"height":1400,"caption":"SONY DSC"},{"@type":"BreadcrumbList","@id":"https:\/\/www.perce-verre.com\/en\/product\/bracelet-noir-scintillant-avec-bijou-arc-en-ciel-205\/#breadcrumb","itemListElement":[{"@type":"ListItem","position":1,"name":"Accueil","item":"https:\/\/www.perce-verre.com\/en\/"},{"@type":"ListItem","position":2,"name":"Store","item":"https:\/\/www.perce-verre.com\/en\/shop\/"},{"@type":"ListItem","position":3,"name":"Bracelet noir scintillant avec bijou arc-en-ciel #205"}]},{"@type":"WebSite","@id":"https:\/\/www.perce-verre.com\/en\/#website","url":"https:\/\/www.perce-verre.com\/en\/","name":"Perc\u00e9-Verre","description":"Cadeaux uniques et des cr\u00e9ations qu\u00e9b\u00e9coises","potentialAction":[{"@type":"SearchAction","target":{"@type":"EntryPoint","urlTemplate":"https:\/\/www.perce-verre.com\/en\/?s={search_term_string}"},"query-input":{"@type":"PropertyValueSpecification","valueRequired":true,"valueName":"search_term_string"}}],"inLanguage":"en-US"}]}},"wcpa_form_fields":null,"_links":{"self":[{"href":"https:\/\/www.perce-verre.com\/en\/wp-json\/wp\/v2\/product\/3619","targetHints":{"allow":["GET"]}}],"collection":[{"href":"https:\/\/www.perce-verre.com\/en\/wp-json\/wp\/v2\/product"}],"about":[{"href":"https:\/\/www.perce-verre.com\/en\/wp-json\/wp\/v2\/types\/product"}],"replies":[{"embeddable":true,"href":"https:\/\/www.perce-verre.com\/en\/wp-json\/wp\/v2\/comments?post=3619"}],"wp:featuredmedia":[{"embeddable":true,"href":"https:\/\/www.perce-verre.com\/en\/wp-json\/wp\/v2\/media\/3179"}],"wp:attachment":[{"href":"https:\/\/www.perce-verre.com\/en\/wp-json\/wp\/v2\/media?parent=3619"}],"wp:term":[{"taxonomy":"product_brand","embeddable":true,"href":"https:\/\/www.perce-verre.com\/en\/wp-json\/wp\/v2\/product_brand?post=3619"},{"taxonomy":"product_cat","embeddable":true,"href":"https:\/\/www.perce-verre.com\/en\/wp-json\/wp\/v2\/product_cat?post=3619"},{"taxonomy":"product_tag","embeddable":true,"href":"https:\/\/www.perce-verre.com\/en\/wp-json\/wp\/v2\/product_tag?post=3619"},{"taxonomy":"giftcard-category","embeddable":true,"href":"https:\/\/www.perce-verre.com\/en\/wp-json\/wp\/v2\/giftcard-category?post=3619"}],"curies":[{"name":"wp","href":"https:\/\/api.w.org\/{rel}","templated":true}]}}