{"id":8604,"date":"2023-06-06T09:18:58","date_gmt":"2023-06-06T13:18:58","guid":{"rendered":"https:\/\/www.perce-verre.com\/?post_type=product&#038;p=8604"},"modified":"2024-12-17T19:58:55","modified_gmt":"2024-12-18T00:58:55","slug":"bracelet-pour-homme-en-cuir-brun-et-argent","status":"publish","type":"product","link":"https:\/\/www.perce-verre.com\/en\/product\/bracelet-pour-homme-en-cuir-brun-et-argent\/","title":{"rendered":"Bracelet pour homme en cuir brun et argent"},"content":{"rendered":"<p>Le bracelet pour homme en cuir brun et argent, en super fibre et acier inoxydable est l&#8217;accessoire parfait pour les hommes qui souhaitent ajouter une touche de style chic \u00e0 leurs tenues, quelle que soit l&#8217;occasion. Fabriqu\u00e9 avec soin et souci du d\u00e9tail, ce bracelet incarne l&#8217;alliance parfaite entre \u00e9l\u00e9gance intemporelle et confort absolu.<\/p>\n<h4>Les mat\u00e9riaux utilis\u00e9s pour les bracelets en cuir brun et argent<\/h4>\n<p>Le bracelet est con\u00e7u avec du cuir super fibre de premi\u00e8re qualit\u00e9. Celle-ci offre une durabilit\u00e9 exceptionnelle tout en \u00e9tant doux et agr\u00e9able au toucher. La super fibre est un mat\u00e9riau innovant qui allie la r\u00e9sistance du cuir et la l\u00e9g\u00e8ret\u00e9 des fibres synth\u00e9tiques. C&#8217;est ce qui en fait un choix id\u00e9al pour un usage quotidien. Que vous le portiez lors d&#8217;une r\u00e9union d&#8217;affaires ou lors d&#8217;une soir\u00e9e d\u00e9contract\u00e9e entre amis, ce bracelet s&#8217;adapte parfaitement \u00e0 toutes les situations.<\/p>\n<p>L&#8217;acier inoxydable utilis\u00e9 dans la conception du bracelet lui conf\u00e8re une robustesse et une r\u00e9sistance \u00e0 toute \u00e9preuve. Il conserve son \u00e9clat d&#8217;origine et ne se ternit pas avec le temps. Un choix judicieux pour les hommes actifs et soucieux de leur apparence. L&#8217;acier inoxydable apporte \u00e9galement une touche moderne et sophistiqu\u00e9e au design du bracelet.<\/p>\n<h4>Look et confort<\/h4>\n<p>Le bracelet pour homme en cuir brun et argent est dot\u00e9 d&#8217;un fermoir s\u00e9curis\u00e9 qui garantit un ajustement parfait autour du poignet.\u00a0 Gr\u00e2ce \u00e0 sa l\u00e9g\u00e8ret\u00e9 et \u00e0 sa souplesse, vous pourrez le porter confortablement tout au long de la journ\u00e9e, sans aucune g\u00eane.<\/p>\n<p>Que vous le portiez avec un costume \u00e9l\u00e9gant ou avec une tenue d\u00e9contract\u00e9e, ce bracelet ajoutera une touche de sophistication et de raffinement \u00e0 votre look. Son design polyvalent le rend adapt\u00e9 \u00e0 toutes les occasions: qu&#8217;il s&#8217;agisse d&#8217;une r\u00e9union professionnelle, d&#8217;un d\u00eener romantique ou d&#8217;une sortie entre amis.<\/p>\n<h4>En conclusion<\/h4>\n<p>Le bracelet pour homme en cuir brun et argent est un accessoire incontournable pour les hommes soucieux de leur apparence et de leur style. Il combine des mat\u00e9riaux de haute qualit\u00e9, un design \u00e9l\u00e9gant et un confort exceptionnel.\u00a0 Il repr\u00e9sente un choix parfait pour compl\u00e9ter votre tenue en toutes circonstances.<\/p>\n<h3>Pourquoi adopter un bracelet en cuir brun et argent pour homme de Perc\u00e9-Verre?<\/h3>\n<ul>\n<li>Faciles \u00e0 mettre et \u00e0 enlever gr\u00e2ce \u00e0 l\u2019attache aimant\u00e9e en acier inoxydable, qui est doubl\u00e9e d\u2019un syst\u00e8me \u00e0 glissoire s\u00e9curitaire<\/li>\n<li>Parfaits accessoires du matin au soir\u00a0: les bracelets se portent aussi bien avec une tenue chic qu\u2019avec des v\u00eatements d\u00e9contract\u00e9s<\/li>\n<li>Coffret cadeau disponible en option!<\/li>\n<li>Faits de mat\u00e9riaux nobles et durables<\/li>\n<li>largeur confortable d&#8217;environ 3 cm<\/li>\n<li>\u00a0<img decoding=\"async\" class=\"\" src=\"https:\/\/www.perce-verre.com\/wp-content\/uploads\/2020\/05\/tableau-r%C3%A9f%C3%A9rence-charte-grandeur-bracelets-Homme-1-1024x559.jpg\" width=\"960\" height=\"524\" \/><\/li>\n<\/ul>\n<p>&nbsp;<\/p>\n<p>&nbsp;<\/p>\n","protected":false},"excerpt":{"rendered":"<p>D\u00e9couvrez notre bracelet pour homme, en cuir brun et argent,\u00a0 alliant style et confort.<\/p>\n<p>Fabriqu\u00e9 avec un m\u00e9lange unique de cuir super fibre r\u00e9sistant et d&#8217;acier inoxydable, ce bracelet polyvalent est con\u00e7u pour toutes les occasions.<\/p>\n<p>Un design chic et moderne mettra en valeur votre poignet!<\/p>\n<p>Une texture douce et souple garantit un port confortable tout au long de la journ\u00e9e.<\/p>\n","protected":false},"featured_media":8534,"comment_status":"open","ping_status":"closed","template":"","meta":[],"product_brand":[],"product_cat":[46],"product_tag":[155,175,233,179,178,464],"giftcard-category":[],"class_list":{"0":"post-8604","1":"product","2":"type-product","3":"status-publish","4":"has-post-thumbnail","6":"product_cat-collection-homme","7":"product_tag-bracelet","8":"product_tag-cuir","9":"product_tag-cuir-tresse","10":"product_tag-homme","11":"product_tag-noir","12":"product_tag-stainless-steel","13":"wcpa_has_options","15":"first","16":"instock","17":"sold-individually","18":"taxable","19":"shipping-taxable","20":"purchasable","21":"product-type-variable"},"yoast_head":"<!-- This site is optimized with the Yoast SEO plugin v27.4 - https:\/\/yoast.com\/product\/yoast-seo-wordpress\/ -->\n<title>Bracelet pour homme en cuir brun et argent - Perc\u00e9-Verre<\/title>\n<meta name=\"description\" content=\"Ce bracelet pour homme en cuir brun et argent inspire la confiance et la robustesse. Messieurs, osez \u00eatre unique! Livraison rapide!\" \/>\n<meta name=\"robots\" content=\"index, follow, max-snippet:-1, max-image-preview:large, max-video-preview:-1\" \/>\n<link rel=\"canonical\" href=\"https:\/\/www.perce-verre.com\/en\/product\/bracelet-pour-homme-en-cuir-brun-et-argent\/\" \/>\n<meta property=\"og:locale\" content=\"en_US\" \/>\n<meta property=\"og:type\" content=\"article\" \/>\n<meta property=\"og:title\" content=\"Bracelet pour homme en cuir brun et argent - Perc\u00e9-Verre\" \/>\n<meta property=\"og:description\" content=\"Ce bracelet pour homme en cuir brun et argent inspire la confiance et la robustesse. Messieurs, osez \u00eatre unique! Livraison rapide!\" \/>\n<meta property=\"og:url\" content=\"https:\/\/www.perce-verre.com\/en\/product\/bracelet-pour-homme-en-cuir-brun-et-argent\/\" \/>\n<meta property=\"og:site_name\" content=\"Perc\u00e9-Verre\" \/>\n<meta property=\"article:modified_time\" content=\"2024-12-18T00:58:55+00:00\" \/>\n<meta property=\"og:image\" content=\"https:\/\/www.perce-verre.com\/wp-content\/uploads\/2023\/06\/www.perce-verre.com-bracelet-pour-homme-en-cuir-noir-et-argent-bracelet-hommes--cuir-brun-stainless-steel--cadeau-bijou-10.jpg\" \/>\n\t<meta property=\"og:image:width\" content=\"900\" \/>\n\t<meta property=\"og:image:height\" content=\"630\" \/>\n\t<meta property=\"og:image:type\" content=\"image\/jpeg\" \/>\n<meta name=\"twitter:card\" content=\"summary_large_image\" \/>\n<meta name=\"twitter:label1\" content=\"Est. reading time\" \/>\n\t<meta name=\"twitter:data1\" content=\"3 minutes\" \/>\n<script type=\"application\/ld+json\" class=\"yoast-schema-graph\">{\"@context\":\"https:\\\/\\\/schema.org\",\"@graph\":[{\"@type\":\"WebPage\",\"@id\":\"https:\\\/\\\/www.perce-verre.com\\\/en\\\/product\\\/bracelet-pour-homme-en-cuir-brun-et-argent\\\/\",\"url\":\"https:\\\/\\\/www.perce-verre.com\\\/en\\\/product\\\/bracelet-pour-homme-en-cuir-brun-et-argent\\\/\",\"name\":\"Bracelet pour homme en cuir brun et argent - Perc\u00e9-Verre\",\"isPartOf\":{\"@id\":\"https:\\\/\\\/www.perce-verre.com\\\/en\\\/#website\"},\"primaryImageOfPage\":{\"@id\":\"https:\\\/\\\/www.perce-verre.com\\\/en\\\/product\\\/bracelet-pour-homme-en-cuir-brun-et-argent\\\/#primaryimage\"},\"image\":{\"@id\":\"https:\\\/\\\/www.perce-verre.com\\\/en\\\/product\\\/bracelet-pour-homme-en-cuir-brun-et-argent\\\/#primaryimage\"},\"thumbnailUrl\":\"https:\\\/\\\/www.perce-verre.com\\\/wp-content\\\/uploads\\\/2023\\\/06\\\/www.perce-verre.com-bracelet-pour-homme-en-cuir-noir-et-argent-bracelet-hommes--cuir-brun-stainless-steel--cadeau-bijou-10.jpg\",\"datePublished\":\"2023-06-06T13:18:58+00:00\",\"dateModified\":\"2024-12-18T00:58:55+00:00\",\"description\":\"Ce bracelet pour homme en cuir brun et argent inspire la confiance et la robustesse. Messieurs, osez \u00eatre unique! Livraison rapide!\",\"breadcrumb\":{\"@id\":\"https:\\\/\\\/www.perce-verre.com\\\/en\\\/product\\\/bracelet-pour-homme-en-cuir-brun-et-argent\\\/#breadcrumb\"},\"inLanguage\":\"en-US\",\"potentialAction\":[{\"@type\":\"ReadAction\",\"target\":[\"https:\\\/\\\/www.perce-verre.com\\\/en\\\/product\\\/bracelet-pour-homme-en-cuir-brun-et-argent\\\/\"]}]},{\"@type\":\"ImageObject\",\"inLanguage\":\"en-US\",\"@id\":\"https:\\\/\\\/www.perce-verre.com\\\/en\\\/product\\\/bracelet-pour-homme-en-cuir-brun-et-argent\\\/#primaryimage\",\"url\":\"https:\\\/\\\/www.perce-verre.com\\\/wp-content\\\/uploads\\\/2023\\\/06\\\/www.perce-verre.com-bracelet-pour-homme-en-cuir-noir-et-argent-bracelet-hommes--cuir-brun-stainless-steel--cadeau-bijou-10.jpg\",\"contentUrl\":\"https:\\\/\\\/www.perce-verre.com\\\/wp-content\\\/uploads\\\/2023\\\/06\\\/www.perce-verre.com-bracelet-pour-homme-en-cuir-noir-et-argent-bracelet-hommes--cuir-brun-stainless-steel--cadeau-bijou-10.jpg\",\"width\":900,\"height\":630,\"caption\":\"Bracelet pour homme en cuir brun et stainless steel argent\"},{\"@type\":\"BreadcrumbList\",\"@id\":\"https:\\\/\\\/www.perce-verre.com\\\/en\\\/product\\\/bracelet-pour-homme-en-cuir-brun-et-argent\\\/#breadcrumb\",\"itemListElement\":[{\"@type\":\"ListItem\",\"position\":1,\"name\":\"Accueil\",\"item\":\"https:\\\/\\\/www.perce-verre.com\\\/en\\\/\"},{\"@type\":\"ListItem\",\"position\":2,\"name\":\"Store\",\"item\":\"https:\\\/\\\/www.perce-verre.com\\\/en\\\/shop\\\/\"},{\"@type\":\"ListItem\",\"position\":3,\"name\":\"Bracelet pour homme en cuir brun et argent\"}]},{\"@type\":\"WebSite\",\"@id\":\"https:\\\/\\\/www.perce-verre.com\\\/en\\\/#website\",\"url\":\"https:\\\/\\\/www.perce-verre.com\\\/en\\\/\",\"name\":\"Perc\u00e9-Verre\",\"description\":\"Cadeaux uniques et des cr\u00e9ations qu\u00e9b\u00e9coises\",\"potentialAction\":[{\"@type\":\"SearchAction\",\"target\":{\"@type\":\"EntryPoint\",\"urlTemplate\":\"https:\\\/\\\/www.perce-verre.com\\\/en\\\/?s={search_term_string}\"},\"query-input\":{\"@type\":\"PropertyValueSpecification\",\"valueRequired\":true,\"valueName\":\"search_term_string\"}}],\"inLanguage\":\"en-US\"}]}<\/script>\n<!-- \/ Yoast SEO plugin. -->","yoast_head_json":{"title":"Bracelet pour homme en cuir brun et argent - Perc\u00e9-Verre","description":"Ce bracelet pour homme en cuir brun et argent inspire la confiance et la robustesse. Messieurs, osez \u00eatre unique! Livraison rapide!","robots":{"index":"index","follow":"follow","max-snippet":"max-snippet:-1","max-image-preview":"max-image-preview:large","max-video-preview":"max-video-preview:-1"},"canonical":"https:\/\/www.perce-verre.com\/en\/product\/bracelet-pour-homme-en-cuir-brun-et-argent\/","og_locale":"en_US","og_type":"article","og_title":"Bracelet pour homme en cuir brun et argent - Perc\u00e9-Verre","og_description":"Ce bracelet pour homme en cuir brun et argent inspire la confiance et la robustesse. Messieurs, osez \u00eatre unique! Livraison rapide!","og_url":"https:\/\/www.perce-verre.com\/en\/product\/bracelet-pour-homme-en-cuir-brun-et-argent\/","og_site_name":"Perc\u00e9-Verre","article_modified_time":"2024-12-18T00:58:55+00:00","og_image":[{"width":900,"height":630,"url":"https:\/\/www.perce-verre.com\/wp-content\/uploads\/2023\/06\/www.perce-verre.com-bracelet-pour-homme-en-cuir-noir-et-argent-bracelet-hommes--cuir-brun-stainless-steel--cadeau-bijou-10.jpg","type":"image\/jpeg"}],"twitter_card":"summary_large_image","twitter_misc":{"Est. reading time":"3 minutes"},"schema":{"@context":"https:\/\/schema.org","@graph":[{"@type":"WebPage","@id":"https:\/\/www.perce-verre.com\/en\/product\/bracelet-pour-homme-en-cuir-brun-et-argent\/","url":"https:\/\/www.perce-verre.com\/en\/product\/bracelet-pour-homme-en-cuir-brun-et-argent\/","name":"Bracelet pour homme en cuir brun et argent - Perc\u00e9-Verre","isPartOf":{"@id":"https:\/\/www.perce-verre.com\/en\/#website"},"primaryImageOfPage":{"@id":"https:\/\/www.perce-verre.com\/en\/product\/bracelet-pour-homme-en-cuir-brun-et-argent\/#primaryimage"},"image":{"@id":"https:\/\/www.perce-verre.com\/en\/product\/bracelet-pour-homme-en-cuir-brun-et-argent\/#primaryimage"},"thumbnailUrl":"https:\/\/www.perce-verre.com\/wp-content\/uploads\/2023\/06\/www.perce-verre.com-bracelet-pour-homme-en-cuir-noir-et-argent-bracelet-hommes--cuir-brun-stainless-steel--cadeau-bijou-10.jpg","datePublished":"2023-06-06T13:18:58+00:00","dateModified":"2024-12-18T00:58:55+00:00","description":"Ce bracelet pour homme en cuir brun et argent inspire la confiance et la robustesse. Messieurs, osez \u00eatre unique! Livraison rapide!","breadcrumb":{"@id":"https:\/\/www.perce-verre.com\/en\/product\/bracelet-pour-homme-en-cuir-brun-et-argent\/#breadcrumb"},"inLanguage":"en-US","potentialAction":[{"@type":"ReadAction","target":["https:\/\/www.perce-verre.com\/en\/product\/bracelet-pour-homme-en-cuir-brun-et-argent\/"]}]},{"@type":"ImageObject","inLanguage":"en-US","@id":"https:\/\/www.perce-verre.com\/en\/product\/bracelet-pour-homme-en-cuir-brun-et-argent\/#primaryimage","url":"https:\/\/www.perce-verre.com\/wp-content\/uploads\/2023\/06\/www.perce-verre.com-bracelet-pour-homme-en-cuir-noir-et-argent-bracelet-hommes--cuir-brun-stainless-steel--cadeau-bijou-10.jpg","contentUrl":"https:\/\/www.perce-verre.com\/wp-content\/uploads\/2023\/06\/www.perce-verre.com-bracelet-pour-homme-en-cuir-noir-et-argent-bracelet-hommes--cuir-brun-stainless-steel--cadeau-bijou-10.jpg","width":900,"height":630,"caption":"Bracelet pour homme en cuir brun et stainless steel argent"},{"@type":"BreadcrumbList","@id":"https:\/\/www.perce-verre.com\/en\/product\/bracelet-pour-homme-en-cuir-brun-et-argent\/#breadcrumb","itemListElement":[{"@type":"ListItem","position":1,"name":"Accueil","item":"https:\/\/www.perce-verre.com\/en\/"},{"@type":"ListItem","position":2,"name":"Store","item":"https:\/\/www.perce-verre.com\/en\/shop\/"},{"@type":"ListItem","position":3,"name":"Bracelet pour homme en cuir brun et argent"}]},{"@type":"WebSite","@id":"https:\/\/www.perce-verre.com\/en\/#website","url":"https:\/\/www.perce-verre.com\/en\/","name":"Perc\u00e9-Verre","description":"Cadeaux uniques et des cr\u00e9ations qu\u00e9b\u00e9coises","potentialAction":[{"@type":"SearchAction","target":{"@type":"EntryPoint","urlTemplate":"https:\/\/www.perce-verre.com\/en\/?s={search_term_string}"},"query-input":{"@type":"PropertyValueSpecification","valueRequired":true,"valueName":"search_term_string"}}],"inLanguage":"en-US"}]}},"wcpa_form_fields":null,"_links":{"self":[{"href":"https:\/\/www.perce-verre.com\/en\/wp-json\/wp\/v2\/product\/8604","targetHints":{"allow":["GET"]}}],"collection":[{"href":"https:\/\/www.perce-verre.com\/en\/wp-json\/wp\/v2\/product"}],"about":[{"href":"https:\/\/www.perce-verre.com\/en\/wp-json\/wp\/v2\/types\/product"}],"replies":[{"embeddable":true,"href":"https:\/\/www.perce-verre.com\/en\/wp-json\/wp\/v2\/comments?post=8604"}],"wp:featuredmedia":[{"embeddable":true,"href":"https:\/\/www.perce-verre.com\/en\/wp-json\/wp\/v2\/media\/8534"}],"wp:attachment":[{"href":"https:\/\/www.perce-verre.com\/en\/wp-json\/wp\/v2\/media?parent=8604"}],"wp:term":[{"taxonomy":"product_brand","embeddable":true,"href":"https:\/\/www.perce-verre.com\/en\/wp-json\/wp\/v2\/product_brand?post=8604"},{"taxonomy":"product_cat","embeddable":true,"href":"https:\/\/www.perce-verre.com\/en\/wp-json\/wp\/v2\/product_cat?post=8604"},{"taxonomy":"product_tag","embeddable":true,"href":"https:\/\/www.perce-verre.com\/en\/wp-json\/wp\/v2\/product_tag?post=8604"},{"taxonomy":"giftcard-category","embeddable":true,"href":"https:\/\/www.perce-verre.com\/en\/wp-json\/wp\/v2\/giftcard-category?post=8604"}],"curies":[{"name":"wp","href":"https:\/\/api.w.org\/{rel}","templated":true}]}}