{"id":8625,"date":"2023-06-06T14:26:21","date_gmt":"2023-06-06T18:26:21","guid":{"rendered":"https:\/\/www.perce-verre.com\/?post_type=product&#038;p=8625"},"modified":"2025-04-15T12:51:34","modified_gmt":"2025-04-15T16:51:34","slug":"bracelet-pour-homme-en-cuir-souple-noir-tresse-avec-breloques","status":"publish","type":"product","link":"https:\/\/www.perce-verre.com\/en\/product\/bracelet-pour-homme-en-cuir-souple-noir-tresse-avec-breloques\/","title":{"rendered":"Bracelet pour homme en cuir souple noir tress\u00e9 avec breloques"},"content":{"rendered":"<p>Ce bracelet pour homme en cuir souple noir tress\u00e9 avec breloques en acier inoxydable inspire la confiance et la robustesse. Chaque bijou de verre fusionn\u00e9 est travaill\u00e9 \u00e0 la main, puis ins\u00e9r\u00e9 dans une lani\u00e8re de cuir solide qui r\u00e9siste \u00e0 toutes les activit\u00e9s de la journ\u00e9e.<\/p>\n<p>Messieurs, osez la classe d\u00e9contract\u00e9e avec les bracelets de notre collection pour hommes. Ils s\u2019agencent parfaitement avec toute tenue et ajoutent juste ce qu\u2019il faut de sophistication pour attirer les regards.<\/p>\n<h3>Pourquoi adopter un bracelet pour homme en cuir souple noir tress\u00e9 avec breloques de Perc\u00e9-Verre?<\/h3>\n<ul>\n<li>Des pi\u00e8ces uniques qui conviennent \u00e0 tous les go\u00fbts et styles<\/li>\n<li>Parfaits accessoires du matin au soir\u00a0: les bracelets se portent aussi bien avec une tenue chic qu\u2019avec des v\u00eatements d\u00e9contract\u00e9s<\/li>\n<li>Faciles \u00e0 mettre et \u00e0 enlever gr\u00e2ce \u00e0 l\u2019attache aimant\u00e9e en acier inoxydable, qui est doubl\u00e9e d\u2019un syst\u00e8me \u00e0 glissoire s\u00e9curitaire<\/li>\n<li>Coffret cadeau disponible en option!<\/li>\n<li>Faits de mat\u00e9riaux nobles et durables<\/li>\n<li>largeur confortable de 15 mm<\/li>\n<\/ul>\n<p>*Comme chaque bracelet en cuir souple noir tress\u00e9 pour homme est unique et fait \u00e0 la main, la couleur du bijou de verre peut varier l\u00e9g\u00e8rement de celle sur la photo. <strong>Inscrivez vos pr\u00e9f\u00e9rences dans les commentaires de la commande (noir, noir avec fines rayures ou plus de blanc&#8230;etc)<\/strong><\/p>\n<p><img decoding=\"async\" class=\"\" src=\"https:\/\/www.perce-verre.com\/wp-content\/uploads\/2020\/05\/tableau-r%C3%A9f%C3%A9rence-charte-grandeur-bracelets-Homme-1-1024x559.jpg\" width=\"960\" height=\"524\" \/><\/p>\n<p><strong>\u00c0 propos de Perc\u00e9-Verre<\/strong><\/p>\n<p>Perc\u00e9-Verre est une entreprise qu\u00e9b\u00e9coise qui se consacre \u00e0 la cr\u00e9ation de bijoux, d\u2019articles de table et de tableaux d\u00e9coratifs en verre fusionn\u00e9 pour les particuliers et les entreprises. Sa mission est de susciter l\u2019\u00e9merveillement \u00e0 travers des objets d\u2019art personnalisables qui marqueront le temps.<\/p>\n<p><strong>La technique de verre fusionn\u00e9<\/strong><\/p>\n<p>Le travail du verre a sa part de myst\u00e8re. C\u2019est au cours de l\u2019assemblage des diff\u00e9rentes couches que les formes et les couleurs se d\u00e9voilent! La fusion permet de cr\u00e9er un bijou ou un objet de toutes pi\u00e8ces, sans soudure, pour un fini raffin\u00e9.<\/p>\n<p>Le travail du verre fusionn\u00e9 demande beaucoup de doigt\u00e9, de patience et de temps. Toutefois, le r\u00e9sultat en vaut la peine lorsque la magie du verre se r\u00e9v\u00e8le \u00e0 la toute fin!<\/p>\n","protected":false},"excerpt":{"rendered":"<p>Ce bracelet pour homme en cuir souple noir tress\u00e9 avec breloques en acier inoxydable inspire la confiance et la robustesse. Chaque bijou de verre fusionn\u00e9 est travaill\u00e9 \u00e0 la main, puis ins\u00e9r\u00e9 dans une lani\u00e8re de cuir solide qui r\u00e9siste \u00e0 toutes les activit\u00e9s de la journ\u00e9e.<\/p>\n<p>Messieurs, osez la classe d\u00e9contract\u00e9e avec les bracelets de notre collection pour hommes. Ils s\u2019agencent parfaitement avec toute tenue et ajoutent juste ce qu\u2019il faut de sophistication pour attirer les regards.<\/p>\n","protected":false},"featured_media":8619,"comment_status":"open","ping_status":"closed","template":"","meta":[],"product_brand":[],"product_cat":[46],"product_tag":[155,175,233,179,178],"giftcard-category":[],"class_list":{"0":"post-8625","1":"product","2":"type-product","3":"status-publish","4":"has-post-thumbnail","6":"product_cat-collection-homme","7":"product_tag-bracelet","8":"product_tag-cuir","9":"product_tag-cuir-tresse","10":"product_tag-homme","11":"product_tag-noir","12":"wcpa_has_options","14":"first","15":"instock","16":"sold-individually","17":"taxable","18":"shipping-taxable","19":"purchasable","20":"product-type-variable"},"yoast_head":"<!-- This site is optimized with the Yoast SEO plugin v27.4 - https:\/\/yoast.com\/product\/yoast-seo-wordpress\/ -->\n<title>Bracelet pour homme en cuir souple noir tress\u00e9 avec breloques<\/title>\n<meta name=\"description\" content=\"Ce bracelet pour homme en cuir souple noir tress\u00e9 avec breloques inspire la confiance et la robustesse. \u00d4sez la classe d\u00e9contract\u00e9e! Livraison rapide!\" \/>\n<meta name=\"robots\" content=\"index, follow, max-snippet:-1, max-image-preview:large, max-video-preview:-1\" \/>\n<link rel=\"canonical\" href=\"https:\/\/www.perce-verre.com\/en\/product\/bracelet-pour-homme-en-cuir-souple-noir-tresse-avec-breloques\/\" \/>\n<meta property=\"og:locale\" content=\"en_US\" \/>\n<meta property=\"og:type\" content=\"article\" \/>\n<meta property=\"og:title\" content=\"Bracelet pour homme en cuir souple noir tress\u00e9 avec breloques\" \/>\n<meta property=\"og:description\" content=\"Ce bracelet pour homme en cuir souple noir tress\u00e9 avec breloques inspire la confiance et la robustesse. \u00d4sez la classe d\u00e9contract\u00e9e! Livraison rapide!\" \/>\n<meta property=\"og:url\" content=\"https:\/\/www.perce-verre.com\/en\/product\/bracelet-pour-homme-en-cuir-souple-noir-tresse-avec-breloques\/\" \/>\n<meta property=\"og:site_name\" content=\"Perc\u00e9-Verre\" \/>\n<meta property=\"article:modified_time\" content=\"2025-04-15T16:51:34+00:00\" \/>\n<meta property=\"og:image\" content=\"https:\/\/www.perce-verre.com\/wp-content\/uploads\/2020\/05\/www.perce-verre.com-bracelet-en-cuir-brun-caramel-pour-homme-223-bracelet-pour-hommes--cuir-perce-verre-bijoux-mode-jewelry-men-bracelets-leather-5.jpg\" \/>\n\t<meta property=\"og:image:width\" content=\"900\" \/>\n\t<meta property=\"og:image:height\" content=\"630\" \/>\n\t<meta property=\"og:image:type\" content=\"image\/jpeg\" \/>\n<meta name=\"twitter:card\" content=\"summary_large_image\" \/>\n<meta name=\"twitter:label1\" content=\"Est. reading time\" \/>\n\t<meta name=\"twitter:data1\" content=\"3 minutes\" \/>\n<script type=\"application\/ld+json\" class=\"yoast-schema-graph\">{\"@context\":\"https:\\\/\\\/schema.org\",\"@graph\":[{\"@type\":\"WebPage\",\"@id\":\"https:\\\/\\\/www.perce-verre.com\\\/en\\\/product\\\/bracelet-pour-homme-en-cuir-souple-noir-tresse-avec-breloques\\\/\",\"url\":\"https:\\\/\\\/www.perce-verre.com\\\/en\\\/product\\\/bracelet-pour-homme-en-cuir-souple-noir-tresse-avec-breloques\\\/\",\"name\":\"Bracelet pour homme en cuir souple noir tress\u00e9 avec breloques\",\"isPartOf\":{\"@id\":\"https:\\\/\\\/www.perce-verre.com\\\/en\\\/#website\"},\"primaryImageOfPage\":{\"@id\":\"https:\\\/\\\/www.perce-verre.com\\\/en\\\/product\\\/bracelet-pour-homme-en-cuir-souple-noir-tresse-avec-breloques\\\/#primaryimage\"},\"image\":{\"@id\":\"https:\\\/\\\/www.perce-verre.com\\\/en\\\/product\\\/bracelet-pour-homme-en-cuir-souple-noir-tresse-avec-breloques\\\/#primaryimage\"},\"thumbnailUrl\":\"https:\\\/\\\/www.perce-verre.com\\\/wp-content\\\/uploads\\\/2020\\\/05\\\/www.perce-verre.com-bracelet-en-cuir-brun-caramel-pour-homme-223-bracelet-pour-hommes--cuir-perce-verre-bijoux-mode-jewelry-men-bracelets-leather-5.jpg\",\"datePublished\":\"2023-06-06T18:26:21+00:00\",\"dateModified\":\"2025-04-15T16:51:34+00:00\",\"description\":\"Ce bracelet pour homme en cuir souple noir tress\u00e9 avec breloques inspire la confiance et la robustesse. \u00d4sez la classe d\u00e9contract\u00e9e! Livraison rapide!\",\"breadcrumb\":{\"@id\":\"https:\\\/\\\/www.perce-verre.com\\\/en\\\/product\\\/bracelet-pour-homme-en-cuir-souple-noir-tresse-avec-breloques\\\/#breadcrumb\"},\"inLanguage\":\"en-US\",\"potentialAction\":[{\"@type\":\"ReadAction\",\"target\":[\"https:\\\/\\\/www.perce-verre.com\\\/en\\\/product\\\/bracelet-pour-homme-en-cuir-souple-noir-tresse-avec-breloques\\\/\"]}]},{\"@type\":\"ImageObject\",\"inLanguage\":\"en-US\",\"@id\":\"https:\\\/\\\/www.perce-verre.com\\\/en\\\/product\\\/bracelet-pour-homme-en-cuir-souple-noir-tresse-avec-breloques\\\/#primaryimage\",\"url\":\"https:\\\/\\\/www.perce-verre.com\\\/wp-content\\\/uploads\\\/2020\\\/05\\\/www.perce-verre.com-bracelet-en-cuir-brun-caramel-pour-homme-223-bracelet-pour-hommes--cuir-perce-verre-bijoux-mode-jewelry-men-bracelets-leather-5.jpg\",\"contentUrl\":\"https:\\\/\\\/www.perce-verre.com\\\/wp-content\\\/uploads\\\/2020\\\/05\\\/www.perce-verre.com-bracelet-en-cuir-brun-caramel-pour-homme-223-bracelet-pour-hommes--cuir-perce-verre-bijoux-mode-jewelry-men-bracelets-leather-5.jpg\",\"width\":900,\"height\":630,\"caption\":\"Bracelet pour homme en cuir souple noir tress\u00e9 avec breloques\"},{\"@type\":\"BreadcrumbList\",\"@id\":\"https:\\\/\\\/www.perce-verre.com\\\/en\\\/product\\\/bracelet-pour-homme-en-cuir-souple-noir-tresse-avec-breloques\\\/#breadcrumb\",\"itemListElement\":[{\"@type\":\"ListItem\",\"position\":1,\"name\":\"Accueil\",\"item\":\"https:\\\/\\\/www.perce-verre.com\\\/en\\\/\"},{\"@type\":\"ListItem\",\"position\":2,\"name\":\"Store\",\"item\":\"https:\\\/\\\/www.perce-verre.com\\\/en\\\/shop\\\/\"},{\"@type\":\"ListItem\",\"position\":3,\"name\":\"Bracelet pour homme en cuir souple noir tress\u00e9 avec breloques\"}]},{\"@type\":\"WebSite\",\"@id\":\"https:\\\/\\\/www.perce-verre.com\\\/en\\\/#website\",\"url\":\"https:\\\/\\\/www.perce-verre.com\\\/en\\\/\",\"name\":\"Perc\u00e9-Verre\",\"description\":\"Cadeaux uniques et des cr\u00e9ations qu\u00e9b\u00e9coises\",\"potentialAction\":[{\"@type\":\"SearchAction\",\"target\":{\"@type\":\"EntryPoint\",\"urlTemplate\":\"https:\\\/\\\/www.perce-verre.com\\\/en\\\/?s={search_term_string}\"},\"query-input\":{\"@type\":\"PropertyValueSpecification\",\"valueRequired\":true,\"valueName\":\"search_term_string\"}}],\"inLanguage\":\"en-US\"}]}<\/script>\n<!-- \/ Yoast SEO plugin. -->","yoast_head_json":{"title":"Bracelet pour homme en cuir souple noir tress\u00e9 avec breloques","description":"Ce bracelet pour homme en cuir souple noir tress\u00e9 avec breloques inspire la confiance et la robustesse. \u00d4sez la classe d\u00e9contract\u00e9e! Livraison rapide!","robots":{"index":"index","follow":"follow","max-snippet":"max-snippet:-1","max-image-preview":"max-image-preview:large","max-video-preview":"max-video-preview:-1"},"canonical":"https:\/\/www.perce-verre.com\/en\/product\/bracelet-pour-homme-en-cuir-souple-noir-tresse-avec-breloques\/","og_locale":"en_US","og_type":"article","og_title":"Bracelet pour homme en cuir souple noir tress\u00e9 avec breloques","og_description":"Ce bracelet pour homme en cuir souple noir tress\u00e9 avec breloques inspire la confiance et la robustesse. \u00d4sez la classe d\u00e9contract\u00e9e! Livraison rapide!","og_url":"https:\/\/www.perce-verre.com\/en\/product\/bracelet-pour-homme-en-cuir-souple-noir-tresse-avec-breloques\/","og_site_name":"Perc\u00e9-Verre","article_modified_time":"2025-04-15T16:51:34+00:00","og_image":[{"width":900,"height":630,"url":"https:\/\/www.perce-verre.com\/wp-content\/uploads\/2020\/05\/www.perce-verre.com-bracelet-en-cuir-brun-caramel-pour-homme-223-bracelet-pour-hommes--cuir-perce-verre-bijoux-mode-jewelry-men-bracelets-leather-5.jpg","type":"image\/jpeg"}],"twitter_card":"summary_large_image","twitter_misc":{"Est. reading time":"3 minutes"},"schema":{"@context":"https:\/\/schema.org","@graph":[{"@type":"WebPage","@id":"https:\/\/www.perce-verre.com\/en\/product\/bracelet-pour-homme-en-cuir-souple-noir-tresse-avec-breloques\/","url":"https:\/\/www.perce-verre.com\/en\/product\/bracelet-pour-homme-en-cuir-souple-noir-tresse-avec-breloques\/","name":"Bracelet pour homme en cuir souple noir tress\u00e9 avec breloques","isPartOf":{"@id":"https:\/\/www.perce-verre.com\/en\/#website"},"primaryImageOfPage":{"@id":"https:\/\/www.perce-verre.com\/en\/product\/bracelet-pour-homme-en-cuir-souple-noir-tresse-avec-breloques\/#primaryimage"},"image":{"@id":"https:\/\/www.perce-verre.com\/en\/product\/bracelet-pour-homme-en-cuir-souple-noir-tresse-avec-breloques\/#primaryimage"},"thumbnailUrl":"https:\/\/www.perce-verre.com\/wp-content\/uploads\/2020\/05\/www.perce-verre.com-bracelet-en-cuir-brun-caramel-pour-homme-223-bracelet-pour-hommes--cuir-perce-verre-bijoux-mode-jewelry-men-bracelets-leather-5.jpg","datePublished":"2023-06-06T18:26:21+00:00","dateModified":"2025-04-15T16:51:34+00:00","description":"Ce bracelet pour homme en cuir souple noir tress\u00e9 avec breloques inspire la confiance et la robustesse. \u00d4sez la classe d\u00e9contract\u00e9e! Livraison rapide!","breadcrumb":{"@id":"https:\/\/www.perce-verre.com\/en\/product\/bracelet-pour-homme-en-cuir-souple-noir-tresse-avec-breloques\/#breadcrumb"},"inLanguage":"en-US","potentialAction":[{"@type":"ReadAction","target":["https:\/\/www.perce-verre.com\/en\/product\/bracelet-pour-homme-en-cuir-souple-noir-tresse-avec-breloques\/"]}]},{"@type":"ImageObject","inLanguage":"en-US","@id":"https:\/\/www.perce-verre.com\/en\/product\/bracelet-pour-homme-en-cuir-souple-noir-tresse-avec-breloques\/#primaryimage","url":"https:\/\/www.perce-verre.com\/wp-content\/uploads\/2020\/05\/www.perce-verre.com-bracelet-en-cuir-brun-caramel-pour-homme-223-bracelet-pour-hommes--cuir-perce-verre-bijoux-mode-jewelry-men-bracelets-leather-5.jpg","contentUrl":"https:\/\/www.perce-verre.com\/wp-content\/uploads\/2020\/05\/www.perce-verre.com-bracelet-en-cuir-brun-caramel-pour-homme-223-bracelet-pour-hommes--cuir-perce-verre-bijoux-mode-jewelry-men-bracelets-leather-5.jpg","width":900,"height":630,"caption":"Bracelet pour homme en cuir souple noir tress\u00e9 avec breloques"},{"@type":"BreadcrumbList","@id":"https:\/\/www.perce-verre.com\/en\/product\/bracelet-pour-homme-en-cuir-souple-noir-tresse-avec-breloques\/#breadcrumb","itemListElement":[{"@type":"ListItem","position":1,"name":"Accueil","item":"https:\/\/www.perce-verre.com\/en\/"},{"@type":"ListItem","position":2,"name":"Store","item":"https:\/\/www.perce-verre.com\/en\/shop\/"},{"@type":"ListItem","position":3,"name":"Bracelet pour homme en cuir souple noir tress\u00e9 avec breloques"}]},{"@type":"WebSite","@id":"https:\/\/www.perce-verre.com\/en\/#website","url":"https:\/\/www.perce-verre.com\/en\/","name":"Perc\u00e9-Verre","description":"Cadeaux uniques et des cr\u00e9ations qu\u00e9b\u00e9coises","potentialAction":[{"@type":"SearchAction","target":{"@type":"EntryPoint","urlTemplate":"https:\/\/www.perce-verre.com\/en\/?s={search_term_string}"},"query-input":{"@type":"PropertyValueSpecification","valueRequired":true,"valueName":"search_term_string"}}],"inLanguage":"en-US"}]}},"wcpa_form_fields":null,"_links":{"self":[{"href":"https:\/\/www.perce-verre.com\/en\/wp-json\/wp\/v2\/product\/8625","targetHints":{"allow":["GET"]}}],"collection":[{"href":"https:\/\/www.perce-verre.com\/en\/wp-json\/wp\/v2\/product"}],"about":[{"href":"https:\/\/www.perce-verre.com\/en\/wp-json\/wp\/v2\/types\/product"}],"replies":[{"embeddable":true,"href":"https:\/\/www.perce-verre.com\/en\/wp-json\/wp\/v2\/comments?post=8625"}],"wp:featuredmedia":[{"embeddable":true,"href":"https:\/\/www.perce-verre.com\/en\/wp-json\/wp\/v2\/media\/8619"}],"wp:attachment":[{"href":"https:\/\/www.perce-verre.com\/en\/wp-json\/wp\/v2\/media?parent=8625"}],"wp:term":[{"taxonomy":"product_brand","embeddable":true,"href":"https:\/\/www.perce-verre.com\/en\/wp-json\/wp\/v2\/product_brand?post=8625"},{"taxonomy":"product_cat","embeddable":true,"href":"https:\/\/www.perce-verre.com\/en\/wp-json\/wp\/v2\/product_cat?post=8625"},{"taxonomy":"product_tag","embeddable":true,"href":"https:\/\/www.perce-verre.com\/en\/wp-json\/wp\/v2\/product_tag?post=8625"},{"taxonomy":"giftcard-category","embeddable":true,"href":"https:\/\/www.perce-verre.com\/en\/wp-json\/wp\/v2\/giftcard-category?post=8625"}],"curies":[{"name":"wp","href":"https:\/\/api.w.org\/{rel}","templated":true}]}}