{"id":9261,"date":"2024-03-06T16:33:32","date_gmt":"2024-03-06T21:33:32","guid":{"rendered":"https:\/\/www.perce-verre.com\/?post_type=product&#038;p=9261"},"modified":"2024-03-11T14:40:36","modified_gmt":"2024-03-11T18:40:36","slug":"four-leaf-clover-handbag-charm","status":"publish","type":"product","link":"https:\/\/www.perce-verre.com\/en\/product\/four-leaf-clover-handbag-charm\/","title":{"rendered":"&#8220;FOUR-LEAF CLOVER&#8221; handbag charm"},"content":{"rendered":"<p>Add a touch of luck to your daily life with the &#8220;FOUR-LEAF CLOVER&#8221; handbag charm! Each piece is meticulously crafted, formed from pieces of glass in vibrant shades of green, carefully selected, cut, arranged, and fused in a kiln for lasting brilliance. The handbag charms are then delicately suspended on a metal ring and presented in a charming velvet pouch.<\/p>\n<p>The &#8220;Four-Leaf Clover&#8221; handbag charms evoke the luck and charm of St. Patrick&#8217;s Day:<\/p>\n<p>&#8211; Unique pieces with vibrant colors.<br \/>\n&#8211; Carefully presented in a lovely velvet pouch.<br \/>\n&#8211; Made with premium and sustainable materials.<br \/>\n&#8211; A perfect gift to express gratitude towards teachers, employees, and many others. \ud83c\udf40\ud83c\udf81<\/p>\n<p>*Dimensions of the handbag charm: approximately 25 mm x 30 mm.<\/p>\n<p>&nbsp;<\/p>\n","protected":false},"excerpt":{"rendered":"<p>Carry luck with you wherever you go with the &#8220;FOUR-LEAF CLOVER&#8221; handbag charm! Each piece is meticulously crafted, formed from pieces of glass in vibrant hues, carefully selected, cut, arranged, and fused in a kiln for lasting brilliance.<\/p>\n<p>Delivered in a charming velvet pouch, this charm evokes the luck and charm of St. Patrick&#8217;s Day. \ud83c\udf40\ud83c\udf81<\/p>\n<p>*Dimensions of the handbag charm: approximately 25 mm x 30 mm.<\/p>\n","protected":false},"featured_media":9262,"comment_status":"open","ping_status":"closed","template":"","meta":[],"product_brand":[],"product_cat":[80],"product_tag":[],"giftcard-category":[],"class_list":{"0":"post-9261","1":"product","2":"type-product","3":"status-publish","4":"has-post-thumbnail","6":"product_cat-bracelets-collection-amour","7":"wcpa_has_options","9":"first","10":"instock","11":"taxable","12":"shipping-taxable","13":"purchasable","14":"product-type-simple"},"yoast_head":"<!-- This site is optimized with the Yoast SEO plugin v27.4 - https:\/\/yoast.com\/product\/yoast-seo-wordpress\/ -->\n<title>&quot;FOUR-LEAF CLOVER&quot; handbag charm - Perc\u00e9-Verre<\/title>\n<meta name=\"description\" content=\"The &quot;FOUR-LEAF CLOVER&quot; handbag charms, symbols of luck and charm of St. Patrick&#039;s Day, are delivered in a delightful velvet pouch. \ud83c\udf40\" \/>\n<meta name=\"robots\" content=\"index, follow, max-snippet:-1, max-image-preview:large, max-video-preview:-1\" \/>\n<link rel=\"canonical\" href=\"https:\/\/www.perce-verre.com\/en\/product\/four-leaf-clover-handbag-charm\/\" \/>\n<meta property=\"og:locale\" content=\"en_US\" \/>\n<meta property=\"og:type\" content=\"article\" \/>\n<meta property=\"og:title\" content=\"&quot;FOUR-LEAF CLOVER&quot; handbag charm - Perc\u00e9-Verre\" \/>\n<meta property=\"og:description\" content=\"The &quot;FOUR-LEAF CLOVER&quot; handbag charms, symbols of luck and charm of St. Patrick&#039;s Day, are delivered in a delightful velvet pouch. \ud83c\udf40\" \/>\n<meta property=\"og:url\" content=\"https:\/\/www.perce-verre.com\/en\/product\/four-leaf-clover-handbag-charm\/\" \/>\n<meta property=\"og:site_name\" content=\"Perc\u00e9-Verre\" \/>\n<meta property=\"article:modified_time\" content=\"2024-03-11T18:40:36+00:00\" \/>\n<meta property=\"og:image\" content=\"https:\/\/www.perce-verre.com\/wp-content\/uploads\/2024\/03\/Porte-cles_Bijou-sac-a-main_Perce-Verre_St-Patrick_trefle-4-feuilles_key-chain_.jpg\" \/>\n\t<meta property=\"og:image:width\" content=\"1097\" \/>\n\t<meta property=\"og:image:height\" content=\"768\" \/>\n\t<meta property=\"og:image:type\" content=\"image\/jpeg\" \/>\n<meta name=\"twitter:card\" content=\"summary_large_image\" \/>\n<meta name=\"twitter:label1\" content=\"Est. reading time\" \/>\n\t<meta name=\"twitter:data1\" content=\"1 minute\" \/>\n<script type=\"application\/ld+json\" class=\"yoast-schema-graph\">{\"@context\":\"https:\\\/\\\/schema.org\",\"@graph\":[{\"@type\":\"WebPage\",\"@id\":\"https:\\\/\\\/www.perce-verre.com\\\/en\\\/product\\\/four-leaf-clover-handbag-charm\\\/\",\"url\":\"https:\\\/\\\/www.perce-verre.com\\\/en\\\/product\\\/four-leaf-clover-handbag-charm\\\/\",\"name\":\"\\\"FOUR-LEAF CLOVER\\\" handbag charm - Perc\u00e9-Verre\",\"isPartOf\":{\"@id\":\"https:\\\/\\\/www.perce-verre.com\\\/en\\\/#website\"},\"primaryImageOfPage\":{\"@id\":\"https:\\\/\\\/www.perce-verre.com\\\/en\\\/product\\\/four-leaf-clover-handbag-charm\\\/#primaryimage\"},\"image\":{\"@id\":\"https:\\\/\\\/www.perce-verre.com\\\/en\\\/product\\\/four-leaf-clover-handbag-charm\\\/#primaryimage\"},\"thumbnailUrl\":\"https:\\\/\\\/www.perce-verre.com\\\/wp-content\\\/uploads\\\/2024\\\/03\\\/Porte-cles_Bijou-sac-a-main_Perce-Verre_St-Patrick_trefle-4-feuilles_key-chain_.jpg\",\"datePublished\":\"2024-03-06T21:33:32+00:00\",\"dateModified\":\"2024-03-11T18:40:36+00:00\",\"description\":\"The \\\"FOUR-LEAF CLOVER\\\" handbag charms, symbols of luck and charm of St. Patrick's Day, are delivered in a delightful velvet pouch. \ud83c\udf40\",\"breadcrumb\":{\"@id\":\"https:\\\/\\\/www.perce-verre.com\\\/en\\\/product\\\/four-leaf-clover-handbag-charm\\\/#breadcrumb\"},\"inLanguage\":\"en-US\",\"potentialAction\":[{\"@type\":\"ReadAction\",\"target\":[\"https:\\\/\\\/www.perce-verre.com\\\/en\\\/product\\\/four-leaf-clover-handbag-charm\\\/\"]}]},{\"@type\":\"ImageObject\",\"inLanguage\":\"en-US\",\"@id\":\"https:\\\/\\\/www.perce-verre.com\\\/en\\\/product\\\/four-leaf-clover-handbag-charm\\\/#primaryimage\",\"url\":\"https:\\\/\\\/www.perce-verre.com\\\/wp-content\\\/uploads\\\/2024\\\/03\\\/Porte-cles_Bijou-sac-a-main_Perce-Verre_St-Patrick_trefle-4-feuilles_key-chain_.jpg\",\"contentUrl\":\"https:\\\/\\\/www.perce-verre.com\\\/wp-content\\\/uploads\\\/2024\\\/03\\\/Porte-cles_Bijou-sac-a-main_Perce-Verre_St-Patrick_trefle-4-feuilles_key-chain_.jpg\",\"width\":1097,\"height\":768,\"caption\":\"Bijou de sac \u00e0 main Tr\u00e8fle \u00e0 4 feuilles\"},{\"@type\":\"BreadcrumbList\",\"@id\":\"https:\\\/\\\/www.perce-verre.com\\\/en\\\/product\\\/four-leaf-clover-handbag-charm\\\/#breadcrumb\",\"itemListElement\":[{\"@type\":\"ListItem\",\"position\":1,\"name\":\"Accueil\",\"item\":\"https:\\\/\\\/www.perce-verre.com\\\/en\\\/\"},{\"@type\":\"ListItem\",\"position\":2,\"name\":\"Store\",\"item\":\"https:\\\/\\\/www.perce-verre.com\\\/en\\\/shop\\\/\"},{\"@type\":\"ListItem\",\"position\":3,\"name\":\"&#8220;FOUR-LEAF CLOVER&#8221; handbag charm\"}]},{\"@type\":\"WebSite\",\"@id\":\"https:\\\/\\\/www.perce-verre.com\\\/en\\\/#website\",\"url\":\"https:\\\/\\\/www.perce-verre.com\\\/en\\\/\",\"name\":\"Perc\u00e9-Verre\",\"description\":\"Cadeaux uniques et des cr\u00e9ations qu\u00e9b\u00e9coises\",\"potentialAction\":[{\"@type\":\"SearchAction\",\"target\":{\"@type\":\"EntryPoint\",\"urlTemplate\":\"https:\\\/\\\/www.perce-verre.com\\\/en\\\/?s={search_term_string}\"},\"query-input\":{\"@type\":\"PropertyValueSpecification\",\"valueRequired\":true,\"valueName\":\"search_term_string\"}}],\"inLanguage\":\"en-US\"}]}<\/script>\n<!-- \/ Yoast SEO plugin. -->","yoast_head_json":{"title":"\"FOUR-LEAF CLOVER\" handbag charm - Perc\u00e9-Verre","description":"The \"FOUR-LEAF CLOVER\" handbag charms, symbols of luck and charm of St. Patrick's Day, are delivered in a delightful velvet pouch. \ud83c\udf40","robots":{"index":"index","follow":"follow","max-snippet":"max-snippet:-1","max-image-preview":"max-image-preview:large","max-video-preview":"max-video-preview:-1"},"canonical":"https:\/\/www.perce-verre.com\/en\/product\/four-leaf-clover-handbag-charm\/","og_locale":"en_US","og_type":"article","og_title":"\"FOUR-LEAF CLOVER\" handbag charm - Perc\u00e9-Verre","og_description":"The \"FOUR-LEAF CLOVER\" handbag charms, symbols of luck and charm of St. Patrick's Day, are delivered in a delightful velvet pouch. \ud83c\udf40","og_url":"https:\/\/www.perce-verre.com\/en\/product\/four-leaf-clover-handbag-charm\/","og_site_name":"Perc\u00e9-Verre","article_modified_time":"2024-03-11T18:40:36+00:00","og_image":[{"width":1097,"height":768,"url":"https:\/\/www.perce-verre.com\/wp-content\/uploads\/2024\/03\/Porte-cles_Bijou-sac-a-main_Perce-Verre_St-Patrick_trefle-4-feuilles_key-chain_.jpg","type":"image\/jpeg"}],"twitter_card":"summary_large_image","twitter_misc":{"Est. reading time":"1 minute"},"schema":{"@context":"https:\/\/schema.org","@graph":[{"@type":"WebPage","@id":"https:\/\/www.perce-verre.com\/en\/product\/four-leaf-clover-handbag-charm\/","url":"https:\/\/www.perce-verre.com\/en\/product\/four-leaf-clover-handbag-charm\/","name":"\"FOUR-LEAF CLOVER\" handbag charm - Perc\u00e9-Verre","isPartOf":{"@id":"https:\/\/www.perce-verre.com\/en\/#website"},"primaryImageOfPage":{"@id":"https:\/\/www.perce-verre.com\/en\/product\/four-leaf-clover-handbag-charm\/#primaryimage"},"image":{"@id":"https:\/\/www.perce-verre.com\/en\/product\/four-leaf-clover-handbag-charm\/#primaryimage"},"thumbnailUrl":"https:\/\/www.perce-verre.com\/wp-content\/uploads\/2024\/03\/Porte-cles_Bijou-sac-a-main_Perce-Verre_St-Patrick_trefle-4-feuilles_key-chain_.jpg","datePublished":"2024-03-06T21:33:32+00:00","dateModified":"2024-03-11T18:40:36+00:00","description":"The \"FOUR-LEAF CLOVER\" handbag charms, symbols of luck and charm of St. Patrick's Day, are delivered in a delightful velvet pouch. \ud83c\udf40","breadcrumb":{"@id":"https:\/\/www.perce-verre.com\/en\/product\/four-leaf-clover-handbag-charm\/#breadcrumb"},"inLanguage":"en-US","potentialAction":[{"@type":"ReadAction","target":["https:\/\/www.perce-verre.com\/en\/product\/four-leaf-clover-handbag-charm\/"]}]},{"@type":"ImageObject","inLanguage":"en-US","@id":"https:\/\/www.perce-verre.com\/en\/product\/four-leaf-clover-handbag-charm\/#primaryimage","url":"https:\/\/www.perce-verre.com\/wp-content\/uploads\/2024\/03\/Porte-cles_Bijou-sac-a-main_Perce-Verre_St-Patrick_trefle-4-feuilles_key-chain_.jpg","contentUrl":"https:\/\/www.perce-verre.com\/wp-content\/uploads\/2024\/03\/Porte-cles_Bijou-sac-a-main_Perce-Verre_St-Patrick_trefle-4-feuilles_key-chain_.jpg","width":1097,"height":768,"caption":"Bijou de sac \u00e0 main Tr\u00e8fle \u00e0 4 feuilles"},{"@type":"BreadcrumbList","@id":"https:\/\/www.perce-verre.com\/en\/product\/four-leaf-clover-handbag-charm\/#breadcrumb","itemListElement":[{"@type":"ListItem","position":1,"name":"Accueil","item":"https:\/\/www.perce-verre.com\/en\/"},{"@type":"ListItem","position":2,"name":"Store","item":"https:\/\/www.perce-verre.com\/en\/shop\/"},{"@type":"ListItem","position":3,"name":"&#8220;FOUR-LEAF CLOVER&#8221; handbag charm"}]},{"@type":"WebSite","@id":"https:\/\/www.perce-verre.com\/en\/#website","url":"https:\/\/www.perce-verre.com\/en\/","name":"Perc\u00e9-Verre","description":"Cadeaux uniques et des cr\u00e9ations qu\u00e9b\u00e9coises","potentialAction":[{"@type":"SearchAction","target":{"@type":"EntryPoint","urlTemplate":"https:\/\/www.perce-verre.com\/en\/?s={search_term_string}"},"query-input":{"@type":"PropertyValueSpecification","valueRequired":true,"valueName":"search_term_string"}}],"inLanguage":"en-US"}]}},"wcpa_form_fields":null,"_links":{"self":[{"href":"https:\/\/www.perce-verre.com\/en\/wp-json\/wp\/v2\/product\/9261","targetHints":{"allow":["GET"]}}],"collection":[{"href":"https:\/\/www.perce-verre.com\/en\/wp-json\/wp\/v2\/product"}],"about":[{"href":"https:\/\/www.perce-verre.com\/en\/wp-json\/wp\/v2\/types\/product"}],"replies":[{"embeddable":true,"href":"https:\/\/www.perce-verre.com\/en\/wp-json\/wp\/v2\/comments?post=9261"}],"wp:featuredmedia":[{"embeddable":true,"href":"https:\/\/www.perce-verre.com\/en\/wp-json\/wp\/v2\/media\/9262"}],"wp:attachment":[{"href":"https:\/\/www.perce-verre.com\/en\/wp-json\/wp\/v2\/media?parent=9261"}],"wp:term":[{"taxonomy":"product_brand","embeddable":true,"href":"https:\/\/www.perce-verre.com\/en\/wp-json\/wp\/v2\/product_brand?post=9261"},{"taxonomy":"product_cat","embeddable":true,"href":"https:\/\/www.perce-verre.com\/en\/wp-json\/wp\/v2\/product_cat?post=9261"},{"taxonomy":"product_tag","embeddable":true,"href":"https:\/\/www.perce-verre.com\/en\/wp-json\/wp\/v2\/product_tag?post=9261"},{"taxonomy":"giftcard-category","embeddable":true,"href":"https:\/\/www.perce-verre.com\/en\/wp-json\/wp\/v2\/giftcard-category?post=9261"}],"curies":[{"name":"wp","href":"https:\/\/api.w.org\/{rel}","templated":true}]}}